{"id":3782,"date":"2025-09-18T09:28:51","date_gmt":"2025-09-18T01:28:51","guid":{"rendered":"https:\/\/www.tairuiauto.com\/?post_type=product&#038;p=3782"},"modified":"2025-09-18T10:43:19","modified_gmt":"2025-09-18T02:43:19","slug":"1-5m-freight-tricycle","status":"publish","type":"product","link":"https:\/\/www.tairuiauto.com\/it\/product\/1-5m-freight-tricycle\/","title":{"rendered":"1.5m Triciclo di trasporto"},"content":{"rendered":"<h3 data-start=\"228\" data-end=\"253\">Descrizione del prodotto<\/h3>\n<p data-start=\"254\" data-end=\"839\">Con un motore da 48V a 800W, asse posteriore integrato e sospensione rinforzata, questo veicolo elettrico a tre ruote offre eccellenti capacit\u00e0 di carico e stabilit\u00e0.<\/p>\n<table style=\"border-collapse: collapse; width: 72.6091%; height: 577px;\" border=\"0\" width=\"688\" cellspacing=\"0\" cellpadding=\"0\">\n<tbody>\n<tr style=\"height: 20.00pt;\">\n<td class=\"et3\" style=\"height: 20pt; width: 40.3402%;\" width=\"321\" height=\"33\">Modello<\/td>\n<td class=\"et3\" style=\"width: 59.6598%;\" width=\"367\">1.5m Triciclo di trasporto<\/td>\n<\/tr>\n<tr style=\"height: 20.00pt;\">\n<td class=\"et4\" style=\"height: 20pt; width: 40.3402%;\" width=\"321\" height=\"33\">Dimensione complessiva<\/td>\n<td class=\"et4\" style=\"width: 59.6598%;\" width=\"367\">2945 mm * 1050 mm * 1365 mm<\/td>\n<\/tr>\n<tr style=\"height: 20.00pt;\">\n<td class=\"et4\" style=\"height: 20pt; width: 40.3402%;\" width=\"321\" height=\"33\">strumento<\/td>\n<td class=\"et4\" style=\"width: 59.6598%;\" width=\"367\">Strumento elettronico con cruscotto<\/td>\n<\/tr>\n<tr style=\"height: 20.00pt;\">\n<td class=\"et4\" style=\"height: 20pt; width: 40.3402%;\" width=\"321\" height=\"33\">Controllatore<\/td>\n<td class=\"et4\" style=\"width: 59.6598%;\" width=\"367\">18 tubi<\/td>\n<\/tr>\n<tr style=\"height: 20.00pt;\">\n<td class=\"et4\" style=\"height: 20pt; width: 40.3402%;\" width=\"321\" height=\"33\">Asse posteriore<\/td>\n<td class=\"et4\" style=\"width: 59.6598%;\" width=\"367\">Asse posteriore integrato<\/td>\n<\/tr>\n<tr style=\"height: 20.00pt;\">\n<td class=\"et4\" style=\"height: 20pt; width: 40.3402%;\" width=\"321\" height=\"33\">Freno anteriore<\/td>\n<td class=\"et4\" style=\"width: 59.6598%;\" width=\"367\">37 ammortizzazione \/ freno anteriore 110<\/td>\n<\/tr>\n<tr style=\"height: 20.00pt;\">\n<td class=\"et4\" style=\"height: 20pt; width: 40.3402%;\" width=\"321\" height=\"33\">Freno posteriore<\/td>\n<td class=\"et4\" style=\"width: 59.6598%;\" width=\"367\">160 freno a tamburo<\/td>\n<\/tr>\n<tr style=\"height: 20.00pt;\">\n<td class=\"et4\" style=\"height: 20pt; width: 40.3402%;\" width=\"321\" height=\"33\">Gradabilit\u00e0<\/td>\n<td class=\"et4\" style=\"width: 59.6598%;\" width=\"367\">15\u00b0<\/td>\n<\/tr>\n<tr style=\"height: 20.00pt;\">\n<td class=\"et4\" style=\"height: 20pt; width: 40.3402%;\" width=\"321\" height=\"33\">Faro<\/td>\n<td class=\"et4\" style=\"width: 59.6598%;\" width=\"367\">Ordinario bulbo grande<\/td>\n<\/tr>\n<tr style=\"height: 20.00pt;\">\n<td class=\"et4\" style=\"height: 20pt; width: 40.3402%;\" width=\"321\" height=\"33\">Capacit\u00e0 di carico<\/td>\n<td class=\"et4\" style=\"width: 59.6598%;\" width=\"367\">175kg<\/td>\n<\/tr>\n<tr style=\"height: 20.00pt;\">\n<td class=\"et4\" style=\"height: 20pt; width: 40.3402%;\" width=\"321\" height=\"33\">Bordo<\/td>\n<td class=\"et4\" style=\"width: 59.6598%;\" width=\"367\">Ruota di ferro<\/td>\n<\/tr>\n<tr style=\"height: 20.00pt;\">\n<td class=\"et4\" style=\"height: 20pt; width: 40.3402%;\" width=\"321\" height=\"33\">motore elettrico<\/td>\n<td class=\"et4\" style=\"width: 59.6598%;\" width=\"367\">48V800W spostamento<\/td>\n<\/tr>\n<tr style=\"height: 20.00pt;\">\n<td class=\"et4\" style=\"height: 20pt; width: 40.3402%;\" width=\"321\" height=\"33\">Sospensione anteriore<\/td>\n<td class=\"et4\" style=\"width: 59.6598%;\" width=\"367\">Ammortizzatore con idraulico<\/td>\n<\/tr>\n<tr style=\"height: 20.00pt;\">\n<td class=\"et4\" style=\"height: 20pt; width: 40.3402%;\" width=\"321\" height=\"33\">Sospensione posteriore<\/td>\n<td class=\"et4\" style=\"width: 59.6598%;\" width=\"367\">Assorbente posteriore della molla a piastra in acciaio rinforzato<\/td>\n<\/tr>\n<tr style=\"height: 20.00pt;\">\n<td class=\"et4\" style=\"height: 20pt; width: 40.3402%;\" width=\"321\" height=\"33\">Velocit\u00e0 massima<\/td>\n<td class=\"et4\" style=\"width: 59.6598%;\" width=\"367\">45 Km\/h<\/td>\n<\/tr>\n<tr style=\"height: 20.00pt;\">\n<td class=\"et4\" style=\"height: 20pt; width: 40.3402%;\" width=\"321\" height=\"33\">Pneumatici (F\/R)<\/td>\n<td class=\"et4\" style=\"width: 59.6598%;\" width=\"367\">3.75-12\/3.75-12<\/td>\n<\/tr>\n<tr style=\"height: 20.00pt;\">\n<td class=\"et4\" style=\"height: 20pt; width: 40.3402%;\" width=\"321\" height=\"33\">Kilometraggio per carica<\/td>\n<td class=\"et4\" style=\"width: 59.6598%;\" width=\"367\">65\/75<\/td>\n<\/tr>\n<tr style=\"height: 20.00pt;\">\n<td class=\"et4\" style=\"height: 20pt; width: 40.3402%;\" width=\"321\" height=\"33\">batteria<\/td>\n<td class=\"et4\" style=\"width: 59.6598%;\" width=\"367\">60v52A piombo-acido batteria senza manutenzione<\/td>\n<\/tr>\n<tr style=\"height: 20.00pt;\">\n<td class=\"et4\" style=\"height: 20pt; width: 40.3402%;\" width=\"321\" height=\"33\">Tempo di carica<\/td>\n<td class=\"et4\" style=\"width: 59.6598%;\" width=\"367\">8-10 ore<\/td>\n<\/tr>\n<\/tbody>\n<\/table>\n<h3 data-start=\"4923\" data-end=\"4947\"><\/h3>\n<hr \/>\n<p>&nbsp;<\/p>\n<h3 data-start=\"841\" data-end=\"865\">Punti di vendita chiave<\/h3>\n<ol data-start=\"866\" data-end=\"1414\">\n<li data-start=\"866\" data-end=\"1020\">\n<p data-start=\"869\" data-end=\"1020\"><strong data-start=\"869\" data-end=\"891\">Alta capacit\u00e0 di carico<\/strong> \u2013 Progettato per trasportare fino a 175 kg, questo <em data-start=\"935\" data-end=\"960\">triciclo carico elettrico<\/em> \u00e8 perfetto per piccole imprese e aziende logistiche.<\/p>\n<\/li>\n<li data-start=\"1021\" data-end=\"1167\">\n<p data-start=\"1024\" data-end=\"1167\"><strong data-start=\"1024\" data-end=\"1042\">Motore potente<\/strong> \u2013 Dotato di un motore 48V 800W, questo <em data-start=\"1082\" data-end=\"1111\">veicolo merci a tre ruote<\/em> garantisce un'accelerazione fluida e una potenza di trasporto stabile.<\/p>\n<\/li>\n<li data-start=\"1168\" data-end=\"1292\">\n<p data-start=\"1171\" data-end=\"1292\"><strong data-start=\"1171\" data-end=\"1189\">Gamma estesa<\/strong> \u2013 Con un massimo di 75 km per carica, il <em data-start=\"1225\" data-end=\"1249\">trike elettrico di trasporto merci<\/em> fornisce un servizio pi\u00f9 lungo tra le spese.<\/p>\n<\/li>\n<li data-start=\"1293\" data-end=\"1414\">\n<p data-start=\"1296\" data-end=\"1414\"><strong data-start=\"1296\" data-end=\"1322\">Operazione ecologica<\/strong> \u2013 Un\u2019alternativa zero emissioni alle biciclette da carico a base di carburante, ideale per una logistica sostenibile.<\/p>\n<\/li>\n<\/ol>\n<h3 data-start=\"4923\" data-end=\"4947\"><\/h3>\n<hr \/>\n<p>&nbsp;<\/p>\n<h3 data-start=\"1416\" data-end=\"1447\">Vantaggi differenziati<\/h3>\n<ol data-start=\"1448\" data-end=\"1915\">\n<li data-start=\"1448\" data-end=\"1571\">\n<p data-start=\"1451\" data-end=\"1571\"><strong data-start=\"1451\" data-end=\"1474\">Pi\u00f9 grande e pi\u00f9 forte<\/strong> Rispetto ai camion cargo pi\u00f9 piccoli, il modello da 1,5 m supporta carichi pi\u00f9 pesanti e viaggi pi\u00f9 lunghi.<\/p>\n<\/li>\n<li data-start=\"1572\" data-end=\"1700\">\n<p data-start=\"1575\" data-end=\"1700\"><strong data-start=\"1575\" data-end=\"1599\">Costruzione Durabile<\/strong> \u2013 Sospensione idraulica e sospensione posteriore in piastra di acciaio rinforzata garantiscono affidabilit\u00e0 a lungo termine.<\/p>\n<\/li>\n<li data-start=\"1701\" data-end=\"1787\">\n<p data-start=\"1704\" data-end=\"1787\"><strong data-start=\"1704\" data-end=\"1728\">Asse posteriore integrato<\/strong> \u2013 Fornisce un miglior equilibrio e una gestione pi\u00f9 fluida del carico.<\/p>\n<\/li>\n<li data-start=\"1788\" data-end=\"1915\">\n<p data-start=\"1791\" data-end=\"1915\"><strong data-start=\"1791\" data-end=\"1819\">Trasporto economico<\/strong> Riduce i costi operativi rispetto ai furgoni o ai camion, pur coprendo le esigenze logistiche della citt\u00e0.<\/p>\n<\/li>\n<\/ol>\n<h3 data-start=\"4923\" data-end=\"4947\">\u00a0 \u00a0 \u00a0 \u00a0 \u00a0 \u00a0<img fetchpriority=\"high\" decoding=\"async\" class=\"alignnone size-medium wp-image-3792\" src=\"https:\/\/www.tairuiauto.com\/wp-content\/uploads\/2025\/09\/5-15-300x300.jpg\" alt=\"1.5m Triciclo di trasporto\" width=\"300\" height=\"300\" srcset=\"\" sizes=\"(max-width: 300px) 100vw, 300px\" data-srcset=\"\" \/>\u00a0 \u00a0 \u00a0 \u00a0 \u00a0 \u00a0<img decoding=\"async\" class=\"alignnone size-medium wp-image-3790\" src=\"https:\/\/www.tairuiauto.com\/wp-content\/uploads\/2025\/09\/3-15-300x300.jpg\" alt=\"\" width=\"300\" height=\"300\" srcset=\"\" sizes=\"(max-width: 300px) 100vw, 300px\" data-srcset=\"\" \/>\u00a0 \u00a0 \u00a0 \u00a0 \u00a0 \u00a0<img decoding=\"async\" class=\"alignnone size-medium wp-image-3791\" src=\"https:\/\/www.tairuiauto.com\/wp-content\/uploads\/2025\/09\/4-14-300x300.jpg\" alt=\"\" width=\"300\" height=\"300\" srcset=\"\" sizes=\"(max-width: 300px) 100vw, 300px\" data-srcset=\"\" \/><\/h3>\n<hr \/>\n<p>&nbsp;<\/p>\n<h3 data-start=\"2147\" data-end=\"2173\">Parametri tecnici<\/h3>\n<ul data-start=\"2174\" data-end=\"2432\">\n<li data-start=\"2174\" data-end=\"2198\">\n<p data-start=\"2176\" data-end=\"2198\">Controller: 18 tubi<\/p>\n<\/li>\n<li data-start=\"2199\" data-end=\"2264\">\n<p data-start=\"2201\" data-end=\"2264\">Freni: Freno ammortizzatore anteriore 37 \/ freno a tamburo posteriore 160<\/p>\n<\/li>\n<li data-start=\"2265\" data-end=\"2295\">\n<p data-start=\"2267\" data-end=\"2295\">Asse posteriore: Tipo integrato<\/p>\n<\/li>\n<li data-start=\"2296\" data-end=\"2327\">\n<p data-start=\"2298\" data-end=\"2327\">Pneumatici: 3.75-12 anteriore &amp; posteriore<\/p>\n<\/li>\n<li data-start=\"2328\" data-end=\"2385\">\n<p data-start=\"2330\" data-end=\"2385\">Sospensione: Molla a piastra in acciaio rinforzata idraulica<\/p>\n<\/li>\n<li data-start=\"2386\" data-end=\"2400\">\n<p data-start=\"2388\" data-end=\"2400\">Salita: 15\u00b0<\/p>\n<\/li>\n<li data-start=\"2401\" data-end=\"2432\">\n<p data-start=\"2403\" data-end=\"2432\">Luce: lampadina grande standard<\/p>\n<\/li>\n<\/ul>\n<p>&nbsp;<\/p>\n<h3 data-start=\"2434\" data-end=\"2449\">Materiali<\/h3>\n<p data-start=\"2450\" data-end=\"2504\">Telaio in acciaio, ruote in ferro e sospensione pesante.<\/p>\n<p data-start=\"2450\" data-end=\"2504\">\n<h3 data-start=\"2506\" data-end=\"2522\">Aspetto<\/h3>\n<p data-start=\"2523\" data-end=\"2584\">Design compatto ma robusto, ottimizzato per il trasporto merci.<\/p>\n<p data-start=\"2523\" data-end=\"2584\">\n<h3 data-start=\"2586\" data-end=\"2598\">Progettazione<\/h3>\n<p data-start=\"2599\" data-end=\"2665\">Focalizzato sulle utilit\u00e0 con stabilit\u00e0 e gamma estesa per la logistica.<\/p>\n<p data-start=\"2599\" data-end=\"2665\">\n<h3 data-start=\"2667\" data-end=\"2690\">Customizzazione OEM<\/h3>\n<p data-start=\"2691\" data-end=\"2748\">Scatola di carico personalizzabile, marchio e colori disponibili.<\/p>\n<p data-start=\"2691\" data-end=\"2748\">\n<h3 data-start=\"2750\" data-end=\"2771\">Controllo qualit\u00e0<\/h3>\n<p data-start=\"2772\" data-end=\"2859\">Testato in fabbrica con rigorose ispezioni, controlli di durabilit\u00e0 e certificazioni di sicurezza.<\/p>\n<p data-start=\"2772\" data-end=\"2859\">\n<h3 data-start=\"2861\" data-end=\"2886\">Servizio post-vendita<\/h3>\n<p data-start=\"2887\" data-end=\"2941\">Garanzia, ricambi e supporto tecnico globale.<\/p>\n<p data-start=\"2887\" data-end=\"2941\">\n<h3 data-start=\"2943\" data-end=\"2967\">Campi di applicazione<\/h3>\n<ul data-start=\"2968\" data-end=\"3068\">\n<li data-start=\"2968\" data-end=\"2996\">\n<p data-start=\"2970\" data-end=\"2996\">Logistica per piccole imprese<\/p>\n<\/li>\n<li data-start=\"2997\" data-end=\"3019\">\n<p data-start=\"2999\" data-end=\"3019\">Consegna last mile<\/p>\n<\/li>\n<li data-start=\"3020\" data-end=\"3042\">\n<p data-start=\"3022\" data-end=\"3042\">Catena di fornitura urbana<\/p>\n<\/li>\n<li data-start=\"3043\" data-end=\"3068\">\n<p data-start=\"3045\" data-end=\"3068\">Consegne e-commerce<\/p>\n<\/li>\n<\/ul>\n<p>&nbsp;<\/p>\n<h3 data-start=\"3070\" data-end=\"3090\">Metodo di pagamento<\/h3>\n<p data-start=\"3091\" data-end=\"3157\">Le opzioni includono T \/ T, L \/ C e altri metodi di commercio internazionale.<\/p>\n<h3 data-start=\"4923\" data-end=\"4947\"><\/h3>\n<hr \/>\n<p>&nbsp;<\/p>\n<h3 data-start=\"3159\" data-end=\"3168\">Domande frequenti<\/h3>\n<p data-start=\"3169\" data-end=\"3228\"><strong data-start=\"3169\" data-end=\"3206\">Q1: Quanto peso pu\u00f2 portare?<\/strong><br data-start=\"3206\" data-end=\"3209\" \/>A1: fino a 175 kg.<\/p>\n<p data-start=\"3230\" data-end=\"3292\"><strong data-start=\"3230\" data-end=\"3266\">Q2: Quanto tempo dura la ricarica?<\/strong><br data-start=\"3266\" data-end=\"3269\" \/>A2: circa 8-10 ore.<\/p>\n<p data-start=\"3294\" data-end=\"3349\"><strong data-start=\"3294\" data-end=\"3331\">Q3: Qual \u00e8 la gamma per carica?<\/strong><br data-start=\"3331\" data-end=\"3334\" \/>A3: 65-75 km.<\/p>\n<p data-start=\"3351\" data-end=\"3424\"><strong data-start=\"3351\" data-end=\"3390\">Q4: \u00c8 adatto per strade ripide?<\/strong><br data-start=\"3390\" data-end=\"3393\" \/>A4: S\u00ec, sali fino a 15\u00b0.<\/p>","protected":false},"excerpt":{"rendered":"<p>Il <strong data-start=\"258\" data-end=\"283\">1.5m Triciclo di trasporto<\/strong> \u00e8 una potente soluzione di carico elettrico costruita per la logistica urbana e rurale. Con un motore da 48V a 800W, asse posteriore integrato e sospensione rinforzata, questo veicolo elettrico a tre ruote offre eccellenti capacit\u00e0 di carico e stabilit\u00e0. La sua dimensione del corpo pi\u00f9 grande di 1,5 m consente una maggiore capacit\u00e0 di trasporto, rendendolo un ideale <em data-start=\"598\" data-end=\"625\">triciclo elettrico di trasporto merci<\/em> per le piccole imprese, la consegna di e-commerce e le catene di approvvigionamento urbane. Con una velocit\u00e0 massima di 45 km\/h e un raggio di 65-75 km per carica, questo <em data-start=\"760\" data-end=\"782\">trike carico elettrico<\/em> bilancia efficienza, durabilit\u00e0 ed ecologia.<\/p>","protected":false},"featured_media":3793,"comment_status":"open","ping_status":"closed","template":"","meta":[],"product_brand":[],"product_cat":[78],"product_tag":[],"class_list":{"0":"post-3782","1":"product","2":"type-product","3":"status-publish","4":"has-post-thumbnail","6":"product_cat-electric-tricycle","8":"first","9":"instock","10":"sale","11":"shipping-taxable","12":"purchasable","13":"product-type-simple"},"_links":{"self":[{"href":"https:\/\/www.tairuiauto.com\/it\/wp-json\/wp\/v2\/product\/3782","targetHints":{"allow":["GET"]}}],"collection":[{"href":"https:\/\/www.tairuiauto.com\/it\/wp-json\/wp\/v2\/product"}],"about":[{"href":"https:\/\/www.tairuiauto.com\/it\/wp-json\/wp\/v2\/types\/product"}],"replies":[{"embeddable":true,"href":"https:\/\/www.tairuiauto.com\/it\/wp-json\/wp\/v2\/comments?post=3782"}],"wp:featuredmedia":[{"embeddable":true,"href":"https:\/\/www.tairuiauto.com\/it\/wp-json\/wp\/v2\/media\/3793"}],"wp:attachment":[{"href":"https:\/\/www.tairuiauto.com\/it\/wp-json\/wp\/v2\/media?parent=3782"}],"wp:term":[{"taxonomy":"product_brand","embeddable":true,"href":"https:\/\/www.tairuiauto.com\/it\/wp-json\/wp\/v2\/product_brand?post=3782"},{"taxonomy":"product_cat","embeddable":true,"href":"https:\/\/www.tairuiauto.com\/it\/wp-json\/wp\/v2\/product_cat?post=3782"},{"taxonomy":"product_tag","embeddable":true,"href":"https:\/\/www.tairuiauto.com\/it\/wp-json\/wp\/v2\/product_tag?post=3782"}],"curies":[{"name":"WP","href":"https:\/\/api.w.org\/{rel}","templated":true}]}}