{"id":3796,"date":"2025-09-19T08:13:37","date_gmt":"2025-09-19T00:13:37","guid":{"rendered":"https:\/\/www.tairuiauto.com\/?post_type=product&#038;p=3796"},"modified":"2025-09-19T08:32:18","modified_gmt":"2025-09-19T00:32:18","slug":"1-6m-freight-tricycle","status":"publish","type":"product","link":"https:\/\/www.tairuiauto.com\/it\/product\/1-6m-freight-tricycle\/","title":{"rendered":"1.6m Triciclo di trasporto"},"content":{"rendered":"<h3 data-start=\"226\" data-end=\"251\">Descrizione del prodotto<\/h3>\n<p data-start=\"252\" data-end=\"747\">Con un forte motore da 60V a 800W, assorbimento idraulico e sospensione di piastra d'acciaio rinforzata, questo <em data-start=\"509\" data-end=\"536\">triciclo elettrico di trasporto merci<\/em> \u00e8 costruito per l'affidabilit\u00e0 sia nelle operazioni di consegna urbane che rurali.<\/p>\n<table style=\"border-collapse: collapse; width: 76.4857%; height: 765px;\" border=\"0\" width=\"698\" cellspacing=\"0\" cellpadding=\"0\">\n<tbody>\n<tr style=\"height: 20.00pt;\">\n<td class=\"et3\" style=\"height: 20pt; width: 39.1003%;\" width=\"351\" height=\"33\">Modello<\/td>\n<td class=\"et3\" style=\"width: 60.8997%;\" width=\"347\">1.6m Triciclo di trasporto<\/td>\n<\/tr>\n<tr style=\"height: 20.00pt;\">\n<td class=\"et4\" style=\"height: 20pt; width: 39.1003%;\" width=\"351\" height=\"33\">Dimensioni complessive del veicolo (mm)<\/td>\n<td class=\"et4\" style=\"width: 60.8997%;\" width=\"347\">3080*1148*1350<\/td>\n<\/tr>\n<tr style=\"height: 20.00pt;\">\n<td class=\"et4\" style=\"height: 20pt; width: 39.1003%;\" width=\"351\" height=\"33\">Dashboard<\/td>\n<td class=\"et4\" style=\"width: 60.8997%;\" width=\"347\">Pannello strumentale LCD<\/td>\n<\/tr>\n<tr style=\"height: 20.00pt;\">\n<td class=\"et4\" style=\"height: 20pt; width: 39.1003%;\" width=\"351\" height=\"33\">controller motore<\/td>\n<td class=\"et4\" style=\"width: 60.8997%;\" width=\"347\">Regolatore di tubo 18<\/td>\n<\/tr>\n<tr style=\"height: 20.00pt;\">\n<td class=\"et4\" style=\"height: 20pt; width: 39.1003%;\" width=\"351\" height=\"33\">asse posteriore<\/td>\n<td class=\"et4\" style=\"width: 60.8997%;\" width=\"347\">Asse posteriore integrato<\/td>\n<\/tr>\n<tr style=\"height: 20.00pt;\">\n<td class=\"et4\" style=\"height: 20pt; width: 39.1003%;\" width=\"351\" height=\"33\">Freno anteriore<\/td>\n<td class=\"et4\" style=\"width: 60.8997%;\" width=\"347\">33 Ammortizzazione\/freno anteriore 110<\/td>\n<\/tr>\n<tr style=\"height: 20.00pt;\">\n<td class=\"et4\" style=\"height: 20pt; width: 39.1003%;\" width=\"351\" height=\"33\">freno posteriore<\/td>\n<td class=\"et4\" style=\"width: 60.8997%;\" width=\"347\">160 tamburo freno<\/td>\n<\/tr>\n<tr style=\"height: 20.00pt;\">\n<td class=\"et4\" style=\"height: 20pt; width: 39.1003%;\" width=\"351\" height=\"33\">Angolo di arrampicata<\/td>\n<td class=\"et4\" style=\"width: 60.8997%;\" width=\"347\">15\u00b0<\/td>\n<\/tr>\n<tr style=\"height: 20.00pt;\">\n<td class=\"et4\" style=\"height: 20pt; width: 39.1003%;\" width=\"351\" height=\"33\">Fari anteriori<\/td>\n<td class=\"et4\" style=\"width: 60.8997%;\" width=\"347\">LED<\/td>\n<\/tr>\n<tr style=\"height: 20.00pt;\">\n<td class=\"et4\" style=\"height: 20pt; width: 39.1003%;\" width=\"351\" height=\"33\">Liberazione da terra<\/td>\n<td class=\"et4\" style=\"width: 60.8997%;\" width=\"347\">140 millimetri<\/td>\n<\/tr>\n<tr style=\"height: 20.00pt;\">\n<td class=\"et4\" style=\"height: 20pt; width: 39.1003%;\" width=\"351\" height=\"33\">peso<\/td>\n<td class=\"et4\" style=\"width: 60.8997%;\" width=\"347\">220 kg<\/td>\n<\/tr>\n<tr style=\"height: 20.00pt;\">\n<td class=\"et4\" style=\"height: 20pt; width: 39.1003%;\" width=\"351\" height=\"33\">carico<\/td>\n<td class=\"et4\" style=\"width: 60.8997%;\" width=\"347\">500 kg<\/td>\n<\/tr>\n<tr style=\"height: 28.00pt;\">\n<td class=\"et4\" style=\"height: 28pt; width: 39.1003%;\" width=\"351\" height=\"46\">Facoltativo<\/td>\n<td class=\"et4\" style=\"width: 60.8997%;\" width=\"347\">Opzionale: ammortizzatore, motore, controller, pneumatici, asse posteriore<\/td>\n<\/tr>\n<tr style=\"height: 20.00pt;\">\n<td class=\"et4\" style=\"height: 20pt; width: 39.1003%;\" width=\"351\" height=\"33\">mozzo della ruota<\/td>\n<td class=\"et4\" style=\"width: 60.8997%;\" width=\"347\">mozzo della ruota<\/td>\n<\/tr>\n<tr style=\"height: 20.00pt;\">\n<td class=\"et4\" style=\"height: 20pt; width: 39.1003%;\" width=\"351\" height=\"33\">motore<\/td>\n<td class=\"et4\" style=\"width: 60.8997%;\" width=\"347\">motore 60v800w<\/td>\n<\/tr>\n<tr style=\"height: 20.00pt;\">\n<td class=\"et4\" style=\"height: 20pt; width: 39.1003%;\" width=\"351\" height=\"33\">Amortizzatore anteriore<\/td>\n<td class=\"et4\" style=\"width: 60.8997%;\" width=\"347\">Ammortizzatore idraulico<\/td>\n<\/tr>\n<tr style=\"height: 20.00pt;\">\n<td class=\"et4\" style=\"height: 20pt; width: 39.1003%;\" width=\"351\" height=\"33\">Sospensione posteriore<\/td>\n<td class=\"et4\" style=\"width: 60.8997%;\" width=\"347\">Molla di piastra in acciaio rinforzata ammortizzatore posteriore<\/td>\n<\/tr>\n<tr style=\"height: 20.00pt;\">\n<td class=\"et4\" style=\"height: 20pt; width: 39.1003%;\" width=\"351\" height=\"33\">velocit\u00e0 massima<\/td>\n<td class=\"et4\" style=\"width: 60.8997%;\" width=\"347\">36 km\/h<\/td>\n<\/tr>\n<tr style=\"height: 20.00pt;\">\n<td class=\"et4\" style=\"height: 20pt; width: 39.1003%;\" width=\"351\" height=\"33\">Pneumatici anteriori e posteriori<\/td>\n<td class=\"et4\" style=\"width: 60.8997%;\" width=\"347\">F375-12 \/ R375-12<\/td>\n<\/tr>\n<tr style=\"height: 20.00pt;\">\n<td class=\"et4\" style=\"height: 20pt; width: 39.1003%;\" width=\"351\" height=\"33\">resistenza<\/td>\n<td class=\"et4\" style=\"width: 60.8997%;\" width=\"347\">45 km<\/td>\n<\/tr>\n<tr style=\"height: 20.00pt;\">\n<td class=\"et4\" style=\"height: 20pt; width: 39.1003%;\" width=\"351\" height=\"33\">batteria<\/td>\n<td class=\"et4\" style=\"width: 60.8997%;\" width=\"347\">60V52A<\/td>\n<\/tr>\n<tr style=\"height: 20.00pt;\">\n<td class=\"et4\" style=\"height: 20pt; width: 39.1003%;\" width=\"351\" height=\"33\">Colore<\/td>\n<td class=\"et4\" style=\"width: 60.8997%;\" width=\"347\">Blu, verde, argento, rosso<\/td>\n<\/tr>\n<tr style=\"height: 28.00pt;\">\n<td class=\"et4\" style=\"height: 28pt; width: 39.1003%;\" width=\"351\" height=\"46\">Certificazione<\/td>\n<td class=\"et5\" style=\"width: 60.8997%;\" width=\"347\"><span class=\"font3\">Qualificazione nazionale di produzione di livello 1<\/span><span class=\"font2\">, CCC<\/span><\/td>\n<\/tr>\n<tr style=\"height: 20.00pt;\">\n<td class=\"et4\" style=\"height: 20pt; width: 39.1003%;\" width=\"351\" height=\"33\">tempo di ricarica<\/td>\n<td class=\"et4\" style=\"width: 60.8997%;\" width=\"347\">6-8 ore<\/td>\n<\/tr>\n<tr style=\"height: 20.00pt;\">\n<td class=\"et4\" style=\"height: 20pt; width: 39.1003%;\" width=\"351\" height=\"33\">Caricamento in 40HQ<\/td>\n<td class=\"et4\" style=\"width: 60.8997%;\" width=\"347\">SKD 32<\/td>\n<\/tr>\n<\/tbody>\n<\/table>\n<h3 data-start=\"4923\" data-end=\"4947\"><\/h3>\n<hr \/>\n<p>&nbsp;<\/p>\n<h3 data-start=\"749\" data-end=\"773\">Punti di vendita chiave<\/h3>\n<ol data-start=\"774\" data-end=\"1329\">\n<li data-start=\"774\" data-end=\"914\">\n<p data-start=\"777\" data-end=\"914\"><strong data-start=\"777\" data-end=\"800\">Grande capacit\u00e0 di carico<\/strong> \u2013 Con un carico utile massimo di 500 kg, questo <em data-start=\"839\" data-end=\"866\">triciclo elettrico di trasporto merci<\/em> supporta la logistica commerciale e industriale.<\/p>\n<\/li>\n<li data-start=\"915\" data-end=\"1061\">\n<p data-start=\"918\" data-end=\"1061\"><strong data-start=\"918\" data-end=\"940\">Powertrain duraturo<\/strong> \u2013 Il motore 60V 800W fornisce coppia costante, rendendo questo <em data-start=\"998\" data-end=\"1025\">veicolo cargo a tre ruote<\/em> adatto per strade collinarie o trafficate.<\/p>\n<\/li>\n<li data-start=\"1062\" data-end=\"1196\">\n<p data-start=\"1065\" data-end=\"1196\"><strong data-start=\"1065\" data-end=\"1086\">Sospensione robusta<\/strong> Gli ammortizzatori frontali idraulici e la sospensione posteriore in acciaio rinforzato migliorano la stabilit\u00e0 sotto carichi pesanti.<\/p>\n<\/li>\n<li data-start=\"1197\" data-end=\"1329\">\n<p data-start=\"1200\" data-end=\"1329\"><strong data-start=\"1200\" data-end=\"1226\">Trasporti ecologici<\/strong> \u2013 Un\u2019alternativa a emissioni zero ai camion, questo <em data-start=\"1273\" data-end=\"1295\">trike carico elettrico<\/em> promuove una logistica sostenibile.<\/p>\n<\/li>\n<\/ol>\n<h3 data-start=\"4923\" data-end=\"4947\"><\/h3>\n<hr \/>\n<p>&nbsp;<\/p>\n<h3 data-start=\"1331\" data-end=\"1362\">Vantaggi differenziati<\/h3>\n<ol data-start=\"1363\" data-end=\"1816\">\n<li data-start=\"1363\" data-end=\"1465\">\n<p data-start=\"1366\" data-end=\"1465\"><strong data-start=\"1366\" data-end=\"1400\">Stabilit\u00e0 dell'asse posteriore integrata<\/strong> Garantisce equilibrio e guida fluida, anche sotto carico massimo.<\/p>\n<\/li>\n<li data-start=\"1466\" data-end=\"1559\">\n<p data-start=\"1469\" data-end=\"1559\"><strong data-start=\"1469\" data-end=\"1494\">Durabilit\u00e0 pesante<\/strong> \u2013 220 kg di peso del telaio fornisce resistenza all\u2019usura.<\/p>\n<\/li>\n<li data-start=\"1560\" data-end=\"1692\">\n<p data-start=\"1563\" data-end=\"1692\"><strong data-start=\"1563\" data-end=\"1592\">Caratteristiche di sicurezza ottimizzate<\/strong> \u2013 Fari LED, distanza da terra di 140 mm e freni a tamburo affidabili aumentano la fiducia dell\u2019operatore.<\/p>\n<\/li>\n<li data-start=\"1693\" data-end=\"1816\">\n<p data-start=\"1696\" data-end=\"1816\"><strong data-start=\"1696\" data-end=\"1716\">Opzioni flessibili<\/strong> \u2013 Disponibile in diversi colori con aggiornamenti opzionali per ammortizzatori, controller e assi.<\/p>\n<\/li>\n<\/ol>\n<h3 data-start=\"4923\" data-end=\"4947\"><\/h3>\n<hr \/>\n<p>&nbsp;<\/p>\n<h3 data-start=\"2052\" data-end=\"2078\">Parametri tecnici<\/h3>\n<ul data-start=\"2079\" data-end=\"2343\">\n<li data-start=\"2079\" data-end=\"2113\">\n<p data-start=\"2081\" data-end=\"2113\">Controller: controller a 18 tubi<\/p>\n<\/li>\n<li data-start=\"2114\" data-end=\"2144\">\n<p data-start=\"2116\" data-end=\"2144\">Asse posteriore: Tipo integrato<\/p>\n<\/li>\n<li data-start=\"2145\" data-end=\"2199\">\n<p data-start=\"2147\" data-end=\"2199\">Freno anteriore: 33 ammortizzatore \/ 110 freno anteriore<\/p>\n<\/li>\n<li data-start=\"2200\" data-end=\"2230\">\n<p data-start=\"2202\" data-end=\"2230\">Freno posteriore: 160 freno a tamburo<\/p>\n<\/li>\n<li data-start=\"2231\" data-end=\"2259\">\n<p data-start=\"2233\" data-end=\"2259\">Pneumatici: F375-12 \/ R375-12<\/p>\n<\/li>\n<li data-start=\"2260\" data-end=\"2285\">\n<p data-start=\"2262\" data-end=\"2285\">Abilit\u00e0 di arrampicata: 15\u00b0<\/p>\n<\/li>\n<li data-start=\"2286\" data-end=\"2314\">\n<p data-start=\"2288\" data-end=\"2314\">Illuminazione: fari LED<\/p>\n<\/li>\n<li data-start=\"2315\" data-end=\"2343\">\n<p data-start=\"2317\" data-end=\"2343\">Tempo di carica: 6-8 ore<\/p>\n<\/li>\n<\/ul>\n<h3 data-start=\"2345\" data-end=\"2360\">Materiali<\/h3>\n<p data-start=\"2361\" data-end=\"2450\">Telaio in acciaio ad alta resistenza, sospensione posteriore in acciaio rinforzato e mozzi di ruote pesanti.<\/p>\n<h3 data-start=\"2452\" data-end=\"2468\">Aspetto<\/h3>\n<p data-start=\"2469\" data-end=\"2570\">Un design robusto e professionale ottimizzato per carichi di carico, disponibile in blu, verde, argento e rosso.<\/p>\n<h3 data-start=\"2572\" data-end=\"2584\">Progettazione<\/h3>\n<p data-start=\"2585\" data-end=\"2690\">Il design a carrozzeria larga garantisce stabilit\u00e0 offrendo al contempo una grande capacit\u00e0 di carico nella mobilit\u00e0 a tre ruote compatta.<\/p>\n<h3 data-start=\"2692\" data-end=\"2715\">Customizzazione OEM<\/h3>\n<p data-start=\"2716\" data-end=\"2800\">Personalizzabile in tipo di scatola cargo, colori, adesivi e opzioni rinforzate aggiuntive.<\/p>\n<h3 data-start=\"2802\" data-end=\"2823\">Controllo qualit\u00e0<\/h3>\n<p data-start=\"2824\" data-end=\"2895\">Certificazione nazionale di produzione di livello 1 con garanzia di qualit\u00e0 CCC.<\/p>\n<h3 data-start=\"2897\" data-end=\"2922\">Servizio post-vendita<\/h3>\n<p data-start=\"2923\" data-end=\"2999\">Garanzia globale, supporto tecnico e disponibilit\u00e0 di ricambi.<\/p>\n<h3 data-start=\"3001\" data-end=\"3025\">Campi di applicazione<\/h3>\n<ul data-start=\"3026\" data-end=\"3178\">\n<li data-start=\"3026\" data-end=\"3066\">\n<p data-start=\"3028\" data-end=\"3066\">Trasporto merci all'ingrosso e al dettaglio<\/p>\n<\/li>\n<li data-start=\"3067\" data-end=\"3102\">\n<p data-start=\"3069\" data-end=\"3102\">E-commerce e servizi di corriere<\/p>\n<\/li>\n<li data-start=\"3103\" data-end=\"3140\">\n<p data-start=\"3105\" data-end=\"3140\">Distribuzione dei prodotti agricoli<\/p>\n<\/li>\n<li data-start=\"3141\" data-end=\"3178\">\n<p data-start=\"3143\" data-end=\"3178\">Fornitura di materiali per cantieri<\/p>\n<\/li>\n<\/ul>\n<h3 data-start=\"3180\" data-end=\"3200\">Metodo di pagamento<\/h3>\n<p data-start=\"3201\" data-end=\"3267\">Pagamenti internazionali flessibili: T \/ T, L \/ C o negoziazione commerciale.<\/p>\n<h3 data-start=\"4923\" data-end=\"4947\">\u00a0 \u00a0 \u00a0 <img fetchpriority=\"high\" decoding=\"async\" class=\"alignnone size-medium wp-image-3801\" src=\"https:\/\/www.tairuiauto.com\/wp-content\/uploads\/2025\/09\/5-16-300x300.jpg\" alt=\"\" width=\"300\" height=\"300\" srcset=\"\" sizes=\"(max-width: 300px) 100vw, 300px\" data-srcset=\"\" \/>\u00a0 \u00a0 \u00a0 \u00a0 \u00a0\u00a0 <img decoding=\"async\" class=\"alignnone size-medium wp-image-3799\" src=\"https:\/\/www.tairuiauto.com\/wp-content\/uploads\/2025\/09\/3-16-300x300.jpg\" alt=\"\" width=\"300\" height=\"300\" srcset=\"\" sizes=\"(max-width: 300px) 100vw, 300px\" data-srcset=\"\" \/>\u00a0 \u00a0 \u00a0 \u00a0 \u00a0 \u00a0<img decoding=\"async\" class=\"alignnone size-medium wp-image-3800\" src=\"https:\/\/www.tairuiauto.com\/wp-content\/uploads\/2025\/09\/4-15-300x300.jpg\" alt=\"\" width=\"300\" height=\"300\" srcset=\"\" sizes=\"(max-width: 300px) 100vw, 300px\" data-srcset=\"\" \/><\/h3>\n<hr \/>\n<p>&nbsp;<\/p>\n<h3 data-start=\"3269\" data-end=\"3278\">Domande frequenti<\/h3>\n<p data-start=\"3279\" data-end=\"3346\"><strong data-start=\"3279\" data-end=\"3309\">Q1: Quanto pu\u00f2 trasportare?<\/strong><br data-start=\"3309\" data-end=\"3312\" \/>A1: Il carico utile \u00e8 fino a 500 kg.<\/p>\n<p data-start=\"3348\" data-end=\"3410\"><strong data-start=\"3348\" data-end=\"3389\">Q2: Qual \u00e8 la resistenza per carica?<\/strong><br data-start=\"3389\" data-end=\"3392\" \/>A2: Circa 45 km.<\/p>\n<p data-start=\"3412\" data-end=\"3471\"><strong data-start=\"3412\" data-end=\"3452\">Q3: Quanto tempo ci vuole per caricare?<\/strong><br data-start=\"3452\" data-end=\"3455\" \/>A3: 6-8 ore.<\/p>\n<p data-start=\"3473\" data-end=\"3579\"><strong data-start=\"3473\" data-end=\"3508\">Q4: Posso personalizzare il design?<\/strong><br data-start=\"3508\" data-end=\"3511\" \/>A4: S\u00ec, la personalizzazione OEM \u00e8 disponibile per il marchio e gli aggiornamenti.<\/p>","protected":false},"excerpt":{"rendered":"<p>Il <strong data-start=\"256\" data-end=\"281\">1.6m Triciclo di trasporto<\/strong> \u00e8 una robusta soluzione di carico elettrico progettata per le aziende che richiedono prestazioni di trasporto potenti in un formato compatto. Con un forte motore da 60V a 800W, assorbimento idraulico e sospensione di piastra d'acciaio rinforzata, questo <em data-start=\"509\" data-end=\"536\">triciclo elettrico di trasporto merci<\/em> \u00e8 costruito per l'affidabilit\u00e0 sia nelle operazioni di consegna urbane che rurali. La sua carrozzeria larga di 1,6 metri consente un'impressionante capacit\u00e0 di carico di 500 kg, mentre la sua resistenza di 45 km a carica garantisce cicli logistici fluidi.<\/p>","protected":false},"featured_media":3802,"comment_status":"open","ping_status":"closed","template":"","meta":[],"product_brand":[],"product_cat":[78],"product_tag":[],"class_list":{"0":"post-3796","1":"product","2":"type-product","3":"status-publish","4":"has-post-thumbnail","6":"product_cat-electric-tricycle","8":"first","9":"instock","10":"shipping-taxable","11":"product-type-simple"},"_links":{"self":[{"href":"https:\/\/www.tairuiauto.com\/it\/wp-json\/wp\/v2\/product\/3796","targetHints":{"allow":["GET"]}}],"collection":[{"href":"https:\/\/www.tairuiauto.com\/it\/wp-json\/wp\/v2\/product"}],"about":[{"href":"https:\/\/www.tairuiauto.com\/it\/wp-json\/wp\/v2\/types\/product"}],"replies":[{"embeddable":true,"href":"https:\/\/www.tairuiauto.com\/it\/wp-json\/wp\/v2\/comments?post=3796"}],"wp:featuredmedia":[{"embeddable":true,"href":"https:\/\/www.tairuiauto.com\/it\/wp-json\/wp\/v2\/media\/3802"}],"wp:attachment":[{"href":"https:\/\/www.tairuiauto.com\/it\/wp-json\/wp\/v2\/media?parent=3796"}],"wp:term":[{"taxonomy":"product_brand","embeddable":true,"href":"https:\/\/www.tairuiauto.com\/it\/wp-json\/wp\/v2\/product_brand?post=3796"},{"taxonomy":"product_cat","embeddable":true,"href":"https:\/\/www.tairuiauto.com\/it\/wp-json\/wp\/v2\/product_cat?post=3796"},{"taxonomy":"product_tag","embeddable":true,"href":"https:\/\/www.tairuiauto.com\/it\/wp-json\/wp\/v2\/product_tag?post=3796"}],"curies":[{"name":"WP","href":"https:\/\/api.w.org\/{rel}","templated":true}]}}