{"id":3978,"date":"2025-10-11T09:55:45","date_gmt":"2025-10-11T01:55:45","guid":{"rendered":"https:\/\/www.tairuiauto.com\/?post_type=product&#038;p=3978"},"modified":"2025-10-10T09:03:45","modified_gmt":"2025-10-10T01:03:45","slug":"heavy-duty-cargo-electric-trike","status":"publish","type":"product","link":"https:\/\/www.tairuiauto.com\/it\/product\/heavy-duty-cargo-electric-trike\/","title":{"rendered":"Trike elettrico di carico pesante"},"content":{"rendered":"<h3 data-start=\"510\" data-end=\"535\">Descrizione del prodotto<\/h3>\n<p data-start=\"536\" data-end=\"1007\">Il <strong data-start=\"540\" data-end=\"570\">Triciclo elettrico HANJIANG<\/strong> \u00e8 un moderno e potente veicolo cargo a tre ruote progettato per soddisfare le esigenze logistiche urbane e rurali. Costruito con un telaio robusto, motore ad alta capacit\u00e0 e sistema di sospensione resistente, questo tre ruote pesante \u00e8 una scelta eccellente per le aziende che cercano efficienza e affidabilit\u00e0. Grazie alla sua maggiore resistenza e alla sua forte capacit\u00e0 di carico, \u00e8 un'alternativa economica ed ecologica ai tradizionali veicoli a base di carburante.<\/p>\n<table style=\"width: 67.9963%;\" width=\"771\">\n<tbody>\n<tr>\n<td style=\"width: 38.262%;\" width=\"430\">Modello<\/td>\n<td style=\"width: 60.8301%;\" width=\"341\">Trike elettrico di carico pesante HANJIANG<\/td>\n<\/tr>\n<tr>\n<td style=\"width: 38.262%;\" width=\"430\">L\u00d7L\u00d7H (mm)<\/td>\n<td style=\"width: 60.8301%;\" width=\"341\">3012\u00d71390\u00d71780<\/td>\n<\/tr>\n<tr>\n<td style=\"width: 38.262%;\" width=\"430\">Dimensione della scatola di carico (mm)<\/td>\n<td style=\"width: 60.8301%;\" width=\"341\">1800\u00d71300<\/td>\n<\/tr>\n<tr>\n<td style=\"width: 38.262%;\" width=\"430\">Base delle ruote (mm)<\/td>\n<td style=\"width: 60.8301%;\" width=\"341\">2100<\/td>\n<\/tr>\n<tr>\n<td style=\"width: 38.262%;\" width=\"430\">pista della ruota (mm)<\/td>\n<td style=\"width: 60.8301%;\" width=\"341\">1560<\/td>\n<\/tr>\n<tr>\n<td style=\"width: 38.262%;\" width=\"430\">Spazio minimo da terra (mm)<\/td>\n<td style=\"width: 60.8301%;\" width=\"341\">\u2265150<\/td>\n<\/tr>\n<tr>\n<td style=\"width: 38.262%;\" width=\"430\">Ragio minimo di rotazione (m)<\/td>\n<td style=\"width: 60.8301%;\" width=\"341\">\u22644<\/td>\n<\/tr>\n<tr>\n<td style=\"width: 38.262%;\" width=\"430\">Peso del bordo (kg)<\/td>\n<td style=\"width: 60.8301%;\" width=\"341\">350<\/td>\n<\/tr>\n<tr>\n<td style=\"width: 38.262%;\" width=\"430\">Velocit\u00e0 massima (km\/h)<\/td>\n<td style=\"width: 60.8301%;\" width=\"341\">35-45<\/td>\n<\/tr>\n<tr>\n<td style=\"width: 38.262%;\" width=\"430\">Capacit\u00e0 di grado (%)<\/td>\n<td style=\"width: 60.8301%;\" width=\"341\">\u226415<\/td>\n<\/tr>\n<tr>\n<td style=\"width: 38.262%;\" width=\"430\">batteria<\/td>\n<td style=\"width: 60.8301%;\" width=\"341\">60\/72V45AH-58AH<\/td>\n<\/tr>\n<tr>\n<td style=\"width: 38.262%;\" width=\"430\">Motore, controllore (w)<\/td>\n<td style=\"width: 60.8301%;\" width=\"341\">Magneto permanente 60\/72V1800W<\/td>\n<\/tr>\n<tr>\n<td style=\"width: 38.262%;\" width=\"430\">Range per carica (km)<\/td>\n<td style=\"width: 60.8301%;\" width=\"341\">50-70<\/td>\n<\/tr>\n<tr>\n<td style=\"width: 38.262%;\" width=\"430\">Tempo di carica (h)<\/td>\n<td style=\"width: 60.8301%;\" width=\"341\">6 ~ 8 ore<\/td>\n<\/tr>\n<tr>\n<td style=\"width: 38.262%;\" width=\"430\">Amortizzatore anteriore<\/td>\n<td style=\"width: 60.8301%;\" width=\"341\">\u03c631 Molla esterna Tamburo ammortizzatore<\/td>\n<\/tr>\n<tr>\n<td style=\"width: 38.262%;\" width=\"430\">Ammortizzatore posteriore<\/td>\n<td style=\"width: 60.8301%;\" width=\"341\">\u00a0ramo foglia<\/td>\n<\/tr>\n<tr>\n<td style=\"width: 38.262%;\" width=\"430\">Pneumatico anteriore\/posteriore<\/td>\n<td style=\"width: 60.8301%;\" width=\"341\">3.00-12\/3.50-12<\/td>\n<\/tr>\n<tr>\n<td style=\"width: 38.262%;\" width=\"430\">Tipo di cerchio<\/td>\n<td style=\"width: 60.8301%;\" width=\"341\">acciaio<\/td>\n<\/tr>\n<tr>\n<td style=\"width: 38.262%;\" width=\"430\">Tipo freno anteriore\/posteriore<\/td>\n<td style=\"width: 60.8301%;\" width=\"341\">Un trascinare tre freni a tamburo<\/td>\n<\/tr>\n<tr>\n<td style=\"width: 38.262%;\" width=\"430\">Freno di parcheggio<\/td>\n<td style=\"width: 60.8301%;\" width=\"341\">Freno a mano<\/td>\n<\/tr>\n<tr>\n<td style=\"width: 38.262%;\" width=\"430\">Struttura dell'asse posteriore<\/td>\n<td style=\"width: 60.8301%;\" width=\"341\">Asse posteriore integrato<\/td>\n<\/tr>\n<\/tbody>\n<\/table>\n<p>&nbsp;<\/p>\n<hr \/>\n<h3 data-start=\"510\" data-end=\"535\"><\/h3>\n<h3 data-start=\"1009\" data-end=\"1044\">Caratteristiche principali &amp; Punti di vendita<\/h3>\n<ol data-start=\"1045\" data-end=\"1632\">\n<li data-start=\"1045\" data-end=\"1210\">\n<p data-start=\"1048\" data-end=\"1210\"><strong data-start=\"1048\" data-end=\"1070\">Alta capacit\u00e0 di carico<\/strong> \u2013 Il <strong data-start=\"1077\" data-end=\"1107\">Triciclo elettrico HANJIANG<\/strong> supporta il trasporto di carichi pesanti, rendendolo ideale per le industrie che richiedono soluzioni logistiche solide.<\/p>\n<\/li>\n<li data-start=\"1211\" data-end=\"1350\">\n<p data-start=\"1214\" data-end=\"1350\"><strong data-start=\"1214\" data-end=\"1241\">Potente motore elettrico<\/strong> Dotato di un motore orientato alle prestazioni, il triciclo garantisce un'eccellente potenza di arrampicata e resistenza.<\/p>\n<\/li>\n<li data-start=\"1351\" data-end=\"1492\">\n<p data-start=\"1354\" data-end=\"1492\"><strong data-start=\"1354\" data-end=\"1380\">Trasporti ecologici<\/strong> \u2013 Come a <strong data-start=\"1388\" data-end=\"1412\">logistica e-triciclo<\/strong>produce emissioni zero, contribuendo ad operazioni aziendali sostenibili.<\/p>\n<\/li>\n<li data-start=\"1493\" data-end=\"1632\">\n<p data-start=\"1496\" data-end=\"1632\"><strong data-start=\"1496\" data-end=\"1521\">Bassi costi operativi<\/strong> Con spese di ricarica ridotte e manutenzione minima, risparmia le imprese costi operativi significativi.<\/p>\n<\/li>\n<\/ol>\n<p>&nbsp;<\/p>\n<hr \/>\n<h3 data-start=\"1634\" data-end=\"1665\"><\/h3>\n<h3 data-start=\"1634\" data-end=\"1665\">Vantaggi differenziati<\/h3>\n<ol data-start=\"1666\" data-end=\"2196\">\n<li data-start=\"1666\" data-end=\"1786\">\n<p data-start=\"1669\" data-end=\"1786\"><strong data-start=\"1669\" data-end=\"1700\">Durabilit\u00e0 di grado industriale<\/strong> Il telaio in acciaio rinforzato e l'asse pesante superano i trike elettrici standard.<\/p>\n<\/li>\n<li data-start=\"1787\" data-end=\"1920\">\n<p data-start=\"1790\" data-end=\"1920\"><strong data-start=\"1790\" data-end=\"1812\">Stabilit\u00e0 superiore<\/strong> \u2013 Gli ammortizzatori idraulici e la sospensione rinforzata mantengono l\u2019imballaggio anche a pieno carico.<\/p>\n<\/li>\n<li data-start=\"1921\" data-end=\"2064\">\n<p data-start=\"1924\" data-end=\"2064\"><strong data-start=\"1924\" data-end=\"1951\">Ottimizzato per la logistica<\/strong> Il modello HANJIANG \u00e8 specificamente progettato per la consegna last mile e le operazioni di trasporto merci urbane di media gamma.<\/p>\n<\/li>\n<li data-start=\"2065\" data-end=\"2196\">\n<p data-start=\"2068\" data-end=\"2196\"><strong data-start=\"2068\" data-end=\"2099\">Configurazioni personalizzabili<\/strong> Le opzioni OEM consentono agli utenti di scegliere diversi motori, dimensioni del letto di carico e soluzioni di branding.<\/p>\n<\/li>\n<\/ol>\n<p>&nbsp;<\/p>\n<hr \/>\n<h3 data-start=\"510\" data-end=\"535\"><\/h3>\n<h3 data-start=\"2484\" data-end=\"2510\">Parametri tecnici<\/h3>\n<ul data-start=\"2511\" data-end=\"2763\">\n<li data-start=\"2511\" data-end=\"2582\">\n<p data-start=\"2513\" data-end=\"2582\">Controller: Controller multifase avanzato per un uso efficiente dell'energia<\/p>\n<\/li>\n<li data-start=\"2583\" data-end=\"2622\">\n<p data-start=\"2585\" data-end=\"2622\">Asse posteriore: Asse pesante integrale<\/p>\n<\/li>\n<li data-start=\"2623\" data-end=\"2669\">\n<p data-start=\"2625\" data-end=\"2669\">Sospensione: Molle a piastra in acciaio rinforzato<\/p>\n<\/li>\n<li data-start=\"2670\" data-end=\"2696\">\n<p data-start=\"2672\" data-end=\"2696\">Capacit\u00e0 di arrampicata: 15\u00b0<\/p>\n<\/li>\n<li data-start=\"2697\" data-end=\"2734\">\n<p data-start=\"2699\" data-end=\"2734\">Pneumatici: Pneumatici resistenti al carico pesante<\/p>\n<\/li>\n<li data-start=\"2735\" data-end=\"2763\">\n<p data-start=\"2737\" data-end=\"2763\">Tempo di carica: 6-8 ore<\/p>\n<\/li>\n<\/ul>\n<h3 data-start=\"2765\" data-end=\"2780\">\u00a0 \u00a0 \u00a0 \u00a0 \u00a0 <img fetchpriority=\"high\" decoding=\"async\" class=\"alignnone size-medium wp-image-3982\" src=\"https:\/\/www.tairuiauto.com\/wp-content\/uploads\/2025\/10\/f29d3e03-ff11-48e1-a663-d9e3f30394d2-300x300.jpg\" alt=\"\" width=\"300\" height=\"300\" srcset=\"https:\/\/www.tairuiauto.com\/wp-content\/uploads\/2025\/10\/f29d3e03-ff11-48e1-a663-d9e3f30394d2-300x300.jpg 300w, https:\/\/www.tairuiauto.com\/wp-content\/uploads\/2025\/10\/f29d3e03-ff11-48e1-a663-d9e3f30394d2-1024x1024.jpg 1024w, https:\/\/www.tairuiauto.com\/wp-content\/uploads\/2025\/10\/f29d3e03-ff11-48e1-a663-d9e3f30394d2-150x150.jpg 150w, https:\/\/www.tairuiauto.com\/wp-content\/uploads\/2025\/10\/f29d3e03-ff11-48e1-a663-d9e3f30394d2-768x768.jpg 768w, https:\/\/www.tairuiauto.com\/wp-content\/uploads\/2025\/10\/f29d3e03-ff11-48e1-a663-d9e3f30394d2-1536x1536.jpg 1536w, https:\/\/www.tairuiauto.com\/wp-content\/uploads\/2025\/10\/f29d3e03-ff11-48e1-a663-d9e3f30394d2-2048x2048.jpg 2048w, https:\/\/www.tairuiauto.com\/wp-content\/uploads\/2025\/10\/f29d3e03-ff11-48e1-a663-d9e3f30394d2-12x12.jpg 12w, https:\/\/www.tairuiauto.com\/wp-content\/uploads\/2025\/10\/f29d3e03-ff11-48e1-a663-d9e3f30394d2-600x600.jpg 600w, https:\/\/www.tairuiauto.com\/wp-content\/uploads\/2025\/10\/f29d3e03-ff11-48e1-a663-d9e3f30394d2-100x100.jpg 100w\" sizes=\"(max-width: 300px) 100vw, 300px\" \/>\u00a0 \u00a0 \u00a0 \u00a0 \u00a0\u00a0 <img decoding=\"async\" class=\"alignnone size-medium wp-image-3981\" src=\"https:\/\/www.tairuiauto.com\/wp-content\/uploads\/2025\/10\/e3056e44-e826-4577-84f5-6a556e6f3b9c-300x300.jpg\" alt=\"\" width=\"300\" height=\"300\" srcset=\"https:\/\/www.tairuiauto.com\/wp-content\/uploads\/2025\/10\/e3056e44-e826-4577-84f5-6a556e6f3b9c-300x300.jpg 300w, https:\/\/www.tairuiauto.com\/wp-content\/uploads\/2025\/10\/e3056e44-e826-4577-84f5-6a556e6f3b9c-1024x1024.jpg 1024w, https:\/\/www.tairuiauto.com\/wp-content\/uploads\/2025\/10\/e3056e44-e826-4577-84f5-6a556e6f3b9c-150x150.jpg 150w, https:\/\/www.tairuiauto.com\/wp-content\/uploads\/2025\/10\/e3056e44-e826-4577-84f5-6a556e6f3b9c-768x768.jpg 768w, https:\/\/www.tairuiauto.com\/wp-content\/uploads\/2025\/10\/e3056e44-e826-4577-84f5-6a556e6f3b9c-1536x1536.jpg 1536w, https:\/\/www.tairuiauto.com\/wp-content\/uploads\/2025\/10\/e3056e44-e826-4577-84f5-6a556e6f3b9c-2048x2048.jpg 2048w, https:\/\/www.tairuiauto.com\/wp-content\/uploads\/2025\/10\/e3056e44-e826-4577-84f5-6a556e6f3b9c-12x12.jpg 12w, https:\/\/www.tairuiauto.com\/wp-content\/uploads\/2025\/10\/e3056e44-e826-4577-84f5-6a556e6f3b9c-600x600.jpg 600w, https:\/\/www.tairuiauto.com\/wp-content\/uploads\/2025\/10\/e3056e44-e826-4577-84f5-6a556e6f3b9c-100x100.jpg 100w\" sizes=\"(max-width: 300px) 100vw, 300px\" \/>\u00a0 \u00a0 \u00a0 \u00a0 \u00a0\u00a0 <img decoding=\"async\" class=\"alignnone size-medium wp-image-3979\" src=\"https:\/\/www.tairuiauto.com\/wp-content\/uploads\/2025\/10\/70d6603d-6761-4823-a359-ed537c85f8a1-300x300.jpg\" alt=\"\" width=\"300\" height=\"300\" srcset=\"https:\/\/www.tairuiauto.com\/wp-content\/uploads\/2025\/10\/70d6603d-6761-4823-a359-ed537c85f8a1-300x300.jpg 300w, https:\/\/www.tairuiauto.com\/wp-content\/uploads\/2025\/10\/70d6603d-6761-4823-a359-ed537c85f8a1-1024x1024.jpg 1024w, https:\/\/www.tairuiauto.com\/wp-content\/uploads\/2025\/10\/70d6603d-6761-4823-a359-ed537c85f8a1-150x150.jpg 150w, https:\/\/www.tairuiauto.com\/wp-content\/uploads\/2025\/10\/70d6603d-6761-4823-a359-ed537c85f8a1-768x768.jpg 768w, https:\/\/www.tairuiauto.com\/wp-content\/uploads\/2025\/10\/70d6603d-6761-4823-a359-ed537c85f8a1-1536x1536.jpg 1536w, https:\/\/www.tairuiauto.com\/wp-content\/uploads\/2025\/10\/70d6603d-6761-4823-a359-ed537c85f8a1-2048x2048.jpg 2048w, https:\/\/www.tairuiauto.com\/wp-content\/uploads\/2025\/10\/70d6603d-6761-4823-a359-ed537c85f8a1-12x12.jpg 12w, https:\/\/www.tairuiauto.com\/wp-content\/uploads\/2025\/10\/70d6603d-6761-4823-a359-ed537c85f8a1-600x600.jpg 600w, https:\/\/www.tairuiauto.com\/wp-content\/uploads\/2025\/10\/70d6603d-6761-4823-a359-ed537c85f8a1-100x100.jpg 100w\" sizes=\"(max-width: 300px) 100vw, 300px\" \/><\/h3>\n<h3 data-start=\"2765\" data-end=\"2780\">Materiali<\/h3>\n<ul data-start=\"2781\" data-end=\"2875\">\n<li data-start=\"2781\" data-end=\"2809\">\n<p data-start=\"2783\" data-end=\"2809\">Telaio in acciaio rinforzato<\/p>\n<\/li>\n<li data-start=\"2810\" data-end=\"2843\">\n<p data-start=\"2812\" data-end=\"2843\">Noci di ruote in ferro rivestiti in polvere<\/p>\n<\/li>\n<li data-start=\"2844\" data-end=\"2875\">\n<p data-start=\"2846\" data-end=\"2875\">Acciaio a sospensione pesante<\/p>\n<\/li>\n<\/ul>\n<h3 data-start=\"2877\" data-end=\"2891\"><\/h3>\n<h3 data-start=\"2877\" data-end=\"2891\">esterno<\/h3>\n<p data-start=\"2892\" data-end=\"3058\">Il triciclo presenta un design cargo semplificato e funzionale con pi\u00f9 opzioni di colori. La robusta struttura combina utilit\u00e0 e durata per la logistica quotidiana.<\/p>\n<h3 data-start=\"3060\" data-end=\"3072\"><\/h3>\n<h3 data-start=\"3060\" data-end=\"3072\">Progettazione<\/h3>\n<p data-start=\"3073\" data-end=\"3193\">Sedile di guida ergonomico, pannello strumenti trasparente e letto cargo spazioso progettato per praticit\u00e0 e comfort dell'operatore.<\/p>\n<h3 data-start=\"3195\" data-end=\"3218\"><\/h3>\n<h3 data-start=\"3195\" data-end=\"3218\">Customizzazione OEM<\/h3>\n<p data-start=\"3219\" data-end=\"3326\">Disponibile per decals di marchio, colori di vernice personalizzati e modifiche tecniche come aggiornamenti della batteria.<\/p>\n<h3 data-start=\"3328\" data-end=\"3349\"><\/h3>\n<h3 data-start=\"3328\" data-end=\"3349\">Controllo qualit\u00e0<\/h3>\n<p data-start=\"3350\" data-end=\"3483\">Fabbricato sotto rigorosi sistemi di ispezione, ogni unit\u00e0 \u00e8 testata per la durata, l'efficienza frenante e le prestazioni di supporto.<\/p>\n<h3 data-start=\"3485\" data-end=\"3510\"><\/h3>\n<h3 data-start=\"3485\" data-end=\"3510\">Servizio post-vendita<\/h3>\n<p data-start=\"3511\" data-end=\"3593\">Supporto in garanzia, fornitura di ricambi e guida tecnica disponibili a livello globale.<\/p>\n<h3 data-start=\"3595\" data-end=\"3619\"><\/h3>\n<h3 data-start=\"3595\" data-end=\"3619\">Campi di applicazione<\/h3>\n<ul data-start=\"3620\" data-end=\"3745\">\n<li data-start=\"3620\" data-end=\"3640\">\n<p data-start=\"3622\" data-end=\"3640\">Servizi di corriere<\/p>\n<\/li>\n<li data-start=\"3641\" data-end=\"3675\">\n<p data-start=\"3643\" data-end=\"3675\">Alimentazione alimentare &amp; catene di approvvigionamento al dettaglio<\/p>\n<\/li>\n<li data-start=\"3676\" data-end=\"3713\">\n<p data-start=\"3678\" data-end=\"3713\">Distribuzione dei prodotti agricoli<\/p>\n<\/li>\n<li data-start=\"3714\" data-end=\"3745\">\n<p data-start=\"3716\" data-end=\"3745\">Logistica cantiere<\/p>\n<\/li>\n<\/ul>\n<h3 data-start=\"3747\" data-end=\"3768\"><\/h3>\n<h3 data-start=\"3747\" data-end=\"3768\">Metodi di pagamento<\/h3>\n<p data-start=\"3769\" data-end=\"3828\">T \/ T, L \/ C, PayPal e termini di commercio internazionale flessibili.<\/p>\n<p>&nbsp;<\/p>\n<hr \/>\n<h3 data-start=\"510\" data-end=\"535\"><\/h3>\n<h3 data-start=\"3830\" data-end=\"3839\">Domande frequenti<\/h3>\n<p data-start=\"3840\" data-end=\"3949\"><strong data-start=\"3840\" data-end=\"3908\">Q1: Qual \u00e8 la velocit\u00e0 massima del triciclo elettrico HANJIANG?<\/strong><br data-start=\"3908\" data-end=\"3911\" \/>A1: Fino a 40 km\/h a seconda del carico.<\/p>\n<p data-start=\"3951\" data-end=\"4044\"><strong data-start=\"3951\" data-end=\"3990\">Q2: Pu\u00f2 gestire il trasporto in salita?<\/strong><br data-start=\"3990\" data-end=\"3993\" \/>A2: S\u00ec, supporta una capacit\u00e0 di arrampicata fino a 15\u00b0.<\/p>\n<p data-start=\"4046\" data-end=\"4149\"><strong data-start=\"4046\" data-end=\"4089\">Q3: Quali opzioni di batteria sono disponibili?<\/strong><br data-start=\"4089\" data-end=\"4092\" \/>A3: Sia le batterie al piombo-acido che al litio sono disponibili.<\/p>\n<p data-start=\"4151\" data-end=\"4267\"><strong data-start=\"4151\" data-end=\"4189\">Q4: \u00c8 possibile la personalizzazione dell'OEM?<\/strong><br data-start=\"4189\" data-end=\"4192\" \/>A4: S\u00ec, forniamo personalizzazioni di marchio, tecniche e di progettazione.<\/p>","protected":false},"excerpt":{"rendered":"<p>Il <strong data-start=\"4465\" data-end=\"4502\">HANJIANG carico pesante E-Trike<\/strong> \u00e8 un triciclo elettrico ad alte prestazioni costruito per efficienza, resistenza e sostenibilit\u00e0. Il suo motore avanzato, la costruzione robusta e il sistema di sospensione affidabile lo rendono una soluzione ideale per le moderne attivit\u00e0 logistiche e di consegna. Progettato per il trasporto merci urbano e rurale, combina durabilit\u00e0 con prestazioni ecologiche.<\/p>","protected":false},"featured_media":3983,"comment_status":"open","ping_status":"closed","template":"","meta":[],"product_brand":[],"product_cat":[78],"product_tag":[],"class_list":{"0":"post-3978","1":"product","2":"type-product","3":"status-publish","4":"has-post-thumbnail","6":"product_cat-electric-tricycle","8":"first","9":"instock","10":"shipping-taxable","11":"product-type-simple"},"_links":{"self":[{"href":"https:\/\/www.tairuiauto.com\/it\/wp-json\/wp\/v2\/product\/3978","targetHints":{"allow":["GET"]}}],"collection":[{"href":"https:\/\/www.tairuiauto.com\/it\/wp-json\/wp\/v2\/product"}],"about":[{"href":"https:\/\/www.tairuiauto.com\/it\/wp-json\/wp\/v2\/types\/product"}],"replies":[{"embeddable":true,"href":"https:\/\/www.tairuiauto.com\/it\/wp-json\/wp\/v2\/comments?post=3978"}],"wp:featuredmedia":[{"embeddable":true,"href":"https:\/\/www.tairuiauto.com\/it\/wp-json\/wp\/v2\/media\/3983"}],"wp:attachment":[{"href":"https:\/\/www.tairuiauto.com\/it\/wp-json\/wp\/v2\/media?parent=3978"}],"wp:term":[{"taxonomy":"product_brand","embeddable":true,"href":"https:\/\/www.tairuiauto.com\/it\/wp-json\/wp\/v2\/product_brand?post=3978"},{"taxonomy":"product_cat","embeddable":true,"href":"https:\/\/www.tairuiauto.com\/it\/wp-json\/wp\/v2\/product_cat?post=3978"},{"taxonomy":"product_tag","embeddable":true,"href":"https:\/\/www.tairuiauto.com\/it\/wp-json\/wp\/v2\/product_tag?post=3978"}],"curies":[{"name":"WP","href":"https:\/\/api.w.org\/{rel}","templated":true}]}}