{"id":4006,"date":"2025-10-14T09:45:44","date_gmt":"2025-10-14T01:45:44","guid":{"rendered":"https:\/\/www.tairuiauto.com\/?post_type=product&#038;p=4006"},"modified":"2025-10-14T09:09:49","modified_gmt":"2025-10-14T01:09:49","slug":"semi-open-passenger-electric-tricycle","status":"publish","type":"product","link":"https:\/\/www.tairuiauto.com\/it\/product\/semi-open-passenger-electric-tricycle\/","title":{"rendered":"Triciclo elettrico semiaperto passeggero"},"content":{"rendered":"<h3 data-start=\"156\" data-end=\"181\">Descrizione del prodotto<\/h3>\n<p data-start=\"182\" data-end=\"694\">Se utilizzato come un <strong data-start=\"527\" data-end=\"562\">trike passeggeri alimentato a batteria<\/strong>di, a <strong data-start=\"566\" data-end=\"588\">Taxi a tre ruote<\/strong>oppure a <strong data-start=\"595\" data-end=\"624\">veicolo di trasporto per il tempo libero<\/strong>\u00e8 costruito per soddisfare le esigenze della mobilit\u00e0 quotidiana con stile e comfort.<\/p>\n<table style=\"border-collapse: collapse; width: 61.7862%; height: 529px;\" border=\"0\" width=\"673\" cellspacing=\"0\" cellpadding=\"0\">\n<tbody>\n<tr style=\"height: 20.00pt;\">\n<td class=\"et3\" style=\"height: 20pt; width: 45.9662%;\" width=\"347\" height=\"33\">Modello<\/td>\n<td class=\"et3\" style=\"width: 53.8462%;\" width=\"326\">Leisure Style Semi aperto passeggero triciclo elettrico<\/td>\n<\/tr>\n<tr style=\"height: 20.00pt;\">\n<td class=\"et4\" style=\"height: 20pt; width: 45.9662%;\" width=\"347\" height=\"33\">motore<\/td>\n<td class=\"et4\" style=\"width: 53.8462%;\" width=\"326\">60\/72V650W<\/td>\n<\/tr>\n<tr style=\"height: 20.00pt;\">\n<td class=\"et4\" style=\"height: 20pt; width: 45.9662%;\" width=\"347\" height=\"33\">Controllatore<\/td>\n<td class=\"et4\" style=\"width: 53.8462%;\" width=\"326\">15 Tubo<\/td>\n<\/tr>\n<tr style=\"height: 20.00pt;\">\n<td class=\"et4\" style=\"height: 20pt; width: 45.9662%;\" width=\"347\" height=\"33\">Capacit\u00e0 di carico<\/td>\n<td class=\"et4\" style=\"width: 53.8462%;\" width=\"326\">&lt;  = 500 kg<\/td>\n<\/tr>\n<tr style=\"height: 20.00pt;\">\n<td class=\"et4\" style=\"height: 20pt; width: 45.9662%;\" width=\"347\" height=\"33\">Dimensione complessiva<\/td>\n<td class=\"et4\" style=\"width: 53.8462%;\" width=\"326\">1950 * 850 * 1650mm<\/td>\n<\/tr>\n<tr style=\"height: 20.00pt;\">\n<td class=\"et4\" style=\"height: 20pt; width: 45.9662%;\" width=\"347\" height=\"33\">Sistema freno<\/td>\n<td class=\"et4\" style=\"width: 53.8462%;\" width=\"326\">Tamburo anteriore\/tamburo posteriore<\/td>\n<\/tr>\n<tr style=\"height: 27.00pt;\">\n<td class=\"et4\" style=\"height: 27pt; width: 45.9662%;\" width=\"347\" height=\"45\">Capacit\u00e0 di arrampicata<\/td>\n<td class=\"et4\" style=\"width: 53.8462%;\" width=\"326\">\u226425\u00b0<\/td>\n<\/tr>\n<tr style=\"height: 20.00pt;\">\n<td class=\"et4\" style=\"height: 20pt; width: 45.9662%;\" width=\"347\" height=\"33\">Pneumatico anteriore\/posteriore<\/td>\n<td class=\"et4\" style=\"width: 53.8462%;\" width=\"326\">3.00-8<\/td>\n<\/tr>\n<tr style=\"height: 20.00pt;\">\n<td class=\"et4\" style=\"height: 20pt; width: 45.9662%;\" width=\"347\" height=\"33\">Velocit\u00e0 massima KM\/H<\/td>\n<td class=\"et4\" style=\"width: 53.8462%;\" width=\"326\">30-35KM\/h<\/td>\n<\/tr>\n<tr style=\"height: 20.00pt;\">\n<td class=\"et4\" style=\"height: 20pt; width: 45.9662%;\" width=\"347\" height=\"33\">batteria<\/td>\n<td class=\"et4\" style=\"width: 53.8462%;\" width=\"326\">48V32Ah piombo-acido o acqua-attivata batteria<\/td>\n<\/tr>\n<tr style=\"height: 20.00pt;\">\n<td class=\"et4\" style=\"height: 20pt; width: 45.9662%;\" width=\"347\" height=\"33\">Tempo di carica<\/td>\n<td class=\"et4\" style=\"width: 53.8462%;\" width=\"326\">6-10 ore<\/td>\n<\/tr>\n<tr style=\"height: 20.00pt;\">\n<td class=\"et4\" style=\"height: 20pt; width: 45.9662%;\" width=\"347\" height=\"33\">Gamma per carica\/KM<\/td>\n<td class=\"et4\" style=\"width: 53.8462%;\" width=\"326\">40-60KM<\/td>\n<\/tr>\n<tr style=\"height: 20.00pt;\">\n<td class=\"et4\" style=\"height: 20pt; width: 45.9662%;\" width=\"347\" height=\"33\">Scelta colore<\/td>\n<td class=\"et4\" style=\"width: 53.8462%;\" width=\"326\">Personalizzato<\/td>\n<\/tr>\n<tr style=\"height: 20.00pt;\">\n<td class=\"et4\" style=\"height: 20pt; width: 45.9662%;\" width=\"347\" height=\"33\">Capacit\u00e0 del contenitore<\/td>\n<td class=\"et4\" style=\"width: 53.8462%;\" width=\"326\">CKD: 108pcs\/40HQ<\/td>\n<\/tr>\n<tr style=\"height: 20.00pt;\">\n<td class=\"et4\" style=\"height: 20pt; width: 45.9662%;\" width=\"347\" height=\"33\">Dimensioni del pacchetto<\/td>\n<td class=\"et4\" style=\"width: 53.8462%;\" width=\"326\">200 cm * 100 cm * 170 cm<\/td>\n<\/tr>\n<tr style=\"height: 20.00pt;\">\n<td class=\"et4\" style=\"height: 20pt; width: 45.9662%;\" width=\"347\" height=\"33\">Peso lordo del pacchetto<\/td>\n<td class=\"et4\" style=\"width: 53.8462%;\" width=\"326\">100 kg<\/td>\n<\/tr>\n<\/tbody>\n<\/table>\n<hr data-start=\"696\" data-end=\"699\" \/>\n<h3 data-start=\"701\" data-end=\"732\">Caratteristiche principali &amp; Vantaggi<\/h3>\n<p>&nbsp;<\/p>\n<p data-start=\"734\" data-end=\"759\"><strong data-start=\"734\" data-end=\"757\">Punti di vendita\u00a0<\/strong><\/p>\n<ol data-start=\"760\" data-end=\"1520\">\n<li data-start=\"760\" data-end=\"956\">\n<p data-start=\"763\" data-end=\"956\"><strong data-start=\"763\" data-end=\"789\">Mobilit\u00e0 ecologica:<\/strong> Alimentato da un motore da 60\/72V650W con un controller a 15 tubi, il triciclo elettrico per passeggeri riduce al minimo le emissioni e i costi del carburante fornendo prestazioni costanti.<\/p>\n<\/li>\n<li data-start=\"957\" data-end=\"1128\">\n<p data-start=\"960\" data-end=\"1128\"><strong data-start=\"960\" data-end=\"982\">Comfort passeggeri:<\/strong> Progettato con sedili ergonomici e ampio spazio per le gambe, questo <strong data-start=\"1037\" data-end=\"1059\">Taxi a tre ruote<\/strong> garantisce una guida sicura e confortevole per una capacit\u00e0 di carico fino a 500KG.<\/p>\n<\/li>\n<li data-start=\"1129\" data-end=\"1354\">\n<p data-start=\"1132\" data-end=\"1354\"><strong data-start=\"1132\" data-end=\"1162\">Adattabile a vari usi:<\/strong> Se servire come un <strong data-start=\"1184\" data-end=\"1211\">batterie passeggeri trike<\/strong> per famiglie, a breve distanza <strong data-start=\"1243\" data-end=\"1272\">veicolo di trasporto per il tempo libero<\/strong>oppure come parte di una flotta di ride-sharing, si adatta facilmente a pi\u00f9 applicazioni.<\/p>\n<\/li>\n<li data-start=\"1355\" data-end=\"1520\">\n<p data-start=\"1358\" data-end=\"1520\"><strong data-start=\"1358\" data-end=\"1380\">Efficienza energetica:<\/strong> Una resistente batteria a piombo-acido 48V32Ah o attivata con acqua garantisce un raggio di 40-60 km per carica, rendendolo un efficiente veicolo elettrico per il tempo libero.<\/p>\n<\/li>\n<\/ol>\n<p data-start=\"1522\" data-end=\"1559\">\u00a0 \u00a0 \u00a0 <img fetchpriority=\"high\" decoding=\"async\" class=\"alignnone size-medium wp-image-4014\" src=\"https:\/\/www.tairuiauto.com\/wp-content\/uploads\/2025\/10\/fc8570b1-6078-41bb-9934-82b3cfb9c2e3-300x300.webp\" alt=\"\" width=\"300\" height=\"300\" srcset=\"\" sizes=\"(max-width: 300px) 100vw, 300px\" data-srcset=\"\" \/>\u00a0 \u00a0 \u00a0 \u00a0 \u00a0\u00a0 <img decoding=\"async\" class=\"alignnone size-medium wp-image-4012\" src=\"https:\/\/www.tairuiauto.com\/wp-content\/uploads\/2025\/10\/29678edb-d419-46cf-8bb2-fe2005148c96-300x300.webp\" alt=\"\" width=\"300\" height=\"300\" srcset=\"https:\/\/www.tairuiauto.com\/wp-content\/uploads\/2025\/10\/29678edb-d419-46cf-8bb2-fe2005148c96-300x300.webp 300w, https:\/\/www.tairuiauto.com\/wp-content\/uploads\/2025\/10\/29678edb-d419-46cf-8bb2-fe2005148c96-1024x1024.webp 1024w, https:\/\/www.tairuiauto.com\/wp-content\/uploads\/2025\/10\/29678edb-d419-46cf-8bb2-fe2005148c96-150x150.webp 150w, https:\/\/www.tairuiauto.com\/wp-content\/uploads\/2025\/10\/29678edb-d419-46cf-8bb2-fe2005148c96-768x768.webp 768w, https:\/\/www.tairuiauto.com\/wp-content\/uploads\/2025\/10\/29678edb-d419-46cf-8bb2-fe2005148c96-12x12.webp 12w, https:\/\/www.tairuiauto.com\/wp-content\/uploads\/2025\/10\/29678edb-d419-46cf-8bb2-fe2005148c96-600x600.webp 600w, https:\/\/www.tairuiauto.com\/wp-content\/uploads\/2025\/10\/29678edb-d419-46cf-8bb2-fe2005148c96-100x100.webp 100w, https:\/\/www.tairuiauto.com\/wp-content\/uploads\/2025\/10\/29678edb-d419-46cf-8bb2-fe2005148c96.webp 1300w\" sizes=\"(max-width: 300px) 100vw, 300px\" \/>\u00a0 \u00a0 \u00a0 \u00a0 \u00a0 \u00a0<img decoding=\"async\" class=\"alignnone size-medium wp-image-4010\" src=\"https:\/\/www.tairuiauto.com\/wp-content\/uploads\/2025\/10\/55fe9974-5809-40b0-920a-555de82d4dcf-300x300.webp\" alt=\"\" width=\"300\" height=\"300\" srcset=\"https:\/\/www.tairuiauto.com\/wp-content\/uploads\/2025\/10\/55fe9974-5809-40b0-920a-555de82d4dcf-300x300.webp 300w, https:\/\/www.tairuiauto.com\/wp-content\/uploads\/2025\/10\/55fe9974-5809-40b0-920a-555de82d4dcf-1024x1024.webp 1024w, https:\/\/www.tairuiauto.com\/wp-content\/uploads\/2025\/10\/55fe9974-5809-40b0-920a-555de82d4dcf-150x150.webp 150w, https:\/\/www.tairuiauto.com\/wp-content\/uploads\/2025\/10\/55fe9974-5809-40b0-920a-555de82d4dcf-768x768.webp 768w, https:\/\/www.tairuiauto.com\/wp-content\/uploads\/2025\/10\/55fe9974-5809-40b0-920a-555de82d4dcf-12x12.webp 12w, https:\/\/www.tairuiauto.com\/wp-content\/uploads\/2025\/10\/55fe9974-5809-40b0-920a-555de82d4dcf-600x600.webp 600w, https:\/\/www.tairuiauto.com\/wp-content\/uploads\/2025\/10\/55fe9974-5809-40b0-920a-555de82d4dcf-100x100.webp 100w, https:\/\/www.tairuiauto.com\/wp-content\/uploads\/2025\/10\/55fe9974-5809-40b0-920a-555de82d4dcf.webp 1300w\" sizes=\"(max-width: 300px) 100vw, 300px\" \/><\/p>\n<p data-start=\"1522\" data-end=\"1559\"><strong data-start=\"1522\" data-end=\"1557\">Vantaggi di differenziazione\u00a0<\/strong><\/p>\n<ol data-start=\"1560\" data-end=\"2139\">\n<li data-start=\"1560\" data-end=\"1689\">\n<p data-start=\"1563\" data-end=\"1689\"><strong data-start=\"1563\" data-end=\"1582\">Progettazione compatta:<\/strong> Le dimensioni pi\u00f9 piccole (1950\u00d7850\u00d71650mm) consentono di manovrare facilmente attraverso strade strette, ideale per le citt\u00e0 affollate.<\/p>\n<\/li>\n<li data-start=\"1690\" data-end=\"1815\">\n<p data-start=\"1693\" data-end=\"1815\"><strong data-start=\"1693\" data-end=\"1720\">Sistema di sicurezza affidabile:<\/strong> Dotato di freni a tamburo anteriori e posteriori, garantendo una fermata fluida anche su pendii fino a 25\u00b0.<\/p>\n<\/li>\n<li data-start=\"1816\" data-end=\"1999\">\n<p data-start=\"1819\" data-end=\"1999\"><strong data-start=\"1819\" data-end=\"1849\">Investimenti economici:<\/strong> Prezzi competitivi, manutenzione bassa e costruzione duratura rendono questo <strong data-start=\"1923\" data-end=\"1951\">veicolo elettrico per il tempo libero<\/strong> una scelta redditizia per le imprese di trasporto.<\/p>\n<\/li>\n<li data-start=\"2000\" data-end=\"2139\">\n<p data-start=\"2003\" data-end=\"2139\"><strong data-start=\"2003\" data-end=\"2028\">Alta capacit\u00e0 di esportazione:<\/strong> Con la capacit\u00e0 del contenitore CKD di 108pcs\/40HQ, supporta ordini in massa e distribuzione globale per i clienti B2B.<\/p>\n<\/li>\n<\/ol>\n<hr data-start=\"2772\" data-end=\"2775\" \/>\n<h3 data-start=\"2777\" data-end=\"2803\">Parametri tecnici<\/h3>\n<ul data-start=\"2804\" data-end=\"3021\">\n<li data-start=\"2804\" data-end=\"2841\">\n<p data-start=\"2806\" data-end=\"2841\">Sistema di alimentazione: motore elettrico 650W<\/p>\n<\/li>\n<li data-start=\"2842\" data-end=\"2864\">\n<p data-start=\"2844\" data-end=\"2864\">Tensione: 60V\/72V<\/p>\n<\/li>\n<li data-start=\"2865\" data-end=\"2913\">\n<p data-start=\"2867\" data-end=\"2913\">Opzioni batteria: piombo-acido \/ acqua attivata<\/p>\n<\/li>\n<li data-start=\"2914\" data-end=\"2939\">\n<p data-start=\"2916\" data-end=\"2939\">Ciclo di ricarica: 6-10h<\/p>\n<\/li>\n<li data-start=\"2940\" data-end=\"2971\">\n<p data-start=\"2942\" data-end=\"2971\">Kilometraggio per carica: 40\u201360km<\/p>\n<\/li>\n<li data-start=\"2972\" data-end=\"2999\">\n<p data-start=\"2974\" data-end=\"2999\">Angolo massimo di arrampicata: 25\u00b0<\/p>\n<\/li>\n<li data-start=\"3000\" data-end=\"3021\">\n<p data-start=\"3002\" data-end=\"3021\">Velocit\u00e0 massima: 35km\/h<\/p>\n<\/li>\n<\/ul>\n<hr data-start=\"3023\" data-end=\"3026\" \/>\n<h3 data-start=\"3028\" data-end=\"3042\">Materiale<\/h3>\n<ul data-start=\"3043\" data-end=\"3213\">\n<li data-start=\"3043\" data-end=\"3088\">\n<p data-start=\"3045\" data-end=\"3088\"><strong data-start=\"3045\" data-end=\"3055\">telaio:<\/strong> Acciaio rinforzato ad alta resistenza<\/p>\n<\/li>\n<li data-start=\"3089\" data-end=\"3131\">\n<p data-start=\"3091\" data-end=\"3131\"><strong data-start=\"3091\" data-end=\"3101\">Pneumatici:<\/strong> Gomma resistente, dimensioni 3.00-8<\/p>\n<\/li>\n<li data-start=\"3132\" data-end=\"3213\">\n<p data-start=\"3134\" data-end=\"3213\"><strong data-start=\"3134\" data-end=\"3150\">Pannelli del corpo:<\/strong> Acciaio trattato resistente alla ruggine con opzioni di vernice personalizzabili<\/p>\n<\/li>\n<\/ul>\n<hr data-start=\"3215\" data-end=\"3218\" \/>\n<h3 data-start=\"3220\" data-end=\"3236\">Aspetto<\/h3>\n<p data-start=\"3237\" data-end=\"3436\">La carrozzeria semplificata con un tetto a baldacchino curvo, il telaio leggero e il design esterno moderno rendono la trike elegante ma funzionale. Le sue dimensioni compatte garantiscono una facile navigazione in aree urbane congestionate.<\/p>\n<hr data-start=\"3438\" data-end=\"3441\" \/>\n<h3 data-start=\"3443\" data-end=\"3455\">Progettazione<\/h3>\n<p data-start=\"3456\" data-end=\"3622\">Design centrato sull'uomo con sistemi frenanti incentrati sulla sicurezza, sedili ergonomici per i passeggeri e distribuzione ottimizzata del peso per la stabilit\u00e0 in curve o pendii taglienti.<\/p>\n<hr data-start=\"3624\" data-end=\"3627\" \/>\n<h3 data-start=\"3629\" data-end=\"3652\">Customizzazione OEM<\/h3>\n<ul data-start=\"3653\" data-end=\"3794\">\n<li data-start=\"3653\" data-end=\"3691\">\n<p data-start=\"3655\" data-end=\"3691\">Potenza del motore e opzioni del controller<\/p>\n<\/li>\n<li data-start=\"3692\" data-end=\"3721\">\n<p data-start=\"3694\" data-end=\"3721\">Tipo e capacit\u00e0 della batteria<\/p>\n<\/li>\n<li data-start=\"3722\" data-end=\"3756\">\n<p data-start=\"3724\" data-end=\"3756\">Colore del corpo e decals di branding<\/p>\n<\/li>\n<li data-start=\"3757\" data-end=\"3794\">\n<p data-start=\"3759\" data-end=\"3794\">Disposizione sedile e stile baldacchino<\/p>\n<\/li>\n<\/ul>\n<hr data-start=\"3796\" data-end=\"3799\" \/>\n<h3 data-start=\"3801\" data-end=\"3822\">Controllo qualit\u00e0<\/h3>\n<p data-start=\"3823\" data-end=\"4013\">Ogni triciclo \u00e8 sottoposto a rigorose ispezioni di fabbrica, dalla saldatura e verniciatura ai test della batteria. Certificato sotto <strong data-start=\"3937\" data-end=\"3963\">Gestione qualit\u00e0 ISO<\/strong> e incontro <strong data-start=\"3976\" data-end=\"4010\">standard internazionali di esportazione<\/strong>.<\/p>\n<hr data-start=\"4015\" data-end=\"4018\" \/>\n<h3 data-start=\"4020\" data-end=\"4045\">Servizio post-vendita<\/h3>\n<ul data-start=\"4046\" data-end=\"4230\">\n<li data-start=\"4046\" data-end=\"4092\">\n<p data-start=\"4048\" data-end=\"4092\">Garanzia di 12 mesi per motore e controller<\/p>\n<\/li>\n<li data-start=\"4093\" data-end=\"4121\">\n<p data-start=\"4095\" data-end=\"4121\">6 mesi di garanzia della batteria<\/p>\n<\/li>\n<li data-start=\"4122\" data-end=\"4173\">\n<p data-start=\"4124\" data-end=\"4173\">Supporto tecnico online e fornitura di ricambi<\/p>\n<\/li>\n<li data-start=\"4174\" data-end=\"4230\">\n<p data-start=\"4176\" data-end=\"4230\">Assistenza di spedizione globale e supporto alla documentazione<\/p>\n<\/li>\n<\/ul>\n<hr data-start=\"4232\" data-end=\"4235\" \/>\n<h3 data-start=\"4237\" data-end=\"4261\">Campi di applicazione<\/h3>\n<ul data-start=\"4262\" data-end=\"4504\">\n<li data-start=\"4262\" data-end=\"4313\">\n<p data-start=\"4264\" data-end=\"4313\"><strong data-start=\"4264\" data-end=\"4286\">Taxi a tre ruote<\/strong> per corse a breve distanza<\/p>\n<\/li>\n<li data-start=\"4314\" data-end=\"4375\">\n<p data-start=\"4316\" data-end=\"4375\"><strong data-start=\"4316\" data-end=\"4345\">Veicolo di trasporto per il tempo libero<\/strong> per uso familiare o comunitario<\/p>\n<\/li>\n<li data-start=\"4376\" data-end=\"4432\">\n<p data-start=\"4378\" data-end=\"4432\"><strong data-start=\"4378\" data-end=\"4412\">Navetta passeggeri ecologica<\/strong> per luoghi turistici<\/p>\n<\/li>\n<li data-start=\"4433\" data-end=\"4504\">\n<p data-start=\"4435\" data-end=\"4504\"><strong data-start=\"4435\" data-end=\"4462\">Batteria passeggero trike<\/strong> per scuole, parchi o zone industriali<\/p>\n<\/li>\n<\/ul>\n<hr data-start=\"4506\" data-end=\"4509\" \/>\n<h3 data-start=\"4511\" data-end=\"4530\">Condizioni di pagamento<\/h3>\n<ul data-start=\"4531\" data-end=\"4620\">\n<li data-start=\"4531\" data-end=\"4583\">\n<p data-start=\"4533\" data-end=\"4583\">T\/T, L\/C, Western Union, Alibaba Assicurazione del commercio<\/p>\n<\/li>\n<li data-start=\"4584\" data-end=\"4620\">\n<p data-start=\"4586\" data-end=\"4620\">30% deposito, 70% prima della spedizione<\/p>\n<\/li>\n<\/ul>\n<hr data-start=\"4622\" data-end=\"4625\" \/>\n<h3 data-start=\"4627\" data-end=\"4636\">Domande frequenti<\/h3>\n<p data-start=\"4638\" data-end=\"4791\"><strong data-start=\"4638\" data-end=\"4721\">Q1: Qual \u00e8 la velocit\u00e0 massima del triciclo elettrico semi aperto?<\/strong><br data-start=\"4721\" data-end=\"4724\" \/>A1: Pu\u00f2 raggiungere 30-35 km\/h a seconda delle condizioni stradali e del carico.<\/p>\n<p data-start=\"4793\" data-end=\"4934\"><strong data-start=\"4793\" data-end=\"4834\">Q2: Quanti passeggeri pu\u00f2 trasportare?<\/strong><br data-start=\"4834\" data-end=\"4837\" \/>A2: Supporta un carico massimo di 500 kg, che in genere si adatta comodamente a 2-3 passeggeri adulti.<\/p>\n<p data-start=\"4936\" data-end=\"5074\"><strong data-start=\"4936\" data-end=\"4974\">Q3: La batteria pu\u00f2 essere personalizzata?<\/strong><br data-start=\"4974\" data-end=\"4977\" \/>A3: S\u00ec, \u00e8 possibile scegliere tra batterie attivate a piombo-acido o acqua con opzioni di 48V o 72V.<\/p>\n<p data-start=\"5076\" data-end=\"5188\"><strong data-start=\"5076\" data-end=\"5110\">Q4: Il marchio OEM \u00e8 disponibile?<\/strong><br data-start=\"5110\" data-end=\"5113\" \/>A4: S\u00ec, forniamo personalizzazione OEM per colori, loghi e design del sedile.<\/p>\n<p data-start=\"5190\" data-end=\"5294\"><strong data-start=\"5190\" data-end=\"5230\">Q5: Quanto tempo ci vuole per caricare?<\/strong><br data-start=\"5230\" data-end=\"5233\" \/>A5: Il tempo di ricarica standard \u00e8 di 6-10 ore per una carica completa.<\/p>","protected":false},"excerpt":{"rendered":"<p>Il <strong data-start=\"186\" data-end=\"231\">Triciclo elettrico semiaperto passeggero<\/strong> \u00e8 un tre ruote compatto ma potente progettato per semplificare i pendolari urbani, i viaggi a breve distanza e il trasporto di passeggeri. Con il suo efficiente <strong data-start=\"376\" data-end=\"390\">motore 650W<\/strong>, telaio robusto e layout moderno dei posti a sedere, questo trike passeggeri elettrico offre sia ecologia che affidabilit\u00e0. Se utilizzato come un <strong data-start=\"527\" data-end=\"562\">trike passeggeri alimentato a batteria<\/strong>di, a <strong data-start=\"566\" data-end=\"588\">Taxi a tre ruote<\/strong>oppure a <strong data-start=\"595\" data-end=\"624\">veicolo di trasporto per il tempo libero<\/strong>\u00e8 costruito per soddisfare le esigenze della mobilit\u00e0 quotidiana con stile e comfort.<\/p>","protected":false},"featured_media":4015,"comment_status":"open","ping_status":"closed","template":"","meta":[],"product_brand":[],"product_cat":[78],"product_tag":[],"class_list":{"0":"post-4006","1":"product","2":"type-product","3":"status-publish","4":"has-post-thumbnail","6":"product_cat-electric-tricycle","8":"first","9":"instock","10":"shipping-taxable","11":"product-type-simple"},"_links":{"self":[{"href":"https:\/\/www.tairuiauto.com\/it\/wp-json\/wp\/v2\/product\/4006","targetHints":{"allow":["GET"]}}],"collection":[{"href":"https:\/\/www.tairuiauto.com\/it\/wp-json\/wp\/v2\/product"}],"about":[{"href":"https:\/\/www.tairuiauto.com\/it\/wp-json\/wp\/v2\/types\/product"}],"replies":[{"embeddable":true,"href":"https:\/\/www.tairuiauto.com\/it\/wp-json\/wp\/v2\/comments?post=4006"}],"wp:featuredmedia":[{"embeddable":true,"href":"https:\/\/www.tairuiauto.com\/it\/wp-json\/wp\/v2\/media\/4015"}],"wp:attachment":[{"href":"https:\/\/www.tairuiauto.com\/it\/wp-json\/wp\/v2\/media?parent=4006"}],"wp:term":[{"taxonomy":"product_brand","embeddable":true,"href":"https:\/\/www.tairuiauto.com\/it\/wp-json\/wp\/v2\/product_brand?post=4006"},{"taxonomy":"product_cat","embeddable":true,"href":"https:\/\/www.tairuiauto.com\/it\/wp-json\/wp\/v2\/product_cat?post=4006"},{"taxonomy":"product_tag","embeddable":true,"href":"https:\/\/www.tairuiauto.com\/it\/wp-json\/wp\/v2\/product_tag?post=4006"}],"curies":[{"name":"WP","href":"https:\/\/api.w.org\/{rel}","templated":true}]}}