{"id":4051,"date":"2025-10-18T09:38:20","date_gmt":"2025-10-18T01:38:20","guid":{"rendered":"https:\/\/www.tairuiauto.com\/?post_type=product&#038;p=4051"},"modified":"2025-10-16T09:25:15","modified_gmt":"2025-10-16T01:25:15","slug":"passenger-three-wheeler-ev","status":"publish","type":"product","link":"https:\/\/www.tairuiauto.com\/it\/product\/passenger-three-wheeler-ev\/","title":{"rendered":"Passeggeri tre ruote EV"},"content":{"rendered":"<h3 data-start=\"284\" data-end=\"309\">Descrizione del prodotto<\/h3>\n<p data-start=\"310\" data-end=\"975\">Con una capacit\u00e0 di posti a sedere per 5 passeggeri, \u00e8 ideale per uso familiare, pendolari comunitari, servizi di ride-sharing o anche come alternativa ai tradizionali tuk tuk nei mercati in via di sviluppo.<\/p>\n<table style=\"width: 78.2203%; height: 432px;\" width=\"618\">\n<tbody>\n<tr style=\"height: 24px;\">\n<td style=\"height: 24px;\" width=\"245\">Modello<\/td>\n<td style=\"height: 24px;\" width=\"373\">WEIKA passeggero tre ruote EV<\/td>\n<\/tr>\n<tr style=\"height: 24px;\">\n<td style=\"height: 24px;\" width=\"245\">Tempo di carica<\/td>\n<td style=\"height: 24px;\" width=\"373\">8 ore<\/td>\n<\/tr>\n<tr style=\"height: 24px;\">\n<td style=\"height: 24px;\" width=\"245\">Pneumatico Tt anteriore\/posteriore<\/td>\n<td style=\"height: 24px;\" width=\"373\">Prima 4.00-12 e poi 4.00-12<\/td>\n<\/tr>\n<tr style=\"height: 24px;\">\n<td style=\"height: 24px;\" width=\"245\">Scelta colore<\/td>\n<td style=\"height: 24px;\" width=\"373\">Personalizzato<\/td>\n<\/tr>\n<tr style=\"height: 24px;\">\n<td style=\"height: 24px;\" width=\"245\">Marchio<\/td>\n<td style=\"height: 24px;\" width=\"373\">TECREK o OEM<\/td>\n<\/tr>\n<tr style=\"height: 24px;\">\n<td style=\"height: 24px;\" width=\"245\">Origine<\/td>\n<td style=\"height: 24px;\" width=\"373\">Cina<\/td>\n<\/tr>\n<tr style=\"height: 24px;\">\n<td style=\"height: 24px;\" width=\"245\">Gamma per carica\/Km<\/td>\n<td style=\"height: 24px;\" width=\"373\">50 km<\/td>\n<\/tr>\n<tr style=\"height: 24px;\">\n<td style=\"height: 24px;\" width=\"245\">Velocit\u00e0 massima Km\/H<\/td>\n<td style=\"height: 24px;\" width=\"373\">30-40 km\/h<\/td>\n<\/tr>\n<tr style=\"height: 24px;\">\n<td style=\"height: 24px;\" width=\"245\">vetro<\/td>\n<td style=\"height: 24px;\" width=\"373\">Vetro a mano<\/td>\n<\/tr>\n<tr style=\"height: 24px;\">\n<td style=\"height: 24px;\" width=\"245\">Dimensione complessiva<\/td>\n<td style=\"height: 24px;\" width=\"373\">2350 * 1160 * 1670mm<\/td>\n<\/tr>\n<tr style=\"height: 24px;\">\n<td style=\"height: 24px;\" width=\"245\">Sedili<\/td>\n<td style=\"height: 24px;\" width=\"373\">5<\/td>\n<\/tr>\n<tr style=\"height: 24px;\">\n<td style=\"height: 24px;\" width=\"245\">Potenza del motore idraulico<\/td>\n<td style=\"height: 24px;\" width=\"373\">800 watt<\/td>\n<\/tr>\n<tr style=\"height: 24px;\">\n<td style=\"height: 24px;\" width=\"245\">Tensione standard<\/td>\n<td style=\"height: 24px;\" width=\"373\">48\/60V<\/td>\n<\/tr>\n<tr style=\"height: 24px;\">\n<td style=\"height: 24px;\" width=\"245\">Controllatore<\/td>\n<td style=\"height: 24px;\" width=\"373\">36Tubo<\/td>\n<\/tr>\n<tr style=\"height: 24px;\">\n<td style=\"height: 24px;\" width=\"245\">Modalit\u00e0 frenata<\/td>\n<td style=\"height: 24px;\" width=\"373\">Anteriore: tamburo Dietro: disco<\/td>\n<\/tr>\n<tr style=\"height: 24px;\">\n<td style=\"height: 24px;\" width=\"245\">Liberazione minima da terra<\/td>\n<td style=\"height: 24px;\" width=\"373\">135<\/td>\n<\/tr>\n<tr style=\"height: 24px;\">\n<td style=\"height: 24px;\" width=\"245\">Capacit\u00e0 di produzione<\/td>\n<td style=\"height: 24px;\" width=\"373\">350,00 cm * 150,00 cm * 150,00 cm<\/td>\n<\/tr>\n<tr style=\"height: 24px;\">\n<td style=\"height: 24px;\" width=\"245\">Peso lordo del pacchetto<\/td>\n<td style=\"height: 24px;\" width=\"373\">260.000kg<\/td>\n<\/tr>\n<\/tbody>\n<\/table>\n<hr data-start=\"977\" data-end=\"980\" \/>\n<h3 data-start=\"982\" data-end=\"1006\">Punti di vendita chiave<\/h3>\n<ol data-start=\"1007\" data-end=\"1804\">\n<li data-start=\"1007\" data-end=\"1236\">\n<p data-start=\"1010\" data-end=\"1236\"><strong data-start=\"1010\" data-end=\"1041\">Mobilit\u00e0 urbana ecologica<\/strong> Il Passenger Three Wheeler EV riduce le emissioni di carbonio, offrendo un\u2019alternativa sostenibile alle motociclette, scooter e tuk tuk a benzina. Perfetto per gite in citt\u00e0 e pendolari a breve distanza.<\/p>\n<\/li>\n<li data-start=\"1237\" data-end=\"1425\">\n<p data-start=\"1240\" data-end=\"1425\"><strong data-start=\"1240\" data-end=\"1271\">Spaziosa capacit\u00e0 passeggeri<\/strong> Progettato con 5 posti a sedere e una cabina ergonomica, questo triciccolo elettrico garantisce gite confortevoli per famiglie, passeggeri o servizi di trasporto locali.<\/p>\n<\/li>\n<li data-start=\"1426\" data-end=\"1610\">\n<p data-start=\"1429\" data-end=\"1610\"><strong data-start=\"1429\" data-end=\"1467\">Prestazioni efficienti e affidabili<\/strong> Con un motore idraulico da 800 W e un controller a 36 tubi, il trike elettrico WEIKA offre una potenza fluida, una frenata forte e una gamma affidabile.<\/p>\n<\/li>\n<li data-start=\"1611\" data-end=\"1804\">\n<p data-start=\"1614\" data-end=\"1804\"><strong data-start=\"1614\" data-end=\"1648\">Manutenzione economica e bassa<\/strong> Rispetto alle tre ruote a base di carburante, il Passenger Three Wheeler EV offre risparmi sui costi del carburante, meno problemi meccanici e una durata di vita pi\u00f9 lunga dei componenti.<\/p>\n<\/li>\n<\/ol>\n<p>&nbsp;<\/p>\n<hr data-start=\"1806\" data-end=\"1809\" \/>\n<h3 data-start=\"1811\" data-end=\"1842\">Vantaggi differenziati<\/h3>\n<ol data-start=\"1843\" data-end=\"2574\">\n<li data-start=\"1843\" data-end=\"2023\">\n<p data-start=\"1846\" data-end=\"2023\"><strong data-start=\"1846\" data-end=\"1874\">Caratteristiche di sicurezza migliorate<\/strong> Dotato di una combinazione di freno a tamburo anteriore e freno a disco posteriore, questo tuk tuk elettrico fornisce una potenza di fermata affidabile e sicurezza dei passeggeri.<\/p>\n<\/li>\n<li data-start=\"2024\" data-end=\"2221\">\n<p data-start=\"2027\" data-end=\"2221\"><strong data-start=\"2027\" data-end=\"2051\">Opzioni personalizzabili<\/strong> Il Passenger Three Wheeler EV supporta la personalizzazione OEM\/ODM, inclusi colori, marchio (TECREK o OEM) e accessori, rendendolo flessibile per gli operatori commerciali.<\/p>\n<\/li>\n<li data-start=\"2222\" data-end=\"2379\">\n<p data-start=\"2225\" data-end=\"2379\"><strong data-start=\"2225\" data-end=\"2254\">Comfort moderno e design<\/strong> Finestre in vetro a mano, una cabina completamente in metallo e materiali resistenti alle intemperie garantiscono l'usabilit\u00e0 tutto l'anno in vari climi.<\/p>\n<\/li>\n<li data-start=\"2380\" data-end=\"2574\">\n<p data-start=\"2383\" data-end=\"2574\"><strong data-start=\"2383\" data-end=\"2410\">Alta qualit\u00e0 della produzione<\/strong> Con una capacit\u00e0 di produzione di 350.000 unit\u00e0 all\u2019anno, ogni trike elettrico WEIKA \u00e8 sottoposto a rigorose ispezioni di qualit\u00e0, garantendo consistenza e affidabilit\u00e0.<\/p>\n<\/li>\n<\/ol>\n<p data-start=\"3003\" data-end=\"3048\"><img fetchpriority=\"high\" decoding=\"async\" class=\"alignnone size-medium wp-image-4055 aligncenter\" src=\"https:\/\/www.tairuiauto.com\/wp-content\/uploads\/2025\/10\/c15afa43-58c3-4205-8d58-f419c8d9d1ed-300x300.jpg\" alt=\"\" width=\"300\" height=\"300\" srcset=\"https:\/\/www.tairuiauto.com\/wp-content\/uploads\/2025\/10\/c15afa43-58c3-4205-8d58-f419c8d9d1ed-300x300.jpg 300w, https:\/\/www.tairuiauto.com\/wp-content\/uploads\/2025\/10\/c15afa43-58c3-4205-8d58-f419c8d9d1ed-1024x1024.jpg 1024w, https:\/\/www.tairuiauto.com\/wp-content\/uploads\/2025\/10\/c15afa43-58c3-4205-8d58-f419c8d9d1ed-150x150.jpg 150w, https:\/\/www.tairuiauto.com\/wp-content\/uploads\/2025\/10\/c15afa43-58c3-4205-8d58-f419c8d9d1ed-768x768.jpg 768w, https:\/\/www.tairuiauto.com\/wp-content\/uploads\/2025\/10\/c15afa43-58c3-4205-8d58-f419c8d9d1ed-1536x1536.jpg 1536w, https:\/\/www.tairuiauto.com\/wp-content\/uploads\/2025\/10\/c15afa43-58c3-4205-8d58-f419c8d9d1ed-2048x2048.jpg 2048w, https:\/\/www.tairuiauto.com\/wp-content\/uploads\/2025\/10\/c15afa43-58c3-4205-8d58-f419c8d9d1ed-12x12.jpg 12w, https:\/\/www.tairuiauto.com\/wp-content\/uploads\/2025\/10\/c15afa43-58c3-4205-8d58-f419c8d9d1ed-600x600.jpg 600w, https:\/\/www.tairuiauto.com\/wp-content\/uploads\/2025\/10\/c15afa43-58c3-4205-8d58-f419c8d9d1ed-100x100.jpg 100w\" sizes=\"(max-width: 300px) 100vw, 300px\" \/><\/p>\n<hr data-start=\"3050\" data-end=\"3053\" \/>\n<h3 data-start=\"3055\" data-end=\"3081\">Parametri tecnici<\/h3>\n<ul data-start=\"3082\" data-end=\"3264\">\n<li data-start=\"3082\" data-end=\"3135\">\n<p data-start=\"3084\" data-end=\"3135\"><strong data-start=\"3084\" data-end=\"3105\">Pneumatici anteriori\/posteriori:<\/strong> Prima 4.00-12, posteriore 4.00-12<\/p>\n<\/li>\n<li data-start=\"3136\" data-end=\"3164\">\n<p data-start=\"3138\" data-end=\"3164\"><strong data-start=\"3138\" data-end=\"3148\">telaio:<\/strong> Telaio in acciaio<\/p>\n<\/li>\n<li data-start=\"3165\" data-end=\"3198\">\n<p data-start=\"3167\" data-end=\"3198\"><strong data-start=\"3167\" data-end=\"3177\">Vetro:<\/strong> Finestre in vetro a mano<\/p>\n<\/li>\n<li data-start=\"3199\" data-end=\"3264\">\n<p data-start=\"3201\" data-end=\"3264\"><strong data-start=\"3201\" data-end=\"3218\">Fonte di alimentazione:<\/strong> Batteria al piombo-acido o al litio (personalizzabile)<\/p>\n<\/li>\n<\/ul>\n<hr data-start=\"3266\" data-end=\"3269\" \/>\n<h3 data-start=\"3271\" data-end=\"3286\">Materiali<\/h3>\n<ul data-start=\"3287\" data-end=\"3468\">\n<li data-start=\"3287\" data-end=\"3328\">\n<p data-start=\"3289\" data-end=\"3328\"><strong data-start=\"3289\" data-end=\"3298\">Corpo:<\/strong> Carrozzeria in acciaio rinforzato<\/p>\n<\/li>\n<li data-start=\"3329\" data-end=\"3364\">\n<p data-start=\"3331\" data-end=\"3364\"><strong data-start=\"3331\" data-end=\"3343\">Finestre:<\/strong> Vetro a mano durevole<\/p>\n<\/li>\n<li data-start=\"3365\" data-end=\"3421\">\n<p data-start=\"3367\" data-end=\"3421\"><strong data-start=\"3367\" data-end=\"3377\">Sedili:<\/strong> Sedili ergonomici per passeggeri con ammortizzazione<\/p>\n<\/li>\n<li data-start=\"3422\" data-end=\"3468\">\n<p data-start=\"3424\" data-end=\"3468\"><strong data-start=\"3424\" data-end=\"3434\">vernice:<\/strong> Finitura eco-vernice resistente alla ruggine<\/p>\n<\/li>\n<\/ul>\n<hr data-start=\"3470\" data-end=\"3473\" \/>\n<h3 data-start=\"3475\" data-end=\"3491\">Aspetto<\/h3>\n<ul data-start=\"3492\" data-end=\"3599\">\n<li data-start=\"3492\" data-end=\"3523\">\n<p data-start=\"3494\" data-end=\"3523\">Disegno di cabina chiusa compatta<\/p>\n<\/li>\n<li data-start=\"3524\" data-end=\"3560\">\n<p data-start=\"3526\" data-end=\"3560\">Corpo bianco elegante con finitura nera<\/p>\n<\/li>\n<li data-start=\"3561\" data-end=\"3599\">\n<p data-start=\"3563\" data-end=\"3599\">Colori della carrozzeria personalizzabili disponibili<\/p>\n<\/li>\n<\/ul>\n<hr data-start=\"3601\" data-end=\"3604\" \/>\n<h3 data-start=\"3606\" data-end=\"3618\">Progettazione<\/h3>\n<p data-start=\"3619\" data-end=\"3774\">Il Passenger Three Wheeler EV \u00e8 progettato per praticit\u00e0 e comfort, con una cabina chiusa, una struttura in acciaio resistente e un uso efficiente dello spazio.<\/p>\n<hr data-start=\"3776\" data-end=\"3779\" \/>\n<h3 data-start=\"3781\" data-end=\"3804\">Customizzazione OEM<\/h3>\n<p data-start=\"3805\" data-end=\"3835\">Supporta OEM\/ODM, tra cui:<\/p>\n<ul data-start=\"3836\" data-end=\"3940\">\n<li data-start=\"3836\" data-end=\"3874\">\n<p data-start=\"3838\" data-end=\"3874\">Branding (TECREK o logo del cliente)<\/p>\n<\/li>\n<li data-start=\"3875\" data-end=\"3904\">\n<p data-start=\"3877\" data-end=\"3904\">Colori e finiture della vernice<\/p>\n<\/li>\n<li data-start=\"3905\" data-end=\"3940\">\n<p data-start=\"3907\" data-end=\"3940\">Configurazioni opzionali della batteria<\/p>\n<\/li>\n<\/ul>\n<hr data-start=\"3942\" data-end=\"3945\" \/>\n<h3 data-start=\"3947\" data-end=\"3968\">Controllo qualit\u00e0<\/h3>\n<ul data-start=\"3969\" data-end=\"4109\">\n<li data-start=\"3969\" data-end=\"4002\">\n<p data-start=\"3971\" data-end=\"4002\">Linea di produzione certificata ISO<\/p>\n<\/li>\n<li data-start=\"4003\" data-end=\"4045\">\n<p data-start=\"4005\" data-end=\"4045\">Ispezione multifase prima della spedizione<\/p>\n<\/li>\n<li data-start=\"4046\" data-end=\"4109\">\n<p data-start=\"4048\" data-end=\"4109\">Produzione annuale &gt; 350.000 unit\u00e0 garantiscono una qualit\u00e0 costante<\/p>\n<\/li>\n<\/ul>\n<hr data-start=\"4111\" data-end=\"4114\" \/>\n<h3 data-start=\"4116\" data-end=\"4141\">Servizio post-vendita<\/h3>\n<ul data-start=\"4142\" data-end=\"4298\">\n<li data-start=\"4142\" data-end=\"4185\">\n<p data-start=\"4144\" data-end=\"4185\">Garanzia di 1 anno su motore e controller<\/p>\n<\/li>\n<li data-start=\"4186\" data-end=\"4217\">\n<p data-start=\"4188\" data-end=\"4217\">Garanzia di 6 mesi sulla batteria<\/p>\n<\/li>\n<li data-start=\"4218\" data-end=\"4268\">\n<p data-start=\"4220\" data-end=\"4268\">Assistenza tecnica 24 ore su 24<\/p>\n<\/li>\n<li data-start=\"4269\" data-end=\"4298\">\n<p data-start=\"4271\" data-end=\"4298\">Fornitura globale di ricambi<\/p>\n<\/li>\n<\/ul>\n<hr data-start=\"4300\" data-end=\"4303\" \/>\n<h3 data-start=\"4305\" data-end=\"4329\">Campi di applicazione<\/h3>\n<ul data-start=\"4330\" data-end=\"4450\">\n<li data-start=\"4330\" data-end=\"4355\">\n<p data-start=\"4332\" data-end=\"4355\">Trasporti familiari<\/p>\n<\/li>\n<li data-start=\"4356\" data-end=\"4389\">\n<p data-start=\"4358\" data-end=\"4389\">Servizi di taxi per passeggeri urbani<\/p>\n<\/li>\n<li data-start=\"4390\" data-end=\"4418\">\n<p data-start=\"4392\" data-end=\"4418\">Navetta per resort o campus<\/p>\n<\/li>\n<li data-start=\"4419\" data-end=\"4450\">\n<p data-start=\"4421\" data-end=\"4450\">Viaggi urbani ecologici<\/p>\n<\/li>\n<\/ul>\n<hr data-start=\"4452\" data-end=\"4455\" \/>\n<h3 data-start=\"4457\" data-end=\"4478\">Metodi di pagamento<\/h3>\n<ul data-start=\"4479\" data-end=\"4563\">\n<li data-start=\"4479\" data-end=\"4500\">\n<p data-start=\"4481\" data-end=\"4500\">Trasferimento bancario T\/T<\/p>\n<\/li>\n<li data-start=\"4501\" data-end=\"4517\">\n<p data-start=\"4503\" data-end=\"4517\">L\/C a vista<\/p>\n<\/li>\n<li data-start=\"4518\" data-end=\"4563\">\n<p data-start=\"4520\" data-end=\"4563\">Western Union \/ PayPal (per piccoli ordini)<\/p>\n<\/li>\n<\/ul>\n<hr data-start=\"4565\" data-end=\"4568\" \/>\n<h3 data-start=\"4570\" data-end=\"4579\">Domande frequenti<\/h3>\n<p data-start=\"4581\" data-end=\"4740\"><strong data-start=\"4581\" data-end=\"4655\">Q1: Qual \u00e8 la gamma del Passenger Three Wheeler EV a carica completa?<\/strong><br data-start=\"4655\" data-end=\"4658\" \/>A1: Pu\u00f2 percorrere fino a 50 km a carico, a seconda delle condizioni stradali e del carico.<\/p>\n<p data-start=\"4742\" data-end=\"4894\"><strong data-start=\"4742\" data-end=\"4793\">Q2: Posso ordinare colori e marchio personalizzati?<\/strong><br data-start=\"4793\" data-end=\"4796\" \/>A2: S\u00ec, la personalizzazione OEM e ODM sono disponibili, inclusi i loghi, i colori del corpo e gli accessori.<\/p>\n<p data-start=\"4896\" data-end=\"5025\"><strong data-start=\"4896\" data-end=\"4962\">Q3: Quanti passeggeri pu\u00f2 trasportare il Passenger Three Wheeler EV?<\/strong><br data-start=\"4962\" data-end=\"4965\" \/>A3: \u00c8 progettato per ospitare comodamente fino a 5 passeggeri.<\/p>\n<p data-start=\"5027\" data-end=\"5133\"><strong data-start=\"5027\" data-end=\"5076\">Q4: Quanto tempo impiega la batteria per caricare?<\/strong><br data-start=\"5076\" data-end=\"5079\" \/>A4: Il tempo di ricarica standard \u00e8 di circa 8 ore.<\/p>\n<p data-start=\"5135\" data-end=\"5330\"><strong data-start=\"5135\" data-end=\"5208\">Q5: Cosa rende il Passenger Three Wheeler EV migliore dei tuk tuk a carburante?<\/strong><br data-start=\"5208\" data-end=\"5211\" \/>A5: \u00c8 ecologico, ha costi operativi inferiori, richiede meno manutenzione e offre gite tranquille e confortevoli.<\/p>","protected":false},"excerpt":{"rendered":"<p>Il <strong data-start=\"314\" data-end=\"341\">Passeggeri tre ruote EV<\/strong> \u00e8 un moderno passeggero a tre ruote progettato per il trasporto urbano sicuro, ecologico ed economico. Alimentato da un motore idraulico da 800W con opzioni 48V\/60V, questo triciclo offre prestazioni affidabili, una velocit\u00e0 massima di 30-40 km\/h e una autonomia fino a 50 km per carica. Costruito con acciaio di alta qualit\u00e0, finestre in vetro a mano e un telaio integrato robusto, il Passenger Three Wheeler EV offre comfort, sicurezza e durata. Con una capacit\u00e0 di posti a sedere per 5 passeggeri, \u00e8 ideale per uso familiare, pendolari comunitari, servizi di ride-sharing o anche come alternativa ai tradizionali tuk tuk nei mercati in via di sviluppo.<\/p>","protected":false},"featured_media":4057,"comment_status":"open","ping_status":"closed","template":"","meta":[],"product_brand":[],"product_cat":[78],"product_tag":[],"class_list":{"0":"post-4051","1":"product","2":"type-product","3":"status-publish","4":"has-post-thumbnail","6":"product_cat-electric-tricycle","8":"first","9":"instock","10":"shipping-taxable","11":"product-type-simple"},"_links":{"self":[{"href":"https:\/\/www.tairuiauto.com\/it\/wp-json\/wp\/v2\/product\/4051","targetHints":{"allow":["GET"]}}],"collection":[{"href":"https:\/\/www.tairuiauto.com\/it\/wp-json\/wp\/v2\/product"}],"about":[{"href":"https:\/\/www.tairuiauto.com\/it\/wp-json\/wp\/v2\/types\/product"}],"replies":[{"embeddable":true,"href":"https:\/\/www.tairuiauto.com\/it\/wp-json\/wp\/v2\/comments?post=4051"}],"wp:featuredmedia":[{"embeddable":true,"href":"https:\/\/www.tairuiauto.com\/it\/wp-json\/wp\/v2\/media\/4057"}],"wp:attachment":[{"href":"https:\/\/www.tairuiauto.com\/it\/wp-json\/wp\/v2\/media?parent=4051"}],"wp:term":[{"taxonomy":"product_brand","embeddable":true,"href":"https:\/\/www.tairuiauto.com\/it\/wp-json\/wp\/v2\/product_brand?post=4051"},{"taxonomy":"product_cat","embeddable":true,"href":"https:\/\/www.tairuiauto.com\/it\/wp-json\/wp\/v2\/product_cat?post=4051"},{"taxonomy":"product_tag","embeddable":true,"href":"https:\/\/www.tairuiauto.com\/it\/wp-json\/wp\/v2\/product_tag?post=4051"}],"curies":[{"name":"WP","href":"https:\/\/api.w.org\/{rel}","templated":true}]}}