{"id":4077,"date":"2025-10-20T14:49:53","date_gmt":"2025-10-20T06:49:53","guid":{"rendered":"https:\/\/www.tairuiauto.com\/?post_type=product&#038;p=4077"},"modified":"2025-10-20T11:59:56","modified_gmt":"2025-10-20T03:59:56","slug":"cargo-three-wheeler-ev-1-7m","status":"publish","type":"product","link":"https:\/\/www.tairuiauto.com\/it\/product\/cargo-three-wheeler-ev-1-7m\/","title":{"rendered":"Cargo tre ruote EV 1.7m"},"content":{"rendered":"<h3 data-start=\"312\" data-end=\"337\">Descrizione del prodotto<\/h3>\n<p data-start=\"338\" data-end=\"967\">\u00a0Progettato pensando agli operatori commerciali, il WEIBA 1.7 combina potenza, efficienza e risparmio di costi.<\/p>\n<table style=\"width: 71.5663%; height: 603px;\" width=\"747\">\n<tbody>\n<tr>\n<td width=\"358\">Modello<\/td>\n<td width=\"389\">WEIBA 1.7 Cargo tre ruote EV<\/td>\n<\/tr>\n<tr>\n<td width=\"358\">Tempo di carica<\/td>\n<td width=\"389\">8 ore<\/td>\n<\/tr>\n<tr>\n<td width=\"358\">Pneumatico Tt anteriore\/posteriore<\/td>\n<td width=\"389\">ruote anteriori 4.00-12; ruote posteriori 4.50-12<\/td>\n<\/tr>\n<tr>\n<td width=\"358\">Scelta colore<\/td>\n<td width=\"389\">Personalizzato<\/td>\n<\/tr>\n<tr>\n<td width=\"358\">Marchio<\/td>\n<td width=\"389\">TECREK o OEM<\/td>\n<\/tr>\n<tr>\n<td width=\"358\">Origine<\/td>\n<td width=\"389\">Cina<\/td>\n<\/tr>\n<tr>\n<td width=\"358\">Gamma per carica\/Km<\/td>\n<td width=\"389\">50 km<\/td>\n<\/tr>\n<tr>\n<td width=\"358\">Velocit\u00e0 massima Km\/H<\/td>\n<td width=\"389\">52 km\/h<\/td>\n<\/tr>\n<tr>\n<td width=\"358\">Capacit\u00e0 di arrampicata<\/td>\n<td width=\"389\">\u226430\u00b0<\/td>\n<\/tr>\n<tr>\n<td width=\"358\">Dimensione complessiva<\/td>\n<td width=\"389\">3360X1380X1425MM<\/td>\n<\/tr>\n<tr>\n<td width=\"358\">Capacit\u00e0 di carico<\/td>\n<td width=\"389\">200 kg<\/td>\n<\/tr>\n<tr>\n<td width=\"358\">Potenza del motore idraulico<\/td>\n<td width=\"389\">1500W<\/td>\n<\/tr>\n<tr>\n<td width=\"358\">Tensione standard<\/td>\n<td width=\"389\">60V \/ 72V<\/td>\n<\/tr>\n<tr>\n<td width=\"358\">Controllatore<\/td>\n<td width=\"389\">24 Tubo<\/td>\n<\/tr>\n<tr>\n<td width=\"358\">Modalit\u00e0 frenata<\/td>\n<td width=\"389\">Tamburo anteriore Tamburo posteriore<\/td>\n<\/tr>\n<tr>\n<td width=\"358\">Liberazione minima da terra<\/td>\n<td width=\"389\">135<\/td>\n<\/tr>\n<tr>\n<td width=\"358\">Capacit\u00e0 di produzione<\/td>\n<td width=\"389\">100000set\/anno<\/td>\n<\/tr>\n<tr>\n<td width=\"358\">Specificazione<\/td>\n<td width=\"389\">1800 * 1300mm<\/td>\n<\/tr>\n<tr>\n<td width=\"358\">Dimensioni del pacchetto<\/td>\n<td width=\"389\">320cm * 120cm * 140cm<\/td>\n<\/tr>\n<tr>\n<td width=\"358\">Peso lordo del pacchetto<\/td>\n<td width=\"389\">260kg<\/td>\n<\/tr>\n<\/tbody>\n<\/table>\n<hr data-start=\"969\" data-end=\"972\" \/>\n<h3 data-start=\"974\" data-end=\"998\">Punti di vendita chiave<\/h3>\n<ol data-start=\"999\" data-end=\"1687\">\n<li data-start=\"999\" data-end=\"1186\">\n<p data-start=\"1002\" data-end=\"1186\"><strong data-start=\"1002\" data-end=\"1027\">Alta capacit\u00e0 di carico utile<\/strong> \u2013 Con un <strong data-start=\"1037\" data-end=\"1063\">Capacit\u00e0 di carico 200KG<\/strong>Il triciclo carico elettrico WEIBA 1.7 pu\u00f2 trasportare facilmente merci alla rinfusa, prodotti agricoli o materiali da costruzione.<\/p>\n<\/li>\n<li data-start=\"1187\" data-end=\"1342\">\n<p data-start=\"1190\" data-end=\"1342\"><strong data-start=\"1190\" data-end=\"1218\">Motore di prestazioni forti<\/strong> Un motore idraulico da 1500W con tensione 60V\/72V garantisce una consegna di potenza costante, sia su strade piatte che in salita.<\/p>\n<\/li>\n<li data-start=\"1343\" data-end=\"1506\">\n<p data-start=\"1346\" data-end=\"1506\"><strong data-start=\"1346\" data-end=\"1378\">Eco-friendly e risparmio sui costi<\/strong> A differenza dei camion e delle motociclette a base di carburante, questo truck elettrico riduce le emissioni e riduce i costi operativi giornalieri.<\/p>\n<\/li>\n<li data-start=\"1507\" data-end=\"1687\">\n<p data-start=\"1510\" data-end=\"1687\"><strong data-start=\"1510\" data-end=\"1547\">Affidabile per il trasporto commerciale<\/strong> Costruito per aziende logistiche, agricoltori, grossisti e aziende di consegna locali che richiedono una soluzione di trasporto robusta ed efficiente.<\/p>\n<\/li>\n<\/ol>\n<hr data-start=\"1689\" data-end=\"1692\" \/>\n<h3 data-start=\"1694\" data-end=\"1725\">Vantaggi differenziati<\/h3>\n<ol data-start=\"1726\" data-end=\"2346\">\n<li data-start=\"1726\" data-end=\"1864\">\n<p data-start=\"1729\" data-end=\"1864\"><strong data-start=\"1729\" data-end=\"1756\">Potenza di arrampicata superiore<\/strong> La WEIBA 1.7 gestisce pendii fino a 30\u00b0, superando i tricicli elettrici standard su terreni aspri.<\/p>\n<\/li>\n<li data-start=\"1865\" data-end=\"2022\">\n<p data-start=\"1868\" data-end=\"2022\"><strong data-start=\"1868\" data-end=\"1893\">Durabilit\u00e0 rafforzata<\/strong> Con telaio in acciaio, controller a 24 tubi e sospensione industriale, questo tuk tuk da carico \u00e8 progettato per l'uso a lungo termine.<\/p>\n<\/li>\n<li data-start=\"2023\" data-end=\"2185\">\n<p data-start=\"2026\" data-end=\"2185\"><strong data-start=\"2026\" data-end=\"2052\">Personalizzazione flessibile<\/strong> Disponibile con marchio OEM\/ODM, opzioni di colori multiple e aggiornamenti dei componenti, WEIBA 1.7 si adatta a diverse esigenze aziendali.<\/p>\n<\/li>\n<li data-start=\"2186\" data-end=\"2346\">\n<p data-start=\"2189\" data-end=\"2346\"><strong data-start=\"2189\" data-end=\"2219\">Capacit\u00e0 di produzione di massa<\/strong> Con una capacit\u00e0 di produzione annuale di <strong data-start=\"2260\" data-end=\"2276\">100.000 insiemi<\/strong>, gli acquirenti beneficiano di una fornitura costante e di una qualit\u00e0 del prodotto assicurata.<\/p>\n<\/li>\n<\/ol>\n<p><img fetchpriority=\"high\" decoding=\"async\" class=\"wp-image-4082 aligncenter\" src=\"https:\/\/www.tairuiauto.com\/wp-content\/uploads\/2025\/10\/749154bb-bb36-4cec-bdde-9de1b7fa99cf-300x300.jpg\" alt=\"\" width=\"383\" height=\"383\" srcset=\"https:\/\/www.tairuiauto.com\/wp-content\/uploads\/2025\/10\/749154bb-bb36-4cec-bdde-9de1b7fa99cf-300x300.jpg 300w, https:\/\/www.tairuiauto.com\/wp-content\/uploads\/2025\/10\/749154bb-bb36-4cec-bdde-9de1b7fa99cf-1024x1024.jpg 1024w, https:\/\/www.tairuiauto.com\/wp-content\/uploads\/2025\/10\/749154bb-bb36-4cec-bdde-9de1b7fa99cf-150x150.jpg 150w, https:\/\/www.tairuiauto.com\/wp-content\/uploads\/2025\/10\/749154bb-bb36-4cec-bdde-9de1b7fa99cf-768x768.jpg 768w, https:\/\/www.tairuiauto.com\/wp-content\/uploads\/2025\/10\/749154bb-bb36-4cec-bdde-9de1b7fa99cf-1536x1536.jpg 1536w, https:\/\/www.tairuiauto.com\/wp-content\/uploads\/2025\/10\/749154bb-bb36-4cec-bdde-9de1b7fa99cf-2048x2048.jpg 2048w, https:\/\/www.tairuiauto.com\/wp-content\/uploads\/2025\/10\/749154bb-bb36-4cec-bdde-9de1b7fa99cf-12x12.jpg 12w, https:\/\/www.tairuiauto.com\/wp-content\/uploads\/2025\/10\/749154bb-bb36-4cec-bdde-9de1b7fa99cf-600x600.jpg 600w, https:\/\/www.tairuiauto.com\/wp-content\/uploads\/2025\/10\/749154bb-bb36-4cec-bdde-9de1b7fa99cf-100x100.jpg 100w\" sizes=\"(max-width: 383px) 100vw, 383px\" \/><\/p>\n<hr data-start=\"2775\" data-end=\"2778\" \/>\n<h3 data-start=\"2780\" data-end=\"2806\">Parametri tecnici<\/h3>\n<ul data-start=\"2807\" data-end=\"3033\">\n<li data-start=\"2807\" data-end=\"2853\">\n<p data-start=\"2809\" data-end=\"2853\"><strong data-start=\"2809\" data-end=\"2828\">Sistema frenante:<\/strong> Tamburo anteriore Tamburo posteriore<\/p>\n<\/li>\n<li data-start=\"2854\" data-end=\"2897\">\n<p data-start=\"2856\" data-end=\"2897\"><strong data-start=\"2856\" data-end=\"2866\">Pneumatici:<\/strong> Anteriore 4.00-12 \/ Dietro 4.50-12<\/p>\n<\/li>\n<li data-start=\"2898\" data-end=\"2930\">\n<p data-start=\"2900\" data-end=\"2930\"><strong data-start=\"2900\" data-end=\"2921\">Liberazione da terra:<\/strong> 135 millimetri<\/p>\n<\/li>\n<li data-start=\"2931\" data-end=\"2963\">\n<p data-start=\"2933\" data-end=\"2963\"><strong data-start=\"2933\" data-end=\"2945\">Batteria:<\/strong> Opzioni 60V\/72V<\/p>\n<\/li>\n<li data-start=\"2964\" data-end=\"3004\">\n<p data-start=\"2966\" data-end=\"3004\"><strong data-start=\"2966\" data-end=\"2983\">Dimensione del pacchetto:<\/strong> 320 \u00d7 120 \u00d7 140 cm<\/p>\n<\/li>\n<li data-start=\"3005\" data-end=\"3033\">\n<p data-start=\"3007\" data-end=\"3033\"><strong data-start=\"3007\" data-end=\"3024\">Peso lordo:<\/strong> 260 kg<\/p>\n<\/li>\n<\/ul>\n<hr data-start=\"3035\" data-end=\"3038\" \/>\n<h3 data-start=\"3040\" data-end=\"3055\">Materiali<\/h3>\n<ul data-start=\"3056\" data-end=\"3199\">\n<li data-start=\"3056\" data-end=\"3089\">\n<p data-start=\"3058\" data-end=\"3089\"><strong data-start=\"3058\" data-end=\"3070\">Telaio:<\/strong> Acciaio pesante<\/p>\n<\/li>\n<li data-start=\"3090\" data-end=\"3155\">\n<p data-start=\"3092\" data-end=\"3155\"><strong data-start=\"3092\" data-end=\"3106\">Letto di carico:<\/strong> Piattaforma metallica rinforzata per la massima resistenza<\/p>\n<\/li>\n<li data-start=\"3156\" data-end=\"3199\">\n<p data-start=\"3158\" data-end=\"3199\"><strong data-start=\"3158\" data-end=\"3168\">vernice:<\/strong> Rivestimento industriale anti-ruggine<\/p>\n<\/li>\n<\/ul>\n<hr data-start=\"3201\" data-end=\"3204\" \/>\n<h3 data-start=\"3206\" data-end=\"3222\">Aspetto<\/h3>\n<ul data-start=\"3223\" data-end=\"3341\">\n<li data-start=\"3223\" data-end=\"3252\">\n<p data-start=\"3225\" data-end=\"3252\">Design industriale robusto<\/p>\n<\/li>\n<li data-start=\"3253\" data-end=\"3289\">\n<p data-start=\"3255\" data-end=\"3289\">Disponibile in colori personalizzabili<\/p>\n<\/li>\n<li data-start=\"3290\" data-end=\"3341\">\n<p data-start=\"3292\" data-end=\"3341\">Pratico letto cargo adatto per trasporti varii<\/p>\n<\/li>\n<\/ul>\n<hr data-start=\"3343\" data-end=\"3346\" \/>\n<h3 data-start=\"3348\" data-end=\"3360\">Progettazione<\/h3>\n<p data-start=\"3361\" data-end=\"3483\">Cabina del conducente ergonomica con manubrio resistente e struttura di carico rinforzata per l'affidabilit\u00e0 del trasporto a lungo raggio.<\/p>\n<hr data-start=\"3485\" data-end=\"3488\" \/>\n<h3 data-start=\"3490\" data-end=\"3513\">Customizzazione OEM<\/h3>\n<ul data-start=\"3514\" data-end=\"3603\">\n<li data-start=\"3514\" data-end=\"3546\">\n<p data-start=\"3516\" data-end=\"3546\">Marca: TECREK o logo OEM<\/p>\n<\/li>\n<li data-start=\"3547\" data-end=\"3575\">\n<p data-start=\"3549\" data-end=\"3575\">Colori e finiture della carrozzeria<\/p>\n<\/li>\n<li data-start=\"3576\" data-end=\"3603\">\n<p data-start=\"3578\" data-end=\"3603\">Personalizzazione del letto di carico<\/p>\n<\/li>\n<\/ul>\n<hr data-start=\"3605\" data-end=\"3608\" \/>\n<h3 data-start=\"3610\" data-end=\"3631\">Controllo qualit\u00e0<\/h3>\n<ul data-start=\"3632\" data-end=\"3761\">\n<li data-start=\"3632\" data-end=\"3668\">\n<p data-start=\"3634\" data-end=\"3668\">Produzione in fabbrica certificata ISO<\/p>\n<\/li>\n<li data-start=\"3669\" data-end=\"3711\">\n<p data-start=\"3671\" data-end=\"3711\">Ispezione multi-punto prima della spedizione<\/p>\n<\/li>\n<li data-start=\"3712\" data-end=\"3761\">\n<p data-start=\"3714\" data-end=\"3761\">Consistenza garantita con capacit\u00e0 ad alto volume<\/p>\n<\/li>\n<\/ul>\n<hr data-start=\"3763\" data-end=\"3766\" \/>\n<h3 data-start=\"3768\" data-end=\"3793\">Servizio post-vendita<\/h3>\n<ul data-start=\"3794\" data-end=\"3933\">\n<li data-start=\"3794\" data-end=\"3837\">\n<p data-start=\"3796\" data-end=\"3837\">Garanzia di 1 anno su motore e controller<\/p>\n<\/li>\n<li data-start=\"3838\" data-end=\"3866\">\n<p data-start=\"3840\" data-end=\"3866\">6 mesi di garanzia della batteria<\/p>\n<\/li>\n<li data-start=\"3867\" data-end=\"3897\">\n<p data-start=\"3869\" data-end=\"3897\">Supporto globale per ricambi<\/p>\n<\/li>\n<li data-start=\"3898\" data-end=\"3933\">\n<p data-start=\"3900\" data-end=\"3933\">Servizi di consulenza tecnica<\/p>\n<\/li>\n<\/ul>\n<hr data-start=\"3935\" data-end=\"3938\" \/>\n<h3 data-start=\"3940\" data-end=\"3964\">Campi di applicazione<\/h3>\n<ul data-start=\"3965\" data-end=\"4116\">\n<li data-start=\"3965\" data-end=\"4000\">\n<p data-start=\"3967\" data-end=\"4000\">Trasporto merci urbano e rurale<\/p>\n<\/li>\n<li data-start=\"4001\" data-end=\"4034\">\n<p data-start=\"4003\" data-end=\"4034\">Consegna di prodotti agricoli<\/p>\n<\/li>\n<li data-start=\"4035\" data-end=\"4071\">\n<p data-start=\"4037\" data-end=\"4071\">Logistica distribuzione all'ingrosso<\/p>\n<\/li>\n<li data-start=\"4072\" data-end=\"4116\">\n<p data-start=\"4074\" data-end=\"4116\">Catena di fornitura edilizia e industriale<\/p>\n<\/li>\n<\/ul>\n<hr data-start=\"4118\" data-end=\"4121\" \/>\n<h3 data-start=\"4123\" data-end=\"4144\">Metodi di pagamento<\/h3>\n<ul data-start=\"4145\" data-end=\"4234\">\n<li data-start=\"4145\" data-end=\"4166\">\n<p data-start=\"4147\" data-end=\"4166\">Trasferimento bancario T\/T<\/p>\n<\/li>\n<li data-start=\"4167\" data-end=\"4183\">\n<p data-start=\"4169\" data-end=\"4183\">L\/C a vista<\/p>\n<\/li>\n<li data-start=\"4184\" data-end=\"4234\">\n<p data-start=\"4186\" data-end=\"4234\">Western Union \/ PayPal (ordini di piccola quantit\u00e0)<\/p>\n<\/li>\n<\/ul>\n<hr data-start=\"4236\" data-end=\"4239\" \/>\n<h3 data-start=\"4241\" data-end=\"4250\">Domande frequenti<\/h3>\n<p data-start=\"4252\" data-end=\"4409\"><strong data-start=\"4252\" data-end=\"4337\">Q1: Qual \u00e8 la capacit\u00e0 massima di carico del Cargo Three Wheeler EV 1.7m?<\/strong><br data-start=\"4337\" data-end=\"4340\" \/>A1: Supporta fino a 200KG, rendendolo ideale per il carico commerciale.<\/p>\n<p data-start=\"4411\" data-end=\"4533\"><strong data-start=\"4411\" data-end=\"4460\">Q2: Quanto pu\u00f2 viaggiare con una singola carica?<\/strong><br data-start=\"4460\" data-end=\"4463\" \/>A2: Il raggio \u00e8 di circa 50 km, a seconda del terreno e del carico.<\/p>\n<p data-start=\"4535\" data-end=\"4638\"><strong data-start=\"4535\" data-end=\"4576\">Q3: Posso ordinare con il mio marchio?<\/strong><br data-start=\"4576\" data-end=\"4579\" \/>A3: S\u00ec, le opzioni di personalizzazione OEM e ODM sono disponibili.<\/p>\n<p data-start=\"4640\" data-end=\"4726\"><strong data-start=\"4640\" data-end=\"4676\">Q4: Quanto tempo dura la ricarica?<\/strong><br data-start=\"4676\" data-end=\"4679\" \/>A4: Il tempo di ricarica standard \u00e8 di circa 8 ore.<\/p>\n<p data-start=\"4728\" data-end=\"4903\"><strong data-start=\"4728\" data-end=\"4806\">Q5: Perch\u00e9 scegliere il WEIBA 1.7 invece di un tradizionale triciclo carico carburante?<\/strong><br data-start=\"4806\" data-end=\"4809\" \/>A5: Riduce i costi del carburante, riduce le emissioni, richiede meno manutenzione ed \u00e8 ecologico.<\/p>","protected":false},"excerpt":{"rendered":"<p>Il <strong data-start=\"342\" data-end=\"381\">Cargo tre ruote EV 1.7m<\/strong> \u00e8 un tre ruote pesante ad alta capacit\u00e0 costruito per il trasporto efficiente di merci in ambienti urbani e semiurbani. Con un potente motore da 1500W, telaio in acciaio rinforzato e un'impressionante capacit\u00e0 di carico di 200KG, questo triciclo \u00e8 progettato per durabilit\u00e0 e affidabilit\u00e0. Offre una velocit\u00e0 massima di 52 km\/h, una capacit\u00e0 massima di arrampicata di 30\u00b0 e un raggio di 50 km per carica, rendendolo la perfetta alternativa ecologica ai tradizionali veicoli carico alimentati a carburante. Progettato pensando agli operatori commerciali, il WEIBA 1.7 combina potenza, efficienza e risparmio di costi.<\/p>","protected":false},"featured_media":4086,"comment_status":"open","ping_status":"closed","template":"","meta":[],"product_brand":[],"product_cat":[78],"product_tag":[],"class_list":{"0":"post-4077","1":"product","2":"type-product","3":"status-publish","4":"has-post-thumbnail","6":"product_cat-electric-tricycle","8":"first","9":"instock","10":"shipping-taxable","11":"product-type-simple"},"_links":{"self":[{"href":"https:\/\/www.tairuiauto.com\/it\/wp-json\/wp\/v2\/product\/4077","targetHints":{"allow":["GET"]}}],"collection":[{"href":"https:\/\/www.tairuiauto.com\/it\/wp-json\/wp\/v2\/product"}],"about":[{"href":"https:\/\/www.tairuiauto.com\/it\/wp-json\/wp\/v2\/types\/product"}],"replies":[{"embeddable":true,"href":"https:\/\/www.tairuiauto.com\/it\/wp-json\/wp\/v2\/comments?post=4077"}],"wp:featuredmedia":[{"embeddable":true,"href":"https:\/\/www.tairuiauto.com\/it\/wp-json\/wp\/v2\/media\/4086"}],"wp:attachment":[{"href":"https:\/\/www.tairuiauto.com\/it\/wp-json\/wp\/v2\/media?parent=4077"}],"wp:term":[{"taxonomy":"product_brand","embeddable":true,"href":"https:\/\/www.tairuiauto.com\/it\/wp-json\/wp\/v2\/product_brand?post=4077"},{"taxonomy":"product_cat","embeddable":true,"href":"https:\/\/www.tairuiauto.com\/it\/wp-json\/wp\/v2\/product_cat?post=4077"},{"taxonomy":"product_tag","embeddable":true,"href":"https:\/\/www.tairuiauto.com\/it\/wp-json\/wp\/v2\/product_tag?post=4077"}],"curies":[{"name":"WP","href":"https:\/\/api.w.org\/{rel}","templated":true}]}}