{"id":4091,"date":"2025-10-21T10:09:37","date_gmt":"2025-10-21T02:09:37","guid":{"rendered":"https:\/\/www.tairuiauto.com\/?post_type=product&#038;p=4091"},"modified":"2025-10-20T10:44:02","modified_gmt":"2025-10-20T02:44:02","slug":"commercial-three-wheeler-ev-transport","status":"publish","type":"product","link":"https:\/\/www.tairuiauto.com\/it\/product\/commercial-three-wheeler-ev-transport\/","title":{"rendered":"Trasporto commerciale tre ruote EV"},"content":{"rendered":"<h3 data-start=\"387\" data-end=\"412\">Descrizione del prodotto<\/h3>\n<p data-start=\"933\" data-end=\"1184\">Offrendo fino a <strong data-start=\"948\" data-end=\"974\">50 km di autonomia per carica<\/strong>Il Commercial Three Wheeler EV Transport riduce i costi operativi aumentando al contempo l\u2019efficienza delle operazioni di trasporto quotidiane. Costruito sotto il marchio TECREK o OEM, garantisce sia affidabilit\u00e0 che flessibilit\u00e0 di personalizzazione.<\/p>\n<table style=\"border-collapse: collapse; width: 65.2098%; height: 508px;\" border=\"0\" width=\"715\" cellspacing=\"0\" cellpadding=\"0\">\n<tbody>\n<tr style=\"height: 20.00pt;\">\n<td class=\"et4\" style=\"height: 20.00pt; width: 186.60pt;\" width=\"311\" height=\"33\">Modello<\/td>\n<td class=\"et4\" style=\"width: 242.40pt;\" width=\"404\">KAIMA Commercial tre ruote EV<\/td>\n<\/tr>\n<tr style=\"height: 20.00pt;\">\n<td class=\"et5\" style=\"height: 20.00pt; width: 186.60pt;\" width=\"311\" height=\"33\">Tempo di carica<\/td>\n<td class=\"et5\" style=\"width: 242.40pt;\" width=\"404\">8 ore<\/td>\n<\/tr>\n<tr style=\"height: 20.00pt;\">\n<td class=\"et5\" style=\"height: 20.00pt; width: 186.60pt;\" width=\"311\" height=\"33\">Pneumatico Tt anteriore\/posteriore<\/td>\n<td class=\"et5\" style=\"width: 242.40pt;\" width=\"404\">ruote anteriori 3.50-12; ruote posteriori 3.75-12<\/td>\n<\/tr>\n<tr style=\"height: 20.00pt;\">\n<td class=\"et5\" style=\"height: 20.00pt; width: 186.60pt;\" width=\"311\" height=\"33\">Scelta colore<\/td>\n<td class=\"et5\" style=\"width: 242.40pt;\" width=\"404\">Personalizzato<\/td>\n<\/tr>\n<tr style=\"height: 20.00pt;\">\n<td class=\"et5\" style=\"height: 20.00pt; width: 186.60pt;\" width=\"311\" height=\"33\">Marchio<\/td>\n<td class=\"et5\" style=\"width: 242.40pt;\" width=\"404\">TECREK o OEM<\/td>\n<\/tr>\n<tr style=\"height: 20.00pt;\">\n<td class=\"et5\" style=\"height: 20.00pt; width: 186.60pt;\" width=\"311\" height=\"33\">Origine<\/td>\n<td class=\"et5\" style=\"width: 242.40pt;\" width=\"404\">Cina<\/td>\n<\/tr>\n<tr style=\"height: 20.00pt;\">\n<td class=\"et5\" style=\"height: 20.00pt; width: 186.60pt;\" width=\"311\" height=\"33\">Gamma per carica\/Km<\/td>\n<td class=\"et5\" style=\"width: 242.40pt;\" width=\"404\">50 km<\/td>\n<\/tr>\n<tr style=\"height: 20.00pt;\">\n<td class=\"et5\" style=\"height: 20.00pt; width: 186.60pt;\" width=\"311\" height=\"33\">Velocit\u00e0 massima Km\/H<\/td>\n<td class=\"et5\" style=\"width: 242.40pt;\" width=\"404\">52 km\/h<\/td>\n<\/tr>\n<tr style=\"height: 20.00pt;\">\n<td class=\"et5\" style=\"height: 20.00pt; width: 186.60pt;\" width=\"311\" height=\"33\">Capacit\u00e0 di arrampicata<\/td>\n<td class=\"et5\" style=\"width: 242.40pt;\" width=\"404\">\u226430\u00b0<\/td>\n<\/tr>\n<tr style=\"height: 20.00pt;\">\n<td class=\"et5\" style=\"height: 20.00pt; width: 186.60pt;\" width=\"311\" height=\"33\">Dimensione complessiva<\/td>\n<td class=\"et5\" style=\"width: 242.40pt;\" width=\"404\">2980X1080X1680mm<\/td>\n<\/tr>\n<tr style=\"height: 20.00pt;\">\n<td class=\"et5\" style=\"height: 20.00pt; width: 186.60pt;\" width=\"311\" height=\"33\">Capacit\u00e0 di carico<\/td>\n<td class=\"et5\" style=\"width: 242.40pt;\" width=\"404\">500 kg<\/td>\n<\/tr>\n<tr style=\"height: 20.00pt;\">\n<td class=\"et5\" style=\"height: 20.00pt; width: 186.60pt;\" width=\"311\" height=\"33\">Potenza del motore idraulico<\/td>\n<td class=\"et5\" style=\"width: 242.40pt;\" width=\"404\">800 watt<\/td>\n<\/tr>\n<tr style=\"height: 20.00pt;\">\n<td class=\"et5\" style=\"height: 20.00pt; width: 186.60pt;\" width=\"311\" height=\"33\">Tensione standard<\/td>\n<td class=\"et5\" style=\"width: 242.40pt;\" width=\"404\">48V \/ 60V<\/td>\n<\/tr>\n<tr style=\"height: 20.00pt;\">\n<td class=\"et5\" style=\"height: 20.00pt; width: 186.60pt;\" width=\"311\" height=\"33\">Controllatore<\/td>\n<td class=\"et5\" style=\"width: 242.40pt;\" width=\"404\">18 Tubo<\/td>\n<\/tr>\n<tr style=\"height: 20.00pt;\">\n<td class=\"et5\" style=\"height: 20.00pt; width: 186.60pt;\" width=\"311\" height=\"33\">Modalit\u00e0 frenata<\/td>\n<td class=\"et5\" style=\"width: 242.40pt;\" width=\"404\">Tamburo anteriore Tamburo posteriore<\/td>\n<\/tr>\n<tr style=\"height: 20.00pt;\">\n<td class=\"et5\" style=\"height: 20.00pt; width: 186.60pt;\" width=\"311\" height=\"33\">Liberazione minima da terra<\/td>\n<td class=\"et5\" style=\"width: 242.40pt;\" width=\"404\">135<\/td>\n<\/tr>\n<tr style=\"height: 20.00pt;\">\n<td class=\"et5\" style=\"height: 20.00pt; width: 186.60pt;\" width=\"311\" height=\"33\">Capacit\u00e0 di produzione<\/td>\n<td class=\"et5\" style=\"width: 242.40pt;\" width=\"404\">100000set\/anno<\/td>\n<\/tr>\n<tr style=\"height: 20.00pt;\">\n<td class=\"et5\" style=\"height: 20.00pt; width: 186.60pt;\" width=\"311\" height=\"33\">Dimensioni del pacchetto<\/td>\n<td class=\"et5\" style=\"width: 242.40pt;\" width=\"404\">320cm * 120cm * 140cm<\/td>\n<\/tr>\n<tr style=\"height: 20.00pt;\">\n<td class=\"et5\" style=\"height: 20.00pt; width: 186.60pt;\" width=\"311\" height=\"33\">Peso lordo del pacchetto<\/td>\n<td class=\"et5\" style=\"width: 242.40pt;\" width=\"404\">260kg<\/td>\n<\/tr>\n<\/tbody>\n<\/table>\n<hr data-start=\"1186\" data-end=\"1189\" \/>\n<h3 data-start=\"1191\" data-end=\"1215\">Punti di vendita chiave<\/h3>\n<ol data-start=\"1216\" data-end=\"1848\">\n<li data-start=\"1216\" data-end=\"1391\">\n<p data-start=\"1219\" data-end=\"1391\"><strong data-start=\"1219\" data-end=\"1248\">Trasporto di carico efficiente<\/strong> Progettato con a <strong data-start=\"1267\" data-end=\"1293\">Capacit\u00e0 di carico 500KG<\/strong>Questo triciclo elettrico gestisce con facilit\u00e0 merci alla rinfusa, forniture agricole e materiali di consegna.<\/p>\n<\/li>\n<li data-start=\"1392\" data-end=\"1564\">\n<p data-start=\"1395\" data-end=\"1564\"><strong data-start=\"1395\" data-end=\"1432\">Forte motore e capacit\u00e0 di arrampicata<\/strong> \u2013 Dotato di un <strong data-start=\"1452\" data-end=\"1466\">motore 800W<\/strong> e in grado di scalare pendii di <strong data-start=\"1501\" data-end=\"1509\">\u226430\u00b0<\/strong>supera la maggior parte dei trik elettrici standard.<\/p>\n<\/li>\n<li data-start=\"1565\" data-end=\"1715\">\n<p data-start=\"1568\" data-end=\"1715\"><strong data-start=\"1568\" data-end=\"1596\">alternativa ecologica<\/strong> Con emissioni zero e bassi costi energetici, il Commercial Three Wheeler EV Transport \u00e8 una scelta sostenibile per la logistica moderna.<\/p>\n<\/li>\n<li data-start=\"1716\" data-end=\"1848\">\n<p data-start=\"1719\" data-end=\"1848\"><strong data-start=\"1719\" data-end=\"1750\">Design compatto ma potente<\/strong> \u2013 Misurazione <strong data-start=\"1763\" data-end=\"1783\">2980 \u00d7 1080 \u00d7 1680mm<\/strong>si adatta in strade strette mentre trasporta ancora carichi pesanti.<\/p>\n<\/li>\n<\/ol>\n<hr data-start=\"1850\" data-end=\"1853\" \/>\n<h3 data-start=\"1855\" data-end=\"1886\">Vantaggi differenziati<\/h3>\n<ol data-start=\"1887\" data-end=\"2396\">\n<li data-start=\"1887\" data-end=\"2006\">\n<p data-start=\"1890\" data-end=\"2006\"><strong data-start=\"1890\" data-end=\"1921\">Durabilit\u00e0 di grado industriale<\/strong> \u2013 Heavy-duty <strong data-start=\"1935\" data-end=\"1952\">telaio in acciaio<\/strong> con vernice antiruggine assicura prestazioni a lungo termine.<\/p>\n<\/li>\n<li data-start=\"2007\" data-end=\"2130\">\n<p data-start=\"2010\" data-end=\"2130\"><strong data-start=\"2010\" data-end=\"2037\">Produzione personalizzabile<\/strong> \u2013 Il marchio OEM\/ODM, il colore della carrozzeria e la dimensione del letto di carico possono essere adattati alle esigenze del cliente.<\/p>\n<\/li>\n<li data-start=\"2131\" data-end=\"2257\">\n<p data-start=\"2134\" data-end=\"2257\"><strong data-start=\"2134\" data-end=\"2159\">Capacit\u00e0 ad alta velocit\u00e0<\/strong> \u2013 Raggiunge fino a <strong data-start=\"2176\" data-end=\"2187\">52 km\/h<\/strong>, pi\u00f9 veloce dei tipici tuk tuk merci, consentendo consegne pi\u00f9 veloci.<\/p>\n<\/li>\n<li data-start=\"2258\" data-end=\"2396\">\n<p data-start=\"2261\" data-end=\"2396\"><strong data-start=\"2261\" data-end=\"2291\">Fornitura di produzione affidabile<\/strong> Con una capacit\u00e0 di produzione annuale di <strong data-start=\"2332\" data-end=\"2349\">100.000 unit\u00e0<\/strong>, grandi ordini possono essere soddisfatti in modo coerente.<\/p>\n<\/li>\n<\/ol>\n<p><img fetchpriority=\"high\" decoding=\"async\" class=\"alignnone wp-image-4094 aligncenter\" src=\"https:\/\/www.tairuiauto.com\/wp-content\/uploads\/2025\/10\/36273a57-d766-4419-b714-e6e5422fcc74-300x300.jpg\" alt=\"\" width=\"383\" height=\"383\" srcset=\"https:\/\/www.tairuiauto.com\/wp-content\/uploads\/2025\/10\/36273a57-d766-4419-b714-e6e5422fcc74-300x300.jpg 300w, https:\/\/www.tairuiauto.com\/wp-content\/uploads\/2025\/10\/36273a57-d766-4419-b714-e6e5422fcc74-1024x1024.jpg 1024w, https:\/\/www.tairuiauto.com\/wp-content\/uploads\/2025\/10\/36273a57-d766-4419-b714-e6e5422fcc74-150x150.jpg 150w, https:\/\/www.tairuiauto.com\/wp-content\/uploads\/2025\/10\/36273a57-d766-4419-b714-e6e5422fcc74-768x768.jpg 768w, https:\/\/www.tairuiauto.com\/wp-content\/uploads\/2025\/10\/36273a57-d766-4419-b714-e6e5422fcc74-1536x1536.jpg 1536w, https:\/\/www.tairuiauto.com\/wp-content\/uploads\/2025\/10\/36273a57-d766-4419-b714-e6e5422fcc74-2048x2048.jpg 2048w, https:\/\/www.tairuiauto.com\/wp-content\/uploads\/2025\/10\/36273a57-d766-4419-b714-e6e5422fcc74-12x12.jpg 12w, https:\/\/www.tairuiauto.com\/wp-content\/uploads\/2025\/10\/36273a57-d766-4419-b714-e6e5422fcc74-600x600.jpg 600w, https:\/\/www.tairuiauto.com\/wp-content\/uploads\/2025\/10\/36273a57-d766-4419-b714-e6e5422fcc74-100x100.jpg 100w\" sizes=\"(max-width: 383px) 100vw, 383px\" \/><\/p>\n<hr data-start=\"2794\" data-end=\"2797\" \/>\n<h3 data-start=\"2799\" data-end=\"2825\">Parametri tecnici<\/h3>\n<ul data-start=\"2826\" data-end=\"3054\">\n<li data-start=\"2826\" data-end=\"2872\">\n<p data-start=\"2828\" data-end=\"2872\"><strong data-start=\"2828\" data-end=\"2847\">Sistema frenante:<\/strong> Tamburo anteriore Tamburo posteriore<\/p>\n<\/li>\n<li data-start=\"2873\" data-end=\"2916\">\n<p data-start=\"2875\" data-end=\"2916\"><strong data-start=\"2875\" data-end=\"2885\">Pneumatici:<\/strong> Anteriore 3.50-12 \/ posteriore 3.75-12<\/p>\n<\/li>\n<li data-start=\"2917\" data-end=\"2949\">\n<p data-start=\"2919\" data-end=\"2949\"><strong data-start=\"2919\" data-end=\"2940\">Liberazione da terra:<\/strong> 135 millimetri<\/p>\n<\/li>\n<li data-start=\"2950\" data-end=\"2984\">\n<p data-start=\"2952\" data-end=\"2984\"><strong data-start=\"2952\" data-end=\"2972\">Opzioni della batteria:<\/strong> 48V \/ 60V<\/p>\n<\/li>\n<li data-start=\"2985\" data-end=\"3025\">\n<p data-start=\"2987\" data-end=\"3025\"><strong data-start=\"2987\" data-end=\"3004\">Dimensione del pacchetto:<\/strong> 320 \u00d7 120 \u00d7 140 cm<\/p>\n<\/li>\n<li data-start=\"3026\" data-end=\"3054\">\n<p data-start=\"3028\" data-end=\"3054\"><strong data-start=\"3028\" data-end=\"3045\">Peso lordo:<\/strong> 260 kg<\/p>\n<\/li>\n<\/ul>\n<hr data-start=\"3056\" data-end=\"3059\" \/>\n<h3 data-start=\"3061\" data-end=\"3076\">Materiali<\/h3>\n<ul data-start=\"3077\" data-end=\"3219\">\n<li data-start=\"3077\" data-end=\"3116\">\n<p data-start=\"3079\" data-end=\"3116\"><strong data-start=\"3079\" data-end=\"3091\">Telaio:<\/strong> Telaio in acciaio rinforzato<\/p>\n<\/li>\n<li data-start=\"3117\" data-end=\"3164\">\n<p data-start=\"3119\" data-end=\"3164\"><strong data-start=\"3119\" data-end=\"3133\">Letto di carico:<\/strong> Piattaforma metallica ad alta resistenza<\/p>\n<\/li>\n<li data-start=\"3165\" data-end=\"3219\">\n<p data-start=\"3167\" data-end=\"3219\"><strong data-start=\"3167\" data-end=\"3177\">vernice:<\/strong> Rivestimento anticorrosione di qualit\u00e0 automobilistica<\/p>\n<\/li>\n<\/ul>\n<hr data-start=\"3221\" data-end=\"3224\" \/>\n<h3 data-start=\"3226\" data-end=\"3242\">Aspetto<\/h3>\n<ul data-start=\"3243\" data-end=\"3399\">\n<li data-start=\"3243\" data-end=\"3278\">\n<p data-start=\"3245\" data-end=\"3278\">Progettazione compatta del carico industriale<\/p>\n<\/li>\n<li data-start=\"3279\" data-end=\"3340\">\n<p data-start=\"3281\" data-end=\"3340\">Esterno audace e resistente con opzioni di vernice personalizzabili<\/p>\n<\/li>\n<li data-start=\"3341\" data-end=\"3399\">\n<p data-start=\"3343\" data-end=\"3399\">Progettato sia per le citt\u00e0 moderne che per le strade rurali aspre<\/p>\n<\/li>\n<\/ul>\n<hr data-start=\"3401\" data-end=\"3404\" \/>\n<h3 data-start=\"3406\" data-end=\"3418\">Progettazione<\/h3>\n<p data-start=\"3419\" data-end=\"3545\">Cabina di guida ottimizzata con un layout di controllo ergonomico. Struttura della scatola di carico rinforzata per un trasporto sicuro e stabile.<\/p>\n<hr data-start=\"3547\" data-end=\"3550\" \/>\n<h3 data-start=\"3552\" data-end=\"3575\">Customizzazione OEM<\/h3>\n<ul data-start=\"3576\" data-end=\"3689\">\n<li data-start=\"3576\" data-end=\"3603\">\n<p data-start=\"3578\" data-end=\"3603\">Marca: TECREK o OEM<\/p>\n<\/li>\n<li data-start=\"3604\" data-end=\"3633\">\n<p data-start=\"3606\" data-end=\"3633\">Diversi colori disponibili<\/p>\n<\/li>\n<li data-start=\"3634\" data-end=\"3689\">\n<p data-start=\"3636\" data-end=\"3689\">Modifiche facoltative sul letto cargo e accessori<\/p>\n<\/li>\n<\/ul>\n<hr data-start=\"3691\" data-end=\"3694\" \/>\n<h3 data-start=\"3696\" data-end=\"3717\">Controllo qualit\u00e0<\/h3>\n<ul data-start=\"3718\" data-end=\"3846\">\n<li data-start=\"3718\" data-end=\"3760\">\n<p data-start=\"3720\" data-end=\"3760\">Prodotto in uno stabilimento certificato ISO<\/p>\n<\/li>\n<li data-start=\"3761\" data-end=\"3809\">\n<p data-start=\"3763\" data-end=\"3809\">Ispezione in 3 fasi (motore, telaio, batteria)<\/p>\n<\/li>\n<li data-start=\"3810\" data-end=\"3846\">\n<p data-start=\"3812\" data-end=\"3846\">Ogni unit\u00e0 testata prima della spedizione<\/p>\n<\/li>\n<\/ul>\n<hr data-start=\"3848\" data-end=\"3851\" \/>\n<h3 data-start=\"3853\" data-end=\"3878\">Servizio post-vendita<\/h3>\n<ul data-start=\"3879\" data-end=\"3998\">\n<li data-start=\"3879\" data-end=\"3922\">\n<p data-start=\"3881\" data-end=\"3922\">Garanzia di 1 anno su motore e controller<\/p>\n<\/li>\n<li data-start=\"3923\" data-end=\"3951\">\n<p data-start=\"3925\" data-end=\"3951\">6 mesi di garanzia della batteria<\/p>\n<\/li>\n<li data-start=\"3952\" data-end=\"3998\">\n<p data-start=\"3954\" data-end=\"3998\">Guida tecnica e supporto per pezzi di ricambio<\/p>\n<\/li>\n<\/ul>\n<hr data-start=\"4000\" data-end=\"4003\" \/>\n<h3 data-start=\"4005\" data-end=\"4029\">Campi di applicazione<\/h3>\n<ul data-start=\"4030\" data-end=\"4183\">\n<li data-start=\"4030\" data-end=\"4070\">\n<p data-start=\"4032\" data-end=\"4070\">Trasporto merci all'ingrosso e al dettaglio<\/p>\n<\/li>\n<li data-start=\"4071\" data-end=\"4112\">\n<p data-start=\"4073\" data-end=\"4112\">Agricoltura e distribuzione agricola<\/p>\n<\/li>\n<li data-start=\"4113\" data-end=\"4146\">\n<p data-start=\"4115\" data-end=\"4146\">Trasporto di materiali da costruzione<\/p>\n<\/li>\n<li data-start=\"4147\" data-end=\"4183\">\n<p data-start=\"4149\" data-end=\"4183\">Logistica e consegna last mile<\/p>\n<\/li>\n<\/ul>\n<hr data-start=\"4185\" data-end=\"4188\" \/>\n<h3 data-start=\"4190\" data-end=\"4211\">Metodi di pagamento<\/h3>\n<ul data-start=\"4212\" data-end=\"4292\">\n<li data-start=\"4212\" data-end=\"4233\">\n<p data-start=\"4214\" data-end=\"4233\">Trasferimento bancario T\/T<\/p>\n<\/li>\n<li data-start=\"4234\" data-end=\"4250\">\n<p data-start=\"4236\" data-end=\"4250\">L\/C a vista<\/p>\n<\/li>\n<li data-start=\"4251\" data-end=\"4292\">\n<p data-start=\"4253\" data-end=\"4292\">Western Union \/ PayPal (piccoli ordini)<\/p>\n<\/li>\n<\/ul>\n<hr data-start=\"4294\" data-end=\"4297\" \/>\n<h3 data-start=\"4299\" data-end=\"4308\">Domande frequenti<\/h3>\n<p data-start=\"4310\" data-end=\"4428\"><strong data-start=\"4310\" data-end=\"4382\">Q1: Qual \u00e8 la capacit\u00e0 massima di carico del trasporto elettrico commerciale a tre ruote?<\/strong><br data-start=\"4382\" data-end=\"4385\" \/>A1: Supporta fino a <strong data-start=\"4407\" data-end=\"4416\">500 kg<\/strong> di cargo.<\/p>\n<p data-start=\"4430\" data-end=\"4539\"><strong data-start=\"4430\" data-end=\"4471\">Q2: Quanto pu\u00f2 viaggiare per carica?<\/strong><br data-start=\"4471\" data-end=\"4474\" \/>A2: Il triciclo fornisce un <strong data-start=\"4502\" data-end=\"4517\">raggio di 50 km<\/strong> su una singola carica.<\/p>\n<p data-start=\"4541\" data-end=\"4631\"><strong data-start=\"4541\" data-end=\"4582\">Q3: Posso ordinare con il mio marchio?<\/strong><br data-start=\"4582\" data-end=\"4585\" \/>A3: S\u00ec, la personalizzazione OEM\/ODM \u00e8 disponibile.<\/p>\n<p data-start=\"4633\" data-end=\"4714\"><strong data-start=\"4633\" data-end=\"4667\">Q4: Qual \u00e8 il tempo di ricarica?<\/strong><br data-start=\"4667\" data-end=\"4670\" \/>A4: Il tempo di ricarica standard \u00e8 <strong data-start=\"4700\" data-end=\"4711\">8 ore<\/strong>.<\/p>\n<p data-start=\"4716\" data-end=\"4850\"><strong data-start=\"4716\" data-end=\"4766\">Q5: Come si confronta con un carburante cargo trike?<\/strong><br data-start=\"4766\" data-end=\"4769\" \/>A5: \u00c8 ecologico, pi\u00f9 silenzioso, pi\u00f9 economico da eseguire e richiede meno manutenzione.<\/p>","protected":false},"excerpt":{"rendered":"<p>Il <strong data-start=\"417\" data-end=\"443\">Trasporto commerciale tre ruote EV<\/strong> \u00e8 un tre ruote pesante e ad alte prestazioni progettato per le aziende che hanno bisogno di soluzioni di carico affidabili ed ecologiche. Con un robusto motore da 800W, una velocit\u00e0 massima di 52 km\/h e la possibilit\u00e0 di salire in pendii fino a 30\u00b0, questo trike elettrico \u00e8 progettato per gestire percorsi urbani e rurali impegnativi. Dispone di un telaio rinforzato in acciaio, un forte letto cargo posteriore e una capacit\u00e0 di carico di <strong data-start=\"837\" data-end=\"846\">500 kg<\/strong>che lo rende ideale per la logistica, l'agricoltura, la costruzione e la consegna last mile.<\/p>","protected":false},"featured_media":4102,"comment_status":"open","ping_status":"closed","template":"","meta":[],"product_brand":[],"product_cat":[78],"product_tag":[],"class_list":{"0":"post-4091","1":"product","2":"type-product","3":"status-publish","4":"has-post-thumbnail","6":"product_cat-electric-tricycle","8":"first","9":"instock","10":"shipping-taxable","11":"product-type-simple"},"_links":{"self":[{"href":"https:\/\/www.tairuiauto.com\/it\/wp-json\/wp\/v2\/product\/4091","targetHints":{"allow":["GET"]}}],"collection":[{"href":"https:\/\/www.tairuiauto.com\/it\/wp-json\/wp\/v2\/product"}],"about":[{"href":"https:\/\/www.tairuiauto.com\/it\/wp-json\/wp\/v2\/types\/product"}],"replies":[{"embeddable":true,"href":"https:\/\/www.tairuiauto.com\/it\/wp-json\/wp\/v2\/comments?post=4091"}],"wp:featuredmedia":[{"embeddable":true,"href":"https:\/\/www.tairuiauto.com\/it\/wp-json\/wp\/v2\/media\/4102"}],"wp:attachment":[{"href":"https:\/\/www.tairuiauto.com\/it\/wp-json\/wp\/v2\/media?parent=4091"}],"wp:term":[{"taxonomy":"product_brand","embeddable":true,"href":"https:\/\/www.tairuiauto.com\/it\/wp-json\/wp\/v2\/product_brand?post=4091"},{"taxonomy":"product_cat","embeddable":true,"href":"https:\/\/www.tairuiauto.com\/it\/wp-json\/wp\/v2\/product_cat?post=4091"},{"taxonomy":"product_tag","embeddable":true,"href":"https:\/\/www.tairuiauto.com\/it\/wp-json\/wp\/v2\/product_tag?post=4091"}],"curies":[{"name":"WP","href":"https:\/\/api.w.org\/{rel}","templated":true}]}}