{"id":4111,"date":"2025-10-29T09:25:35","date_gmt":"2025-10-29T01:25:35","guid":{"rendered":"https:\/\/www.tairuiauto.com\/?post_type=product&#038;p=4111"},"modified":"2025-10-23T09:32:38","modified_gmt":"2025-10-23T01:32:38","slug":"three-wheel-cargo-truck","status":"publish","type":"product","link":"https:\/\/www.tairuiauto.com\/it\/product\/three-wheel-cargo-truck\/","title":{"rendered":"Camion cargo a tre ruote"},"content":{"rendered":"<h2 data-start=\"222\" data-end=\"246\">Descrizione del prodotto<\/h2>\n<p data-start=\"247\" data-end=\"770\">Il <strong data-start=\"623\" data-end=\"656\">tre ruote camion merci elettrico trike<\/strong> \u00e8 un'alternativa ideale al tradizionale trasporto basato sul carburante, offrendo emissioni zero e un'operazione a risparmio di costi.<\/p>\n<table style=\"width: 81.3333%; height: 497px;\" width=\"720\">\n<tbody>\n<tr>\n<td width=\"265\">Modello<\/td>\n<td width=\"455\">camion cargo a tre ruote<\/td>\n<\/tr>\n<tr>\n<td width=\"265\">Dimensione complessiva<\/td>\n<td width=\"455\">3360X1380X1425MM<\/td>\n<\/tr>\n<tr>\n<td width=\"265\">Capacit\u00e0 di carico<\/td>\n<td width=\"455\">2000kg<\/td>\n<\/tr>\n<tr>\n<td width=\"265\">Potenza del motore idraulico<\/td>\n<td width=\"455\">1500W<\/td>\n<\/tr>\n<tr>\n<td width=\"265\">Tensione standard<\/td>\n<td width=\"455\">60V \/ 72V<\/td>\n<\/tr>\n<tr>\n<td width=\"265\">Controllatore<\/td>\n<td width=\"455\">24 Tubo<\/td>\n<\/tr>\n<tr>\n<td width=\"265\">Modalit\u00e0 frenata<\/td>\n<td width=\"455\">Tamburo anteriore Tamburo posteriore<\/td>\n<\/tr>\n<tr>\n<td width=\"265\">Liberazione minima da terra<\/td>\n<td width=\"455\">135<\/td>\n<\/tr>\n<tr>\n<td width=\"265\">Capacit\u00e0 di produzione<\/td>\n<td width=\"455\">100000set\/anno<\/td>\n<\/tr>\n<tr>\n<td width=\"265\">Tempo di carica<\/td>\n<td width=\"455\">8 ore<\/td>\n<\/tr>\n<tr>\n<td width=\"265\">Pneumatico Tt anteriore\/posteriore<\/td>\n<td width=\"455\">ruote anteriori 4.00-12; ruote posteriori 4.50-12<\/td>\n<\/tr>\n<tr>\n<td width=\"265\">Scelta colore<\/td>\n<td width=\"455\">Personalizzato<\/td>\n<\/tr>\n<tr>\n<td width=\"265\">Origine<\/td>\n<td width=\"455\">Cina<\/td>\n<\/tr>\n<tr>\n<td width=\"265\">Gamma per carica\/Km<\/td>\n<td width=\"455\">50 km<\/td>\n<\/tr>\n<tr>\n<td width=\"265\">Velocit\u00e0 massima Km\/H<\/td>\n<td width=\"455\">52 km\/h<\/td>\n<\/tr>\n<tr>\n<td width=\"265\">Capacit\u00e0 di arrampicata<\/td>\n<td width=\"455\">\u226430\u00b0<\/td>\n<\/tr>\n<\/tbody>\n<\/table>\n<hr data-start=\"4742\" data-end=\"4745\" \/>\n<h2 data-start=\"772\" data-end=\"795\">Punti di vendita chiave<\/h2>\n<ol data-start=\"796\" data-end=\"1427\">\n<li data-start=\"796\" data-end=\"955\">\n<p data-start=\"799\" data-end=\"955\"><strong data-start=\"799\" data-end=\"828\">Capacit\u00e0 di carico eccezionale<\/strong> \u2013 Il <strong data-start=\"835\" data-end=\"845\">camion cargo a tre ruote<\/strong> pu\u00f2 portare fino a 2000KG, rendendolo uno dei pi\u00f9 affidabili <strong data-start=\"905\" data-end=\"932\">veicoli elettrici da carico<\/strong> per il lavoro pesante.<\/p>\n<\/li>\n<li data-start=\"956\" data-end=\"1106\">\n<p data-start=\"959\" data-end=\"1106\"><strong data-start=\"959\" data-end=\"990\">Prestazioni efficienti del motore<\/strong> Dotato di un motore da 1500W e di un sistema da 60V\/72V, il trike garantisce una potenza di uscita costante e un funzionamento fluido.<\/p>\n<\/li>\n<li data-start=\"1107\" data-end=\"1260\">\n<p data-start=\"1110\" data-end=\"1260\"><strong data-start=\"1110\" data-end=\"1145\">Soluzione logistica ecologica<\/strong> Opera a zero emissioni, offrendo una scelta sostenibile rispetto ai camion a tre ruote diesel o benzina.<\/p>\n<\/li>\n<li data-start=\"1261\" data-end=\"1427\">\n<p data-start=\"1264\" data-end=\"1427\"><strong data-start=\"1264\" data-end=\"1297\">Design robusto per strade difficili<\/strong> Sospensioni rinforzate e pneumatici di grandi dimensioni (anteriore 4.00-12, posteriore 4.50-12) garantiscono una durata per applicazioni industriali e rurali.<\/p>\n<\/li>\n<\/ol>\n<hr data-start=\"4742\" data-end=\"4745\" \/>\n<h2 data-start=\"1429\" data-end=\"1460\">Vantaggi di differenziazione<\/h2>\n<ol data-start=\"1461\" data-end=\"2111\">\n<li data-start=\"1461\" data-end=\"1641\">\n<p data-start=\"1464\" data-end=\"1641\"><strong data-start=\"1464\" data-end=\"1499\">Camion ad alta efficienza vs. carburante<\/strong> A differenza dei veicoli tradizionali, il <strong data-start=\"1535\" data-end=\"1569\">tre ruote camion carico triciclo carico elettrico<\/strong> ha costi di funzionamento inferiori, rumore ridotto e prestazioni ecologiche.<\/p>\n<\/li>\n<li data-start=\"1642\" data-end=\"1804\">\n<p data-start=\"1645\" data-end=\"1804\"><strong data-start=\"1645\" data-end=\"1670\">Durabilit\u00e0 pesante<\/strong> \u2013 Progettato con telaio in acciaio e forte sistema frenante (tamburo anteriore tamburo posteriore), garantendo sicurezza anche durante il trasporto di carichi massimi.<\/p>\n<\/li>\n<li data-start=\"1805\" data-end=\"1946\">\n<p data-start=\"1808\" data-end=\"1946\"><strong data-start=\"1808\" data-end=\"1835\">Carica flessibile &amp; Utilizzo<\/strong> Con un tempo di ricarica di 8 ore, fornisce un raggio fino a 50 km per carica, perfetto per i compiti logistici quotidiani.<\/p>\n<\/li>\n<li data-start=\"1947\" data-end=\"2111\">\n<p data-start=\"1950\" data-end=\"2111\"><strong data-start=\"1950\" data-end=\"1981\">Produzione industriale<\/strong> Produtto secondo standard rigorosi con una capacit\u00e0 di produzione di 100.000 unit\u00e0 all'anno, garantendo qualit\u00e0 e fornitura stabile.<\/p>\n<\/li>\n<\/ol>\n<p><img fetchpriority=\"high\" decoding=\"async\" class=\"alignnone size-medium wp-image-4083\" src=\"https:\/\/www.tairuiauto.com\/wp-content\/uploads\/2025\/10\/cff02c9e-6273-4c8d-b5a0-7cc9f48f5b12-300x300.jpg\" alt=\"\" width=\"300\" height=\"300\" srcset=\"https:\/\/www.tairuiauto.com\/wp-content\/uploads\/2025\/10\/cff02c9e-6273-4c8d-b5a0-7cc9f48f5b12-300x300.jpg 300w, https:\/\/www.tairuiauto.com\/wp-content\/uploads\/2025\/10\/cff02c9e-6273-4c8d-b5a0-7cc9f48f5b12-1024x1024.jpg 1024w, https:\/\/www.tairuiauto.com\/wp-content\/uploads\/2025\/10\/cff02c9e-6273-4c8d-b5a0-7cc9f48f5b12-150x150.jpg 150w, https:\/\/www.tairuiauto.com\/wp-content\/uploads\/2025\/10\/cff02c9e-6273-4c8d-b5a0-7cc9f48f5b12-768x768.jpg 768w, https:\/\/www.tairuiauto.com\/wp-content\/uploads\/2025\/10\/cff02c9e-6273-4c8d-b5a0-7cc9f48f5b12-1536x1536.jpg 1536w, https:\/\/www.tairuiauto.com\/wp-content\/uploads\/2025\/10\/cff02c9e-6273-4c8d-b5a0-7cc9f48f5b12-2048x2048.jpg 2048w, https:\/\/www.tairuiauto.com\/wp-content\/uploads\/2025\/10\/cff02c9e-6273-4c8d-b5a0-7cc9f48f5b12-12x12.jpg 12w, https:\/\/www.tairuiauto.com\/wp-content\/uploads\/2025\/10\/cff02c9e-6273-4c8d-b5a0-7cc9f48f5b12-600x600.jpg 600w, https:\/\/www.tairuiauto.com\/wp-content\/uploads\/2025\/10\/cff02c9e-6273-4c8d-b5a0-7cc9f48f5b12-100x100.jpg 100w\" sizes=\"(max-width: 300px) 100vw, 300px\" \/>\u00a0 \u00a0 \u00a0 \u00a0 \u00a0 \u00a0 \u00a0 \u00a0 \u00a0 \u00a0 \u00a0 \u00a0 \u00a0 \u00a0 \u00a0 <img decoding=\"async\" class=\"alignnone size-medium wp-image-4082\" src=\"https:\/\/www.tairuiauto.com\/wp-content\/uploads\/2025\/10\/749154bb-bb36-4cec-bdde-9de1b7fa99cf-300x300.jpg\" alt=\"\" width=\"300\" height=\"300\" srcset=\"https:\/\/www.tairuiauto.com\/wp-content\/uploads\/2025\/10\/749154bb-bb36-4cec-bdde-9de1b7fa99cf-300x300.jpg 300w, https:\/\/www.tairuiauto.com\/wp-content\/uploads\/2025\/10\/749154bb-bb36-4cec-bdde-9de1b7fa99cf-1024x1024.jpg 1024w, https:\/\/www.tairuiauto.com\/wp-content\/uploads\/2025\/10\/749154bb-bb36-4cec-bdde-9de1b7fa99cf-150x150.jpg 150w, https:\/\/www.tairuiauto.com\/wp-content\/uploads\/2025\/10\/749154bb-bb36-4cec-bdde-9de1b7fa99cf-768x768.jpg 768w, https:\/\/www.tairuiauto.com\/wp-content\/uploads\/2025\/10\/749154bb-bb36-4cec-bdde-9de1b7fa99cf-1536x1536.jpg 1536w, https:\/\/www.tairuiauto.com\/wp-content\/uploads\/2025\/10\/749154bb-bb36-4cec-bdde-9de1b7fa99cf-2048x2048.jpg 2048w, https:\/\/www.tairuiauto.com\/wp-content\/uploads\/2025\/10\/749154bb-bb36-4cec-bdde-9de1b7fa99cf-12x12.jpg 12w, https:\/\/www.tairuiauto.com\/wp-content\/uploads\/2025\/10\/749154bb-bb36-4cec-bdde-9de1b7fa99cf-600x600.jpg 600w, https:\/\/www.tairuiauto.com\/wp-content\/uploads\/2025\/10\/749154bb-bb36-4cec-bdde-9de1b7fa99cf-100x100.jpg 100w\" sizes=\"(max-width: 300px) 100vw, 300px\" \/><\/p>\n<hr data-start=\"4742\" data-end=\"4745\" \/>\n<h2 data-start=\"2570\" data-end=\"2595\">Parametri tecnici<\/h2>\n<ul data-start=\"2596\" data-end=\"2770\">\n<li data-start=\"2596\" data-end=\"2641\">\n<p data-start=\"2598\" data-end=\"2641\">Sistema di trasmissione: elettrico, trazione a tre ruote<\/p>\n<\/li>\n<li data-start=\"2642\" data-end=\"2690\">\n<p data-start=\"2644\" data-end=\"2690\">Sospensione: ammortizzazione posteriore pesante<\/p>\n<\/li>\n<li data-start=\"2691\" data-end=\"2727\">\n<p data-start=\"2693\" data-end=\"2727\">Gamma di carico: carico utile fino a 2000KG<\/p>\n<\/li>\n<li data-start=\"2728\" data-end=\"2770\">\n<p data-start=\"2730\" data-end=\"2770\">Capacit\u00e0 di produzione: 100.000 set\/anno<\/p>\n<\/li>\n<\/ul>\n<hr data-start=\"4742\" data-end=\"4745\" \/>\n<h2 data-start=\"2772\" data-end=\"2785\">Materiale<\/h2>\n<ul data-start=\"2786\" data-end=\"2962\">\n<li data-start=\"2786\" data-end=\"2841\">\n<p data-start=\"2788\" data-end=\"2841\"><strong data-start=\"2788\" data-end=\"2816\">Telaio in acciaio rinforzato<\/strong> per la massima durata<\/p>\n<\/li>\n<li data-start=\"2842\" data-end=\"2902\">\n<p data-start=\"2844\" data-end=\"2902\"><strong data-start=\"2844\" data-end=\"2871\">Pneumatici in gomma di alta qualit\u00e0<\/strong> per prestazioni di carico<\/p>\n<\/li>\n<li data-start=\"2903\" data-end=\"2962\">\n<p data-start=\"2905\" data-end=\"2962\"><strong data-start=\"2905\" data-end=\"2936\">Componenti in lega protettiva<\/strong> per una vita di servizio pi\u00f9 lunga<\/p>\n<\/li>\n<\/ul>\n<hr data-start=\"4742\" data-end=\"4745\" \/>\n<h2 data-start=\"2964\" data-end=\"2979\">Aspetto<\/h2>\n<ul data-start=\"2980\" data-end=\"3106\">\n<li data-start=\"2980\" data-end=\"3019\">\n<p data-start=\"2982\" data-end=\"3019\">Design funzionale in stile industriale<\/p>\n<\/li>\n<li data-start=\"3020\" data-end=\"3061\">\n<p data-start=\"3022\" data-end=\"3061\">Finitura opaca con colori personalizzabili<\/p>\n<\/li>\n<li data-start=\"3062\" data-end=\"3106\">\n<p data-start=\"3064\" data-end=\"3106\">Largo letto carico per carico multiuso<\/p>\n<\/li>\n<\/ul>\n<hr data-start=\"4742\" data-end=\"4745\" \/>\n<h2 data-start=\"3108\" data-end=\"3119\">Progettazione<\/h2>\n<ul data-start=\"3120\" data-end=\"3278\">\n<li data-start=\"3120\" data-end=\"3160\">\n<p data-start=\"3122\" data-end=\"3160\">Costruito per <strong data-start=\"3132\" data-end=\"3158\">utilit\u00e0 ed efficienza<\/strong><\/p>\n<\/li>\n<li data-start=\"3161\" data-end=\"3224\">\n<p data-start=\"3163\" data-end=\"3224\">Sospensioni resistenti garantiscono comfort anche su terreni difficili<\/p>\n<\/li>\n<li data-start=\"3225\" data-end=\"3278\">\n<p data-start=\"3227\" data-end=\"3278\">Posizione di guida ergonomica per lunghi orari di lavoro<\/p>\n<\/li>\n<\/ul>\n<hr data-start=\"4742\" data-end=\"4745\" \/>\n<h2 data-start=\"3280\" data-end=\"3302\">Customizzazione OEM<\/h2>\n<ul data-start=\"3303\" data-end=\"3447\">\n<li data-start=\"3303\" data-end=\"3344\">\n<p data-start=\"3305\" data-end=\"3344\">Dimensioni personalizzate della scatola di carico disponibili<\/p>\n<\/li>\n<li data-start=\"3345\" data-end=\"3389\">\n<p data-start=\"3347\" data-end=\"3389\">Branding e personalizzazione dei colori offerti<\/p>\n<\/li>\n<li data-start=\"3390\" data-end=\"3447\">\n<p data-start=\"3392\" data-end=\"3447\">Opzioni per configurazioni aggiornate di motore e batteria<\/p>\n<\/li>\n<\/ul>\n<hr data-start=\"4742\" data-end=\"4745\" \/>\n<h2 data-start=\"3449\" data-end=\"3469\">Controllo qualit\u00e0<\/h2>\n<ul data-start=\"3470\" data-end=\"3638\">\n<li data-start=\"3470\" data-end=\"3587\">\n<p data-start=\"3472\" data-end=\"3587\">Ogni <strong data-start=\"3478\" data-end=\"3502\">tre ruote camion cargo e-trike<\/strong> sottoposto a prove di freni, prove di carico e controlli di efficienza del motore prima della consegna<\/p>\n<\/li>\n<li data-start=\"3588\" data-end=\"3638\">\n<p data-start=\"3590\" data-end=\"3638\">Conformit\u00e0 alle norme internazionali di esportazione<\/p>\n<\/li>\n<\/ul>\n<hr data-start=\"4742\" data-end=\"4745\" \/>\n<h2 data-start=\"3640\" data-end=\"3664\">Servizio post-vendita<\/h2>\n<ul data-start=\"3665\" data-end=\"3796\">\n<li data-start=\"3665\" data-end=\"3694\">\n<p data-start=\"3667\" data-end=\"3694\">Fornitura globale di ricambi<\/p>\n<\/li>\n<li data-start=\"3695\" data-end=\"3740\">\n<p data-start=\"3697\" data-end=\"3740\">Consulenza tecnica e supporto online<\/p>\n<\/li>\n<li data-start=\"3741\" data-end=\"3796\">\n<p data-start=\"3743\" data-end=\"3796\">Opzioni di garanzia disponibili per motore e controller<\/p>\n<\/li>\n<\/ul>\n<hr data-start=\"4742\" data-end=\"4745\" \/>\n<h2 data-start=\"3798\" data-end=\"3821\">Campi di applicazione<\/h2>\n<ul data-start=\"3822\" data-end=\"3972\">\n<li data-start=\"3822\" data-end=\"3855\">\n<p data-start=\"3824\" data-end=\"3855\">Flotte logistiche e di consegna<\/p>\n<\/li>\n<li data-start=\"3856\" data-end=\"3894\">\n<p data-start=\"3858\" data-end=\"3894\">Costruzione e trasporto di fabbriche<\/p>\n<\/li>\n<li data-start=\"3895\" data-end=\"3939\">\n<p data-start=\"3897\" data-end=\"3939\">Prodotti e materiali agricoli<\/p>\n<\/li>\n<li data-start=\"3940\" data-end=\"3972\">\n<p data-start=\"3942\" data-end=\"3972\">Operazioni di servizio comunale<\/p>\n<\/li>\n<\/ul>\n<hr data-start=\"4742\" data-end=\"4745\" \/>\n<h2 data-start=\"3974\" data-end=\"3993\">Metodo di pagamento<\/h2>\n<ul data-start=\"3994\" data-end=\"4066\">\n<li data-start=\"3994\" data-end=\"4066\">\n<p data-start=\"3996\" data-end=\"4066\">Opzioni flessibili tra cui T \/ T, L \/ C e metodi di commercio internazionale<\/p>\n<\/li>\n<\/ul>\n<hr data-start=\"4742\" data-end=\"4745\" \/>\n<h2 data-start=\"4068\" data-end=\"4076\">Domande frequenti<\/h2>\n<p data-start=\"4077\" data-end=\"4203\"><strong data-start=\"4077\" data-end=\"4133\">Q1: Qual \u00e8 la capacit\u00e0 massima di carico del camion cargo a tre ruote?<\/strong><br data-start=\"4133\" data-end=\"4136\" \/>A1: il <strong data-start=\"4144\" data-end=\"4177\">tre ruote camion merci elettrico trike<\/strong> pu\u00f2 trasportare fino a 2000KG.<\/p>\n<p data-start=\"4205\" data-end=\"4326\"><strong data-start=\"4205\" data-end=\"4264\">Q2: Quanto lontano pu\u00f2 viaggiare il triciclo con una singola carica?<\/strong><br data-start=\"4264\" data-end=\"4267\" \/>A2: La durata \u00e8 di circa 50 km per carica completa.<\/p>\n<p data-start=\"4328\" data-end=\"4411\"><strong data-start=\"4328\" data-end=\"4364\">Q3: Quanto tempo dura la ricarica?<\/strong><br data-start=\"4364\" data-end=\"4367\" \/>A3: Una carica completa richiede circa 8 ore.<\/p>\n<p data-start=\"4413\" data-end=\"4608\"><strong data-start=\"4413\" data-end=\"4473\">Q4: Questo modello pu\u00f2 essere utilizzato in aree rurali o industriali?<\/strong><br data-start=\"4473\" data-end=\"4476\" \/>A4: S\u00ec, il <strong data-start=\"4489\" data-end=\"4517\">camion cargo a tre ruote camion a tre ruote<\/strong> \u00e8 progettato sia per ambienti urbani che rurali, con pneumatici rinforzati e sospensioni.<\/p>\n<p data-start=\"4610\" data-end=\"4740\"><strong data-start=\"4610\" data-end=\"4649\">Q5: La personalizzazione OEM \u00e8 disponibile?<\/strong><br data-start=\"4649\" data-end=\"4652\" \/>A5: S\u00ec, forniamo opzioni per la personalizzazione della scatola di carico, il marchio e gli aggiornamenti del motore.<\/p>\n<hr data-start=\"4742\" data-end=\"4745\" \/>\n<p data-start=\"4747\" data-end=\"4913\">","protected":false},"excerpt":{"rendered":"<p>Il <strong data-start=\"251\" data-end=\"261\">camion cargo a tre ruote<\/strong> \u00e8 un heavy-duty <strong data-start=\"278\" data-end=\"305\">triciclo carico elettrico<\/strong> progettato per la logistica su larga e media scala, le operazioni industriali e il trasporto agricolo. Costruito con un potente motore da 1500W e supportato da un controller a 24 tubi, questo <strong data-start=\"481\" data-end=\"502\">camion a tre ruote<\/strong> combina resistenza, stabilit\u00e0 ed efficienza. Con una capacit\u00e0 di carico massima di 2000KG e una velocit\u00e0 massima di 52 km\/h, il<strong data-start=\"623\" data-end=\"656\">\u00a0trike elettrico di trasporto merci<\/strong> \u00e8 un'alternativa ideale al tradizionale trasporto basato sul carburante, offrendo emissioni zero e un'operazione a risparmio di costi.<\/p>","protected":false},"featured_media":4085,"comment_status":"open","ping_status":"closed","template":"","meta":[],"product_brand":[],"product_cat":[78],"product_tag":[],"class_list":{"0":"post-4111","1":"product","2":"type-product","3":"status-publish","4":"has-post-thumbnail","6":"product_cat-electric-tricycle","8":"first","9":"instock","10":"shipping-taxable","11":"product-type-simple"},"_links":{"self":[{"href":"https:\/\/www.tairuiauto.com\/it\/wp-json\/wp\/v2\/product\/4111","targetHints":{"allow":["GET"]}}],"collection":[{"href":"https:\/\/www.tairuiauto.com\/it\/wp-json\/wp\/v2\/product"}],"about":[{"href":"https:\/\/www.tairuiauto.com\/it\/wp-json\/wp\/v2\/types\/product"}],"replies":[{"embeddable":true,"href":"https:\/\/www.tairuiauto.com\/it\/wp-json\/wp\/v2\/comments?post=4111"}],"wp:featuredmedia":[{"embeddable":true,"href":"https:\/\/www.tairuiauto.com\/it\/wp-json\/wp\/v2\/media\/4085"}],"wp:attachment":[{"href":"https:\/\/www.tairuiauto.com\/it\/wp-json\/wp\/v2\/media?parent=4111"}],"wp:term":[{"taxonomy":"product_brand","embeddable":true,"href":"https:\/\/www.tairuiauto.com\/it\/wp-json\/wp\/v2\/product_brand?post=4111"},{"taxonomy":"product_cat","embeddable":true,"href":"https:\/\/www.tairuiauto.com\/it\/wp-json\/wp\/v2\/product_cat?post=4111"},{"taxonomy":"product_tag","embeddable":true,"href":"https:\/\/www.tairuiauto.com\/it\/wp-json\/wp\/v2\/product_tag?post=4111"}],"curies":[{"name":"WP","href":"https:\/\/api.w.org\/{rel}","templated":true}]}}