{"id":4113,"date":"2025-10-30T10:15:55","date_gmt":"2025-10-30T02:15:55","guid":{"rendered":"https:\/\/www.tairuiauto.com\/?post_type=product&#038;p=4113"},"modified":"2025-10-23T09:32:54","modified_gmt":"2025-10-23T01:32:54","slug":"4-doors-electric-city-car","status":"publish","type":"product","link":"https:\/\/www.tairuiauto.com\/it\/product\/4-doors-electric-city-car\/","title":{"rendered":"4 porte auto elettrica della citt\u00e0"},"content":{"rendered":"<h2 data-start=\"259\" data-end=\"283\">Descrizione del prodotto<\/h2>\n<p data-start=\"284\" data-end=\"741\">Il <strong data-start=\"607\" data-end=\"643\">4 porte auto elettrica della citt\u00e0 <\/strong>\u00e8 ideale per i pendolari quotidiani, l'uso familiare e i trasporti a breve distanza in citt\u00e0 e citt\u00e0.<\/p>\n<table style=\"border-collapse: collapse; width: 66.0223%; height: 559px;\" border=\"0\" width=\"715\" cellspacing=\"0\" cellpadding=\"0\">\n<tbody>\n<tr style=\"height: 20.00pt;\">\n<td class=\"et4\" style=\"height: 20pt; width: 39.6529%;\" width=\"311\" height=\"33\">Modello<\/td>\n<td class=\"et4\" style=\"width: 60.0801%;\" width=\"404\">4 porte auto elettrica della citt\u00e0<\/td>\n<\/tr>\n<tr style=\"height: 20.00pt;\">\n<td class=\"et5\" style=\"height: 20pt; width: 39.6529%;\" width=\"311\" height=\"33\">Tensione<\/td>\n<td class=\"et5\" style=\"width: 60.0801%;\" width=\"404\">60 volti<\/td>\n<\/tr>\n<tr style=\"height: 20.00pt;\">\n<td class=\"et5\" style=\"height: 20pt; width: 39.6529%;\" width=\"311\" height=\"33\">Potenza<\/td>\n<td class=\"et5\" style=\"width: 60.0801%;\" width=\"404\">&gt; 800 watt<\/td>\n<\/tr>\n<tr style=\"height: 20.00pt;\">\n<td class=\"et5\" style=\"height: 20pt; width: 39.6529%;\" width=\"311\" height=\"33\">Certificazione<\/td>\n<td class=\"et5\" style=\"width: 60.0801%;\" width=\"404\">CCC, CEE, CE<\/td>\n<\/tr>\n<tr style=\"height: 20.00pt;\">\n<td class=\"et5\" style=\"height: 20pt; width: 39.6529%;\" width=\"311\" height=\"33\">Tipo di corpo<\/td>\n<td class=\"et5\" style=\"width: 60.0801%;\" width=\"404\">Chiuso<\/td>\n<\/tr>\n<tr style=\"height: 20.00pt;\">\n<td class=\"et5\" style=\"height: 20pt; width: 39.6529%;\" width=\"311\" height=\"33\">Scelta colore<\/td>\n<td class=\"et5\" style=\"width: 60.0801%;\" width=\"404\">Personalizzato<\/td>\n<\/tr>\n<tr style=\"height: 20.00pt;\">\n<td class=\"et5\" style=\"height: 20pt; width: 39.6529%;\" width=\"311\" height=\"33\">Velocit\u00e0 massima Km\/H<\/td>\n<td class=\"et5\" style=\"width: 60.0801%;\" width=\"404\">30-40 km\/h<\/td>\n<\/tr>\n<tr style=\"height: 20.00pt;\">\n<td class=\"et5\" style=\"height: 20pt; width: 39.6529%;\" width=\"311\" height=\"33\">motore<\/td>\n<td class=\"et5\" style=\"width: 60.0801%;\" width=\"404\">48\/60V 800W<\/td>\n<\/tr>\n<tr style=\"height: 20.00pt;\">\n<td class=\"et5\" style=\"height: 20pt; width: 39.6529%;\" width=\"311\" height=\"33\">Tipo freno<\/td>\n<td class=\"et5\" style=\"width: 60.0801%;\" width=\"404\">Disco posteriore<\/td>\n<\/tr>\n<tr style=\"height: 20.00pt;\">\n<td class=\"et5\" style=\"height: 20pt; width: 39.6529%;\" width=\"311\" height=\"33\">Pacchetto di trasporto<\/td>\n<td class=\"et5\" style=\"width: 60.0801%;\" width=\"404\">avvolgimento schiuma<\/td>\n<\/tr>\n<tr style=\"height: 20.00pt;\">\n<td class=\"et5\" style=\"height: 20pt; width: 39.6529%;\" width=\"311\" height=\"33\">Origine<\/td>\n<td class=\"et5\" style=\"width: 60.0801%;\" width=\"404\">Cina<\/td>\n<\/tr>\n<tr style=\"height: 20.00pt;\">\n<td class=\"et5\" style=\"height: 20pt; width: 39.6529%;\" width=\"311\" height=\"33\">Specificazione<\/td>\n<td class=\"et5\" style=\"width: 60.0801%;\" width=\"404\">2600 * 1300 * 1650mm<\/td>\n<\/tr>\n<tr style=\"height: 20.00pt;\">\n<td class=\"et5\" style=\"height: 20pt; width: 39.6529%;\" width=\"311\" height=\"33\">Codice HS<\/td>\n<td class=\"et5\" style=\"width: 60.0801%;\" width=\"404\">8703800090<\/td>\n<\/tr>\n<tr style=\"height: 20.00pt;\">\n<td class=\"et5\" style=\"height: 20pt; width: 39.6529%;\" width=\"311\" height=\"33\">Capacit\u00e0 di produzione<\/td>\n<td class=\"et5\" style=\"width: 60.0801%;\" width=\"404\">300000 unit\u00e0\/anno<\/td>\n<\/tr>\n<tr style=\"height: 20.00pt;\">\n<td class=\"et5\" style=\"height: 20pt; width: 39.6529%;\" width=\"311\" height=\"33\">Modalit\u00e0 frenata<\/td>\n<td class=\"et5\" style=\"width: 60.0801%;\" width=\"404\">Tamburo anteriore Tamburo posteriore<\/td>\n<\/tr>\n<tr style=\"height: 20.00pt;\">\n<td class=\"et5\" style=\"height: 20pt; width: 39.6529%;\" width=\"311\" height=\"33\">Liberazione minima da terra<\/td>\n<td class=\"et5\" style=\"width: 60.0801%;\" width=\"404\">135<\/td>\n<\/tr>\n<tr style=\"height: 20.00pt;\">\n<td class=\"et5\" style=\"height: 20pt; width: 39.6529%;\" width=\"311\" height=\"33\">Capacit\u00e0 di produzione<\/td>\n<td class=\"et5\" style=\"width: 60.0801%;\" width=\"404\">100000set\/anno<\/td>\n<\/tr>\n<tr style=\"height: 20.00pt;\">\n<td class=\"et5\" style=\"height: 20pt; width: 39.6529%;\" width=\"311\" height=\"33\">Dimensioni del pacchetto<\/td>\n<td class=\"et5\" style=\"width: 60.0801%;\" width=\"404\">320cm * 120cm * 140cm<\/td>\n<\/tr>\n<tr style=\"height: 20.00pt;\">\n<td class=\"et5\" style=\"height: 20pt; width: 39.6529%;\" width=\"311\" height=\"33\">Peso lordo del pacchetto<\/td>\n<td class=\"et5\" style=\"width: 60.0801%;\" width=\"404\">260kg<\/td>\n<\/tr>\n<\/tbody>\n<\/table>\n<hr data-start=\"4379\" data-end=\"4382\" \/>\n<h2 data-start=\"743\" data-end=\"766\">Punti di vendita chiave<\/h2>\n<ol data-start=\"767\" data-end=\"1337\">\n<li data-start=\"767\" data-end=\"930\">\n<p data-start=\"770\" data-end=\"930\"><strong data-start=\"770\" data-end=\"794\">Compatto ma spazioso<\/strong> \u2013 La cabina a quattro porte fornisce comfort e sicurezza, rendendo il <strong data-start=\"865\" data-end=\"883\">4 porte auto elettrica della citt\u00e0<\/strong> adatto per il trasporto familiare e di passeggeri.<\/p>\n<\/li>\n<li data-start=\"931\" data-end=\"1068\">\n<p data-start=\"934\" data-end=\"1068\"><strong data-start=\"934\" data-end=\"966\">Trasporti urbani ecologici<\/strong> Con emissioni zero, questo <strong data-start=\"995\" data-end=\"1016\">mini auto elettrica<\/strong> riduce l'inquinamento riducendo i costi operativi.<\/p>\n<\/li>\n<li data-start=\"1069\" data-end=\"1211\">\n<p data-start=\"1072\" data-end=\"1211\"><strong data-start=\"1072\" data-end=\"1106\">Certificato per qualit\u00e0 &amp; Sicurezza<\/strong> \u2013 pienamente conforme con <strong data-start=\"1130\" data-end=\"1165\">Certificazioni CCC, CEE e CE<\/strong>garantire affidabilit\u00e0 e prontezza all'esportazione.<\/p>\n<\/li>\n<li data-start=\"1212\" data-end=\"1337\">\n<p data-start=\"1215\" data-end=\"1337\"><strong data-start=\"1215\" data-end=\"1242\">Velocit\u00e0 pratica &amp; Gamma<\/strong> \u2013 Capace di raggiungere 30-40 km\/h con un raggio di 50 km a carica, perfetto per i viaggi urbani.<\/p>\n<\/li>\n<\/ol>\n<hr data-start=\"4379\" data-end=\"4382\" \/>\n<h2 data-start=\"1339\" data-end=\"1370\">Vantaggi di differenziazione<\/h2>\n<ol data-start=\"1371\" data-end=\"1937\">\n<li data-start=\"1371\" data-end=\"1556\">\n<p data-start=\"1374\" data-end=\"1556\"><strong data-start=\"1374\" data-end=\"1413\">Una alternativa sicura ai tricicli aperti<\/strong> \u2013 A differenza degli standard e-trike, il <strong data-start=\"1446\" data-end=\"1464\">4 porte auto elettrica della citt\u00e0<\/strong> dispone di una carrozzeria chiusa con quattro porte, garantendo protezione contro le intemperie e sicurezza dei passeggeri.<\/p>\n<\/li>\n<li data-start=\"1557\" data-end=\"1680\">\n<p data-start=\"1560\" data-end=\"1680\"><strong data-start=\"1560\" data-end=\"1584\">Utilizzo multifunzionale<\/strong> Adatto come a <strong data-start=\"1601\" data-end=\"1628\">veicolo elettrico familiare<\/strong>navetta della comunit\u00e0, o auto di consegna del quartiere.<\/p>\n<\/li>\n<li data-start=\"1681\" data-end=\"1804\">\n<p data-start=\"1684\" data-end=\"1804\"><strong data-start=\"1684\" data-end=\"1711\">Aspetto personalizzabile<\/strong> \u2013 Disponibile in diversi colori e opzioni di branding per soddisfare esigenze commerciali o personali.<\/p>\n<\/li>\n<li data-start=\"1805\" data-end=\"1937\">\n<p data-start=\"1808\" data-end=\"1937\"><strong data-start=\"1808\" data-end=\"1836\">Alta capacit\u00e0 produttiva<\/strong> \u2013 Con fino a <strong data-start=\"1850\" data-end=\"1872\">300.000 unit\u00e0\/anno<\/strong>, l'approvvigionamento \u00e8 stabile per ordini in massa e personalizzazione della flotta.<\/p>\n<\/li>\n<\/ol>\n<p><img fetchpriority=\"high\" decoding=\"async\" class=\"wp-image-4118 aligncenter\" src=\"https:\/\/www.tairuiauto.com\/wp-content\/uploads\/2025\/10\/38e07943-3c21-4bbf-bb2e-f8bbbfdd6cae-150x300.webp\" alt=\"\" width=\"222\" height=\"444\" srcset=\"https:\/\/www.tairuiauto.com\/wp-content\/uploads\/2025\/10\/38e07943-3c21-4bbf-bb2e-f8bbbfdd6cae-150x300.webp 150w, https:\/\/www.tairuiauto.com\/wp-content\/uploads\/2025\/10\/38e07943-3c21-4bbf-bb2e-f8bbbfdd6cae-512x1024.webp 512w, https:\/\/www.tairuiauto.com\/wp-content\/uploads\/2025\/10\/38e07943-3c21-4bbf-bb2e-f8bbbfdd6cae-768x1536.webp 768w, https:\/\/www.tairuiauto.com\/wp-content\/uploads\/2025\/10\/38e07943-3c21-4bbf-bb2e-f8bbbfdd6cae-1024x2048.webp 1024w, https:\/\/www.tairuiauto.com\/wp-content\/uploads\/2025\/10\/38e07943-3c21-4bbf-bb2e-f8bbbfdd6cae-6x12.webp 6w, https:\/\/www.tairuiauto.com\/wp-content\/uploads\/2025\/10\/38e07943-3c21-4bbf-bb2e-f8bbbfdd6cae-600x1200.webp 600w, https:\/\/www.tairuiauto.com\/wp-content\/uploads\/2025\/10\/38e07943-3c21-4bbf-bb2e-f8bbbfdd6cae.webp 1060w\" sizes=\"(max-width: 222px) 100vw, 222px\" \/><\/p>\n<hr data-start=\"4379\" data-end=\"4382\" \/>\n<h2 data-start=\"2372\" data-end=\"2397\">Parametri tecnici<\/h2>\n<ul data-start=\"2398\" data-end=\"2554\">\n<li data-start=\"2398\" data-end=\"2425\">\n<p data-start=\"2400\" data-end=\"2425\">Range per carica: 50 km<\/p>\n<\/li>\n<li data-start=\"2426\" data-end=\"2468\">\n<p data-start=\"2428\" data-end=\"2468\">Sistema frenante: Tamburo anteriore disco posteriore<\/p>\n<\/li>\n<li data-start=\"2469\" data-end=\"2497\">\n<p data-start=\"2471\" data-end=\"2497\">Distanza da terra: 135 mm<\/p>\n<\/li>\n<li data-start=\"2498\" data-end=\"2521\">\n<p data-start=\"2500\" data-end=\"2521\">HS Code: 8703800090<\/p>\n<\/li>\n<li data-start=\"2522\" data-end=\"2554\">\n<p data-start=\"2524\" data-end=\"2554\">Pacchetto di trasporto: Foam wrap<\/p>\n<\/li>\n<\/ul>\n<hr data-start=\"4379\" data-end=\"4382\" \/>\n<h2 data-start=\"2556\" data-end=\"2569\">Materiale<\/h2>\n<ul data-start=\"2570\" data-end=\"2694\">\n<li data-start=\"2570\" data-end=\"2612\">\n<p data-start=\"2572\" data-end=\"2612\">Robusto <strong data-start=\"2579\" data-end=\"2599\">telaio corpo in acciaio<\/strong> per la sicurezza<\/p>\n<\/li>\n<li data-start=\"2613\" data-end=\"2645\">\n<p data-start=\"2615\" data-end=\"2645\">Rinforzato <strong data-start=\"2626\" data-end=\"2643\">finestre in vetro<\/strong><\/p>\n<\/li>\n<li data-start=\"2646\" data-end=\"2694\">\n<p data-start=\"2648\" data-end=\"2694\">Durabile <strong data-start=\"2656\" data-end=\"2672\">pneumatici in gomma<\/strong> per una manipolazione fluida<\/p>\n<\/li>\n<\/ul>\n<hr data-start=\"4379\" data-end=\"4382\" \/>\n<h2 data-start=\"2696\" data-end=\"2711\">Aspetto<\/h2>\n<ul data-start=\"2712\" data-end=\"2839\">\n<li data-start=\"2712\" data-end=\"2776\">\n<p data-start=\"2714\" data-end=\"2776\">Styling moderno compatto con un <strong data-start=\"2744\" data-end=\"2774\">design hatchback a quattro porte<\/strong><\/p>\n<\/li>\n<li data-start=\"2777\" data-end=\"2839\">\n<p data-start=\"2779\" data-end=\"2839\">Corpo semplificato con bordi lisci e aspetto urbano<\/p>\n<\/li>\n<\/ul>\n<hr data-start=\"4379\" data-end=\"4382\" \/>\n<h2 data-start=\"2841\" data-end=\"2852\">Progettazione<\/h2>\n<ul data-start=\"2853\" data-end=\"3017\">\n<li data-start=\"2853\" data-end=\"2902\">\n<p data-start=\"2855\" data-end=\"2902\">Progettato come a <strong data-start=\"2869\" data-end=\"2900\">mini auto passeggeri elettrica<\/strong><\/p>\n<\/li>\n<li data-start=\"2903\" data-end=\"2957\">\n<p data-start=\"2905\" data-end=\"2957\">Seduta comoda per 3-4 passeggeri<\/p>\n<\/li>\n<li data-start=\"2958\" data-end=\"3017\">\n<p data-start=\"2960\" data-end=\"3017\">Il corpo chiuso garantisce la protezione dalla pioggia, dal vento e dal sole<\/p>\n<\/li>\n<\/ul>\n<hr data-start=\"4379\" data-end=\"4382\" \/>\n<h2 data-start=\"3019\" data-end=\"3041\">Customizzazione OEM<\/h2>\n<ul data-start=\"3042\" data-end=\"3159\">\n<li data-start=\"3042\" data-end=\"3075\">\n<p data-start=\"3044\" data-end=\"3075\">Branding personalizzato per l'uso della flotta<\/p>\n<\/li>\n<li data-start=\"3076\" data-end=\"3115\">\n<p data-start=\"3078\" data-end=\"3115\">Opzioni di colore e logo personalizzate<\/p>\n<\/li>\n<li data-start=\"3116\" data-end=\"3159\">\n<p data-start=\"3118\" data-end=\"3159\">Aggiornamenti configurabili della batteria e del motore<\/p>\n<\/li>\n<\/ul>\n<hr data-start=\"4379\" data-end=\"4382\" \/>\n<h2 data-start=\"3161\" data-end=\"3181\">Controllo qualit\u00e0<\/h2>\n<ul data-start=\"3182\" data-end=\"3331\">\n<li data-start=\"3182\" data-end=\"3229\">\n<p data-start=\"3184\" data-end=\"3229\">Test delle prestazioni del motore al 100% prima della spedizione<\/p>\n<\/li>\n<li data-start=\"3230\" data-end=\"3270\">\n<p data-start=\"3232\" data-end=\"3270\">Freni e controllo di sicurezza su ogni unit\u00e0<\/p>\n<\/li>\n<li data-start=\"3271\" data-end=\"3331\">\n<p data-start=\"3273\" data-end=\"3331\">Conformit\u00e0 certificata agli standard internazionali di esportazione<\/p>\n<\/li>\n<\/ul>\n<hr data-start=\"4379\" data-end=\"4382\" \/>\n<h2 data-start=\"3333\" data-end=\"3357\">Servizio post-vendita<\/h2>\n<ul data-start=\"3358\" data-end=\"3475\">\n<li data-start=\"3358\" data-end=\"3405\">\n<p data-start=\"3360\" data-end=\"3405\">Garanzia disponibile per motore e controller<\/p>\n<\/li>\n<li data-start=\"3406\" data-end=\"3434\">\n<p data-start=\"3408\" data-end=\"3434\">Supporto tecnico online<\/p>\n<\/li>\n<li data-start=\"3435\" data-end=\"3475\">\n<p data-start=\"3437\" data-end=\"3475\">Fornitura di ricambi per uso a lungo termine<\/p>\n<\/li>\n<\/ul>\n<hr data-start=\"4379\" data-end=\"4382\" \/>\n<h2 data-start=\"3477\" data-end=\"3500\">Campi di applicazione<\/h2>\n<ul data-start=\"3501\" data-end=\"3637\">\n<li data-start=\"3501\" data-end=\"3521\">\n<p data-start=\"3503\" data-end=\"3521\">Viaggi familiari<\/p>\n<\/li>\n<li data-start=\"3522\" data-end=\"3556\">\n<p data-start=\"3524\" data-end=\"3556\">Trasporti scolastici e comunitari<\/p>\n<\/li>\n<li data-start=\"3557\" data-end=\"3591\">\n<p data-start=\"3559\" data-end=\"3591\">Navetta turistica e uso del resort<\/p>\n<\/li>\n<li data-start=\"3592\" data-end=\"3637\">\n<p data-start=\"3594\" data-end=\"3637\">Veicolo di consegna e servizio di quartiere<\/p>\n<\/li>\n<\/ul>\n<hr data-start=\"4379\" data-end=\"4382\" \/>\n<h2 data-start=\"3639\" data-end=\"3658\">Metodo di pagamento<\/h2>\n<ul data-start=\"3659\" data-end=\"3721\">\n<li data-start=\"3659\" data-end=\"3721\">\n<p data-start=\"3661\" data-end=\"3721\">Accetta T \/ T, L \/ C e opzioni di pagamento internazionali sicure<\/p>\n<\/li>\n<\/ul>\n<hr data-start=\"4379\" data-end=\"4382\" \/>\n<h2 data-start=\"3723\" data-end=\"3731\">Domande frequenti<\/h2>\n<p data-start=\"3732\" data-end=\"3860\"><strong data-start=\"3732\" data-end=\"3788\">Q1: Qual \u00e8 la velocit\u00e0 massima della citt\u00e0 elettrica 4 porte?<\/strong><br data-start=\"3788\" data-end=\"3791\" \/>A1: Pu\u00f2 raggiungere fino a 40 km\/h, ideale per viaggi in citt\u00e0 e suburbi.<\/p>\n<p data-start=\"3862\" data-end=\"3994\"><strong data-start=\"3862\" data-end=\"3912\">Q2: Quanti passeggeri pu\u00f2 trasportare il veicolo?<\/strong><br data-start=\"3912\" data-end=\"3915\" \/>A2: il <strong data-start=\"3923\" data-end=\"3954\">triciclo passeggero elettrico<\/strong> pu\u00f2 trasportare comodamente 3-4 passeggeri.<\/p>\n<p data-start=\"3996\" data-end=\"4135\"><strong data-start=\"3996\" data-end=\"4056\">Q3: Questo modello viene fornito con certificazioni per l'esportazione?<\/strong><br data-start=\"4056\" data-end=\"4059\" \/>A3: S\u00ec, \u00e8 <strong data-start=\"4075\" data-end=\"4110\">Certificazioni CCC, CEE e CE<\/strong> per la conformit\u00e0 globale.<\/p>\n<p data-start=\"4137\" data-end=\"4276\"><strong data-start=\"4137\" data-end=\"4184\">Q4: Posso personalizzare il colore e il marchio?<\/strong><br data-start=\"4184\" data-end=\"4187\" \/>A4: S\u00ec, la personalizzazione OEM \u00e8 disponibile per i colori, i loghi e persino i requisiti della flotta.<\/p>\n<p data-start=\"4278\" data-end=\"4377\"><strong data-start=\"4278\" data-end=\"4319\">Q5: Qual \u00e8 la resistenza per carica?<\/strong><br data-start=\"4319\" data-end=\"4322\" \/>A5: Il veicolo pu\u00f2 percorrere fino a 50 km a carica completa.<\/p>\n<hr data-start=\"4379\" data-end=\"4382\" \/>\n<p data-start=\"4384\" data-end=\"4557\">","protected":false},"excerpt":{"rendered":"<p>Il <strong data-start=\"288\" data-end=\"306\">4 porte auto elettrica della citt\u00e0<\/strong> \u00e8 un versatile <strong data-start=\"322\" data-end=\"353\">triciclo passeggero elettrico<\/strong> progettato per una mobilit\u00e0 urbana sicura, confortevole ed ecologica. Con un elegante design a carrozzeria chiusa a quattro porte, questo modello colma il divario tra un'auto elettrica compatta e un triciclo tradizionale. Alimentato da un motore da 800W con opzioni di tensione 48V\/60V, il <strong data-start=\"607\" data-end=\"643\">4 porte citt\u00e0 elettrica<\/strong>\u00a0\u00e8 ideale per i pendolari quotidiani, l'uso familiare e i trasporti a breve distanza in citt\u00e0 e citt\u00e0.<\/p>","protected":false},"featured_media":4114,"comment_status":"open","ping_status":"closed","template":"","meta":[],"product_brand":[],"product_cat":[77],"product_tag":[],"class_list":{"0":"post-4113","1":"product","2":"type-product","3":"status-publish","4":"has-post-thumbnail","6":"product_cat-electric-micro-vehicle","8":"first","9":"instock","10":"shipping-taxable","11":"product-type-simple"},"_links":{"self":[{"href":"https:\/\/www.tairuiauto.com\/it\/wp-json\/wp\/v2\/product\/4113","targetHints":{"allow":["GET"]}}],"collection":[{"href":"https:\/\/www.tairuiauto.com\/it\/wp-json\/wp\/v2\/product"}],"about":[{"href":"https:\/\/www.tairuiauto.com\/it\/wp-json\/wp\/v2\/types\/product"}],"replies":[{"embeddable":true,"href":"https:\/\/www.tairuiauto.com\/it\/wp-json\/wp\/v2\/comments?post=4113"}],"wp:featuredmedia":[{"embeddable":true,"href":"https:\/\/www.tairuiauto.com\/it\/wp-json\/wp\/v2\/media\/4114"}],"wp:attachment":[{"href":"https:\/\/www.tairuiauto.com\/it\/wp-json\/wp\/v2\/media?parent=4113"}],"wp:term":[{"taxonomy":"product_brand","embeddable":true,"href":"https:\/\/www.tairuiauto.com\/it\/wp-json\/wp\/v2\/product_brand?post=4113"},{"taxonomy":"product_cat","embeddable":true,"href":"https:\/\/www.tairuiauto.com\/it\/wp-json\/wp\/v2\/product_cat?post=4113"},{"taxonomy":"product_tag","embeddable":true,"href":"https:\/\/www.tairuiauto.com\/it\/wp-json\/wp\/v2\/product_tag?post=4113"}],"curies":[{"name":"WP","href":"https:\/\/api.w.org\/{rel}","templated":true}]}}