{"id":4168,"date":"2025-10-23T10:40:07","date_gmt":"2025-10-23T02:40:07","guid":{"rendered":"https:\/\/www.tairuiauto.com\/?post_type=product&#038;p=4168"},"modified":"2025-10-22T10:55:21","modified_gmt":"2025-10-22T02:55:21","slug":"5-door-electric-mini-car","status":"publish","type":"product","link":"https:\/\/www.tairuiauto.com\/it\/product\/5-door-electric-mini-car\/","title":{"rendered":"Mini auto elettrica a 5 porte"},"content":{"rendered":"<h2 data-start=\"517\" data-end=\"545\">Descrizione del prodotto<\/h2>\n<p data-start=\"546\" data-end=\"860\">Il TECREK S5401 <strong>veicolo elettrico a quattro ruote ad alta velocit\u00e0<\/strong> \u00c8 costruita per i pendolari in citt\u00e0 e i viaggi suburbani, questa auto elettrica a cinque porte a quattro posti combina elevate prestazioni con efficienza energetica.<\/p>\n<table style=\"width: 76.8515%; height: 656px;\" width=\"720\">\n<tbody>\n<tr>\n<td style=\"width: 36.7769%;\" width=\"265\">Modello<\/td>\n<td style=\"width: 62.1212%;\" width=\"455\">TECREK S5401 Mini auto elettrica a 5 porte<\/td>\n<\/tr>\n<tr>\n<td style=\"width: 36.7769%;\" width=\"265\">Dimensioni complessive (mm)<\/td>\n<td style=\"width: 62.1212%;\" width=\"455\">3532*1498*1605<\/td>\n<\/tr>\n<tr>\n<td style=\"width: 36.7769%;\" width=\"265\">Distanza tra le ruote (mm)<\/td>\n<td style=\"width: 62.1212%;\" width=\"455\">2275<\/td>\n<\/tr>\n<tr>\n<td style=\"width: 36.7769%;\" width=\"265\">Traccia anteriore\/posteriore (mm)<\/td>\n<td style=\"width: 62.1212%;\" width=\"455\">1290\/1290<\/td>\n<\/tr>\n<tr>\n<td style=\"width: 36.7769%;\" width=\"265\">Spazio minimo da terra (mm)<\/td>\n<td style=\"width: 62.1212%;\" width=\"455\">125<\/td>\n<\/tr>\n<tr>\n<td style=\"width: 36.7769%;\" width=\"265\">Raggio minimo di rotazione (m)<\/td>\n<td style=\"width: 62.1212%;\" width=\"455\">4.85<\/td>\n<\/tr>\n<tr>\n<td style=\"width: 36.7769%;\" width=\"265\">Range massimo (km)<\/td>\n<td style=\"width: 62.1212%;\" width=\"455\">172<\/td>\n<\/tr>\n<tr>\n<td style=\"width: 36.7769%;\" width=\"265\">Peso di bordo (kg)<\/td>\n<td style=\"width: 62.1212%;\" width=\"455\">830<\/td>\n<\/tr>\n<tr>\n<td style=\"width: 36.7769%;\" width=\"265\">Tipo di motore<\/td>\n<td style=\"width: 62.1212%;\" width=\"455\">Magneto permanente sincrono<\/td>\n<\/tr>\n<tr>\n<td style=\"width: 36.7769%;\" width=\"265\">Potenza nominale del motore (kw)<\/td>\n<td style=\"width: 62.1212%;\" width=\"455\">15<\/td>\n<\/tr>\n<tr>\n<td style=\"width: 36.7769%;\" width=\"265\">Torsione massima (N\u00b7m)<\/td>\n<td style=\"width: 62.1212%;\" width=\"455\">110<\/td>\n<\/tr>\n<tr>\n<td style=\"width: 36.7769%;\" width=\"265\">Velocit\u00e0 (km\/h)<\/td>\n<td style=\"width: 62.1212%;\" width=\"455\">\u2265100<\/td>\n<\/tr>\n<tr>\n<td style=\"width: 36.7769%;\" width=\"265\">Tipo di batteria di alimentazione<\/td>\n<td style=\"width: 62.1212%;\" width=\"455\">Batteria agli ioni di litio<\/td>\n<\/tr>\n<tr>\n<td style=\"width: 36.7769%;\" width=\"265\">Tensione di carica (V)<\/td>\n<td style=\"width: 62.1212%;\" width=\"455\">220<\/td>\n<\/tr>\n<tr>\n<td style=\"width: 36.7769%;\" width=\"265\">Tempo di carica (ore)<\/td>\n<td style=\"width: 62.1212%;\" width=\"455\">7~10<\/td>\n<\/tr>\n<tr>\n<td style=\"width: 36.7769%;\" width=\"265\">Modulo di azionamento<\/td>\n<td style=\"width: 62.1212%;\" width=\"455\">Dopo la trasmissione posteriore<\/td>\n<\/tr>\n<tr>\n<td style=\"width: 36.7769%;\" width=\"265\">Tipo di freno<\/td>\n<td style=\"width: 62.1212%;\" width=\"455\">Posizione del disco anteriore e del tamburo posteriore<\/td>\n<\/tr>\n<tr>\n<td style=\"width: 36.7769%;\" width=\"265\">Sospensione anteriore<\/td>\n<td style=\"width: 62.1212%;\" width=\"455\">Sospensione indipendente McPherson anteriore<\/td>\n<\/tr>\n<tr>\n<td style=\"width: 36.7769%;\" width=\"265\">Dopo la sospensione<\/td>\n<td style=\"width: 62.1212%;\" width=\"455\">Tre &#8211; link non &#8211; sospensione indipendente<\/td>\n<\/tr>\n<tr>\n<td style=\"width: 36.7769%;\" width=\"265\">Tipo di trasmissione<\/td>\n<td style=\"width: 62.1212%;\" width=\"455\">Trasmissione a rapporto di marcia fisso<\/td>\n<\/tr>\n<tr>\n<td style=\"width: 36.7769%;\" width=\"265\">Modulo di spostamento<\/td>\n<td style=\"width: 62.1212%;\" width=\"455\">Tipo di manopola<\/td>\n<\/tr>\n<tr>\n<td style=\"width: 36.7769%;\" width=\"265\">Dimensioni pneumatici<\/td>\n<td style=\"width: 62.1212%;\" width=\"455\">155\/65 R13<\/td>\n<\/tr>\n<\/tbody>\n<\/table>\n<hr data-start=\"1245\" data-end=\"1248\" \/>\n<h2 data-start=\"1250\" data-end=\"1288\"><\/h2>\n<h2 data-start=\"1250\" data-end=\"1288\"><strong data-start=\"1253\" data-end=\"1286\">Caratteristiche principali &amp; Punti di vendita<\/strong><\/h2>\n<p>&nbsp;<\/p>\n<ol data-start=\"1290\" data-end=\"2144\">\n<li data-start=\"1290\" data-end=\"1486\">\n<p data-start=\"1293\" data-end=\"1486\"><strong data-start=\"1293\" data-end=\"1326\">Design compatto a 5 porte di lusso:<\/strong><br data-start=\"1326\" data-end=\"1329\" \/>L'auto elettrica TECREK S5401 offre un interno spazioso con <strong data-start=\"1394\" data-end=\"1418\">quattro sedili ergonomici<\/strong>garantire comfort familiare mantenendo un profilo urbano elegante.<\/p>\n<\/li>\n<li data-start=\"1488\" data-end=\"1688\">\n<p data-start=\"1491\" data-end=\"1688\"><strong data-start=\"1491\" data-end=\"1521\">Alta velocit\u00e0 e lungo raggio:<\/strong><br data-start=\"1521\" data-end=\"1524\" \/>Raggiungere un <strong data-start=\"1537\" data-end=\"1566\">Velocit\u00e0 massima di 100 km\/h<\/strong> e viaggiare fino a <strong data-start=\"1584\" data-end=\"1613\">172 km con una sola carica<\/strong>Rendendo la S5401 perfetta sia per i pendolari in citt\u00e0 che per i viaggi interurbani.<\/p>\n<\/li>\n<li data-start=\"1690\" data-end=\"1912\">\n<p data-start=\"1693\" data-end=\"1912\"><strong data-start=\"1693\" data-end=\"1730\">Motore a magnete permanente efficiente:<\/strong><br data-start=\"1730\" data-end=\"1733\" \/>Dotato di una <strong data-start=\"1752\" data-end=\"1787\">Motore PMS ad alte prestazioni da 15 kW<\/strong>Questa mini auto elettrica garantisce un'accelerazione fluida, una risposta rapida e una coppia elevata con basso rumore e zero inquinamento.<\/p>\n<\/li>\n<li data-start=\"1914\" data-end=\"2144\">\n<p data-start=\"1917\" data-end=\"2144\"><strong data-start=\"1917\" data-end=\"1954\">Sistema di batteria intelligente agli ioni di litio:<\/strong><br data-start=\"1954\" data-end=\"1957\" \/>Il avanzato <strong data-start=\"1973\" data-end=\"1996\">batteria agli ioni di litio<\/strong> garantisce eccellente densit\u00e0 energetica, ricarica rapida (7-10 ore) e sicurezza superiore grazie alla gestione intelligente della batteria e alla protezione dal surriscaldamento.<\/p>\n<\/li>\n<\/ol>\n<p>&nbsp;<\/p>\n<hr data-start=\"2146\" data-end=\"2149\" \/>\n<h2 data-start=\"2151\" data-end=\"2185\"><\/h2>\n<h2 data-start=\"2151\" data-end=\"2185\"><strong data-start=\"2154\" data-end=\"2183\">Vantaggi differenziati<\/strong><\/h2>\n<p>&nbsp;<\/p>\n<ol data-start=\"2187\" data-end=\"3104\">\n<li data-start=\"2187\" data-end=\"2412\">\n<p data-start=\"2190\" data-end=\"2412\"><strong data-start=\"2190\" data-end=\"2225\">Reale prestazione EV ad alta velocit\u00e0:<\/strong><br data-start=\"2225\" data-end=\"2228\" \/>A differenza delle tradizionali auto elettriche a bassa velocit\u00e0, la TECREK S5401 \u00e8 un <strong data-start=\"2297\" data-end=\"2333\">vero veicolo elettrico ad alta velocit\u00e0<\/strong>certificato per uso su strada con dinamica del telaio migliorata e risposta frenante.<\/p>\n<\/li>\n<li data-start=\"2414\" data-end=\"2648\">\n<p data-start=\"2417\" data-end=\"2648\"><strong data-start=\"2417\" data-end=\"2448\">Comfort incontra praticit\u00e0:<\/strong><br data-start=\"2448\" data-end=\"2451\" \/>Con una <strong data-start=\"2466\" data-end=\"2495\">lussuoso layout interno<\/strong>La S5401 include un cruscotto digitale, un sistema di ventilazione dell'aria, sedili regolabili e un'interfaccia di controllo intelligente per un'esperienza di guida elevata.<\/p>\n<\/li>\n<li data-start=\"2650\" data-end=\"2888\">\n<p data-start=\"2653\" data-end=\"2888\"><strong data-start=\"2653\" data-end=\"2685\">Ingegneria orientata alla sicurezza:<\/strong><br data-start=\"2685\" data-end=\"2688\" \/>Con <strong data-start=\"2696\" data-end=\"2731\">freni a disco anteriore e a tamburo posteriore<\/strong>, <strong data-start=\"2733\" data-end=\"2763\">Sospensione anteriore McPherson<\/strong>e una <strong data-start=\"2771\" data-end=\"2813\">sistema posteriore non indipendente a tre collegamenti<\/strong>Questo veicolo elettrico garantisce stabilit\u00e0, sicurezza e comfort su terreni diversi.<\/p>\n<\/li>\n<li data-start=\"2890\" data-end=\"3104\">\n<p data-start=\"2893\" data-end=\"3104\"><strong data-start=\"2893\" data-end=\"2935\">Sostenibile &amp; Mobilit\u00e0 economica:<\/strong><br data-start=\"2935\" data-end=\"2938\" \/>Offerta <strong data-start=\"2950\" data-end=\"2975\">guida a emissioni zero<\/strong>, <strong data-start=\"2977\" data-end=\"2996\">bassa manutenzione<\/strong>Con una lunga durata della batteria, la S5401 \u00e8 ideale per lo sviluppo urbano sostenibile e i consumatori eco-consapevoli.<\/p>\n<\/li>\n<\/ol>\n<p>&nbsp;<\/p>\n<p><img fetchpriority=\"high\" decoding=\"async\" class=\"alignnone size-medium wp-image-4173\" src=\"https:\/\/www.tairuiauto.com\/wp-content\/uploads\/2025\/10\/5-1-300x200.jpg\" alt=\"\" width=\"300\" height=\"200\" srcset=\"https:\/\/www.tairuiauto.com\/wp-content\/uploads\/2025\/10\/5-1-300x200.jpg 300w, https:\/\/www.tairuiauto.com\/wp-content\/uploads\/2025\/10\/5-1-1024x683.jpg 1024w, https:\/\/www.tairuiauto.com\/wp-content\/uploads\/2025\/10\/5-1-768x512.jpg 768w, https:\/\/www.tairuiauto.com\/wp-content\/uploads\/2025\/10\/5-1-1536x1024.jpg 1536w, https:\/\/www.tairuiauto.com\/wp-content\/uploads\/2025\/10\/5-1-2048x1365.jpg 2048w, https:\/\/www.tairuiauto.com\/wp-content\/uploads\/2025\/10\/5-1-18x12.jpg 18w, https:\/\/www.tairuiauto.com\/wp-content\/uploads\/2025\/10\/5-1-600x400.jpg 600w\" sizes=\"(max-width: 300px) 100vw, 300px\" \/>\u00a0 \u00a0 \u00a0 \u00a0 \u00a0\u00a0 <img decoding=\"async\" class=\"alignnone size-medium wp-image-4174\" src=\"https:\/\/www.tairuiauto.com\/wp-content\/uploads\/2025\/10\/6-1-300x200.jpg\" alt=\"\" width=\"300\" height=\"200\" srcset=\"https:\/\/www.tairuiauto.com\/wp-content\/uploads\/2025\/10\/6-1-300x200.jpg 300w, https:\/\/www.tairuiauto.com\/wp-content\/uploads\/2025\/10\/6-1-1024x683.jpg 1024w, https:\/\/www.tairuiauto.com\/wp-content\/uploads\/2025\/10\/6-1-768x512.jpg 768w, https:\/\/www.tairuiauto.com\/wp-content\/uploads\/2025\/10\/6-1-1536x1024.jpg 1536w, https:\/\/www.tairuiauto.com\/wp-content\/uploads\/2025\/10\/6-1-2048x1365.jpg 2048w, https:\/\/www.tairuiauto.com\/wp-content\/uploads\/2025\/10\/6-1-18x12.jpg 18w, https:\/\/www.tairuiauto.com\/wp-content\/uploads\/2025\/10\/6-1-600x400.jpg 600w\" sizes=\"(max-width: 300px) 100vw, 300px\" \/>\u00a0 \u00a0 \u00a0 \u00a0 \u00a0\u00a0 <img decoding=\"async\" class=\"alignnone size-medium wp-image-4177\" src=\"https:\/\/www.tairuiauto.com\/wp-content\/uploads\/2025\/10\/9-1-300x200.jpg\" alt=\"\" width=\"300\" height=\"200\" srcset=\"https:\/\/www.tairuiauto.com\/wp-content\/uploads\/2025\/10\/9-1-300x200.jpg 300w, https:\/\/www.tairuiauto.com\/wp-content\/uploads\/2025\/10\/9-1-1024x683.jpg 1024w, https:\/\/www.tairuiauto.com\/wp-content\/uploads\/2025\/10\/9-1-768x512.jpg 768w, https:\/\/www.tairuiauto.com\/wp-content\/uploads\/2025\/10\/9-1-1536x1024.jpg 1536w, https:\/\/www.tairuiauto.com\/wp-content\/uploads\/2025\/10\/9-1-2048x1365.jpg 2048w, https:\/\/www.tairuiauto.com\/wp-content\/uploads\/2025\/10\/9-1-18x12.jpg 18w, https:\/\/www.tairuiauto.com\/wp-content\/uploads\/2025\/10\/9-1-600x400.jpg 600w\" sizes=\"(max-width: 300px) 100vw, 300px\" \/><\/p>\n<hr data-start=\"3789\" data-end=\"3792\" \/>\n<h2 data-start=\"3794\" data-end=\"3819\"><strong data-start=\"3797\" data-end=\"3817\">Materiale &amp; Costruire<\/strong><\/h2>\n<p data-start=\"3820\" data-end=\"4020\">Costruito con a <strong data-start=\"3839\" data-end=\"3868\">telaio in acciaio ad alta resistenza<\/strong>rivestimenti resistenti alla corrosione e una <strong data-start=\"3906\" data-end=\"3940\">esterno composito leggero<\/strong>Il S5401 raggiunge il perfetto equilibrio tra sicurezza ed efficienza energetica.<\/p>\n<hr data-start=\"4022\" data-end=\"4025\" \/>\n<h2 data-start=\"4027\" data-end=\"4051\"><strong data-start=\"4030\" data-end=\"4049\">Progettazione esterna<\/strong><\/h2>\n<p data-start=\"4052\" data-end=\"4278\">Le caratteristiche del TECREK S5401 <strong data-start=\"4078\" data-end=\"4144\">linee aerodinamiche, illuminazione a LED e griglia anteriore futuristica<\/strong>conferendogli un\u2019estetica urbana raffinata. Il design compatto ma audace della carrozzeria migliora l'efficienza energetica pur rimanendo elegantemente moderno.<\/p>\n<hr data-start=\"4280\" data-end=\"4283\" \/>\n<h2 data-start=\"4285\" data-end=\"4315\"><strong data-start=\"4288\" data-end=\"4313\">Interni &amp; Ergonomia<\/strong><\/h2>\n<p data-start=\"4316\" data-end=\"4567\">All'interno, la S5401 offre <strong data-start=\"4341\" data-end=\"4371\">un pannello strumentale digitale<\/strong>, <strong data-start=\"4373\" data-end=\"4397\">centro di controllo touch<\/strong>e <strong data-start=\"4403\" data-end=\"4434\">rivestimento bicolore premium<\/strong>Il suo design di accesso a 5 porte fornisce facilit\u00e0 di ingresso e ampio spazio di carico, rendendolo ideale per i pendolari quotidiani o l'uso aziendale leggero.<\/p>\n<hr data-start=\"4569\" data-end=\"4572\" \/>\n<h2 data-start=\"4574\" data-end=\"4602\"><strong data-start=\"4577\" data-end=\"4600\">OEM &amp; amp; Personalizzazione<\/strong><\/h2>\n<p data-start=\"4603\" data-end=\"4798\">I servizi OEM sono disponibili per <strong data-start=\"4634\" data-end=\"4725\">colori esterni, logo del marchio, materiali del sedile e configurazioni del sistema infotainment<\/strong>assicurando che ogni TECREK S5401 possa riflettere le esigenze del mercato locale.<\/p>\n<hr data-start=\"4800\" data-end=\"4803\" \/>\n<h2 data-start=\"4805\" data-end=\"4829\"><strong data-start=\"4808\" data-end=\"4827\">Controllo qualit\u00e0<\/strong><\/h2>\n<p data-start=\"4830\" data-end=\"5021\">Ogni S5401 \u00e8 testato sotto <strong data-start=\"4857\" data-end=\"4896\">Norme di qualit\u00e0 ISO, CEE e CCC<\/strong>. Ogni unit\u00e0 subisce <strong data-start=\"4919\" data-end=\"5002\">prove di resistenza della batteria, controlli di sicurezza agli impatti e verifica dell'impermeabilit\u00e0<\/strong> prima della consegna.<\/p>\n<hr data-start=\"5023\" data-end=\"5026\" \/>\n<h2 data-start=\"5028\" data-end=\"5056\"><strong data-start=\"5031\" data-end=\"5054\">Servizio post-vendita<\/strong><\/h2>\n<ul data-start=\"5057\" data-end=\"5208\">\n<li data-start=\"5057\" data-end=\"5087\">\n<p data-start=\"5059\" data-end=\"5087\">Rete post-vendita globale<\/p>\n<\/li>\n<li data-start=\"5088\" data-end=\"5148\">\n<p data-start=\"5090\" data-end=\"5148\"><strong data-start=\"5090\" data-end=\"5111\">Garanzia di 12 mesi<\/strong> per batteria, motore e controller<\/p>\n<\/li>\n<li data-start=\"5149\" data-end=\"5208\">\n<p data-start=\"5151\" data-end=\"5208\"><strong data-start=\"5151\" data-end=\"5174\">Supporto pezzi di ricambio<\/strong> e assistenza tecnica online<\/p>\n<\/li>\n<\/ul>\n<hr data-start=\"5210\" data-end=\"5213\" \/>\n<h2 data-start=\"5215\" data-end=\"5242\"><strong data-start=\"5218\" data-end=\"5240\">Campi di applicazione<\/strong><\/h2>\n<ul data-start=\"5243\" data-end=\"5394\">\n<li data-start=\"5243\" data-end=\"5268\">\n<p data-start=\"5245\" data-end=\"5268\">Utilizzo auto privata urbana<\/p>\n<\/li>\n<li data-start=\"5269\" data-end=\"5309\">\n<p data-start=\"5271\" data-end=\"5309\">Ridesharing o flotte di micromobilit\u00e0<\/p>\n<\/li>\n<li data-start=\"5310\" data-end=\"5348\">\n<p data-start=\"5312\" data-end=\"5348\">Logistica e turismo ecologici<\/p>\n<\/li>\n<li data-start=\"5349\" data-end=\"5394\">\n<p data-start=\"5351\" data-end=\"5394\">Flotte elettriche governative e aziendali<\/p>\n<\/li>\n<\/ul>\n<hr data-start=\"5396\" data-end=\"5399\" \/>\n<h2 data-start=\"5401\" data-end=\"5423\"><strong data-start=\"5404\" data-end=\"5421\">Condizioni di pagamento<\/strong><\/h2>\n<ul data-start=\"5424\" data-end=\"5549\">\n<li data-start=\"5424\" data-end=\"5463\">\n<p data-start=\"5426\" data-end=\"5463\">Accettato: T\/T, L\/C, Assicurazione commerciale<\/p>\n<\/li>\n<li data-start=\"5464\" data-end=\"5502\">\n<p data-start=\"5466\" data-end=\"5502\">Consegna: 25-35 giorni dopo il deposito<\/p>\n<\/li>\n<li data-start=\"5503\" data-end=\"5549\">\n<p data-start=\"5505\" data-end=\"5549\">Ordine minimo: Negoziabile per i distributori<\/p>\n<\/li>\n<\/ul>\n<hr data-start=\"5551\" data-end=\"5554\" \/>\n<h2 data-start=\"5556\" data-end=\"5568\"><strong data-start=\"5559\" data-end=\"5566\">Domande frequenti<\/strong><\/h2>\n<p data-start=\"5570\" data-end=\"5754\"><strong data-start=\"5570\" data-end=\"5624\">Q1: Il TECREK S5401 \u00e8 un veicolo autostradale?<\/strong><br data-start=\"5624\" data-end=\"5627\" \/>A1: S\u00ec, la S5401 \u00e8 un'auto elettrica ad alta velocit\u00e0 in grado di raggiungere <strong data-start=\"5695\" data-end=\"5707\">100 km\/h<\/strong>adatto sia per strade urbane che suburbane.<\/p>\n<p data-start=\"5756\" data-end=\"5894\"><strong data-start=\"5756\" data-end=\"5797\">Q2: Qual \u00e8 il requisito di ricarica?<\/strong><br data-start=\"5797\" data-end=\"5800\" \/>A2: caricabatterie domestici standard 220V possono essere utilizzati, con un tempo di carica completo di <strong data-start=\"5877\" data-end=\"5891\">7-10 ore<\/strong>.<\/p>\n<p data-start=\"5896\" data-end=\"6050\"><strong data-start=\"5896\" data-end=\"5935\">Q3: Quanto dura la batteria?<\/strong><br data-start=\"5935\" data-end=\"5938\" \/>A3: La batteria agli ioni di litio fornisce <strong data-start=\"5975\" data-end=\"6007\">oltre 2000 cicli di carica completa<\/strong>garantire anni di prestazioni affidabili.<\/p>\n<p data-start=\"6052\" data-end=\"6225\"><strong data-start=\"6052\" data-end=\"6107\">Q4: L'auto pu\u00f2 essere personalizzata per il nostro mercato locale?<\/strong><br data-start=\"6107\" data-end=\"6110\" \/>A4: S\u00ec, TECREK offre <strong data-start=\"6138\" data-end=\"6167\">Customizzazione OEM e ODM<\/strong> per le normative regionali di sicurezza e le preferenze di progettazione.<\/p>","protected":false},"excerpt":{"rendered":"<p data-start=\"546\" data-end=\"860\">Il <strong data-start=\"550\" data-end=\"607\">TECREK S5401 veicolo elettrico a quattro ruote ad alta velocit\u00e0<\/strong> \u00e8 progettata per ridefinire la moderna mobilit\u00e0 elettrica con una miscela di lusso, praticit\u00e0 e ingegneria intelligente. Costruita per i pendolari in citt\u00e0 e i viaggi suburbani, questa auto elettrica a cinque porte a quattro posti combina elevate prestazioni con efficienza energetica.<\/p>\n<p data-start=\"862\" data-end=\"1243\">Alimentato da un <strong data-start=\"875\" data-end=\"913\">motore sincronico a magnete permanente<\/strong>il S5401 consegna <strong data-start=\"934\" data-end=\"962\">velocit\u00e0 massima fino a 100 km\/h<\/strong> e un <strong data-start=\"970\" data-end=\"1017\">autonomia di guida estesa di 172 km per carica<\/strong>supportato da una robusta <strong data-start=\"1041\" data-end=\"1077\">sistema di batteria di alimentazione agli ioni di litio<\/strong>Sia per uso personale, operazioni di flotta o mobilit\u00e0 aziendale ecologica, la S5401 garantisce affidabilit\u00e0, comfort e guida a zero emissioni in ogni viaggio.<\/p>","protected":false},"featured_media":4169,"comment_status":"open","ping_status":"closed","template":"","meta":[],"product_brand":[],"product_cat":[77],"product_tag":[],"class_list":{"0":"post-4168","1":"product","2":"type-product","3":"status-publish","4":"has-post-thumbnail","6":"product_cat-electric-micro-vehicle","8":"first","9":"instock","10":"shipping-taxable","11":"product-type-simple"},"_links":{"self":[{"href":"https:\/\/www.tairuiauto.com\/it\/wp-json\/wp\/v2\/product\/4168","targetHints":{"allow":["GET"]}}],"collection":[{"href":"https:\/\/www.tairuiauto.com\/it\/wp-json\/wp\/v2\/product"}],"about":[{"href":"https:\/\/www.tairuiauto.com\/it\/wp-json\/wp\/v2\/types\/product"}],"replies":[{"embeddable":true,"href":"https:\/\/www.tairuiauto.com\/it\/wp-json\/wp\/v2\/comments?post=4168"}],"wp:featuredmedia":[{"embeddable":true,"href":"https:\/\/www.tairuiauto.com\/it\/wp-json\/wp\/v2\/media\/4169"}],"wp:attachment":[{"href":"https:\/\/www.tairuiauto.com\/it\/wp-json\/wp\/v2\/media?parent=4168"}],"wp:term":[{"taxonomy":"product_brand","embeddable":true,"href":"https:\/\/www.tairuiauto.com\/it\/wp-json\/wp\/v2\/product_brand?post=4168"},{"taxonomy":"product_cat","embeddable":true,"href":"https:\/\/www.tairuiauto.com\/it\/wp-json\/wp\/v2\/product_cat?post=4168"},{"taxonomy":"product_tag","embeddable":true,"href":"https:\/\/www.tairuiauto.com\/it\/wp-json\/wp\/v2\/product_tag?post=4168"}],"curies":[{"name":"WP","href":"https:\/\/api.w.org\/{rel}","templated":true}]}}