{"id":4197,"date":"2026-01-12T10:03:43","date_gmt":"2026-01-12T02:03:43","guid":{"rendered":"https:\/\/www.tairuiauto.com\/?post_type=product&#038;p=4197"},"modified":"2026-01-27T10:32:17","modified_gmt":"2026-01-27T02:32:17","slug":"high-speed-electric-mini-pickup","status":"publish","type":"product","link":"https:\/\/www.tairuiauto.com\/it\/product\/high-speed-electric-mini-pickup\/","title":{"rendered":"Pickup elettrico ad alta velocit\u00e0"},"content":{"rendered":"<h2 style=\"padding-left: 40px;\" data-start=\"554\" data-end=\"582\"><strong data-start=\"557\" data-end=\"580\">Descrizione del prodotto<\/strong><\/h2>\n<p style=\"padding-left: 40px;\">Il <strong data-start=\"700\" data-end=\"735\">Pickup elettrico ad alta velocit\u00e0<\/strong> \u00e8 progettato per la gestione efficiente del carico in ambienti a bassa velocit\u00e0 e su strada controllata. Combinando una struttura di pickup rinforzata con una trasmissione elettrica, offre prestazioni stabili, manutenzione semplice e funzionamento quotidiano affidabile per gli utenti commerciali.<\/p>\n<table style=\"border-collapse: collapse; width: 62.0354%; height: 388px; margin-left: 40px;\" border=\"0\" width=\"706\" cellspacing=\"0\" cellpadding=\"0\">\n<tbody style=\"padding-left: 40px;\">\n<tr style=\"height: 20pt; padding-left: 40px;\">\n<td class=\"et4\" style=\"height: 20pt; width: 186.55pt; padding-left: 40px;\" width=\"310\" height=\"33\">Nome<\/td>\n<td class=\"et6\" style=\"width: 237.6pt; padding-left: 40px;\" width=\"396\">Pickup elettrico ad alta velocit\u00e0<\/td>\n<\/tr>\n<tr style=\"height: 20pt; padding-left: 40px;\">\n<td class=\"et5\" style=\"height: 20pt; width: 186.55pt; padding-left: 40px;\" width=\"310\" height=\"33\">Lunghezza * Larghezza * Altezza (mm)<\/td>\n<td class=\"et5\" style=\"width: 237.6pt; padding-left: 40px;\" width=\"396\">4975\u00b7 1700\u00b72425<\/td>\n<\/tr>\n<tr style=\"height: 20pt; padding-left: 40px;\">\n<td class=\"et5\" style=\"height: 20pt; width: 186.55pt; padding-left: 40px;\" width=\"310\" height=\"33\">Controllo elettrico<\/td>\n<td class=\"et5\" style=\"width: 237.6pt; padding-left: 40px;\" width=\"396\">72V AC controllo elettrico intelligente<\/td>\n<\/tr>\n<tr style=\"height: 20pt; padding-left: 40px;\">\n<td class=\"et5\" style=\"height: 20pt; width: 186.55pt; padding-left: 40px;\" width=\"310\" height=\"33\">batteria<\/td>\n<td class=\"et5\" style=\"width: 237.6pt; padding-left: 40px;\" width=\"396\">6v200AH batteria senza manutenzione<\/td>\n<\/tr>\n<tr style=\"height: 20pt; padding-left: 40px;\">\n<td class=\"et5\" style=\"height: 20pt; width: 186.55pt; padding-left: 40px;\" width=\"310\" height=\"33\">chilometraggio<\/td>\n<td class=\"et5\" style=\"width: 237.6pt; padding-left: 40px;\" width=\"396\">90-100km<\/td>\n<\/tr>\n<tr style=\"height: 20pt; padding-left: 40px;\">\n<td class=\"et5\" style=\"height: 20pt; width: 186.55pt; padding-left: 40px;\" width=\"310\" height=\"33\">Macchina elettrica<\/td>\n<td class=\"et5\" style=\"width: 237.6pt; padding-left: 40px;\" width=\"396\">Motore di trazione AC 7.5kw<\/td>\n<\/tr>\n<tr style=\"height: 20pt; padding-left: 40px;\">\n<td class=\"et5\" style=\"height: 20pt; width: 186.55pt; padding-left: 40px;\" width=\"310\" height=\"33\">Gradiente massimo<\/td>\n<td class=\"et5\" style=\"width: 237.6pt; padding-left: 40px;\" width=\"396\">0.25<\/td>\n<\/tr>\n<tr style=\"height: 20pt; padding-left: 40px;\">\n<td class=\"et5\" style=\"height: 20pt; width: 186.55pt; padding-left: 40px;\" width=\"310\" height=\"33\">freno<\/td>\n<td class=\"et5\" style=\"width: 237.6pt; padding-left: 40px;\" width=\"396\">Tamburo anteriore e posteriore, freno idraulico<\/td>\n<\/tr>\n<tr style=\"height: 20pt; padding-left: 40px;\">\n<td class=\"et5\" style=\"height: 20pt; width: 186.55pt; padding-left: 40px;\" width=\"310\" height=\"33\">velocit\u00e0<\/td>\n<td class=\"et5\" style=\"width: 237.6pt; padding-left: 40px;\" width=\"396\">40 km\/h<\/td>\n<\/tr>\n<tr style=\"height: 20pt; padding-left: 40px;\">\n<td class=\"et5\" style=\"height: 20pt; width: 186.55pt; padding-left: 40px;\" width=\"310\" height=\"33\">Sistema di sterzo<\/td>\n<td class=\"et5\" style=\"width: 237.6pt; padding-left: 40px;\" width=\"396\">Potenza di sterzo elettronica<\/td>\n<\/tr>\n<tr style=\"height: 20pt; padding-left: 40px;\">\n<td class=\"et5\" style=\"height: 20pt; width: 186.55pt; padding-left: 40px;\" width=\"310\" height=\"33\">Sospensione anteriore e posteriore<\/td>\n<td class=\"et5\" style=\"width: 237.6pt; padding-left: 40px;\" width=\"396\">Molle longitudinali anteriori e posteriori<\/td>\n<\/tr>\n<tr style=\"height: 20pt; padding-left: 40px;\">\n<td class=\"et5\" style=\"height: 20pt; width: 186.55pt; padding-left: 40px;\" width=\"310\" height=\"33\">ruota<\/td>\n<td class=\"et5\" style=\"width: 237.6pt; padding-left: 40px;\" width=\"396\">Ruote in acciaio 165\/70R13<\/td>\n<\/tr>\n<\/tbody>\n<\/table>\n<hr style=\"padding-left: 40px;\" data-start=\"1464\" data-end=\"1467\" \/>\n<h2 style=\"padding-left: 40px;\" data-start=\"1006\" data-end=\"1028\">Descrizione del prodotto<\/h2>\n<h3 style=\"padding-left: 40px;\" data-start=\"1030\" data-end=\"1052\">Categoria di prodotto<\/h3>\n<p style=\"padding-left: 40px;\" data-start=\"1053\" data-end=\"1142\">Mini pickup elettrico\/veicolo elettrico di utilit\u00e0\/veicolo elettrico di carico leggero<\/p>\n<h3 style=\"padding-left: 40px;\" data-start=\"1144\" data-end=\"1169\">Descrizione del prodotto<\/h3>\n<p style=\"padding-left: 40px;\" data-start=\"1171\" data-end=\"1546\">Il <strong data-start=\"1175\" data-end=\"1210\">Pickup elettrico ad alta velocit\u00e0<\/strong> \u00e8 progettato per soddisfare le esigenze del trasporto merci a breve raggio dove affidabilit\u00e0, semplicit\u00e0 e bassi costi operativi sono fondamentali. Con dimensioni complessive di <strong data-start=\"1367\" data-end=\"1392\">4975 \u00d7 1700 \u00d7 2425 mm<\/strong>Il veicolo offre uno spazioso layout di carico mantenendo al contempo la manovrabilit\u00e0 pratica per parchi industriali, campus, strade rurali e cantieri logistici.<\/p>\n<p style=\"padding-left: 40px;\" data-start=\"1548\" data-end=\"1926\">Il veicolo adotta una <strong data-start=\"1569\" data-end=\"1615\">Sistema di controllo elettrico intelligente 72V AC<\/strong>garantire una fornitura di energia fluida e una gestione efficiente dell'energia. \u00c8 dotato di un <strong data-start=\"1703\" data-end=\"1731\">Motore di trazione AC da 7,5 kW<\/strong>che fornisce una produzione stabile per i compiti di trasporto giornalieri. Il sistema supporta una <strong data-start=\"1804\" data-end=\"1848\">autonomia di guida di circa 90-100 km<\/strong>rendendolo adatto ai cicli di trasporto di routine senza ricarica frequente.<\/p>\n<p style=\"padding-left: 40px;\" data-start=\"1548\" data-end=\"1926\"><img fetchpriority=\"high\" decoding=\"async\" class=\"alignnone wp-image-4205\" src=\"https:\/\/www.tairuiauto.com\/wp-content\/uploads\/2025\/10\/8-3-300x200.jpg\" alt=\"\" width=\"300\" height=\"200\" srcset=\"https:\/\/www.tairuiauto.com\/wp-content\/uploads\/2025\/10\/8-3-300x200.jpg 300w, https:\/\/www.tairuiauto.com\/wp-content\/uploads\/2025\/10\/8-3-1024x682.jpg 1024w, https:\/\/www.tairuiauto.com\/wp-content\/uploads\/2025\/10\/8-3-768x512.jpg 768w, https:\/\/www.tairuiauto.com\/wp-content\/uploads\/2025\/10\/8-3-1536x1023.jpg 1536w, https:\/\/www.tairuiauto.com\/wp-content\/uploads\/2025\/10\/8-3-18x12.jpg 18w, https:\/\/www.tairuiauto.com\/wp-content\/uploads\/2025\/10\/8-3-600x400.jpg 600w, https:\/\/www.tairuiauto.com\/wp-content\/uploads\/2025\/10\/8-3.jpg 1911w\" sizes=\"(max-width: 300px) 100vw, 300px\" \/>\u00a0 \u00a0<img decoding=\"async\" class=\"alignnone wp-image-4211\" src=\"https:\/\/www.tairuiauto.com\/wp-content\/uploads\/2025\/10\/14-300x200.jpg\" alt=\"\" width=\"300\" height=\"200\" srcset=\"https:\/\/www.tairuiauto.com\/wp-content\/uploads\/2025\/10\/14-300x200.jpg 300w, https:\/\/www.tairuiauto.com\/wp-content\/uploads\/2025\/10\/14-1024x682.jpg 1024w, https:\/\/www.tairuiauto.com\/wp-content\/uploads\/2025\/10\/14-768x512.jpg 768w, https:\/\/www.tairuiauto.com\/wp-content\/uploads\/2025\/10\/14-1536x1024.jpg 1536w, https:\/\/www.tairuiauto.com\/wp-content\/uploads\/2025\/10\/14-2048x1365.jpg 2048w, https:\/\/www.tairuiauto.com\/wp-content\/uploads\/2025\/10\/14-18x12.jpg 18w, https:\/\/www.tairuiauto.com\/wp-content\/uploads\/2025\/10\/14-600x400.jpg 600w\" sizes=\"(max-width: 300px) 100vw, 300px\" \/>\u00a0 \u00a0 \u00a0 <img decoding=\"async\" class=\"alignnone wp-image-4193\" src=\"https:\/\/www.tairuiauto.com\/wp-content\/uploads\/2025\/10\/11-2-300x224.jpg\" alt=\"\" width=\"268\" height=\"200\" srcset=\"https:\/\/www.tairuiauto.com\/wp-content\/uploads\/2025\/10\/11-2-300x224.jpg 300w, https:\/\/www.tairuiauto.com\/wp-content\/uploads\/2025\/10\/11-2-1024x765.jpg 1024w, https:\/\/www.tairuiauto.com\/wp-content\/uploads\/2025\/10\/11-2-768x574.jpg 768w, https:\/\/www.tairuiauto.com\/wp-content\/uploads\/2025\/10\/11-2-1536x1147.jpg 1536w, https:\/\/www.tairuiauto.com\/wp-content\/uploads\/2025\/10\/11-2-2048x1529.jpg 2048w, https:\/\/www.tairuiauto.com\/wp-content\/uploads\/2025\/10\/11-2-16x12.jpg 16w, https:\/\/www.tairuiauto.com\/wp-content\/uploads\/2025\/10\/11-2-600x448.jpg 600w\" sizes=\"(max-width: 268px) 100vw, 268px\" \/><\/p>\n<p style=\"padding-left: 40px;\" data-start=\"1928\" data-end=\"2173\">L'energia viene fornita da un <strong data-start=\"1951\" data-end=\"2009\">batteria senza manutenzione (configurazione 6V 200Ah)<\/strong>progettato per durabilit\u00e0 e ridotti requisiti di manutenzione. Questo sistema di batteria supporta prestazioni costanti e un uso quotidiano affidabile in ambienti commerciali.<\/p>\n<p style=\"padding-left: 40px;\" data-start=\"2175\" data-end=\"2429\">Il pickup \u00e8 in grado di gestire un <strong data-start=\"2211\" data-end=\"2247\">gradiente massimo di arrampicata del 25%<\/strong>permettendogli di operare su rampe, terreni irregolari e condizioni off-road leggere. Un <strong data-start=\"2331\" data-end=\"2355\">velocit\u00e0 massima di 40 km\/h<\/strong> garantisce un funzionamento sicuro e controllato in aree restritte o semichiuse.<\/p>\n<p style=\"padding-left: 40px;\" data-start=\"2431\" data-end=\"2714\">Per la sicurezza e il controllo, il veicolo dispone di un <strong data-start=\"2478\" data-end=\"2538\">sistema frenante idraulico con freni a tamburo anteriore e posteriore<\/strong>che fornisce prestazioni di fermata affidabili sotto carico. Il <strong data-start=\"2598\" data-end=\"2634\">sistema di servosterzo elettronico<\/strong> migliora il comfort di manovra e riduce la stanchezza del conducente durante il funzionamento prolungato.<\/p>\n<p style=\"padding-left: 40px;\" data-start=\"2716\" data-end=\"2983\">Il telaio \u00e8 supportato da <strong data-start=\"2744\" data-end=\"2798\">sospensione longitudinale della molla a foglia anteriore e posteriore<\/strong>che offre una forte capacit\u00e0 di carico e durata per il trasporto ripetuto di carichi. <strong data-start=\"2885\" data-end=\"2911\">Ruote in acciaio 165\/70R13<\/strong> migliorare ulteriormente la resistenza strutturale e l'idoneit\u00e0 per l'uso commerciale.<\/p>\n<hr style=\"padding-left: 40px;\" data-start=\"3023\" data-end=\"3026\" \/>\n<h2 style=\"padding-left: 40px;\" data-start=\"2990\" data-end=\"3018\">Caratteristiche principali &amp; Vantaggi<\/h2>\n<h3 style=\"padding-left: 40px;\" data-start=\"3020\" data-end=\"3034\">Caratteristiche<\/h3>\n<ul>\n<li style=\"list-style-type: none;\">\n<ul data-start=\"3035\" data-end=\"3215\">\n<li data-start=\"3035\" data-end=\"3071\">\n<p data-start=\"3037\" data-end=\"3071\">Elettrico mini pickup carrozzeria design<\/p>\n<\/li>\n<li data-start=\"3072\" data-end=\"3118\">\n<p data-start=\"3074\" data-end=\"3118\">Sistema di controllo elettrico intelligente 72V AC<\/p>\n<\/li>\n<li data-start=\"3119\" data-end=\"3147\">\n<p data-start=\"3121\" data-end=\"3147\">Motore di trazione AC da 7,5 kW<\/p>\n<\/li>\n<li data-start=\"3148\" data-end=\"3181\">\n<p data-start=\"3150\" data-end=\"3181\">Batteria senza manutenzione<\/p>\n<\/li>\n<li data-start=\"3182\" data-end=\"3215\">\n<p data-start=\"3184\" data-end=\"3215\">Sistema di frenata a tamburo idraulico<\/p>\n<\/li>\n<\/ul>\n<\/li>\n<\/ul>\n<h3 style=\"padding-left: 40px;\" data-start=\"3217\" data-end=\"3233\">Vantaggi<\/h3>\n<ul>\n<li style=\"list-style-type: none;\">\n<ul data-start=\"3234\" data-end=\"3418\">\n<li data-start=\"3234\" data-end=\"3282\">\n<p data-start=\"3236\" data-end=\"3282\">Prestazioni stabili per il trasporto di merci leggere<\/p>\n<\/li>\n<li data-start=\"3283\" data-end=\"3322\">\n<p data-start=\"3285\" data-end=\"3322\">Costi di manutenzione e funzionamento ridotti<\/p>\n<\/li>\n<li data-start=\"3323\" data-end=\"3363\">\n<p data-start=\"3325\" data-end=\"3363\">Struttura elettrica semplice<\/p>\n<\/li>\n<li data-start=\"3364\" data-end=\"3418\">\n<p data-start=\"3366\" data-end=\"3418\">Adatto per terreni e condizioni di lavoro varie<\/p>\n<\/li>\n<\/ul>\n<\/li>\n<\/ul>\n<h3 style=\"padding-left: 40px;\" data-start=\"3420\" data-end=\"3440\">Vantaggi per l'acquirente<\/h3>\n<ul>\n<li style=\"list-style-type: none;\">\n<ul data-start=\"3441\" data-end=\"3611\">\n<li data-start=\"3441\" data-end=\"3480\">\n<p data-start=\"3443\" data-end=\"3480\">Riduzione delle spese di carburante e manutenzione<\/p>\n<\/li>\n<li data-start=\"3481\" data-end=\"3528\">\n<p data-start=\"3483\" data-end=\"3528\">Funzionamento quotidiano affidabile per uso commerciale<\/p>\n<\/li>\n<li data-start=\"3529\" data-end=\"3563\">\n<p data-start=\"3531\" data-end=\"3563\">Facilit\u00e0 di funzionamento e manutenzione<\/p>\n<\/li>\n<li data-start=\"3564\" data-end=\"3611\">\n<p data-start=\"3566\" data-end=\"3611\">Soluzione ideale per la logistica a breve distanza<\/p>\n<\/li>\n<\/ul>\n<\/li>\n<\/ul>\n<h3 style=\"padding-left: 40px;\" data-start=\"3613\" data-end=\"3627\">Prova<\/h3>\n<ul>\n<li style=\"list-style-type: none;\">\n<ul data-start=\"3628\" data-end=\"3770\">\n<li data-start=\"3628\" data-end=\"3669\">\n<p data-start=\"3630\" data-end=\"3669\">Provato sistema di motore e controller AC<\/p>\n<\/li>\n<li data-start=\"3670\" data-end=\"3717\">\n<p data-start=\"3672\" data-end=\"3717\">Sospensione rinforzata e struttura telaio<\/p>\n<\/li>\n<li data-start=\"3718\" data-end=\"3770\">\n<p data-start=\"3720\" data-end=\"3770\">Componenti di frenatura e sterzo di qualit\u00e0 commerciale<\/p>\n<\/li>\n<\/ul>\n<\/li>\n<\/ul>\n<hr style=\"padding-left: 40px;\" data-start=\"3772\" data-end=\"3775\" \/>\n<h2 style=\"padding-left: 40px;\" data-start=\"3777\" data-end=\"3801\">Scenari di applicazione<\/h2>\n<ul>\n<li style=\"list-style-type: none;\">\n<ul data-start=\"3803\" data-end=\"4009\">\n<li data-start=\"3803\" data-end=\"3844\">\n<p data-start=\"3805\" data-end=\"3844\">Logistica fabbrica e parco industriale<\/p>\n<\/li>\n<li data-start=\"3845\" data-end=\"3887\">\n<p data-start=\"3847\" data-end=\"3887\">Trasporto merci agricolo e rurale<\/p>\n<\/li>\n<li data-start=\"3888\" data-end=\"3930\">\n<p data-start=\"3890\" data-end=\"3930\">Operazioni di manutenzione di campus e parchi<\/p>\n<\/li>\n<li data-start=\"3931\" data-end=\"3971\">\n<p data-start=\"3933\" data-end=\"3971\">Manipolazione materiale magazzino e cantiere<\/p>\n<\/li>\n<li data-start=\"3972\" data-end=\"4009\">\n<p data-start=\"3974\" data-end=\"4009\">Utilizzo dei servizi comunali e di utilit\u00e0<\/p>\n<\/li>\n<\/ul>\n<\/li>\n<\/ul>\n<hr style=\"padding-left: 40px;\" data-start=\"4011\" data-end=\"4014\" \/>\n<h2 style=\"padding-left: 40px;\" data-start=\"4016\" data-end=\"4055\">Perch\u00e9 scegliere questo mini pickup elettrico<\/h2>\n<p style=\"padding-left: 40px;\" data-start=\"4057\" data-end=\"4370\">Il <strong data-start=\"4061\" data-end=\"4096\">Pickup elettrico ad alta velocit\u00e0<\/strong> offre un pratico equilibrio tra capacit\u00e0 di carico, efficienza operativa e controllo dei costi. Grazie alla sua struttura robusta e al suo sistema elettrico semplificato, \u00e8 la scelta ideale per le aziende che cercano una soluzione affidabile di ritiro elettrico per applicazioni commerciali leggere.<\/p>\n<hr style=\"padding-left: 40px;\" data-start=\"4372\" data-end=\"4375\" \/>\n<h2 style=\"padding-left: 40px;\" data-start=\"4377\" data-end=\"4394\">Chiama all'azione<\/h2>\n<p style=\"padding-left: 40px;\" data-start=\"4396\" data-end=\"4636\">Alla ricerca di un compatto e affidabile <strong data-start=\"4431\" data-end=\"4461\">mini pickup elettrico<\/strong> per il trasporto giornaliero di merci?<br data-start=\"4488\" data-end=\"4491\" \/>Contattaci ora per ricevere specifiche dettagliate, opzioni di personalizzazione, prezzi e supporto professionale su misura per le vostre esigenze di mercato.<\/p>\n<hr style=\"padding-left: 40px;\" data-start=\"4638\" data-end=\"4641\" \/>\n<h2 style=\"padding-left: 40px;\" data-start=\"4643\" data-end=\"4649\">Domande frequenti<\/h2>\n<p style=\"padding-left: 40px;\" data-start=\"4651\" data-end=\"4828\"><strong data-start=\"4651\" data-end=\"4714\">Q1: Qual \u00e8 la portata di questo mini pickup elettrico?<\/strong><br data-start=\"4714\" data-end=\"4717\" \/>Il veicolo offre una gamma di circa <strong data-start=\"4763\" data-end=\"4776\">90-100 km<\/strong> per carica, a seconda del carico e delle condizioni di utilizzo.<\/p>\n<p style=\"padding-left: 40px;\" data-start=\"4830\" data-end=\"4961\"><strong data-start=\"4830\" data-end=\"4869\">Q2: Che tipo di motore usa?<\/strong><br data-start=\"4869\" data-end=\"4872\" \/>\u00c8 dotato di un <strong data-start=\"4894\" data-end=\"4922\">Motore di trazione AC da 7,5 kW<\/strong> per potenza di uscita stabile ed efficiente.<\/p>\n<p style=\"padding-left: 40px;\" data-start=\"4963\" data-end=\"5103\"><strong data-start=\"4963\" data-end=\"5003\">Q3: La batteria \u00e8 senza manutenzione?<\/strong><br data-start=\"5003\" data-end=\"5006\" \/>- S\u00ec. - S\u00ec. Il veicolo utilizza una <strong data-start=\"5030\" data-end=\"5063\">batteria senza manutenzione<\/strong>Ridurre le esigenze di manutenzione giornaliera.<\/p>\n<p style=\"padding-left: 40px;\" data-start=\"5105\" data-end=\"5230\"><strong data-start=\"5105\" data-end=\"5141\">Q4: Quale sistema frenante viene utilizzato?<\/strong><br data-start=\"5141\" data-end=\"5144\" \/>Caratteristiche <strong data-start=\"5156\" data-end=\"5196\">freni a tamburo idraulici anteriori e posteriori<\/strong> per prestazioni frenanti affidabili.<\/p>\n<p style=\"padding-left: 40px;\" data-start=\"5232\" data-end=\"5434\"><strong data-start=\"5232\" data-end=\"5298\">Q5: Questo modello \u00e8 adatto per uso industriale o agricolo?<\/strong><br data-start=\"5298\" data-end=\"5301\" \/>- S\u00ec. - S\u00ec. Il suo sistema di sospensione, la capacit\u00e0 di arrampicata e il telaio resistente lo rendono adatto sia per ambienti industriali che agricoli.<\/p>\n<p style=\"padding-left: 40px;\" data-start=\"5167\" data-end=\"5325\">","protected":false},"excerpt":{"rendered":"<p>Il <strong data-start=\"339\" data-end=\"374\">Pickup elettrico ad alta velocit\u00e0<\/strong> \u00e8 un veicolo elettrico compatto progettato per il trasporto di merci leggere e operazioni a breve distanza. Dotato di un corpo pickup resistente, motore di trazione AC e sistema di batteria affidabile, fornisce una soluzione elettrica economicamente efficace per applicazioni industriali, agricole e urbane.<\/p>","protected":false},"featured_media":5331,"comment_status":"open","ping_status":"closed","template":"","meta":[],"product_brand":[],"product_cat":[77],"product_tag":[],"class_list":{"0":"post-4197","1":"product","2":"type-product","3":"status-publish","4":"has-post-thumbnail","6":"product_cat-electric-micro-vehicle","8":"first","9":"instock","10":"shipping-taxable","11":"product-type-simple"},"_links":{"self":[{"href":"https:\/\/www.tairuiauto.com\/it\/wp-json\/wp\/v2\/product\/4197","targetHints":{"allow":["GET"]}}],"collection":[{"href":"https:\/\/www.tairuiauto.com\/it\/wp-json\/wp\/v2\/product"}],"about":[{"href":"https:\/\/www.tairuiauto.com\/it\/wp-json\/wp\/v2\/types\/product"}],"replies":[{"embeddable":true,"href":"https:\/\/www.tairuiauto.com\/it\/wp-json\/wp\/v2\/comments?post=4197"}],"wp:featuredmedia":[{"embeddable":true,"href":"https:\/\/www.tairuiauto.com\/it\/wp-json\/wp\/v2\/media\/5331"}],"wp:attachment":[{"href":"https:\/\/www.tairuiauto.com\/it\/wp-json\/wp\/v2\/media?parent=4197"}],"wp:term":[{"taxonomy":"product_brand","embeddable":true,"href":"https:\/\/www.tairuiauto.com\/it\/wp-json\/wp\/v2\/product_brand?post=4197"},{"taxonomy":"product_cat","embeddable":true,"href":"https:\/\/www.tairuiauto.com\/it\/wp-json\/wp\/v2\/product_cat?post=4197"},{"taxonomy":"product_tag","embeddable":true,"href":"https:\/\/www.tairuiauto.com\/it\/wp-json\/wp\/v2\/product_tag?post=4197"}],"curies":[{"name":"WP","href":"https:\/\/api.w.org\/{rel}","templated":true}]}}