{"id":4220,"date":"2026-01-11T10:00:48","date_gmt":"2026-01-11T02:00:48","guid":{"rendered":"https:\/\/www.tairuiauto.com\/?post_type=product&#038;p=4220"},"modified":"2026-01-27T10:30:11","modified_gmt":"2026-01-27T02:30:11","slug":"urban-delivery-electric-truck","status":"publish","type":"product","link":"https:\/\/www.tairuiauto.com\/it\/product\/urban-delivery-electric-truck\/","title":{"rendered":"Camion elettrico di consegna urbana"},"content":{"rendered":"<h2 style=\"padding-left: 40px;\" data-start=\"340\" data-end=\"377\">Panoramica del prodotto<\/h2>\n<p style=\"padding-left: 40px;\" data-start=\"693\" data-end=\"1005\">Il <strong>Camion elettrico di consegna urbana<\/strong>\u00a0\u00e8 un veicolo logistico urbano appositamente costruito che combina dimensioni compatte, una forte capacit\u00e0 di carico utile e prestazioni elettriche affidabili. \u00c8 progettato per soddisfare le esigenze della consegna quotidiana in citt\u00e0, del trasporto commerciale leggero e delle operazioni di flotta ambientalmente responsabili.<\/p>\n<table style=\"width: 68.2045%; height: 576px; margin-left: 40px;\" width=\"720\">\n<tbody style=\"padding-left: 40px;\">\n<tr style=\"height: 24px; padding-left: 40px;\">\n<td style=\"height: 24px; width: 44.186%; padding-left: 40px;\" width=\"265\">Modello<\/td>\n<td style=\"height: 24px; width: 60.602%; padding-left: 40px;\" width=\"455\">Camion elettrico di consegna urbana<\/td>\n<\/tr>\n<tr style=\"height: 24px; padding-left: 40px;\">\n<td style=\"height: 24px; width: 44.186%; padding-left: 40px;\" width=\"265\">Tipo di scatola<\/td>\n<td style=\"height: 24px; width: 60.602%; padding-left: 40px;\" width=\"455\">Scatola carico<\/td>\n<\/tr>\n<tr style=\"height: 24px; padding-left: 40px;\">\n<td style=\"height: 24px; width: 44.186%; padding-left: 40px;\" width=\"265\">Capacit\u00e0 del contenitore (m\u00b3)<\/td>\n<td style=\"height: 24px; width: 60.602%; padding-left: 40px;\" width=\"455\">3,4 m\u00b3<\/td>\n<\/tr>\n<tr style=\"height: 24px; padding-left: 40px;\">\n<td style=\"height: 24px; width: 44.186%; padding-left: 40px;\" width=\"265\">Capacit\u00e0 di carico nominale (kg)<\/td>\n<td style=\"height: 24px; width: 60.602%; padding-left: 40px;\" width=\"455\">475<\/td>\n<\/tr>\n<tr style=\"height: 24px; padding-left: 40px;\">\n<td style=\"height: 24px; width: 44.186%; padding-left: 40px;\" width=\"265\">Dimensioni complessive (mm)<\/td>\n<td style=\"height: 24px; width: 60.602%; padding-left: 40px;\" width=\"455\">3820*1480*1900<\/td>\n<\/tr>\n<tr style=\"height: 24px; padding-left: 40px;\">\n<td style=\"height: 24px; width: 44.186%; padding-left: 40px;\" width=\"265\">Peso di bordo (kg)<\/td>\n<td style=\"height: 24px; width: 60.602%; padding-left: 40px;\" width=\"455\">945<\/td>\n<\/tr>\n<tr style=\"height: 24px; padding-left: 40px;\">\n<td style=\"height: 24px; width: 44.186%; padding-left: 40px;\" width=\"265\">Dimensioni del contenitore (mm)<\/td>\n<td style=\"height: 24px; width: 60.602%; padding-left: 40px;\" width=\"455\">2025*1400*1185<\/td>\n<\/tr>\n<tr style=\"height: 24px; padding-left: 40px;\">\n<td style=\"height: 24px; width: 44.186%; padding-left: 40px;\" width=\"265\">NEDC Range (km)<\/td>\n<td style=\"height: 24px; width: 60.602%; padding-left: 40px;\" width=\"455\">140<\/td>\n<\/tr>\n<tr style=\"height: 24px; padding-left: 40px;\">\n<td style=\"height: 24px; width: 44.186%; padding-left: 40px;\" width=\"265\">Sedile(i) in Cab<\/td>\n<td style=\"height: 24px; width: 60.602%; padding-left: 40px;\" width=\"455\">2<\/td>\n<\/tr>\n<tr style=\"height: 24px; padding-left: 40px;\">\n<td style=\"height: 24px; width: 44.186%; padding-left: 40px;\" width=\"265\">Distanza tra le ruote (mm)<\/td>\n<td style=\"height: 24px; width: 60.602%; padding-left: 40px;\" width=\"455\">2450<\/td>\n<\/tr>\n<tr style=\"height: 24px; padding-left: 40px;\">\n<td style=\"height: 24px; width: 44.186%; padding-left: 40px;\" width=\"265\">Masso totale (kg)<\/td>\n<td style=\"height: 24px; width: 60.602%; padding-left: 40px;\" width=\"455\">1550<\/td>\n<\/tr>\n<tr style=\"height: 24px; padding-left: 40px;\">\n<td style=\"height: 24px; width: 44.186%; padding-left: 40px;\" width=\"265\">Tempo di ricarica &#8211; Normale (h)<\/td>\n<td style=\"height: 24px; width: 60.602%; padding-left: 40px;\" width=\"455\">6-8 ore<\/td>\n<\/tr>\n<tr style=\"height: 24px; padding-left: 40px;\">\n<td style=\"height: 24px; width: 44.186%; padding-left: 40px;\" width=\"265\">Tipo di batteria<\/td>\n<td style=\"height: 24px; width: 60.602%; padding-left: 40px;\" width=\"455\">LFP<\/td>\n<\/tr>\n<tr style=\"height: 24px; padding-left: 40px;\">\n<td style=\"height: 24px; width: 44.186%; padding-left: 40px;\" width=\"265\">Potenza del motore &#8211; Nominale (kw)<\/td>\n<td style=\"height: 24px; width: 60.602%; padding-left: 40px;\" width=\"455\">15<\/td>\n<\/tr>\n<tr style=\"height: 24px; padding-left: 40px;\">\n<td style=\"height: 24px; width: 44.186%; padding-left: 40px;\" width=\"265\">Torsione massima (N\u00b7m)<\/td>\n<td style=\"height: 24px; width: 60.602%; padding-left: 40px;\" width=\"455\">130<\/td>\n<\/tr>\n<tr style=\"height: 24px; padding-left: 40px;\">\n<td style=\"height: 24px; width: 44.186%; padding-left: 40px;\" width=\"265\">Gradabilit\u00e0 (%)<\/td>\n<td style=\"height: 24px; width: 60.602%; padding-left: 40px;\" width=\"455\">\uff1e10%<\/td>\n<\/tr>\n<tr style=\"height: 24px; padding-left: 40px;\">\n<td style=\"height: 24px; width: 44.186%; padding-left: 40px;\" width=\"265\">Velocit\u00e0 massima (km\/h)<\/td>\n<td style=\"height: 24px; width: 60.602%; padding-left: 40px;\" width=\"455\">&gt; 70<\/td>\n<\/tr>\n<tr style=\"height: 24px; padding-left: 40px;\">\n<td style=\"height: 24px; width: 44.186%; padding-left: 40px;\" width=\"265\">Tipo motore<\/td>\n<td style=\"height: 24px; width: 60.602%; padding-left: 40px;\" width=\"455\">PMSM<\/td>\n<\/tr>\n<tr style=\"height: 24px; padding-left: 40px;\">\n<td style=\"height: 24px; width: 44.186%; padding-left: 40px;\" width=\"265\">Tipo di drive<\/td>\n<td style=\"height: 24px; width: 60.602%; padding-left: 40px;\" width=\"455\">4\u00d72<\/td>\n<\/tr>\n<tr style=\"height: 24px; padding-left: 40px;\">\n<td style=\"height: 24px; width: 44.186%; padding-left: 40px;\" width=\"265\">Capacit\u00e0 dell'asse anteriore\/posteriore (kg)<\/td>\n<td style=\"height: 24px; width: 60.602%; padding-left: 40px;\" width=\"455\">450\/425<\/td>\n<\/tr>\n<tr style=\"height: 24px; padding-left: 40px;\">\n<td style=\"height: 24px; width: 44.186%; padding-left: 40px;\" width=\"265\">Dimensioni pneumatici<\/td>\n<td style=\"height: 24px; width: 60.602%; padding-left: 40px;\" width=\"455\">145R12 LT 8PR<\/td>\n<\/tr>\n<tr style=\"height: 24px; padding-left: 40px;\">\n<td style=\"height: 24px; width: 44.186%; padding-left: 40px;\" width=\"265\">Pista anteriore\/posteriore (mm)<\/td>\n<td style=\"height: 24px; width: 60.602%; padding-left: 40px;\" width=\"455\">1290<\/td>\n<\/tr>\n<tr style=\"height: 24px; padding-left: 40px;\">\n<td style=\"height: 24px; width: 44.186%; padding-left: 40px;\" width=\"265\">Tipo di freno<\/td>\n<td style=\"height: 24px; width: 60.602%; padding-left: 40px;\" width=\"455\">Disco\/tamburo (F\/R)<\/td>\n<\/tr>\n<\/tbody>\n<\/table>\n<h2 style=\"padding-left: 40px;\" data-start=\"1012\" data-end=\"1034\">Descrizione del prodotto<\/h2>\n<h3 style=\"padding-left: 40px;\" data-start=\"1036\" data-end=\"1058\">Categoria di prodotto<\/h3>\n<p style=\"padding-left: 40px;\" data-start=\"1059\" data-end=\"1139\">Camione elettrico di consegna\/furgone elettrico di carico\/veicolo elettrico commerciale leggero<\/p>\n<h3 style=\"padding-left: 40px;\" data-start=\"1141\" data-end=\"1166\">Descrizione del prodotto<\/h3>\n<p style=\"padding-left: 40px;\" data-start=\"1168\" data-end=\"1547\">Il <strong data-start=\"1172\" data-end=\"1210\">Camion elettrico per consegna urbana V302<\/strong> \u00e8 progettato per operare in modo efficiente in ambienti urbani congestionati mantenendo al contempo una capacit\u00e0 di carico sufficiente per compiti di consegna professionali. Con dimensioni complessive di <strong data-start=\"1382\" data-end=\"1407\">3820 \u00d7 1480 \u00d7 1900 mm<\/strong> e una <strong data-start=\"1414\" data-end=\"1438\">distanza tra assi di 2450 mm<\/strong>Il veicolo offre maneggevolezza, stabilit\u00e0 e manovrabilit\u00e0 equilibrate per strade urbane e zone industriali.<\/p>\n<p style=\"padding-left: 40px;\" data-start=\"1549\" data-end=\"1968\">Il chiuso <strong data-start=\"1562\" data-end=\"1589\">configurazione scatola carico<\/strong> fornisce una <strong data-start=\"1601\" data-end=\"1628\">Volume del contenitore 3,4 m\u00b3<\/strong>con dimensioni interne del contenitore di <strong data-start=\"1668\" data-end=\"1693\">2025 \u00d7 1400 \u00d7 1185 mm<\/strong>garantire il trasporto sicuro e protetto dalle intemperie. Un <strong data-start=\"1755\" data-end=\"1788\">capacit\u00e0 di carico nominale di 475 kg<\/strong> e un <strong data-start=\"1796\" data-end=\"1823\">massa complessiva di 1550 kg<\/strong> rendere il V302 adatto a una vasta gamma di applicazioni logistiche urbane, tra cui la consegna di pacchi, la distribuzione al dettaglio e le operazioni di servizio.<\/p>\n<p style=\"padding-left: 40px;\" data-start=\"1549\" data-end=\"1968\"><img fetchpriority=\"high\" decoding=\"async\" class=\"alignnone size-medium wp-image-4222\" src=\"https:\/\/www.tairuiauto.com\/wp-content\/uploads\/2025\/10\/2-5-225x300.jpg\" alt=\"\" width=\"225\" height=\"300\" srcset=\"https:\/\/www.tairuiauto.com\/wp-content\/uploads\/2025\/10\/2-5-225x300.jpg 225w, https:\/\/www.tairuiauto.com\/wp-content\/uploads\/2025\/10\/2-5-767x1024.jpg 767w, https:\/\/www.tairuiauto.com\/wp-content\/uploads\/2025\/10\/2-5-768x1025.jpg 768w, https:\/\/www.tairuiauto.com\/wp-content\/uploads\/2025\/10\/2-5-1151x1536.jpg 1151w, https:\/\/www.tairuiauto.com\/wp-content\/uploads\/2025\/10\/2-5-1535x2048.jpg 1535w, https:\/\/www.tairuiauto.com\/wp-content\/uploads\/2025\/10\/2-5-9x12.jpg 9w, https:\/\/www.tairuiauto.com\/wp-content\/uploads\/2025\/10\/2-5-600x801.jpg 600w, https:\/\/www.tairuiauto.com\/wp-content\/uploads\/2025\/10\/2-5-scaled.jpg 1918w\" sizes=\"(max-width: 225px) 100vw, 225px\" \/>\u00a0 \u00a0 \u00a0<img decoding=\"async\" class=\"alignnone size-medium wp-image-4223\" src=\"https:\/\/www.tairuiauto.com\/wp-content\/uploads\/2025\/10\/3-4-225x300.jpg\" alt=\"\" width=\"225\" height=\"300\" srcset=\"https:\/\/www.tairuiauto.com\/wp-content\/uploads\/2025\/10\/3-4-225x300.jpg 225w, https:\/\/www.tairuiauto.com\/wp-content\/uploads\/2025\/10\/3-4-768x1024.jpg 768w, https:\/\/www.tairuiauto.com\/wp-content\/uploads\/2025\/10\/3-4-1151x1536.jpg 1151w, https:\/\/www.tairuiauto.com\/wp-content\/uploads\/2025\/10\/3-4-1535x2048.jpg 1535w, https:\/\/www.tairuiauto.com\/wp-content\/uploads\/2025\/10\/3-4-9x12.jpg 9w, https:\/\/www.tairuiauto.com\/wp-content\/uploads\/2025\/10\/3-4-600x800.jpg 600w, https:\/\/www.tairuiauto.com\/wp-content\/uploads\/2025\/10\/3-4-scaled.jpg 1919w\" sizes=\"(max-width: 225px) 100vw, 225px\" \/>\u00a0 \u00a0 \u00a0<img decoding=\"async\" class=\"alignnone size-medium wp-image-4224\" src=\"https:\/\/www.tairuiauto.com\/wp-content\/uploads\/2025\/10\/4-4-225x300.jpg\" alt=\"\" width=\"225\" height=\"300\" \/><\/p>\n<p style=\"padding-left: 40px;\" data-start=\"1970\" data-end=\"2278\">Alimentato da un <strong data-start=\"1983\" data-end=\"2034\">Motore sincrono a magnete permanente da 15 kW (PMSM)<\/strong>Il V302 offre una <strong data-start=\"2056\" data-end=\"2085\">coppia massima di 130 N\u00b7m<\/strong>che fornisce accelerazione reattiva sotto carico. Il veicolo adotta una <strong data-start=\"2154\" data-end=\"2180\">trasmissione posteriore (4\u00d72)<\/strong> layout che garantisce una trazione affidabile e una trasmissione di potenza efficiente per le condizioni di guida urbane.<\/p>\n<p style=\"padding-left: 40px;\" data-start=\"2280\" data-end=\"2561\">Il <strong data-start=\"2284\" data-end=\"2306\">Sistema di batteria LFP<\/strong> offre maggiore stabilit\u00e0 termica e lunga durata di servizio, supportando un <strong data-start=\"2377\" data-end=\"2415\">autonomia di guida NEDC fino a 140 km<\/strong> su una singola carica. Con un <strong data-start=\"2443\" data-end=\"2480\">Tempo di carica normale di 6-8 ore<\/strong>Il veicolo \u00e8 adatto per la ricarica notturna e i cicli operativi giornalieri.<\/p>\n<p style=\"padding-left: 40px;\" data-start=\"2563\" data-end=\"2911\">In termini di prestazioni, il V302 raggiunge un <strong data-start=\"2608\" data-end=\"2643\">velocit\u00e0 massima superiore a 70 km\/h<\/strong> e una <strong data-start=\"2650\" data-end=\"2683\">Gradabilit\u00e0 superiore al 10%<\/strong>permettendogli di gestire sovravvolgimenti, rampe e pendenze moderate comunemente presenti nelle aree urbane. Caratteristiche della cabina <strong data-start=\"2794\" data-end=\"2807\">due posti<\/strong>fornire un ambiente di lavoro confortevole per guidatore e assistente durante le operazioni di consegna quotidiane.<\/p>\n<p style=\"padding-left: 40px;\" data-start=\"2913\" data-end=\"3324\">Il sistema di telaio \u00e8 progettato per durabilit\u00e0 e sicurezza. Un <strong data-start=\"2975\" data-end=\"3018\">sistema frenante a disco anteriore e a tamburo posteriore<\/strong> garantisce efficaci prestazioni di frenatura in condizioni di carico variabili, mentre <strong data-start=\"3094\" data-end=\"3117\">Pneumatici 145R12 LT 8PR<\/strong> fornire una capacit\u00e0 di carico affidabile e adattabilit\u00e0 stradale. Il <strong data-start=\"3186\" data-end=\"3241\">capacit\u00e0 dell'asse anteriore e posteriore di 450 kg e 425 kg<\/strong>rispettivamente, migliorare ulteriormente la stabilit\u00e0 e la durata del veicolo in uso commerciale.<\/p>\n<hr style=\"padding-left: 40px;\" data-start=\"3326\" data-end=\"3329\" \/>\n<h2 style=\"padding-left: 40px;\" data-start=\"3331\" data-end=\"3359\">Caratteristiche principali &amp; Vantaggi<\/h2>\n<h3 style=\"padding-left: 40px;\" data-start=\"3361\" data-end=\"3375\">Caratteristiche<\/h3>\n<ul>\n<li style=\"list-style-type: none;\">\n<ul data-start=\"3376\" data-end=\"3576\">\n<li data-start=\"3376\" data-end=\"3424\">\n<p data-start=\"3378\" data-end=\"3424\">Progetto di camion di consegna urbano elettrico compatto<\/p>\n<\/li>\n<li data-start=\"3425\" data-end=\"3454\">\n<p data-start=\"3427\" data-end=\"3454\">3,4 m\u00b3 carico chiuso<\/p>\n<\/li>\n<li data-start=\"3455\" data-end=\"3493\">\n<p data-start=\"3457\" data-end=\"3493\">Batteria LFP con raggio NEDC di 140 km<\/p>\n<\/li>\n<li data-start=\"3494\" data-end=\"3534\">\n<p data-start=\"3496\" data-end=\"3534\">Motore PMSM da 15 kW con coppia da 130 N\u00b7m<\/p>\n<\/li>\n<li data-start=\"3535\" data-end=\"3576\">\n<p data-start=\"3537\" data-end=\"3576\">Sistema frenante a disco\/tamburo (anteriore\/posteriore)<\/p>\n<\/li>\n<\/ul>\n<\/li>\n<\/ul>\n<h3 style=\"padding-left: 40px;\" data-start=\"3578\" data-end=\"3594\">Vantaggi<\/h3>\n<ul>\n<li style=\"list-style-type: none;\">\n<ul data-start=\"3595\" data-end=\"3781\">\n<li data-start=\"3595\" data-end=\"3649\">\n<p data-start=\"3597\" data-end=\"3649\">Funzionamento efficiente in ambienti urbani congestionati<\/p>\n<\/li>\n<li data-start=\"3650\" data-end=\"3692\">\n<p data-start=\"3652\" data-end=\"3692\">Chimica della batteria stabile e di lunga durata<\/p>\n<\/li>\n<li data-start=\"3693\" data-end=\"3737\">\n<p data-start=\"3695\" data-end=\"3737\">Carico utile equilibrato e prestazioni di guida<\/p>\n<\/li>\n<li data-start=\"3738\" data-end=\"3781\">\n<p data-start=\"3740\" data-end=\"3781\">Riduzione dei costi operativi e di manutenzione<\/p>\n<\/li>\n<\/ul>\n<\/li>\n<\/ul>\n<h3 style=\"padding-left: 40px;\" data-start=\"3783\" data-end=\"3803\">Vantaggi per l'acquirente<\/h3>\n<ul>\n<li style=\"list-style-type: none;\">\n<ul data-start=\"3804\" data-end=\"4003\">\n<li data-start=\"3804\" data-end=\"3857\">\n<p data-start=\"3806\" data-end=\"3857\">Costo totale di propriet\u00e0 inferiore per le flotte di consegna<\/p>\n<\/li>\n<li data-start=\"3858\" data-end=\"3909\">\n<p data-start=\"3860\" data-end=\"3909\">Miglioramento dell'efficienza della consegna e della copertura del percorso<\/p>\n<\/li>\n<li data-start=\"3910\" data-end=\"3956\">\n<p data-start=\"3912\" data-end=\"3956\">Conformit\u00e0 alle norme sulle emissioni urbane<\/p>\n<\/li>\n<li data-start=\"3957\" data-end=\"4003\">\n<p data-start=\"3959\" data-end=\"4003\">Soluzione affidabile per uso commerciale quotidiano<\/p>\n<\/li>\n<\/ul>\n<\/li>\n<\/ul>\n<h3 style=\"padding-left: 40px;\" data-start=\"4005\" data-end=\"4019\">Prova<\/h3>\n<ul>\n<li style=\"list-style-type: none;\">\n<ul data-start=\"4020\" data-end=\"4145\">\n<li data-start=\"4020\" data-end=\"4053\">\n<p data-start=\"4022\" data-end=\"4053\">Tecnologia batteria LFP collaudata<\/p>\n<\/li>\n<li data-start=\"4054\" data-end=\"4098\">\n<p data-start=\"4056\" data-end=\"4098\">Progettazione di telaio e asse di qualit\u00e0 commerciale<\/p>\n<\/li>\n<li data-start=\"4099\" data-end=\"4145\">\n<p data-start=\"4101\" data-end=\"4145\">Ottimizzato per la logistica urbana professionale<\/p>\n<\/li>\n<\/ul>\n<\/li>\n<\/ul>\n<hr style=\"padding-left: 40px;\" data-start=\"4147\" data-end=\"4150\" \/>\n<h2 style=\"padding-left: 40px;\" data-start=\"4152\" data-end=\"4176\">Scenari di applicazione<\/h2>\n<ul>\n<li style=\"list-style-type: none;\">\n<ul data-start=\"4178\" data-end=\"4342\">\n<li data-start=\"4178\" data-end=\"4207\">\n<p data-start=\"4180\" data-end=\"4207\">Consegna pacchi last mile<\/p>\n<\/li>\n<li data-start=\"4208\" data-end=\"4237\">\n<p data-start=\"4210\" data-end=\"4237\">Distribuzione al dettaglio urbana<\/p>\n<\/li>\n<li data-start=\"4238\" data-end=\"4269\">\n<p data-start=\"4240\" data-end=\"4269\">Logistica alimentare e delle bevande<\/p>\n<\/li>\n<li data-start=\"4270\" data-end=\"4304\">\n<p data-start=\"4272\" data-end=\"4304\">Flotte di servizio e manutenzione<\/p>\n<\/li>\n<li data-start=\"4305\" data-end=\"4342\">\n<p data-start=\"4307\" data-end=\"4342\">E-commerce e operazioni di corriere<\/p>\n<\/li>\n<\/ul>\n<\/li>\n<\/ul>\n<hr style=\"padding-left: 40px;\" data-start=\"4344\" data-end=\"4347\" \/>\n<h2 style=\"padding-left: 40px;\" data-start=\"4349\" data-end=\"4367\">Perch\u00e9 scegliere V302<\/h2>\n<p style=\"padding-left: 40px;\" data-start=\"4369\" data-end=\"4692\">Il <strong data-start=\"4373\" data-end=\"4411\">Camion elettrico per consegna urbana V302<\/strong> \u00e8 sviluppato per soddisfare le esigenze pratiche della moderna logistica urbana. Supportato da standard di produzione professionali e capacit\u00e0 di personalizzazione flessibili, fornisce una soluzione elettrica affidabile per le aziende che cercano trasporti urbani efficienti, conformi e sostenibili.<\/p>\n<hr style=\"padding-left: 40px;\" data-start=\"4694\" data-end=\"4697\" \/>\n<h2 style=\"padding-left: 40px;\" data-start=\"4699\" data-end=\"4716\">Chiama all'azione<\/h2>\n<p style=\"padding-left: 40px;\" data-start=\"4718\" data-end=\"4982\">Alla ricerca di un affidabile <strong data-start=\"4741\" data-end=\"4768\">camion di consegna elettrico<\/strong> per la logistica urbana o la distribuzione della flotta?<br data-start=\"4809\" data-end=\"4812\" \/>Contattaci oggi per ricevere specifiche dettagliate, opzioni di personalizzazione, informazioni sui prezzi e supporto tecnico professionale per il <strong data-start=\"4952\" data-end=\"4981\">Camion carico elettrico V302<\/strong>.<\/p>\n<hr style=\"padding-left: 40px;\" data-start=\"4984\" data-end=\"4987\" \/>\n<h2 style=\"padding-left: 40px;\" data-start=\"4989\" data-end=\"4995\">Domande frequenti<\/h2>\n<p style=\"padding-left: 40px;\" data-start=\"4997\" data-end=\"5137\"><strong data-start=\"4997\" data-end=\"5054\">Q1: Qual \u00e8 la capacit\u00e0 massima di carico utile del V302?<\/strong><br data-start=\"5054\" data-end=\"5057\" \/>La capacit\u00e0 di carico nominale \u00e8 <strong data-start=\"5084\" data-end=\"5094\">475 kg<\/strong>adatto per applicazioni di consegna urbana.<\/p>\n<p style=\"padding-left: 40px;\" data-start=\"5139\" data-end=\"5281\"><strong data-start=\"5139\" data-end=\"5184\">Q2: Qual \u00e8 la gamma di guida per carica?<\/strong><br data-start=\"5184\" data-end=\"5187\" \/>Il veicolo offre una <strong data-start=\"5208\" data-end=\"5238\">Range NEDC fino a 140 km<\/strong>a seconda del carico e delle condizioni di guida.<\/p>\n<p style=\"padding-left: 40px;\" data-start=\"5283\" data-end=\"5411\"><strong data-start=\"5283\" data-end=\"5330\">Q3: Che tipo di batteria usa il V302?<\/strong><br data-start=\"5330\" data-end=\"5333\" \/>Utilizza un <strong data-start=\"5344\" data-end=\"5359\">Batteria LFP<\/strong>, noto per la sicurezza, la durata e la lunga vita del ciclo.<\/p>\n<p style=\"padding-left: 40px;\" data-start=\"5413\" data-end=\"5572\"><strong data-start=\"5413\" data-end=\"5462\">Q4: Il veicolo \u00e8 adatto per la guida in citt\u00e0?<\/strong><br data-start=\"5462\" data-end=\"5465\" \/>- S\u00ec. - S\u00ec. Le sue dimensioni compatte, il motore reattivo e il sistema frenante efficiente lo rendono ideale per ambienti urbani.<\/p>\n<p style=\"padding-left: 40px;\" data-start=\"5574\" data-end=\"5730\"><strong data-start=\"5574\" data-end=\"5625\">Q5: Questo modello pu\u00f2 essere personalizzato per l'uso della flotta?<\/strong><br data-start=\"5625\" data-end=\"5628\" \/>- S\u00ec. - S\u00ec. Sono disponibili opzioni di personalizzazione OEM e di configurazione per le esigenze della flotta e del distributore.<\/p>","protected":false},"excerpt":{"rendered":"<p data-start=\"546\" data-end=\"860\">Il <strong data-start=\"383\" data-end=\"421\">Camion elettrico per consegna urbana V302<\/strong> \u00e8 un camion elettrico compatto progettato per una logistica urbana efficiente. Con una cassetta da carico da 3,4 m\u00b3, sistema di batteria LFP stabile e trasmissione elettrica affidabile, offre una soluzione pratica a basse emissioni per la distribuzione last mile e urbana.<\/p>","protected":false},"featured_media":5330,"comment_status":"open","ping_status":"closed","template":"","meta":[],"product_brand":[],"product_cat":[77],"product_tag":[],"class_list":{"0":"post-4220","1":"product","2":"type-product","3":"status-publish","4":"has-post-thumbnail","6":"product_cat-electric-micro-vehicle","8":"first","9":"instock","10":"shipping-taxable","11":"product-type-simple"},"_links":{"self":[{"href":"https:\/\/www.tairuiauto.com\/it\/wp-json\/wp\/v2\/product\/4220","targetHints":{"allow":["GET"]}}],"collection":[{"href":"https:\/\/www.tairuiauto.com\/it\/wp-json\/wp\/v2\/product"}],"about":[{"href":"https:\/\/www.tairuiauto.com\/it\/wp-json\/wp\/v2\/types\/product"}],"replies":[{"embeddable":true,"href":"https:\/\/www.tairuiauto.com\/it\/wp-json\/wp\/v2\/comments?post=4220"}],"wp:featuredmedia":[{"embeddable":true,"href":"https:\/\/www.tairuiauto.com\/it\/wp-json\/wp\/v2\/media\/5330"}],"wp:attachment":[{"href":"https:\/\/www.tairuiauto.com\/it\/wp-json\/wp\/v2\/media?parent=4220"}],"wp:term":[{"taxonomy":"product_brand","embeddable":true,"href":"https:\/\/www.tairuiauto.com\/it\/wp-json\/wp\/v2\/product_brand?post=4220"},{"taxonomy":"product_cat","embeddable":true,"href":"https:\/\/www.tairuiauto.com\/it\/wp-json\/wp\/v2\/product_cat?post=4220"},{"taxonomy":"product_tag","embeddable":true,"href":"https:\/\/www.tairuiauto.com\/it\/wp-json\/wp\/v2\/product_tag?post=4220"}],"curies":[{"name":"WP","href":"https:\/\/api.w.org\/{rel}","templated":true}]}}