{"id":4438,"date":"2025-11-03T16:49:31","date_gmt":"2025-11-03T08:49:31","guid":{"rendered":"https:\/\/www.tairuiauto.com\/?post_type=product&#038;p=4438"},"modified":"2025-11-03T13:30:02","modified_gmt":"2025-11-03T05:30:02","slug":"three-wheel-freight-trike","status":"publish","type":"product","link":"https:\/\/www.tairuiauto.com\/it\/product\/three-wheel-freight-trike\/","title":{"rendered":"Trike merci a tre ruote"},"content":{"rendered":"<h2 data-start=\"971\" data-end=\"999\">\u26a1 <strong data-start=\"976\" data-end=\"999\">Descrizione del prodotto<\/strong><\/h2>\n<p data-start=\"1001\" data-end=\"1424\">Dotato di una <strong data-start=\"1017\" data-end=\"1042\">motore idraulico 1000W<\/strong> e <strong data-start=\"1047\" data-end=\"1078\">Sistema di doppia tensione 60V\/72V<\/strong>, il <strong data-start=\"1084\" data-end=\"1122\">Trike merci a tre ruote<\/strong> garantisce eccezionale coppia e stabilit\u00e0 di carico.<\/p>\n<table style=\"border-collapse: collapse; width: 78.0938%; height: 516px;\" border=\"0\" width=\"720\" cellspacing=\"0\" cellpadding=\"0\">\n<tbody>\n<tr style=\"height: 20.00pt;\">\n<td class=\"et4\" style=\"height: 20.00pt; width: 159.05pt;\" width=\"265\" height=\"33\">Modello<\/td>\n<td class=\"et6\" style=\"width: 273.40pt;\" width=\"455\">Trike merci a tre ruote<\/td>\n<\/tr>\n<tr style=\"height: 20.00pt;\">\n<td class=\"et5\" style=\"height: 20.00pt; width: 159.05pt;\" width=\"265\" height=\"33\">Dimensione complessiva<\/td>\n<td class=\"et5\" style=\"width: 273.40pt;\" width=\"455\">3360X1380X1380MM<\/td>\n<\/tr>\n<tr style=\"height: 20.00pt;\">\n<td class=\"et5\" style=\"height: 20.00pt; width: 159.05pt;\" width=\"265\" height=\"33\">Capacit\u00e0 di carico<\/td>\n<td class=\"et5\" style=\"width: 273.40pt;\" width=\"455\">250 kg<\/td>\n<\/tr>\n<tr style=\"height: 20.00pt;\">\n<td class=\"et5\" style=\"height: 20.00pt; width: 159.05pt;\" width=\"265\" height=\"33\">Potenza del motore idraulico<\/td>\n<td class=\"et5\" style=\"width: 273.40pt;\" width=\"455\">1000W<\/td>\n<\/tr>\n<tr style=\"height: 20.00pt;\">\n<td class=\"et5\" style=\"height: 20.00pt; width: 159.05pt;\" width=\"265\" height=\"33\">Tensione standard<\/td>\n<td class=\"et5\" style=\"width: 273.40pt;\" width=\"455\">60V \/ 72V<\/td>\n<\/tr>\n<tr style=\"height: 20.00pt;\">\n<td class=\"et5\" style=\"height: 20.00pt; width: 159.05pt;\" width=\"265\" height=\"33\">Controllatore<\/td>\n<td class=\"et5\" style=\"width: 273.40pt;\" width=\"455\">18 Tubo<\/td>\n<\/tr>\n<tr style=\"height: 20.00pt;\">\n<td class=\"et5\" style=\"height: 20.00pt; width: 159.05pt;\" width=\"265\" height=\"33\">Modalit\u00e0 frenata<\/td>\n<td class=\"et5\" style=\"width: 273.40pt;\" width=\"455\">Tamburo anteriore Tamburo posteriore<\/td>\n<\/tr>\n<tr style=\"height: 20.00pt;\">\n<td class=\"et5\" style=\"height: 20.00pt; width: 159.05pt;\" width=\"265\" height=\"33\">Liberazione minima da terra<\/td>\n<td class=\"et5\" style=\"width: 273.40pt;\" width=\"455\">135<\/td>\n<\/tr>\n<tr style=\"height: 20.00pt;\">\n<td class=\"et5\" style=\"height: 20.00pt; width: 159.05pt;\" width=\"265\" height=\"33\">Capacit\u00e0 di produzione<\/td>\n<td class=\"et5\" style=\"width: 273.40pt;\" width=\"455\">100000set\/anno<\/td>\n<\/tr>\n<tr style=\"height: 20.00pt;\">\n<td class=\"et5\" style=\"height: 20.00pt; width: 159.05pt;\" width=\"265\" height=\"33\">Charging Tempo<\/td>\n<td class=\"et5\" style=\"width: 273.40pt;\" width=\"455\">8 ore<\/td>\n<\/tr>\n<tr style=\"height: 20.00pt;\">\n<td class=\"et5\" style=\"height: 20.00pt; width: 159.05pt;\" width=\"265\" height=\"33\">Pneumatico Tt anteriore\/posteriore<\/td>\n<td class=\"et5\" style=\"width: 273.40pt;\" width=\"455\">3.75\/12-4.00\/12<\/td>\n<\/tr>\n<tr style=\"height: 20.00pt;\">\n<td class=\"et5\" style=\"height: 20.00pt; width: 159.05pt;\" width=\"265\" height=\"33\">Scelta colore<\/td>\n<td class=\"et5\" style=\"width: 273.40pt;\" width=\"455\">Personalizzato<\/td>\n<\/tr>\n<tr style=\"height: 20.00pt;\">\n<td class=\"et5\" style=\"height: 20.00pt; width: 159.05pt;\" width=\"265\" height=\"33\">Origine<\/td>\n<td class=\"et5\" style=\"width: 273.40pt;\" width=\"455\">Cina<\/td>\n<\/tr>\n<tr style=\"height: 20.00pt;\">\n<td class=\"et5\" style=\"height: 20.00pt; width: 159.05pt;\" width=\"265\" height=\"33\">Gamma per carica\/Km<\/td>\n<td class=\"et5\" style=\"width: 273.40pt;\" width=\"455\">45-100km<\/td>\n<\/tr>\n<tr style=\"height: 20.00pt;\">\n<td class=\"et5\" style=\"height: 20.00pt; width: 159.05pt;\" width=\"265\" height=\"33\">Velocit\u00e0 massima Km\/H<\/td>\n<td class=\"et5\" style=\"width: 273.40pt;\" width=\"455\">30-45 km\/h<\/td>\n<\/tr>\n<tr style=\"height: 20.00pt;\">\n<td class=\"et5\" style=\"height: 20.00pt; width: 159.05pt;\" width=\"265\" height=\"33\">Capacit\u00e0 di arrampicata<\/td>\n<td class=\"et5\" style=\"width: 273.40pt;\" width=\"455\">\u226430\u00b0<\/td>\n<\/tr>\n<\/tbody>\n<\/table>\n<hr data-start=\"1746\" data-end=\"1749\" \/>\n<h2 data-start=\"1751\" data-end=\"1793\">\ufffd <strong data-start=\"1757\" data-end=\"1793\">Caratteristiche principali<\/strong><\/h2>\n<ol data-start=\"1795\" data-end=\"2695\">\n<li data-start=\"1795\" data-end=\"2034\">\n<p data-start=\"1798\" data-end=\"2034\"><strong data-start=\"1798\" data-end=\"1840\">Motor idraulico ad alte prestazioni 1000W<\/strong><br data-start=\"1840\" data-end=\"1843\" \/>Il trike merci a tre ruote \u00e8 alimentato da un motore idraulico da 1000W che garantisce una capacit\u00e0 di arrampicata superiore, un'accelerazione fluida e un'eccellente coppia per il trasporto di carichi pesanti.<\/p>\n<\/li>\n<li data-start=\"2036\" data-end=\"2266\">\n<p data-start=\"2039\" data-end=\"2266\"><strong data-start=\"2039\" data-end=\"2075\">Range a lunga distanza fino a 100 km<\/strong><br data-start=\"2075\" data-end=\"2078\" \/>La potente configurazione della batteria 60V\/72V consente questo <strong data-start=\"2137\" data-end=\"2164\">triciclo carico elettrico<\/strong> percorrere 45-100 km con una singola carica, fornendo una resistenza eccezionale per la logistica e le consegne.<\/p>\n<\/li>\n<li data-start=\"2268\" data-end=\"2482\">\n<p data-start=\"2271\" data-end=\"2482\"><strong data-start=\"2271\" data-end=\"2309\">Sistema di frenatura e sicurezza migliorato<\/strong><br data-start=\"2309\" data-end=\"2312\" \/>Con <strong data-start=\"2320\" data-end=\"2350\">freni a tamburo anteriori e posteriori<\/strong>Il modello Zhanlong offre forti prestazioni frenanti, garantendo il massimo controllo del conducente anche a pieno carico o in condizioni scivolose.<\/p>\n<\/li>\n<li data-start=\"2484\" data-end=\"2695\">\n<p data-start=\"2487\" data-end=\"2695\"><strong data-start=\"2487\" data-end=\"2526\">Alta efficienza e bassa manutenzione<\/strong><br data-start=\"2526\" data-end=\"2529\" \/>Questo veicolo elettrico a tre ruote \u00e8 progettato per ridurre al minimo i costi operativi, con un tempo di ricarica affidabile di 8 ore e componenti a bassa usura per cicli di vita prolungati.<\/p>\n<\/li>\n<\/ol>\n<p><img fetchpriority=\"high\" decoding=\"async\" class=\"alignnone wp-image-4443 size-medium\" src=\"https:\/\/www.tairuiauto.com\/wp-content\/uploads\/2025\/11\/ee10901e-1777-4c4e-be08-b449af9d75f1-300x300.jpg\" alt=\"\" width=\"300\" height=\"300\" srcset=\"https:\/\/www.tairuiauto.com\/wp-content\/uploads\/2025\/11\/ee10901e-1777-4c4e-be08-b449af9d75f1-300x300.jpg 300w, https:\/\/www.tairuiauto.com\/wp-content\/uploads\/2025\/11\/ee10901e-1777-4c4e-be08-b449af9d75f1-1024x1024.jpg 1024w, https:\/\/www.tairuiauto.com\/wp-content\/uploads\/2025\/11\/ee10901e-1777-4c4e-be08-b449af9d75f1-150x150.jpg 150w, https:\/\/www.tairuiauto.com\/wp-content\/uploads\/2025\/11\/ee10901e-1777-4c4e-be08-b449af9d75f1-768x768.jpg 768w, https:\/\/www.tairuiauto.com\/wp-content\/uploads\/2025\/11\/ee10901e-1777-4c4e-be08-b449af9d75f1-1536x1536.jpg 1536w, https:\/\/www.tairuiauto.com\/wp-content\/uploads\/2025\/11\/ee10901e-1777-4c4e-be08-b449af9d75f1-2048x2048.jpg 2048w, https:\/\/www.tairuiauto.com\/wp-content\/uploads\/2025\/11\/ee10901e-1777-4c4e-be08-b449af9d75f1-12x12.jpg 12w, https:\/\/www.tairuiauto.com\/wp-content\/uploads\/2025\/11\/ee10901e-1777-4c4e-be08-b449af9d75f1-600x600.jpg 600w, https:\/\/www.tairuiauto.com\/wp-content\/uploads\/2025\/11\/ee10901e-1777-4c4e-be08-b449af9d75f1-100x100.jpg 100w\" sizes=\"(max-width: 300px) 100vw, 300px\" \/>\u00a0 \u00a0 \u00a0 \u00a0 \u00a0 \u00a0 \u00a0 \u00a0 \u00a0 \u00a0 \u00a0 \u00a0 \u00a0 <img decoding=\"async\" class=\"alignnone size-medium wp-image-4440\" src=\"https:\/\/www.tairuiauto.com\/wp-content\/uploads\/2025\/11\/7eb73835-6eb3-4591-9387-89d73f5c8550-300x300.jpg\" alt=\"\" width=\"300\" height=\"300\" srcset=\"https:\/\/www.tairuiauto.com\/wp-content\/uploads\/2025\/11\/7eb73835-6eb3-4591-9387-89d73f5c8550-300x300.jpg 300w, https:\/\/www.tairuiauto.com\/wp-content\/uploads\/2025\/11\/7eb73835-6eb3-4591-9387-89d73f5c8550-1024x1024.jpg 1024w, https:\/\/www.tairuiauto.com\/wp-content\/uploads\/2025\/11\/7eb73835-6eb3-4591-9387-89d73f5c8550-150x150.jpg 150w, https:\/\/www.tairuiauto.com\/wp-content\/uploads\/2025\/11\/7eb73835-6eb3-4591-9387-89d73f5c8550-768x768.jpg 768w, https:\/\/www.tairuiauto.com\/wp-content\/uploads\/2025\/11\/7eb73835-6eb3-4591-9387-89d73f5c8550-1536x1536.jpg 1536w, https:\/\/www.tairuiauto.com\/wp-content\/uploads\/2025\/11\/7eb73835-6eb3-4591-9387-89d73f5c8550-2048x2048.jpg 2048w, https:\/\/www.tairuiauto.com\/wp-content\/uploads\/2025\/11\/7eb73835-6eb3-4591-9387-89d73f5c8550-12x12.jpg 12w, https:\/\/www.tairuiauto.com\/wp-content\/uploads\/2025\/11\/7eb73835-6eb3-4591-9387-89d73f5c8550-600x600.jpg 600w, https:\/\/www.tairuiauto.com\/wp-content\/uploads\/2025\/11\/7eb73835-6eb3-4591-9387-89d73f5c8550-100x100.jpg 100w\" sizes=\"(max-width: 300px) 100vw, 300px\" \/><\/p>\n<hr data-start=\"2697\" data-end=\"2700\" \/>\n<h2 data-start=\"2702\" data-end=\"2734\">\ufffd <strong data-start=\"2708\" data-end=\"2734\">Vantaggi competitivi<\/strong><\/h2>\n<ol data-start=\"2736\" data-end=\"3187\">\n<li data-start=\"2736\" data-end=\"2856\">\n<p data-start=\"2739\" data-end=\"2856\"><strong data-start=\"2739\" data-end=\"2762\">Durabilit\u00e0 superiore<\/strong> \u2013 Telaio in acciaio resistente e finitura resistente alla corrosione per l'operazione commerciale a lungo termine.<\/p>\n<\/li>\n<li data-start=\"2857\" data-end=\"2966\">\n<p data-start=\"2860\" data-end=\"2966\"><strong data-start=\"2860\" data-end=\"2890\">Potenza di arrampicata eccezionale<\/strong> \u2013 Maniglia pendii fino a 30\u00b0 senza sforzo, superando le prestazioni standard e-trike.<\/p>\n<\/li>\n<li data-start=\"2967\" data-end=\"3067\">\n<p data-start=\"2970\" data-end=\"3067\"><strong data-start=\"2970\" data-end=\"3000\">Ampie opzioni di personalizzazione<\/strong> \u2013 Servizio OEM per i loghi del marchio, i colori e le dimensioni della scatola di carico.<\/p>\n<\/li>\n<li data-start=\"3068\" data-end=\"3187\">\n<p data-start=\"3071\" data-end=\"3187\"><strong data-start=\"3071\" data-end=\"3106\">Efficienza energetica &amp; Eco-friendly<\/strong> Emissioni zero, funzionamento silenzioso e conforme agli standard di logistica verde.<\/p>\n<\/li>\n<\/ol>\n<hr data-start=\"3837\" data-end=\"3840\" \/>\n<h2 data-start=\"3842\" data-end=\"3860\">\ufffd <strong data-start=\"3848\" data-end=\"3860\">Materiale<\/strong><\/h2>\n<p data-start=\"3862\" data-end=\"4051\">Costruito utilizzando <strong data-start=\"3874\" data-end=\"3905\">acciaio strutturale rinforzato<\/strong>, <strong data-start=\"3907\" data-end=\"3939\">pannelli resistenti agli impatti<\/strong>e <strong data-start=\"3945\" data-end=\"3987\">isolamento elettrico di qualit\u00e0 automobilistica<\/strong>garantire sicurezza, resistenza e resistenza alla corrosione a lungo termine.<\/p>\n<hr data-start=\"4053\" data-end=\"4056\" \/>\n<h2 data-start=\"4058\" data-end=\"4078\">\ufffd <strong data-start=\"4064\" data-end=\"4078\">Aspetto<\/strong><\/h2>\n<p data-start=\"4080\" data-end=\"4331\">Il Zhanlong dispone di un <strong data-start=\"4104\" data-end=\"4133\">estetica industriale audace<\/strong> con finiture metalliche eleganti, fari a LED e pannelli di carico in acciaio resistenti. Il suo design a carrozzeria aperta garantisce un carico facile mantenendo un forte aspetto professionale per le flotte di consegna urbane.<\/p>\n<hr data-start=\"4333\" data-end=\"4336\" \/>\n<h2 data-start=\"4338\" data-end=\"4354\">\ufffd <strong data-start=\"4344\" data-end=\"4354\">Progettazione<\/strong><\/h2>\n<p data-start=\"4356\" data-end=\"4588\">Il triciclo <strong data-start=\"4371\" data-end=\"4400\">struttura equilibrata al centro<\/strong> migliora la distribuzione del carico, mentre il sedile ergonomico e il cruscotto rendono il funzionamento intuitivo e senza affaticamento. Il avanzato <strong data-start=\"4524\" data-end=\"4551\">sistema di assorbimento degli urti<\/strong> garantisce comfort anche su strade difficili.<\/p>\n<hr data-start=\"4590\" data-end=\"4593\" \/>\n<h2 data-start=\"4595\" data-end=\"4624\">\ufffd <strong data-start=\"4601\" data-end=\"4624\">OEM &amp; amp; Personalizzazione<\/strong><\/h2>\n<p data-start=\"4626\" data-end=\"4833\">Offriamo pieno <strong data-start=\"4640\" data-end=\"4670\">Servizi di personalizzazione OEM<\/strong>, tra cui adesivi di marchio, colori di vernice personalizzati e dimensioni regolabili del letto di carico. Adatto per la gestione della flotta, l'uso governativo o i servizi di consegna di marca.<\/p>\n<hr data-start=\"4835\" data-end=\"4838\" \/>\n<h2 data-start=\"4840\" data-end=\"4865\">\ufffd <strong data-start=\"4846\" data-end=\"4865\">Controllo qualit\u00e0<\/strong><\/h2>\n<p data-start=\"4867\" data-end=\"5094\">Ogni <strong data-start=\"4873\" data-end=\"4911\">Trike merci a tre ruote<\/strong> subisce <strong data-start=\"4922\" data-end=\"4947\">ispezione multifase<\/strong>Comprende test di carico del motore, verifica del ciclo di vita della batteria, calibrazione della sensibilit\u00e0 dei freni e simulazioni di resistenza prima di lasciare la fabbrica.<\/p>\n<hr data-start=\"5096\" data-end=\"5099\" \/>\n<h2 data-start=\"5101\" data-end=\"5131\">\ufffd\ufe0f <strong data-start=\"5108\" data-end=\"5131\">Servizio post-vendita<\/strong><\/h2>\n<ul data-start=\"5133\" data-end=\"5301\">\n<li data-start=\"5133\" data-end=\"5178\">\n<p data-start=\"5135\" data-end=\"5178\">Garanzia di 12 mesi su motore e controller<\/p>\n<\/li>\n<li data-start=\"5179\" data-end=\"5235\">\n<p data-start=\"5181\" data-end=\"5235\">Supporto tecnico e ricambi disponibili in tutto il mondo<\/p>\n<\/li>\n<li data-start=\"5236\" data-end=\"5301\">\n<p data-start=\"5238\" data-end=\"5301\">Consultazione di manutenzione per tutta la vita tramite servizio online o telefonico<\/p>\n<\/li>\n<\/ul>\n<hr data-start=\"5303\" data-end=\"5306\" \/>\n<h2 data-start=\"5308\" data-end=\"5339\">\ufffd <strong data-start=\"5314\" data-end=\"5339\">Scenari di applicazione<\/strong><\/h2>\n<p data-start=\"5341\" data-end=\"5355\">Perfetto per:<\/p>\n<ul data-start=\"5356\" data-end=\"5540\">\n<li data-start=\"5356\" data-end=\"5409\">\n<p data-start=\"5358\" data-end=\"5409\"><strong data-start=\"5358\" data-end=\"5407\">Consegna di beni urbani e logistica e-commerce<\/strong><\/p>\n<\/li>\n<li data-start=\"5410\" data-end=\"5440\">\n<p data-start=\"5412\" data-end=\"5440\"><strong data-start=\"5412\" data-end=\"5438\">Trasporti agricoli<\/strong><\/p>\n<\/li>\n<li data-start=\"5441\" data-end=\"5491\">\n<p data-start=\"5443\" data-end=\"5491\"><strong data-start=\"5443\" data-end=\"5489\">Movimento di materiali da costruzione e fabbrica<\/strong><\/p>\n<\/li>\n<li data-start=\"5492\" data-end=\"5540\">\n<p data-start=\"5494\" data-end=\"5540\"><strong data-start=\"5494\" data-end=\"5538\">Raccolta e riciclaggio dei rifiuti comunali<\/strong><\/p>\n<\/li>\n<\/ul>\n<hr data-start=\"5542\" data-end=\"5545\" \/>\n<h2 data-start=\"5547\" data-end=\"5570\">\ufffd <strong data-start=\"5553\" data-end=\"5570\">Condizioni di pagamento<\/strong><\/h2>\n<p data-start=\"5572\" data-end=\"5690\">T\/T deposito del 30%, saldo del 70% prima della spedizione.<br data-start=\"5617\" data-end=\"5620\" \/>L\/C e altre opzioni di pagamento internazionali disponibili per ordini in massa.<\/p>\n<hr data-start=\"5692\" data-end=\"5695\" \/>\n<h2 data-start=\"5697\" data-end=\"5709\">\u2753 <strong data-start=\"5702\" data-end=\"5709\">Domande frequenti<\/strong><\/h2>\n<p data-start=\"5711\" data-end=\"5863\"><strong data-start=\"5711\" data-end=\"5779\">Q1: Qual \u00e8 la gamma del trike merci a tre ruote?<\/strong><br data-start=\"5779\" data-end=\"5782\" \/>A1: Pu\u00f2 percorrere fino a 100 km con una singola carica, a seconda del carico e del terreno.<\/p>\n<p data-start=\"5865\" data-end=\"5956\"><strong data-start=\"5865\" data-end=\"5901\">Q2: Quanto carico pu\u00f2 trasportare?<\/strong><br data-start=\"5901\" data-end=\"5904\" \/>A2: Supporta fino a 250 kg in modo sicuro ed efficiente.<\/p>\n<p data-start=\"5958\" data-end=\"6081\"><strong data-start=\"5958\" data-end=\"6006\">Q3: Posso personalizzare il colore o il logo del marchio?<\/strong><br data-start=\"6006\" data-end=\"6009\" \/>A3: S\u00ec, la personalizzazione OEM \u00e8 disponibile per il marchio e l'identit\u00e0 della flotta.<\/p>\n<p data-start=\"6083\" data-end=\"6168\"><strong data-start=\"6083\" data-end=\"6121\">Q4: Quanto \u00e8 il tempo di ricarica?<\/strong><br data-start=\"6121\" data-end=\"6124\" \/>A4: Circa 8 ore per una carica completa.<\/p>\n<p data-start=\"6170\" data-end=\"6283\"><strong data-start=\"6170\" data-end=\"6205\">Q5: Qual \u00e8 il periodo di garanzia?<\/strong><br data-start=\"6205\" data-end=\"6208\" \/>A5: Un anno per il motore e il controller, pi\u00f9 supporto tecnico a vita.<\/p>","protected":false},"excerpt":{"rendered":"<p>Il <strong data-start=\"520\" data-end=\"558\">Trike merci a tre ruote<\/strong> \u00e8 un veicolo cargo a tre ruote di nuova generazione progettato per prestazioni potenti, alta resistenza e logistica urbana a lungo raggio. Costruito per i professionisti che richiedono durabilit\u00e0 ed efficienza, questo modello rappresenta il perfetto equilibrio tra resistenza alle resistenze pesanti e tecnologia ecologica. Progettato sia per le operazioni urbane che rurali, ridefinisce la produttivit\u00e0 nel segmento dei tricicli elettrici da carico.<\/p>","protected":false},"featured_media":4444,"comment_status":"open","ping_status":"closed","template":"","meta":[],"product_brand":[],"product_cat":[78],"product_tag":[],"class_list":{"0":"post-4438","1":"product","2":"type-product","3":"status-publish","4":"has-post-thumbnail","6":"product_cat-electric-tricycle","8":"first","9":"instock","10":"shipping-taxable","11":"product-type-simple"},"_links":{"self":[{"href":"https:\/\/www.tairuiauto.com\/it\/wp-json\/wp\/v2\/product\/4438","targetHints":{"allow":["GET"]}}],"collection":[{"href":"https:\/\/www.tairuiauto.com\/it\/wp-json\/wp\/v2\/product"}],"about":[{"href":"https:\/\/www.tairuiauto.com\/it\/wp-json\/wp\/v2\/types\/product"}],"replies":[{"embeddable":true,"href":"https:\/\/www.tairuiauto.com\/it\/wp-json\/wp\/v2\/comments?post=4438"}],"wp:featuredmedia":[{"embeddable":true,"href":"https:\/\/www.tairuiauto.com\/it\/wp-json\/wp\/v2\/media\/4444"}],"wp:attachment":[{"href":"https:\/\/www.tairuiauto.com\/it\/wp-json\/wp\/v2\/media?parent=4438"}],"wp:term":[{"taxonomy":"product_brand","embeddable":true,"href":"https:\/\/www.tairuiauto.com\/it\/wp-json\/wp\/v2\/product_brand?post=4438"},{"taxonomy":"product_cat","embeddable":true,"href":"https:\/\/www.tairuiauto.com\/it\/wp-json\/wp\/v2\/product_cat?post=4438"},{"taxonomy":"product_tag","embeddable":true,"href":"https:\/\/www.tairuiauto.com\/it\/wp-json\/wp\/v2\/product_tag?post=4438"}],"curies":[{"name":"WP","href":"https:\/\/api.w.org\/{rel}","templated":true}]}}