{"id":4959,"date":"2025-11-24T09:20:41","date_gmt":"2025-11-24T01:20:41","guid":{"rendered":"https:\/\/www.tairuiauto.com\/?post_type=product&#038;p=4959"},"modified":"2025-11-25T10:07:09","modified_gmt":"2025-11-25T02:07:09","slug":"eco-friendly-electric-vehicle","status":"publish","type":"product","link":"https:\/\/www.tairuiauto.com\/it\/product\/eco-friendly-electric-vehicle\/","title":{"rendered":"Veicolo elettrico ecologico"},"content":{"rendered":"<h3 style=\"padding-left: 40px;\" data-start=\"515\" data-end=\"542\"><strong data-start=\"519\" data-end=\"542\">Descrizione del prodotto<\/strong><\/h3>\n<p style=\"padding-left: 40px;\" data-start=\"543\" data-end=\"1221\">Il <strong data-start=\"547\" data-end=\"588\">P302 triciclo elettrico per passeggeri<\/strong> \u00e8 un veicolo intelligente e ecologico progettato per il trasporto a breve distanza in citt\u00e0, citt\u00e0, aree turistiche, comunit\u00e0 e parchi commerciali.<\/p>\n<table style=\"border-collapse: collapse; width: 78.6538%; margin-left: 40px;\" border=\"0\" width=\"720\" cellspacing=\"0\" cellpadding=\"0\">\n<tbody style=\"padding-left: 40px;\">\n<tr style=\"height: 20pt; padding-left: 40px;\">\n<td class=\"et5\" style=\"height: 20pt; width: 39.9654%; padding-left: 40px;\" width=\"265\" height=\"33\">Modello<\/td>\n<td class=\"et6\" style=\"width: 113.495%; padding-left: 40px;\" width=\"455\"><a href=\"#\u76ee\u5f55!A1\">P302<\/a><\/td>\n<\/tr>\n<tr style=\"height: 20pt; padding-left: 40px;\">\n<td class=\"et7\" style=\"height: 20pt; width: 39.9654%; padding-left: 40px;\" width=\"265\" height=\"33\">Dimensioni (mm)<\/td>\n<td class=\"et7\" style=\"width: 113.495%; padding-left: 40px;\" width=\"455\">2610*1280*1630<\/td>\n<\/tr>\n<tr style=\"height: 20pt; padding-left: 40px;\">\n<td class=\"et7\" style=\"height: 20pt; width: 39.9654%; padding-left: 40px;\" width=\"265\" height=\"33\">Tipo di corpo<\/td>\n<td class=\"et7\" style=\"width: 113.495%; padding-left: 40px;\" width=\"455\">corpo semi-integrale<\/td>\n<\/tr>\n<tr style=\"height: 20pt; padding-left: 40px;\">\n<td class=\"et7\" style=\"height: 20pt; width: 39.9654%; padding-left: 40px;\" width=\"265\" height=\"33\">Struttura del corpo<\/td>\n<td class=\"et7\" style=\"width: 113.495%; padding-left: 40px;\" width=\"455\">4 porte e 3 posti<\/td>\n<\/tr>\n<tr style=\"height: 20pt; padding-left: 40px;\">\n<td class=\"et7\" style=\"height: 20pt; width: 39.9654%; padding-left: 40px;\" width=\"265\" height=\"33\">motore<\/td>\n<td class=\"et7\" style=\"width: 113.495%; padding-left: 40px;\" width=\"455\">60V1000W<\/td>\n<\/tr>\n<tr style=\"height: 20pt; padding-left: 40px;\">\n<td class=\"et7\" style=\"height: 20pt; width: 39.9654%; padding-left: 40px;\" width=\"265\" height=\"33\">Controllatore<\/td>\n<td class=\"et7\" style=\"width: 113.495%; padding-left: 40px;\" width=\"455\">60V 18tubi<\/td>\n<\/tr>\n<tr style=\"height: 20pt; padding-left: 40px;\">\n<td class=\"et7\" style=\"height: 20pt; width: 39.9654%; padding-left: 40px;\" width=\"265\" height=\"33\">Batteria (kwh)<\/td>\n<td class=\"et7\" style=\"width: 113.495%; padding-left: 40px;\" width=\"455\">60V58AH<\/td>\n<\/tr>\n<tr style=\"height: 20pt; padding-left: 40px;\">\n<td class=\"et7\" style=\"height: 20pt; width: 39.9654%; padding-left: 40px;\" width=\"265\" height=\"33\">Tempo di carica (H)<\/td>\n<td class=\"et7\" style=\"width: 113.495%; padding-left: 40px;\" width=\"455\">6-8<\/td>\n<\/tr>\n<tr style=\"height: 20pt; padding-left: 40px;\">\n<td class=\"et7\" style=\"height: 20pt; width: 39.9654%; padding-left: 40px;\" width=\"265\" height=\"33\">Range per carica\/km<\/td>\n<td class=\"et7\" style=\"width: 113.495%; padding-left: 40px;\" width=\"455\">\u226560<\/td>\n<\/tr>\n<tr style=\"height: 20pt; padding-left: 40px;\">\n<td class=\"et7\" style=\"height: 20pt; width: 39.9654%; padding-left: 40px;\" width=\"265\" height=\"33\">Sospensione anteriore<\/td>\n<td class=\"et7\" style=\"width: 113.495%; padding-left: 40px;\" width=\"455\">shock idraulico<\/td>\n<\/tr>\n<tr style=\"height: 20pt; padding-left: 40px;\">\n<td class=\"et7\" style=\"height: 20pt; width: 39.9654%; padding-left: 40px;\" width=\"265\" height=\"33\">Sospensione posteriore<\/td>\n<td class=\"et7\" style=\"width: 113.495%; padding-left: 40px;\" width=\"455\">Sospensione drag-arm<\/td>\n<\/tr>\n<tr style=\"height: 20pt; padding-left: 40px;\">\n<td class=\"et7\" style=\"height: 20pt; width: 39.9654%; padding-left: 40px;\" width=\"265\" height=\"33\">Pneumatico anteriore\/posteriore<\/td>\n<td class=\"et7\" style=\"width: 113.495%; padding-left: 40px;\" width=\"455\">Anteriore 4.00-10<br \/>\nDietro 4.00-10<\/td>\n<\/tr>\n<tr style=\"height: 20pt; padding-left: 40px;\">\n<td class=\"et7\" style=\"height: 20pt; width: 39.9654%; padding-left: 40px;\" width=\"265\" height=\"33\">Bordo<\/td>\n<td class=\"et7\" style=\"width: 113.495%; padding-left: 40px;\" width=\"455\">Hub in lega di alluminio<\/td>\n<\/tr>\n<tr style=\"height: 20pt; padding-left: 40px;\">\n<td class=\"et7\" style=\"height: 20pt; width: 39.9654%; padding-left: 40px;\" width=\"265\" height=\"33\">Sistema frenante<\/td>\n<td class=\"et7\" style=\"width: 113.495%; padding-left: 40px;\" width=\"455\">anteriore\/posteriore: disco<\/td>\n<\/tr>\n<tr style=\"height: 20pt; padding-left: 40px;\">\n<td class=\"et7\" style=\"height: 20pt; width: 39.9654%; padding-left: 40px;\" width=\"265\" height=\"33\">Grado di arrampicata (%)<\/td>\n<td class=\"et7\" style=\"width: 113.495%; padding-left: 40px;\" width=\"455\">\u226525<\/td>\n<\/tr>\n<tr style=\"height: 20pt; padding-left: 40px;\">\n<td class=\"et7\" style=\"height: 20pt; width: 39.9654%; padding-left: 40px;\" width=\"265\" height=\"33\">Velocit\u00e0 massima (km\/h)<\/td>\n<td class=\"et7\" style=\"width: 113.495%; padding-left: 40px;\" width=\"455\">38 km\/h<\/td>\n<\/tr>\n<tr style=\"height: 20pt; padding-left: 40px;\">\n<td class=\"et7\" style=\"height: 20pt; width: 39.9654%; padding-left: 40px;\" width=\"265\" height=\"33\">Modalit\u00e0 sterzo<\/td>\n<td class=\"et7\" style=\"width: 113.495%; padding-left: 40px;\" width=\"455\">Maniglia centrale<\/td>\n<\/tr>\n<tr style=\"height: 20pt; padding-left: 40px;\">\n<td class=\"et7\" style=\"height: 20pt; width: 39.9654%; padding-left: 40px;\" width=\"265\" height=\"33\">Capacit\u00e0 del contenitore<\/td>\n<td class=\"et7\" style=\"width: 113.495%; padding-left: 40px;\" width=\"455\">9 PCS SKD\/40&#8217; Sede generale<\/td>\n<\/tr>\n<tr style=\"height: 20pt; padding-left: 40px;\">\n<td class=\"et7\" style=\"height: 20pt; width: 39.9654%; padding-left: 40px;\" width=\"265\" height=\"33\">Certificato<\/td>\n<td class=\"et7\" style=\"width: 113.495%; padding-left: 40px;\" width=\"455\">CCC<\/td>\n<\/tr>\n<tr style=\"height: 20pt; padding-left: 40px;\">\n<td class=\"et7\" style=\"height: 60pt; width: 39.9654%; padding-left: 40px;\" rowspan=\"3\" width=\"265\" height=\"100\">Dispositivo funzione<\/td>\n<td class=\"et7\" style=\"width: 113.495%; padding-left: 40px;\" width=\"455\">Avvio con un pulsante<\/td>\n<\/tr>\n<tr style=\"height: 20pt; padding-left: 40px;\">\n<td class=\"et7\" style=\"width: 113.495%; padding-left: 40px;\" width=\"455\">Luci a LED<\/td>\n<\/tr>\n<tr style=\"height: 20pt; padding-left: 40px;\">\n<td class=\"et7\" style=\"width: 113.495%; padding-left: 40px;\" width=\"455\">telecamera inversa<\/td>\n<\/tr>\n<\/tbody>\n<\/table>\n<p>&nbsp;<\/p>\n<hr style=\"padding-left: 40px;\" data-start=\"1223\" data-end=\"1226\" \/>\n<h3 style=\"padding-left: 40px;\" data-start=\"1228\" data-end=\"1265\"><strong data-start=\"1232\" data-end=\"1265\">Caratteristiche principali &amp; Punti di vendita<\/strong><\/h3>\n<ol>\n<li style=\"list-style-type: none;\">\n<ol data-start=\"1266\" data-end=\"2222\">\n<li data-start=\"1266\" data-end=\"1522\">\n<p data-start=\"1269\" data-end=\"1522\"><strong data-start=\"1269\" data-end=\"1327\">Comoda cabina a 4 porte per esigenze di trasporto versatili<\/strong><br data-start=\"1327\" data-end=\"1330\" \/>La cabina completamente chiusa garantisce la protezione meteorologica e la privacy dei passeggeri, rendendo questo trike elettrico adatto per uso familiare, servizio taxi a breve distanza e pendolari d'affari.<\/p>\n<\/li>\n<li data-start=\"1524\" data-end=\"1754\">\n<p data-start=\"1527\" data-end=\"1754\"><strong data-start=\"1527\" data-end=\"1579\">Batteria a lungo raggio per la mobilit\u00e0 urbana continua<\/strong><br data-start=\"1579\" data-end=\"1582\" \/>Dotato di un pacchetto 60V 58Ah, il P302 offre \u226560 km a carica, supportando il funzionamento giornaliero di flotte di taxi elettrici a tre ruote senza frequenti interruzioni di ricarica.<\/p>\n<\/li>\n<li data-start=\"1756\" data-end=\"1984\">\n<p data-start=\"1759\" data-end=\"1984\"><strong data-start=\"1759\" data-end=\"1813\">Potente freno &amp; amp; Sistema di sospensione per viaggi pi\u00f9 sicuri<\/strong><br data-start=\"1813\" data-end=\"1816\" \/>Dotato di freni a disco anteriori e posteriori, sospensione a traccia e ammortizzatori idraulici, questo veicolo di mobilit\u00e0 elettrica migliora la sicurezza dei passeggeri e la maneggevolezza stradale.<\/p>\n<\/li>\n<li data-start=\"1986\" data-end=\"2222\">\n<p data-start=\"1989\" data-end=\"2222\"><strong data-start=\"1989\" data-end=\"2037\">Motor a risparmio energetico con velocit\u00e0 fino a 38 km\/h<\/strong><br data-start=\"2037\" data-end=\"2040\" \/>Il motore da 1000W fornisce una forte capacit\u00e0 di arrampicata (\u226525%) e un'accelerazione fluida, fornendo prestazioni efficienti per il trasporto di passeggeri in e-rickshaw in ambienti urbani affollati.<\/p>\n<\/li>\n<\/ol>\n<\/li>\n<\/ol>\n<hr style=\"padding-left: 40px;\" data-start=\"2224\" data-end=\"2227\" \/>\n<h3 style=\"padding-left: 40px;\" data-start=\"2229\" data-end=\"2262\"><strong data-start=\"2233\" data-end=\"2262\">Vantaggi differenziati<\/strong><\/h3>\n<ol>\n<li style=\"list-style-type: none;\">\n<ol data-start=\"2263\" data-end=\"3087\">\n<li data-start=\"2263\" data-end=\"2447\">\n<p data-start=\"2266\" data-end=\"2447\"><strong data-start=\"2266\" data-end=\"2312\">Corpo semi-integrale con maggiore stabilit\u00e0<\/strong><br data-start=\"2312\" data-end=\"2315\" \/>Il design della carrozzeria semi-integrale aumenta la resistenza agli urti, migliorando i livelli di sicurezza rispetto ai tradizionali e-rickshaw a telaio aperto.<\/p>\n<\/li>\n<li data-start=\"2449\" data-end=\"2685\">\n<p data-start=\"2452\" data-end=\"2685\"><strong data-start=\"2452\" data-end=\"2507\">Strumenti funzionali completi per un funzionamento facile per il conducente<\/strong><br data-start=\"2507\" data-end=\"2510\" \/>L'illuminazione a LED, la telecamera di ritorno e l'avvio a un pulsante consentono prestazioni di guida professionali anche per i conducenti della comunit\u00e0 o i nuovi operatori di veicoli elettrici a tre ruote.<\/p>\n<\/li>\n<li data-start=\"2687\" data-end=\"2903\">\n<p data-start=\"2690\" data-end=\"2903\"><strong data-start=\"2690\" data-end=\"2747\">Cerchi in lega di alluminio per la durata &amp; Appello estetico<\/strong><br data-start=\"2747\" data-end=\"2750\" \/>I mozzi in lega di alluminio di alta qualit\u00e0 riducono il peso e il rischio di corrosione, estendendo la durata della vita e migliorando l'aspetto generale del trike elettrico per passeggeri.<\/p>\n<\/li>\n<li data-start=\"2905\" data-end=\"3087\">\n<p data-start=\"2908\" data-end=\"3087\"><strong data-start=\"2908\" data-end=\"2953\">Capacit\u00e0 efficiente dei contenitori per la spedizione<\/strong><br data-start=\"2953\" data-end=\"2956\" \/>Ogni contenitore 40\u2019HQ ospita 9 unit\u00e0 SKD\/CKD, riducendo i costi di spedizione per i distributori globali di veicoli di mobilit\u00e0 elettrica.<\/p>\n<\/li>\n<\/ol>\n<\/li>\n<\/ol>\n<p style=\"padding-left: 40px;\" data-start=\"3583\" data-end=\"3651\"><img fetchpriority=\"high\" decoding=\"async\" class=\"aligncenter size-large wp-image-4969\" src=\"https:\/\/www.tairuiauto.com\/wp-content\/uploads\/2025\/11\/8_\u526f\u672c-863x1024.jpg\" alt=\"\" width=\"800\" height=\"949\" srcset=\"https:\/\/www.tairuiauto.com\/wp-content\/uploads\/2025\/11\/8_\u526f\u672c-863x1024.jpg 863w, https:\/\/www.tairuiauto.com\/wp-content\/uploads\/2025\/11\/8_\u526f\u672c-253x300.jpg 253w, https:\/\/www.tairuiauto.com\/wp-content\/uploads\/2025\/11\/8_\u526f\u672c-768x911.jpg 768w, https:\/\/www.tairuiauto.com\/wp-content\/uploads\/2025\/11\/8_\u526f\u672c-1294x1536.jpg 1294w, https:\/\/www.tairuiauto.com\/wp-content\/uploads\/2025\/11\/8_\u526f\u672c-1726x2048.jpg 1726w, https:\/\/www.tairuiauto.com\/wp-content\/uploads\/2025\/11\/8_\u526f\u672c-10x12.jpg 10w, https:\/\/www.tairuiauto.com\/wp-content\/uploads\/2025\/11\/8_\u526f\u672c-600x712.jpg 600w\" sizes=\"(max-width: 800px) 100vw, 800px\" \/><\/p>\n<hr style=\"padding-left: 40px;\" data-start=\"3653\" data-end=\"3656\" \/>\n<h3 style=\"padding-left: 40px;\" data-start=\"3658\" data-end=\"3675\"><strong data-start=\"3662\" data-end=\"3675\">Materiali<\/strong><\/h3>\n<ul>\n<li style=\"list-style-type: none;\">\n<ul data-start=\"3676\" data-end=\"3866\">\n<li data-start=\"3676\" data-end=\"3721\">\n<p data-start=\"3678\" data-end=\"3721\">Telaio del veicolo: acciaio saldato ad alta resistenza<\/p>\n<\/li>\n<li data-start=\"3722\" data-end=\"3781\">\n<p data-start=\"3724\" data-end=\"3781\">Pannelli della carrozzeria: plastica di ingegneria durevole conchiglia in acciaio<\/p>\n<\/li>\n<li data-start=\"3782\" data-end=\"3812\">\n<p data-start=\"3784\" data-end=\"3812\">Ruote: mozzo in lega di alluminio<\/p>\n<\/li>\n<li data-start=\"3813\" data-end=\"3866\">\n<p data-start=\"3815\" data-end=\"3866\">Finestre: vetro di sicurezza con custodia sigillata<\/p>\n<\/li>\n<\/ul>\n<\/li>\n<\/ul>\n<hr style=\"padding-left: 40px;\" data-start=\"3868\" data-end=\"3871\" \/>\n<h3 style=\"padding-left: 40px;\" data-start=\"3873\" data-end=\"3891\"><strong data-start=\"3877\" data-end=\"3891\">Aspetto<\/strong><\/h3>\n<p style=\"padding-left: 40px;\" data-start=\"3892\" data-end=\"4041\">Design moderno, compatto, aerodinamico; colore esterno e logo personalizzabili; spaziosa cabina con sedili ergonomici e illuminazione visiva migliorata.<\/p>\n<hr style=\"padding-left: 40px;\" data-start=\"4043\" data-end=\"4046\" \/>\n<h3 style=\"padding-left: 40px;\" data-start=\"4048\" data-end=\"4062\"><strong data-start=\"4052\" data-end=\"4062\">Progettazione<\/strong><\/h3>\n<p style=\"padding-left: 40px;\" data-start=\"4063\" data-end=\"4208\">Layout centrato sull'uomo con comodi posti a sedere, porte larghe per un imbarco facile, visibilit\u00e0 migliorata del pannello di controllo e protezione frontale rafforzata.<\/p>\n<hr style=\"padding-left: 40px;\" data-start=\"4210\" data-end=\"4213\" \/>\n<h3 style=\"padding-left: 40px;\" data-start=\"4215\" data-end=\"4240\"><strong data-start=\"4219\" data-end=\"4240\">Customizzazione OEM<\/strong><\/h3>\n<p style=\"padding-left: 40px;\" data-start=\"4241\" data-end=\"4382\">Opzioni disponibili: logo, colore, materiale del sedile, batterie (opzionale 72V), aggiornamento motore, sistema multimediale, opzioni di riscaldamento\/raffreddamento migliorate.<\/p>\n<hr style=\"padding-left: 40px;\" data-start=\"4384\" data-end=\"4387\" \/>\n<h3 style=\"padding-left: 40px;\" data-start=\"4389\" data-end=\"4412\"><strong data-start=\"4393\" data-end=\"4412\">Controllo qualit\u00e0<\/strong><\/h3>\n<p style=\"padding-left: 40px;\" data-start=\"4413\" data-end=\"4440\">Ogni veicolo \u00e8 testato per:<\/p>\n<ul>\n<li style=\"list-style-type: none;\">\n<ul data-start=\"4441\" data-end=\"4571\">\n<li data-start=\"4441\" data-end=\"4462\">\n<p data-start=\"4443\" data-end=\"4462\">sensibilit\u00e0 dei freni<\/p>\n<\/li>\n<li data-start=\"4463\" data-end=\"4483\">\n<p data-start=\"4465\" data-end=\"4483\">efficienza del motore<\/p>\n<\/li>\n<li data-start=\"4484\" data-end=\"4508\">\n<p data-start=\"4486\" data-end=\"4508\">recinto impermeabile<\/p>\n<\/li>\n<li data-start=\"4509\" data-end=\"4537\">\n<p data-start=\"4511\" data-end=\"4537\">durata della saldatura del telaio<\/p>\n<\/li>\n<li data-start=\"4538\" data-end=\"4571\">\n<p data-start=\"4540\" data-end=\"4571\">stabilit\u00e0 delle prestazioni della batteria<\/p>\n<\/li>\n<\/ul>\n<\/li>\n<\/ul>\n<hr style=\"padding-left: 40px;\" data-start=\"4573\" data-end=\"4576\" \/>\n<h3 style=\"padding-left: 40px;\" data-start=\"4578\" data-end=\"4605\"><strong data-start=\"4582\" data-end=\"4605\">Servizio post-vendita<\/strong><\/h3>\n<p style=\"padding-left: 40px;\" data-start=\"4606\" data-end=\"4726\">Opzioni di garanzia; supporto delle parti globali; guida tecnica a distanza; Formazione di assemblaggio SKD\/CKD per partnership a lungo termine.<\/p>\n<hr style=\"padding-left: 40px;\" data-start=\"4728\" data-end=\"4731\" \/>\n<h3 style=\"padding-left: 40px;\" data-start=\"4733\" data-end=\"4759\"><strong data-start=\"4737\" data-end=\"4759\">Campi di applicazione<\/strong><\/h3>\n<p style=\"padding-left: 40px;\" data-start=\"4760\" data-end=\"4911\">Navetta comunitaria, trasporto nel campus, pendolari familiari, business di taxi elettrici a tre ruote, servizi di mobilit\u00e0 turistica, ritiro passeggeri nella zona commerciale.<\/p>\n<hr style=\"padding-left: 40px;\" data-start=\"4913\" data-end=\"4916\" \/>\n<h3 style=\"padding-left: 40px;\" data-start=\"4918\" data-end=\"4940\"><strong data-start=\"4922\" data-end=\"4940\">Metodo di pagamento<\/strong><\/h3>\n<p style=\"padding-left: 40px;\" data-start=\"4941\" data-end=\"5009\">T \/ T, L \/ C, Assicurazione commerciale, negoziazione della rata per i distributori.<\/p>\n<hr style=\"padding-left: 40px;\" data-start=\"5011\" data-end=\"5014\" \/>\n<h3 style=\"padding-left: 40px;\" data-start=\"5016\" data-end=\"5027\"><strong data-start=\"5020\" data-end=\"5027\">Domande frequenti<\/strong><\/h3>\n<p style=\"padding-left: 40px;\" data-start=\"5028\" data-end=\"5166\"><strong data-start=\"5028\" data-end=\"5071\">Q1: Questo veicolo pu\u00f2 essere utilizzato come taxi?<\/strong><br data-start=\"5071\" data-end=\"5074\" \/>S\u00ec, \u00e8 ampiamente utilizzato come taxi elettrico a tre ruote per il servizio passeggeri a breve distanza.<\/p>\n<p style=\"padding-left: 40px;\" data-start=\"5168\" data-end=\"5294\"><strong data-start=\"5168\" data-end=\"5214\">Q2: Quanto tempo funziona il P302 per carica?<\/strong><br data-start=\"5214\" data-end=\"5217\" \/>Una batteria completamente carica dura \u226560 km a seconda del terreno e delle abitudini di guida.<\/p>\n<p style=\"padding-left: 40px;\" data-start=\"5296\" data-end=\"5459\"><strong data-start=\"5296\" data-end=\"5343\">Q3: Il veicolo \u00e8 adatto per uso familiare?<\/strong><br data-start=\"5343\" data-end=\"5346\" \/>Assolutamente - ha un contenitore a 4 porte, 3 posti a sedere e forti caratteristiche di sicurezza, rendendolo ideale per la mobilit\u00e0 familiare.<\/p>\n<p style=\"padding-left: 40px;\" data-start=\"5461\" data-end=\"5605\"><strong data-start=\"5461\" data-end=\"5502\">Q4: Supporti ordini su misura?<\/strong><br data-start=\"5502\" data-end=\"5505\" \/>S\u00ec, offriamo soluzioni OEM tra cui personalizzazione del logo, colori, aggiornamenti della batteria e accessori.<\/p>","protected":false},"excerpt":{"rendered":"<p>Con una spaziosa custodia a 4 porte e un layout a 3 posti, offre una guida sicura e confortevole sia per famiglie che per operatori di trasporto. Alimentato da un sistema motore da 60V e supportato da batterie da 58Ah ad alta capacit\u00e0, offre un chilometraggio esteso con una frequenza di ricarica ridotta. Ideale per i pendolari quotidiani, i servizi di ritiro passeggeri, la mobilit\u00e0 condivisa e il business di taxi su piccola scala, questo modello porta accessibilit\u00e0, design moderno e reale praticit\u00e0 al mercato della mobilit\u00e0 elettrica.<\/p>","protected":false},"featured_media":4960,"comment_status":"open","ping_status":"closed","template":"","meta":[],"product_brand":[],"product_cat":[78],"product_tag":[],"class_list":{"0":"post-4959","1":"product","2":"type-product","3":"status-publish","4":"has-post-thumbnail","6":"product_cat-electric-tricycle","8":"first","9":"instock","10":"shipping-taxable","11":"product-type-simple"},"_links":{"self":[{"href":"https:\/\/www.tairuiauto.com\/it\/wp-json\/wp\/v2\/product\/4959","targetHints":{"allow":["GET"]}}],"collection":[{"href":"https:\/\/www.tairuiauto.com\/it\/wp-json\/wp\/v2\/product"}],"about":[{"href":"https:\/\/www.tairuiauto.com\/it\/wp-json\/wp\/v2\/types\/product"}],"replies":[{"embeddable":true,"href":"https:\/\/www.tairuiauto.com\/it\/wp-json\/wp\/v2\/comments?post=4959"}],"wp:featuredmedia":[{"embeddable":true,"href":"https:\/\/www.tairuiauto.com\/it\/wp-json\/wp\/v2\/media\/4960"}],"wp:attachment":[{"href":"https:\/\/www.tairuiauto.com\/it\/wp-json\/wp\/v2\/media?parent=4959"}],"wp:term":[{"taxonomy":"product_brand","embeddable":true,"href":"https:\/\/www.tairuiauto.com\/it\/wp-json\/wp\/v2\/product_brand?post=4959"},{"taxonomy":"product_cat","embeddable":true,"href":"https:\/\/www.tairuiauto.com\/it\/wp-json\/wp\/v2\/product_cat?post=4959"},{"taxonomy":"product_tag","embeddable":true,"href":"https:\/\/www.tairuiauto.com\/it\/wp-json\/wp\/v2\/product_tag?post=4959"}],"curies":[{"name":"WP","href":"https:\/\/api.w.org\/{rel}","templated":true}]}}