{"id":5536,"date":"2026-03-03T15:24:32","date_gmt":"2026-03-03T07:24:32","guid":{"rendered":"https:\/\/www.tairuiauto.com\/?post_type=product&#038;p=5536"},"modified":"2026-03-06T13:52:38","modified_gmt":"2026-03-06T05:52:38","slug":"electric-cargo-mini-truck-for-last-mile-transport","status":"publish","type":"product","link":"https:\/\/www.tairuiauto.com\/it\/product\/electric-cargo-mini-truck-for-last-mile-transport\/","title":{"rendered":"Mini camion elettrico per il trasporto Last Mile"},"content":{"rendered":"<h2 style=\"padding-left: 40px;\" data-section-id=\"1vcmjny\" data-start=\"713\" data-end=\"733\">Panoramica del prodotto<\/h2>\n<p style=\"padding-left: 40px;\" data-start=\"734\" data-end=\"1066\">Il V201 <strong>Mini camion carico elettrico<\/strong>\u00a0\u00e8 un pratico <strong>veicolo commerciale leggero elettrico<\/strong> sviluppato per la consegna di merci urbane e la logistica a breve distanza. Combina un sistema di batteria LFP affidabile, un motore PMSM efficiente e <strong>veicolo commerciale compatto<\/strong> corpo di carico. Questo modello \u00e8 adatto per la distribuzione di e-commerce, la consegna alla comunit\u00e0 e il trasporto di piccole imprese.<\/p>\n<table style=\"margin-left: 40px; width: 70.0779%; height: 736px;\" width=\"720\">\n<tbody style=\"padding-left: 40px;\">\n<tr style=\"padding-left: 40px;\">\n<td style=\"padding-left: 40px; width: 41.4465%;\" width=\"265\">Modello<\/td>\n<td style=\"padding-left: 40px; width: 63.4296%;\" width=\"455\">V201\u00a0<strong>Mini camion elettrico per il trasporto Last Mile<\/strong><\/td>\n<\/tr>\n<tr style=\"padding-left: 40px;\">\n<td style=\"padding-left: 40px; width: 41.4465%;\" width=\"265\">Tipo di scatola<\/td>\n<td style=\"padding-left: 40px; width: 63.4296%;\" width=\"455\">Scheda del cancello<\/td>\n<\/tr>\n<tr style=\"padding-left: 40px;\">\n<td style=\"padding-left: 40px; width: 41.4465%;\" width=\"265\">Capacit\u00e0 del contenitore (m\u00b3)<\/td>\n<td style=\"padding-left: 40px; width: 63.4296%;\" width=\"455\">\/<\/td>\n<\/tr>\n<tr style=\"padding-left: 40px;\">\n<td style=\"padding-left: 40px; width: 41.4465%;\" width=\"265\">Capacit\u00e0 di carico nominale (kg)<\/td>\n<td style=\"padding-left: 40px; width: 63.4296%;\" width=\"455\">540<\/td>\n<\/tr>\n<tr style=\"padding-left: 40px;\">\n<td style=\"padding-left: 40px; width: 41.4465%;\" width=\"265\">Dimensioni complessive (mm)<\/td>\n<td style=\"padding-left: 40px; width: 63.4296%;\" width=\"455\">3820*1480*1705<\/td>\n<\/tr>\n<tr style=\"padding-left: 40px;\">\n<td style=\"padding-left: 40px; width: 41.4465%;\" width=\"265\">Peso di bordo (kg)<\/td>\n<td style=\"padding-left: 40px; width: 63.4296%;\" width=\"455\">880<\/td>\n<\/tr>\n<tr style=\"padding-left: 40px;\">\n<td style=\"padding-left: 40px; width: 41.4465%;\" width=\"265\">Dimensioni del contenitore (mm)<\/td>\n<td style=\"padding-left: 40px; width: 63.4296%;\" width=\"455\">2015*1400*320<\/td>\n<\/tr>\n<tr style=\"padding-left: 40px;\">\n<td style=\"padding-left: 40px; width: 41.4465%;\" width=\"265\">Marca di frigorifero\/grado<\/td>\n<td style=\"padding-left: 40px; width: 63.4296%;\" width=\"455\">\/<\/td>\n<\/tr>\n<tr style=\"padding-left: 40px;\">\n<td style=\"padding-left: 40px; width: 41.4465%;\" width=\"265\">NEDC Range (km)<\/td>\n<td style=\"padding-left: 40px; width: 63.4296%;\" width=\"455\">140<\/td>\n<\/tr>\n<tr style=\"padding-left: 40px;\">\n<td style=\"padding-left: 40px; width: 41.4465%;\" width=\"265\">Sedile(i) in Cab<\/td>\n<td style=\"padding-left: 40px; width: 63.4296%;\" width=\"455\">2<\/td>\n<\/tr>\n<tr style=\"padding-left: 40px;\">\n<td style=\"padding-left: 40px; width: 41.4465%;\" width=\"265\">Distanza tra le ruote (mm)<\/td>\n<td style=\"padding-left: 40px; width: 63.4296%;\" width=\"455\">2450<\/td>\n<\/tr>\n<tr style=\"padding-left: 40px;\">\n<td style=\"padding-left: 40px; width: 41.4465%;\" width=\"265\">Masso totale (kg)<\/td>\n<td style=\"padding-left: 40px; width: 63.4296%;\" width=\"455\">1550<\/td>\n<\/tr>\n<tr style=\"padding-left: 40px;\">\n<td style=\"padding-left: 40px; width: 41.4465%;\" width=\"265\">Tempo di ricarica &#8211; Normale (h)<\/td>\n<td style=\"padding-left: 40px; width: 63.4296%;\" width=\"455\">6-8 ore<\/td>\n<\/tr>\n<tr style=\"padding-left: 40px;\">\n<td style=\"padding-left: 40px; width: 41.4465%;\" width=\"265\">Tipo di batteria<\/td>\n<td style=\"padding-left: 40px; width: 63.4296%;\" width=\"455\">LFP<\/td>\n<\/tr>\n<tr style=\"padding-left: 40px;\">\n<td style=\"padding-left: 40px; width: 41.4465%;\" width=\"265\">Potenza del motore &#8211; Nominale (kw)<\/td>\n<td style=\"padding-left: 40px; width: 63.4296%;\" width=\"455\">15<\/td>\n<\/tr>\n<tr style=\"padding-left: 40px;\">\n<td style=\"padding-left: 40px; width: 41.4465%;\" width=\"265\">Torsione massima (N\u00b7m)<\/td>\n<td style=\"padding-left: 40px; width: 63.4296%;\" width=\"455\">130<\/td>\n<\/tr>\n<tr style=\"padding-left: 40px;\">\n<td style=\"padding-left: 40px; width: 41.4465%;\" width=\"265\">Gradabilit\u00e0 (%)<\/td>\n<td style=\"padding-left: 40px; width: 63.4296%;\" width=\"455\">\uff1e10%<\/td>\n<\/tr>\n<tr style=\"padding-left: 40px;\">\n<td style=\"padding-left: 40px; width: 41.4465%;\" width=\"265\">Velocit\u00e0 massima (km\/h)<\/td>\n<td style=\"padding-left: 40px; width: 63.4296%;\" width=\"455\">&gt; 70<\/td>\n<\/tr>\n<tr style=\"padding-left: 40px;\">\n<td style=\"padding-left: 40px; width: 41.4465%;\" width=\"265\">Tipo motore<\/td>\n<td style=\"padding-left: 40px; width: 63.4296%;\" width=\"455\">PMSM<\/td>\n<\/tr>\n<tr style=\"padding-left: 40px;\">\n<td style=\"padding-left: 40px; width: 41.4465%;\" width=\"265\">Tipo di drive<\/td>\n<td style=\"padding-left: 40px; width: 63.4296%;\" width=\"455\">4\u00d72<\/td>\n<\/tr>\n<tr style=\"padding-left: 40px;\">\n<td style=\"padding-left: 40px; width: 41.4465%;\" width=\"265\">Capacit\u00e0 dell'asse anteriore\/posteriore (kg)<\/td>\n<td style=\"padding-left: 40px; width: 63.4296%;\" width=\"455\">450\/425<\/td>\n<\/tr>\n<tr style=\"padding-left: 40px;\">\n<td style=\"padding-left: 40px; width: 41.4465%;\" width=\"265\">Dimensioni pneumatici<\/td>\n<td style=\"padding-left: 40px; width: 63.4296%;\" width=\"455\">145R12 LT 8PR<\/td>\n<\/tr>\n<tr style=\"padding-left: 40px;\">\n<td style=\"padding-left: 40px; width: 41.4465%;\" width=\"265\">Pista anteriore\/posteriore (mm)<\/td>\n<td style=\"padding-left: 40px; width: 63.4296%;\" width=\"455\">1290<\/td>\n<\/tr>\n<tr style=\"padding-left: 40px;\">\n<td style=\"padding-left: 40px; width: 41.4465%;\" width=\"265\">Tipo di freno<\/td>\n<td style=\"padding-left: 40px; width: 63.4296%;\" width=\"455\">Disco\/tamburo (F\/R)<\/td>\n<\/tr>\n<\/tbody>\n<\/table>\n<hr style=\"padding-left: 40px;\" data-start=\"1068\" data-end=\"1071\" \/>\n<h2 style=\"padding-left: 40px;\" data-section-id=\"1ul6dd9\" data-start=\"1073\" data-end=\"1097\">Introduzione del prodotto<\/h2>\n<h3 style=\"padding-left: 40px;\" data-section-id=\"p04koa\" data-start=\"1099\" data-end=\"1134\">Design compatto per strade urbane<\/h3>\n<p style=\"padding-left: 40px;\" data-start=\"1135\" data-end=\"1345\"><strong>Logistica urbana<\/strong> richiedono veicoli piccoli, flessibili e facili da parcheggiare. La sua carrozzeria compatta consente una guida fluida in strade strette e zone residenziali. Con una capacit\u00e0 di carico nominale di 540 kg, pu\u00f2 trasportare prodotti alimentari, pacchi, utensili e beni quotidiani. La distanza tra ruote da 2450 mm migliora la stabilit\u00e0 di guida durante il trasporto.<\/p>\n<p style=\"padding-left: 40px;\" data-start=\"1135\" data-end=\"1345\"><img fetchpriority=\"high\" decoding=\"async\" class=\"aligncenter size-full wp-image-5553\" src=\"https:\/\/www.tairuiauto.com\/wp-content\/uploads\/2026\/03\/17-scaled.jpg\" alt=\"\" width=\"2560\" height=\"1706\" srcset=\"https:\/\/www.tairuiauto.com\/wp-content\/uploads\/2026\/03\/17-scaled.jpg 2560w, https:\/\/www.tairuiauto.com\/wp-content\/uploads\/2026\/03\/17-300x200.jpg 300w, https:\/\/www.tairuiauto.com\/wp-content\/uploads\/2026\/03\/17-1024x682.jpg 1024w, https:\/\/www.tairuiauto.com\/wp-content\/uploads\/2026\/03\/17-768x512.jpg 768w, https:\/\/www.tairuiauto.com\/wp-content\/uploads\/2026\/03\/17-1536x1024.jpg 1536w, https:\/\/www.tairuiauto.com\/wp-content\/uploads\/2026\/03\/17-2048x1365.jpg 2048w, https:\/\/www.tairuiauto.com\/wp-content\/uploads\/2026\/03\/17-18x12.jpg 18w, https:\/\/www.tairuiauto.com\/wp-content\/uploads\/2026\/03\/17-600x400.jpg 600w\" sizes=\"(max-width: 2560px) 100vw, 2560px\" \/> <img decoding=\"async\" class=\"aligncenter size-full wp-image-5550\" src=\"https:\/\/www.tairuiauto.com\/wp-content\/uploads\/2026\/03\/14-scaled.jpg\" alt=\"\" width=\"2560\" height=\"1706\" srcset=\"https:\/\/www.tairuiauto.com\/wp-content\/uploads\/2026\/03\/14-scaled.jpg 2560w, https:\/\/www.tairuiauto.com\/wp-content\/uploads\/2026\/03\/14-300x200.jpg 300w, https:\/\/www.tairuiauto.com\/wp-content\/uploads\/2026\/03\/14-1024x682.jpg 1024w, https:\/\/www.tairuiauto.com\/wp-content\/uploads\/2026\/03\/14-768x512.jpg 768w, https:\/\/www.tairuiauto.com\/wp-content\/uploads\/2026\/03\/14-1536x1024.jpg 1536w, https:\/\/www.tairuiauto.com\/wp-content\/uploads\/2026\/03\/14-2048x1365.jpg 2048w, https:\/\/www.tairuiauto.com\/wp-content\/uploads\/2026\/03\/14-18x12.jpg 18w, https:\/\/www.tairuiauto.com\/wp-content\/uploads\/2026\/03\/14-600x400.jpg 600w\" sizes=\"(max-width: 2560px) 100vw, 2560px\" \/> <img decoding=\"async\" class=\"aligncenter size-full wp-image-5546\" src=\"https:\/\/www.tairuiauto.com\/wp-content\/uploads\/2026\/03\/10-scaled.jpg\" alt=\"\" width=\"2560\" height=\"1707\" srcset=\"https:\/\/www.tairuiauto.com\/wp-content\/uploads\/2026\/03\/10-scaled.jpg 2560w, https:\/\/www.tairuiauto.com\/wp-content\/uploads\/2026\/03\/10-300x200.jpg 300w, https:\/\/www.tairuiauto.com\/wp-content\/uploads\/2026\/03\/10-1024x683.jpg 1024w, https:\/\/www.tairuiauto.com\/wp-content\/uploads\/2026\/03\/10-768x512.jpg 768w, https:\/\/www.tairuiauto.com\/wp-content\/uploads\/2026\/03\/10-1536x1024.jpg 1536w, https:\/\/www.tairuiauto.com\/wp-content\/uploads\/2026\/03\/10-2048x1365.jpg 2048w, https:\/\/www.tairuiauto.com\/wp-content\/uploads\/2026\/03\/10-18x12.jpg 18w, https:\/\/www.tairuiauto.com\/wp-content\/uploads\/2026\/03\/10-600x400.jpg 600w\" sizes=\"(max-width: 2560px) 100vw, 2560px\" \/><\/p>\n<hr style=\"padding-left: 40px;\" data-start=\"1565\" data-end=\"1568\" \/>\n<h3 style=\"padding-left: 40px;\" data-section-id=\"znljl1\" data-start=\"1570\" data-end=\"1606\">Sistema di alimentazione elettrica efficiente<\/h3>\n<p style=\"padding-left: 40px;\" data-start=\"1774\" data-end=\"1989\">La batteria LFP fornisce un raggio NEDC di 140 km. Questa gamma soddisfa le esigenze delle rotte di consegna urbane quotidiane. Il tempo di ricarica in condizioni normali \u00e8 di 6-8 ore, che consente la ricarica durante la notte per il funzionamento della flotta.<\/p>\n<p style=\"padding-left: 40px;\" data-start=\"1991\" data-end=\"2195\">Rispetto ai veicoli a carburante tradizionali, questo sistema elettrico riduce il costo del carburante e le spese di manutenzione. Inoltre produce zero emissioni di scarico, che \u00e8 adatto per le citt\u00e0 con politiche ambientali.<\/p>\n<hr style=\"padding-left: 40px;\" data-start=\"2701\" data-end=\"2704\" \/>\n<h3 style=\"padding-left: 40px;\" data-section-id=\"lffo0m\" data-start=\"2706\" data-end=\"2745\">Adatto per applicazioni multiple<\/h3>\n<p style=\"padding-left: 40px;\" data-start=\"2746\" data-end=\"2981\">Il V201 <strong>Mini camion elettrico per il trasporto Last Mile<\/strong> pu\u00f2 servire come trasportatore di carico standard o essere adattato come veicolo su misura per compiti di servizio e consegna. \u00c8 ampiamente utilizzato per la consegna del supermercato, il servizio comunitario, il trasporto di manutenzione e la distribuzione di e-commerce.<\/p>\n<hr style=\"padding-left: 40px;\" data-start=\"2983\" data-end=\"2986\" \/>\n<h2 style=\"padding-left: 40px;\" data-section-id=\"n05bjp\" data-start=\"2988\" data-end=\"3004\">Benefici principali<\/h2>\n<h3 style=\"padding-left: 40px;\" data-start=\"3006\" data-end=\"3203\">Caratteristica.<\/h3>\n<p style=\"padding-left: 40px;\" data-start=\"3006\" data-end=\"3203\">Batteria LFP e motore PMSM<\/p>\n<h3 style=\"padding-left: 40px;\" data-start=\"3006\" data-end=\"3203\">Vantaggio.<\/h3>\n<p style=\"padding-left: 40px;\" data-start=\"3006\" data-end=\"3203\">Potenza stabile e bassi costi operativi<\/p>\n<h3 style=\"padding-left: 40px;\" data-start=\"3006\" data-end=\"3203\">Beneficio.<\/h3>\n<p style=\"padding-left: 40px;\" data-start=\"3006\" data-end=\"3203\">Consegna giornaliera efficiente con emissioni zero<\/p>\n<h3 style=\"padding-left: 40px;\" data-start=\"3006\" data-end=\"3203\">Le prove.<\/h3>\n<p style=\"padding-left: 40px;\" data-start=\"3006\" data-end=\"3203\">Range di 140 km e capacit\u00e0 di carico nominale di 540 kg<\/p>\n<hr style=\"padding-left: 40px;\" data-start=\"3361\" data-end=\"3364\" \/>\n<h2 style=\"padding-left: 40px;\" data-section-id=\"j0uo\" data-start=\"3366\" data-end=\"3373\">Domande frequenti<\/h2>\n<p style=\"padding-left: 40px;\" data-start=\"3375\" data-end=\"3494\"><strong>Q1. Questo veicolo \u00e8 adatto per la consegna in citt\u00e0?<\/strong><\/p>\n<p style=\"padding-left: 40px;\" data-start=\"3375\" data-end=\"3494\">- S\u00ec. - S\u00ec. Le sue dimensioni compatte e il suo sistema elettrico sono ideali per le strade urbane.<\/p>\n<p style=\"padding-left: 40px;\" data-start=\"3496\" data-end=\"3573\"><strong>Q2. Quanto tempo ci vuole per caricare?<\/strong><\/p>\n<p style=\"padding-left: 40px;\" data-start=\"3496\" data-end=\"3573\">Il tempo di ricarica normale \u00e8 da 6 a 8 ore.<\/p>\n<p style=\"padding-left: 40px;\" data-start=\"3575\" data-end=\"3634\"><strong>Q3. Qual \u00e8 la gamma di guida?<\/strong><\/p>\n<p style=\"padding-left: 40px;\" data-start=\"3575\" data-end=\"3634\">Il raggio NEDC \u00e8 di 140 km.<\/p>\n<p style=\"padding-left: 40px;\" data-start=\"3636\" data-end=\"3741\" data-is-last-node=\"\" data-is-only-node=\"\"><strong>Q4. Pu\u00f2 essere personalizzato?<\/strong><\/p>\n<p style=\"padding-left: 40px;\" data-start=\"3636\" data-end=\"3741\" data-is-last-node=\"\" data-is-only-node=\"\">- S\u00ec. - S\u00ec. Pu\u00f2 essere sviluppato come veicolo personalizzato per diverse esigenze di consegna.<\/p>","protected":false},"excerpt":{"rendered":"<p data-start=\"180\" data-end=\"477\">Un veicolo commerciale elettrico leggero compatto con carico utile di 540 kg e autonomia di 140 km. Progettato per la consegna in citt\u00e0 e il trasporto di piccoli carichi. Offre guida a zero emissioni, bassi costi operativi e facile ricarica per l'uso logistico quotidiano.<\/p>","protected":false},"featured_media":5555,"comment_status":"open","ping_status":"closed","template":"","meta":[],"product_brand":[],"product_cat":[77],"product_tag":[],"class_list":{"0":"post-5536","1":"product","2":"type-product","3":"status-publish","4":"has-post-thumbnail","6":"product_cat-electric-micro-vehicle","8":"first","9":"instock","10":"shipping-taxable","11":"product-type-simple"},"_links":{"self":[{"href":"https:\/\/www.tairuiauto.com\/it\/wp-json\/wp\/v2\/product\/5536","targetHints":{"allow":["GET"]}}],"collection":[{"href":"https:\/\/www.tairuiauto.com\/it\/wp-json\/wp\/v2\/product"}],"about":[{"href":"https:\/\/www.tairuiauto.com\/it\/wp-json\/wp\/v2\/types\/product"}],"replies":[{"embeddable":true,"href":"https:\/\/www.tairuiauto.com\/it\/wp-json\/wp\/v2\/comments?post=5536"}],"wp:featuredmedia":[{"embeddable":true,"href":"https:\/\/www.tairuiauto.com\/it\/wp-json\/wp\/v2\/media\/5555"}],"wp:attachment":[{"href":"https:\/\/www.tairuiauto.com\/it\/wp-json\/wp\/v2\/media?parent=5536"}],"wp:term":[{"taxonomy":"product_brand","embeddable":true,"href":"https:\/\/www.tairuiauto.com\/it\/wp-json\/wp\/v2\/product_brand?post=5536"},{"taxonomy":"product_cat","embeddable":true,"href":"https:\/\/www.tairuiauto.com\/it\/wp-json\/wp\/v2\/product_cat?post=5536"},{"taxonomy":"product_tag","embeddable":true,"href":"https:\/\/www.tairuiauto.com\/it\/wp-json\/wp\/v2\/product_tag?post=5536"}],"curies":[{"name":"WP","href":"https:\/\/api.w.org\/{rel}","templated":true}]}}