{"id":4006,"date":"2025-10-14T09:45:44","date_gmt":"2025-10-14T01:45:44","guid":{"rendered":"https:\/\/www.tairuiauto.com\/?post_type=product&#038;p=4006"},"modified":"2025-10-14T09:09:49","modified_gmt":"2025-10-14T01:09:49","slug":"semi-open-passenger-electric-tricycle","status":"publish","type":"product","link":"https:\/\/www.tairuiauto.com\/ko\/product\/semi-open-passenger-electric-tricycle\/","title":{"rendered":"\ubc18\uac1c\ubc29 \uc2b9\uac1d \uc804\uae30 \uc0bc\uc790\uc804\uac70"},"content":{"rendered":"<h3 data-start=\"156\" data-end=\"181\">\uc81c\ud488 \uc124\uba85<\/h3>\n<p data-start=\"182\" data-end=\"694\">A \ub85c \uc0ac\uc6a9\ub418\ub294 \uacbd\uc6b0 <strong data-start=\"527\" data-end=\"562\">\ubc30\ud130\ub9ac \uc804\uc6d0 \uc2b9\uac1d \ud2b8\ub77c\uc774\ud06c<\/strong>A <strong data-start=\"566\" data-end=\"588\">33333333333333333333333333333333333333333333<\/strong>\ub610\ub294 a <strong data-start=\"595\" data-end=\"624\">\ub808\uc800 \uad50\ud1b5 \ucc28\ub7c9<\/strong>\uc2a4\ud0c0\uc77c\uacfc \ud3b8\uc548\ud568\uc73c\ub85c \ub9e4\uc77c \uc774\ub3d9\uc131 \uc694\uad6c\ub97c \ucda9\uc871\uc2dc\ud0a4\uae30 \uc704\ud574 \ub9cc\ub4e4\uc5b4\uc84c\uc2b5\ub2c8\ub2e4.<\/p>\n<table style=\"border-collapse: collapse; width: 61.7862%; height: 529px;\" border=\"0\" width=\"673\" cellspacing=\"0\" cellpadding=\"0\">\n<tbody>\n<tr style=\"height: 20.00pt;\">\n<td class=\"et3\" style=\"height: 20pt; width: 45.9662%;\" width=\"347\" height=\"33\">\ubaa8\ub378<\/td>\n<td class=\"et3\" style=\"width: 53.8462%;\" width=\"326\">\ub808\uc800 \uc2a4\ud0c0\uc77c \ubc18 \uc5f4\ub9b0 \uc2b9\uac1d \uc804\uae30 \uc0bc\uc790\uc804\uac70<\/td>\n<\/tr>\n<tr style=\"height: 20.00pt;\">\n<td class=\"et4\" style=\"height: 20pt; width: 45.9662%;\" width=\"347\" height=\"33\">\ubaa8\ud130<\/td>\n<td class=\"et4\" style=\"width: 53.8462%;\" width=\"326\">60\/72V650W<\/td>\n<\/tr>\n<tr style=\"height: 20.00pt;\">\n<td class=\"et4\" style=\"height: 20pt; width: 45.9662%;\" width=\"347\" height=\"33\">\ucee8\ud2b8\ub864\ub7ec<\/td>\n<td class=\"et4\" style=\"width: 53.8462%;\" width=\"326\">15 \uad00<\/td>\n<\/tr>\n<tr style=\"height: 20.00pt;\">\n<td class=\"et4\" style=\"height: 20pt; width: 45.9662%;\" width=\"347\" height=\"33\">\uc801\uc7ac \uc6a9\ub7c9<\/td>\n<td class=\"et4\" style=\"width: 53.8462%;\" width=\"326\">&lt; = 500KG<\/td>\n<\/tr>\n<tr style=\"height: 20.00pt;\">\n<td class=\"et4\" style=\"height: 20pt; width: 45.9662%;\" width=\"347\" height=\"33\">\uc804\ubc18\uc801\uc778 \ucc28\uc6d0<\/td>\n<td class=\"et4\" style=\"width: 53.8462%;\" width=\"326\">1950 * 850 * 1650mm<\/td>\n<\/tr>\n<tr style=\"height: 20.00pt;\">\n<td class=\"et4\" style=\"height: 20pt; width: 45.9662%;\" width=\"347\" height=\"33\">\ube0c\ub808\uc774\ud06c \uc2dc\uc2a4\ud15c<\/td>\n<td class=\"et4\" style=\"width: 53.8462%;\" width=\"326\">\uc804\uba74 \ub4dc\ub7fc\/\ud6c4\ubc29 \ub4dc\ub7fc<\/td>\n<\/tr>\n<tr style=\"height: 27.00pt;\">\n<td class=\"et4\" style=\"height: 27pt; width: 45.9662%;\" width=\"347\" height=\"45\">\ub4f1\ubc18 \ub2a5\ub825<\/td>\n<td class=\"et4\" style=\"width: 53.8462%;\" width=\"326\">\u226425\u00b0<\/td>\n<\/tr>\n<tr style=\"height: 20.00pt;\">\n<td class=\"et4\" style=\"height: 20pt; width: 45.9662%;\" width=\"347\" height=\"33\">\uc804\uba74\/\ud6c4\ubc29 \ud0c0\uc774\uc5b4<\/td>\n<td class=\"et4\" style=\"width: 53.8462%;\" width=\"326\">3.00-8<\/td>\n<\/tr>\n<tr style=\"height: 20.00pt;\">\n<td class=\"et4\" style=\"height: 20pt; width: 45.9662%;\" width=\"347\" height=\"33\">\ucd5c\ub300 \uc18d\ub3c4 KM\/H<\/td>\n<td class=\"et4\" style=\"width: 53.8462%;\" width=\"326\">30-35KM\/H<\/td>\n<\/tr>\n<tr style=\"height: 20.00pt;\">\n<td class=\"et4\" style=\"height: 20pt; width: 45.9662%;\" width=\"347\" height=\"33\">\ubc30\ud130\ub9ac<\/td>\n<td class=\"et4\" style=\"width: 53.8462%;\" width=\"326\">48V32Ah \ub0a9\uc0b0 \ub610\ub294 \ubb3c \ud65c\uc131\ud654\ub41c \uac74\uc804\uc9c0<\/td>\n<\/tr>\n<tr style=\"height: 20.00pt;\">\n<td class=\"et4\" style=\"height: 20pt; width: 45.9662%;\" width=\"347\" height=\"33\">\ucda9\uc804 \uc2dc\uac04<\/td>\n<td class=\"et4\" style=\"width: 53.8462%;\" width=\"326\">6-10H<\/td>\n<\/tr>\n<tr style=\"height: 20.00pt;\">\n<td class=\"et4\" style=\"height: 20pt; width: 45.9662%;\" width=\"347\" height=\"33\">\ucda9\uc804\/KM \ub2f9 \ubc94\uc704<\/td>\n<td class=\"et4\" style=\"width: 53.8462%;\" width=\"326\">40-60KM<\/td>\n<\/tr>\n<tr style=\"height: 20.00pt;\">\n<td class=\"et4\" style=\"height: 20pt; width: 45.9662%;\" width=\"347\" height=\"33\">\uc0c9\uc0c1 \uc120\ud0dd<\/td>\n<td class=\"et4\" style=\"width: 53.8462%;\" width=\"326\">\uc8fc\ubb38\uc744 \ubc1b\uc544\uc11c \ub9cc\ub4e4\uc5b4\uc9c4<\/td>\n<\/tr>\n<tr style=\"height: 20.00pt;\">\n<td class=\"et4\" style=\"height: 20pt; width: 45.9662%;\" width=\"347\" height=\"33\">\ucee8\ud14c\uc774\ub108 \uc6a9\ub7c9<\/td>\n<td class=\"et4\" style=\"width: 53.8462%;\" width=\"326\">CKD: 108pcs\/40HQ<\/td>\n<\/tr>\n<tr style=\"height: 20.00pt;\">\n<td class=\"et4\" style=\"height: 20pt; width: 45.9662%;\" width=\"347\" height=\"33\">\ud328\ud0a4\uc9c0 \ud06c\uae30<\/td>\n<td class=\"et4\" style=\"width: 53.8462%;\" width=\"326\">200cm * 100cm * 170cm<\/td>\n<\/tr>\n<tr style=\"height: 20.00pt;\">\n<td class=\"et4\" style=\"height: 20pt; width: 45.9662%;\" width=\"347\" height=\"33\">\ud3ec\uc7a5 \ucd1d\ubb34\uac8c<\/td>\n<td class=\"et4\" style=\"width: 53.8462%;\" width=\"326\">100kg\uc758<\/td>\n<\/tr>\n<\/tbody>\n<\/table>\n<hr data-start=\"696\" data-end=\"699\" \/>\n<h3 data-start=\"701\" data-end=\"732\">\uc8fc\uc694 \ud2b9\uc9d5 &amp;\uc774\uc810<\/h3>\n<p>&nbsp;<\/p>\n<p data-start=\"734\" data-end=\"759\"><strong data-start=\"734\" data-end=\"757\">\ud310\ub9e4 \ud3ec\uc778\ud2b8\u00a0<\/strong><\/p>\n<ol data-start=\"760\" data-end=\"1520\">\n<li data-start=\"760\" data-end=\"956\">\n<p data-start=\"763\" data-end=\"956\"><strong data-start=\"763\" data-end=\"789\">\ud658\uacbd \uce5c\ud654\uc801 \uc778 \uc774\ub3d9\uc131:<\/strong> 15 \ud29c\ube0c \ucee8\ud2b8\ub864\ub7ec\uac00 \uc788\ub294 60\/72V650W \ubaa8\ud130\ub85c \uad6c\ub3d9\ub418\ub294 \uc804\uae30 \uc2b9\uac1d \uc0bc\uc790\uc804\uac70\ub294 \uc77c\uad00\ub41c \uc131\ub2a5\uc744 \uc81c\uacf5\ud558\uba74\uc11c \ubc30\ucd9c\ub7c9\uacfc \uc5f0\ub8cc \ube44\uc6a9\uc744 \ucd5c\uc18c\ud654\ud569\ub2c8\ub2e4.<\/p>\n<\/li>\n<li data-start=\"957\" data-end=\"1128\">\n<p data-start=\"960\" data-end=\"1128\"><strong data-start=\"960\" data-end=\"982\">\uc2b9\uac1d \ud3b8\uc758:<\/strong> \uc778\uccb4\uacf5\ud559\uc801 \uc778 \uc88c\uc11d\uacfc \ud48d\ubd80\ud55c \ub2e4\ub9ac \uacf5\uac04\uc73c\ub85c \uc124\uacc4\ub41c \uc774 <strong data-start=\"1037\" data-end=\"1059\">33333333333333333333333333333333333333333333<\/strong> \ucd5c\ub300 500KG \ubd80\ud558 \uc6a9\ub7c9\uc744 \uc704\ud55c \uc548\uc804\ud558\uace0 \ud3b8\uc548\ud55c \ud0c0\uae30\ub97c \ubcf4\uc7a5\ud569\ub2c8\ub2e4.<\/p>\n<\/li>\n<li data-start=\"1129\" data-end=\"1354\">\n<p data-start=\"1132\" data-end=\"1354\"><strong data-start=\"1132\" data-end=\"1162\">\ub2e4\uc591\ud55c \uc0ac\uc6a9\uc5d0 \uc801\uc751\ud560 \uc218 \uc788\uc2b5\ub2c8\ub2e4:<\/strong> Whether serving as a <strong data-start=\"1184\" data-end=\"1211\">\ubc30\ud130\ub9ac \uc2b9\uac1d \ud2b8\ub77c\uc774\ud06c<\/strong> \uac00\uc871, \ub2e8\uac70\ub9ac <strong data-start=\"1243\" data-end=\"1272\">\ub808\uc800 \uad50\ud1b5 \ucc28\ub7c9<\/strong>\ub610\ub294 \ub77c\uc774\ub4dc \uacf5\uc720 \ud568\ub300\uc758 \uc77c\ubd80\ub85c\uc11c \uc5ec\ub7ec \uc751\uc6a9 \ud504\ub85c\uadf8\ub7a8\uc5d0 \uc27d\uac8c \uc801\uc751\ud569\ub2c8\ub2e4.<\/p>\n<\/li>\n<li data-start=\"1355\" data-end=\"1520\">\n<p data-start=\"1358\" data-end=\"1520\"><strong data-start=\"1358\" data-end=\"1380\">\uc5d0\ub108\uc9c0 \ud6a8\uc728\uc131:<\/strong> \ub0b4\uad6c\uc131 \uc788\ub294 48V32Ah \ub0b4\ub0b4\ub0b4\uad6c\uc131 \ub0b4\ub0b4\ub0b4\uad6c\uc131 48V32Ah \ub0b4\ub0b4\uad6c\uc131 \ubc30\ud130\ub9ac\ub294 \ucda9\uc804 \ub2f9 40-60km \ubc94\uc704\ub97c \ubcf4\uc7a5\ud558\uc5ec \ud6a8\uc728\uc801\uc778 \uc804\uae30 \ub808\uc800 \ucc28\ub7c9\uc73c\ub85c \ub9cc\ub4ed\ub2c8\ub2e4.<\/p>\n<\/li>\n<\/ol>\n<p data-start=\"1522\" data-end=\"1559\">\u00a0 \u00a0 \u00a0 <img fetchpriority=\"high\" decoding=\"async\" class=\"alignnone size-medium wp-image-4014\" src=\"https:\/\/www.tairuiauto.com\/wp-content\/uploads\/2025\/10\/fc8570b1-6078-41bb-9934-82b3cfb9c2e3-300x300.webp\" alt=\"\" width=\"300\" height=\"300\" srcset=\"\" sizes=\"(max-width: 300px) 100vw, 300px\" data-srcset=\"\" \/>\u00a0 \u00a0 \u00a0 \u00a0 \u00a0\u00a0 <img decoding=\"async\" class=\"alignnone size-medium wp-image-4012\" src=\"https:\/\/www.tairuiauto.com\/wp-content\/uploads\/2025\/10\/29678edb-d419-46cf-8bb2-fe2005148c96-300x300.webp\" alt=\"\" width=\"300\" height=\"300\" srcset=\"https:\/\/www.tairuiauto.com\/wp-content\/uploads\/2025\/10\/29678edb-d419-46cf-8bb2-fe2005148c96-300x300.webp 300w, https:\/\/www.tairuiauto.com\/wp-content\/uploads\/2025\/10\/29678edb-d419-46cf-8bb2-fe2005148c96-1024x1024.webp 1024w, https:\/\/www.tairuiauto.com\/wp-content\/uploads\/2025\/10\/29678edb-d419-46cf-8bb2-fe2005148c96-150x150.webp 150w, https:\/\/www.tairuiauto.com\/wp-content\/uploads\/2025\/10\/29678edb-d419-46cf-8bb2-fe2005148c96-768x768.webp 768w, https:\/\/www.tairuiauto.com\/wp-content\/uploads\/2025\/10\/29678edb-d419-46cf-8bb2-fe2005148c96-12x12.webp 12w, https:\/\/www.tairuiauto.com\/wp-content\/uploads\/2025\/10\/29678edb-d419-46cf-8bb2-fe2005148c96-600x600.webp 600w, https:\/\/www.tairuiauto.com\/wp-content\/uploads\/2025\/10\/29678edb-d419-46cf-8bb2-fe2005148c96-100x100.webp 100w, https:\/\/www.tairuiauto.com\/wp-content\/uploads\/2025\/10\/29678edb-d419-46cf-8bb2-fe2005148c96.webp 1300w\" sizes=\"(max-width: 300px) 100vw, 300px\" \/>\u00a0 \u00a0 \u00a0 \u00a0 \u00a0 \u00a0<img decoding=\"async\" class=\"alignnone size-medium wp-image-4010\" src=\"https:\/\/www.tairuiauto.com\/wp-content\/uploads\/2025\/10\/55fe9974-5809-40b0-920a-555de82d4dcf-300x300.webp\" alt=\"\" width=\"300\" height=\"300\" srcset=\"https:\/\/www.tairuiauto.com\/wp-content\/uploads\/2025\/10\/55fe9974-5809-40b0-920a-555de82d4dcf-300x300.webp 300w, https:\/\/www.tairuiauto.com\/wp-content\/uploads\/2025\/10\/55fe9974-5809-40b0-920a-555de82d4dcf-1024x1024.webp 1024w, https:\/\/www.tairuiauto.com\/wp-content\/uploads\/2025\/10\/55fe9974-5809-40b0-920a-555de82d4dcf-150x150.webp 150w, https:\/\/www.tairuiauto.com\/wp-content\/uploads\/2025\/10\/55fe9974-5809-40b0-920a-555de82d4dcf-768x768.webp 768w, https:\/\/www.tairuiauto.com\/wp-content\/uploads\/2025\/10\/55fe9974-5809-40b0-920a-555de82d4dcf-12x12.webp 12w, https:\/\/www.tairuiauto.com\/wp-content\/uploads\/2025\/10\/55fe9974-5809-40b0-920a-555de82d4dcf-600x600.webp 600w, https:\/\/www.tairuiauto.com\/wp-content\/uploads\/2025\/10\/55fe9974-5809-40b0-920a-555de82d4dcf-100x100.webp 100w, https:\/\/www.tairuiauto.com\/wp-content\/uploads\/2025\/10\/55fe9974-5809-40b0-920a-555de82d4dcf.webp 1300w\" sizes=\"(max-width: 300px) 100vw, 300px\" \/><\/p>\n<p data-start=\"1522\" data-end=\"1559\"><strong data-start=\"1522\" data-end=\"1557\">\ucc28\ubcc4\ud654 \uc774\uc810\u00a0<\/strong><\/p>\n<ol data-start=\"1560\" data-end=\"2139\">\n<li data-start=\"1560\" data-end=\"1689\">\n<p data-start=\"1563\" data-end=\"1689\"><strong data-start=\"1563\" data-end=\"1582\">\uc18c\ud615 \ub514\uc790\uc778:<\/strong> \ub354 \uc791\uc740 \ud06c\uae30 (1950\u00d7850\u00d71650mm)\ub294 \ub354 \ub354 \ub354 \ub354 \ub354 \ub354 \ub354 \ub354 \ub354 \uc791\uc740 \ud06c\uae30(1950\u00d7850\u00d7850\u00d71650mm)\ub97c \ud1b5\ud574 \ub354 \ub354 \ub354 \ub354 \ub354 \ub354 \ub354 \ub354 \ub354 \ub354 \ub354 \uc791\uc740 \ud06c\uae30\uac00 \uc791\uc740 \ud06c\uae30(1950\u00d7850<\/p>\n<\/li>\n<li data-start=\"1690\" data-end=\"1815\">\n<p data-start=\"1693\" data-end=\"1815\"><strong data-start=\"1693\" data-end=\"1720\">\uc2e0\ub8b0\ud560 \uc218 \uc788\ub294 \uc548\uc804 \uc2dc\uc2a4\ud15c:<\/strong> \uc804\uba74 \ubc0f \ud6c4\ubc29 \ub4dc\ub7fc \ube0c\ub808\uc774\ud06c\uac00 \uc7a5\ucc29\ub418\uc5b4 \uc788\uc73c\uba70, \ucd5c\ub300 25\u00b0\uc758 \uacbd\ub85c\uc5d0\uc11c\ub3c4 \ubd80\ub4dc\ub7ec\uc6b4 \uc815\uc9c0\ub97c \ubcf4\uc7a5\ud569\ub2c8\ub2e4.<\/p>\n<\/li>\n<li data-start=\"1816\" data-end=\"1999\">\n<p data-start=\"1819\" data-end=\"1999\"><strong data-start=\"1819\" data-end=\"1849\">\ube44\uc6a9 \ud6a8\uc728\uc801\uc778 \ud22c\uc790:<\/strong> \uacbd\uc7c1\ub825 \uc788\ub294 \uac00\uaca9, \ub0ae\uc740 \uc720\uc9c0 \ubcf4\uc218 \ubc0f \ub0b4\uad6c\uc131 \uc774 <strong data-start=\"1923\" data-end=\"1951\">\uc804\uae30 \ub808\uc800 \ucc28\ub7c9<\/strong> \uc6b4\uc1a1 \uc0ac\uc5c5\uc5d0 \ub300\ud55c \uc218\uc775\uc131\uc774 \ub192\uc740 \uc120\ud0dd\uc785\ub2c8\ub2e4.<\/p>\n<\/li>\n<li data-start=\"2000\" data-end=\"2139\">\n<p data-start=\"2003\" data-end=\"2139\"><strong data-start=\"2003\" data-end=\"2028\">\ub192\uc740 \uc218\ucd9c \ub2a5\ub825:<\/strong> 108pcs\/40HQ\uc758 CKD \ucee8\ud14c\uc774\ub108 \uc6a9\ub7c9\uc73c\ub85c, B2B \uace0\uac1d\uc744 \uc704\ud55c \ub300\ub7c9 \uc8fc\ubb38 \ubc0f \uae00\ub85c\ubc8c \uc720\ud1b5\uc744 \uc9c0\uc6d0\ud569\ub2c8\ub2e4.<\/p>\n<\/li>\n<\/ol>\n<hr data-start=\"2772\" data-end=\"2775\" \/>\n<h3 data-start=\"2777\" data-end=\"2803\">\uae30\uc220\uc801\uc778 \ub9e4\uac1c \ubcc0\uc218<\/h3>\n<ul data-start=\"2804\" data-end=\"3021\">\n<li data-start=\"2804\" data-end=\"2841\">\n<p data-start=\"2806\" data-end=\"2841\">\uc804\ub825 \uc2dc\uc2a4\ud15c: 650W \uc804\uae30 \ubaa8\ud130<\/p>\n<\/li>\n<li data-start=\"2842\" data-end=\"2864\">\n<p data-start=\"2844\" data-end=\"2864\">\uc804\uc555: 60V\/72V<\/p>\n<\/li>\n<li data-start=\"2865\" data-end=\"2913\">\n<p data-start=\"2867\" data-end=\"2913\">\ubc30\ud130\ub9ac \uc635\uc158: \ubc30\ud130\uc0b0\/\ubb3c \ud65c\uc131\ud654<\/p>\n<\/li>\n<li data-start=\"2914\" data-end=\"2939\">\n<p data-start=\"2916\" data-end=\"2939\">\ucda9\uc804 \uc8fc\uae30: 6-10h<\/p>\n<\/li>\n<li data-start=\"2940\" data-end=\"2971\">\n<p data-start=\"2942\" data-end=\"2971\">\ucda9\uc804 \ub2f9 \ub9c8\uc77c\ub9ac\uc9c0: 40-60km<\/p>\n<\/li>\n<li data-start=\"2972\" data-end=\"2999\">\n<p data-start=\"2974\" data-end=\"2999\">\ucd5c\ub300 \ub4f1\ubc18 \uac01\ub3c4: 25\u00b0<\/p>\n<\/li>\n<li data-start=\"3000\" data-end=\"3021\">\n<p data-start=\"3002\" data-end=\"3021\">\ucd5c\uace0 \uc18d\ub3c4: 35km\/h<\/p>\n<\/li>\n<\/ul>\n<hr data-start=\"3023\" data-end=\"3026\" \/>\n<h3 data-start=\"3028\" data-end=\"3042\">\uc7ac\ub8cc<\/h3>\n<ul data-start=\"3043\" data-end=\"3213\">\n<li data-start=\"3043\" data-end=\"3088\">\n<p data-start=\"3045\" data-end=\"3088\"><strong data-start=\"3045\" data-end=\"3055\">\ud504\ub808\uc784:<\/strong> \uac15\ud654\ub41c \uace0\uac15\ub3c4 \uac15\ucca0<\/p>\n<\/li>\n<li data-start=\"3089\" data-end=\"3131\">\n<p data-start=\"3091\" data-end=\"3131\"><strong data-start=\"3091\" data-end=\"3101\">\ud0c0\uc774\uc5b4:<\/strong> \ub0b4\uad6c\uc131 \uace0\ubb34, \ud06c\uae30 3.00-8<\/p>\n<\/li>\n<li data-start=\"3132\" data-end=\"3213\">\n<p data-start=\"3134\" data-end=\"3213\"><strong data-start=\"3134\" data-end=\"3150\">\ubab8 \ud328\ub110:<\/strong> \uc0ac\uc6a9\uc790 \uc815\uc758 \uac00\ub2a5\ud55c \ud398\uc778\ud2b8 \uc635\uc158\uacfc \ud568\uaed8 \uc8fc\uc8fc\uc5f0\uc131 \ucc98\ub9ac\ub41c \uac15\ucca0<\/p>\n<\/li>\n<\/ul>\n<hr data-start=\"3215\" data-end=\"3218\" \/>\n<h3 data-start=\"3220\" data-end=\"3236\">\uc678\uad00<\/h3>\n<p data-start=\"3237\" data-end=\"3436\">\uace1\uc120\ub41c \uce74\ub178\ud53c \uc9c0\uc625, \uacbd\ub7c9 \uc0e4\uc2dc\uc640 \ud604\ub300\uc801\uc778 \uc678\ubd80 \ub514\uc790\uc778\uc73c\ub85c \uac04\uc18c\ud654\ub41c \ubc14\ub514\ub294 \ud2b8\ub77c\uc774\ud06c\ub97c \uc138\ub828\ub418\uc9c0\ub9cc \uae30\ub2a5\uc801\uc73c\ub85c \ub9cc\ub4ed\ub2c8\ub2e4.\uc18c\ud615 \ud06c\uae30\ub294 \uc18c\uc18c\uc18c\uc18c\uc18c\ud615 \ub3c4\uc2dc\uc9c0\uc5ed\uc5d0\uc11c \uc18c\uc18c\uc18c\ud615 \ud06c\uae30\ub97c \uac00\uc9c4 \ub3c4\uc2dc\uc9c0\uc5ed\uc5d0\uc11c \uc27d\uac8c \ud0d0\uc0c9\ud560 \uc218 \uc788\uc2b5\ub2c8\ub2e4.<\/p>\n<hr data-start=\"3438\" data-end=\"3441\" \/>\n<h3 data-start=\"3443\" data-end=\"3455\">\ub514\uc790\uc778<\/h3>\n<p data-start=\"3456\" data-end=\"3622\">\uc548\uc804 \uc911\uc2ec\uc758 \ube0c\ub808\uc774\ud06c \uc2dc\uc2a4\ud15c, \uc2b9\uac1d\uc744 \uc704\ud55c \uc778\uccb4\uacf5\ud559\uc801 \uc88c\uc11d, \ub0a0\uce74\ub85c\uc6b4 \ud68c\uc804\uc774\ub098 \uacbd\ub85c\uc5d0\uc11c \uc548\uc815\uc131\uc744 \uc704\ud574 \ucd5c\uc801\ud654\ub41c \ubb34\uac8c \ubd84\ubc30\ub97c \uac16\ucd98 \uc778\uac04 \uc911\uc2ec\uc758 \ub514\uc790\uc778.<\/p>\n<hr data-start=\"3624\" data-end=\"3627\" \/>\n<h3 data-start=\"3629\" data-end=\"3652\">OEM \uc0ac\uc6a9\uc790 \uc815\uc758<\/h3>\n<ul data-start=\"3653\" data-end=\"3794\">\n<li data-start=\"3653\" data-end=\"3691\">\n<p data-start=\"3655\" data-end=\"3691\">\ubaa8\ud130 \uc804\ub825 \ubc0f \ucee8\ud2b8\ub864\ub7ec \uc635\uc158<\/p>\n<\/li>\n<li data-start=\"3692\" data-end=\"3721\">\n<p data-start=\"3694\" data-end=\"3721\">\ubc30\ud130\ub9ac \uc720\ud615 \ubc0f \uc6a9\ub7c9<\/p>\n<\/li>\n<li data-start=\"3722\" data-end=\"3756\">\n<p data-start=\"3724\" data-end=\"3756\">\ubc14\ub514 \uceec\ub7ec \ubc0f \ube0c\ub79c\ub529 \ub514\uce7c<\/p>\n<\/li>\n<li data-start=\"3757\" data-end=\"3794\">\n<p data-start=\"3759\" data-end=\"3794\">\uc88c\uc11d \ubc30\uce58 \ubc0f \uce74\ub178\ud53c \uc2a4\ud0c0\uc77c<\/p>\n<\/li>\n<\/ul>\n<hr data-start=\"3796\" data-end=\"3799\" \/>\n<h3 data-start=\"3801\" data-end=\"3822\">\ud488\uc9c8 \uad00\ub9ac<\/h3>\n<p data-start=\"3823\" data-end=\"4013\">\ubaa8\ub4e0 \uc0bc\uc790\uc804\uac70\ub294 \uc6a9\uc811 \ubc0f \ud398\uc778\ud305\uc5d0\uc11c \ubc30\ud130\ub9ac \ud14c\uc2a4\ud2b8\uae4c\uc9c0 \uc5c4\uaca9\ud55c \uacf5\uc7a5 \uac80\uc0ac\ub97c \ubc1b\uc2b5\ub2c8\ub2e4.\uc778\uc99d <strong data-start=\"3937\" data-end=\"3963\">ISO \ud488\uc9c8 \uad00\ub9ac<\/strong> \uadf8\ub9ac\uace0 \ub9cc\ub0a8 <strong data-start=\"3976\" data-end=\"4010\">\uad6d\uc81c \uc218\ucd9c \ud45c\uc900<\/strong>.<\/p>\n<hr data-start=\"4015\" data-end=\"4018\" \/>\n<h3 data-start=\"4020\" data-end=\"4045\">\ud310\ub9e4 \ud6c4 \uc11c\ube44\uc2a4<\/h3>\n<ul data-start=\"4046\" data-end=\"4230\">\n<li data-start=\"4046\" data-end=\"4092\">\n<p data-start=\"4048\" data-end=\"4092\">\ubaa8\ud130 \ubc0f \ucee8\ud2b8\ub864\ub7ec\uc5d0 \ub300\ud55c 12 \uac1c\uc6d4 \ubcf4\uc7a5<\/p>\n<\/li>\n<li data-start=\"4093\" data-end=\"4121\">\n<p data-start=\"4095\" data-end=\"4121\">6 \uac1c\uc6d4 \ubc30\ud130\ub9ac \ubcf4\uc7a5<\/p>\n<\/li>\n<li data-start=\"4122\" data-end=\"4173\">\n<p data-start=\"4124\" data-end=\"4173\">\uc628\ub77c\uc778 \uae30\uc220 \uc9c0\uc6d0 \ubc0f \uc608\ube44 \ubd80\ud488 \uacf5\uae09<\/p>\n<\/li>\n<li data-start=\"4174\" data-end=\"4230\">\n<p data-start=\"4176\" data-end=\"4230\">\uae00\ub85c\ubc8c \ubc30\uc1a1 \uc9c0\uc6d0 \ubc0f \ubb38\uc11c \uc9c0\uc6d0<\/p>\n<\/li>\n<\/ul>\n<hr data-start=\"4232\" data-end=\"4235\" \/>\n<h3 data-start=\"4237\" data-end=\"4261\">\uc751\uc6a9 \ubd84\uc57c<\/h3>\n<ul data-start=\"4262\" data-end=\"4504\">\n<li data-start=\"4262\" data-end=\"4313\">\n<p data-start=\"4264\" data-end=\"4313\"><strong data-start=\"4264\" data-end=\"4286\">33333333333333333333333333333333333333333333<\/strong> \ub2e8\uac70\ub9ac \ud0c0\uae30<\/p>\n<\/li>\n<li data-start=\"4314\" data-end=\"4375\">\n<p data-start=\"4316\" data-end=\"4375\"><strong data-start=\"4316\" data-end=\"4345\">\ub808\uc800 \uad50\ud1b5 \ucc28\ub7c9<\/strong> \uac00\uc871 \ub610\ub294 \ucee4\ubba4\ub2c8\ud2f0 \uc0ac\uc6a9<\/p>\n<\/li>\n<li data-start=\"4376\" data-end=\"4432\">\n<p data-start=\"4378\" data-end=\"4432\"><strong data-start=\"4378\" data-end=\"4412\">\ud658\uacbd \uce5c\ud654\uc801\uc778 \uc2b9\uac1d \uc154\ud2c0<\/strong> \uad00\uad11 \uc7a5\uc18c<\/p>\n<\/li>\n<li data-start=\"4433\" data-end=\"4504\">\n<p data-start=\"4435\" data-end=\"4504\"><strong data-start=\"4435\" data-end=\"4462\">\ubc30\ud130\ub9ac \uc2b9\uac1d \ud2b8\ub77c\uc774\ud06c<\/strong> \ud559\uad50, \uacf5\uc6d0 \ub610\ub294 \uc0b0\uc5c5 \uc9c0\uc5ed<\/p>\n<\/li>\n<\/ul>\n<hr data-start=\"4506\" data-end=\"4509\" \/>\n<h3 data-start=\"4511\" data-end=\"4530\">\uc9c0\ubd88 \uc870\uac74<\/h3>\n<ul data-start=\"4531\" data-end=\"4620\">\n<li data-start=\"4531\" data-end=\"4583\">\n<p data-start=\"4533\" data-end=\"4583\">T\/T, L\/C, \uc11c\ubd80 \ub3d9\ub9f9, \uc54c\ub9ac\ubc14\ubc14 \ubb34\uc5ed \ubcf4\uc7a5<\/p>\n<\/li>\n<li data-start=\"4584\" data-end=\"4620\">\n<p data-start=\"4586\" data-end=\"4620\">30% \uc608\uae08, \uc120\uc801\uc758 \uc55e\uc5d0 70%<\/p>\n<\/li>\n<\/ul>\n<hr data-start=\"4622\" data-end=\"4625\" \/>\n<h3 data-start=\"4627\" data-end=\"4636\">FAQ\ub294<\/h3>\n<p data-start=\"4638\" data-end=\"4791\"><strong data-start=\"4638\" data-end=\"4721\">Q1: \ubc18 \uc5f4\ub9b0 \uc2b9\uac1d \uc804\uae30 \uc0bc\uc790\uc804\uac70\uc758 \ucd5c\ub300 \uc18d\ub3c4\ub294 \ubb34\uc5c7\uc785\ub2c8\uae4c?<\/strong><br data-start=\"4721\" data-end=\"4724\" \/>A1: \ub3c4\ub85c \uc870\uac74\uacfc \ubd80\ud558\uc5d0 \ub530\ub77c 30-35km \/ h\uc5d0 \ub3c4\ub2ec\ud560 \uc218 \uc788\uc2b5\ub2c8\ub2e4.<\/p>\n<p data-start=\"4793\" data-end=\"4934\"><strong data-start=\"4793\" data-end=\"4834\">Q2: \uba87 \uba85\uc758 \uc2b9\uac1d\uc744 \uc6b4\ubc18\ud560 \uc218 \uc788\uc2b5\ub2c8\uae4c?<\/strong><br data-start=\"4834\" data-end=\"4837\" \/>A2: 500kg\uc758 \ucd5c\ub300 \ubd80\ud558\ub97c \uc9c0\uc6d0\ud558\uba70, \uc77c\ubc18\uc801\uc73c\ub85c 2-3\uba85\uc758 \uc131\uc778 \uc2b9\uac1d\uc5d0\uac8c \ud3b8\uc548\ud558\uac8c \uc801\ud569\ud569\ub2c8\ub2e4.<\/p>\n<p data-start=\"4936\" data-end=\"5074\"><strong data-start=\"4936\" data-end=\"4974\">Q3: \ubc30\ud130\ub9ac\ub294 \uc8fc\ubb38\uc744 \ubc1b\uc544\uc11c \ub9cc\ub4e4\uc5b4\uc9c8 \uc218 \uc788\uc2b5\ub2c8\uae4c?<\/strong><br data-start=\"4974\" data-end=\"4977\" \/>A3: \uc608, \ub2f9\uc2e0\uc740 48V \ub610\ub294 72V \uc635\uc158\uc744 \uac00\uc9c4 \u94c5\uc0b0 \ub610\ub294 \ubb3c \ud65c\uc131\ud654 \ubc30\ud130\ub9ac \uc0ac\uc774\ub97c \uc120\ud0dd\ud560 \uc218 \uc788\uc2b5\ub2c8\ub2e4.<\/p>\n<p data-start=\"5076\" data-end=\"5188\"><strong data-start=\"5076\" data-end=\"5110\">Q4: OEM \uc0c1\ud45c\ub294 \uc720\ud6a8\ud569\ub2c8\uae4c?<\/strong><br data-start=\"5110\" data-end=\"5113\" \/>A4: \uc608, \uc6b0\ub9ac\ub294 \uc0c9\uae54, \ub85c\uace0 \ubc0f \uc88c\uc11d \ub514\uc790\uc778\uc744 \uc704\ud55c OEM \uc8fc\ubb38\uc744 \ubc1b\uc544\uc11c \ub9cc\ub4dc\ub294 \uac83\uc744 \uc81c\uacf5\ud569\ub2c8\ub2e4.<\/p>\n<p data-start=\"5190\" data-end=\"5294\"><strong data-start=\"5190\" data-end=\"5230\">Q5: \ucda9\uc804\ud558\ub294 \ub370 \uc5bc\ub9c8\ub098 \uc624\ub798 \uac78\ub9bd\ub2c8\uae4c?<\/strong><br data-start=\"5230\" data-end=\"5233\" \/>A5: \ud45c\uc900 \ucda9\uc804 \uc2dc\uac04\uc740 \uc804\uccb4 \ucda9\uc804\uc744 \uc704\ud574 6-10 \uc2dc\uac04\uc785\ub2c8\ub2e4.<\/p>","protected":false},"excerpt":{"rendered":"<p>The <strong data-start=\"186\" data-end=\"231\">\ubc18\uac1c\ubc29 \uc2b9\uac1d \uc804\uae30 \uc0bc\uc790\uc804\uac70<\/strong> \ubd80\ub4dc\ub7ec\uc6b4 \ub3c4\uc2dc \uad50\ud1b5, \ub2e8\uac70\ub9ac \uc5ec\ud589 \ubc0f \uc2b9\uac1d \uc6b4\uc1a1\uc744 \uc704\ud574 \uc124\uacc4\ub41c \ucef4\ucef4\ucef4\ud329\ud2b8\ud558\uc9c0\ub9cc \uac15\ub825\ud55c \uc0bc\ucef4\ucef4\ucef4\ubd80\ubd80\ubd80\ub4dc\ub7ec\uc6b4 \ub3c4\uc2dc \uad50\ud1b5, \ub2e8\uac70\ub9ac \uc5ec\ud589 \ubc0f \uc2b9\uac1d \uc6b4\uc1a1\uc744 \uc704\ud574 \uc124\uacc4\ub418\uc5c8\uc2b5\ub2c8\ub2e4.\uadf8\uac83\uc758 \ud6a8\uc728\uc801\uc778 <strong data-start=\"376\" data-end=\"390\">650W \ubaa8\ud130<\/strong>\uacac\uace0\ud55c \ud504\ub808\uc784\uacfc \ud604\ub300\uc801\uc778 \uc88c\uc11d \ub808\uc774\uc544\uc6c3\uc774 \uc804\uae30 \uc2b9\uac1d \ud2b8\ub77c\uc774\ud06c\ub294 \ud658\uacbd \uce5c\ud654\uc801\uc774\uace0 \uc2e0\ub8b0\uc131\uc744 \uc81c\uacf5\ud569\ub2c8\ub2e4.A \ub85c \uc0ac\uc6a9\ub418\ub294 \uacbd\uc6b0 <strong data-start=\"527\" data-end=\"562\">\ubc30\ud130\ub9ac \uc804\uc6d0 \uc2b9\uac1d \ud2b8\ub77c\uc774\ud06c<\/strong>A <strong data-start=\"566\" data-end=\"588\">33333333333333333333333333333333333333333333<\/strong>\ub610\ub294 a <strong data-start=\"595\" data-end=\"624\">\ub808\uc800 \uad50\ud1b5 \ucc28\ub7c9<\/strong>\uc2a4\ud0c0\uc77c\uacfc \ud3b8\uc548\ud568\uc73c\ub85c \ub9e4\uc77c \uc774\ub3d9\uc131 \uc694\uad6c\ub97c \ucda9\uc871\uc2dc\ud0a4\uae30 \uc704\ud574 \ub9cc\ub4e4\uc5b4\uc84c\uc2b5\ub2c8\ub2e4.<\/p>","protected":false},"featured_media":4015,"comment_status":"open","ping_status":"closed","template":"","meta":[],"product_brand":[],"product_cat":[78],"product_tag":[],"class_list":{"0":"post-4006","1":"product","2":"type-product","3":"status-publish","4":"has-post-thumbnail","6":"product_cat-electric-tricycle","8":"first","9":"instock","10":"shipping-taxable","11":"product-type-simple"},"_links":{"self":[{"href":"https:\/\/www.tairuiauto.com\/ko\/wp-json\/wp\/v2\/product\/4006","targetHints":{"allow":["GET"]}}],"collection":[{"href":"https:\/\/www.tairuiauto.com\/ko\/wp-json\/wp\/v2\/product"}],"about":[{"href":"https:\/\/www.tairuiauto.com\/ko\/wp-json\/wp\/v2\/types\/product"}],"replies":[{"embeddable":true,"href":"https:\/\/www.tairuiauto.com\/ko\/wp-json\/wp\/v2\/comments?post=4006"}],"wp:featuredmedia":[{"embeddable":true,"href":"https:\/\/www.tairuiauto.com\/ko\/wp-json\/wp\/v2\/media\/4015"}],"wp:attachment":[{"href":"https:\/\/www.tairuiauto.com\/ko\/wp-json\/wp\/v2\/media?parent=4006"}],"wp:term":[{"taxonomy":"product_brand","embeddable":true,"href":"https:\/\/www.tairuiauto.com\/ko\/wp-json\/wp\/v2\/product_brand?post=4006"},{"taxonomy":"product_cat","embeddable":true,"href":"https:\/\/www.tairuiauto.com\/ko\/wp-json\/wp\/v2\/product_cat?post=4006"},{"taxonomy":"product_tag","embeddable":true,"href":"https:\/\/www.tairuiauto.com\/ko\/wp-json\/wp\/v2\/product_tag?post=4006"}],"curies":[{"name":"WP","href":"https:\/\/api.w.org\/{rel}","templated":true}]}}