{"id":1020,"date":"2025-02-08T16:24:34","date_gmt":"2025-02-08T08:24:34","guid":{"rendered":"http:\/\/www.tairuiauto.com\/?post_type=product&#038;p=1020"},"modified":"2025-12-16T11:00:47","modified_gmt":"2025-12-16T03:00:47","slug":"mini-car-c003","status":"publish","type":"product","link":"https:\/\/www.tairuiauto.com\/pt\/product\/mini-car-c003\/","title":{"rendered":"Mini Car Four Wheel"},"content":{"rendered":"<h2 style=\"padding-left: 40px;\" data-start=\"1255\" data-end=\"1295\">Vista geral dos produtos<\/h2>\n<p style=\"padding-left: 40px;\" data-start=\"1297\" data-end=\"1681\">O <strong data-start=\"1301\" data-end=\"1318\">Mini Car Four Wheel<\/strong> \u00e9 um peso ligeiro <strong data-start=\"1336\" data-end=\"1361\">ve\u00edculo el\u00e9trico da cidade<\/strong> desenvolvidos para ambientes urbanos onde efici\u00eancia, maneuverabilidade e controle de custos s\u00e3o cr\u00edticos. Como ve\u00edculo el\u00e9trico de quatro rodas, ele integra uma estrutura corporal compact a, um sistema de energia el\u00e9trica est\u00e1vel e uma capacidade pr\u00e1tica de carga, tornando-a adequada tanto para mobilidade pessoal como aplica\u00e7\u00f5es comerciais ligeiras.<\/p>\n<table style=\"width: 91.4096%; margin-left: 40px;\" width=\"419\">\n<tbody style=\"padding-left: 40px;\">\n<tr style=\"padding-left: 40px;\">\n<td style=\"width: 56.1446%; padding-left: 40px;\" colspan=\"2\" width=\"249\">Vers\u00e3o[UNK]name<\/td>\n<td style=\"width: 248.434%; padding-left: 40px;\" colspan=\"2\" width=\"169\">Mini Car Four Wheel<\/td>\n<\/tr>\n<tr style=\"padding-left: 40px;\">\n<td style=\"width: 25.3012%; padding-left: 40px;\" rowspan=\"3\" width=\"108\">Dimens\u00e3o<\/td>\n<td style=\"width: 30.8434%; padding-left: 40px;\" width=\"141\">L\u00d7W\u00d7H(mm)<\/td>\n<td style=\"width: 248.434%; padding-left: 40px;\" colspan=\"2\" width=\"169\">3000\u00d71498\u00d71630<\/td>\n<\/tr>\n<tr style=\"padding-left: 40px;\">\n<td style=\"width: 30.8434%; padding-left: 40px;\" width=\"141\">N\u00famero de portas\/assentos<\/td>\n<td style=\"width: 248.434%; padding-left: 40px;\" colspan=\"2\" width=\"169\">3 portas 2 assentos<\/td>\n<\/tr>\n<tr style=\"padding-left: 40px;\">\n<td style=\"width: 30.8434%; padding-left: 40px;\" width=\"141\">Base de rodas (mm)<\/td>\n<td style=\"width: 248.434%; padding-left: 40px;\" colspan=\"2\" width=\"169\">1953<\/td>\n<\/tr>\n<tr style=\"padding-left: 40px;\">\n<td style=\"width: 25.3012%; padding-left: 40px;\" rowspan=\"2\" width=\"108\">Peso<\/td>\n<td style=\"width: 30.8434%; padding-left: 40px;\" width=\"141\">Peso l\u00edquido (kg)<\/td>\n<td style=\"width: 248.434%; padding-left: 40px;\" colspan=\"2\" width=\"169\">590<\/td>\n<\/tr>\n<tr style=\"padding-left: 40px;\">\n<td style=\"width: 30.8434%; padding-left: 40px;\" width=\"141\">Carga (kg)<\/td>\n<td style=\"width: 248.434%; padding-left: 40px;\" colspan=\"2\" width=\"169\">1115<\/td>\n<\/tr>\n<tr style=\"padding-left: 40px;\">\n<td style=\"width: 25.3012%; padding-left: 40px;\" rowspan=\"2\" width=\"108\">Performance<\/td>\n<td style=\"width: 30.8434%; padding-left: 40px;\" width=\"141\">Velocidade m\u00e1xima (km\/h)<\/td>\n<td style=\"width: 248.434%; padding-left: 40px;\" colspan=\"2\" width=\"169\">100<\/td>\n<\/tr>\n<tr style=\"padding-left: 40px;\">\n<td style=\"width: 30.8434%; padding-left: 40px;\" width=\"141\">Mileage (km)<\/td>\n<td style=\"width: 248.434%; padding-left: 40px;\" colspan=\"2\" width=\"169\">170<\/td>\n<\/tr>\n<tr style=\"padding-left: 40px;\">\n<td style=\"width: 25.3012%; padding-left: 40px;\" rowspan=\"3\" width=\"108\">Sistema de energia<\/td>\n<td style=\"width: 30.8434%; padding-left: 40px;\" width=\"141\">Bateria (kWh)<\/td>\n<td style=\"width: 248.434%; padding-left: 40px;\" colspan=\"2\" width=\"169\">13.9kwh<\/td>\n<\/tr>\n<tr style=\"padding-left: 40px;\">\n<td style=\"width: 30.8434%; padding-left: 40px;\" width=\"141\">Motor (kW)<\/td>\n<td style=\"width: 248.434%; padding-left: 40px;\" colspan=\"2\" width=\"169\">Pot\u00eancia estimada\/m\u00e1xima:13\/20<\/td>\n<\/tr>\n<tr style=\"padding-left: 40px;\">\n<td style=\"width: 30.8434%; padding-left: 40px;\" width=\"141\">Tempo de carga<\/td>\n<td style=\"width: 248.434%; padding-left: 40px;\" colspan=\"2\" width=\"169\">6h<\/td>\n<\/tr>\n<tr style=\"padding-left: 40px;\">\n<td style=\"width: 25.3012%; padding-left: 40px;\" rowspan=\"3\" width=\"108\">Sistema de ca\u00e7a<\/td>\n<td style=\"width: 30.8434%; padding-left: 40px;\" width=\"141\">Sistema de travagem<\/td>\n<td style=\"width: 248.434%; padding-left: 40px;\" colspan=\"2\" width=\"169\">Disco(F\/R)<\/td>\n<\/tr>\n<tr style=\"padding-left: 40px;\">\n<td style=\"width: 30.8434%; padding-left: 40px;\" width=\"141\">Sistema de suspens\u00e3o<\/td>\n<td style=\"width: 248.434%; padding-left: 40px;\" colspan=\"2\" width=\"169\">McPherson<\/td>\n<\/tr>\n<tr style=\"padding-left: 40px;\">\n<td style=\"width: 30.8434%; padding-left: 40px;\" width=\"141\">Capacidade de bagagem<\/td>\n<td style=\"width: 248.434%; padding-left: 40px;\" colspan=\"2\" width=\"169\">1m\u00b3<\/td>\n<\/tr>\n<tr style=\"padding-left: 40px;\">\n<td style=\"width: 25.3012%; padding-left: 40px;\" width=\"108\">Sistema de assist\u00eancia<\/td>\n<td style=\"width: 30.8434%; padding-left: 40px;\" width=\"141\">Gradeabilidade m\u00e1xima<\/td>\n<td style=\"width: 248.434%; padding-left: 40px;\" colspan=\"2\" width=\"169\">\u226520%<\/td>\n<\/tr>\n<tr style=\"padding-left: 40px;\">\n<td style=\"width: 56.1446%; padding-left: 40px;\" colspan=\"2\" width=\"249\">Certifica\u00e7\u00e3o<\/td>\n<td style=\"width: 17.3494%; padding-left: 40px;\" width=\"69\">Partes:CCC<br \/>\ne ECE<\/td>\n<td style=\"width: 231.084%; padding-left: 40px;\" width=\"100\">\u00a0\u00a0 Ve\u00edculo: CEE<\/td>\n<\/tr>\n<\/tbody>\n<\/table>\n<hr style=\"padding-left: 40px;\" data-start=\"1683\" data-end=\"1686\" \/>\n<h2 style=\"padding-left: 40px;\" data-start=\"1688\" data-end=\"1710\">Descri\u00e7\u00e3o do produto<\/h2>\n<h3 style=\"padding-left: 40px;\" data-start=\"1712\" data-end=\"1734\">Categoria de produtos<\/h3>\n<p style=\"padding-left: 40px;\" data-start=\"1735\" data-end=\"1815\">City Electric Vehicle \/ Electric Four Wheels \/ Electric Light Commercial Vehicle<\/p>\n<h3 style=\"padding-left: 40px;\" data-start=\"1817\" data-end=\"1842\">Descri\u00e7\u00e3o do produto<\/h3>\n<p style=\"padding-left: 40px;\" data-start=\"1844\" data-end=\"2275\">O <strong data-start=\"1848\" data-end=\"1865\">Mini Car Four Wheel<\/strong> \u00e9 um prop\u00f3sito constru\u00eddo <strong data-start=\"1885\" data-end=\"1917\">ve\u00edculo el\u00e9trico de quatro rodas<\/strong> otimizados para tr\u00e2nsito urbano denso, viagens de curta dist\u00e2ncia e opera\u00e7\u00f5es comerciais ligeiras. Com dimens\u00f5es gerais de <strong data-start=\"2036\" data-end=\"2061\">3000 \u00d7 1498 \u00d7 1630 mm<\/strong> e um <strong data-start=\"2068\" data-end=\"2089\">Base de rodas de 1953 mm<\/strong>, o ve\u00edculo atinge um excelente equil\u00edbrio entre a utilizabilidade interior e a compaxidade externa, permitindo uma navega\u00e7\u00e3o f\u00e1cil atrav\u00e9s de ruas estreitas, \u00e1reas residenciais e parques industriais.<\/p>\n<p style=\"padding-left: 40px;\" data-start=\"2277\" data-end=\"2643\">Fornecida por um <strong data-start=\"2290\" data-end=\"2318\">13,9 kWh bateria de l\u00edtio<\/strong>o Mini Car Four Wheel fornece um <strong data-start=\"2349\" data-end=\"2382\">de condu\u00e7\u00e3o at\u00e9 170 km<\/strong>que cobre completamente as necessidades di\u00e1rias de transporte urbano como entrega de cidades, servi\u00e7os comunit\u00e1rios, naves de campus e log\u00edstica de instala\u00e7\u00f5es. O <strong data-start=\"2524\" data-end=\"2567\">pot\u00eancia motora nominal\/m\u00e1xima de 13 kW\/20 kW<\/strong> assegura acelera\u00e7\u00e3o suave e desempenho est\u00e1vel, mesmo quando completamente carregado.<\/p>\n<p style=\"padding-left: 40px;\" data-start=\"2645\" data-end=\"3051\">De uma perspectiva de custo-efici\u00eancia, este ve\u00edculo el\u00e9trico da cidade se destaca devido a sua <strong data-start=\"2730\" data-end=\"2756\">baixo consumo de energia<\/strong>, treino de energia simplificado, e requisitos m\u00ednimos de manuten\u00e7\u00e3o. Comparado com ve\u00edculos comerciais leves tradicionais de combust\u00edvel, a Mini Car Four Wheel reduz significativamente as despesas de combust\u00edvel, o uso mec\u00e2nico e o tempo de descanso do servi\u00e7o, oferecendo poupan\u00e7as mensur\u00e1veis a longo prazo para operadores da frota e compradores individuais.<\/p>\n<p style=\"padding-left: 40px;\" data-start=\"3053\" data-end=\"3370\">O sistema de chassis adota <strong data-start=\"3079\" data-end=\"3115\">Suspens\u00e3o independente McPherson<\/strong>, proporcionando manejo est\u00e1vel e melhor conforto de viagem em condi\u00e7\u00f5es urbanas de estrada. O <strong data-start=\"3202\" data-end=\"3240\">sistema de travagem de discos frontal e posterior<\/strong> assegura um desempenho de travagem confi\u00e1vel, aumentando a seguran\u00e7a durante cen\u00e1rios frequentes de parada e sa\u00edda de condu\u00e7\u00e3o comuns nos ambientes urbanos.<\/p>\n<p style=\"padding-left: 40px;\" data-start=\"3372\" data-end=\"3711\">Apesar de sua imprensa compact a, o ve\u00edculo oferece um <strong data-start=\"3424\" data-end=\"3455\">1 m \u00b3 de capacidade de bagagem\/carga<\/strong>tornando-o pr\u00e1tico para transporte de carga ligeiro, ferramentas de manuten\u00e7\u00e3o ou entrega di\u00e1ria de mercadorias. Com um <strong data-start=\"3555\" data-end=\"3587\">gradeabilidade m\u00e1xima de \u226520%<\/strong>, a Mini Car Four Wheel permanece confi\u00e1vel em rampas, inclina\u00e7\u00f5es e estradas desiguais geralmente encontradas em \u00e1reas residenciais e industriais.<\/p>\n<p style=\"padding-left: 40px;\" data-start=\"3713\" data-end=\"4044\">Designado com personaliza\u00e7\u00e3o em mente, isso <strong data-start=\"3755\" data-end=\"3777\">ve\u00edculo personalizado<\/strong> a plataforma apoia modifica\u00e7\u00f5es do OEM, incluindo pain\u00e9is corporais, configura\u00e7\u00f5es de carga, elementos de marca e adapta\u00e7\u00f5es funcionais. \u00c9 tamb\u00e9m compat\u00edvel com v\u00e1rios <strong data-start=\"3942\" data-end=\"3975\">carregador de ve\u00edculos comerciais<\/strong> solu\u00e7\u00f5es, permitindo um desenvolvimento flex\u00edvel em diferentes ind\u00fastrias.<\/p>\n<p style=\"padding-left: 40px;\" data-start=\"4046\" data-end=\"4259\">Certificado com <strong data-start=\"4061\" data-end=\"4089\">CCC &amp; a aprova\u00e7\u00e3o das partes da ECE<\/strong> e <strong data-start=\"4094\" data-end=\"4123\">Certifica\u00e7\u00e3o CEE de ve\u00edculos<\/strong>o Mini Car Four Wheel cumpre padr\u00f5es regulat\u00f3rios internacionais, assegurando a conformidade para os mercados estrangeiros e refor\u00e7ando a confian\u00e7a dos compradores.<\/p>\n<hr style=\"padding-left: 40px;\" data-start=\"4261\" data-end=\"4264\" \/>\n<h2 style=\"padding-left: 40px;\" data-start=\"4266\" data-end=\"4308\">Caracter\u00edsticas-chave e - Avantagens<\/h2>\n<h3 style=\"padding-left: 40px;\" data-start=\"4310\" data-end=\"4324\">Caracter\u00edsticas<\/h3>\n<ul>\n<li style=\"list-style-type: none;\">\n<ul data-start=\"4325\" data-end=\"4495\">\n<li data-start=\"4325\" data-end=\"4362\">\n<p data-start=\"4327\" data-end=\"4362\">Compacto design corporal orientado para a cidade<\/p>\n<\/li>\n<li data-start=\"4363\" data-end=\"4398\">\n<p data-start=\"4365\" data-end=\"4398\">Sistema de bateria de l\u00edtio de 13,9 kWh<\/p>\n<\/li>\n<li data-start=\"4399\" data-end=\"4437\">\n<p data-start=\"4401\" data-end=\"4437\">Sistema de travagem de discos (frente e traseira)<\/p>\n<\/li>\n<li data-start=\"4438\" data-end=\"4462\">\n<p data-start=\"4440\" data-end=\"4462\">Suspens\u00e3o McPherson<\/p>\n<\/li>\n<li data-start=\"4463\" data-end=\"4495\">\n<p data-start=\"4465\" data-end=\"4495\">Capacidade de personaliza\u00e7\u00e3o OEM<\/p>\n<\/li>\n<\/ul>\n<\/li>\n<\/ul>\n<h3 style=\"padding-left: 40px;\" data-start=\"4497\" data-end=\"4513\">Avantagens<\/h3>\n<ul>\n<li style=\"list-style-type: none;\">\n<ul data-start=\"4514\" data-end=\"4707\">\n<li data-start=\"4514\" data-end=\"4574\">\n<p data-start=\"4516\" data-end=\"4574\">menores custos de funcionamento e manuten\u00e7\u00e3o do que ve\u00edculos de combust\u00edvel<\/p>\n<\/li>\n<li data-start=\"4575\" data-end=\"4621\">\n<p data-start=\"4577\" data-end=\"4621\">Sa\u00edda el\u00e9trica est\u00e1vel para uso urbano<\/p>\n<\/li>\n<li data-start=\"4622\" data-end=\"4662\">\n<p data-start=\"4624\" data-end=\"4662\">Alta manevrabilidade em espa\u00e7os apertados<\/p>\n<\/li>\n<li data-start=\"4663\" data-end=\"4707\">\n<p data-start=\"4665\" data-end=\"4707\">Design modular para m\u00faltiplas aplica\u00e7\u00f5es<\/p>\n<\/li>\n<\/ul>\n<\/li>\n<\/ul>\n<h3 style=\"padding-left: 40px;\" data-start=\"4709\" data-end=\"4729\">Benef\u00edcios do comprador<\/h3>\n<ul>\n<li style=\"list-style-type: none;\">\n<ul data-start=\"4730\" data-end=\"4956\">\n<li data-start=\"4730\" data-end=\"4771\">\n<p data-start=\"4732\" data-end=\"4771\">Reduzido custo total de propriedade (TCO)<\/p>\n<\/li>\n<li data-start=\"4772\" data-end=\"4823\">\n<p data-start=\"4774\" data-end=\"4823\">Rendimento mais r\u00e1pido do investimento para operadores da frota<\/p>\n<\/li>\n<li data-start=\"4824\" data-end=\"4878\">\n<p data-start=\"4826\" data-end=\"4878\">Carga f\u00e1cil com um tempo padr\u00e3o de carga de 6 horas<\/p>\n<\/li>\n<li data-start=\"4879\" data-end=\"4956\">\n<p data-start=\"4881\" data-end=\"4956\">Desenvolvimento flex\u00edvel em log\u00edstica, servi\u00e7os e cen\u00e1rios de ve\u00edculos especiais<\/p>\n<\/li>\n<\/ul>\n<\/li>\n<\/ul>\n<h3 style=\"padding-left: 40px;\" data-start=\"4958\" data-end=\"4972\">Provas<\/h3>\n<ul>\n<li style=\"list-style-type: none;\">\n<ul data-start=\"4973\" data-end=\"5116\">\n<li data-start=\"4973\" data-end=\"5009\">\n<p data-start=\"4975\" data-end=\"5009\">Certificada conformidade dos ve\u00edculos CEE<\/p>\n<\/li>\n<li data-start=\"5010\" data-end=\"5053\">\n<p data-start=\"5012\" data-end=\"5053\">Arquitetura de comboio el\u00e9trico comprovada<\/p>\n<\/li>\n<li data-start=\"5054\" data-end=\"5116\">\n<p data-start=\"5056\" data-end=\"5116\">Sistemas de suspens\u00e3o e travagem amplamente adotados em EV urbanos<\/p>\n<\/li>\n<\/ul>\n<\/li>\n<\/ul>\n<hr style=\"padding-left: 40px;\" data-start=\"5118\" data-end=\"5121\" \/>\n<h2 style=\"padding-left: 40px;\" data-start=\"5123\" data-end=\"5147\">Escen\u00e1rios de aplica\u00e7\u00f5es<\/h2>\n<ul>\n<li style=\"list-style-type: none;\">\n<ul data-start=\"5149\" data-end=\"5334\">\n<li data-start=\"5149\" data-end=\"5183\">\n<p data-start=\"5151\" data-end=\"5183\">Log\u00edstica urbana de curta dist\u00e2ncia<\/p>\n<\/li>\n<li data-start=\"5184\" data-end=\"5221\">\n<p data-start=\"5186\" data-end=\"5221\">Gest\u00e3o comunit\u00e1rio e propriedade<\/p>\n<\/li>\n<li data-start=\"5222\" data-end=\"5256\">\n<p data-start=\"5224\" data-end=\"5256\">Transporte de campus e parques<\/p>\n<\/li>\n<li data-start=\"5257\" data-end=\"5293\">\n<p data-start=\"5259\" data-end=\"5293\">Ve\u00edculos de utilidade e manuten\u00e7\u00e3o<\/p>\n<\/li>\n<li data-start=\"5294\" data-end=\"5334\">\n<p data-start=\"5296\" data-end=\"5334\">Solu\u00e7\u00f5es personalizadas de ve\u00edculos especiais<\/p>\n<\/li>\n<\/ul>\n<\/li>\n<\/ul>\n<hr style=\"padding-left: 40px;\" data-start=\"5336\" data-end=\"5339\" \/>\n<h2 style=\"padding-left: 40px;\" data-start=\"5341\" data-end=\"5380\">Por que escolher Mini Car Four Wheel de Tairui<\/h2>\n<p style=\"padding-left: 40px;\" data-start=\"5382\" data-end=\"5769\">Como um fabricante experiente com I&amp;D integrada, D, produ\u00e7\u00e3o e capacidades de personaliza\u00e7\u00e3o, <strong data-start=\"5478\" data-end=\"5532\">Shandong Tairui Automobile &amp; Electronics Co., Ltd.<\/strong> fornece n\u00e3o apenas um ve\u00edculo, mas um completo <strong data-start=\"5577\" data-end=\"5607\">solu\u00e7\u00e3o de mobilidade el\u00e9trica<\/strong>Desde design de ve\u00edculos para personaliza\u00e7\u00e3o OEM e suporte de p\u00f3s-vendas, ajudamos os clientes a reduzir o risco, reduzir os ciclos de aquisi\u00e7\u00e3o e melhorar a efici\u00eancia operacional.<\/p>\n<hr style=\"padding-left: 40px;\" data-start=\"5771\" data-end=\"5774\" \/>\n<h2 style=\"padding-left: 40px;\" data-start=\"5776\" data-end=\"5799\">Chamar a Ac\u00e7\u00e3o<\/h2>\n<p style=\"padding-left: 40px;\" data-start=\"5801\" data-end=\"6082\">Procurando um <strong data-start=\"5815\" data-end=\"5855\">ve\u00edculo el\u00e9trico da cidade custo-eficaz<\/strong> ou <strong data-start=\"5861\" data-end=\"5905\">solu\u00e7\u00e3o el\u00e9trica de quatro rodas personalizada<\/strong> para seu mercado?<br data-start=\"5922\" data-end=\"5925\" \/><strong data-start=\"5925\" data-end=\"5945\">Contacte-nos hoje<\/strong> receber especifica\u00e7\u00f5es t\u00e9cnicas, op\u00e7\u00f5es de personaliza\u00e7\u00e3o, detalhes de pre\u00e7os e apoio profissional de projetos de nossa equipe de engenharia.<\/p>\n<hr style=\"padding-left: 40px;\" data-start=\"6084\" data-end=\"6087\" \/>\n<h2 style=\"padding-left: 40px;\" data-start=\"6089\" data-end=\"6095\">FAQ<\/h2>\n<p style=\"padding-left: 40px;\" data-start=\"6097\" data-end=\"6261\"><strong data-start=\"6097\" data-end=\"6150\">Q1: O Mini Car Four Wheel \u00e9 adequado para uso comercial?<\/strong><br data-start=\"6150\" data-end=\"6153\" \/>Sim. \u00c9 projetado para aplica\u00e7\u00f5es comerciais ligeiras como entrega, manuten\u00e7\u00e3o e opera\u00e7\u00f5es de servi\u00e7o.<\/p>\n<p style=\"padding-left: 40px;\" data-start=\"6263\" data-end=\"6412\"><strong data-start=\"6263\" data-end=\"6301\">Q2: O ve\u00edculo pode ser personalizado?<\/strong><br data-start=\"6301\" data-end=\"6304\" \/>Absolutamente. Oferecemos personaliza\u00e7\u00e3o OEM, incluindo design de corpos de carga, marca e modifica\u00e7\u00f5es funcionais.<\/p>\n<p style=\"padding-left: 40px;\" data-start=\"6414\" data-end=\"6563\"><strong data-start=\"6414\" data-end=\"6464\">Q3: Que certifica\u00e7\u00f5es tem o ve\u00edculo?<\/strong><br data-start=\"6464\" data-end=\"6467\" \/>O Mini Car Four Wheel cumpre <strong data-start=\"6499\" data-end=\"6528\">Certifica\u00e7\u00e3o CEE de ve\u00edculos<\/strong> e <strong data-start=\"6533\" data-end=\"6562\">CCC &amp; o padr\u00e3o das partes da ECE<\/strong>.<\/p>\n<p style=\"padding-left: 40px;\" data-start=\"6565\" data-end=\"6691\"><strong data-start=\"6565\" data-end=\"6599\">Q4: Qual \u00e9 o tempo de carga?<\/strong><br data-start=\"6599\" data-end=\"6602\" \/>O tempo padr\u00e3o de carga \u00e9 aproximadamente <strong data-start=\"6646\" data-end=\"6657\">6 horas<\/strong>, adequado para carregar durante a noite.<\/p>\n<p style=\"padding-left: 40px;\" data-start=\"6693\" data-end=\"6861\"><strong data-start=\"6693\" data-end=\"6745\">Q5: Este ve\u00edculo \u00e9 adequado para mercados de exporta\u00e7\u00e3o?<\/strong><br data-start=\"6745\" data-end=\"6748\" \/>Sim. Com certifica\u00e7\u00f5es internacionais e configura\u00e7\u00f5es flex\u00edveis, \u00e9 adequado para m\u00faltiplos mercados estrangeiros.<\/p>","protected":false},"excerpt":{"rendered":"<p>Mini Car Four Wheel \u00e9 um ve\u00edculo el\u00e9trico compacto da cidade projetado para mobilidade urban a, log\u00edstica de curta dist\u00e2ncia e uso comercial flex\u00edvel. Com baixos custos de funcionamento, desempenho confi\u00e1vel e configura\u00e7\u00f5es personalizadas, oferece uma solu\u00e7\u00e3o el\u00e9trica eficiente para cidades, campus e transporte de \u00faltima milha.<\/p>","protected":false},"featured_media":2036,"comment_status":"open","ping_status":"closed","template":"","meta":[],"product_brand":[],"product_cat":[77],"product_tag":[],"class_list":{"0":"post-1020","1":"product","2":"type-product","3":"status-publish","4":"has-post-thumbnail","6":"product_cat-electric-micro-vehicle","8":"first","9":"instock","10":"shipping-taxable","11":"product-type-simple"},"_links":{"self":[{"href":"https:\/\/www.tairuiauto.com\/pt\/wp-json\/wp\/v2\/product\/1020","targetHints":{"allow":["GET"]}}],"collection":[{"href":"https:\/\/www.tairuiauto.com\/pt\/wp-json\/wp\/v2\/product"}],"about":[{"href":"https:\/\/www.tairuiauto.com\/pt\/wp-json\/wp\/v2\/types\/product"}],"replies":[{"embeddable":true,"href":"https:\/\/www.tairuiauto.com\/pt\/wp-json\/wp\/v2\/comments?post=1020"}],"wp:featuredmedia":[{"embeddable":true,"href":"https:\/\/www.tairuiauto.com\/pt\/wp-json\/wp\/v2\/media\/2036"}],"wp:attachment":[{"href":"https:\/\/www.tairuiauto.com\/pt\/wp-json\/wp\/v2\/media?parent=1020"}],"wp:term":[{"taxonomy":"product_brand","embeddable":true,"href":"https:\/\/www.tairuiauto.com\/pt\/wp-json\/wp\/v2\/product_brand?post=1020"},{"taxonomy":"product_cat","embeddable":true,"href":"https:\/\/www.tairuiauto.com\/pt\/wp-json\/wp\/v2\/product_cat?post=1020"},{"taxonomy":"product_tag","embeddable":true,"href":"https:\/\/www.tairuiauto.com\/pt\/wp-json\/wp\/v2\/product_tag?post=1020"}],"curies":[{"name":"wp","href":"https:\/\/api.w.org\/{rel}","templated":true}]}}