{"id":1022,"date":"2025-02-08T16:33:09","date_gmt":"2025-02-08T08:33:09","guid":{"rendered":"http:\/\/www.tairuiauto.com\/?post_type=product&#038;p=1022"},"modified":"2025-12-16T16:35:33","modified_gmt":"2025-12-16T08:35:33","slug":"small-car-c004","status":"publish","type":"product","link":"https:\/\/www.tairuiauto.com\/pt\/product\/small-car-c004\/","title":{"rendered":"Ve\u00edculo el\u00e9trico de quatro portas da cidade"},"content":{"rendered":"<h2 style=\"padding-left: 40px;\" data-start=\"644\" data-end=\"684\">Vista geral dos produtos<\/h2>\n<p style=\"padding-left: 40px;\" data-start=\"686\" data-end=\"1006\">Este modelo \u00e9 um compacto <strong data-start=\"710\" data-end=\"735\">ve\u00edculo el\u00e9trico da cidade<\/strong> projetados para viagens urbanas, transporte familiar e cen\u00e1rios de mobilidade compartilhada ligeiramente. Constru\u00edda numa plataforma el\u00e9trica est\u00e1vel de quatro rodas, ela enfatiza a seguran\u00e7a, conforto e efici\u00eancia ao mesmo tempo que mant\u00e9m um limiar de funcionamento baixo para usu\u00e1rios individuais e operadores da frota.<\/p>\n<table style=\"width: 87.103%; margin-left: 40px;\" width=\"758\">\n<tbody style=\"padding-left: 40px;\">\n<tr style=\"padding-left: 40px;\">\n<td style=\"width: 21.9448%; padding-left: 40px;\" rowspan=\"4\" width=\"166\">Dimens\u00e3o<\/td>\n<td style=\"width: 27.2011%; padding-left: 40px;\" width=\"208\">LxWxH (mm)<\/td>\n<td style=\"width: 107.359%; padding-left: 40px;\" width=\"382\">3532x1498x1605<\/td>\n<\/tr>\n<tr style=\"padding-left: 40px;\">\n<td style=\"width: 27.2011%; padding-left: 40px;\">N\u00famero de portas \/ cadeiras<\/td>\n<td style=\"width: 107.359%; padding-left: 40px;\">4 portas 4 assentos<\/td>\n<\/tr>\n<tr style=\"padding-left: 40px;\">\n<td style=\"width: 27.2011%; padding-left: 40px;\">Largura da pista F\/R (mm)<\/td>\n<td style=\"width: 107.359%; padding-left: 40px;\">1290\/1290<\/td>\n<\/tr>\n<tr style=\"padding-left: 40px;\">\n<td style=\"width: 27.2011%; padding-left: 40px;\">Base de rodas (mm)<\/td>\n<td style=\"width: 107.359%; padding-left: 40px;\">2275<\/td>\n<\/tr>\n<tr style=\"padding-left: 40px;\">\n<td style=\"width: 21.9448%; padding-left: 40px;\" rowspan=\"3\">Peso<\/td>\n<td style=\"width: 27.2011%; padding-left: 40px;\">Peso bruto (kg)<\/td>\n<td style=\"width: 107.359%; padding-left: 40px;\">1070<\/td>\n<\/tr>\n<tr style=\"padding-left: 40px;\">\n<td style=\"width: 27.2011%; padding-left: 40px;\">Peso de curva (kg)<\/td>\n<td style=\"width: 107.359%; padding-left: 40px;\">830<\/td>\n<\/tr>\n<tr style=\"padding-left: 40px;\">\n<td style=\"width: 27.2011%; padding-left: 40px;\">Passageiros classificados<\/td>\n<td style=\"width: 107.359%; padding-left: 40px;\">4 pessoas<\/td>\n<\/tr>\n<tr style=\"padding-left: 40px;\">\n<td style=\"width: 21.9448%; padding-left: 40px;\" rowspan=\"2\">Performance<\/td>\n<td style=\"width: 27.2011%; padding-left: 40px;\">Velocidade m\u00e1xima (km\/h)<\/td>\n<td style=\"width: 107.359%; padding-left: 40px;\">100<\/td>\n<\/tr>\n<tr style=\"padding-left: 40px;\">\n<td style=\"width: 27.2011%; padding-left: 40px;\">Mileage (km)<\/td>\n<td style=\"width: 107.359%; padding-left: 40px;\">172<\/td>\n<\/tr>\n<tr style=\"padding-left: 40px;\">\n<td style=\"width: 21.9448%; padding-left: 40px;\"><\/td>\n<td style=\"width: 27.2011%; padding-left: 40px;\">Bateria (kWh)<\/td>\n<td style=\"width: 107.359%; padding-left: 40px;\">15.12_<\/td>\n<\/tr>\n<tr style=\"padding-left: 40px;\">\n<td style=\"width: 21.9448%; padding-left: 40px;\" rowspan=\"2\">Sistema de energia<\/td>\n<td style=\"width: 27.2011%; padding-left: 40px;\">Motor (kW)<\/td>\n<td style=\"width: 107.359%; padding-left: 40px;\">15\/30kW<\/td>\n<\/tr>\n<tr style=\"padding-left: 40px;\">\n<td style=\"width: 27.2011%; padding-left: 40px;\">Cargando<\/td>\n<td style=\"width: 107.359%; padding-left: 40px;\">AC 3,3 kW<\/td>\n<\/tr>\n<tr style=\"padding-left: 40px;\">\n<td style=\"width: 21.9448%; padding-left: 40px;\" rowspan=\"3\">Sistema de ca\u00e7a<\/td>\n<td style=\"width: 27.2011%; padding-left: 40px;\">Sistema de travagem<\/td>\n<td style=\"width: 107.359%; padding-left: 40px;\" width=\"382\">Disco Fronte [UNK]Drum posterior (travagem assistido \u00e0 pot\u00eancia)<\/td>\n<\/tr>\n<tr style=\"padding-left: 40px;\">\n<td style=\"width: 27.2011%; padding-left: 40px;\">Sistema de suspens\u00e3o<\/td>\n<td style=\"width: 107.359%; padding-left: 40px;\" width=\"382\">McPherson\/Rear suspens\u00e3o n\u00e3o independente de tr\u00eas liga\u00e7\u00f5es<\/td>\n<\/tr>\n<tr style=\"padding-left: 40px;\">\n<td style=\"width: 27.2011%; padding-left: 40px;\">Tiro<\/td>\n<td style=\"width: 107.359%; padding-left: 40px;\">155\/65R13<\/td>\n<\/tr>\n<tr style=\"padding-left: 40px;\">\n<td style=\"width: 21.9448%; padding-left: 40px;\" rowspan=\"2\">Sistema de assist\u00eancia<\/td>\n<td style=\"width: 27.2011%; padding-left: 40px;\" rowspan=\"2\">Outros<\/td>\n<td style=\"width: 107.359%; padding-left: 40px;\">Direc\u00e7\u00e3o assistida por energia<\/td>\n<\/tr>\n<tr style=\"padding-left: 40px;\">\n<td style=\"width: 107.359%; padding-left: 40px;\">A\/C<\/td>\n<\/tr>\n<tr style=\"padding-left: 40px;\">\n<td style=\"width: 49.1459%; padding-left: 40px;\" colspan=\"2\">Certifica\u00e7\u00e3o<\/td>\n<td style=\"width: 107.359%; padding-left: 40px;\">Partes -- CCC&amp; ECE (ve\u00edculo): ECE (ve\u00edculo): ECE (ve\u00edculo): ECE (ve\u00edculo): ECE (ve\u00edculo): ECE (ve\u00edculo): ECE (ve\u00edculo): ECE (ve\u00edculo): ECE (ve\u00edculo): ECE<\/td>\n<\/tr>\n<\/tbody>\n<\/table>\n<hr style=\"padding-left: 40px;\" data-start=\"1008\" data-end=\"1011\" \/>\n<h2 style=\"padding-left: 40px;\" data-start=\"1013\" data-end=\"1035\">Descri\u00e7\u00e3o do produto<\/h2>\n<h3 style=\"padding-left: 40px;\" data-start=\"1037\" data-end=\"1059\">Categoria de produtos<\/h3>\n<p style=\"padding-left: 40px;\" data-start=\"1060\" data-end=\"1140\">City Electric Vehicle \/ Electric Four Wheels \/ Electric Light Commercial Vehicle<\/p>\n<h3 style=\"padding-left: 40px;\" data-start=\"1142\" data-end=\"1167\">Descri\u00e7\u00e3o do produto<\/h3>\n<p style=\"padding-left: 40px;\" data-start=\"1169\" data-end=\"1575\">Este ve\u00edculo el\u00e9trico da cidade adota um <strong data-start=\"1205\" data-end=\"1236\">disposi\u00e7\u00e3o de quatro portas e quatro lugares<\/strong>tornando-o mais pr\u00e1tico para uso familiar di\u00e1rio e viagem urbana multi-passageiros em compara\u00e7\u00e3o com micro-EVs tradicionais de dois lugares. Com dimens\u00f5es gerais de <strong data-start=\"1390\" data-end=\"1415\">3532 \u00d7 1498 \u00d7 1605 mm<\/strong> e um <strong data-start=\"1422\" data-end=\"1443\">base de rodas de 2275 mm<\/strong>o ve\u00edculo oferece um espa\u00e7o interior melhorado enquanto permanece compacto o suficiente para estradas urbanas e ambientes de estacionamento limitados.<\/p>\n<p style=\"padding-left: 40px;\" data-start=\"1577\" data-end=\"1944\">Equipado com um <strong data-start=\"1593\" data-end=\"1622\">15,12 kWh bateria de l\u00edtio<\/strong>o ve\u00edculo atinge um <strong data-start=\"1647\" data-end=\"1680\">dist\u00e2ncia de condu\u00e7\u00e3o at\u00e9 172 km<\/strong>, atendendo \u00e0s necessidades di\u00e1rias de viagem dos usu\u00e1rios urbanos, servi\u00e7os comunit\u00e1rios e flotas de mobilidade compartilhadas. O motor el\u00e9trico fornece <strong data-start=\"1808\" data-end=\"1850\">pot\u00eancia nominal de 15 kW e pot\u00eancia m\u00e1xima de 30 kW<\/strong>, assegurando acelera\u00e7\u00e3o responsiva e desempenho est\u00e1vel de condu\u00e7\u00e3o no tr\u00e1fego da cidade.<\/p>\n<p style=\"padding-left: 40px;\" data-start=\"1946\" data-end=\"2314\">Comparado com ve\u00edculos tradicionais de combust\u00edvel, isso <strong data-start=\"1992\" data-end=\"2024\">ve\u00edculo el\u00e9trico de quatro rodas<\/strong> reduz significativamente o consumo de energia e os custos de manuten\u00e7\u00e3o de rotina. O comboio el\u00e9trico simplificado minimiza o uso mec\u00e2nico, baixa as taxas de fracasso e ajuda os usu\u00e1rios a alcan\u00e7ar economias de custos a longo prazo, tornando-a uma solu\u00e7\u00e3o custo-eficaz tanto para compradores privados como para operadores comerciais.<\/p>\n<p style=\"padding-left: 40px;\" data-start=\"2316\" data-end=\"2781\">O sistema de chassis caracteriza <strong data-start=\"2344\" data-end=\"2433\">Suspens\u00e3o frontal McPherson combinada com uma suspens\u00e3o n\u00e3o independente de tr\u00eas liga\u00e7\u00f5es traseiras<\/strong>, proporcionando um equil\u00edbrio entre conforto de viagem e estabilidade estrutural. Essa configura\u00e7\u00e3o melhora o controle dos ve\u00edculos em estradas urbanas desiguais, mantendo a durabilidade sob uso di\u00e1rio frequente. O <strong data-start=\"2627\" data-end=\"2698\">disco frontal e sistema de travagem de tambor traseiro com travagem assistido \u00e0 pot\u00eancia<\/strong> melhora a confian\u00e7a e seguran\u00e7a no freio em condi\u00e7\u00f5es de condu\u00e7\u00e3o urbana de alta frequ\u00eancia.<\/p>\n<p style=\"padding-left: 40px;\" data-start=\"2783\" data-end=\"3134\">Em termos de manejo e conforto, <strong data-start=\"2817\" data-end=\"2844\">dire\u00e7\u00e3o assistida por energia<\/strong> assegura manevrabilidade f\u00e1cil a baixas velocidades, enquanto a integra\u00e7\u00e3o <strong data-start=\"2910\" data-end=\"2937\">sistema de ar condicionado<\/strong> melhora o conforto de conduzir atrav\u00e9s de diferentes climas e esta\u00e7\u00f5es. Com <strong data-start=\"3007\" data-end=\"3027\">pneus 155\/65 R13<\/strong>o ve\u00edculo atinge contato rodovi\u00e1rio est\u00e1vel e baixa resist\u00eancia ao rolamento, melhorando ainda mais a efici\u00eancia energ\u00e9tica.<\/p>\n<p style=\"padding-left: 40px;\" data-start=\"3136\" data-end=\"3516\">Certificado com <strong data-start=\"3151\" data-end=\"3180\">Certifica\u00e7\u00e3o de ve\u00edculos CCC<\/strong> e <strong data-start=\"3185\" data-end=\"3213\">CCC &amp; a aprova\u00e7\u00e3o das partes da ECE<\/strong>este modelo satisfaz requisitos regulat\u00f3rios essenciais para mercados dom\u00e9sticos e selecionados no estrangeiro. Como <strong data-start=\"3315\" data-end=\"3346\">plataforma de ve\u00edculos personalizada<\/strong>, apoia modifica\u00e7\u00f5es do OEM, incluindo configura\u00e7\u00f5es internas, elementos de marca e ajustes funcionais, permitindo adapta\u00e7\u00e3o flex\u00edvel \u00e0s diferentes necessidades do mercado.<\/p>\n<hr style=\"padding-left: 40px;\" data-start=\"3518\" data-end=\"3521\" \/>\n<h2 style=\"padding-left: 40px;\" data-start=\"3523\" data-end=\"3565\">Caracter\u00edsticas-chave e - Avantagens (M\u00e9todo FABE)<\/h2>\n<h3 style=\"padding-left: 40px;\" data-start=\"3567\" data-end=\"3581\">Caracter\u00edsticas<\/h3>\n<ul>\n<li style=\"list-style-type: none;\">\n<ul data-start=\"3582\" data-end=\"3792\">\n<li data-start=\"3582\" data-end=\"3628\">\n<p data-start=\"3584\" data-end=\"3628\">Configura\u00e7\u00e3o de EV de quatro portas e quatro lugares<\/p>\n<\/li>\n<li data-start=\"3629\" data-end=\"3665\">\n<p data-start=\"3631\" data-end=\"3665\">sistema de bateria de l\u00edtio de 15,12 kWh<\/p>\n<\/li>\n<li data-start=\"3666\" data-end=\"3709\">\n<p data-start=\"3668\" data-end=\"3709\">Pot\u00eancia motora estimada\/m\u00e1xima: 15 kW\/30 kW<\/p>\n<\/li>\n<li data-start=\"3710\" data-end=\"3759\">\n<p data-start=\"3712\" data-end=\"3759\">Disco frontal &amp; - travagem assistido pela pot\u00eancia de tambor traseiro<\/p>\n<\/li>\n<li data-start=\"3760\" data-end=\"3792\">\n<p data-start=\"3762\" data-end=\"3792\">Capacidade de personaliza\u00e7\u00e3o OEM<\/p>\n<\/li>\n<\/ul>\n<\/li>\n<\/ul>\n<h3 style=\"padding-left: 40px;\" data-start=\"3794\" data-end=\"3810\">Avantagens<\/h3>\n<ul>\n<li style=\"list-style-type: none;\">\n<ul data-start=\"3811\" data-end=\"4026\">\n<li data-start=\"3811\" data-end=\"3861\">\n<p data-start=\"3813\" data-end=\"3861\">Mais capacidade de passageiros do que micro-EVs t\u00edpicos<\/p>\n<\/li>\n<li data-start=\"3862\" data-end=\"3931\">\n<p data-start=\"3864\" data-end=\"3931\">menores custos de funcionamento e manuten\u00e7\u00e3o em compara\u00e7\u00e3o com ve\u00edculos de combust\u00edvel<\/p>\n<\/li>\n<li data-start=\"3932\" data-end=\"3979\">\n<p data-start=\"3934\" data-end=\"3979\">Performa\u00e7\u00e3o est\u00e1vel de condu\u00e7\u00e3o no tr\u00e1fego urbano<\/p>\n<\/li>\n<li data-start=\"3980\" data-end=\"4026\">\n<p data-start=\"3982\" data-end=\"4026\">Comfort\u00e1vel ajustamento de dire\u00e7\u00e3o e suspens\u00e3o<\/p>\n<\/li>\n<\/ul>\n<\/li>\n<\/ul>\n<h3 style=\"padding-left: 40px;\" data-start=\"4028\" data-end=\"4048\">Benef\u00edcios do comprador<\/h3>\n<ul>\n<li style=\"list-style-type: none;\">\n<ul data-start=\"4049\" data-end=\"4255\">\n<li data-start=\"4049\" data-end=\"4106\">\n<p data-start=\"4051\" data-end=\"4106\">Ideal para flotas de viagem familiar e mobilidade compartilhada<\/p>\n<\/li>\n<li data-start=\"4107\" data-end=\"4148\">\n<p data-start=\"4109\" data-end=\"4148\">Reduzido custo total de propriedade (TCO)<\/p>\n<\/li>\n<li data-start=\"4149\" data-end=\"4195\">\n<p data-start=\"4151\" data-end=\"4195\">Carga di\u00e1ria f\u00e1cil com suporte AC 3,3 kW<\/p>\n<\/li>\n<li data-start=\"4196\" data-end=\"4255\">\n<p data-start=\"4198\" data-end=\"4255\">Adapta\u00e7\u00e3o flex\u00edvel para diferentes posi\u00e7\u00f5es de mercado<\/p>\n<\/li>\n<\/ul>\n<\/li>\n<\/ul>\n<h3 style=\"padding-left: 40px;\" data-start=\"4257\" data-end=\"4271\">Provas<\/h3>\n<ul>\n<li style=\"list-style-type: none;\">\n<ul data-start=\"4272\" data-end=\"4423\">\n<li data-start=\"4272\" data-end=\"4314\">\n<p data-start=\"4274\" data-end=\"4314\">Conformidade certificada com ve\u00edculos e pe\u00e7as<\/p>\n<\/li>\n<li data-start=\"4315\" data-end=\"4358\">\n<p data-start=\"4317\" data-end=\"4358\">Arquitetura provada da treina el\u00e9trica<\/p>\n<\/li>\n<li data-start=\"4359\" data-end=\"4423\">\n<p data-start=\"4361\" data-end=\"4423\">Tecnologias de suspens\u00e3o e travagem amplamente utilizadas em EV urbanos<\/p>\n<\/li>\n<\/ul>\n<\/li>\n<\/ul>\n<hr style=\"padding-left: 40px;\" data-start=\"4425\" data-end=\"4428\" \/>\n<h2 style=\"padding-left: 40px;\" data-start=\"4430\" data-end=\"4454\">Escen\u00e1rios de aplica\u00e7\u00f5es<\/h2>\n<ul>\n<li style=\"list-style-type: none;\">\n<ul data-start=\"4456\" data-end=\"4654\">\n<li data-start=\"4456\" data-end=\"4482\">\n<p data-start=\"4458\" data-end=\"4482\">Fam\u00edlia urbana viajando<\/p>\n<\/li>\n<li data-start=\"4483\" data-end=\"4512\">\n<p data-start=\"4485\" data-end=\"4512\">Transporte diario da cidade<\/p>\n<\/li>\n<li data-start=\"4513\" data-end=\"4557\">\n<p data-start=\"4515\" data-end=\"4557\">Mobilidade compartilhada e projetos de compartilhamento de carros<\/p>\n<\/li>\n<li data-start=\"4558\" data-end=\"4591\">\n<p data-start=\"4560\" data-end=\"4591\">Utiliza\u00e7\u00e3o comunit\u00e1ria e residencial<\/p>\n<\/li>\n<li data-start=\"4592\" data-end=\"4654\">\n<p data-start=\"4594\" data-end=\"4654\">Solu\u00e7\u00f5es personalizadas de ve\u00edculos el\u00e9tricos para mercados emergentes<\/p>\n<\/li>\n<\/ul>\n<\/li>\n<\/ul>\n<hr style=\"padding-left: 40px;\" data-start=\"4656\" data-end=\"4659\" \/>\n<h2 style=\"padding-left: 40px;\" data-start=\"4661\" data-end=\"4697\">Por que escolher este modelo de Tairui<\/h2>\n<p style=\"padding-left: 40px;\" data-start=\"4699\" data-end=\"5070\">Apoiado pelas capacidades integradas de Tairui em pesquisa e desenvolvimento de ve\u00edculos D, fabrica\u00e7\u00e3o e personaliza\u00e7\u00e3o, este ve\u00edculo el\u00e9trico da cidade \u00e9 mais do que um produto padr\u00e3o - \u00e9 um escal\u00e1vel <strong data-start=\"4868\" data-end=\"4898\">solu\u00e7\u00e3o de mobilidade el\u00e9trica<\/strong>N\u00f3s apoiamos clientes com op\u00e7\u00f5es flex\u00edveis de OEM, capacidade est\u00e1vel de abastecimento e servi\u00e7o profissional de p\u00f3s-vendas, ajudando a reduzir o risco de aquisi\u00e7\u00e3o e acelerar a entrada no mercado.<\/p>\n<hr style=\"padding-left: 40px;\" data-start=\"5072\" data-end=\"5075\" \/>\n<h2 style=\"padding-left: 40px;\" data-start=\"5077\" data-end=\"5100\">Chamada \u00e0 Ac\u00e7\u00e3o (CTA)<\/h2>\n<p style=\"padding-left: 40px;\" data-start=\"5102\" data-end=\"5376\">Procurando uma confiabilidade <strong data-start=\"5127\" data-end=\"5152\">ve\u00edculo el\u00e9trico da cidade<\/strong> ou <strong data-start=\"5158\" data-end=\"5202\">solu\u00e7\u00e3o el\u00e9trica de quatro rodas personalizada<\/strong> para seu mercado?<br data-start=\"5219\" data-end=\"5222\" \/><strong data-start=\"5222\" data-end=\"5242\">Contacte-nos hoje<\/strong> para receber especifica\u00e7\u00f5es detalhadas, op\u00e7\u00f5es de personaliza\u00e7\u00e3o OEM, informa\u00e7\u00e3o de pre\u00e7os e suporte t\u00e9cnico de nossa equipe profissional.<\/p>\n<hr style=\"padding-left: 40px;\" data-start=\"5378\" data-end=\"5381\" \/>\n<h2 style=\"padding-left: 40px;\" data-start=\"5383\" data-end=\"5389\">FAQ<\/h2>\n<p style=\"padding-left: 40px;\" data-start=\"5391\" data-end=\"5541\"><strong data-start=\"5391\" data-end=\"5439\">Q1: Este ve\u00edculo \u00e9 adequado para uso familiar?<\/strong><br data-start=\"5439\" data-end=\"5442\" \/>Sim. O design de quatro portas e quatro cadeiras faz com que seja adequado para viagem familiar di\u00e1ria e urbana.<\/p>\n<p style=\"padding-left: 40px;\" data-start=\"5543\" data-end=\"5710\"><strong data-start=\"5543\" data-end=\"5603\">Q2: O ve\u00edculo pode ser personalizado para mercados diferentes?<\/strong><br data-start=\"5603\" data-end=\"5606\" \/>Sim. A personaliza\u00e7\u00e3o OEM est\u00e1 dispon\u00edvel, incluindo disposi\u00e7\u00e3o interior, marca e configura\u00e7\u00f5es funcionais.<\/p>\n<p style=\"padding-left: 40px;\" data-start=\"5712\" data-end=\"5830\"><strong data-start=\"5712\" data-end=\"5746\">Q3: Qual \u00e9 o intervalo de condu\u00e7\u00e3o?<\/strong><br data-start=\"5746\" data-end=\"5749\" \/>O ve\u00edculo oferece uma gama de condu\u00e7\u00e3o at\u00e9 <strong data-start=\"5793\" data-end=\"5803\">172 km<\/strong> em condi\u00e7\u00f5es padr\u00f5es.<\/p>\n<p style=\"padding-left: 40px;\" data-start=\"5832\" data-end=\"5964\"><strong data-start=\"5832\" data-end=\"5876\">Q4: Quais op\u00e7\u00f5es de carga s\u00e3o apoiadas?<\/strong><br data-start=\"5876\" data-end=\"5879\" \/>Ele apoia <strong data-start=\"5891\" data-end=\"5913\">Carga AC 3,3 kW<\/strong>, adequados para instala\u00e7\u00f5es de carga de casa e comercial.<\/p>\n<p style=\"padding-left: 40px;\" data-start=\"5966\" data-end=\"6112\"><strong data-start=\"5966\" data-end=\"6023\">Q5: O ve\u00edculo cumpre os requisitos de certifica\u00e7\u00e3o?<\/strong><br data-start=\"6023\" data-end=\"6026\" \/>Sim. \u00c9 conforme com <strong data-start=\"6048\" data-end=\"6077\">Certifica\u00e7\u00e3o de ve\u00edculos CCC<\/strong> e <strong data-start=\"6082\" data-end=\"6111\">CCC &amp; o padr\u00e3o das partes da ECE<\/strong>.<\/p>","protected":false},"excerpt":{"rendered":"<p>Este ve\u00edculo el\u00e9trico de quatro portas da cidade \u00e9 projetado para fam\u00edlias urbanas modernas e uso compartilhado de mobilidade. Combinando dimens\u00f5es compactas, desempenho el\u00e9trico est\u00e1vel e baixos custos de propriedade, proporciona uma solu\u00e7\u00e3o confort\u00e1vel e ecol\u00f3gica para viagem di\u00e1ria e transporte a curta dist\u00e2ncia.<\/p>","protected":false},"featured_media":2045,"comment_status":"open","ping_status":"closed","template":"","meta":[],"product_brand":[],"product_cat":[77],"product_tag":[],"class_list":{"0":"post-1022","1":"product","2":"type-product","3":"status-publish","4":"has-post-thumbnail","6":"product_cat-electric-micro-vehicle","8":"first","9":"instock","10":"shipping-taxable","11":"product-type-simple"},"_links":{"self":[{"href":"https:\/\/www.tairuiauto.com\/pt\/wp-json\/wp\/v2\/product\/1022","targetHints":{"allow":["GET"]}}],"collection":[{"href":"https:\/\/www.tairuiauto.com\/pt\/wp-json\/wp\/v2\/product"}],"about":[{"href":"https:\/\/www.tairuiauto.com\/pt\/wp-json\/wp\/v2\/types\/product"}],"replies":[{"embeddable":true,"href":"https:\/\/www.tairuiauto.com\/pt\/wp-json\/wp\/v2\/comments?post=1022"}],"wp:featuredmedia":[{"embeddable":true,"href":"https:\/\/www.tairuiauto.com\/pt\/wp-json\/wp\/v2\/media\/2045"}],"wp:attachment":[{"href":"https:\/\/www.tairuiauto.com\/pt\/wp-json\/wp\/v2\/media?parent=1022"}],"wp:term":[{"taxonomy":"product_brand","embeddable":true,"href":"https:\/\/www.tairuiauto.com\/pt\/wp-json\/wp\/v2\/product_brand?post=1022"},{"taxonomy":"product_cat","embeddable":true,"href":"https:\/\/www.tairuiauto.com\/pt\/wp-json\/wp\/v2\/product_cat?post=1022"},{"taxonomy":"product_tag","embeddable":true,"href":"https:\/\/www.tairuiauto.com\/pt\/wp-json\/wp\/v2\/product_tag?post=1022"}],"curies":[{"name":"wp","href":"https:\/\/api.w.org\/{rel}","templated":true}]}}