{"id":1024,"date":"2025-02-08T16:36:19","date_gmt":"2025-02-08T08:36:19","guid":{"rendered":"http:\/\/www.tairuiauto.com\/?post_type=product&#038;p=1024"},"modified":"2025-12-17T08:51:59","modified_gmt":"2025-12-17T00:51:59","slug":"mini-cooper-z001","status":"publish","type":"product","link":"https:\/\/www.tairuiauto.com\/pt\/product\/mini-cooper-z001\/","title":{"rendered":"mini c\u00f3pera 4 rodas"},"content":{"rendered":"<h2 style=\"padding-left: 40px;\" data-start=\"732\" data-end=\"772\">Vista geral dos produtos<\/h2>\n<p style=\"padding-left: 40px;\" data-start=\"774\" data-end=\"1127\">O <strong data-start=\"778\" data-end=\"801\">Mini Cooper 4 Wheel<\/strong> \u00e9 um vers\u00e1til <strong data-start=\"817\" data-end=\"842\">ve\u00edculo el\u00e9trico da cidade<\/strong> constru\u00edda em uma plataforma el\u00e9trica de quatro rodas, combinando dimens\u00f5es compactas com espa\u00e7o interior melhorado e intervalo de condu\u00e7\u00e3o. Ela \u00e9 concebida para atender \u00e0s necessidades das fam\u00edlias urbanas, dos viajantes di\u00e1rios e dos distribuidores internacionais buscando solu\u00e7\u00f5es de mobilidade el\u00e9trica confi\u00e1veis e rentavelmente eficazes.<\/p>\n<table style=\"width: 74.4368%; margin-left: 40px;\" width=\"895\">\n<tbody style=\"padding-left: 40px;\">\n<tr style=\"padding-left: 40px;\">\n<td style=\"width: 50.5006%; padding-left: 40px;\" colspan=\"2\" width=\"458\">Vers\u00e3o[UNK]name<\/td>\n<td style=\"width: 62.1802%; padding-left: 40px;\" colspan=\"2\" width=\"437\">mini c\u00f3pera 4 rodas<\/td>\n<\/tr>\n<tr style=\"padding-left: 40px;\">\n<td style=\"width: 19.911%; padding-left: 40px;\" rowspan=\"4\" width=\"178\">Dimens\u00e3o<\/td>\n<td style=\"width: 30.5895%; padding-left: 40px;\" width=\"279\">L\u00d7W\u00d7H(mm)<\/td>\n<td style=\"width: 62.1802%; padding-left: 40px;\" colspan=\"2\" width=\"437\">3444*1550*1535<\/td>\n<\/tr>\n<tr style=\"padding-left: 40px;\">\n<td style=\"width: 30.5895%; padding-left: 40px;\" width=\"279\">N\u00famero de portas\/assentos<\/td>\n<td style=\"width: 62.1802%; padding-left: 40px;\" colspan=\"2\" width=\"437\">3 portas 4 assentos<\/td>\n<\/tr>\n<tr style=\"padding-left: 40px;\">\n<td style=\"width: 30.5895%; padding-left: 40px;\" width=\"279\">Largura da pista F\/R (mm)<\/td>\n<td style=\"width: 62.1802%; padding-left: 40px;\" colspan=\"2\" width=\"437\">1360\/1342<\/td>\n<\/tr>\n<tr style=\"padding-left: 40px;\">\n<td style=\"width: 30.5895%; padding-left: 40px;\" width=\"279\">Base de rodas (mm)<\/td>\n<td style=\"width: 62.1802%; padding-left: 40px;\" colspan=\"2\" width=\"437\">2350<\/td>\n<\/tr>\n<tr style=\"padding-left: 40px;\">\n<td style=\"width: 19.911%; padding-left: 40px;\" width=\"178\">Peso<\/td>\n<td style=\"width: 30.5895%; padding-left: 40px;\" width=\"279\">Passageiros classificados<\/td>\n<td style=\"width: 62.1802%; padding-left: 40px;\" colspan=\"2\" width=\"437\">4 pessoas<\/td>\n<\/tr>\n<tr style=\"padding-left: 40px;\">\n<td style=\"width: 19.911%; padding-left: 40px;\" rowspan=\"2\" width=\"178\">Performance<\/td>\n<td style=\"width: 30.5895%; padding-left: 40px;\" width=\"279\">Velocidade m\u00e1xima (km\/h)<\/td>\n<td style=\"width: 62.1802%; padding-left: 40px;\" colspan=\"2\" width=\"437\">100<\/td>\n<\/tr>\n<tr style=\"padding-left: 40px;\">\n<td style=\"width: 30.5895%; padding-left: 40px;\" width=\"279\">Mileage (km)<\/td>\n<td style=\"width: 62.1802%; padding-left: 40px;\" colspan=\"2\" width=\"437\">219<\/td>\n<\/tr>\n<tr style=\"padding-left: 40px;\">\n<td style=\"width: 19.911%; padding-left: 40px;\" rowspan=\"3\" width=\"178\">Sistema de energia<\/td>\n<td style=\"width: 30.5895%; padding-left: 40px;\" width=\"279\">Bateria (kWh)<\/td>\n<td style=\"width: 62.1802%; padding-left: 40px;\" colspan=\"2\" width=\"437\">18,43KWh bateria de l\u00edtio<\/td>\n<\/tr>\n<tr style=\"padding-left: 40px;\">\n<td style=\"width: 30.5895%; padding-left: 40px;\" width=\"279\">Motor (kW)<\/td>\n<td style=\"width: 62.1802%; padding-left: 40px;\" colspan=\"2\" width=\"437\">valorizado 12KW pico 25KW<\/td>\n<\/tr>\n<tr style=\"padding-left: 40px;\">\n<td style=\"width: 30.5895%; padding-left: 40px;\" width=\"279\">Cargando<\/td>\n<td style=\"width: 62.1802%; padding-left: 40px;\" colspan=\"2\" width=\"437\">7h<\/td>\n<\/tr>\n<tr style=\"padding-left: 40px;\">\n<td style=\"width: 19.911%; padding-left: 40px;\" rowspan=\"3\" width=\"178\">Sistema de ca\u00e7a<\/td>\n<td style=\"width: 30.5895%; padding-left: 40px;\" width=\"279\">Sistema de travagem<\/td>\n<td style=\"width: 62.1802%; padding-left: 40px;\" colspan=\"2\" width=\"437\">Front Disk&amp; Trabalho<\/td>\n<\/tr>\n<tr style=\"padding-left: 40px;\">\n<td style=\"width: 30.5895%; padding-left: 40px;\" width=\"279\">Sistema de suspens\u00e3o<\/td>\n<td style=\"width: 62.1802%; padding-left: 40px;\" colspan=\"2\" width=\"437\">Fronte: Suspens\u00e3o independente McPherson<br \/>\nSuspens\u00e3o de liga\u00e7\u00e3o posterior.multi<\/td>\n<\/tr>\n<tr style=\"padding-left: 40px;\">\n<td style=\"width: 30.5895%; padding-left: 40px;\" width=\"279\">Tiro<\/td>\n<td style=\"width: 62.1802%; padding-left: 40px;\" colspan=\"2\" width=\"437\">175\/55R15<\/td>\n<\/tr>\n<tr style=\"padding-left: 40px;\">\n<td style=\"width: 19.911%; padding-left: 40px;\" rowspan=\"2\" width=\"178\">\u00a0Assist\u00eancia<br \/>\nsistema<\/td>\n<td style=\"width: 30.5895%; padding-left: 40px;\" rowspan=\"2\" width=\"279\">Outros<\/td>\n<td style=\"width: 62.1802%; padding-left: 40px;\" colspan=\"2\" width=\"437\">Direc\u00e7\u00e3o assistida por energia<\/td>\n<\/tr>\n<tr style=\"padding-left: 40px;\">\n<td style=\"width: 62.1802%; padding-left: 40px;\" colspan=\"2\" width=\"437\">A\/C<\/td>\n<\/tr>\n<tr style=\"padding-left: 40px;\">\n<td style=\"width: 50.5006%; padding-left: 40px;\" colspan=\"2\" width=\"458\">Certifica\u00e7\u00e3o<\/td>\n<td style=\"width: 21.3571%; padding-left: 40px;\" width=\"193\">\u00a0Partes:ECE<\/td>\n<td style=\"width: 40.8231%; padding-left: 40px;\" width=\"244\">Ve\u00edculo: CEE<\/td>\n<\/tr>\n<\/tbody>\n<\/table>\n<hr style=\"padding-left: 40px;\" data-start=\"1129\" data-end=\"1132\" \/>\n<h2 style=\"padding-left: 40px;\" data-start=\"1134\" data-end=\"1156\">Descri\u00e7\u00e3o do produto<\/h2>\n<h3 style=\"padding-left: 40px;\" data-start=\"1158\" data-end=\"1180\">Categoria de produtos<\/h3>\n<p style=\"padding-left: 40px;\" data-start=\"1181\" data-end=\"1261\">City Electric Vehicle \/ Electric Four Wheels \/ Electric Light Commercial Vehicle<\/p>\n<h3 style=\"padding-left: 40px;\" data-start=\"1263\" data-end=\"1288\">Descri\u00e7\u00e3o do produto<\/h3>\n<p style=\"padding-left: 40px;\" data-start=\"1290\" data-end=\"1698\">O <strong data-start=\"1294\" data-end=\"1317\">Mini Cooper 4 Wheel<\/strong> adota um <strong data-start=\"1327\" data-end=\"1366\">configura\u00e7\u00e3o de tr\u00eas portas e quatro lugares<\/strong>oferecendo uma combina\u00e7\u00e3o equilibrada de tamanho exterior compacto e capacidade pr\u00e1tica de sentado interior. Com dimens\u00f5es gerais de <strong data-start=\"1493\" data-end=\"1518\">3444 \u00d7 1550 \u00d7 1535 mm<\/strong> e um <strong data-start=\"1525\" data-end=\"1546\">base de rodas de 2350 mm<\/strong>o ve\u00edculo proporciona um espa\u00e7o de cabina melhorado e estabilidade de condu\u00e7\u00e3o enquanto permanece o suficientemente \u00e1gil para o tr\u00e2nsito urbano denso e ambientes limitados de estacionamento.<\/p>\n<p style=\"padding-left: 40px;\" data-start=\"1700\" data-end=\"2138\">Equipado com um <strong data-start=\"1717\" data-end=\"1746\">18,43 kWh bateria de l\u00edtio<\/strong>este ve\u00edculo el\u00e9trico da cidade fornece um impressionante <strong data-start=\"1798\" data-end=\"1831\">dist\u00e2ncia de condu\u00e7\u00e3o at\u00e9 219 km<\/strong>, tornando-a adequada para viagens di\u00e1rias prolongadas, viagens de v\u00e1rias paradas, e uso compartilhado de mobilidade urbana. O motor el\u00e9trico oferece <strong data-start=\"1963\" data-end=\"2005\">pot\u00eancia nominal de 12 kW e pot\u00eancia m\u00e1xima de 25 kW<\/strong>, assegurando acelera\u00e7\u00e3o suave, entrega de energia responsiva e desempenho consistente durante condi\u00e7\u00f5es frequentes de parada e sa\u00edda.<\/p>\n<p style=\"padding-left: 40px;\" data-start=\"2140\" data-end=\"2528\">Comparado com ve\u00edculos tradicionais alimentados com combust\u00edvel, a Mini Cooper 4 Wheel reduz significativamente os custos de funcionamento atrav\u00e9s de menor consumo de energia e requisitos simplificados de manuten\u00e7\u00e3o. Como um <strong data-start=\"2331\" data-end=\"2363\">ve\u00edculo el\u00e9trico de quatro rodas<\/strong>, elimina componentes complexos de motores, resultando em menores fracassos mec\u00e2nicos e menores custos de propriedade a longo prazo tanto para compradores individuais como para operadores da frota.<\/p>\n<p style=\"padding-left: 40px;\" data-start=\"2530\" data-end=\"2974\">O sistema de chassis apresenta um <strong data-start=\"2560\" data-end=\"2602\">Suspens\u00e3o da frente independente do McPherson<\/strong> combinados com um <strong data-start=\"2619\" data-end=\"2649\">suspens\u00e3o de multiliga\u00e7\u00e3o traseira<\/strong>melhorando o conforto de viagem, a estabilidade dos ve\u00edculos e a adaptabilidade rodovi\u00e1ria. Essa suspens\u00e3o melhora o desempenho de manejo em estradas urbanas desiguais, mantendo conforto durante viagens di\u00e1rias mais longas. O <strong data-start=\"2849\" data-end=\"2892\">disco frontal e sistema de travagem de tambor traseiro<\/strong> assegura um desempenho confi\u00e1vel de travagem e seguran\u00e7a em v\u00e1rias condi\u00e7\u00f5es de condu\u00e7\u00e3o.<\/p>\n<p style=\"padding-left: 40px;\" data-start=\"2976\" data-end=\"3391\">Para melhorar o conforto de condu\u00e7\u00e3o e o controle, o ve\u00edculo est\u00e1 equipado <strong data-start=\"3047\" data-end=\"3074\">dire\u00e7\u00e3o assistida por energia<\/strong>permitindo manobras sem esfor\u00e7o a baixas velocidades e melhor manejo em ambientes urbanos. O <strong data-start=\"3170\" data-end=\"3190\">pneus 175\/55 R15<\/strong> fornecer um parche de contato est\u00e1vel e uma agarrada otimizada, contribuindo para a seguran\u00e7a de condu\u00e7\u00e3o e efici\u00eancia energ\u00e9tica. Uma integra\u00e7\u00e3o <strong data-start=\"3310\" data-end=\"3337\">sistema de ar condicionado<\/strong> melhora ainda o conforto da cabina em diferentes climas.<\/p>\n<p style=\"padding-left: 40px;\" data-start=\"3393\" data-end=\"3773\">A Mini Cooper 4 Wheel \u00e9 certificada com <strong data-start=\"3435\" data-end=\"3462\">Certifica\u00e7\u00e3o das partes da ECE<\/strong> e <strong data-start=\"3467\" data-end=\"3496\">Certifica\u00e7\u00e3o CEE de ve\u00edculos<\/strong>, cumprindo padr\u00f5es regulamentares fundamentais para mercados internacionais. Como <strong data-start=\"3563\" data-end=\"3594\">plataforma de ve\u00edculos personalizada<\/strong>, apoia op\u00e7\u00f5es de personaliza\u00e7\u00e3o OEM, incluindo marcagem, ajustes internos e atualiza\u00e7\u00f5es de configura\u00e7\u00e3o funcional, possibilitando adapta\u00e7\u00e3o flex\u00edvel a diferentes demandas do mercado.<\/p>\n<hr style=\"padding-left: 40px;\" data-start=\"3775\" data-end=\"3778\" \/>\n<h2 style=\"padding-left: 40px;\" data-start=\"3780\" data-end=\"3822\">Caracter\u00edsticas-chave e - Avantagens (M\u00e9todo FABE)<\/h2>\n<h3 style=\"padding-left: 40px;\" data-start=\"3824\" data-end=\"3838\">Caracter\u00edsticas<\/h3>\n<ul>\n<li style=\"list-style-type: none;\">\n<ul data-start=\"3839\" data-end=\"4071\">\n<li data-start=\"3839\" data-end=\"3882\">\n<p data-start=\"3841\" data-end=\"3882\">Design de EV compacto de tr\u00eas portas e quatro lugares<\/p>\n<\/li>\n<li data-start=\"3883\" data-end=\"3932\">\n<p data-start=\"3885\" data-end=\"3932\">Bateria de l\u00edtio de 18,43 kWh com intervalo alargado<\/p>\n<\/li>\n<li data-start=\"3933\" data-end=\"3976\">\n<p data-start=\"3935\" data-end=\"3976\">Pot\u00eancia motora estimada\/m\u00e1xima: 12 kW\/25 kW<\/p>\n<\/li>\n<li data-start=\"3977\" data-end=\"4018\">\n<p data-start=\"3979\" data-end=\"4018\">Disco frontal &amp; o sistema de travagem de tambor traseiro<\/p>\n<\/li>\n<li data-start=\"4019\" data-end=\"4071\">\n<p data-start=\"4021\" data-end=\"4071\">Suspens\u00e3o posterior de frente independente e multiliga\u00e7\u00e3o<\/p>\n<\/li>\n<\/ul>\n<\/li>\n<\/ul>\n<h3 style=\"padding-left: 40px;\" data-start=\"4073\" data-end=\"4089\">Avantagens<\/h3>\n<ul>\n<li style=\"list-style-type: none;\">\n<ul data-start=\"4090\" data-end=\"4292\">\n<li data-start=\"4090\" data-end=\"4134\">\n<p data-start=\"4092\" data-end=\"4134\">Longer driving range for urban daily use<\/p>\n<\/li>\n<li data-start=\"4135\" data-end=\"4202\">\n<p data-start=\"4137\" data-end=\"4202\">menores custos de funcionamento e manuten\u00e7\u00e3o em compara\u00e7\u00e3o com ve\u00edculos de combust\u00edvel<\/p>\n<\/li>\n<li data-start=\"4203\" data-end=\"4243\">\n<p data-start=\"4205\" data-end=\"4243\">Viagem confort\u00e1vel e manejo est\u00e1vel<\/p>\n<\/li>\n<li data-start=\"4244\" data-end=\"4292\">\n<p data-start=\"4246\" data-end=\"4292\">Tamanho compacto com capacidade pr\u00e1tica de assento<\/p>\n<\/li>\n<\/ul>\n<\/li>\n<\/ul>\n<h3 style=\"padding-left: 40px;\" data-start=\"4294\" data-end=\"4314\">Benef\u00edcios do comprador<\/h3>\n<ul>\n<li style=\"list-style-type: none;\">\n<ul data-start=\"4315\" data-end=\"4539\">\n<li data-start=\"4315\" data-end=\"4356\">\n<p data-start=\"4317\" data-end=\"4356\">Reduzido custo total de propriedade (TCO)<\/p>\n<\/li>\n<li data-start=\"4357\" data-end=\"4419\">\n<p data-start=\"4359\" data-end=\"4419\">Adequado para projetos de viagem familiar e mobilidade compartilhada<\/p>\n<\/li>\n<li data-start=\"4420\" data-end=\"4475\">\n<p data-start=\"4422\" data-end=\"4475\">\u00c9 f\u00e1cil carregar durante a noite com um tempo de carregamento de 7 horas<\/p>\n<\/li>\n<li data-start=\"4476\" data-end=\"4539\">\n<p data-start=\"4478\" data-end=\"4539\">Adapta\u00e7\u00e3o flex\u00edvel do OEM para diferentes posi\u00e7\u00f5es de mercado<\/p>\n<\/li>\n<\/ul>\n<\/li>\n<\/ul>\n<h3 style=\"padding-left: 40px;\" data-start=\"4541\" data-end=\"4555\">Provas<\/h3>\n<ul>\n<li style=\"list-style-type: none;\">\n<ul data-start=\"4556\" data-end=\"4719\">\n<li data-start=\"4556\" data-end=\"4604\">\n<p data-start=\"4558\" data-end=\"4604\">Certifica\u00e7\u00e3o CEE de ve\u00edculos para mercados de exporta\u00e7\u00e3o<\/p>\n<\/li>\n<li data-start=\"4605\" data-end=\"4648\">\n<p data-start=\"4607\" data-end=\"4648\">Arquitetura de comboio el\u00e9trico comprovada<\/p>\n<\/li>\n<li data-start=\"4649\" data-end=\"4719\">\n<p data-start=\"4651\" data-end=\"4719\">Tecnologias de suspens\u00e3o e travagem maduras amplamente usadas em EV da cidade<\/p>\n<\/li>\n<\/ul>\n<\/li>\n<\/ul>\n<hr style=\"padding-left: 40px;\" data-start=\"4721\" data-end=\"4724\" \/>\n<h2 style=\"padding-left: 40px;\" data-start=\"4726\" data-end=\"4750\">Escen\u00e1rios de aplica\u00e7\u00f5es<\/h2>\n<ul>\n<li style=\"list-style-type: none;\">\n<ul data-start=\"4752\" data-end=\"4951\">\n<li data-start=\"4752\" data-end=\"4778\">\n<p data-start=\"4754\" data-end=\"4778\">Fam\u00edlia urbana viajando<\/p>\n<\/li>\n<li data-start=\"4779\" data-end=\"4808\">\n<p data-start=\"4781\" data-end=\"4808\">Transporte diario da cidade<\/p>\n<\/li>\n<li data-start=\"4809\" data-end=\"4853\">\n<p data-start=\"4811\" data-end=\"4853\">Mobilidade compartilhada e servi\u00e7os de compartilhamento de carros<\/p>\n<\/li>\n<li data-start=\"4854\" data-end=\"4889\">\n<p data-start=\"4856\" data-end=\"4889\">Viagem de intercidade de curta dist\u00e2ncia<\/p>\n<\/li>\n<li data-start=\"4890\" data-end=\"4951\">\n<p data-start=\"4892\" data-end=\"4951\">Projetos de ve\u00edculos el\u00e9tricos personalizados para mercados estrangeiros<\/p>\n<\/li>\n<\/ul>\n<\/li>\n<\/ul>\n<hr style=\"padding-left: 40px;\" data-start=\"4953\" data-end=\"4956\" \/>\n<h2 style=\"padding-left: 40px;\" data-start=\"4958\" data-end=\"5003\">Por que escolher Mini Cooper 4 Ruas de Tairui<\/h2>\n<p style=\"padding-left: 40px;\" data-start=\"5005\" data-end=\"5374\">Com anos de experi\u00eancia em pesquisa e desenvolvimento de ve\u00edculos el\u00e9tricos D e fabrica\u00e7\u00e3o, <strong data-start=\"5073\" data-end=\"5127\">Shandong Tairui Automobile &amp; Electronics Co., Ltd.<\/strong> fornece mais do que ve\u00edculos padr\u00e3o. N\u00f3s fornecemos completos <strong data-start=\"5186\" data-end=\"5217\">solu\u00e7\u00f5es de mobilidade el\u00e9trica<\/strong>, combinando capacidade de produ\u00e7\u00e3o est\u00e1vel, personaliza\u00e7\u00e3o OEM, e apoio profissional ap\u00f3s vendas para ajudar os clientes a entrar e expandir seus mercados eficientemente.<\/p>\n<hr style=\"padding-left: 40px;\" data-start=\"5376\" data-end=\"5379\" \/>\n<h2 style=\"padding-left: 40px;\" data-start=\"5381\" data-end=\"5404\">Chamada \u00e0 Ac\u00e7\u00e3o (CTA)<\/h2>\n<p style=\"padding-left: 40px;\" data-start=\"5406\" data-end=\"5678\">Procurando uma confiabilidade <strong data-start=\"5429\" data-end=\"5454\">ve\u00edculo el\u00e9trico da cidade<\/strong> ou <strong data-start=\"5460\" data-end=\"5504\">solu\u00e7\u00e3o el\u00e9trica de quatro rodas personalizada<\/strong> para seu mercado?<br data-start=\"5521\" data-end=\"5524\" \/><strong data-start=\"5524\" data-end=\"5544\">Contacte-nos hoje<\/strong> para receber especifica\u00e7\u00f5es detalhadas, op\u00e7\u00f5es de personaliza\u00e7\u00e3o OEM, informa\u00e7\u00e3o de pre\u00e7os e suporte t\u00e9cnico de nossa equipe profissional.<\/p>\n<hr style=\"padding-left: 40px;\" data-start=\"5680\" data-end=\"5683\" \/>\n<h2 style=\"padding-left: 40px;\" data-start=\"5685\" data-end=\"5691\">FAQ<\/h2>\n<p style=\"padding-left: 40px;\" data-start=\"5693\" data-end=\"5841\"><strong data-start=\"5693\" data-end=\"5744\">Q1: Quantos passageiros este ve\u00edculo pode transportar?<\/strong><br data-start=\"5744\" data-end=\"5747\" \/>\u00c9 projetado para <strong data-start=\"5766\" data-end=\"5785\">quatro passageiros<\/strong>tornando-a adequada para uso familiar e de mobilidade compartilhada.<\/p>\n<p style=\"padding-left: 40px;\" data-start=\"5843\" data-end=\"5974\"><strong data-start=\"5843\" data-end=\"5885\">Q2: Qual \u00e9 o intervalo m\u00e1ximo de condu\u00e7\u00e3o?<\/strong><br data-start=\"5885\" data-end=\"5888\" \/>O ve\u00edculo oferece uma gama de condu\u00e7\u00e3o at\u00e9 <strong data-start=\"5932\" data-end=\"5942\">219 km<\/strong>dependendo das condi\u00e7\u00f5es de uso.<\/p>\n<p style=\"padding-left: 40px;\" data-start=\"5976\" data-end=\"6133\"><strong data-start=\"5976\" data-end=\"6032\">Q3: Este modelo pode ser personalizado para mercados de exporta\u00e7\u00e3o?<\/strong><br data-start=\"6032\" data-end=\"6035\" \/>Sim. A personaliza\u00e7\u00e3o OEM est\u00e1 dispon\u00edvel, incluindo marca, layout interior e atualiza\u00e7\u00f5es funcionais.<\/p>\n<p style=\"padding-left: 40px;\" data-start=\"6135\" data-end=\"6286\"><strong data-start=\"6135\" data-end=\"6181\">Q4: Que tipo de carga ela suporta?<\/strong><br data-start=\"6181\" data-end=\"6184\" \/>O tempo padr\u00e3o de carga \u00e9 aproximadamente <strong data-start=\"6228\" data-end=\"6239\">7 horas<\/strong>, adequado para carga de AC em casa e comercial.<\/p>\n<p style=\"padding-left: 40px;\" data-start=\"6288\" data-end=\"6446\"><strong data-start=\"6288\" data-end=\"6359\">Q5: O ve\u00edculo cumpre os requisitos internacionais de certifica\u00e7\u00e3o?<\/strong><br data-start=\"6359\" data-end=\"6362\" \/>Sim. \u00c9 conforme com <strong data-start=\"6384\" data-end=\"6411\">Certifica\u00e7\u00e3o das partes da ECE<\/strong> e <strong data-start=\"6416\" data-end=\"6445\">Certifica\u00e7\u00e3o CEE de ve\u00edculos<\/strong>.<\/p>","protected":false},"excerpt":{"rendered":"<p><strong data-start=\"430\" data-end=\"453\">Mini Cooper 4 Wheel<\/strong> \u00e9 um ve\u00edculo el\u00e9trico compacto da cidade projetado para viagens urbanas e transporte familiar. Com extens\u00e3o da faixa de condu\u00e7\u00e3o, desempenho el\u00e9trico est\u00e1vel e caracter\u00edsticas modernas de conforto, ele fornece uma solu\u00e7\u00e3o eficiente e ecol\u00f3gica de mobilidade para usu\u00e1rios da cidade e mercados estrangeiros.<\/p>","protected":false},"featured_media":2041,"comment_status":"open","ping_status":"closed","template":"","meta":[],"product_brand":[],"product_cat":[77],"product_tag":[],"class_list":{"0":"post-1024","1":"product","2":"type-product","3":"status-publish","4":"has-post-thumbnail","6":"product_cat-electric-micro-vehicle","8":"first","9":"instock","10":"shipping-taxable","11":"product-type-simple"},"_links":{"self":[{"href":"https:\/\/www.tairuiauto.com\/pt\/wp-json\/wp\/v2\/product\/1024","targetHints":{"allow":["GET"]}}],"collection":[{"href":"https:\/\/www.tairuiauto.com\/pt\/wp-json\/wp\/v2\/product"}],"about":[{"href":"https:\/\/www.tairuiauto.com\/pt\/wp-json\/wp\/v2\/types\/product"}],"replies":[{"embeddable":true,"href":"https:\/\/www.tairuiauto.com\/pt\/wp-json\/wp\/v2\/comments?post=1024"}],"wp:featuredmedia":[{"embeddable":true,"href":"https:\/\/www.tairuiauto.com\/pt\/wp-json\/wp\/v2\/media\/2041"}],"wp:attachment":[{"href":"https:\/\/www.tairuiauto.com\/pt\/wp-json\/wp\/v2\/media?parent=1024"}],"wp:term":[{"taxonomy":"product_brand","embeddable":true,"href":"https:\/\/www.tairuiauto.com\/pt\/wp-json\/wp\/v2\/product_brand?post=1024"},{"taxonomy":"product_cat","embeddable":true,"href":"https:\/\/www.tairuiauto.com\/pt\/wp-json\/wp\/v2\/product_cat?post=1024"},{"taxonomy":"product_tag","embeddable":true,"href":"https:\/\/www.tairuiauto.com\/pt\/wp-json\/wp\/v2\/product_tag?post=1024"}],"curies":[{"name":"wp","href":"https:\/\/api.w.org\/{rel}","templated":true}]}}