{"id":1026,"date":"2025-02-08T16:38:23","date_gmt":"2025-02-08T08:38:23","guid":{"rendered":"http:\/\/www.tairuiauto.com\/?post_type=product&#038;p=1026"},"modified":"2025-12-18T08:29:57","modified_gmt":"2025-12-18T00:29:57","slug":"small-suv-sm001-electric","status":"publish","type":"product","link":"https:\/\/www.tairuiauto.com\/pt\/product\/small-suv-sm001-electric\/","title":{"rendered":"Pequeno suv el\u00e9trico quatro lugares"},"content":{"rendered":"<h2 style=\"padding-left: 40px;\" data-start=\"724\" data-end=\"764\">Vista geral dos produtos<\/h2>\n<p style=\"padding-left: 40px;\" data-start=\"766\" data-end=\"1119\">Este modelo \u00e9 uma pr\u00f3xima gera\u00e7\u00e3o <strong data-start=\"798\" data-end=\"823\">ve\u00edculo el\u00e9trico da cidade<\/strong> desenvolvidos para usu\u00e1rios que requerem maior alcance, maior desempenho e melhor conforto em ambientes urbanos e suburbanos. Constru\u00edda numa plataforma el\u00e9trica de quatro rodas de alta tens\u00e3o, combina propor\u00e7\u00f5es compactas com potencia aumentada e flexibilidade de carga para necessidades de mobilidade di\u00e1ria e comercial.<\/p>\n<table style=\"width: 85.3376%; margin-left: 40px;\" width=\"755\">\n<tbody style=\"padding-left: 40px;\">\n<tr style=\"padding-left: 40px;\">\n<td style=\"width: 21.4192%; padding-left: 40px;\" rowspan=\"4\" width=\"161\">Dimens\u00e3o<\/td>\n<td style=\"width: 31.1432%; padding-left: 40px;\" width=\"238\">LxWxH (mm)<\/td>\n<td style=\"width: 100.131%; padding-left: 40px;\" width=\"355\">3720*1640*1535<\/td>\n<\/tr>\n<tr style=\"padding-left: 40px;\">\n<td style=\"width: 31.1432%; padding-left: 40px;\">N\u00famero de portas<\/td>\n<td style=\"width: 100.131%; padding-left: 40px;\">5 portas 4 lugares<\/td>\n<\/tr>\n<tr style=\"padding-left: 40px;\">\n<td style=\"width: 31.1432%; padding-left: 40px;\">Largura da pista F\/R (mm)<\/td>\n<td style=\"width: 100.131%; padding-left: 40px;\">1420\/1420<\/td>\n<\/tr>\n<tr style=\"padding-left: 40px;\">\n<td style=\"width: 31.1432%; padding-left: 40px;\">Base de rodas (mm)<\/td>\n<td style=\"width: 100.131%; padding-left: 40px;\">2350<\/td>\n<\/tr>\n<tr style=\"padding-left: 40px;\">\n<td style=\"width: 21.4192%; padding-left: 40px;\" rowspan=\"2\">Peso<\/td>\n<td style=\"width: 31.1432%; padding-left: 40px;\">Peso de curva (kg)<\/td>\n<td style=\"width: 100.131%; padding-left: 40px;\">1020<\/td>\n<\/tr>\n<tr style=\"padding-left: 40px;\">\n<td style=\"width: 31.1432%; padding-left: 40px;\">Peso cargado (kg)<\/td>\n<td style=\"width: 100.131%; padding-left: 40px;\">1320<\/td>\n<\/tr>\n<tr style=\"padding-left: 40px;\">\n<td style=\"width: 21.4192%; padding-left: 40px;\" rowspan=\"3\">Performance<\/td>\n<td style=\"width: 31.1432%; padding-left: 40px;\">Plataforma de tens\u00e3o<\/td>\n<td style=\"width: 100.131%; padding-left: 40px;\">312<\/td>\n<\/tr>\n<tr style=\"padding-left: 40px;\">\n<td style=\"width: 31.1432%; padding-left: 40px;\">Velocidade m\u00e1xima (km\/h)<\/td>\n<td style=\"width: 100.131%; padding-left: 40px;\">110<\/td>\n<\/tr>\n<tr style=\"padding-left: 40px;\">\n<td style=\"width: 31.1432%; padding-left: 40px;\">Mileage (km)<\/td>\n<td style=\"width: 100.131%; padding-left: 40px;\">320<\/td>\n<\/tr>\n<tr style=\"padding-left: 40px;\">\n<td style=\"width: 21.4192%; padding-left: 40px;\" rowspan=\"4\">Sistema de energia<\/td>\n<td style=\"width: 31.1432%; padding-left: 40px;\">Bateria (kWh)<\/td>\n<td style=\"width: 100.131%; padding-left: 40px;\">31,15 KWh Bateria ter\u00e1ria de l\u00edtio<\/td>\n<\/tr>\n<tr style=\"padding-left: 40px;\">\n<td style=\"width: 31.1432%; padding-left: 40px;\">Motor (kW)<\/td>\n<td style=\"width: 100.131%; padding-left: 40px;\">50KW<\/td>\n<\/tr>\n<tr style=\"padding-left: 40px;\">\n<td style=\"width: 31.1432%; padding-left: 40px;\">Torque m\u00e1ximo do motor (Nm)<\/td>\n<td style=\"width: 100.131%; padding-left: 40px;\">125nm<\/td>\n<\/tr>\n<tr style=\"padding-left: 40px;\">\n<td style=\"width: 31.1432%; padding-left: 40px;\">Cargando<\/td>\n<td style=\"width: 100.131%; padding-left: 40px;\">AC DC carga ccs2<\/td>\n<\/tr>\n<tr style=\"padding-left: 40px;\">\n<td style=\"width: 21.4192%; padding-left: 40px;\" rowspan=\"3\">Sistema de ca\u00e7a<\/td>\n<td style=\"width: 31.1432%; padding-left: 40px;\">Sistema de travagem<\/td>\n<td style=\"width: 100.131%; padding-left: 40px;\">Disco Fronte [UNK]Atr\u00e1s do Drum<\/td>\n<\/tr>\n<tr style=\"padding-left: 40px;\">\n<td style=\"width: 31.1432%; padding-left: 40px;\">Sistema de suspens\u00e3o<\/td>\n<td style=\"width: 100.131%; padding-left: 40px;\" width=\"355\">Fronte: suspens\u00e3o independente McPherson<\/td>\n<\/tr>\n<tr style=\"padding-left: 40px;\">\n<td style=\"width: 31.1432%; padding-left: 40px;\">Tiro<\/td>\n<td style=\"width: 100.131%; padding-left: 40px;\">165\/65 R15<\/td>\n<\/tr>\n<tr style=\"padding-left: 40px;\">\n<td style=\"width: 21.4192%; padding-left: 40px;\" rowspan=\"2\">Sistema de assist\u00eancia<\/td>\n<td style=\"width: 31.1432%; padding-left: 40px;\" rowspan=\"2\">Outros<\/td>\n<td style=\"width: 100.131%; padding-left: 40px;\">Direc\u00e7\u00e3o assistida por Pov<\/td>\n<\/tr>\n<tr style=\"padding-left: 40px;\">\n<td style=\"width: 100.131%; padding-left: 40px;\">A\/C<\/td>\n<\/tr>\n<tr style=\"padding-left: 40px;\">\n<td style=\"width: 52.5624%; padding-left: 40px;\" colspan=\"2\">Certifica\u00e7\u00e3o<\/td>\n<td style=\"width: 100.131%; padding-left: 40px;\">Partes: ECE<\/td>\n<\/tr>\n<\/tbody>\n<\/table>\n<hr style=\"padding-left: 40px;\" data-start=\"1121\" data-end=\"1124\" \/>\n<h2 style=\"padding-left: 40px;\" data-start=\"1126\" data-end=\"1148\">Descri\u00e7\u00e3o do produto<\/h2>\n<p style=\"padding-left: 40px;\" data-start=\"1282\" data-end=\"1661\">Isto <strong data-start=\"1287\" data-end=\"1333\">ve\u00edculo el\u00e9trico de cinco portas e quatro cadeiras da cidade<\/strong> oferece um design bem equilibrado que prioriza o espa\u00e7o interior, a estabilidade motorista e a extens\u00e3o da gama. Com dimens\u00f5es gerais de <strong data-start=\"1463\" data-end=\"1488\">3720 \u00d7 1640 \u00d7 1535 mm<\/strong> e um <strong data-start=\"1495\" data-end=\"1516\">base de rodas de 2350 mm<\/strong>o ve\u00edculo proporciona alojamento confort\u00e1vel para passageiros, mantendo uma excelente maneuverabilidade para ruas urbanas e ambientes de estacionamento.<\/p>\n<p style=\"padding-left: 40px;\" data-start=\"1663\" data-end=\"2026\">Fornecida por um <strong data-start=\"1676\" data-end=\"1713\">Bateria tern\u00e1ria de l\u00edtio de 31,15 kWh<\/strong>o ve\u00edculo atinge um impressionante <strong data-start=\"1750\" data-end=\"1783\">dist\u00e2ncia de condu\u00e7\u00e3o at\u00e9 320 km<\/strong>tornando-o adequado para longos viagens di\u00e1rias, servi\u00e7os de compartilhamento de viagens e uso urbano de alta frequ\u00eancia. O <strong data-start=\"1886\" data-end=\"1917\">312 V plataforma de alta tens\u00e3o<\/strong> melhora a efici\u00eancia energ\u00e9tica e o fornecimento de energia, ao mesmo tempo reduzindo o tempo de carga em compara\u00e7\u00e3o com sistemas de baixa tens\u00e3o.<\/p>\n<p style=\"padding-left: 40px;\" data-start=\"2028\" data-end=\"2341\">O motor el\u00e9trico fornece <strong data-start=\"2056\" data-end=\"2081\">50 kW de pot\u00eancia de sa\u00edda<\/strong> e <strong data-start=\"2086\" data-end=\"2114\">125 Nm de torque m\u00e1ximo<\/strong>, assegurando uma forte acelera\u00e7\u00e3o e desempenho confiante tanto no tr\u00e1fego urbano quanto nas condi\u00e7\u00f5es de condu\u00e7\u00e3o suburbana. Com um <strong data-start=\"2232\" data-end=\"2261\">velocidade m\u00e1xima de 110 km\/h<\/strong>o ve\u00edculo satisfaz confort\u00e1velmente as exig\u00eancias das estradas urbanas e rodovias de anel.<\/p>\n<p style=\"padding-left: 40px;\" data-start=\"2343\" data-end=\"2660\">Cargar flexibilidade \u00e9 uma vantagem fundamental deste modelo. Ele apoia <strong data-start=\"2410\" data-end=\"2453\">carga r\u00e1pida AC e DC (padr\u00e3o CCS2)<\/strong>permitindo aos usu\u00e1rios escolher uma carga conveniente durante a noite ou uma carga r\u00e1pida durante as opera\u00e7\u00f5es. Essa capacidade aumenta significativamente a efici\u00eancia da utiliza\u00e7\u00e3o de ve\u00edculos tanto para usu\u00e1rios privados como para operadores da frota.<\/p>\n<p style=\"padding-left: 40px;\" data-start=\"2662\" data-end=\"3044\">O sistema de chassis \u00e9 projetado para conforto urbano e durabilidade. A <strong data-start=\"2731\" data-end=\"2773\">Suspens\u00e3o da frente independente do McPherson<\/strong> combinados com um <strong data-start=\"2790\" data-end=\"2839\">suspens\u00e3o semi-independente do feixe de tors\u00e3o posterior<\/strong> proporciona uma sensa\u00e7\u00e3o est\u00e1vel de condu\u00e7\u00e3o enquanto absorve efetivamente irregularidades rodovi\u00e1rias. O <strong data-start=\"2924\" data-end=\"2967\">disco frontal e sistema de travagem de tambor traseiro<\/strong> assegura um desempenho confi\u00e1vel de travagem em diferentes condi\u00e7\u00f5es de carga e estrada.<\/p>\n<p style=\"padding-left: 40px;\" data-start=\"3046\" data-end=\"3407\">Para melhorar o manejo e o conforto, o ve\u00edculo est\u00e1 equipado <strong data-start=\"3110\" data-end=\"3137\">dire\u00e7\u00e3o assistida por energia<\/strong>, possibilitando manobras suaves a baixas velocidades e controle preciso a maiores velocidades. <strong data-start=\"3219\" data-end=\"3239\">pneus 165\/65 R15<\/strong> oferecem um bom equil\u00edbrio entre conforto de viagem, seguran\u00e7a e efici\u00eancia energ\u00e9tica. Uma integra\u00e7\u00e3o <strong data-start=\"3326\" data-end=\"3353\">sistema de ar condicionado<\/strong> melhora ainda o conforto da cabina em diferentes climas.<\/p>\n<p style=\"padding-left: 40px;\" data-start=\"3409\" data-end=\"3762\">Certificado com <strong data-start=\"3424\" data-end=\"3446\">Aprova\u00e7\u00e3o das partes ECE<\/strong> e <strong data-start=\"3451\" data-end=\"3480\">Certifica\u00e7\u00e3o de ve\u00edculos CCC<\/strong>este modelo cumpre padr\u00f5es regulat\u00f3rios essenciais para mercados internacionais e selecionados. Como <strong data-start=\"3584\" data-end=\"3615\">plataforma de ve\u00edculos personalizada<\/strong>, apoia a personaliza\u00e7\u00e3o do OEM, incluindo layouts interiores, configura\u00e7\u00f5es funcionais e solu\u00e7\u00f5es de marca para satisfazer diversos requisitos do mercado.<\/p>\n<hr style=\"padding-left: 40px;\" data-start=\"3764\" data-end=\"3767\" \/>\n<h2 style=\"padding-left: 40px;\" data-start=\"3769\" data-end=\"3811\">Caracter\u00edsticas-chave e - Avantagens (M\u00e9todo FABE)<\/h2>\n<h3 style=\"padding-left: 40px;\" data-start=\"3813\" data-end=\"3827\">Caracter\u00edsticas<\/h3>\n<ul>\n<li style=\"list-style-type: none;\">\n<ul data-start=\"3828\" data-end=\"4021\">\n<li data-start=\"3828\" data-end=\"3874\">\n<p data-start=\"3830\" data-end=\"3874\">Configura\u00e7\u00e3o do EV de cinco portas e quatro lugares da cidade<\/p>\n<\/li>\n<li data-start=\"3875\" data-end=\"3912\">\n<p data-start=\"3877\" data-end=\"3912\">Bateria tern\u00e1ria de l\u00edtio de 31,15 kWh<\/p>\n<\/li>\n<li data-start=\"3913\" data-end=\"3947\">\n<p data-start=\"3915\" data-end=\"3947\">Motor de 50 kW com um torque de 125 Nm<\/p>\n<\/li>\n<li data-start=\"3948\" data-end=\"3980\">\n<p data-start=\"3950\" data-end=\"3980\">AC - carga r\u00e1pida DC (CCS2)<\/p>\n<\/li>\n<li data-start=\"3981\" data-end=\"4021\">\n<p data-start=\"3983\" data-end=\"4021\">Plataforma el\u00e9trica de alta tens\u00e3o 312 V<\/p>\n<\/li>\n<\/ul>\n<\/li>\n<\/ul>\n<h3 style=\"padding-left: 40px;\" data-start=\"4023\" data-end=\"4039\">Avantagens<\/h3>\n<ul>\n<li style=\"list-style-type: none;\">\n<ul data-start=\"4040\" data-end=\"4227\">\n<li data-start=\"4040\" data-end=\"4090\">\n<p data-start=\"4042\" data-end=\"4090\">Extendido intervalo de condu\u00e7\u00e3o para uso di\u00e1rio intensivo<\/p>\n<\/li>\n<li data-start=\"4091\" data-end=\"4132\">\n<p data-start=\"4093\" data-end=\"4132\">Carga mais r\u00e1pida e efici\u00eancia maior<\/p>\n<\/li>\n<li data-start=\"4133\" data-end=\"4181\">\n<p data-start=\"4135\" data-end=\"4181\">Sa\u00edda de energia mais forte do que micro-EVs t\u00edpicos<\/p>\n<\/li>\n<li data-start=\"4182\" data-end=\"4227\">\n<p data-start=\"4184\" data-end=\"4227\">Tratamento est\u00e1vel e melhor conforto de viagem<\/p>\n<\/li>\n<\/ul>\n<\/li>\n<\/ul>\n<h3 style=\"padding-left: 40px;\" data-start=\"4229\" data-end=\"4249\">Benef\u00edcios do comprador<\/h3>\n<ul>\n<li style=\"list-style-type: none;\">\n<ul data-start=\"4250\" data-end=\"4483\">\n<li data-start=\"4250\" data-end=\"4293\">\n<p data-start=\"4252\" data-end=\"4293\">Redu\u00e7\u00e3o da frequ\u00eancia de carga e tempo de descanso<\/p>\n<\/li>\n<li data-start=\"4294\" data-end=\"4357\">\n<p data-start=\"4296\" data-end=\"4357\">Adequado para uso familiar, viagem e opera\u00e7\u00f5es da frota<\/p>\n<\/li>\n<li data-start=\"4358\" data-end=\"4419\">\n<p data-start=\"4360\" data-end=\"4419\">menor custo total de propriedade em compara\u00e7\u00e3o com ve\u00edculos de combust\u00edvel<\/p>\n<\/li>\n<li data-start=\"4420\" data-end=\"4483\">\n<p data-start=\"4422\" data-end=\"4483\">Adapta\u00e7\u00e3o flex\u00edvel do OEM para diferentes posi\u00e7\u00f5es de mercado<\/p>\n<\/li>\n<\/ul>\n<\/li>\n<\/ul>\n<h3 style=\"padding-left: 40px;\" data-start=\"4485\" data-end=\"4499\">Provas<\/h3>\n<ul>\n<li style=\"list-style-type: none;\">\n<ul data-start=\"4500\" data-end=\"4666\">\n<li data-start=\"4500\" data-end=\"4542\">\n<p data-start=\"4502\" data-end=\"4542\">Conformidade certificada com ve\u00edculos e pe\u00e7as<\/p>\n<\/li>\n<li data-start=\"4543\" data-end=\"4597\">\n<p data-start=\"4545\" data-end=\"4597\">Tecnologia de comboio el\u00e9trico de alta tens\u00e3o matura<\/p>\n<\/li>\n<li data-start=\"4598\" data-end=\"4666\">\n<p data-start=\"4600\" data-end=\"4666\">Sistemas de suspens\u00e3o e travagem provados usados em plataformas urbanas de EV<\/p>\n<\/li>\n<\/ul>\n<\/li>\n<\/ul>\n<hr style=\"padding-left: 40px;\" data-start=\"4668\" data-end=\"4671\" \/>\n<h2 style=\"padding-left: 40px;\" data-start=\"4673\" data-end=\"4697\">Escen\u00e1rios de aplica\u00e7\u00f5es<\/h2>\n<ul>\n<li style=\"list-style-type: none;\">\n<ul data-start=\"4699\" data-end=\"4927\">\n<li data-start=\"4699\" data-end=\"4737\">\n<p data-start=\"4701\" data-end=\"4737\">Viagens cotidianas urbanas e suburbanas<\/p>\n<\/li>\n<li data-start=\"4738\" data-end=\"4763\">\n<p data-start=\"4740\" data-end=\"4763\">Transporte familiar<\/p>\n<\/li>\n<li data-start=\"4764\" data-end=\"4809\">\n<p data-start=\"4766\" data-end=\"4809\">Servi\u00e7os de sa\u00fade e mobilidade compartilhada<\/p>\n<\/li>\n<li data-start=\"4810\" data-end=\"4854\">\n<p data-start=\"4812\" data-end=\"4854\">Opera\u00e7\u00f5es de frota corporativa e municipal<\/p>\n<\/li>\n<li data-start=\"4855\" data-end=\"4927\">\n<p data-start=\"4857\" data-end=\"4927\">Projetos de ve\u00edculos el\u00e9tricos personalizados para mercados dom\u00e9sticos e de exporta\u00e7\u00e3o<\/p>\n<\/li>\n<\/ul>\n<\/li>\n<\/ul>\n<hr style=\"padding-left: 40px;\" data-start=\"4929\" data-end=\"4932\" \/>\n<h2 style=\"padding-left: 40px;\" data-start=\"4934\" data-end=\"4970\">Por que escolher este modelo de Tairui<\/h2>\n<p style=\"padding-left: 40px;\" data-start=\"4972\" data-end=\"5337\">Com experi\u00eancia extensa no desenvolvimento e fabrico de ve\u00edculos el\u00e9tricos, <strong data-start=\"5049\" data-end=\"5103\">Shandong Tairui Automobile &amp; Electronics Co., Ltd.<\/strong> fornece confi\u00e1vel e escal\u00e1vel <strong data-start=\"5135\" data-end=\"5166\">solu\u00e7\u00f5es de mobilidade el\u00e9trica<\/strong>Desde design de ve\u00edculos para personaliza\u00e7\u00e3o OEM e suporte ap\u00f3s vendas, ajudamos os clientes a reduzir o risco de adquisi\u00e7\u00e3o, melhorar a efici\u00eancia operacional e acelerar a entrada no mercado.<\/p>\n<hr style=\"padding-left: 40px;\" data-start=\"5339\" data-end=\"5342\" \/>\n<h2 style=\"padding-left: 40px;\" data-start=\"5344\" data-end=\"5367\">Chamada \u00e0 Ac\u00e7\u00e3o (CTA)<\/h2>\n<p style=\"padding-left: 40px;\" data-start=\"5369\" data-end=\"5652\">Procurando uma long a dist\u00e2ncia <strong data-start=\"5394\" data-end=\"5419\">ve\u00edculo el\u00e9trico da cidade<\/strong> ou <strong data-start=\"5425\" data-end=\"5469\">solu\u00e7\u00e3o el\u00e9trica de quatro rodas personalizada<\/strong> para seu mercado?<br data-start=\"5486\" data-end=\"5489\" \/><strong data-start=\"5489\" data-end=\"5509\">Contacte-nos hoje<\/strong> para receber especifica\u00e7\u00f5es detalhadas, solu\u00e7\u00f5es de carga, op\u00e7\u00f5es de personaliza\u00e7\u00e3o OEM, e suporte de pre\u00e7os competitivo de nossa equipe profissional.<\/p>\n<hr style=\"padding-left: 40px;\" data-start=\"5654\" data-end=\"5657\" \/>\n<h2 style=\"padding-left: 40px;\" data-start=\"5659\" data-end=\"5665\">FAQ<\/h2>\n<p style=\"padding-left: 40px;\" data-start=\"5667\" data-end=\"5826\"><strong data-start=\"5667\" data-end=\"5725\">Q1: Qual \u00e9 o intervalo m\u00e1ximo de condu\u00e7\u00e3o deste ve\u00edculo?<\/strong><br data-start=\"5725\" data-end=\"5728\" \/>O ve\u00edculo oferece uma gama de condu\u00e7\u00e3o at\u00e9 <strong data-start=\"5772\" data-end=\"5782\">320 km<\/strong>dependendo das condi\u00e7\u00f5es de condu\u00e7\u00e3o e uso.<\/p>\n<p style=\"padding-left: 40px;\" data-start=\"5828\" data-end=\"5942\"><strong data-start=\"5828\" data-end=\"5866\">Q2: Ele suporta a carga r\u00e1pida?<\/strong><br data-start=\"5866\" data-end=\"5869\" \/>Sim. Ele apoia <strong data-start=\"5886\" data-end=\"5913\">AC e DC carga r\u00e1pida<\/strong> usando <strong data-start=\"5924\" data-end=\"5941\">padr\u00e3o CCS2<\/strong>.<\/p>\n<p style=\"padding-left: 40px;\" data-start=\"5944\" data-end=\"6135\"><strong data-start=\"5944\" data-end=\"6005\">Q3: Este modelo \u00e9 adequado para o uso da frota ou da chamada?<\/strong><br data-start=\"6005\" data-end=\"6008\" \/>Sim. Sua longa dist\u00e2ncia, capacidade de carga r\u00e1pida e baixo custo operacional fazem dela ideal para aplica\u00e7\u00f5es de mobilidade compartilhada e flota.<\/p>\n<p style=\"padding-left: 40px;\" data-start=\"6137\" data-end=\"6279\"><strong data-start=\"6137\" data-end=\"6175\">Q4: O ve\u00edculo pode ser personalizado?<\/strong><br data-start=\"6175\" data-end=\"6178\" \/>A personaliza\u00e7\u00e3o OEM est\u00e1 dispon\u00edvel, incluindo configura\u00e7\u00f5es internas, atualiza\u00e7\u00f5es funcionais e marca.<\/p>\n<p style=\"padding-left: 40px;\" data-start=\"6281\" data-end=\"6462\"><strong data-start=\"6281\" data-end=\"6331\">Q5: Que certifica\u00e7\u00f5es tem o ve\u00edculo?<\/strong><br data-start=\"6331\" data-end=\"6334\" \/>\u00c9 conforme com <strong data-start=\"6351\" data-end=\"6380\">Certifica\u00e7\u00e3o de ve\u00edculos CCC<\/strong> e <strong data-start=\"6385\" data-end=\"6412\">Certifica\u00e7\u00e3o das partes da ECE<\/strong>apoiando mercados dom\u00e9sticos e selecionados de exporta\u00e7\u00e3o.<\/p>","protected":false},"excerpt":{"rendered":"<p>Este ve\u00edculo el\u00e9trico de cinco portas da cidade \u00e9 projetado para viagem urbana e transporte familiar. Com uma long a dist\u00e2ncia de condu\u00e7\u00e3o, um motor el\u00e9trico poderoso e uma capacidade de carga r\u00e1pida, ele fornece uma solu\u00e7\u00e3o pr\u00e1tica, eficiente e ecol\u00f3gica de mobilidade para uso moderno da cidade.<\/p>","protected":false},"featured_media":2050,"comment_status":"open","ping_status":"closed","template":"","meta":[],"product_brand":[],"product_cat":[77],"product_tag":[],"class_list":{"0":"post-1026","1":"product","2":"type-product","3":"status-publish","4":"has-post-thumbnail","6":"product_cat-electric-micro-vehicle","8":"first","9":"instock","10":"shipping-taxable","11":"product-type-simple"},"_links":{"self":[{"href":"https:\/\/www.tairuiauto.com\/pt\/wp-json\/wp\/v2\/product\/1026","targetHints":{"allow":["GET"]}}],"collection":[{"href":"https:\/\/www.tairuiauto.com\/pt\/wp-json\/wp\/v2\/product"}],"about":[{"href":"https:\/\/www.tairuiauto.com\/pt\/wp-json\/wp\/v2\/types\/product"}],"replies":[{"embeddable":true,"href":"https:\/\/www.tairuiauto.com\/pt\/wp-json\/wp\/v2\/comments?post=1026"}],"wp:featuredmedia":[{"embeddable":true,"href":"https:\/\/www.tairuiauto.com\/pt\/wp-json\/wp\/v2\/media\/2050"}],"wp:attachment":[{"href":"https:\/\/www.tairuiauto.com\/pt\/wp-json\/wp\/v2\/media?parent=1026"}],"wp:term":[{"taxonomy":"product_brand","embeddable":true,"href":"https:\/\/www.tairuiauto.com\/pt\/wp-json\/wp\/v2\/product_brand?post=1026"},{"taxonomy":"product_cat","embeddable":true,"href":"https:\/\/www.tairuiauto.com\/pt\/wp-json\/wp\/v2\/product_cat?post=1026"},{"taxonomy":"product_tag","embeddable":true,"href":"https:\/\/www.tairuiauto.com\/pt\/wp-json\/wp\/v2\/product_tag?post=1026"}],"curies":[{"name":"wp","href":"https:\/\/api.w.org\/{rel}","templated":true}]}}