{"id":2052,"date":"2025-03-10T16:39:38","date_gmt":"2025-03-10T08:39:38","guid":{"rendered":"https:\/\/www.tairuiauto.com\/?post_type=product&#038;p=2052"},"modified":"2025-12-18T08:39:23","modified_gmt":"2025-12-18T00:39:23","slug":"mpv-m002","status":"publish","type":"product","link":"https:\/\/www.tairuiauto.com\/pt\/product\/mpv-m002\/","title":{"rendered":"Rua el\u00e9trica MPV 4"},"content":{"rendered":"<h2 style=\"padding-left: 40px;\" data-start=\"733\" data-end=\"773\">Vista geral dos produtos<\/h2>\n<p style=\"padding-left: 40px;\" data-start=\"775\" data-end=\"1122\">Este modelo \u00e9 um vers\u00e1til <strong data-start=\"801\" data-end=\"826\">ve\u00edculo el\u00e9trico da cidade<\/strong> desenvolvidos para satisfazer diferentes exig\u00eancias de alcance e custo atrav\u00e9s de m\u00faltiplas configura\u00e7\u00f5es de bateria. Constru\u00edda numa plataforma el\u00e9trica compact a de quatro rodas, ela foca na pr\u00e1tica, seguran\u00e7a e efici\u00eancia, oferecendo uma solu\u00e7\u00e3o confi\u00e1vel para o transporte urbano di\u00e1rio e necessidades ligeiras de mobilidade comercial.<\/p>\n<table style=\"border-collapse: collapse; width: 76.1293%; margin-left: 40px;\" border=\"0\" width=\"746\" cellspacing=\"0\" cellpadding=\"0\">\n<tbody style=\"padding-left: 40px;\">\n<tr style=\"height: 18.75pt; padding-left: 40px;\">\n<td class=\"et2\" style=\"height: 18.75pt; width: 140.696%; border-right: 1pt solid #000000; padding-left: 40px;\" colspan=\"4\" width=\"746\" height=\"25\"><span class=\"font2\">especifica\u00e7\u00e3o do tipo<\/span><\/td>\n<\/tr>\n<tr style=\"height: 17.25pt; padding-left: 40px;\">\n<td class=\"et5\" style=\"height: 17.25pt; width: 25.7028%; padding-left: 40px;\" height=\"23\"><span class=\"font4\">L*W*H (mm)<\/span><\/td>\n<td class=\"et6\" style=\"border-right: 1pt solid #000000; width: 114.993%; padding-left: 40px;\" colspan=\"3\"><span class=\"font4\">3517*1495*1660<\/span><\/td>\n<\/tr>\n<tr style=\"height: 17.25pt; padding-left: 40px;\">\n<td class=\"et9\" style=\"height: 17.25pt; width: 25.7028%; padding-left: 40px;\" height=\"23\"><span class=\"font4\">Base de rodas (mm)<\/span><\/td>\n<td class=\"et10\" style=\"border-right: 1pt solid #000000; width: 114.993%; padding-left: 40px;\" colspan=\"3\"><span class=\"font4\">2495<\/span><\/td>\n<\/tr>\n<tr style=\"height: 17.25pt; padding-left: 40px;\">\n<td class=\"et13\" style=\"height: 17.25pt; width: 25.7028%; padding-left: 40px;\" height=\"23\"><span class=\"font4\">Mileage (km)<\/span><\/td>\n<td class=\"et13\" style=\"width: 31.7269%; padding-left: 40px;\"><span class=\"font4\">130<\/span><\/td>\n<td class=\"et13\" style=\"width: 31.7269%; padding-left: 40px;\"><span class=\"font4\">200<\/span><\/td>\n<td class=\"et13\" style=\"width: 51.5395%; padding-left: 40px;\"><span class=\"font4\">300<\/span><\/td>\n<\/tr>\n<tr style=\"height: 33.75pt; padding-left: 40px;\">\n<td class=\"et14\" style=\"height: 33.75pt; width: 25.7028%; padding-left: 40px;\" width=\"190\" height=\"45\"><span class=\"font4\">Espa\u00e7o m\u00ednimo de terra (mm)<\/span><\/td>\n<td class=\"et13\" style=\"width: 31.7269%; padding-left: 40px;\"><span class=\"font4\">130<\/span><\/td>\n<td class=\"et13\" style=\"width: 31.7269%; padding-left: 40px;\"><span class=\"font4\">130<\/span><\/td>\n<td class=\"et13\" style=\"width: 51.5395%; padding-left: 40px;\"><span class=\"font4\">120<\/span><\/td>\n<\/tr>\n<tr style=\"height: 17.25pt; padding-left: 40px;\">\n<td class=\"et13\" style=\"height: 17.25pt; width: 25.7028%; padding-left: 40px;\" height=\"23\"><span class=\"font4\">Peso de curva (kg)<\/span><\/td>\n<td class=\"et13\" style=\"width: 31.7269%; padding-left: 40px;\"><span class=\"font4\">840<\/span><\/td>\n<td class=\"et13\" style=\"width: 31.7269%; padding-left: 40px;\"><span class=\"font4\">880<\/span><\/td>\n<td class=\"et13\" style=\"width: 51.5395%; padding-left: 40px;\"><span class=\"font4\">1010<\/span><\/td>\n<\/tr>\n<tr style=\"height: 18.75pt; padding-left: 40px;\">\n<td class=\"et9\" style=\"height: 18.75pt; width: 25.7028%; padding-left: 40px;\" height=\"25\"><span class=\"font4\">Tempo de carga<\/span><\/td>\n<td class=\"et9\" style=\"width: 31.7269%; padding-left: 40px;\"><span class=\"font2\">7<\/span><\/td>\n<td class=\"et9\" style=\"width: 31.7269%; padding-left: 40px;\"><span class=\"font2\">7<\/span><\/td>\n<td class=\"et9\" style=\"width: 51.5395%; padding-left: 40px;\"><span class=\"font2\">9.5<\/span><\/td>\n<\/tr>\n<tr style=\"height: 17.25pt; padding-left: 40px;\">\n<td class=\"et13\" style=\"height: 17.25pt; width: 25.7028%; padding-left: 40px;\" height=\"23\"><span class=\"font4\">pot\u00eancia m\u00e1xima (kW)<\/span><\/td>\n<td class=\"et13\" style=\"width: 31.7269%; padding-left: 40px;\"><span class=\"font4\">30<\/span><\/td>\n<td class=\"et13\" style=\"width: 31.7269%; padding-left: 40px;\"><span class=\"font4\">30<\/span><\/td>\n<td class=\"et13\" style=\"width: 51.5395%; padding-left: 40px;\"><span class=\"font4\">35<\/span><\/td>\n<\/tr>\n<tr style=\"height: 17.25pt; padding-left: 40px;\">\n<td class=\"et13\" style=\"height: 17.25pt; width: 25.7028%; padding-left: 40px;\" height=\"23\"><span class=\"font4\">torque m \u00e1ximo (N m)<\/span><\/td>\n<td class=\"et13\" style=\"width: 31.7269%; padding-left: 40px;\"><span class=\"font4\">84<\/span><\/td>\n<td class=\"et13\" style=\"width: 31.7269%; padding-left: 40px;\"><span class=\"font4\">84<\/span><\/td>\n<td class=\"et13\" style=\"width: 51.5395%; padding-left: 40px;\"><span class=\"font4\">87<\/span><\/td>\n<\/tr>\n<tr style=\"height: 17.25pt; padding-left: 40px;\">\n<td class=\"et13\" style=\"height: 17.25pt; width: 25.7028%; padding-left: 40px;\" height=\"23\"><span class=\"font4\">capacidade de bateria (kWh)<\/span><\/td>\n<td class=\"et13\" style=\"width: 31.7269%; padding-left: 40px;\"><span class=\"font4\">11.9<\/span><\/td>\n<td class=\"et13\" style=\"width: 31.7269%; padding-left: 40px;\"><span class=\"font4\">18.5<\/span><\/td>\n<td class=\"et13\" style=\"width: 51.5395%; padding-left: 40px;\"><span class=\"font4\">29.9<\/span><\/td>\n<\/tr>\n<tr style=\"height: 17.25pt; padding-left: 40px;\">\n<td class=\"et9\" style=\"height: 17.25pt; width: 25.7028%; padding-left: 40px;\" height=\"23\"><span class=\"font4\">Tipo de Bateria<\/span><\/td>\n<td class=\"et9\" style=\"width: 31.7269%; padding-left: 40px;\"><span class=\"font4\">L\u00edtio terrestre<\/span><\/td>\n<td class=\"et9\" style=\"width: 31.7269%; padding-left: 40px;\"><span class=\"font4\">L\u00edtio terrestre<\/span><\/td>\n<td class=\"et9\" style=\"width: 51.5395%; padding-left: 40px;\"><span class=\"font4\">LFP<\/span><\/td>\n<\/tr>\n<tr style=\"height: 17.25pt; padding-left: 40px;\">\n<td class=\"et13\" style=\"height: 17.25pt; width: 25.7028%; padding-left: 40px;\" height=\"23\"><span class=\"font4\">Velocidade m\u00e1xima (km\/h)<\/span><\/td>\n<td class=\"et6\" style=\"border-right: 1pt solid #000000; width: 114.993%; padding-left: 40px;\" colspan=\"3\"><span class=\"font4\">100<\/span><\/td>\n<\/tr>\n<tr style=\"height: 17.25pt; padding-left: 40px;\">\n<td class=\"et13\" style=\"height: 17.25pt; width: 25.7028%; padding-left: 40px;\" height=\"23\"><span class=\"font4\">velocidade m\u00e1xima<\/span><\/td>\n<td class=\"et6\" style=\"border-right: 1pt solid #000000; width: 114.993%; padding-left: 40px;\" colspan=\"3\"><span class=\"font4\">PMSM<\/span><\/td>\n<\/tr>\n<tr style=\"height: 17.25pt; padding-left: 40px;\">\n<td class=\"et13\" style=\"height: 17.25pt; width: 25.7028%; padding-left: 40px;\" height=\"23\"><span class=\"font4\">tamanho dos pneus<\/span><\/td>\n<td class=\"et6\" style=\"border-right: 1pt solid #000000; width: 114.993%; padding-left: 40px;\" colspan=\"3\"><span class=\"font4\">155\/65 R14<\/span><\/td>\n<\/tr>\n<tr style=\"height: 33.75pt; padding-left: 40px;\">\n<td class=\"et15\" style=\"height: 33.75pt; width: 25.7028%; padding-left: 40px;\" width=\"190\" height=\"45\"><span class=\"font4\">Configura\u00e7\u00e3o do desempenho<\/span><\/td>\n<td class=\"et6\" style=\"border-right: 1pt solid #000000; width: 114.993%; padding-left: 40px;\" colspan=\"3\"><span class=\"font4\">ABS<\/span><span class=\"font0\">O<\/span><span class=\"font4\">EBD<\/span><span class=\"font0\">O<\/span><span class=\"font4\">EDR<\/span><span class=\"font0\">O<\/span><span class=\"font4\">Grande tela multim\u00eddia, invertendo a imagem<\/span><\/td>\n<\/tr>\n<\/tbody>\n<\/table>\n<hr style=\"padding-left: 40px;\" data-start=\"1124\" data-end=\"1127\" \/>\n<h2 style=\"padding-left: 40px;\" data-start=\"1129\" data-end=\"1151\">Descri\u00e7\u00e3o do produto<\/h2>\n<h3 style=\"padding-left: 40px;\" data-start=\"1153\" data-end=\"1175\">Categoria de produtos<\/h3>\n<p style=\"padding-left: 40px;\" data-start=\"1176\" data-end=\"1256\">City Electric Vehicle \/ Electric Four Wheels \/ Electric Light Commercial Vehicle<\/p>\n<h3 style=\"padding-left: 40px;\" data-start=\"1258\" data-end=\"1283\">Descri\u00e7\u00e3o do produto<\/h3>\n<p style=\"padding-left: 40px;\" data-start=\"1285\" data-end=\"1611\">Isto <strong data-start=\"1290\" data-end=\"1323\">ve\u00edculo el\u00e9trico compacto da cidade<\/strong> apresenta um design corporal equilibrado otimizado para ambientes urbanos. Com dimens\u00f5es gerais de <strong data-start=\"1417\" data-end=\"1442\">3517 \u00d7 1495 \u00d7 1660 mm<\/strong> e um <strong data-start=\"1449\" data-end=\"1470\">base de rodas 2495 mm<\/strong>o ve\u00edculo proporciona um comportamento est\u00e1vel de condu\u00e7\u00e3o ao mesmo tempo que mant\u00e9m uma excelente maneuverabilidade para ruas urbanas e estacionamentos estreitos.<\/p>\n<p style=\"padding-left: 40px;\" data-start=\"1613\" data-end=\"2102\">Para acomodar diferentes necessidades de usu\u00e1rios, o modelo est\u00e1 dispon\u00edvel em <strong data-start=\"1676\" data-end=\"1709\">configura\u00e7\u00f5es m\u00faltiplas de intervalos<\/strong>oferecendo vari\u00e1veis de condu\u00e7\u00e3o <strong data-start=\"1738\" data-end=\"1774\">130 km, 200 km e at\u00e9 300 km<\/strong>As op\u00e7\u00f5es da bateria incluem <strong data-start=\"1800\" data-end=\"1829\">baterias tern\u00e1rias de l\u00edtio<\/strong> para desempenho equilibrado e densidade energ\u00e9tica, bem como <strong data-start=\"1889\" data-end=\"1904\">Bateria LFP<\/strong> op\u00e7\u00e3o para maior durabilidade e vida de ciclo longo. - As capacidades de bateria variam <strong data-start=\"1987\" data-end=\"2011\">11,9 kWh a 29,9 kWh<\/strong>permitindo aos compradores escolher a configura\u00e7\u00e3o mais adequada para suas condi\u00e7\u00f5es de funcionamento.<\/p>\n<p style=\"padding-left: 40px;\" data-start=\"2104\" data-end=\"2434\">O motor el\u00e9trico fornece <strong data-start=\"2132\" data-end=\"2172\">sa\u00eddas m\u00e1ximas de pot\u00eancia de at\u00e9 35 kW<\/strong> e <strong data-start=\"2177\" data-end=\"2210\">um torque m\u00e1ximo de at\u00e9 87 Nm<\/strong>, assegurando acelera\u00e7\u00e3o suave e desempenho est\u00e1vel durante a condu\u00e7\u00e3o da cidade. Com um <strong data-start=\"2304\" data-end=\"2333\">velocidade m\u00e1xima de 100 km\/h<\/strong>o ve\u00edculo satisfaz confort\u00e1velmente os requisitos di\u00e1rios de viagem urbana e as necessidades de viagem por via rodovi\u00e1ria curta.<\/p>\n<p style=\"padding-left: 40px;\" data-start=\"2436\" data-end=\"2748\">A conveni\u00eancia de carga \u00e9 otimizada para uso di\u00e1rio. Dependendo da configura\u00e7\u00e3o da bateria, <strong data-start=\"2529\" data-end=\"2573\">o tempo de carga varia de 7 a 9,5 horas<\/strong>, tornando a cobran\u00e7a durante a noite pr\u00e1tica para usu\u00e1rios dom\u00e9sticos e operadores da frota. Essa flexibilidade reduz a press\u00e3o de carga enquanto melhora a disponibilidade dos ve\u00edculos durante horas de trabalho.<\/p>\n<p style=\"padding-left: 40px;\" data-start=\"2750\" data-end=\"3057\">O chassis e o sistema de condu\u00e7\u00e3o s\u00e3o projetados para seguran\u00e7a e conforto. Com um <strong data-start=\"2827\" data-end=\"2869\">uma dist\u00e2ncia m\u00ednima do solo de 120-130 mm<\/strong>o ve\u00edculo maneja com confian\u00e7a as velocidades e estradas urbanas desiguais. <strong data-start=\"2943\" data-end=\"2963\">pneus 155\/65 R14<\/strong> proporcionar resist\u00eancia est\u00e1vel e baixa ao rolamento, apoiando tanto a seguran\u00e7a quanto a efici\u00eancia energ\u00e9tica.<\/p>\n<p style=\"padding-left: 40px;\" data-start=\"3059\" data-end=\"3385\">Em termos de seguran\u00e7a e configura\u00e7\u00e3o inteligente, o ve\u00edculo est\u00e1 equipado <strong data-start=\"3138\" data-end=\"3167\">Sistemas ABS, EBD e EDR<\/strong>melhorando a estabilidade e o controle do freio. A <strong data-start=\"3212\" data-end=\"3239\">grande tela multim\u00eddia<\/strong> e <strong data-start=\"3244\" data-end=\"3271\">o sistema de c\u00e2mera invertida<\/strong> melhorar a conveni\u00eancia de conduzir, a consci\u00eancia situacional e a experi\u00eancia dos usu\u00e1rios, particularmente em ambientes urbanos densos.<\/p>\n<hr style=\"padding-left: 40px;\" data-start=\"3387\" data-end=\"3390\" \/>\n<h2 style=\"padding-left: 40px;\" data-start=\"3392\" data-end=\"3434\">Caracter\u00edsticas-chave e - Avantagens (M\u00e9todo FABE)<\/h2>\n<h3 style=\"padding-left: 40px;\" data-start=\"3436\" data-end=\"3450\">Caracter\u00edsticas<\/h3>\n<ul>\n<li style=\"list-style-type: none;\">\n<ul data-start=\"3451\" data-end=\"3671\">\n<li data-start=\"3451\" data-end=\"3511\">\n<p data-start=\"3453\" data-end=\"3511\">Op\u00e7\u00f5es m\u00faltiplas de dist\u00e2ncia de condu\u00e7\u00e3o: 130 km \/ 200 km \/ 300 km<\/p>\n<\/li>\n<li data-start=\"3512\" data-end=\"3555\">\n<p data-start=\"3514\" data-end=\"3555\">Op\u00e7\u00f5es de bateria de l\u00edtio terrestre e LFP<\/p>\n<\/li>\n<li data-start=\"3556\" data-end=\"3591\">\n<p data-start=\"3558\" data-end=\"3591\">Pot\u00eancia m\u00e1xima do motor at\u00e9 35 kW<\/p>\n<\/li>\n<li data-start=\"3592\" data-end=\"3628\">\n<p data-start=\"3594\" data-end=\"3628\">ABS, EBD e sistemas de seguran\u00e7a EDR<\/p>\n<\/li>\n<li data-start=\"3629\" data-end=\"3671\">\n<p data-start=\"3631\" data-end=\"3671\">Pantalla multim\u00eddia com imagem invertida<\/p>\n<\/li>\n<\/ul>\n<\/li>\n<\/ul>\n<h3 style=\"padding-left: 40px;\" data-start=\"3673\" data-end=\"3689\">Avantagens<\/h3>\n<ul>\n<li style=\"list-style-type: none;\">\n<ul data-start=\"3690\" data-end=\"3883\">\n<li data-start=\"3690\" data-end=\"3756\">\n<p data-start=\"3692\" data-end=\"3756\">Sele\u00e7\u00e3o flex\u00edvel de bateria para diferentes or\u00e7amentos e casos de uso<\/p>\n<\/li>\n<li data-start=\"3757\" data-end=\"3796\">\n<p data-start=\"3759\" data-end=\"3796\">Baixos custos de funcionamento e manuten\u00e7\u00e3o<\/p>\n<\/li>\n<li data-start=\"3797\" data-end=\"3839\">\n<p data-start=\"3799\" data-end=\"3839\">Representa\u00e7\u00e3o est\u00e1vel para viagens urbanas<\/p>\n<\/li>\n<li data-start=\"3840\" data-end=\"3883\">\n<p data-start=\"3842\" data-end=\"3883\">Melhor seguran\u00e7a e conveni\u00eancia de condu\u00e7\u00e3o<\/p>\n<\/li>\n<\/ul>\n<\/li>\n<\/ul>\n<h3 style=\"padding-left: 40px;\" data-start=\"3885\" data-end=\"3905\">Benef\u00edcios do comprador<\/h3>\n<ul>\n<li style=\"list-style-type: none;\">\n<ul data-start=\"3906\" data-end=\"4107\">\n<li data-start=\"3906\" data-end=\"3947\">\n<p data-start=\"3908\" data-end=\"3947\">Reduzido custo total de propriedade (TCO)<\/p>\n<\/li>\n<li data-start=\"3948\" data-end=\"4009\">\n<p data-start=\"3950\" data-end=\"4009\">Adequado para usu\u00e1rios privados e projetos de frota de entrada<\/p>\n<\/li>\n<li data-start=\"4010\" data-end=\"4051\">\n<p data-start=\"4012\" data-end=\"4051\">\u00c9 f\u00e1cil cobrar a noite por uso di\u00e1rio<\/p>\n<\/li>\n<li data-start=\"4052\" data-end=\"4107\">\n<p data-start=\"4054\" data-end=\"4107\">Configura\u00e7\u00e3o escal\u00e1vel para diferentes demandas do mercado<\/p>\n<\/li>\n<\/ul>\n<\/li>\n<\/ul>\n<h3 style=\"padding-left: 40px;\" data-start=\"4109\" data-end=\"4123\">Provas<\/h3>\n<ul>\n<li style=\"list-style-type: none;\">\n<ul data-start=\"4124\" data-end=\"4283\">\n<li data-start=\"4124\" data-end=\"4167\">\n<p data-start=\"4126\" data-end=\"4167\">Arquitetura de comboio el\u00e9trico comprovada<\/p>\n<\/li>\n<li data-start=\"4168\" data-end=\"4219\">\n<p data-start=\"4170\" data-end=\"4219\">Tecnologias de bateria amplamente adotadas em EV da cidade<\/p>\n<\/li>\n<li data-start=\"4220\" data-end=\"4283\">\n<p data-start=\"4222\" data-end=\"4283\">Sistemas de seguran\u00e7a padr\u00e3o comumente necess\u00e1rios em ve\u00edculos urbanos<\/p>\n<\/li>\n<\/ul>\n<\/li>\n<\/ul>\n<hr style=\"padding-left: 40px;\" data-start=\"4285\" data-end=\"4288\" \/>\n<h2 style=\"padding-left: 40px;\" data-start=\"4290\" data-end=\"4314\">Escen\u00e1rios de aplica\u00e7\u00f5es<\/h2>\n<ul>\n<li style=\"list-style-type: none;\">\n<ul data-start=\"4316\" data-end=\"4535\">\n<li data-start=\"4316\" data-end=\"4341\">\n<p data-start=\"4318\" data-end=\"4341\">Viagens urbanas diarias<\/p>\n<\/li>\n<li data-start=\"4342\" data-end=\"4380\">\n<p data-start=\"4344\" data-end=\"4380\">Transporte urbano de curta dist\u00e2ncia<\/p>\n<\/li>\n<li data-start=\"4381\" data-end=\"4421\">\n<p data-start=\"4383\" data-end=\"4421\">Mercados de ve\u00edculos el\u00e9tricos a n\u00edvel de entrada<\/p>\n<\/li>\n<li data-start=\"4422\" data-end=\"4460\">\n<p data-start=\"4424\" data-end=\"4460\">Mobilidade comunit\u00e1ria e residencial<\/p>\n<\/li>\n<li data-start=\"4461\" data-end=\"4535\">\n<p data-start=\"4463\" data-end=\"4535\">Projetos de ve\u00edculos el\u00e9tricos personalizados para mercados dom\u00e9sticos e estrangeiros<\/p>\n<\/li>\n<\/ul>\n<\/li>\n<\/ul>\n<hr style=\"padding-left: 40px;\" data-start=\"4537\" data-end=\"4540\" \/>\n<h2 style=\"padding-left: 40px;\" data-start=\"4542\" data-end=\"4578\">Por que escolher este modelo de Tairui<\/h2>\n<p style=\"padding-left: 40px;\" data-start=\"4580\" data-end=\"4941\">Com fortes capacidades em pesquisa e desenvolvimento de ve\u00edculos el\u00e9tricos D e fabrica\u00e7\u00e3o, <strong data-start=\"4648\" data-end=\"4702\">Shandong Tairui Automobile &amp; Electronics Co., Ltd.<\/strong> oferece confi\u00e1vel e adapt\u00e1vel <strong data-start=\"4733\" data-end=\"4764\">solu\u00e7\u00f5es de mobilidade el\u00e9trica<\/strong>Nossas op\u00e7\u00f5es de configura\u00e7\u00e3o flex\u00edveis, servi\u00e7os de personaliza\u00e7\u00e3o OEM e capacidade de produ\u00e7\u00e3o est\u00e1vel ajudam os clientes a reduzir os riscos de entrada no mercado e melhorar a efici\u00eancia geral do projeto.<\/p>\n<hr style=\"padding-left: 40px;\" data-start=\"4943\" data-end=\"4946\" \/>\n<h2 style=\"padding-left: 40px;\" data-start=\"4948\" data-end=\"4971\">Chamada \u00e0 Ac\u00e7\u00e3o (CTA)<\/h2>\n<p style=\"padding-left: 40px;\" data-start=\"4973\" data-end=\"5264\">Procurando uma flex\u00edvel <strong data-start=\"4996\" data-end=\"5021\">ve\u00edculo el\u00e9trico da cidade<\/strong> com m\u00faltiplas op\u00e7\u00f5es de intervalo ou <strong data-start=\"5055\" data-end=\"5099\">solu\u00e7\u00e3o el\u00e9trica de quatro rodas personalizada<\/strong> para seu mercado?<br data-start=\"5116\" data-end=\"5119\" \/><strong data-start=\"5119\" data-end=\"5139\">Contacte-nos hoje<\/strong> para receber especifica\u00e7\u00f5es detalhadas, orienta\u00e7\u00e3o da configura\u00e7\u00e3o da bateria, informa\u00e7\u00e3o de pre\u00e7os e suporte t\u00e9cnico profissional.<\/p>\n<hr style=\"padding-left: 40px;\" data-start=\"5266\" data-end=\"5269\" \/>\n<h2 style=\"padding-left: 40px;\" data-start=\"5271\" data-end=\"5277\">FAQ<\/h2>\n<p style=\"padding-left: 40px;\" data-start=\"5279\" data-end=\"5436\"><strong data-start=\"5279\" data-end=\"5343\">Q1: Quais s\u00e3o as op\u00e7\u00f5es de intervalo de condu\u00e7\u00e3o dispon\u00edveis para este modelo?<\/strong><br data-start=\"5343\" data-end=\"5346\" \/>O ve\u00edculo est\u00e1 dispon\u00edvel com <strong data-start=\"5376\" data-end=\"5406\">130 km, 200 km e 300 km<\/strong> configura\u00e7\u00f5es de dist\u00e2ncia de condu\u00e7\u00e3o.<\/p>\n<p style=\"padding-left: 40px;\" data-start=\"5438\" data-end=\"5593\"><strong data-start=\"5438\" data-end=\"5482\">Q2: Que tipos de baterias s\u00e3o oferecidos?<\/strong><br data-start=\"5482\" data-end=\"5485\" \/>Ambos <strong data-start=\"5490\" data-end=\"5509\">l\u00edtio tern\u00e1rio<\/strong> e <strong data-start=\"5514\" data-end=\"5529\">Bateria LFP<\/strong> op\u00e7\u00f5es est\u00e3o dispon\u00edveis, dependendo da configura\u00e7\u00e3o selecionada.<\/p>\n<p style=\"padding-left: 40px;\" data-start=\"5595\" data-end=\"5788\"><strong data-start=\"5595\" data-end=\"5653\">Q3: Este ve\u00edculo \u00e9 adequado para viajar diariamente na cidade?<\/strong><br data-start=\"5653\" data-end=\"5656\" \/>Sim. \u00c9 especificamente projetado para viagens urbanas com dimens\u00f5es compactas, produ\u00e7\u00e3o eficiente de energia e caracter\u00edsticas pr\u00e1ticas de seguran\u00e7a.<\/p>\n<p style=\"padding-left: 40px;\" data-start=\"5790\" data-end=\"5931\"><strong data-start=\"5790\" data-end=\"5848\">Q4: Quanto tempo demora para carregar completamente o ve\u00edculo?<\/strong><br data-start=\"5848\" data-end=\"5851\" \/>O tempo de carga varia de <strong data-start=\"5877\" data-end=\"5895\">7 a 9,5 horas<\/strong>dependendo da capacidade da bateria.<\/p>\n<p style=\"padding-left: 40px;\" data-start=\"5933\" data-end=\"6102\"><strong data-start=\"5933\" data-end=\"5992\">Q5: Este modelo pode ser personalizado para mercados diferentes?<\/strong><br data-start=\"5992\" data-end=\"5995\" \/>Sim. A personaliza\u00e7\u00e3o OEM est\u00e1 dispon\u00edvel, incluindo ajustes de configura\u00e7\u00e3o, marca e op\u00e7\u00f5es funcionais.<\/p>","protected":false},"excerpt":{"rendered":"<p>Este ve\u00edculo el\u00e9trico compacto da cidade \u00e9 projetado para viagens urbanas flex\u00edveis e transportes a curta dist\u00e2ncia. Dispon\u00edvel com m\u00faltiplas op\u00e7\u00f5es de bateria, combina desempenho el\u00e9trico eficiente, baixos custos de funcionamento e caracter\u00edsticas pr\u00e1ticas de seguran\u00e7a, tornando-a uma solu\u00e7\u00e3o ideal para a mobilidade da cidade e mercados de ve\u00edculos el\u00e9tricos de entrada.<\/p>","protected":false},"featured_media":2055,"comment_status":"open","ping_status":"closed","template":"","meta":[],"product_brand":[],"product_cat":[77],"product_tag":[],"class_list":{"0":"post-2052","1":"product","2":"type-product","3":"status-publish","4":"has-post-thumbnail","6":"product_cat-electric-micro-vehicle","8":"first","9":"instock","10":"shipping-taxable","11":"product-type-simple"},"_links":{"self":[{"href":"https:\/\/www.tairuiauto.com\/pt\/wp-json\/wp\/v2\/product\/2052","targetHints":{"allow":["GET"]}}],"collection":[{"href":"https:\/\/www.tairuiauto.com\/pt\/wp-json\/wp\/v2\/product"}],"about":[{"href":"https:\/\/www.tairuiauto.com\/pt\/wp-json\/wp\/v2\/types\/product"}],"replies":[{"embeddable":true,"href":"https:\/\/www.tairuiauto.com\/pt\/wp-json\/wp\/v2\/comments?post=2052"}],"wp:featuredmedia":[{"embeddable":true,"href":"https:\/\/www.tairuiauto.com\/pt\/wp-json\/wp\/v2\/media\/2055"}],"wp:attachment":[{"href":"https:\/\/www.tairuiauto.com\/pt\/wp-json\/wp\/v2\/media?parent=2052"}],"wp:term":[{"taxonomy":"product_brand","embeddable":true,"href":"https:\/\/www.tairuiauto.com\/pt\/wp-json\/wp\/v2\/product_brand?post=2052"},{"taxonomy":"product_cat","embeddable":true,"href":"https:\/\/www.tairuiauto.com\/pt\/wp-json\/wp\/v2\/product_cat?post=2052"},{"taxonomy":"product_tag","embeddable":true,"href":"https:\/\/www.tairuiauto.com\/pt\/wp-json\/wp\/v2\/product_tag?post=2052"}],"curies":[{"name":"wp","href":"https:\/\/api.w.org\/{rel}","templated":true}]}}