{"id":2654,"date":"2025-06-18T15:19:31","date_gmt":"2025-06-18T07:19:31","guid":{"rendered":"https:\/\/www.tairuiauto.com\/?post_type=product&#038;p=2654"},"modified":"2026-03-09T14:35:40","modified_gmt":"2026-03-09T06:35:40","slug":"a8p-electric-passenger-quadricycle","status":"publish","type":"product","link":"https:\/\/www.tairuiauto.com\/pt\/product\/a8p-electric-passenger-quadricycle\/","title":{"rendered":"Ve\u00edculo Mini Eletrico Completamente Encerrado"},"content":{"rendered":"<p><strong>\"<span id=\"cke_bm_777S\">\u00a0<\/span>Lista de par\u00e2metros<\/strong><\/p>\n<table class=\"table\" style=\"width: 76.0077%; height: 1102px;\" border=\"1\" cellspacing=\"1\" cellpadding=\"1\">\n<tbody>\n<tr style=\"height: 52px;\">\n<td style=\"width: 27.5367%; height: 52px;\">Modelo<\/td>\n<td style=\"width: 67.3664%; height: 52px;\">Ve\u00edculo Mini Eletrico Completamente Encerrado<\/td>\n<\/tr>\n<tr style=\"height: 52px;\">\n<td style=\"width: 27.5367%; height: 52px;\">Dimens\u00f5es (mm)<\/td>\n<td style=\"width: 67.3664%; height: 52px;\">2545*1227*1610<\/td>\n<\/tr>\n<tr style=\"height: 52px;\">\n<td style=\"width: 27.5367%; height: 52px;\">Tipo de corpo<\/td>\n<td style=\"width: 67.3664%; height: 52px;\">corpo integral<\/td>\n<\/tr>\n<tr style=\"height: 52px;\">\n<td style=\"width: 27.5367%; height: 52px;\">Estrutura corporal<\/td>\n<td style=\"width: 67.3664%; height: 52px;\">2 portas e 2 lugares<\/td>\n<\/tr>\n<tr style=\"height: 52px;\">\n<td style=\"width: 27.5367%; height: 52px;\">Motor<\/td>\n<td style=\"width: 67.3664%; height: 52px;\">60V3000W AC<\/td>\n<\/tr>\n<tr style=\"height: 52px;\">\n<td style=\"width: 27.5367%; height: 52px;\">Controlador<\/td>\n<td style=\"width: 67.3664%; height: 52px;\">60V 24tubos<\/td>\n<\/tr>\n<tr style=\"height: 52px;\">\n<td style=\"width: 27.5367%; height: 52px;\">Bateria(kwh)<\/td>\n<td style=\"width: 67.3664%; height: 52px;\">60V80AH<\/td>\n<\/tr>\n<tr style=\"height: 52px;\">\n<td style=\"width: 27.5367%; height: 52px;\">Tempo de carga(H)<\/td>\n<td style=\"width: 67.3664%; height: 52px;\">6-8h<\/td>\n<\/tr>\n<tr style=\"height: 52px;\">\n<td style=\"width: 27.5367%; height: 52px;\">Rango por carga\/km<\/td>\n<td style=\"width: 67.3664%; height: 52px;\">\u226590<\/td>\n<\/tr>\n<tr style=\"height: 52px;\">\n<td style=\"width: 27.5367%; height: 52px;\">Suspens\u00e3o frontal<\/td>\n<td style=\"width: 67.3664%; height: 52px;\">Suspens\u00e3o McPherson<\/td>\n<\/tr>\n<tr style=\"height: 52px;\">\n<td style=\"width: 27.5367%; height: 52px;\">Suspens\u00e3o posterior<\/td>\n<td style=\"width: 67.3664%; height: 52px;\">Suspens\u00e3o do bra\u00e7o de arrasto<\/td>\n<\/tr>\n<tr style=\"height: 52px;\">\n<td style=\"width: 27.5367%; height: 52px;\">pneu anterior\/posterior<\/td>\n<td style=\"width: 67.3664%; height: 52px;\">135\/70R12<\/td>\n<\/tr>\n<tr style=\"height: 52px;\">\n<td style=\"width: 27.5367%; height: 52px;\">Rim<\/td>\n<td style=\"width: 67.3664%; height: 52px;\">Hub de liga de alum\u00ednio<\/td>\n<\/tr>\n<tr style=\"height: 52px;\">\n<td style=\"width: 27.5367%; height: 52px;\">Sistema de trav\u00e3o<\/td>\n<td style=\"width: 67.3664%; height: 52px;\">frente\/traseiro:disco<\/td>\n<\/tr>\n<tr style=\"height: 52px;\">\n<td style=\"width: 27.5367%; height: 52px;\">Grau de subida (%)<\/td>\n<td style=\"width: 67.3664%; height: 52px;\">\u226525<\/td>\n<\/tr>\n<tr style=\"height: 52px;\">\n<td style=\"width: 27.5367%; height: 52px;\">Velocidade m\u00e1xima (km\/h)<\/td>\n<td style=\"width: 67.3664%; height: 52px;\">45km\/h<\/td>\n<\/tr>\n<tr style=\"height: 52px;\">\n<td style=\"width: 27.5367%; height: 52px;\">Modo de dire\u00e7\u00e3o<\/td>\n<td style=\"width: 67.3664%; height: 52px;\">Direc\u00e7\u00e3o<\/td>\n<\/tr>\n<tr style=\"height: 52px;\">\n<td style=\"width: 27.5367%; height: 52px;\">Certificado<\/td>\n<td style=\"width: 67.3664%; height: 52px;\">CEE\/COC\/L6e-BP<\/td>\n<\/tr>\n<tr style=\"height: 52px;\">\n<td style=\"width: 27.5367%; height: 52px;\">Capacidade de contentor<\/td>\n<td style=\"width: 67.3664%; height: 52px;\">9 PCS SKD\/40&#8217; HQ<\/td>\n<\/tr>\n<tr style=\"height: 52px;\">\n<td style=\"width: 27.5367%; height: 52px;\">Dispositivo de Fun\u00e7\u00e3o<\/td>\n<td style=\"width: 67.3664%; height: 52px;\">luzes LED \/ Um bot\u00e3o Iniciar<\/td>\n<\/tr>\n<tr style=\"height: 52px;\">\n<td style=\"width: 27.5367%; height: 52px;\"><\/td>\n<td style=\"width: 67.3664%; height: 52px;\">C\u00e2mara\/ Calor\/ janela el\u00e9trica inversa<\/td>\n<\/tr>\n<tr style=\"height: 10px;\">\n<td style=\"width: 27.5367%; height: 10px;\">Escen\u00e1rios de aplica\u00e7\u00f5es<\/td>\n<td style=\"width: 67.3664%; height: 10px;\">Viagens urbanas de curta dist\u00e2ncia, viagens de parques, distribui\u00e7\u00e3o de cenas comerciais, viagens em tempo ruim, turismo suburbano e distribui\u00e7\u00e3o de log\u00edstica urbana de milha passada<\/td>\n<\/tr>\n<\/tbody>\n<\/table>\n<div class=\"kche-wrap-width\">\n<div class=\"kche-t154\">\n<div class=\"kche-t154-contant\">\n<div class=\"kche-t154-list\">\n<div class=\"kche-t154-item\">\n<div class=\"kche-t154-img\">\n<div class=\"kche-t154-text-p\">\n<p>&nbsp;<\/p>\n<\/div>\n<\/div>\n<\/div>\n<\/div>\n<\/div>\n<\/div>\n<\/div>\n<ol start=\"1\">\n<li style=\"list-style-type: none;\">\n<ul>\n<li>\n<p class=\"ds-markdown-paragraph\">\n<\/li>\n<\/ul>\n<\/li>\n<\/ol>\n<p><span data-cke-copybin-end=\"1\">\u00a0 \u00a0 \u00a0 \u00a0 \u00a0 \u00a0 \u00a0 <img fetchpriority=\"high\" decoding=\"async\" class=\"alignnone size-medium wp-image-2684\" src=\"https:\/\/www.tairuiauto.com\/wp-content\/uploads\/2025\/06\/IMG_1471-300x200.jpg\" alt=\"\" width=\"300\" height=\"200\" srcset=\"\" sizes=\"(max-width: 300px) 100vw, 300px\" data-srcset=\"\" \/>\u00a0 \u00a0 \u00a0 \u00a0 \u00a0 \u00a0 \u00a0 \u00a0 \u00a0 \u00a0 \u00a0 \u00a0 \u00a0 \u00a0 \u00a0 \u00a0\u00a0\u00a0<img decoding=\"async\" class=\"alignnone size-medium wp-image-2683\" src=\"https:\/\/www.tairuiauto.com\/wp-content\/uploads\/2025\/06\/IMG_1466-300x200.jpg\" alt=\"\" width=\"300\" height=\"200\" srcset=\"\" sizes=\"(max-width: 300px) 100vw, 300px\" data-srcset=\"\" \/><\/span><\/p>\n<hr \/>\n<h3>Avan\u00e7os de Diferencia\u00e7\u00e3o<\/h3>\n<div class=\"markdown-table-wrapper\">\n<table style=\"width: 70.9699%;\">\n<thead>\n<tr>\n<th style=\"width: 20.028%;\"><strong>Caracter\u00edstica<\/strong><\/th>\n<th style=\"width: 43.2508%;\"><strong>Quadriciclo A8P<\/strong><\/th>\n<th style=\"width: 48.1493%;\"><strong>Micro EVs t\u00edpicos<\/strong><\/th>\n<\/tr>\n<\/thead>\n<tbody>\n<tr>\n<td style=\"width: 20.028%;\"><strong>Filosofia de Design<\/strong><\/td>\n<td style=\"width: 43.2508%;\">Est\u00e9tica personalizada focada em estilo<\/td>\n<td style=\"width: 48.1493%;\">Apar\u00eancia utilit\u00e1ria gen\u00e9rica<\/td>\n<\/tr>\n<tr>\n<td style=\"width: 20.028%;\"><strong>Seguran\u00e7a<\/strong><\/td>\n<td style=\"width: 43.2508%;\">Corpo monocoque integral L6e-BP certificado<\/td>\n<td style=\"width: 48.1493%;\">Constru\u00e7\u00e3o baseada em quadros, sem certificado<\/td>\n<\/tr>\n<tr>\n<td style=\"width: 20.028%;\"><strong>Integra\u00e7\u00e3o Tecnol\u00f3gica<\/strong><\/td>\n<td style=\"width: 43.2508%;\">Suite completa (c\u00e2mera\/aquecedor\/janelas de energia)<\/td>\n<td style=\"width: 48.1493%;\">S\u00f3 caracter\u00edsticas b\u00e1sicas<\/td>\n<\/tr>\n<tr>\n<td style=\"width: 20.028%;\"><strong>Maneuverabilidade<\/strong><\/td>\n<td style=\"width: 43.2508%;\">Ultra-compacto (2,5 m de comprimento) para espa\u00e7os apertados<\/td>\n<td style=\"width: 48.1493%;\">Desenhos de compradores (3m)<\/td>\n<\/tr>\n<tr>\n<td style=\"width: 20.028%;\"><strong>Uso Com\u00e9rcio<\/strong><\/td>\n<td style=\"width: 43.2508%;\">Alta densidade de recipientes (9 unidades\/40\u2019HQ)<\/td>\n<td style=\"width: 48.1493%;\">menor efici\u00eancia do transporte mar\u00edtimo<\/td>\n<\/tr>\n<\/tbody>\n<\/table>\n<\/div>\n<blockquote>\n<p class=\"ds-markdown-paragraph\">\u2705\u00a0<strong>Borde da Tecla<\/strong>: O \u00fanico ve\u00edculo em sua classe combinando personaliza\u00e7\u00e3o de arte com certifica\u00e7\u00e3o de seguran\u00e7a L6e-BP e embalagem pronta para log\u00edstica.<\/p>\n<p>&nbsp;<\/p><\/blockquote>\n<hr \/>\n<h3 data-start=\"2169\" data-end=\"2197\">Especifica\u00e7\u00f5es do produto<\/h3>\n<ul data-start=\"2198\" data-end=\"2746\">\n<li data-start=\"2198\" data-end=\"2216\">\n<p data-start=\"2200\" data-end=\"2216\"><strong data-start=\"2200\" data-end=\"2209\">Modelo<\/strong>: A8P<\/p>\n<\/li>\n<li data-start=\"2217\" data-end=\"2253\">\n<p data-start=\"2219\" data-end=\"2253\"><strong data-start=\"2219\" data-end=\"2233\">Dimens\u00f5es<\/strong>: 2545<em data-start=\"2239\" data-end=\"2245\">1227<\/em>1610mm<\/p>\n<\/li>\n<li data-start=\"2254\" data-end=\"2286\">\n<p data-start=\"2256\" data-end=\"2286\"><strong data-start=\"2256\" data-end=\"2269\">Tipo de corpo<\/strong>: corpo integral<\/p>\n<\/li>\n<li data-start=\"2287\" data-end=\"2322\">\n<p data-start=\"2289\" data-end=\"2322\"><strong data-start=\"2289\" data-end=\"2302\">Estrutura<\/strong>: 2 portas, 2 lugares<\/p>\n<\/li>\n<li data-start=\"2323\" data-end=\"2350\">\n<p data-start=\"2325\" data-end=\"2350\"><strong data-start=\"2325\" data-end=\"2334\">Motor<\/strong>: 60V\/3000W AC<\/p>\n<\/li>\n<li data-start=\"2351\" data-end=\"2384\">\n<p data-start=\"2353\" data-end=\"2384\"><strong data-start=\"2353\" data-end=\"2367\">Controlador<\/strong>: 60V, 24 tubos<\/p>\n<\/li>\n<li data-start=\"2385\" data-end=\"2410\">\n<p data-start=\"2387\" data-end=\"2410\"><strong data-start=\"2387\" data-end=\"2398\">Bateria<\/strong>: 60V\/80AH<\/p>\n<\/li>\n<li data-start=\"2411\" data-end=\"2443\">\n<p data-start=\"2413\" data-end=\"2443\"><strong data-start=\"2413\" data-end=\"2430\">Tempo de carga<\/strong>: 6-8 horas<\/p>\n<\/li>\n<li data-start=\"2444\" data-end=\"2475\">\n<p data-start=\"2446\" data-end=\"2475\"><strong data-start=\"2446\" data-end=\"2466\">Range per Charge<\/strong>\u226590 km<\/p>\n<\/li>\n<li data-start=\"2476\" data-end=\"2501\">\n<p data-start=\"2478\" data-end=\"2501\"><strong data-start=\"2478\" data-end=\"2491\">Velocidade m\u00e1xima<\/strong>: 45km\/h<\/p>\n<\/li>\n<li data-start=\"2502\" data-end=\"2537\">\n<p data-start=\"2504\" data-end=\"2537\"><strong data-start=\"2504\" data-end=\"2524\">Suspens\u00e3o Fronte<\/strong>McPherson<\/p>\n<\/li>\n<li data-start=\"2538\" data-end=\"2571\">\n<p data-start=\"2540\" data-end=\"2571\"><strong data-start=\"2540\" data-end=\"2559\">Suspens\u00e3o posterior<\/strong>: Drag-arm<\/p>\n<\/li>\n<li data-start=\"2572\" data-end=\"2596\">\n<p data-start=\"2574\" data-end=\"2596\"><strong data-start=\"2574\" data-end=\"2583\">pneus<\/strong>: 135\/70R12<\/p>\n<\/li>\n<li data-start=\"2597\" data-end=\"2628\">\n<p data-start=\"2599\" data-end=\"2628\"><strong data-start=\"2599\" data-end=\"2606\">Rim<\/strong>: Centro de liga de alum\u00ednio<\/p>\n<\/li>\n<li data-start=\"2629\" data-end=\"2675\">\n<p data-start=\"2631\" data-end=\"2675\"><strong data-start=\"2631\" data-end=\"2647\">Sistema de travagem<\/strong>: Frenos de disco (freno frontal\/traseiro)<\/p>\n<\/li>\n<li data-start=\"2676\" data-end=\"2706\">\n<p data-start=\"2678\" data-end=\"2706\"><strong data-start=\"2678\" data-end=\"2698\">Capacidade Climbing<\/strong>\u226525%<\/p>\n<\/li>\n<li data-start=\"2707\" data-end=\"2746\">\n<p data-start=\"2709\" data-end=\"2746\"><strong data-start=\"2709\" data-end=\"2724\">Certificado<\/strong>CEE \/ COC \/ L6e-BP<\/p>\n<\/li>\n<\/ul>\n<h3 data-start=\"2748\" data-end=\"2762\">Material<\/h3>\n<p data-start=\"2763\" data-end=\"2851\">Quadro de a\u00e7o de alta qualidade, rodas de liga de alum\u00ednio, coxa corporal duradoura para uso a longo prazo.<\/p>\n<h3 data-start=\"2853\" data-end=\"2869\">Apar\u00eancia<\/h3>\n<p data-start=\"2870\" data-end=\"2964\">Design compacto flutuado com linhas suaves, far\u00f3is LED modernos e fini\u00e7\u00e3o de corpo estilo.<\/p>\n<h3 data-start=\"2966\" data-end=\"2978\">Design<\/h3>\n<p data-start=\"2979\" data-end=\"3104\">Cabana amig\u00e1vel ao usu\u00e1rio com assento confort\u00e1vel, c\u00e2mera inversa, um bot\u00e3o de arranque e sistema de aquecimento para condu\u00e7\u00e3o de todo tempo.<\/p>\n<h3 data-start=\"3106\" data-end=\"3129\">Adapta\u00e7\u00e3o OEM<\/h3>\n<p data-start=\"3130\" data-end=\"3220\">Cores personalizadas, marca corporativa e interiores personalizados dispon\u00edveis para pedidos em massa.<\/p>\n<h3 data-start=\"3222\" data-end=\"3243\">Controlo da qualidade<\/h3>\n<p data-start=\"3244\" data-end=\"3367\">Cada unidade passa por m\u00faltiplos testes de seguran\u00e7a, avalia\u00e7\u00e3o de desempenho e inspec\u00e7\u00e3o el\u00e9trica para assegurar a conformidade global.<\/p>\n<h3 data-start=\"3369\" data-end=\"3394\">Servi\u00e7o de Depois de Venda<\/h3>\n<ul data-start=\"3395\" data-end=\"3518\">\n<li data-start=\"3395\" data-end=\"3414\">\n<p data-start=\"3397\" data-end=\"3414\">Garantia de um ano<\/p>\n<\/li>\n<li data-start=\"3415\" data-end=\"3438\">\n<p data-start=\"3417\" data-end=\"3438\">Suporte de pe\u00e7as de reposi\u00e7\u00e3o<\/p>\n<\/li>\n<li data-start=\"3439\" data-end=\"3478\">\n<p data-start=\"3441\" data-end=\"3478\">Servi\u00e7o t\u00e9cnico para clientes da frota<\/p>\n<\/li>\n<li data-start=\"3479\" data-end=\"3518\">\n<p data-start=\"3481\" data-end=\"3518\">Orienta\u00e7\u00e3o de instala\u00e7\u00e3o e opera\u00e7\u00e3o<\/p>\n<\/li>\n<\/ul>\n<h3 data-start=\"3520\" data-end=\"3544\">Campos de Aplica\u00e7\u00e3o<\/h3>\n<ul data-start=\"3545\" data-end=\"3667\">\n<li data-start=\"3545\" data-end=\"3571\">\n<p data-start=\"3547\" data-end=\"3571\">Fam\u00edlia urbana viajando<\/p>\n<\/li>\n<li data-start=\"3572\" data-end=\"3606\">\n<p data-start=\"3574\" data-end=\"3606\">Viagens de passageiros de curta dist\u00e2ncia<\/p>\n<\/li>\n<li data-start=\"3607\" data-end=\"3632\">\n<p data-start=\"3609\" data-end=\"3632\">naves de turismo da cidade<\/p>\n<\/li>\n<li data-start=\"3633\" data-end=\"3667\">\n<p data-start=\"3635\" data-end=\"3667\">Transporte de pessoal corporativo<\/p>\n<\/li>\n<\/ul>\n<h3 data-start=\"3669\" data-end=\"3690\">M\u00e9todos de Pagamento<\/h3>\n<p data-start=\"3691\" data-end=\"3754\">Apoia <strong data-start=\"3700\" data-end=\"3751\">T\/T, L\/C, Uni\u00e3o Ocidental, e termos de com\u00e9rcio global<\/strong>.<\/p>\n<hr \/>\n<h3>F&amp; Q<\/h3>\n<ol start=\"1\">\n<li>\n<p class=\"ds-markdown-paragraph\"><strong>Q: Como ela atinge 90 km de dist\u00e2ncia com uma bateria menor?<\/strong><br \/>\n\u2192  A: A constru\u00e7\u00e3o de monocoque ligeira reduz o dreno de energia, enquanto o freio regenerativo otimiza a efici\u00eancia.<\/p>\n<\/li>\n<li>\n<p class=\"ds-markdown-paragraph\"><strong>Q: \u00c9 adequado para uso comercial de entrega?<\/strong><br \/>\n\u2192  A: Absolutamente! O tamanho compacto, a dist\u00e2ncia de 90 km, 9 unidades\/recipiente tornam-o ideal para a log\u00edstica da \u00faltima milha.<\/p>\n<\/li>\n<li>\n<p class=\"ds-markdown-paragraph\"><strong>Q: Pode lidar com colinas fortes?<\/strong><br \/>\n\u2192  A: Sim \u2013 o motor 3000W ataca 25% de gradientes (equivalente a uma inclina\u00e7\u00e3o de 1:4).<\/p>\n<\/li>\n<li>\n<p class=\"ds-markdown-paragraph\"><strong>Q: Qual \u00e9 a vantagem do corpo integral?<\/strong><br \/>\n\u2192  A: Aumentar a seguran\u00e7a dos acidentes atrav\u00e9s da distribui\u00e7\u00e3o uniforme da for\u00e7a \u2013 ao contr\u00e1rio dos concorrentes juntos.<\/p>\n<\/li>\n<li>\n<p class=\"ds-markdown-paragraph\"><strong>Q: Quanto \u00e9 resistente ao tempo?<\/strong><br \/>\n\u2192  A: aquecedor, trav\u00f5es de disco, suspens\u00e3o asseguram funcionamento confi\u00e1vel na chuva\/neve.<\/p>\n<ol start=\"1\">\n<li>\n<p class=\"ds-markdown-paragraph\"><strong>Q: Por que escolher isso em vez de um escooter?<\/strong><br \/>\n\u2192  A: Cabana fechada, certifica\u00e7\u00e3o de seguran\u00e7a e caracter\u00edsticas semelhantes ao carro (janelas de energia\/c\u00e2mera) para conforto toda a temporada.<\/p>\n<\/li>\n<\/ol>\n<\/li>\n<li>\n<hr \/>\n<blockquote>\n<p class=\"ds-markdown-paragraph\"><strong>Resumo<\/strong>: A A8P \u00e9 a \u00faltima ronda urbana \u2013 combinando agilidade de tamanho de escooter com conforto de carro e estilo n\u00e3o concordante. Seja para entregas boutiques, viagens chuvosas, ou aventuras personalizadas da cidade, redefini mobilidade el\u00e9trica compacta.<\/p>\n<\/blockquote>\n<\/li>\n<\/ol>","protected":false},"excerpt":{"rendered":"<p>O\u00a0<strong>A8P Electric Passenger Quadricycle<\/strong>\u00a0reimagina a mobilidade urbana com sua mistura de agilidade compacta, estilo e caracter\u00edsticas avan\u00e7adas. Designado para viajantes sozinhos ou casais, este ve\u00edculo de duas portas e duas cadeiras embala um motor AC de 60V3000W para navega\u00e7\u00e3o de 45 km\/h e uma dist\u00e2ncia confi\u00e1vel de \u226590 km. Seu corpo monocoque (2545*1227*1610 mm) assegura estacionamento f\u00e1cil enquanto fornece seguran\u00e7a certificada (CEE\/COC\/L6e-BP). Ideal para a log\u00edstica urbana, viagens de dias chuvosos, ou viagens de sub\u00farbios cen\u00e1rios, o A8P combina caracter\u00edsticas inteligentes como uma c\u00e2mera de retrovis\u00e3o, aquecedor e janelas de energia com est\u00e9tica virada de cabe\u00e7a.<\/p>","protected":false},"featured_media":2675,"comment_status":"open","ping_status":"closed","template":"","meta":[],"product_brand":[],"product_cat":[77],"product_tag":[],"class_list":{"0":"post-2654","1":"product","2":"type-product","3":"status-publish","4":"has-post-thumbnail","6":"product_cat-electric-micro-vehicle","8":"first","9":"instock","10":"shipping-taxable","11":"product-type-simple"},"_links":{"self":[{"href":"https:\/\/www.tairuiauto.com\/pt\/wp-json\/wp\/v2\/product\/2654","targetHints":{"allow":["GET"]}}],"collection":[{"href":"https:\/\/www.tairuiauto.com\/pt\/wp-json\/wp\/v2\/product"}],"about":[{"href":"https:\/\/www.tairuiauto.com\/pt\/wp-json\/wp\/v2\/types\/product"}],"replies":[{"embeddable":true,"href":"https:\/\/www.tairuiauto.com\/pt\/wp-json\/wp\/v2\/comments?post=2654"}],"wp:featuredmedia":[{"embeddable":true,"href":"https:\/\/www.tairuiauto.com\/pt\/wp-json\/wp\/v2\/media\/2675"}],"wp:attachment":[{"href":"https:\/\/www.tairuiauto.com\/pt\/wp-json\/wp\/v2\/media?parent=2654"}],"wp:term":[{"taxonomy":"product_brand","embeddable":true,"href":"https:\/\/www.tairuiauto.com\/pt\/wp-json\/wp\/v2\/product_brand?post=2654"},{"taxonomy":"product_cat","embeddable":true,"href":"https:\/\/www.tairuiauto.com\/pt\/wp-json\/wp\/v2\/product_cat?post=2654"},{"taxonomy":"product_tag","embeddable":true,"href":"https:\/\/www.tairuiauto.com\/pt\/wp-json\/wp\/v2\/product_tag?post=2654"}],"curies":[{"name":"wp","href":"https:\/\/api.w.org\/{rel}","templated":true}]}}