{"id":2712,"date":"2026-01-13T10:08:49","date_gmt":"2026-01-13T02:08:49","guid":{"rendered":"https:\/\/www.tairuiauto.com\/?post_type=product&#038;p=2712"},"modified":"2026-01-27T10:35:04","modified_gmt":"2026-01-27T02:35:04","slug":"v300-electric-passenger-quadricycle","status":"publish","type":"product","link":"https:\/\/www.tairuiauto.com\/pt\/product\/v300-electric-passenger-quadricycle\/","title":{"rendered":"Mobilidade urbana de ve\u00edculos el\u00e9tricos compactos"},"content":{"rendered":"<h3 style=\"padding-left: 40px;\">Introdu\u00e7\u00e3o de Produtos<\/h3>\n<p style=\"padding-left: 40px;\">O <strong data-start=\"492\" data-end=\"535\">Mobilidade urbana de ve\u00edculos el\u00e9tricos compactos<\/strong> \u00e9 projetada para uso eficiente da cidade, combinando uma pegada compact a com assentos confort\u00e1veis e fun\u00e7\u00f5es essenciais de condu\u00e7\u00e3o el\u00e9trica. \u00c9 ideal para bairros urbanos, viagens de curta dist\u00e2ncia e necessidades de mobilidade comunit\u00e1ria.<\/p>\n<table class=\"table\" style=\"width: 72.0544%; margin-left: 40px;\" border=\"1\" cellspacing=\"1\" cellpadding=\"1\">\n<tbody style=\"padding-left: 40px;\">\n<tr style=\"padding-left: 40px;\">\n<td style=\"width: 34.2932%; padding-left: 40px;\">Modelo<\/td>\n<td style=\"width: 69.6719%; padding-left: 40px;\">Mobilidade urbana de ve\u00edculos el\u00e9tricos compactos<\/td>\n<\/tr>\n<tr style=\"padding-left: 40px;\">\n<td style=\"width: 34.2932%; padding-left: 40px;\">Dimens\u00f5es (mm)<\/td>\n<td style=\"width: 69.6719%; padding-left: 40px;\">3100*1510*1550<\/td>\n<\/tr>\n<tr style=\"padding-left: 40px;\">\n<td style=\"width: 34.2932%; padding-left: 40px;\">Tipo de corpo<\/td>\n<td style=\"width: 69.6719%; padding-left: 40px;\">corpo semi integral<\/td>\n<\/tr>\n<tr style=\"padding-left: 40px;\">\n<td style=\"width: 34.2932%; padding-left: 40px;\">Estrutura corporal<\/td>\n<td style=\"width: 69.6719%; padding-left: 40px;\">4 portas e 4 lugares<\/td>\n<\/tr>\n<tr style=\"padding-left: 40px;\">\n<td style=\"width: 34.2932%; padding-left: 40px;\">Motor<\/td>\n<td style=\"width: 69.6719%; padding-left: 40px;\">60V3000W AC<\/td>\n<\/tr>\n<tr style=\"padding-left: 40px;\">\n<td style=\"width: 34.2932%; padding-left: 40px;\">Controlador<\/td>\n<td style=\"width: 69.6719%; padding-left: 40px;\">60V24tubos<\/td>\n<\/tr>\n<tr style=\"padding-left: 40px;\">\n<td style=\"width: 34.2932%; padding-left: 40px;\">Bateria(kwh)<\/td>\n<td style=\"width: 69.6719%; padding-left: 40px;\">60V100AH<\/td>\n<\/tr>\n<tr style=\"padding-left: 40px;\">\n<td style=\"width: 34.2932%; padding-left: 40px;\">Tempo de carga(H)<\/td>\n<td style=\"width: 69.6719%; padding-left: 40px;\">6-8h<\/td>\n<\/tr>\n<tr style=\"padding-left: 40px;\">\n<td style=\"width: 34.2932%; padding-left: 40px;\">Rango por carga\/km<\/td>\n<td style=\"width: 69.6719%; padding-left: 40px;\">\u226580<\/td>\n<\/tr>\n<tr style=\"padding-left: 40px;\">\n<td style=\"width: 34.2932%; padding-left: 40px;\">Suspens\u00e3o frontal<\/td>\n<td style=\"width: 69.6719%; padding-left: 40px;\">Suspens\u00e3o integrada da ponte<\/td>\n<\/tr>\n<tr style=\"padding-left: 40px;\">\n<td style=\"width: 34.2932%; padding-left: 40px;\">Suspens\u00e3o posterior<\/td>\n<td style=\"width: 69.6719%; padding-left: 40px;\">Suspens\u00e3o do bra\u00e7o de arrasto<\/td>\n<\/tr>\n<tr style=\"padding-left: 40px;\">\n<td style=\"width: 34.2932%; padding-left: 40px;\">pneu anterior\/posterior<\/td>\n<td style=\"width: 69.6719%; padding-left: 40px;\">145\/70R12<\/td>\n<\/tr>\n<tr style=\"padding-left: 40px;\">\n<td style=\"width: 34.2932%; padding-left: 40px;\">Rim<\/td>\n<td style=\"width: 69.6719%; padding-left: 40px;\">Alumimum Aloy Hub<\/td>\n<\/tr>\n<tr style=\"padding-left: 40px;\">\n<td style=\"width: 34.2932%; padding-left: 40px;\">Sistema de trav\u00e3o<\/td>\n<td style=\"width: 69.6719%; padding-left: 40px;\">disco frontal\/posterior<\/td>\n<\/tr>\n<tr style=\"padding-left: 40px;\">\n<td style=\"width: 34.2932%; padding-left: 40px;\">Grau de clhmbing (%)<\/td>\n<td style=\"width: 69.6719%; padding-left: 40px;\">\u226525<\/td>\n<\/tr>\n<tr style=\"padding-left: 40px;\">\n<td style=\"width: 34.2932%; padding-left: 40px;\">Velocidade m\u00e1xima (km\/h)<\/td>\n<td style=\"width: 69.6719%; padding-left: 40px;\">45km\/h<\/td>\n<\/tr>\n<tr style=\"padding-left: 40px;\">\n<td style=\"width: 34.2932%; padding-left: 40px;\">Modo de dire\u00e7\u00e3o<\/td>\n<td style=\"width: 69.6719%; padding-left: 40px;\">Direc\u00e7\u00e3o<\/td>\n<\/tr>\n<tr style=\"padding-left: 40px;\">\n<td style=\"width: 34.2932%; padding-left: 40px;\">Capacidade de contentor<\/td>\n<td style=\"width: 69.6719%; padding-left: 40px;\">5PCS [UNK]SKD\/40&#8217; HQ<\/td>\n<\/tr>\n<tr style=\"padding-left: 40px;\">\n<td style=\"width: 34.2932%; padding-left: 40px;\">Certificado<\/td>\n<td style=\"width: 69.6719%; padding-left: 40px;\">CCC<\/td>\n<\/tr>\n<tr style=\"padding-left: 40px;\">\n<td style=\"width: 34.2932%; padding-left: 40px;\">Dispositivo de Fun\u00e7\u00e3o<\/td>\n<td style=\"width: 69.6719%; padding-left: 40px;\">Um Bot\u00e3o Come\u00e7a Luzes LELED<\/td>\n<\/tr>\n<tr style=\"padding-left: 40px;\">\n<td style=\"width: 34.2932%; padding-left: 40px;\"><\/td>\n<td style=\"width: 69.6719%; padding-left: 40px;\">C\u00e2mara\/aquecedor\/janela el\u00e9trica inversa<\/td>\n<\/tr>\n<tr style=\"padding-left: 40px;\">\n<td style=\"width: 34.2932%; padding-left: 40px;\">Escen\u00e1rios de aplica\u00e7\u00f5es<\/td>\n<td style=\"width: 69.6719%; padding-left: 40px;\">Viagens familiares ligeiras, transporte de idosos, nave de domic\u00edlio, com\u00e9rcio eletr\u00f4nico rural, recolha m\u00e9dica e abandono<\/td>\n<\/tr>\n<\/tbody>\n<\/table>\n<div class=\"kche-wrap-width\" style=\"padding-left: 40px;\">\n<div class=\"kche-t154\" style=\"padding-left: 40px;\">\n<div class=\"kche-t154-contant\" style=\"padding-left: 40px;\">\n<div class=\"kche-t154-list\" style=\"padding-left: 40px;\">\n<div class=\"kche-t154-item\" style=\"padding-left: 40px;\">\n<div class=\"kche-t154-img\" style=\"padding-left: 40px;\"><\/div>\n<\/div>\n<\/div>\n<\/div>\n<\/div>\n<\/div>\n<h2 style=\"padding-left: 40px;\" data-start=\"770\" data-end=\"792\">Descri\u00e7\u00e3o do produto<\/h2>\n<h3 style=\"padding-left: 40px;\" data-start=\"794\" data-end=\"816\">Categoria de produtos<\/h3>\n<p style=\"padding-left: 40px;\" data-start=\"817\" data-end=\"901\">Compact Electric Car\/Urban Electric Vehicle\/Low-Speed Electric Passenger Vehicle<\/p>\n<h3 style=\"padding-left: 40px;\" data-start=\"903\" data-end=\"928\">Descri\u00e7\u00e3o do produto<\/h3>\n<p style=\"padding-left: 40px;\" data-start=\"930\" data-end=\"1253\">O <strong data-start=\"934\" data-end=\"977\">Mobilidade urbana de ve\u00edculos el\u00e9tricos compactos<\/strong> \u00e9 projetado para atender \u00e0 crescente demanda de transporte urbano econ\u00f4mico e ecol\u00f3gico. Com dimens\u00f5es gerais de <strong data-start=\"1098\" data-end=\"1123\">3100 \u00d7 1510 \u00d7 1550 mm<\/strong>o ve\u00edculo oferece uma excelente maneuverabilidade em ruas estreitas e \u00e1reas residenciais cheias ao mesmo tempo que mant\u00e9m o conforto interior.<\/p>\n<p style=\"padding-left: 40px;\" data-start=\"1255\" data-end=\"1567\">O ve\u00edculo adota um <strong data-start=\"1276\" data-end=\"1308\">estrutura corporal semi integral<\/strong> com <strong data-start=\"1314\" data-end=\"1343\">quatro portas e quatro assentos<\/strong>, proporcionando acesso conveniente para passageiros e melhor utilizabilidade di\u00e1ria. A energia \u00e9 fornecida por um <strong data-start=\"1441\" data-end=\"1463\">Motor AC 60V 3000W<\/strong>, parejado com um <strong data-start=\"1479\" data-end=\"1511\">controlador 60V com 24 tubos<\/strong>, assegurando sa\u00edda est\u00e1vel e desempenho de condu\u00e7\u00e3o suave.<\/p>\n<p style=\"padding-left: 40px;\" data-start=\"1255\" data-end=\"1567\"><img fetchpriority=\"high\" decoding=\"async\" class=\"alignnone size-medium wp-image-2726\" src=\"https:\/\/www.tairuiauto.com\/wp-content\/uploads\/2025\/06\/6-300x200.jpg\" alt=\"\" width=\"300\" height=\"200\" srcset=\"\" sizes=\"(max-width: 300px) 100vw, 300px\" data-srcset=\"\" \/>\u00a0 \u00a0 \u00a0 \u00a0 \u00a0 \u00a0 \u00a0 \u00a0\u00a0 \u00a0\u00a0<img decoding=\"async\" class=\"alignnone size-medium wp-image-2719\" src=\"https:\/\/www.tairuiauto.com\/wp-content\/uploads\/2025\/06\/MG_9785-300x200.jpg\" alt=\"\" width=\"300\" height=\"200\" srcset=\"\" sizes=\"(max-width: 300px) 100vw, 300px\" data-srcset=\"\" \/><\/p>\n<p style=\"padding-left: 40px;\" data-start=\"1569\" data-end=\"1850\">A armazenagem de energia \u00e9 fornecida por um <strong data-start=\"1601\" data-end=\"1629\">Sistema de bateria 60V 100Ah<\/strong>apoiando um <strong data-start=\"1644\" data-end=\"1690\">dist\u00e2ncia de condu\u00e7\u00e3o de pelo menos 80 km por carga<\/strong>o que \u00e9 suficiente para viagens di\u00e1rias, viagens familiares e opera\u00e7\u00f5es de servi\u00e7o local. O <strong data-start=\"1782\" data-end=\"1812\">tempo de carga de 6-8 horas<\/strong> permite uma carga conveniente durante a noite.<\/p>\n<p style=\"padding-left: 40px;\" data-start=\"1852\" data-end=\"2153\">Para a estabilidade e durabilidade do carro, o ve\u00edculo apresenta um <strong data-start=\"1911\" data-end=\"1949\">suspens\u00e3o integrada da frente da ponte<\/strong> e <strong data-start=\"1954\" data-end=\"1982\">suspens\u00e3o traseira de bra\u00e7o arrastado<\/strong>, fornecendo desempenho confi\u00e1vel nas estradas urbanas e superf\u00edcies rurais ligeiras. O sistema de travagem adota <strong data-start=\"2083\" data-end=\"2113\">frenos de disco frontal e posterior<\/strong>melhorando a seguran\u00e7a e a resposta de travagem.<\/p>\n<p style=\"padding-left: 40px;\" data-start=\"2155\" data-end=\"2416\">O ve\u00edculo est\u00e1 equipado <strong data-start=\"2184\" data-end=\"2203\">pneus 145\/70R12<\/strong> e <strong data-start=\"2208\" data-end=\"2231\">centros de liga de alum\u00ednio<\/strong>melhorando a durabilidade e a estabilidade de condu\u00e7\u00e3o. Com um <strong data-start=\"2284\" data-end=\"2320\">capacidade m\u00e1xima de subida de \u226525%<\/strong> e um <strong data-start=\"2327\" data-end=\"2351\">velocidade m\u00e1xima de 45 km\/h<\/strong>pode facilmente lidar com rampas, inclina\u00e7\u00f5es e condi\u00e7\u00f5es de estrada variadas.<\/p>\n<p style=\"padding-left: 40px;\" data-start=\"2418\" data-end=\"2610\">Caracter\u00edsticas orientadas ao usu\u00e1rio incluem <strong data-start=\"2449\" data-end=\"2469\">come\u00e7ar com um bot\u00e3o<\/strong>, <strong data-start=\"2471\" data-end=\"2494\">Sistema de ilumina\u00e7\u00e3o LED<\/strong>, <strong data-start=\"2496\" data-end=\"2514\">c\u00e2mera inversa<\/strong>, <strong data-start=\"2516\" data-end=\"2526\">aquecedor<\/strong>e <strong data-start=\"2532\" data-end=\"2552\">janelas el\u00e9tricas<\/strong>, aumentando o conforto e a conveni\u00eancia de conduzir para uso di\u00e1rio.<\/p>\n<hr style=\"padding-left: 40px;\" data-start=\"2612\" data-end=\"2615\" \/>\n<h2 style=\"padding-left: 40px;\" data-start=\"2617\" data-end=\"2645\">Caracter\u00edsticas-chave e - Avantagens<\/h2>\n<h3 style=\"padding-left: 40px;\" data-start=\"2647\" data-end=\"2661\">Caracter\u00edsticas<\/h3>\n<ul>\n<li style=\"list-style-type: none;\">\n<ul data-start=\"2662\" data-end=\"2856\">\n<li data-start=\"2662\" data-end=\"2704\">\n<p data-start=\"2664\" data-end=\"2704\">Design de corpo el\u00e9trico de quatro portas compacto<\/p>\n<\/li>\n<li data-start=\"2705\" data-end=\"2748\">\n<p data-start=\"2707\" data-end=\"2748\">Motor AC 60V e controlador inteligente<\/p>\n<\/li>\n<li data-start=\"2749\" data-end=\"2787\">\n<p data-start=\"2751\" data-end=\"2787\">Sistema de travagem de discos frontal e posterior<\/p>\n<\/li>\n<li data-start=\"2788\" data-end=\"2813\">\n<p data-start=\"2790\" data-end=\"2813\">Rodas de liga de alum\u00ednio<\/p>\n<\/li>\n<li data-start=\"2814\" data-end=\"2856\">\n<p data-start=\"2816\" data-end=\"2856\">Fun\u00e7\u00f5es pr\u00e1ticas de conforto e seguran\u00e7a<\/p>\n<\/li>\n<\/ul>\n<\/li>\n<\/ul>\n<h3 style=\"padding-left: 40px;\" data-start=\"2858\" data-end=\"2874\">Avantagens<\/h3>\n<ul>\n<li style=\"list-style-type: none;\">\n<ul data-start=\"2875\" data-end=\"3067\">\n<li data-start=\"2875\" data-end=\"2921\">\n<p data-start=\"2877\" data-end=\"2921\">Opera\u00e7\u00e3o f\u00e1cil para uso urbano e comunit\u00e1rio<\/p>\n<\/li>\n<li data-start=\"2922\" data-end=\"2969\">\n<p data-start=\"2924\" data-end=\"2969\">Baixo custo de consumo de energia e manuten\u00e7\u00e3o<\/p>\n<\/li>\n<li data-start=\"2970\" data-end=\"3020\">\n<p data-start=\"2972\" data-end=\"3020\">Tamanho compacto com capacidade pr\u00e1tica de passageiros<\/p>\n<\/li>\n<li data-start=\"3021\" data-end=\"3067\">\n<p data-start=\"3023\" data-end=\"3067\">Representa\u00e7\u00e3o est\u00e1vel nas estradas urbanas e rurais<\/p>\n<\/li>\n<\/ul>\n<\/li>\n<\/ul>\n<h3 style=\"padding-left: 40px;\" data-start=\"3069\" data-end=\"3089\">Benef\u00edcios do comprador<\/h3>\n<ul>\n<li style=\"list-style-type: none;\">\n<ul data-start=\"3090\" data-end=\"3264\">\n<li data-start=\"3090\" data-end=\"3128\">\n<p data-start=\"3092\" data-end=\"3128\">Redu\u00e7\u00e3o dos custos di\u00e1rios de transporte<\/p>\n<\/li>\n<li data-start=\"3129\" data-end=\"3164\">\n<p data-start=\"3131\" data-end=\"3164\">Carga e manuten\u00e7\u00e3o simples<\/p>\n<\/li>\n<li data-start=\"3165\" data-end=\"3211\">\n<p data-start=\"3167\" data-end=\"3211\">Viagens de curta dist\u00e2ncia confort\u00e1veis e seguras<\/p>\n<\/li>\n<li data-start=\"3212\" data-end=\"3264\">\n<p data-start=\"3214\" data-end=\"3264\">Adequado \u00e0s necessidades de mobilidade familiar e comunit\u00e1ria<\/p>\n<\/li>\n<\/ul>\n<\/li>\n<\/ul>\n<h3 style=\"padding-left: 40px;\" data-start=\"3266\" data-end=\"3280\">Provas<\/h3>\n<ul>\n<li style=\"list-style-type: none;\">\n<ul data-start=\"3281\" data-end=\"3421\">\n<li data-start=\"3281\" data-end=\"3329\">\n<p data-start=\"3283\" data-end=\"3329\">Configura\u00e7\u00e3o provada de motor AC e controlador<\/p>\n<\/li>\n<li data-start=\"3330\" data-end=\"3372\">\n<p data-start=\"3332\" data-end=\"3372\">Sistema de suspens\u00e3o e travagem confi\u00e1vel<\/p>\n<\/li>\n<li data-start=\"3373\" data-end=\"3421\">\n<p data-start=\"3375\" data-end=\"3421\">Equipamento funcional pr\u00e1tico para uso di\u00e1rio<\/p>\n<\/li>\n<\/ul>\n<\/li>\n<\/ul>\n<hr style=\"padding-left: 40px;\" data-start=\"3423\" data-end=\"3426\" \/>\n<h2 style=\"padding-left: 40px;\" data-start=\"3428\" data-end=\"3452\">Escen\u00e1rios de aplica\u00e7\u00f5es<\/h2>\n<ul>\n<li style=\"list-style-type: none;\">\n<ul data-start=\"3454\" data-end=\"3670\">\n<li data-start=\"3454\" data-end=\"3488\">\n<p data-start=\"3456\" data-end=\"3488\">Viagens urbanas de curta dist\u00e2ncia<\/p>\n<\/li>\n<li data-start=\"3489\" data-end=\"3520\">\n<p data-start=\"3491\" data-end=\"3520\">Transporte di\u00e1rio familiar<\/p>\n<\/li>\n<li data-start=\"3521\" data-end=\"3571\">\n<p data-start=\"3523\" data-end=\"3571\">Mobilidade dos idosos e servi\u00e7o de navega\u00e7\u00e3o comunit\u00e1ria<\/p>\n<\/li>\n<li data-start=\"3572\" data-end=\"3609\">\n<p data-start=\"3574\" data-end=\"3609\">Transfer\u00eancia de convidados de casa e hotel<\/p>\n<\/li>\n<li data-start=\"3610\" data-end=\"3670\">\n<p data-start=\"3612\" data-end=\"3670\">Com\u00e9rcio eletr\u00f4nico rural e recolha m\u00e9dica - servi\u00e7os de abandono<\/p>\n<\/li>\n<\/ul>\n<\/li>\n<\/ul>\n<hr style=\"padding-left: 40px;\" data-start=\"3672\" data-end=\"3675\" \/>\n<h2 style=\"padding-left: 40px;\" data-start=\"3677\" data-end=\"3720\">Por que escolher este ve\u00edculo el\u00e9trico compacto<\/h2>\n<p style=\"padding-left: 40px;\" data-start=\"3722\" data-end=\"4006\">O <strong data-start=\"3726\" data-end=\"3769\">Mobilidade urbana de ve\u00edculos el\u00e9tricos compactos<\/strong> oferece um equil\u00edbrio ideal de tamanho, efici\u00eancia e pr\u00e1tica. Seu design compacto, sistema el\u00e9trico confi\u00e1vel e caracter\u00edsticas amig\u00e1veis do usu\u00e1rio fazem com que seja uma escolha custo-eficaz para viagens urbanas, uso familiar e projetos de transporte comunit\u00e1rio.<\/p>\n<hr style=\"padding-left: 40px;\" data-start=\"4008\" data-end=\"4011\" \/>\n<h2 style=\"padding-left: 40px;\" data-start=\"4013\" data-end=\"4041\">embalagem e Certifica\u00e7\u00e3o<\/h2>\n<ul>\n<li style=\"list-style-type: none;\">\n<ul data-start=\"4043\" data-end=\"4127\">\n<li data-start=\"4043\" data-end=\"4100\">\n<p data-start=\"4045\" data-end=\"4100\"><strong data-start=\"4045\" data-end=\"4076\">Capacidade de Carga de Container:<\/strong> 5 unidades (SKD) \/ 40\u2019HQ<\/p>\n<\/li>\n<li data-start=\"4101\" data-end=\"4127\">\n<p data-start=\"4103\" data-end=\"4127\"><strong data-start=\"4103\" data-end=\"4121\">Certifica\u00e7\u00e3o:<\/strong> CCC<\/p>\n<\/li>\n<\/ul>\n<\/li>\n<\/ul>\n<hr style=\"padding-left: 40px;\" data-start=\"4129\" data-end=\"4132\" \/>\n<h2 style=\"padding-left: 40px;\" data-start=\"4134\" data-end=\"4140\">FAQ<\/h2>\n<p style=\"padding-left: 40px;\" data-start=\"4142\" data-end=\"4286\"><strong data-start=\"4142\" data-end=\"4192\">Q1: Qual \u00e9 o intervalo de condu\u00e7\u00e3o deste ve\u00edculo?<\/strong><br data-start=\"4192\" data-end=\"4195\" \/>O ve\u00edculo oferece uma gama de <strong data-start=\"4225\" data-end=\"4246\">\u226580 km por carga<\/strong>dependendo das condi\u00e7\u00f5es rodovi\u00e1rias e da carga.<\/p>\n<p style=\"padding-left: 40px;\" data-start=\"4288\" data-end=\"4410\"><strong data-start=\"4288\" data-end=\"4328\">Q2: Quanto tempo demora para encarregar?<\/strong><br data-start=\"4328\" data-end=\"4331\" \/>O tempo de carga \u00e9 aproximadamente <strong data-start=\"4362\" data-end=\"4375\">6-8 horas<\/strong> usando equipamento de carga padr\u00e3o.<\/p>\n<p style=\"padding-left: 40px;\" data-start=\"4412\" data-end=\"4566\"><strong data-start=\"4412\" data-end=\"4462\">Q3: O ve\u00edculo \u00e9 adequado para usu\u00e1rios idosos?<\/strong><br data-start=\"4462\" data-end=\"4465\" \/>Sim. Sua baixa velocidade, f\u00e1cil funcionamento e caracter\u00edsticas de conforto tornam-a adequada para o transporte de idosos.<\/p>\n<p style=\"padding-left: 40px;\" data-start=\"4568\" data-end=\"4682\"><strong data-start=\"4568\" data-end=\"4608\">Q4: Que sistema de travagem usa?<\/strong><br data-start=\"4608\" data-end=\"4611\" \/>Ela est\u00e1 equipada com <strong data-start=\"4631\" data-end=\"4661\">frenos de disco frontal e posterior<\/strong> para melhorar a seguran\u00e7a.<\/p>\n<p style=\"padding-left: 40px;\" data-start=\"4684\" data-end=\"4856\"><strong data-start=\"4684\" data-end=\"4752\">Q5: Este modelo pode ser usado para servi\u00e7os comerciais ou comunit\u00e1rios?<\/strong><br data-start=\"4752\" data-end=\"4755\" \/>Sim. \u00c9 adequado para naves comunit\u00e1rias, servi\u00e7os rurais e opera\u00e7\u00f5es comerciais a curta dist\u00e2ncia.<\/p>\n<p style=\"padding-left: 40px;\">","protected":false},"excerpt":{"rendered":"<p>A Compact Electric Vehicle Urban Mobility \u00e9 um carro el\u00e9trico pr\u00e1tico de quatro portas projetado para viagens urbanas a curta dist\u00e2ncia. Com um corpo compacto, um sistema motorizado AC eficiente e caracter\u00edsticas amig\u00e1veis ao usu\u00e1rio, oferece uma solu\u00e7\u00e3o confi\u00e1vel e econ\u00f4mica para viagens urbanas di\u00e1rias e transporte comunit\u00e1rio.<\/p>","protected":false},"featured_media":5332,"comment_status":"open","ping_status":"closed","template":"","meta":[],"product_brand":[],"product_cat":[77],"product_tag":[],"class_list":{"0":"post-2712","1":"product","2":"type-product","3":"status-publish","4":"has-post-thumbnail","6":"product_cat-electric-micro-vehicle","8":"first","9":"instock","10":"shipping-taxable","11":"purchasable","12":"product-type-simple"},"_links":{"self":[{"href":"https:\/\/www.tairuiauto.com\/pt\/wp-json\/wp\/v2\/product\/2712","targetHints":{"allow":["GET"]}}],"collection":[{"href":"https:\/\/www.tairuiauto.com\/pt\/wp-json\/wp\/v2\/product"}],"about":[{"href":"https:\/\/www.tairuiauto.com\/pt\/wp-json\/wp\/v2\/types\/product"}],"replies":[{"embeddable":true,"href":"https:\/\/www.tairuiauto.com\/pt\/wp-json\/wp\/v2\/comments?post=2712"}],"wp:featuredmedia":[{"embeddable":true,"href":"https:\/\/www.tairuiauto.com\/pt\/wp-json\/wp\/v2\/media\/5332"}],"wp:attachment":[{"href":"https:\/\/www.tairuiauto.com\/pt\/wp-json\/wp\/v2\/media?parent=2712"}],"wp:term":[{"taxonomy":"product_brand","embeddable":true,"href":"https:\/\/www.tairuiauto.com\/pt\/wp-json\/wp\/v2\/product_brand?post=2712"},{"taxonomy":"product_cat","embeddable":true,"href":"https:\/\/www.tairuiauto.com\/pt\/wp-json\/wp\/v2\/product_cat?post=2712"},{"taxonomy":"product_tag","embeddable":true,"href":"https:\/\/www.tairuiauto.com\/pt\/wp-json\/wp\/v2\/product_tag?post=2712"}],"curies":[{"name":"wp","href":"https:\/\/api.w.org\/{rel}","templated":true}]}}