{"id":2738,"date":"2026-01-14T10:31:12","date_gmt":"2026-01-14T02:31:12","guid":{"rendered":"https:\/\/www.tairuiauto.com\/?post_type=product&#038;p=2738"},"modified":"2026-03-09T14:35:27","modified_gmt":"2026-03-09T06:35:27","slug":"a8h-electric-commercial-quadricycle","status":"publish","type":"product","link":"https:\/\/www.tairuiauto.com\/pt\/product\/a8h-electric-commercial-quadricycle\/","title":{"rendered":"City Electric Refrigerated Vehicle for Urban Transport"},"content":{"rendered":"<div class=\"kche-wrap-width\">\n<div class=\"kche-t154\">\n<div class=\"kche-t154-contant\">\n<div class=\"kche-t154-list\">\n<div class=\"kche-t154-item\">\n<div class=\"kche-t154-img\">\n<h2 data-start=\"484\" data-end=\"503\">Vista geral dos produtos<\/h2>\n<\/div>\n<\/div>\n<\/div>\n<\/div>\n<\/div>\n<\/div>\n<div class=\"kche-wrap-width\">\n<div class=\"kche-t154\">\n<div class=\"kche-t154-contant\">\n<div class=\"kche-t154-list\">\n<div class=\"kche-t154-item\">\n<div class=\"kche-t154-img\">\n<p data-start=\"505\" data-end=\"823\">O <strong data-start=\"509\" data-end=\"554\">Ve\u00edculo el\u00e9trico da cidade para transporte urbano<\/strong> \u00e9 um ve\u00edculo el\u00e9trico compacto e de um \u00fanico lugar desenvolvido para mobilidade urban a e aplica\u00e7\u00f5es orientadas para utilidades. Combina uma estrutura corporal semi integral duradoura com alta capacidade de carga \u00fatil, tornando-a adequada tanto para o transporte pessoal como comercial a curta dist\u00e2ncia.<\/p>\n<table class=\"table\" style=\"width: 81.3481%; height: 576px;\" border=\"1\" cellspacing=\"1\" cellpadding=\"1\">\n<tbody>\n<tr style=\"height: 24px;\">\n<td style=\"width: 28.7436%; height: 24px;\">Modelo<\/td>\n<td style=\"width: 56.6062%; height: 24px;\">Ve\u00edculo el\u00e9trico da cidade para transporte urbano<\/td>\n<\/tr>\n<tr style=\"height: 24px;\">\n<td style=\"width: 28.7436%; height: 24px;\">Dimens\u00f5es (mm)<\/td>\n<td style=\"width: 56.6062%; height: 24px;\">3559*1227*1669<\/td>\n<\/tr>\n<tr style=\"height: 24px;\">\n<td style=\"width: 28.7436%; height: 24px;\">Tipo de corpo<\/td>\n<td style=\"width: 56.6062%; height: 24px;\">corpo semi-integral<\/td>\n<\/tr>\n<tr style=\"height: 24px;\">\n<td style=\"width: 28.7436%; height: 24px;\">Estrutura corporal<\/td>\n<td style=\"width: 56.6062%; height: 24px;\">2 portas e 1 lugar<\/td>\n<\/tr>\n<tr style=\"height: 24px;\">\n<td style=\"width: 28.7436%; height: 24px;\">Motor<\/td>\n<td style=\"width: 56.6062%; height: 24px;\">72V5000W<\/td>\n<\/tr>\n<tr style=\"height: 24px;\">\n<td style=\"width: 28.7436%; height: 24px;\">Controlador<\/td>\n<td style=\"width: 56.6062%; height: 24px;\">Tubos 72V32s<\/td>\n<\/tr>\n<tr style=\"height: 24px;\">\n<td style=\"width: 28.7436%; height: 24px;\">Bateria(kwh)<\/td>\n<td style=\"width: 56.6062%; height: 24px;\">72V120AH<\/td>\n<\/tr>\n<tr style=\"height: 24px;\">\n<td style=\"width: 28.7436%; height: 24px;\">Tempo de carga(H)<\/td>\n<td style=\"width: 56.6062%; height: 24px;\">6-8h<\/td>\n<\/tr>\n<tr style=\"height: 24px;\">\n<td style=\"width: 28.7436%; height: 24px;\">Rango por carga\/km<\/td>\n<td style=\"width: 56.6062%; height: 24px;\">\u226590<\/td>\n<\/tr>\n<tr style=\"height: 24px;\">\n<td style=\"width: 28.7436%; height: 24px;\">Capacidade de carga\/kg<\/td>\n<td style=\"width: 56.6062%; height: 24px;\">1183 kg<\/td>\n<\/tr>\n<tr style=\"height: 24px;\">\n<td style=\"width: 28.7436%; height: 24px;\">Suspens\u00e3o frontal<\/td>\n<td style=\"width: 56.6062%; height: 24px;\">Suspens\u00e3o McPherson<\/td>\n<\/tr>\n<tr style=\"height: 24px;\">\n<td style=\"width: 28.7436%; height: 24px;\">Suspens\u00e3o posterior<\/td>\n<td style=\"width: 56.6062%; height: 24px;\">Eixo traseiro integrado<\/td>\n<\/tr>\n<tr style=\"height: 24px;\">\n<td style=\"width: 28.7436%; height: 24px;\">pneu anterior\/posterior<\/td>\n<td style=\"width: 56.6062%; height: 24px;\">135\/70R12<\/td>\n<\/tr>\n<tr style=\"height: 24px;\">\n<td style=\"width: 28.7436%; height: 24px;\">Rim<\/td>\n<td style=\"width: 56.6062%; height: 24px;\">Iron Hub<\/td>\n<\/tr>\n<tr style=\"height: 24px;\">\n<td style=\"width: 28.7436%; height: 24px;\">Sistema de trav\u00e3o<\/td>\n<td style=\"width: 56.6062%; height: 24px;\">firont\/reardisc<\/td>\n<\/tr>\n<tr style=\"height: 24px;\">\n<td style=\"width: 28.7436%; height: 24px;\">Grau de clhmbing (%)<\/td>\n<td style=\"width: 56.6062%; height: 24px;\">\u226525<\/td>\n<\/tr>\n<tr style=\"height: 24px;\">\n<td style=\"width: 28.7436%; height: 24px;\">Velocidade m\u00e1xima (km\/h)<\/td>\n<td style=\"width: 56.6062%; height: 24px;\">52km\/h<\/td>\n<\/tr>\n<tr style=\"height: 24px;\">\n<td style=\"width: 28.7436%; height: 24px;\">Modo de dire\u00e7\u00e3o<\/td>\n<td style=\"width: 56.6062%; height: 24px;\">Direc\u00e7\u00e3o<\/td>\n<\/tr>\n<tr style=\"height: 24px;\">\n<td style=\"width: 28.7436%; height: 24px;\">Certificado<\/td>\n<td style=\"width: 56.6062%; height: 24px;\">CEE\/COC\/L7e-CU<\/td>\n<\/tr>\n<tr style=\"height: 24px;\">\n<td style=\"width: 28.7436%; height: 24px;\">Capacidade de contentor<\/td>\n<td style=\"width: 56.6062%; height: 24px;\">4PCS SKD\/40HQ<\/td>\n<\/tr>\n<tr style=\"height: 24px;\">\n<td style=\"width: 28.7436%; height: 24px;\">Dispositivo de Fun\u00e7\u00e3o<\/td>\n<td style=\"width: 56.6062%; height: 24px;\">Um Bot\u00e3o Come\u00e7a Luzes LELED<\/td>\n<\/tr>\n<tr style=\"height: 24px;\">\n<td style=\"width: 28.7436%; height: 24px;\"><\/td>\n<td style=\"width: 56.6062%; height: 24px;\">janela inversa de c\u00e2mara\/aquecedor\/el\u00e9trico<\/td>\n<\/tr>\n<tr style=\"height: 48px;\">\n<td style=\"width: 28.7436%; height: 48px;\">Escen\u00e1rios de aplica\u00e7\u00f5es<\/td>\n<td style=\"width: 56.6062%; height: 48px; padding-left: 80px;\">Viagens urbanas de curta dist\u00e2ncia, viagens de parques, distribui\u00e7\u00e3o de cenas comerciais, viagens em tempo ruim, turismo suburbano e distribui\u00e7\u00e3o de log\u00edstica urbana de milha passada<\/td>\n<\/tr>\n<\/tbody>\n<\/table>\n<hr data-start=\"825\" data-end=\"828\" \/>\n<h2 data-start=\"830\" data-end=\"852\">Descri\u00e7\u00e3o do produto<\/h2>\n<h3 data-start=\"854\" data-end=\"876\">Categoria de produtos<\/h3>\n<p data-start=\"877\" data-end=\"967\">City Electric Vehicle \/ Urban Utility Electric Vehicle \/ Electric Light Commercial Vehicle<\/p>\n<h3 data-start=\"969\" data-end=\"994\">Descri\u00e7\u00e3o do produto<\/h3>\n<p data-start=\"996\" data-end=\"1317\">O <strong data-start=\"1000\" data-end=\"1045\">Ve\u00edculo el\u00e9trico da cidade para transporte urbano<\/strong> \u00e9 projetada para abordar a crescente demanda de mobilidade urbana flex\u00edvel, de baixo custo e ecol\u00f3gico. Com dimens\u00f5es globais compactas de <strong data-start=\"1194\" data-end=\"1219\">3559 \u00d7 1227 \u00d7 1669 mm<\/strong>o ve\u00edculo \u00e9 bem adaptado para ruas urbanas estreitas, parques industriais e \u00e1reas urbanas congestionadas.<\/p>\n<p data-start=\"1319\" data-end=\"1613\">O ve\u00edculo apresenta um <strong data-start=\"1342\" data-end=\"1371\">design corporal semi integral<\/strong> com <strong data-start=\"1377\" data-end=\"1403\">duas portas e um assento<\/strong>focando na efici\u00eancia da carga e conforto do condutor. Fornecida por um <strong data-start=\"1467\" data-end=\"1495\">Motor el\u00e9trico 72V 5000W<\/strong> e um <strong data-start=\"1502\" data-end=\"1534\">controlador 72V com 32 tubos<\/strong>, ele fornece sa\u00edda est\u00e1vel de energia e acelera\u00e7\u00e3o responsiva, mesmo sob carga.<\/p>\n<p data-start=\"1615\" data-end=\"1934\">A energia \u00e9 fornecida por um <strong data-start=\"1639\" data-end=\"1667\">Sistema de bateria 72V 120Ah<\/strong>fornecendo uma <strong data-start=\"1681\" data-end=\"1727\">dist\u00e2ncia de condu\u00e7\u00e3o de pelo menos 90 km por carga<\/strong>Essa gama atende \u00e0s necessidades de entrega urbana di\u00e1ria, viagem de parques e log\u00edstica a curta dist\u00e2ncia. O <strong data-start=\"1831\" data-end=\"1861\">tempo de carga de 6-8 horas<\/strong> permite uma carga nocturna conveniente e uma opera\u00e7\u00e3o di\u00e1ria cont\u00ednua.<\/p>\n<p data-start=\"1615\" data-end=\"1934\"><img fetchpriority=\"high\" decoding=\"async\" class=\"alignnone size-medium wp-image-2748\" src=\"https:\/\/www.tairuiauto.com\/wp-content\/uploads\/2025\/06\/9-300x200.jpg\" alt=\"\" width=\"300\" height=\"200\" srcset=\"\" sizes=\"(max-width: 300px) 100vw, 300px\" data-srcset=\"\" \/>\u00a0 \u00a0 \u00a0 \u00a0 \u00a0 \u00a0 \u00a0 \u00a0 \u00a0 \u00a0 \u00a0 <img decoding=\"async\" class=\"alignnone size-medium wp-image-2747\" src=\"https:\/\/www.tairuiauto.com\/wp-content\/uploads\/2025\/06\/7-300x200.jpg\" alt=\"\" width=\"300\" height=\"200\" srcset=\"\" sizes=\"(max-width: 300px) 100vw, 300px\" data-srcset=\"\" \/><\/p>\n<p data-start=\"1936\" data-end=\"2263\">Dese\u00f1ado para durabilidade e desempenho carregador, o ve\u00edculo oferece um impressionante <strong data-start=\"2023\" data-end=\"2054\">capacidade de carga de 1183 kg<\/strong>tornando-a adequada para uso comercial. O <strong data-start=\"2099\" data-end=\"2129\">Suspens\u00e3o frontal McPherson<\/strong> combinados com um <strong data-start=\"2147\" data-end=\"2171\">eixo traseiro integrado<\/strong> assegura estabilidade, suporte de carga e manejo confi\u00e1vel em condi\u00e7\u00f5es urbanas variadas.<\/p>\n<p data-start=\"2265\" data-end=\"2660\">A seguran\u00e7a e o controle s\u00e3o refor\u00e7ados pela <strong data-start=\"2304\" data-end=\"2342\">sistema de travagem de discos frontal e posterior<\/strong>, fornecendo desempenho consistente de travagem. O ve\u00edculo est\u00e1 equipado <strong data-start=\"2416\" data-end=\"2435\">pneus 135\/70R12<\/strong> e <strong data-start=\"2440\" data-end=\"2453\">centros de ferro<\/strong>, priorizando for \u00e7a e durabilidade para ciclos frequentes de condu\u00e7\u00e3o de paragem inicial. Com um <strong data-start=\"2539\" data-end=\"2573\">capacidade de subir acima de 25%<\/strong> e um <strong data-start=\"2580\" data-end=\"2604\">velocidade m\u00e1xima de 52 km\/h<\/strong>ele se adapta bem \u00e0s pendientes, rampas e sobreposi\u00e7\u00f5es urbanas.<\/p>\n<p data-start=\"2662\" data-end=\"2854\">Caracter\u00edsticas funcionais como <strong data-start=\"2690\" data-end=\"2710\">come\u00e7ar com um bot\u00e3o<\/strong>, <strong data-start=\"2712\" data-end=\"2728\">ilumina\u00e7\u00e3o LED<\/strong>, <strong data-start=\"2730\" data-end=\"2748\">c\u00e2mera inversa<\/strong>, <strong data-start=\"2750\" data-end=\"2760\">aquecedor<\/strong>e <strong data-start=\"2766\" data-end=\"2786\">janelas el\u00e9tricas<\/strong> melhorar a conveni\u00eancia dos motores e a efici\u00eancia operacional no uso di\u00e1rio.<\/p>\n<hr data-start=\"2856\" data-end=\"2859\" \/>\n<h2 data-start=\"2861\" data-end=\"2889\">Caracter\u00edsticas-chave e - Avantagens<\/h2>\n<h3 data-start=\"2891\" data-end=\"2905\">Caracter\u00edsticas<\/h3>\n<p data-start=\"2908\" data-end=\"2963\">Design compacto de utilidade el\u00e9trica com duas portas e um \u00fanico banco<\/p>\n<p data-start=\"2966\" data-end=\"3005\">Sistema el\u00e9trico de alto torque 72V<\/p>\n<p data-start=\"3008\" data-end=\"3053\">Capacidade de carga \u00fatil forte para a log\u00edstica urbana<\/p>\n<p data-start=\"3056\" data-end=\"3092\">Sistema de travagem de discos frontal e posterior<\/p>\n<p data-start=\"3095\" data-end=\"3145\">Caracter\u00edsticas pr\u00e1ticas de assist\u00eancia ao condutor e conforto<\/p>\n<h3 data-start=\"3147\" data-end=\"3163\">Avantagens<\/h3>\n<p data-start=\"3166\" data-end=\"3214\">Excelente maneuverabilidade em \u00e1reas urbanas densas<\/p>\n<p data-start=\"3217\" data-end=\"3274\">Alta capacidade de carga comparada a ve\u00edculos compactos semelhantes<\/p>\n<p data-start=\"3277\" data-end=\"3314\">Baixos custos de funcionamento e manuten\u00e7\u00e3o<\/p>\n<p data-start=\"3317\" data-end=\"3364\">Representa\u00e7\u00e3o confi\u00e1vel para uso di\u00e1rio comercial<\/p>\n<h3 data-start=\"3366\" data-end=\"3386\">Benef\u00edcios do comprador<\/h3>\n<p data-start=\"3389\" data-end=\"3428\">Redu\u00e7\u00e3o das despesas de combust\u00edvel e manuten\u00e7\u00e3o<\/p>\n<p data-start=\"3431\" data-end=\"3472\">Capacidade eficiente de entrega da \u00faltima milha<\/p>\n<p data-start=\"3475\" data-end=\"3516\">Opera\u00e7\u00e3o f\u00e1cil e curva de aprendizagem curta<\/p>\n<p data-start=\"3519\" data-end=\"3573\">Adaptabilidade a v\u00e1rios cen\u00e1rios de aplica\u00e7\u00e3o urbana<\/p>\n<h3 data-start=\"3575\" data-end=\"3589\">Provas<\/h3>\n<p data-start=\"3592\" data-end=\"3637\">Arquitetura de comboio el\u00e9trico de 72V provada<\/p>\n<p data-start=\"3640\" data-end=\"3682\">Configura\u00e7\u00e3o robusta de suspens\u00e3o e eixo<\/p>\n<p data-start=\"3685\" data-end=\"3743\">Equipamento funcional pr\u00e1tico para opera\u00e7\u00f5es do mundo real<\/p>\n<hr data-start=\"3745\" data-end=\"3748\" \/>\n<h2 data-start=\"3750\" data-end=\"3774\">Escen\u00e1rios de aplica\u00e7\u00f5es<\/h2>\n<p data-start=\"3778\" data-end=\"3815\">Transporte urbano de curta dist\u00e2ncia<\/p>\n<p data-start=\"3818\" data-end=\"3854\">Parque e zona industrial viajando<\/p>\n<p data-start=\"3857\" data-end=\"3905\">Opera\u00e7\u00f5es comerciais de distribui\u00e7\u00e3o e servi\u00e7o<\/p>\n<p data-start=\"3908\" data-end=\"3942\">Viajar em condi\u00e7\u00f5es meteorol\u00f3gicas ruins<\/p>\n<p data-start=\"3945\" data-end=\"3971\">Apoio ao turismo suburbano<\/p>\n<p data-start=\"3974\" data-end=\"4014\">Log\u00edstica e distribui\u00e7\u00e3o urbanas da \u00faltima milha<\/p>\n<hr data-start=\"4016\" data-end=\"4019\" \/>\n<h2 data-start=\"4021\" data-end=\"4061\">Por que escolher este ve\u00edculo el\u00e9trico da cidade<\/h2>\n<p data-start=\"4063\" data-end=\"4381\">O <strong data-start=\"4067\" data-end=\"4112\">Ve\u00edculo el\u00e9trico da cidade para transporte urbano<\/strong> oferece uma combina\u00e7\u00e3o ideal de tamanho compacto, forte capacidade de carga e efici\u00eancia operacional. Sua constru\u00e7\u00e3o duradoura, um sistema el\u00e9trico confi\u00e1vel e uma gama vers\u00e1til de aplica\u00e7\u00f5es fazem com que seja uma solu\u00e7\u00e3o rentavelmente eficaz para a mobilidade urbana e o transporte comercial ligeiro.<\/p>\n<hr data-start=\"4383\" data-end=\"4386\" \/>\n<h2 data-start=\"4388\" data-end=\"4416\">embalagem e Certifica\u00e7\u00e3o<\/h2>\n<p data-start=\"4420\" data-end=\"4467\"><strong data-start=\"4420\" data-end=\"4443\">Capacidade de Contenedor:<\/strong> 4 unidades (SKD) \/ 40\u2019HQ<\/p>\n<p data-start=\"4470\" data-end=\"4509\"><strong data-start=\"4470\" data-end=\"4488\">Certifica\u00e7\u00e3o:<\/strong> CEE \/ COC \/ L7e-CU<\/p>\n<hr data-start=\"4511\" data-end=\"4514\" \/>\n<h2 data-start=\"4516\" data-end=\"4522\">FAQ<\/h2>\n<p data-start=\"4524\" data-end=\"4665\"><strong data-start=\"4524\" data-end=\"4577\">Q1: Qual \u00e9 o intervalo m\u00e1ximo de condu\u00e7\u00e3o por carga?<\/strong><br data-start=\"4577\" data-end=\"4580\" \/>O ve\u00edculo fornece uma gama de <strong data-start=\"4612\" data-end=\"4622\">\u226590 km<\/strong>dependendo da carga e condi\u00e7\u00f5es de condu\u00e7\u00e3o.<\/p>\n<p data-start=\"4667\" data-end=\"4819\"><strong data-start=\"4667\" data-end=\"4714\">Q2: Quanto peso pode esse ve\u00edculo carregar?<\/strong><br data-start=\"4714\" data-end=\"4717\" \/>Ele apoia um <strong data-start=\"4731\" data-end=\"4770\">capacidade m\u00e1xima de carga de 1183 kg<\/strong>, adequados para a log\u00edstica urbana e tarefas de utilidade.<\/p>\n<p data-start=\"4821\" data-end=\"4979\"><strong data-start=\"4821\" data-end=\"4871\">Q3: Este modelo \u00e9 adequado para uso comercial?<\/strong><br data-start=\"4871\" data-end=\"4874\" \/>Sim. \u00c9 projetado especificamente para cen\u00e1rios comerciais como entrega de \u00faltima milha e opera\u00e7\u00f5es de parque.<\/p>\n<p data-start=\"4981\" data-end=\"5104\"><strong data-start=\"4981\" data-end=\"5021\">Q4: Que sistema de travagem usa?<\/strong><br data-start=\"5021\" data-end=\"5024\" \/>O ve\u00edculo est\u00e1 equipado <strong data-start=\"5053\" data-end=\"5083\">frenos de disco frontal e posterior<\/strong> para melhorar a seguran\u00e7a.<\/p>\n<p data-start=\"5106\" data-end=\"5230\"><strong data-start=\"5106\" data-end=\"5151\">Q5: Apoia a certifica\u00e7\u00e3o de exporta\u00e7\u00e3o?<\/strong><br data-start=\"5151\" data-end=\"5154\" \/>Sim. O modelo cumpre <strong data-start=\"5183\" data-end=\"5205\">CEE \/ COC \/ L7e-CU<\/strong> padr\u00f5es de certifica\u00e7\u00e3o.<\/p>\n<hr \/>\n<\/div>\n<div class=\"kche-t154-text\">\n<p>&nbsp;<\/p>\n<\/div>\n<\/div>\n<\/div>\n<\/div>\n<\/div>\n<\/div>\n<p>&nbsp;<\/p>","protected":false},"excerpt":{"rendered":"<p data-start=\"180\" data-end=\"477\">Este ve\u00edculo el\u00e9trico da cidade \u00e9 projetado para transporte urbano eficiente e tarefas de carga ligeira. Com um corpo compacto, uma forte capacidade de carga e um comboio el\u00e9trico confi\u00e1vel, ele fornece uma solu\u00e7\u00e3o pr\u00e1tica para viagens a curta dist\u00e2ncia, viagens de parques e distribui\u00e7\u00e3o de \u00faltima milha em ambientes urbanos.<\/p>","protected":false},"featured_media":5333,"comment_status":"open","ping_status":"closed","template":"","meta":[],"product_brand":[],"product_cat":[77],"product_tag":[],"class_list":{"0":"post-2738","1":"product","2":"type-product","3":"status-publish","4":"has-post-thumbnail","6":"product_cat-electric-micro-vehicle","8":"first","9":"instock","10":"shipping-taxable","11":"product-type-simple"},"_links":{"self":[{"href":"https:\/\/www.tairuiauto.com\/pt\/wp-json\/wp\/v2\/product\/2738","targetHints":{"allow":["GET"]}}],"collection":[{"href":"https:\/\/www.tairuiauto.com\/pt\/wp-json\/wp\/v2\/product"}],"about":[{"href":"https:\/\/www.tairuiauto.com\/pt\/wp-json\/wp\/v2\/types\/product"}],"replies":[{"embeddable":true,"href":"https:\/\/www.tairuiauto.com\/pt\/wp-json\/wp\/v2\/comments?post=2738"}],"wp:featuredmedia":[{"embeddable":true,"href":"https:\/\/www.tairuiauto.com\/pt\/wp-json\/wp\/v2\/media\/5333"}],"wp:attachment":[{"href":"https:\/\/www.tairuiauto.com\/pt\/wp-json\/wp\/v2\/media?parent=2738"}],"wp:term":[{"taxonomy":"product_brand","embeddable":true,"href":"https:\/\/www.tairuiauto.com\/pt\/wp-json\/wp\/v2\/product_brand?post=2738"},{"taxonomy":"product_cat","embeddable":true,"href":"https:\/\/www.tairuiauto.com\/pt\/wp-json\/wp\/v2\/product_cat?post=2738"},{"taxonomy":"product_tag","embeddable":true,"href":"https:\/\/www.tairuiauto.com\/pt\/wp-json\/wp\/v2\/product_tag?post=2738"}],"curies":[{"name":"wp","href":"https:\/\/api.w.org\/{rel}","templated":true}]}}