{"id":2765,"date":"2026-01-22T11:34:30","date_gmt":"2026-01-22T03:34:30","guid":{"rendered":"https:\/\/www.tairuiauto.com\/?post_type=product&#038;p=2765"},"modified":"2026-01-27T10:59:22","modified_gmt":"2026-01-27T02:59:22","slug":"7-seater-tuk-electric-passenger-tricycle","status":"publish","type":"product","link":"https:\/\/www.tairuiauto.com\/pt\/product\/7-seater-tuk-electric-passenger-tricycle\/","title":{"rendered":"Electric Passenger Tuk Tuk for Urban Transport"},"content":{"rendered":"<h2 style=\"padding-left: 40px;\" data-start=\"448\" data-end=\"467\">Vista geral dos produtos<\/h2>\n<p style=\"padding-left: 40px;\" data-start=\"469\" data-end=\"770\">Esse tuk el\u00e9trico de passageiros \u00e9 projetado para viagens urbanas, transportes de passageiros a curta dist\u00e2ncia e opera\u00e7\u00f5es de vistas. Com forte capacidade de escalada, suspens\u00e3o est\u00e1vel e op\u00e7\u00f5es de configura\u00e7\u00e3o flex\u00edveis, ela proporciona conforto, seguran\u00e7a e efici\u00eancia operacional em diversos ambientes urbanos.<\/p>\n<table class=\"table\" style=\"width: 76.0498%; margin-left: 40px;\" border=\"1\" cellspacing=\"1\" cellpadding=\"1\">\n<tbody>\n<tr>\n<td style=\"width: 27.0542%;\">Modelo<\/td>\n<td style=\"width: 54.4326%;\">Electric Passenger Tuk Tuk for Urban Transport<\/td>\n<\/tr>\n<tr>\n<td style=\"width: 27.0542%;\">Dimens\u00f5es gerais do ve\u00edculo (mm)<\/td>\n<td style=\"width: 54.4326%;\">3430*1350*1790<\/td>\n<\/tr>\n<tr>\n<td style=\"width: 27.0542%;\">Dashboard<\/td>\n<td style=\"width: 54.4326%;\">Electrical com Dashboard<\/td>\n<\/tr>\n<tr>\n<td style=\"width: 27.0542%;\">Controlador de motores<\/td>\n<td style=\"width: 54.4326%;\">60\/72V 4000w adaptativo, adequado para baterias de fosfato de ferro de l\u00edtio<br \/>\nLimite superior de tens\u00e3o: 93v, limite inferior: 63v<\/td>\n<\/tr>\n<tr>\n<td style=\"width: 27.0542%;\">Eixo traseiro<\/td>\n<td style=\"width: 54.4326%;\">Freno de banho de petr\u00f3leo, roda de articula\u00e7\u00e3o de bola automotiva<\/td>\n<\/tr>\n<tr>\n<td style=\"width: 27.0542%;\">Frego frontal<\/td>\n<td style=\"width: 54.4326%;\">freno de disco de di\u00e2metro de 180 mm<\/td>\n<\/tr>\n<tr>\n<td style=\"width: 27.0542%;\">Frego traseiro<\/td>\n<td style=\"width: 54.4326%;\">freno de disco de 220mm de di\u00e2metro<\/td>\n<\/tr>\n<tr>\n<td style=\"width: 27.0542%;\">\u00e2ngulo de subida<\/td>\n<td style=\"width: 54.4326%;\">35\u00b0<\/td>\n<\/tr>\n<tr>\n<td style=\"width: 27.0542%;\">Luzes de frente<\/td>\n<td style=\"width: 54.4326%;\">LED<\/td>\n<\/tr>\n<tr>\n<td style=\"width: 27.0542%;\">Cargando Capacidade<\/td>\n<td style=\"width: 54.4326%;\">16 pessoas<\/td>\n<\/tr>\n<tr>\n<td style=\"width: 27.0542%;\">Outra op\u00e7\u00e3o<\/td>\n<td style=\"width: 54.4326%;\">Freno de estacionamento manual, r\u00e1dio Bluetooth, carga USB, quatro portas<\/td>\n<\/tr>\n<tr>\n<td style=\"width: 27.0542%;\">Centro de rodas<\/td>\n<td style=\"width: 54.4326%;\">centro de rodas<\/td>\n<\/tr>\n<tr>\n<td style=\"width: 27.0542%;\">Motor<\/td>\n<td style=\"width: 54.4326%;\">Motor AC 60V 4000W<\/td>\n<\/tr>\n<tr>\n<td style=\"width: 27.0542%;\">absortor de choque frontal<\/td>\n<td style=\"width: 54.4326%;\">Forque frontal de absor\u00e7\u00e3o de choque telesc\u00f3pico de dois ombros<\/td>\n<\/tr>\n<tr>\n<td style=\"width: 27.0542%;\">Suspens\u00e3o posterior<\/td>\n<td style=\"width: 54.4326%;\">suspens\u00e3o independente<\/td>\n<\/tr>\n<tr>\n<td style=\"width: 27.0542%;\">Velocidade m\u00e1xima<\/td>\n<td style=\"width: 54.4326%;\">55 Km\/h<\/td>\n<\/tr>\n<tr>\n<td style=\"width: 27.0542%;\">pneus de frente e de tr\u00e1s<\/td>\n<td style=\"width: 54.4326%;\">F 125-65-12\/R 125-65-12<\/td>\n<\/tr>\n<tr>\n<td style=\"width: 27.0542%;\">Endurance<\/td>\n<td style=\"width: 54.4326%;\">140-165km<\/td>\n<\/tr>\n<tr>\n<td style=\"width: 27.0542%;\">Bateria<\/td>\n<td style=\"width: 54.4326%;\">bateria de i\u00f3ns de l\u00edtio 60v150AH<\/td>\n<\/tr>\n<tr>\n<td style=\"width: 27.0542%;\">Tempo de carga<\/td>\n<td style=\"width: 54.4326%;\">8-10 h<\/td>\n<\/tr>\n<tr>\n<td style=\"width: 27.0542%;\">Cargando em 40HQ<\/td>\n<td style=\"width: 54.4326%;\">CKD 30<\/td>\n<\/tr>\n<tr>\n<td style=\"width: 27.0542%;\">Escen\u00e1rios de aplica\u00e7\u00f5es<\/td>\n<td style=\"width: 54.4326%;\">Viajando para parques industriais, recolha de eventos e abandono, vistas em lugares cen\u00e1rios, viagens comunit\u00e1rias e ve\u00edculos alugados para pequenos grupos de viagens<\/td>\n<\/tr>\n<\/tbody>\n<\/table>\n<div class=\"kche-wrap-width\">\n<div class=\"kche-t154\">\n<div class=\"kche-t154-contant\">\n<div class=\"kche-t154-list\">\n<div class=\"kche-t154-item\">\n<div class=\"kche-t154-text\">\n<hr data-start=\"772\" data-end=\"775\" \/>\n<h2 style=\"padding-left: 40px;\" data-start=\"777\" data-end=\"799\">Descri\u00e7\u00e3o do produto<\/h2>\n<h3 style=\"padding-left: 40px;\" data-start=\"801\" data-end=\"823\">Categoria de produtos<\/h3>\n<p style=\"padding-left: 40px;\" data-start=\"824\" data-end=\"910\">Electric Passenger Tuk\/Electric Three-Wheeler\/Urban Electric Transport Vehicle<\/p>\n<h3 style=\"padding-left: 40px;\" data-start=\"912\" data-end=\"937\">Descri\u00e7\u00e3o do produto<\/h3>\n<p style=\"padding-left: 40px;\" data-start=\"939\" data-end=\"1168\">O <strong data-start=\"943\" data-end=\"993\">Electric Passenger Tuk Tuk for Urban Transport<\/strong> caracteriza uma dimens\u00e3o geral do ve\u00edculo de <strong data-start=\"1035\" data-end=\"1060\">3430 \u00d7 1350 \u00d7 1790 mm<\/strong>, fornecendo amplo espa\u00e7o interior para passageiros, mantendo uma excelente maneuverabilidade no tr\u00e1fego da cidade.<\/p>\n<p style=\"padding-left: 40px;\" data-start=\"1170\" data-end=\"1514\">O ve\u00edculo est\u00e1 equipado com um <strong data-start=\"1201\" data-end=\"1223\">Motor AC 60V 4000W<\/strong>, combinado com um <strong data-start=\"1240\" data-end=\"1276\">Controlador de motor adaptativo 60\/72V<\/strong> compat\u00edvel com sistemas de bateria de fosfato de ferro de l\u00edtio. O controlador suporta um intervalo de tens\u00e3o com um limite superior de <strong data-start=\"1396\" data-end=\"1403\">93V<\/strong> e um limite inferior de <strong data-start=\"1425\" data-end=\"1432\">63V<\/strong>, assegurando uma produ\u00e7\u00e3o de energia est\u00e1vel e eficiente em diferentes condi\u00e7\u00f5es de funcionamento.<\/p>\n<p style=\"padding-left: 40px;\" data-start=\"1516\" data-end=\"1856\">A energia \u00e9 fornecida por um <strong data-start=\"1539\" data-end=\"1572\">60V 150Ah bateria de i\u00f3ns de l\u00edtio<\/strong>, fornecendo uma gama de resist\u00eancia de <strong data-start=\"1607\" data-end=\"1632\">140-165 km por carga<\/strong>O tempo de carga \u00e9 aproximadamente <strong data-start=\"1665\" data-end=\"1679\">8-10 horas<\/strong>tornando-o adequado para ciclos de carregamento durante a noite. O ve\u00edculo atinge um <strong data-start=\"1754\" data-end=\"1782\">velocidade m\u00e1xima de 55 km\/h<\/strong>atendendo \u00e0s necessidades do transporte urbano de passageiros, mantendo a seguran\u00e7a.<\/p>\n<p data-start=\"1516\" data-end=\"1856\"><img fetchpriority=\"high\" decoding=\"async\" class=\"aligncenter wp-image-5316 size-full\" src=\"https:\/\/www.tairuiauto.com\/wp-content\/uploads\/2026\/01\/1.webp\" alt=\"\" width=\"750\" height=\"750\" srcset=\"https:\/\/www.tairuiauto.com\/wp-content\/uploads\/2026\/01\/1.webp 750w, https:\/\/www.tairuiauto.com\/wp-content\/uploads\/2026\/01\/1-300x300.webp 300w, https:\/\/www.tairuiauto.com\/wp-content\/uploads\/2026\/01\/1-150x150.webp 150w, https:\/\/www.tairuiauto.com\/wp-content\/uploads\/2026\/01\/1-12x12.webp 12w, https:\/\/www.tairuiauto.com\/wp-content\/uploads\/2026\/01\/1-600x600.webp 600w, https:\/\/www.tairuiauto.com\/wp-content\/uploads\/2026\/01\/1-100x100.webp 100w\" sizes=\"(max-width: 750px) 100vw, 750px\" \/><\/p>\n<p style=\"padding-left: 40px;\" data-start=\"1858\" data-end=\"2253\">O sistema de travagem adota um <strong data-start=\"1886\" data-end=\"1913\">freno de disco frontal de 180 mm<\/strong> e um <strong data-start=\"1920\" data-end=\"1946\">freno de disco traseiro de 220 mm<\/strong>fornecendo um desempenho forte e confi\u00e1vel de travagem. O eixo traseiro \u00e9 projetado com um <strong data-start=\"2033\" data-end=\"2094\">sistema de trav\u00e3o de banho de petr\u00f3leo e bast\u00e3o de articula\u00e7\u00e3o de bola de grado autom\u00f3vel<\/strong>aumentando a durabilidade e a estabilidade da carga. O ve\u00edculo oferece um <strong data-start=\"2158\" data-end=\"2189\">\u00e2ngulo de subida de 35\u00b0<\/strong>, permitindo que ela maneje as pendientes e estradas urbanas desiguais com facilidade.<\/p>\n<p style=\"padding-left: 40px;\" data-start=\"2255\" data-end=\"2585\">Para o conforto de viagem, a suspens\u00e3o frontal apresenta um <strong data-start=\"2305\" data-end=\"2359\">garfo frontal de absor\u00e7\u00e3o de choque telesc\u00f3pico de dois ombros<\/strong>enquanto o traseiro adota um <strong data-start=\"2386\" data-end=\"2419\">sistema de suspens\u00e3o independente<\/strong>, reduzindo efetivamente a vibra\u00e7\u00e3o e melhorando o conforto dos passageiros. O ve\u00edculo est\u00e1 equipado <strong data-start=\"2512\" data-end=\"2531\">125\/65-12 pneus<\/strong> tanto na frente como na traseira, assegurando contato est\u00e1vel de estrada.<\/p>\n<p style=\"padding-left: 40px;\" data-start=\"2587\" data-end=\"2949\">A cabin a de passageiros suporta um <strong data-start=\"2618\" data-end=\"2649\">1 \u00b7 6 configura\u00e7\u00f5es de assentos<\/strong>tornando-o adequado para o transporte de grupo. As caracter\u00edsticas padr\u00e3o incluem <strong data-start=\"2717\" data-end=\"2735\">luzes LED<\/strong> e um <strong data-start=\"2743\" data-end=\"2767\">painel el\u00e9trico<\/strong>As configura\u00e7\u00f5es opcionais incluem um <strong data-start=\"2803\" data-end=\"2886\">freio de estacionamento manual, r\u00e1dio Bluetooth, portos de carga USB e design de quatro portas<\/strong>permitindo uma personaliza\u00e7\u00e3o flex\u00edvel baseada nos requisitos do mercado.<\/p>\n<p style=\"padding-left: 40px;\" data-start=\"2951\" data-end=\"3102\">O ve\u00edculo \u00e9 enviado <strong data-start=\"2977\" data-end=\"2989\">Forma CKD<\/strong>com uma capacidade de carga de <strong data-start=\"3018\" data-end=\"3049\">30 unidades por recipiente de 40HQ<\/strong>, otimizando a log\u00edstica e a efici\u00eancia do transporte.<\/p>\n<hr style=\"padding-left: 40px;\" data-start=\"3104\" data-end=\"3107\" \/>\n<h2 style=\"padding-left: 40px;\" data-start=\"3109\" data-end=\"3137\">Caracter\u00edsticas-chave e - Avantagens<\/h2>\n<h3 style=\"padding-left: 40px;\" data-start=\"3139\" data-end=\"3153\">Caracter\u00edsticas<\/h3>\n<ul>\n<li style=\"list-style-type: none;\">\n<ul data-start=\"3154\" data-end=\"3345\">\n<li data-start=\"3154\" data-end=\"3201\">\n<p data-start=\"3156\" data-end=\"3201\">Motor AC 60V 4000W com controlador adaptativo<\/p>\n<\/li>\n<li data-start=\"3202\" data-end=\"3240\">\n<p data-start=\"3204\" data-end=\"3240\">Longa dist\u00e2ncia de condu\u00e7\u00e3o at\u00e9 165 km<\/p>\n<\/li>\n<li data-start=\"3241\" data-end=\"3279\">\n<p data-start=\"3243\" data-end=\"3279\">Sistema de travagem de discos frontal e posterior<\/p>\n<\/li>\n<li data-start=\"3280\" data-end=\"3311\">\n<p data-start=\"3282\" data-end=\"3311\">Suspens\u00e3o posterior independente<\/p>\n<\/li>\n<li data-start=\"3312\" data-end=\"3345\">\n<p data-start=\"3314\" data-end=\"3345\">Espacial disposi\u00e7\u00e3o de 16 passageiros<\/p>\n<\/li>\n<\/ul>\n<\/li>\n<\/ul>\n<h3 style=\"padding-left: 40px;\" data-start=\"3347\" data-end=\"3363\">Avantagens<\/h3>\n<ul>\n<li style=\"list-style-type: none;\">\n<ul data-start=\"3364\" data-end=\"3535\">\n<li data-start=\"3364\" data-end=\"3415\">\n<p data-start=\"3366\" data-end=\"3415\">Alta capacidade de escalada para terrenos urbanos complexos<\/p>\n<\/li>\n<li data-start=\"3416\" data-end=\"3455\">\n<p data-start=\"3418\" data-end=\"3455\">Calidade est\u00e1vel e confort\u00e1vel de viagem<\/p>\n<\/li>\n<li data-start=\"3456\" data-end=\"3492\">\n<p data-start=\"3458\" data-end=\"3492\">Configura\u00e7\u00f5es opcionais flex\u00edveis<\/p>\n<\/li>\n<li data-start=\"3493\" data-end=\"3535\">\n<p data-start=\"3495\" data-end=\"3535\">Adequado para uso de passageiros e turismo<\/p>\n<\/li>\n<\/ul>\n<\/li>\n<\/ul>\n<h3 style=\"padding-left: 40px;\" data-start=\"3537\" data-end=\"3557\">Benef\u00edcios do comprador<\/h3>\n<ul>\n<li style=\"list-style-type: none;\">\n<ul data-start=\"3558\" data-end=\"3738\">\n<li data-start=\"3558\" data-end=\"3596\">\n<p data-start=\"3560\" data-end=\"3596\">Redu\u00e7\u00e3o dos custos operacionais e energ\u00e9ticos<\/p>\n<\/li>\n<li data-start=\"3597\" data-end=\"3640\">\n<p data-start=\"3599\" data-end=\"3640\">Alta capacidade de passageiros em tamanho compacto<\/p>\n<\/li>\n<li data-start=\"3641\" data-end=\"3683\">\n<p data-start=\"3643\" data-end=\"3683\">Transporte eficiente de CKD para encomendas em massa<\/p>\n<\/li>\n<li data-start=\"3684\" data-end=\"3738\">\n<p data-start=\"3686\" data-end=\"3738\">Forte adequa\u00e7\u00e3o para opera\u00e7\u00f5es urbanas e cen\u00e1rias<\/p>\n<\/li>\n<\/ul>\n<\/li>\n<\/ul>\n<h3 style=\"padding-left: 40px;\" data-start=\"3740\" data-end=\"3754\">Provas<\/h3>\n<ul>\n<li style=\"list-style-type: none;\">\n<ul data-start=\"3755\" data-end=\"3864\">\n<li data-start=\"3755\" data-end=\"3798\">\n<p data-start=\"3757\" data-end=\"3798\">Sistema de motor AC e controlador adaptativo<\/p>\n<\/li>\n<li data-start=\"3799\" data-end=\"3827\">\n<p data-start=\"3801\" data-end=\"3827\">Configura\u00e7\u00e3o do freio de disco<\/p>\n<\/li>\n<li data-start=\"3828\" data-end=\"3864\">\n<p data-start=\"3830\" data-end=\"3864\">Configura\u00e7\u00e3o de bateria de l\u00edtio a longo alcance<\/p>\n<\/li>\n<\/ul>\n<\/li>\n<\/ul>\n<hr style=\"padding-left: 40px;\" data-start=\"3866\" data-end=\"3869\" \/>\n<h2 style=\"padding-left: 40px;\" data-start=\"3871\" data-end=\"3895\">Escen\u00e1rios de aplica\u00e7\u00f5es<\/h2>\n<ul>\n<li style=\"list-style-type: none;\">\n<ul data-start=\"3897\" data-end=\"4105\">\n<li data-start=\"3897\" data-end=\"3926\">\n<p data-start=\"3899\" data-end=\"3926\">Viagem urbana de passageiros<\/p>\n<\/li>\n<li data-start=\"3927\" data-end=\"3961\">\n<p data-start=\"3929\" data-end=\"3961\">Transporte de parques industriais<\/p>\n<\/li>\n<li data-start=\"3962\" data-end=\"4001\">\n<p data-start=\"3964\" data-end=\"4001\">Servi\u00e7os de recolha e entrega de eventos<\/p>\n<\/li>\n<li data-start=\"4002\" data-end=\"4029\">\n<p data-start=\"4004\" data-end=\"4029\">Visualiza\u00e7\u00e3o de \u00e1reas cen\u00e1rias<\/p>\n<\/li>\n<li data-start=\"4030\" data-end=\"4059\">\n<p data-start=\"4032\" data-end=\"4059\">Servi\u00e7os comunit\u00e1rios de viagem<\/p>\n<\/li>\n<li data-start=\"4060\" data-end=\"4105\">\n<p data-start=\"4062\" data-end=\"4105\">Transporte cargado para pequenos grupos de viagens<\/p>\n<\/li>\n<\/ul>\n<\/li>\n<\/ul>\n<hr style=\"padding-left: 40px;\" data-start=\"4107\" data-end=\"4110\" \/>\n<h2 style=\"padding-left: 40px;\" data-start=\"4112\" data-end=\"4157\">Por que escolher este tubo el\u00e9trico de passageiros<\/h2>\n<p style=\"padding-left: 40px;\" data-start=\"4159\" data-end=\"4441\">Este modelo combina um forte desempenho energ\u00e9tico, uma long a resist\u00eancia e conforto de passageiros em uma plataforma el\u00e9trica compacta. Sua robust a configura\u00e7\u00e3o e op\u00e7\u00f5es flex\u00edveis fazem com que seja uma escolha confi\u00e1vel para operadores de mobilidade urbana, projetos de turismo e servi\u00e7os comerciais de transporte de passageiros.<\/p>\n<hr style=\"padding-left: 40px;\" data-start=\"4443\" data-end=\"4446\" \/>\n<h2 style=\"padding-left: 40px;\" data-start=\"4448\" data-end=\"4471\">embalagem e - Entrega<\/h2>\n<ul>\n<li style=\"list-style-type: none;\">\n<ul data-start=\"4473\" data-end=\"4640\">\n<li data-start=\"4473\" data-end=\"4499\">\n<p data-start=\"4475\" data-end=\"4499\"><strong data-start=\"4475\" data-end=\"4493\">Formula\u00e7\u00e3o de entrega:<\/strong> CKD<\/p>\n<\/li>\n<li data-start=\"4500\" data-end=\"4541\">\n<p data-start=\"4502\" data-end=\"4541\"><strong data-start=\"4502\" data-end=\"4523\">Cargando Capacidade:<\/strong> 30 unidades \/ 40HQ<\/p>\n<\/li>\n<li data-start=\"4542\" data-end=\"4589\">\n<p data-start=\"4544\" data-end=\"4589\"><strong data-start=\"4544\" data-end=\"4563\">M\u00e9todo de embalagem:<\/strong> Embalagem de exporta\u00e7\u00e3o padr\u00e3o<\/p>\n<\/li>\n<li data-start=\"4590\" data-end=\"4640\">\n<p data-start=\"4592\" data-end=\"4640\"><strong data-start=\"4592\" data-end=\"4610\">Adapta\u00e7\u00e3o:<\/strong> Caracter\u00edsticas opcionais dispon\u00edveis<\/p>\n<\/li>\n<\/ul>\n<\/li>\n<\/ul>\n<hr style=\"padding-left: 40px;\" data-start=\"4642\" data-end=\"4645\" \/>\n<h2 style=\"padding-left: 40px;\" data-start=\"4647\" data-end=\"4653\">FAQ<\/h2>\n<p style=\"padding-left: 40px;\" data-start=\"4655\" data-end=\"4777\"><strong data-start=\"4655\" data-end=\"4710\">Q1: Qual \u00e9 a capacidade de passageiros deste tuk tuk?<\/strong><br data-start=\"4710\" data-end=\"4713\" \/>Ele apoia um <strong data-start=\"4727\" data-end=\"4754\">1 motorista, 6 passageiros<\/strong> configura\u00e7\u00e3o de assentos.<\/p>\n<p style=\"padding-left: 40px;\" data-start=\"4779\" data-end=\"4904\"><strong data-start=\"4779\" data-end=\"4824\">Q2: Qual \u00e9 o intervalo de condu\u00e7\u00e3o por carga?<\/strong><br data-start=\"4824\" data-end=\"4827\" \/>O intervalo de resist\u00eancia \u00e9 <strong data-start=\"4850\" data-end=\"4864\">140-165 km<\/strong>dependendo da carga e das condi\u00e7\u00f5es rodovi\u00e1rias.<\/p>\n<p style=\"padding-left: 40px;\" data-start=\"4906\" data-end=\"5002\"><strong data-start=\"4906\" data-end=\"4945\">Q3: Que tipo de motor ele usa?<\/strong><br data-start=\"4945\" data-end=\"4948\" \/>O ve\u00edculo est\u00e1 equipado com um <strong data-start=\"4979\" data-end=\"5001\">Motor AC 60V 4000W<\/strong>.<\/p>\n<p style=\"padding-left: 40px;\" data-start=\"5004\" data-end=\"5154\"><strong data-start=\"5004\" data-end=\"5039\">Q4: A personaliza\u00e7\u00e3o est\u00e1 dispon\u00edvel?<\/strong><br data-start=\"5039\" data-end=\"5042\" \/>Sim. Caracter\u00edsticas opcionais incluem r\u00e1dio Bluetooth, carga USB, freio de estacionamento manual e configura\u00e7\u00e3o de quatro portas.<\/p>\n<p style=\"padding-left: 40px;\" data-start=\"5156\" data-end=\"5262\"><strong data-start=\"5156\" data-end=\"5191\">Q5: Como o ve\u00edculo \u00e9 enviado?<\/strong><br data-start=\"5191\" data-end=\"5194\" \/>\u00c9 enviado <strong data-start=\"5211\" data-end=\"5223\">Forma CKD<\/strong>, com <strong data-start=\"5230\" data-end=\"5261\">30 unidades por recipiente de 40HQ<\/strong>.<\/p>\n<\/div>\n<\/div>\n<\/div>\n<\/div>\n<\/div>\n<\/div>\n<div class=\"kche-wrap-width\" style=\"padding-left: 40px;\">\n<div class=\"kche-t154\" style=\"padding-left: 40px;\">\n<div class=\"kche-t154-contant\" style=\"padding-left: 40px;\">\n<div class=\"kche-t154-list\" style=\"padding-left: 40px;\">\n<div class=\"kche-t154-item\" style=\"padding-left: 40px;\">\n<div class=\"kche-t154-text\" style=\"padding-left: 40px;\">\n<div class=\"kche-t154-text-p\" style=\"padding-left: 40px;\">\n<p style=\"padding-left: 40px;\">\n<\/div>\n<\/div>\n<\/div>\n<\/div>\n<\/div>\n<\/div>\n<\/div>","protected":false},"excerpt":{"rendered":"<p>O <strong data-start=\"144\" data-end=\"194\">Electric Passenger Tuk Tuk for Urban Transport<\/strong> \u00e9 um motorista el\u00e9trico de alta performance projetado para mobilidade urban a de passageiros. Com uma cabana espa\u00e7osa, motor AC poderoso e long a dist\u00e2ncia de condu\u00e7\u00e3o, oferece uma solu\u00e7\u00e3o confi\u00e1vel e ecol\u00f3gica para aplica\u00e7\u00f5es de transporte urbano e turismo.<\/p>","protected":false},"featured_media":5367,"comment_status":"open","ping_status":"closed","template":"","meta":[],"product_brand":[],"product_cat":[78],"product_tag":[],"class_list":{"0":"post-2765","1":"product","2":"type-product","3":"status-publish","4":"has-post-thumbnail","6":"product_cat-electric-tricycle","8":"first","9":"instock","10":"shipping-taxable","11":"purchasable","12":"product-type-simple"},"_links":{"self":[{"href":"https:\/\/www.tairuiauto.com\/pt\/wp-json\/wp\/v2\/product\/2765","targetHints":{"allow":["GET"]}}],"collection":[{"href":"https:\/\/www.tairuiauto.com\/pt\/wp-json\/wp\/v2\/product"}],"about":[{"href":"https:\/\/www.tairuiauto.com\/pt\/wp-json\/wp\/v2\/types\/product"}],"replies":[{"embeddable":true,"href":"https:\/\/www.tairuiauto.com\/pt\/wp-json\/wp\/v2\/comments?post=2765"}],"wp:featuredmedia":[{"embeddable":true,"href":"https:\/\/www.tairuiauto.com\/pt\/wp-json\/wp\/v2\/media\/5367"}],"wp:attachment":[{"href":"https:\/\/www.tairuiauto.com\/pt\/wp-json\/wp\/v2\/media?parent=2765"}],"wp:term":[{"taxonomy":"product_brand","embeddable":true,"href":"https:\/\/www.tairuiauto.com\/pt\/wp-json\/wp\/v2\/product_brand?post=2765"},{"taxonomy":"product_cat","embeddable":true,"href":"https:\/\/www.tairuiauto.com\/pt\/wp-json\/wp\/v2\/product_cat?post=2765"},{"taxonomy":"product_tag","embeddable":true,"href":"https:\/\/www.tairuiauto.com\/pt\/wp-json\/wp\/v2\/product_tag?post=2765"}],"curies":[{"name":"wp","href":"https:\/\/api.w.org\/{rel}","templated":true}]}}