{"id":2853,"date":"2025-10-10T10:09:55","date_gmt":"2025-10-10T02:09:55","guid":{"rendered":"https:\/\/www.tairuiauto.com\/?post_type=product&#038;p=2853"},"modified":"2025-10-10T08:35:11","modified_gmt":"2025-10-10T00:35:11","slug":"1-5m-closed-cargo-trike-for-urban-logistics","status":"publish","type":"product","link":"https:\/\/www.tairuiauto.com\/pt\/product\/1-5m-closed-cargo-trike-for-urban-logistics\/","title":{"rendered":"1,5 m Triciclo de transporte fechado"},"content":{"rendered":"<h3 data-start=\"278\" data-end=\"303\">Descri\u00e7\u00e3o do produto<\/h3>\n<p data-start=\"304\" data-end=\"750\">O <strong data-start=\"308\" data-end=\"359\">1,5 m Triciclo de Transporte Expresso fechado<\/strong> \u00e9 projetado para a log\u00edstica moderna, a entrega de parcelas de com\u00e9rcio electr\u00f3nico e o transporte de milha passada. Com uma cabin a completamente fechada, desempenho confi\u00e1vel, e configura\u00e7\u00e3o t\u00e9cnica avan\u00e7ada, esse e-trike de entrega garante seguran\u00e7a, efici\u00eancia e durabilidade em ambientes exigentes. Seu tamanho compacto o torna perfeito para navegar nas ruas estreitas da cidade, mantendo uma capacidade impressionante de carga.<\/p>\n<table style=\"border-collapse: collapse; width: 67.8165%; height: 748px;\" border=\"0\" width=\"681\" cellspacing=\"0\" cellpadding=\"0\">\n<tbody>\n<tr style=\"height: 20.00pt;\">\n<td class=\"et3\" style=\"height: 20.00pt; width: 177.60pt;\" width=\"296\" height=\"33\">Modelo<\/td>\n<td class=\"et5\" style=\"width: 231.00pt;\" width=\"385\">1,5 m Triciclo de transporte de transporte express fechado<\/td>\n<\/tr>\n<tr style=\"height: 20.00pt;\">\n<td class=\"et4\" style=\"height: 20.00pt;\" height=\"33\">Diners de ve\u00edculos globais (mm)<\/td>\n<td class=\"et6\">2930*1060*1695<\/td>\n<\/tr>\n<tr style=\"height: 20.00pt;\">\n<td class=\"et4\" style=\"height: 20.00pt;\" height=\"33\">Dashboard<\/td>\n<td class=\"et6\">Esta\u00e7\u00e3o de trabalho integrada<\/td>\n<\/tr>\n<tr style=\"height: 20.00pt;\">\n<td class=\"et4\" style=\"height: 20.00pt;\" height=\"33\">Controlador de motores<\/td>\n<td class=\"et6\">Controlador Sincrono Permanente de 18 Fases de Magnet<\/td>\n<\/tr>\n<tr style=\"height: 20.00pt;\">\n<td class=\"et4\" style=\"height: 20.00pt;\" height=\"33\">Eixo traseiro<\/td>\n<td class=\"et6\">Eixo traseiro integral<\/td>\n<\/tr>\n<tr style=\"height: 20.00pt;\">\n<td class=\"et4\" style=\"height: 20.00pt;\" height=\"33\">Frego frontal<\/td>\n<td class=\"et6\">37 Absorp\u00e7\u00e3o de choque\/freno frontal 130<\/td>\n<\/tr>\n<tr style=\"height: 20.00pt;\">\n<td class=\"et4\" style=\"height: 20.00pt;\" height=\"33\">Frego traseiro<\/td>\n<td class=\"et6\">160 tambor de freio<\/td>\n<\/tr>\n<tr style=\"height: 20.00pt;\">\n<td class=\"et4\" style=\"height: 20.00pt;\" height=\"33\">\u00e2ngulo de subida<\/td>\n<td class=\"et6\">15\u00b0<\/td>\n<\/tr>\n<tr style=\"height: 20.00pt;\">\n<td class=\"et4\" style=\"height: 20.00pt;\" height=\"33\">Luzes de frente<\/td>\n<td class=\"et6\">LED<\/td>\n<\/tr>\n<tr style=\"height: 20.00pt;\">\n<td class=\"et4\" style=\"height: 20.00pt;\" height=\"33\">Atra\u00e7\u00e3o do solo<\/td>\n<td class=\"et6\">140mm<\/td>\n<\/tr>\n<tr style=\"height: 20.00pt;\">\n<td class=\"et4\" style=\"height: 20.00pt;\" height=\"33\">Peso<\/td>\n<td class=\"et6\">327 kg<\/td>\n<\/tr>\n<tr style=\"height: 20.00pt;\">\n<td class=\"et4\" style=\"height: 20.00pt;\" height=\"33\">Cargar<\/td>\n<td class=\"et6\">175kg<\/td>\n<\/tr>\n<tr style=\"height: 20.00pt;\">\n<td class=\"et4\" style=\"height: 20.00pt;\" height=\"33\">Opcional<\/td>\n<td class=\"et6\"><span class=\"font1\">Opcional: motor<\/span><span class=\"font2\">[UNK]<\/span><span class=\"font1\">controlador<\/span><span class=\"font2\">[UNK]<\/span><span class=\"font1\">pneus<\/span><span class=\"font2\">[UNK]<\/span><span class=\"font1\">eixo traseiro<\/span><\/td>\n<\/tr>\n<tr style=\"height: 20.00pt;\">\n<td class=\"et4\" style=\"height: 20.00pt;\" height=\"33\">Centro de rodas<\/td>\n<td class=\"et6\">Centro de rodas<\/td>\n<\/tr>\n<tr style=\"height: 20.00pt;\">\n<td class=\"et4\" style=\"height: 20.00pt;\" height=\"33\">Motor<\/td>\n<td class=\"et6\">Motor 60v800w<\/td>\n<\/tr>\n<tr style=\"height: 20.00pt;\">\n<td class=\"et4\" style=\"height: 20.00pt;\" height=\"33\">absortor de choque frontal<\/td>\n<td class=\"et6\">Absorbidor de choque hidr\u00e1ulico<\/td>\n<\/tr>\n<tr style=\"height: 20.00pt;\">\n<td class=\"et4\" style=\"height: 20.00pt;\" height=\"33\">Suspens\u00e3o posterior<\/td>\n<td class=\"et6\">Primavera de folhas de pratos de a\u00e7o refor\u00e7ada<\/td>\n<\/tr>\n<tr style=\"height: 20.00pt;\">\n<td class=\"et4\" style=\"height: 20.00pt;\" height=\"33\">Velocidade m\u00e1xima<\/td>\n<td class=\"et6\">38kn\/h<\/td>\n<\/tr>\n<tr style=\"height: 20.00pt;\">\n<td class=\"et4\" style=\"height: 20.00pt;\" height=\"33\">pneus de frente e de tr\u00e1s<\/td>\n<td class=\"et6\">F375-12\/R375-12<\/td>\n<\/tr>\n<tr style=\"height: 20.00pt;\">\n<td class=\"et4\" style=\"height: 20.00pt;\" height=\"33\">Endurance<\/td>\n<td class=\"et6\">45KM<\/td>\n<\/tr>\n<tr style=\"height: 20.00pt;\">\n<td class=\"et4\" style=\"height: 20.00pt;\" height=\"33\">Bateria<\/td>\n<td class=\"et6\">60V 52A<\/td>\n<\/tr>\n<tr style=\"height: 20.00pt;\">\n<td class=\"et4\" style=\"height: 20.00pt;\" height=\"33\">Cor<\/td>\n<td class=\"et6\"><span class=\"font1\">Azul<\/span><span class=\"font2\">[UNK]<\/span><span class=\"font1\">Verde<\/span><span class=\"font2\">[UNK]<\/span><span class=\"font1\">prata<\/span><span class=\"font2\">[UNK]<\/span><span class=\"font1\">Vermelho<\/span><\/td>\n<\/tr>\n<tr style=\"height: 20.00pt;\">\n<td class=\"et4\" style=\"height: 20.00pt;\" height=\"33\">Autentica\u00e7\u00e3o<\/td>\n<td class=\"et6\">Qualifica\u00e7\u00e3o nacional de produ\u00e7\u00e3o de primeiro n\u00edvel, certifica\u00e7\u00e3o de COC<\/td>\n<\/tr>\n<tr style=\"height: 20.00pt;\">\n<td class=\"et4\" style=\"height: 20.00pt;\" height=\"33\">Tempo de carga<\/td>\n<td class=\"et6\">6-8 horas<\/td>\n<\/tr>\n<\/tbody>\n<\/table>\n<p>&nbsp;<\/p>\n<hr \/>\n<p>&nbsp;<\/p>\n<h3 data-start=\"752\" data-end=\"783\">Caracter\u00edsticas-chave e - Avantagens<\/h3>\n<ul data-start=\"784\" data-end=\"1405\">\n<li data-start=\"784\" data-end=\"957\">\n<p data-start=\"786\" data-end=\"957\"><strong data-start=\"786\" data-end=\"821\">Motor el\u00e9trico de alta efici\u00eancia:<\/strong> Equipado com um motor de 60V800W, este <strong data-start=\"858\" data-end=\"909\">1,5 m Triciclo de Transporte Expresso fechado<\/strong> assegura um poder consistente para a log\u00edstica urbana.<\/p>\n<\/li>\n<li data-start=\"958\" data-end=\"1084\">\n<p data-start=\"960\" data-end=\"1084\"><strong data-start=\"960\" data-end=\"986\">Capacidade de Carga Dur\u00e1vel:<\/strong> Suporta at\u00e9 175 kg de carga, tornando-a ideal para servi\u00e7os de corredores e distribui\u00e7\u00e3o de mercadorias ligeiras.<\/p>\n<\/li>\n<li data-start=\"1085\" data-end=\"1257\">\n<p data-start=\"1087\" data-end=\"1257\"><strong data-start=\"1087\" data-end=\"1114\">Opera\u00e7\u00e3o ecol\u00f3gica:<\/strong> Como um <strong data-start=\"1121\" data-end=\"1148\">tricicleta de carga el\u00e9trica<\/strong>produz emiss\u00f5es zero e reduz significativamente os custos de funcionamento em compara\u00e7\u00e3o com ve\u00edculos tradicionais de combust\u00edvel.<\/p>\n<\/li>\n<li data-start=\"1258\" data-end=\"1405\">\n<p data-start=\"1260\" data-end=\"1405\"><strong data-start=\"1260\" data-end=\"1280\">Seguran\u00e7a refor\u00e7ada:<\/strong> absortores de choque hidr\u00e1ulico e suspens\u00e3o refor\u00e7ada de placas de a\u00e7o asseguram manejo est\u00e1vel e conforto mesmo sob cargas pesadas.<\/p>\n<\/li>\n<\/ul>\n<p>&nbsp;<\/p>\n<hr \/>\n<p>&nbsp;<\/p>\n<h3 data-start=\"1407\" data-end=\"1438\">Avan\u00e7os Diferenciados<\/h3>\n<ol data-start=\"1439\" data-end=\"1968\">\n<li data-start=\"1439\" data-end=\"1573\">\n<p data-start=\"1442\" data-end=\"1573\"><strong data-start=\"1442\" data-end=\"1470\">Prote\u00e7\u00e3o do Cabinete fechado:<\/strong> Ao contr\u00e1rio de triques abertos, o design fechado protege carga e motoristas da chuva, polvo e clima duro.<\/p>\n<\/li>\n<li data-start=\"1574\" data-end=\"1723\">\n<p data-start=\"1577\" data-end=\"1723\"><strong data-start=\"1577\" data-end=\"1604\">Mobilidade urbana compacta:<\/strong> Isto <strong data-start=\"1610\" data-end=\"1630\">e-trique de entrega<\/strong> \u00e9 especificamente projetada para ruas urbanas congestionadas, oferecendo maneuverabilidade superior.<\/p>\n<\/li>\n<li data-start=\"1724\" data-end=\"1848\">\n<p data-start=\"1727\" data-end=\"1848\"><strong data-start=\"1727\" data-end=\"1749\">Efici\u00eancia energ\u00e9tica:<\/strong> Tempo de baixa carga (6-8 horas) e quilograma forte tornam-no mais rentable do que cami\u00f5es maiores.<\/p>\n<\/li>\n<li data-start=\"1849\" data-end=\"1968\">\n<p data-start=\"1852\" data-end=\"1968\"><strong data-start=\"1852\" data-end=\"1877\">Op\u00e7\u00f5es personalizadas:<\/strong> Os servi\u00e7os OEM permitem cores adaptadas, marcas e melhorias t\u00e9cnicas para as necessidades de neg\u00f3cios.<\/p>\n<\/li>\n<\/ol>\n<p>&nbsp;<\/p>\n<p><img fetchpriority=\"high\" decoding=\"async\" class=\"alignnone size-medium wp-image-3976\" src=\"https:\/\/www.tairuiauto.com\/wp-content\/uploads\/2025\/06\/Hd0b40b14fabc4a28a1baa94c2036800dD_\u526f\u672c-300x300.jpg\" alt=\"\" width=\"300\" height=\"300\" srcset=\"https:\/\/www.tairuiauto.com\/wp-content\/uploads\/2025\/06\/Hd0b40b14fabc4a28a1baa94c2036800dD_\u526f\u672c-300x300.jpg 300w, https:\/\/www.tairuiauto.com\/wp-content\/uploads\/2025\/06\/Hd0b40b14fabc4a28a1baa94c2036800dD_\u526f\u672c-1024x1024.jpg 1024w, https:\/\/www.tairuiauto.com\/wp-content\/uploads\/2025\/06\/Hd0b40b14fabc4a28a1baa94c2036800dD_\u526f\u672c-150x150.jpg 150w, https:\/\/www.tairuiauto.com\/wp-content\/uploads\/2025\/06\/Hd0b40b14fabc4a28a1baa94c2036800dD_\u526f\u672c-768x768.jpg 768w, https:\/\/www.tairuiauto.com\/wp-content\/uploads\/2025\/06\/Hd0b40b14fabc4a28a1baa94c2036800dD_\u526f\u672c-1536x1536.jpg 1536w, https:\/\/www.tairuiauto.com\/wp-content\/uploads\/2025\/06\/Hd0b40b14fabc4a28a1baa94c2036800dD_\u526f\u672c-2048x2048.jpg 2048w, https:\/\/www.tairuiauto.com\/wp-content\/uploads\/2025\/06\/Hd0b40b14fabc4a28a1baa94c2036800dD_\u526f\u672c-12x12.jpg 12w, https:\/\/www.tairuiauto.com\/wp-content\/uploads\/2025\/06\/Hd0b40b14fabc4a28a1baa94c2036800dD_\u526f\u672c-600x600.jpg 600w, https:\/\/www.tairuiauto.com\/wp-content\/uploads\/2025\/06\/Hd0b40b14fabc4a28a1baa94c2036800dD_\u526f\u672c-100x100.jpg 100w\" sizes=\"(max-width: 300px) 100vw, 300px\" \/>\u00a0 \u00a0 \u00a0 \u00a0 \u00a0\u00a0 <img decoding=\"async\" class=\"alignnone size-medium wp-image-3970\" src=\"https:\/\/www.tairuiauto.com\/wp-content\/uploads\/2025\/06\/H5fd664662b1d44bbaf90d28bde4d104cp_\u526f\u672c-300x300.jpg\" alt=\"\" width=\"300\" height=\"300\" srcset=\"https:\/\/www.tairuiauto.com\/wp-content\/uploads\/2025\/06\/H5fd664662b1d44bbaf90d28bde4d104cp_\u526f\u672c-300x300.jpg 300w, https:\/\/www.tairuiauto.com\/wp-content\/uploads\/2025\/06\/H5fd664662b1d44bbaf90d28bde4d104cp_\u526f\u672c-1024x1024.jpg 1024w, https:\/\/www.tairuiauto.com\/wp-content\/uploads\/2025\/06\/H5fd664662b1d44bbaf90d28bde4d104cp_\u526f\u672c-150x150.jpg 150w, https:\/\/www.tairuiauto.com\/wp-content\/uploads\/2025\/06\/H5fd664662b1d44bbaf90d28bde4d104cp_\u526f\u672c-768x768.jpg 768w, https:\/\/www.tairuiauto.com\/wp-content\/uploads\/2025\/06\/H5fd664662b1d44bbaf90d28bde4d104cp_\u526f\u672c-1536x1536.jpg 1536w, https:\/\/www.tairuiauto.com\/wp-content\/uploads\/2025\/06\/H5fd664662b1d44bbaf90d28bde4d104cp_\u526f\u672c-2048x2048.jpg 2048w, https:\/\/www.tairuiauto.com\/wp-content\/uploads\/2025\/06\/H5fd664662b1d44bbaf90d28bde4d104cp_\u526f\u672c-12x12.jpg 12w, https:\/\/www.tairuiauto.com\/wp-content\/uploads\/2025\/06\/H5fd664662b1d44bbaf90d28bde4d104cp_\u526f\u672c-600x600.jpg 600w, https:\/\/www.tairuiauto.com\/wp-content\/uploads\/2025\/06\/H5fd664662b1d44bbaf90d28bde4d104cp_\u526f\u672c-100x100.jpg 100w\" sizes=\"(max-width: 300px) 100vw, 300px\" \/> \u00a0 \u00a0 \u00a0 \u00a0 \u00a0\u00a0<img decoding=\"async\" class=\"alignnone size-medium wp-image-3965\" src=\"https:\/\/www.tairuiauto.com\/wp-content\/uploads\/2025\/06\/1.5m-Closed-express-delivery-transport-tricycle\uff084\uff09-1-1-1_\u526f\u672c-300x300.jpg\" alt=\"\" width=\"300\" height=\"300\" srcset=\"https:\/\/www.tairuiauto.com\/wp-content\/uploads\/2025\/06\/1.5m-Closed-express-delivery-transport-tricycle\uff084\uff09-1-1-1_\u526f\u672c-300x300.jpg 300w, https:\/\/www.tairuiauto.com\/wp-content\/uploads\/2025\/06\/1.5m-Closed-express-delivery-transport-tricycle\uff084\uff09-1-1-1_\u526f\u672c-1024x1024.jpg 1024w, https:\/\/www.tairuiauto.com\/wp-content\/uploads\/2025\/06\/1.5m-Closed-express-delivery-transport-tricycle\uff084\uff09-1-1-1_\u526f\u672c-150x150.jpg 150w, https:\/\/www.tairuiauto.com\/wp-content\/uploads\/2025\/06\/1.5m-Closed-express-delivery-transport-tricycle\uff084\uff09-1-1-1_\u526f\u672c-768x768.jpg 768w, https:\/\/www.tairuiauto.com\/wp-content\/uploads\/2025\/06\/1.5m-Closed-express-delivery-transport-tricycle\uff084\uff09-1-1-1_\u526f\u672c-1536x1536.jpg 1536w, https:\/\/www.tairuiauto.com\/wp-content\/uploads\/2025\/06\/1.5m-Closed-express-delivery-transport-tricycle\uff084\uff09-1-1-1_\u526f\u672c-2048x2048.jpg 2048w, https:\/\/www.tairuiauto.com\/wp-content\/uploads\/2025\/06\/1.5m-Closed-express-delivery-transport-tricycle\uff084\uff09-1-1-1_\u526f\u672c-12x12.jpg 12w, https:\/\/www.tairuiauto.com\/wp-content\/uploads\/2025\/06\/1.5m-Closed-express-delivery-transport-tricycle\uff084\uff09-1-1-1_\u526f\u672c-600x600.jpg 600w, https:\/\/www.tairuiauto.com\/wp-content\/uploads\/2025\/06\/1.5m-Closed-express-delivery-transport-tricycle\uff084\uff09-1-1-1_\u526f\u672c-100x100.jpg 100w\" sizes=\"(max-width: 300px) 100vw, 300px\" \/><\/p>\n<hr \/>\n<p>&nbsp;<\/p>\n<h3 data-start=\"2209\" data-end=\"2235\">Par\u00e2metros T\u00e9cnicos<\/h3>\n<ul data-start=\"2236\" data-end=\"2573\">\n<li data-start=\"2236\" data-end=\"2277\">\n<p data-start=\"2238\" data-end=\"2277\"><strong data-start=\"2238\" data-end=\"2252\">Dashboard:<\/strong> Esta\u00e7\u00e3o de trabalho integrada<\/p>\n<\/li>\n<li data-start=\"2278\" data-end=\"2352\">\n<p data-start=\"2280\" data-end=\"2352\"><strong data-start=\"2280\" data-end=\"2301\">Controlador de motor:<\/strong> Controlador Sincrono Permanente de 18 Fases de Magnet<\/p>\n<\/li>\n<li data-start=\"2353\" data-end=\"2390\">\n<p data-start=\"2355\" data-end=\"2390\"><strong data-start=\"2355\" data-end=\"2369\">Atr\u00e1s do Eixo:<\/strong> Eixo traseiro integral<\/p>\n<\/li>\n<li data-start=\"2391\" data-end=\"2449\">\n<p data-start=\"2393\" data-end=\"2449\"><strong data-start=\"2393\" data-end=\"2409\">Frente:<\/strong> 37 Absorp\u00e7\u00e3o de choque \/ freno frontal 130<\/p>\n<\/li>\n<li data-start=\"2450\" data-end=\"2484\">\n<p data-start=\"2452\" data-end=\"2484\"><strong data-start=\"2452\" data-end=\"2467\">Braque Rear:<\/strong> 160 trav\u00f5es de tambor<\/p>\n<\/li>\n<li data-start=\"2485\" data-end=\"2514\">\n<p data-start=\"2487\" data-end=\"2514\"><strong data-start=\"2487\" data-end=\"2508\">Capacidade Climbing:<\/strong> 15\u00b0<\/p>\n<\/li>\n<li data-start=\"2515\" data-end=\"2540\">\n<p data-start=\"2517\" data-end=\"2540\"><strong data-start=\"2517\" data-end=\"2534\">Luzes frontais:<\/strong> LED<\/p>\n<\/li>\n<li data-start=\"2541\" data-end=\"2573\">\n<p data-start=\"2543\" data-end=\"2573\"><strong data-start=\"2543\" data-end=\"2553\">pneus:<\/strong> F375-12 \/ R375-12<\/p>\n<\/li>\n<\/ul>\n<h3 data-start=\"2575\" data-end=\"2590\"><\/h3>\n<h3 data-start=\"2575\" data-end=\"2590\">Materiales<\/h3>\n<ul data-start=\"2591\" data-end=\"2775\">\n<li data-start=\"2591\" data-end=\"2622\">\n<p data-start=\"2593\" data-end=\"2622\"><strong data-start=\"2593\" data-end=\"2603\">Quadro:<\/strong> Aceiro refor\u00e7ado<\/p>\n<\/li>\n<li data-start=\"2623\" data-end=\"2661\">\n<p data-start=\"2625\" data-end=\"2661\"><strong data-start=\"2625\" data-end=\"2639\">Wheel Hub:<\/strong> Centro de ferro pesado<\/p>\n<\/li>\n<li data-start=\"2662\" data-end=\"2719\">\n<p data-start=\"2664\" data-end=\"2719\"><strong data-start=\"2664\" data-end=\"2683\">Sistema de travagem:<\/strong> Frenos de tubos com componentes de a\u00e7o<\/p>\n<\/li>\n<li data-start=\"2720\" data-end=\"2775\">\n<p data-start=\"2722\" data-end=\"2775\"><strong data-start=\"2722\" data-end=\"2732\">Cabin:<\/strong> Metal encerrado com finais de pintura duradouros<\/p>\n<\/li>\n<\/ul>\n<h3 data-start=\"2777\" data-end=\"2791\"><\/h3>\n<h3 data-start=\"2777\" data-end=\"2791\">Externo<\/h3>\n<p data-start=\"2792\" data-end=\"2924\">Corpo flutuado com uma cabin a de carga completamente fechada, luzes de luz LED, e robusto trabalho de pintura dispon\u00edvel em azul, verde, prata ou vermelho.<\/p>\n<h3 data-start=\"2926\" data-end=\"2938\"><\/h3>\n<h3 data-start=\"2926\" data-end=\"2938\">Design<\/h3>\n<p data-start=\"2939\" data-end=\"3047\">Design aerodin\u00e2mico compacto, otimizado para seguran\u00e7a e navega\u00e7\u00e3o urbana com assentos ergon\u00f4micos e bordo de bordo.<\/p>\n<h3 data-start=\"3049\" data-end=\"3072\"><\/h3>\n<h3 data-start=\"3049\" data-end=\"3072\">Adapta\u00e7\u00e3o OEM<\/h3>\n<p data-start=\"3073\" data-end=\"3178\">Dispon\u00edvel para marcas personalizadas, cores corporativas, op\u00e7\u00f5es extensas de caixa de carga e ajustes t\u00e9cnicos.<\/p>\n<h3 data-start=\"3180\" data-end=\"3201\"><\/h3>\n<h3 data-start=\"3180\" data-end=\"3201\">Controlo da qualidade<\/h3>\n<p data-start=\"3202\" data-end=\"3374\">Cada tricicleta \u00e9 fabricada sob <strong data-start=\"3238\" data-end=\"3287\">Qualifica\u00e7\u00e3o Nacional de Produ\u00e7\u00e3o de Primeiro N\u00edvel<\/strong> e carrega <strong data-start=\"3300\" data-end=\"3321\">Certifica\u00e7\u00e3o COC<\/strong>, assegurando o cumprimento dos padr\u00f5es internacionais.<\/p>\n<h3 data-start=\"3376\" data-end=\"3401\"><\/h3>\n<h3 data-start=\"3376\" data-end=\"3401\">Servi\u00e7o de Depois de Venda<\/h3>\n<p data-start=\"3402\" data-end=\"3500\">Inclui suporte t\u00e9cnico, suprimento de pe\u00e7as de repouso e cobertura de garantia para a bateria e motor.<\/p>\n<h3 data-start=\"3502\" data-end=\"3525\"><\/h3>\n<h3 data-start=\"3502\" data-end=\"3525\">\u00c1reas de Aplica\u00e7\u00e3o<\/h3>\n<ul data-start=\"3526\" data-end=\"3648\">\n<li data-start=\"3526\" data-end=\"3557\">\n<p data-start=\"3528\" data-end=\"3557\">Correio e entrega de parcelas<\/p>\n<\/li>\n<li data-start=\"3558\" data-end=\"3582\">\n<p data-start=\"3560\" data-end=\"3582\">Log\u00edstica do com\u00e9rcio electr\u00f3nico<\/p>\n<\/li>\n<li data-start=\"3583\" data-end=\"3613\">\n<p data-start=\"3585\" data-end=\"3613\">Distribui\u00e7\u00e3o urbana de mercadorias<\/p>\n<\/li>\n<li data-start=\"3614\" data-end=\"3648\">\n<p data-start=\"3616\" data-end=\"3648\">Transporte de mercadorias de pequenos neg\u00f3cios<\/p>\n<\/li>\n<\/ul>\n<h3 data-start=\"3650\" data-end=\"3671\"><\/h3>\n<h3 data-start=\"3650\" data-end=\"3671\">M\u00e9todos de Pagamento<\/h3>\n<p data-start=\"3672\" data-end=\"3725\">T\/T, L\/C, e condi\u00e7\u00f5es de com\u00e9rcio flex\u00edveis para encomendas em massa.<\/p>\n<p>&nbsp;<\/p>\n<hr \/>\n<p>&nbsp;<\/p>\n<h3 data-start=\"3727\" data-end=\"3736\">FAQ<\/h3>\n<p data-start=\"3737\" data-end=\"3817\"><strong data-start=\"3737\" data-end=\"3771\">Q1: Qual \u00e9 o tempo de carga?<\/strong><br data-start=\"3771\" data-end=\"3774\" \/>A1: Leva 6-8 horas para uma carga completa.<\/p>\n<p data-start=\"3737\" data-end=\"3817\">\n<p data-start=\"3819\" data-end=\"3891\"><strong data-start=\"3819\" data-end=\"3856\">Q2: Quanto peso pode carregar?<\/strong><br data-start=\"3856\" data-end=\"3859\" \/>A2: A carga m\u00e1xima \u00e9 de 175 kg.<\/p>\n<p data-start=\"3819\" data-end=\"3891\">\n<p data-start=\"3893\" data-end=\"4012\"><strong data-start=\"3893\" data-end=\"3922\">Q3: Pode ser personalizado?<\/strong><br data-start=\"3922\" data-end=\"3925\" \/>A3: Sim, as op\u00e7\u00f5es OEM est\u00e3o dispon\u00edveis para cores, marcas e especifica\u00e7\u00f5es t\u00e9cnicas.<\/p>\n<p data-start=\"3893\" data-end=\"4012\">\n<p data-start=\"4014\" data-end=\"4132\"><strong data-start=\"4014\" data-end=\"4058\">Q4: Qual \u00e9 a dura\u00e7\u00e3o de vida da bateria?<\/strong><br data-start=\"4058\" data-end=\"4061\" \/>A4: Normalmente, a bateria 60V52A dura 2-3 anos dependendo do uso.<\/p>","protected":false},"excerpt":{"rendered":"<p>O\u00a0<strong>1,5 m Triciclo de Transporte Expresso fechado<\/strong>\u00a0redefini a log\u00edstica urbana com seu design ultra compacto (2930\u00d71060\u00d71695 mm) \u2013 o\u00a0<strong>perfil mais estreito em classe<\/strong>\u00a0para navegar por corredores e zonas restritas. Engineering for last-mile efficiency, this COC-certified workhorse features a\u00a0<strong>prova de \u00e1gua, teto de p\u00f3 e compartimento de carga anti-roubo<\/strong>, alimentado por um motor de 60V800W (velocidade m\u00e1xima de 38 km\/h) com dist\u00e2ncia de 45km. Ideal para corredores navegando em cidades densas, seu design modular sustenta melhorias motoras\/controladores enquanto o taxi de seguran\u00e7a meteorol\u00f3gica assegura resist\u00eancia operacional todo o dia.<\/p>","protected":false},"featured_media":3977,"comment_status":"open","ping_status":"closed","template":"","meta":[],"product_brand":[],"product_cat":[78],"product_tag":[],"class_list":{"0":"post-2853","1":"product","2":"type-product","3":"status-publish","4":"has-post-thumbnail","6":"product_cat-electric-tricycle","8":"first","9":"instock","10":"shipping-taxable","11":"purchasable","12":"product-type-simple"},"_links":{"self":[{"href":"https:\/\/www.tairuiauto.com\/pt\/wp-json\/wp\/v2\/product\/2853","targetHints":{"allow":["GET"]}}],"collection":[{"href":"https:\/\/www.tairuiauto.com\/pt\/wp-json\/wp\/v2\/product"}],"about":[{"href":"https:\/\/www.tairuiauto.com\/pt\/wp-json\/wp\/v2\/types\/product"}],"replies":[{"embeddable":true,"href":"https:\/\/www.tairuiauto.com\/pt\/wp-json\/wp\/v2\/comments?post=2853"}],"wp:featuredmedia":[{"embeddable":true,"href":"https:\/\/www.tairuiauto.com\/pt\/wp-json\/wp\/v2\/media\/3977"}],"wp:attachment":[{"href":"https:\/\/www.tairuiauto.com\/pt\/wp-json\/wp\/v2\/media?parent=2853"}],"wp:term":[{"taxonomy":"product_brand","embeddable":true,"href":"https:\/\/www.tairuiauto.com\/pt\/wp-json\/wp\/v2\/product_brand?post=2853"},{"taxonomy":"product_cat","embeddable":true,"href":"https:\/\/www.tairuiauto.com\/pt\/wp-json\/wp\/v2\/product_cat?post=2853"},{"taxonomy":"product_tag","embeddable":true,"href":"https:\/\/www.tairuiauto.com\/pt\/wp-json\/wp\/v2\/product_tag?post=2853"}],"curies":[{"name":"wp","href":"https:\/\/api.w.org\/{rel}","templated":true}]}}