{"id":2859,"date":"2025-09-30T09:36:22","date_gmt":"2025-09-30T01:36:22","guid":{"rendered":"https:\/\/www.tairuiauto.com\/?post_type=product&#038;p=2859"},"modified":"2025-10-07T11:33:52","modified_gmt":"2025-10-07T03:33:52","slug":"last-mile-delivery-1-6m-electric-tricycle","status":"publish","type":"product","link":"https:\/\/www.tairuiauto.com\/pt\/product\/last-mile-delivery-1-6m-electric-tricycle\/","title":{"rendered":"O \u00faltimo triciclo el\u00e9trico de 1,6 m"},"content":{"rendered":"<div class=\"kche-wrap-width\">\n<div class=\"kche-t154\">\n<div class=\"kche-t154-img\">\n<h3 data-start=\"366\" data-end=\"395\"><strong data-start=\"370\" data-end=\"393\">Descri\u00e7\u00e3o do produto<\/strong><\/h3>\n<p data-start=\"396\" data-end=\"1021\">O <strong data-start=\"400\" data-end=\"435\">Triciclo de Transporte Expresso de 1,6 m<\/strong> \u00e9 uma solu\u00e7\u00e3o poderosa, ecol\u00f3gica e vers\u00e1til para a log\u00edstica urbana e a entrega da \u00faltima milha.<\/p>\n<p data-start=\"396\" data-end=\"1021\">\n<table class=\"table\" style=\"width: 72.9168%;\" border=\"1\" cellspacing=\"1\" cellpadding=\"1\">\n<tbody>\n<tr>\n<td style=\"width: 42.2984%;\">Modelo<\/td>\n<td style=\"width: 111.616%;\">Triciclo de transporte expresso de 1,6 m<\/td>\n<\/tr>\n<tr>\n<td style=\"width: 42.2984%;\">Diners de ve\u00edculos globais (mm)<\/td>\n<td style=\"width: 111.616%;\">3050*1160*1750<\/td>\n<\/tr>\n<tr>\n<td style=\"width: 42.2984%;\">Dashboard<\/td>\n<td style=\"width: 111.616%;\">painel de instrumentos LCD<\/td>\n<\/tr>\n<tr>\n<td style=\"width: 42.2984%;\">Controlador de motores<\/td>\n<td style=\"width: 111.616%;\">controlador de 18 tubos<\/td>\n<\/tr>\n<tr>\n<td style=\"width: 42.2984%;\">Eixo traseiro<\/td>\n<td style=\"width: 111.616%;\">Eixo traseiro integral<\/td>\n<\/tr>\n<tr>\n<td style=\"width: 42.2984%;\">Frego frontal<\/td>\n<td style=\"width: 111.616%;\">33 Absorp\u00e7\u00e3o de choque\/freno frontal 110<\/td>\n<\/tr>\n<tr>\n<td style=\"width: 42.2984%;\">Frego traseiro<\/td>\n<td style=\"width: 111.616%;\">160 tambor de freio<\/td>\n<\/tr>\n<tr>\n<td style=\"width: 42.2984%;\">\u00e2ngulo de subida<\/td>\n<td style=\"width: 111.616%;\">15\u00b0<\/td>\n<\/tr>\n<tr>\n<td style=\"width: 42.2984%;\">Luzes de frente<\/td>\n<td style=\"width: 111.616%;\">LED<\/td>\n<\/tr>\n<tr>\n<td style=\"width: 42.2984%;\">Atra\u00e7\u00e3o do solo<\/td>\n<td style=\"width: 111.616%;\">140mm<\/td>\n<\/tr>\n<tr>\n<td style=\"width: 42.2984%;\">Peso<\/td>\n<td style=\"width: 111.616%;\">265 kg<\/td>\n<\/tr>\n<tr>\n<td style=\"width: 42.2984%;\">Cargar<\/td>\n<td style=\"width: 111.616%;\">225kg<\/td>\n<\/tr>\n<tr>\n<td style=\"width: 42.2984%;\">Opcional<\/td>\n<td style=\"width: 111.616%;\">Opcional: motor, controlador,pneus,eixo traseiro,abertura da porta traseira<\/td>\n<\/tr>\n<tr>\n<td style=\"width: 42.2984%;\">Centro de rodas<\/td>\n<td style=\"width: 111.616%;\">Centro de rodas<\/td>\n<\/tr>\n<tr>\n<td style=\"width: 42.2984%;\">Motor<\/td>\n<td style=\"width: 111.616%;\">Motor 60v800w<\/td>\n<\/tr>\n<tr>\n<td style=\"width: 42.2984%;\">absortor de choque frontal<\/td>\n<td style=\"width: 111.616%;\">Absorbidor de choque hidr\u00e1ulico<\/td>\n<\/tr>\n<tr>\n<td style=\"width: 42.2984%;\">Suspens\u00e3o posterior<\/td>\n<td style=\"width: 111.616%;\">Primavera de folhas de pratos de a\u00e7o refor\u00e7ada<\/td>\n<\/tr>\n<tr>\n<td style=\"width: 42.2984%;\">Velocidade m\u00e1xima<\/td>\n<td style=\"width: 111.616%;\">38kn\/h<\/td>\n<\/tr>\n<tr>\n<td style=\"width: 42.2984%;\">pneus de frente e de tr\u00e1s<\/td>\n<td style=\"width: 111.616%;\">F350-12 R375-12<\/td>\n<\/tr>\n<tr>\n<td style=\"width: 42.2984%;\">Endurance<\/td>\n<td style=\"width: 111.616%;\">45KM<\/td>\n<\/tr>\n<tr>\n<td style=\"width: 42.2984%;\">Bateria<\/td>\n<td style=\"width: 111.616%;\">60V 52A<\/td>\n<\/tr>\n<tr>\n<td style=\"width: 42.2984%;\">Cor<\/td>\n<td style=\"width: 111.616%;\">Azul,Verde,prata,Vermelho<\/td>\n<\/tr>\n<tr>\n<td style=\"width: 42.2984%;\">Autentica\u00e7\u00e3o<\/td>\n<td style=\"width: 111.616%;\">Qualifica\u00e7\u00e3o nacional de produ\u00e7\u00e3o de primeiro n\u00edvel, certifica\u00e7\u00e3o de COC<\/td>\n<\/tr>\n<tr>\n<td style=\"width: 42.2984%;\">Tempo de carga<\/td>\n<td style=\"width: 111.616%;\">6-8 horas<\/td>\n<\/tr>\n<\/tbody>\n<\/table>\n<p>&nbsp;<\/p>\n<hr \/>\n<\/div>\n<p>&nbsp;<\/p>\n<div class=\"kche-t154-img\">\n<h3 data-start=\"1023\" data-end=\"1062\"><strong data-start=\"1027\" data-end=\"1060\">Caracter\u00edsticas-chave e Vendo pontos<\/strong><\/h3>\n<ol data-start=\"1063\" data-end=\"1888\">\n<li data-start=\"1063\" data-end=\"1274\">\n<p data-start=\"1066\" data-end=\"1274\"><strong data-start=\"1066\" data-end=\"1088\">Alta capacidade de carga<\/strong> \u2013 Com uma capacidade de transporte de <strong data-start=\"1119\" data-end=\"1128\">225kg<\/strong>, o Triciclo de Transporte Expresso de 1,6 m \u00e9 projetado para entrega pesada, tornando-o um triciclo de carga el\u00e9trica confi\u00e1vel para empresas log\u00edsticas.<\/p>\n<\/li>\n<li data-start=\"1275\" data-end=\"1468\">\n<p data-start=\"1278\" data-end=\"1468\"><strong data-start=\"1278\" data-end=\"1304\">Sistema de energia eficiente<\/strong> \u2013 Equipado com um <strong data-start=\"1323\" data-end=\"1341\">Motor 60V 800W<\/strong> e um controlador de 18 tubos, esse e-rickshaw fornece desempenho consistente e capacidade superior de subida at\u00e9 15\u00b0.<\/p>\n<\/li>\n<li data-start=\"1469\" data-end=\"1676\">\n<p data-start=\"1472\" data-end=\"1676\"><strong data-start=\"1472\" data-end=\"1500\">Performance ecol\u00f3gica<\/strong> \u2013 Correndo em um <strong data-start=\"1516\" data-end=\"1552\">60V 52A bateria sem manuten\u00e7\u00e3o<\/strong>oferece at\u00e9 45km de quil\u00f4metro por carga, reduzindo custos de combust\u00edvel e impacto ambiental em compara\u00e7\u00e3o com tr\u00eas rodas de gasolina.<\/p>\n<\/li>\n<li data-start=\"1677\" data-end=\"1888\">\n<p data-start=\"1680\" data-end=\"1888\"><strong data-start=\"1680\" data-end=\"1709\">Melhor Seguran\u00e7a &amp; - Comfort<\/strong> \u2013 Os absortores de choque frontal hidr\u00e1ulicos e a suspens\u00e3o posterior da placa de a \u00e7o refor\u00e7ada fornecem uma viagem est\u00e1vel, enquanto <strong data-start=\"1820\" data-end=\"1838\">luzes LED<\/strong> melhorar a visibilidade durante as opera\u00e7\u00f5es nocturnas.<\/p>\n<\/li>\n<\/ol>\n<p>&nbsp;<\/p>\n<hr \/>\n<\/div>\n<p>&nbsp;<\/p>\n<div class=\"kche-t154-img\">\n<h3 data-start=\"1890\" data-end=\"1925\"><strong data-start=\"1894\" data-end=\"1923\">Avan\u00e7os Diferenciados<\/strong><\/h3>\n<ol data-start=\"1926\" data-end=\"2602\">\n<li data-start=\"1926\" data-end=\"2085\">\n<p data-start=\"1929\" data-end=\"2085\"><strong data-start=\"1929\" data-end=\"1965\">Optimizado para a entrega de \u00faltima milha<\/strong> \u2013 Ao contr\u00e1rio das carrinhas de carga tradicionais, esse trigo de carga pode acessar facilmente cal\u00e7as estreitas, economizando tempo em entregas urbanas.<\/p>\n<\/li>\n<li data-start=\"2086\" data-end=\"2225\">\n<p data-start=\"2089\" data-end=\"2225\"><strong data-start=\"2089\" data-end=\"2118\">Opera\u00e7\u00f5es eficazes em custo<\/strong> \u2013 Baixos custos de manuten\u00e7\u00e3o e carga tornam mais econ\u00f4micos do que tr\u00eas rodas de distribui\u00e7\u00e3o alimentada por g\u00e1s.<\/p>\n<\/li>\n<li data-start=\"2226\" data-end=\"2394\">\n<p data-start=\"2229\" data-end=\"2394\"><strong data-start=\"2229\" data-end=\"2253\">Op\u00e7\u00f5es personalizadas<\/strong> \u2013 Motor, controlador, eixo traseiro e abertura da porta traseira podem ser adaptadas para diferentes necessidades de neg\u00f3cios, tornando-a adapt\u00e1vel em diferentes ind\u00fastrias.<\/p>\n<\/li>\n<li data-start=\"2395\" data-end=\"2602\">\n<p data-start=\"2398\" data-end=\"2602\"><strong data-start=\"2398\" data-end=\"2429\">Assuran\u00e7a de Qualidade Certificada<\/strong> \u2013 Apoiado por <strong data-start=\"2442\" data-end=\"2463\">Certifica\u00e7\u00e3o COC<\/strong> e qualifica\u00e7\u00f5es nacionais de primeiro n\u00edvel de produ\u00e7\u00e3o, assegurando confiabilidade a longo prazo e cumprimento dos padr\u00f5es log\u00edsticos internacionais.<\/p>\n<\/li>\n<\/ol>\n<p>&nbsp;<\/p>\n<hr \/>\n<\/div>\n<p>&nbsp;<\/p>\n<div class=\"kche-t154-img\">\n<h3 data-start=\"3344\" data-end=\"3363\"><strong data-start=\"3348\" data-end=\"3361\">Materiales<\/strong><\/h3>\n<ul data-start=\"3364\" data-end=\"3503\">\n<li data-start=\"3364\" data-end=\"3390\">\n<p data-start=\"3366\" data-end=\"3390\">Quadro de a\u00e7o refor\u00e7ado<\/p>\n<\/li>\n<li data-start=\"3391\" data-end=\"3420\">\n<p data-start=\"3393\" data-end=\"3420\">absortores de choque hidr\u00e1ulico<\/p>\n<\/li>\n<li data-start=\"3421\" data-end=\"3464\">\n<p data-start=\"3423\" data-end=\"3464\">Suspens\u00e3o posterior da molha de folha de a\u00e7o<\/p>\n<\/li>\n<li data-start=\"3465\" data-end=\"3503\">\n<p data-start=\"3467\" data-end=\"3503\">Bateria de \u00e1cido chumbo sem manuten\u00e7\u00e3o<\/p>\n<\/li>\n<\/ul>\n<h3 data-start=\"3505\" data-end=\"3525\"><strong data-start=\"3509\" data-end=\"3523\">Apar\u00eancia<\/strong><\/h3>\n<p data-start=\"3526\" data-end=\"3686\">Design moderno do corpo dormir dispon\u00edvel em m\u00faltiplas cores. Sua estrutura de caixa de carga fornece um espa\u00e7o de armazenamento seguro, refor\u00e7ando seu papel como um motorista log\u00edstico de tr\u00eas rodas.<\/p>\n<h3 data-start=\"3688\" data-end=\"3704\"><strong data-start=\"3692\" data-end=\"3702\">Design<\/strong><\/h3>\n<p data-start=\"3705\" data-end=\"3884\">Design compacto mas robusto adaptado para alto desempenho em ambientes urbanos. - luzes LED e forma racionalizada aumentam a visibilidade e a presen\u00e7a de marcas para empresas de corredores.<\/p>\n<h3 data-start=\"3886\" data-end=\"3913\"><strong data-start=\"3890\" data-end=\"3911\">Adapta\u00e7\u00e3o OEM<\/strong><\/h3>\n<p data-start=\"3914\" data-end=\"4056\">Motor, controlador, eixo traseiro e abertura de portas podem ser personalizadas para diversos setores de entrega, assegurando flexibilidade para operadores log\u00edsticos.<\/p>\n<h3 data-start=\"4058\" data-end=\"4083\"><strong data-start=\"4062\" data-end=\"4081\">Controlo da qualidade<\/strong><\/h3>\n<p data-start=\"4084\" data-end=\"4260\">Cada triciclo passa por inspec\u00e7\u00f5es de qualidade estritas sob <strong data-start=\"4141\" data-end=\"4190\">qualifica\u00e7\u00e3o nacional de produ\u00e7\u00e3o de primeiro n\u00edvel<\/strong>, assegurando seguran\u00e7a, durabilidade e cumprimento de padr\u00f5es globais.<\/p>\n<h3 data-start=\"4262\" data-end=\"4291\"><strong data-start=\"4266\" data-end=\"4289\">Servi\u00e7o de Depois de Venda<\/strong><\/h3>\n<p data-start=\"4292\" data-end=\"4418\">Suporte completo ap\u00f3s vendas com disponibilidade de pe\u00e7as de reposi\u00e7\u00e3o, orienta\u00e7\u00e3o t\u00e9cnica online e servi\u00e7os de garantia a longo prazo.<\/p>\n<h3 data-start=\"4420\" data-end=\"4448\"><strong data-start=\"4424\" data-end=\"4446\">Campos de Aplica\u00e7\u00e3o<\/strong><\/h3>\n<ul data-start=\"4449\" data-end=\"4586\">\n<li data-start=\"4449\" data-end=\"4480\">\n<p data-start=\"4451\" data-end=\"4480\">Correio e entrega de parcelas<\/p>\n<\/li>\n<li data-start=\"4481\" data-end=\"4505\">\n<p data-start=\"4483\" data-end=\"4505\">Log\u00edstica do com\u00e9rcio electr\u00f3nico<\/p>\n<\/li>\n<li data-start=\"4506\" data-end=\"4539\">\n<p data-start=\"4508\" data-end=\"4539\">Distribui\u00e7\u00e3o de alimentos e alimentos<\/p>\n<\/li>\n<li data-start=\"4540\" data-end=\"4586\">\n<p data-start=\"4542\" data-end=\"4586\">Transporte expresso em \u00e1reas urbanas e rurais<\/p>\n<\/li>\n<\/ul>\n<h3 data-start=\"4588\" data-end=\"4613\"><strong data-start=\"4592\" data-end=\"4611\">Op\u00e7\u00f5es de pagamento<\/strong><\/h3>\n<p data-start=\"4614\" data-end=\"4695\">N\u00f3s apoiamos m\u00e9todos de pagamento m\u00faltiplos: <strong data-start=\"4651\" data-end=\"4692\">T\/T, L\/C, PayPal e Trade Assurance<\/strong>.<\/p>\n<p>\u00a0 \u00a0 \u00a0 \u00a0 \u00a0<img fetchpriority=\"high\" decoding=\"async\" class=\"alignnone size-medium wp-image-3905\" src=\"https:\/\/www.tairuiauto.com\/wp-content\/uploads\/2025\/06\/H188d5991fd0f44dfb63d4113117ffc34y-300x225.jpg\" alt=\"\" width=\"300\" height=\"225\" srcset=\"https:\/\/www.tairuiauto.com\/wp-content\/uploads\/2025\/06\/H188d5991fd0f44dfb63d4113117ffc34y-300x225.jpg 300w, https:\/\/www.tairuiauto.com\/wp-content\/uploads\/2025\/06\/H188d5991fd0f44dfb63d4113117ffc34y-768x576.jpg 768w, https:\/\/www.tairuiauto.com\/wp-content\/uploads\/2025\/06\/H188d5991fd0f44dfb63d4113117ffc34y-16x12.jpg 16w, https:\/\/www.tairuiauto.com\/wp-content\/uploads\/2025\/06\/H188d5991fd0f44dfb63d4113117ffc34y-600x450.jpg 600w, https:\/\/www.tairuiauto.com\/wp-content\/uploads\/2025\/06\/H188d5991fd0f44dfb63d4113117ffc34y.jpg 888w\" sizes=\"(max-width: 300px) 100vw, 300px\" \/>\u00a0 \u00a0 \u00a0 \u00a0 \u00a0 \u00a0 \u00a0 \u00a0\u00a0 <img decoding=\"async\" class=\"alignnone size-medium wp-image-3906\" src=\"https:\/\/www.tairuiauto.com\/wp-content\/uploads\/2025\/06\/Hd2fd217e4f6a4d1bb135398294c4bb21U-1-300x225.jpg\" alt=\"\" width=\"300\" height=\"225\" srcset=\"https:\/\/www.tairuiauto.com\/wp-content\/uploads\/2025\/06\/Hd2fd217e4f6a4d1bb135398294c4bb21U-1-300x225.jpg 300w, https:\/\/www.tairuiauto.com\/wp-content\/uploads\/2025\/06\/Hd2fd217e4f6a4d1bb135398294c4bb21U-1-768x576.jpg 768w, https:\/\/www.tairuiauto.com\/wp-content\/uploads\/2025\/06\/Hd2fd217e4f6a4d1bb135398294c4bb21U-1-16x12.jpg 16w, https:\/\/www.tairuiauto.com\/wp-content\/uploads\/2025\/06\/Hd2fd217e4f6a4d1bb135398294c4bb21U-1-600x450.jpg 600w, https:\/\/www.tairuiauto.com\/wp-content\/uploads\/2025\/06\/Hd2fd217e4f6a4d1bb135398294c4bb21U-1.jpg 888w\" sizes=\"(max-width: 300px) 100vw, 300px\" \/>\u00a0 \u00a0 \u00a0 \u00a0 \u00a0 \u00a0 \u00a0 \u00a0<img decoding=\"async\" class=\"alignnone size-medium wp-image-3904\" src=\"https:\/\/www.tairuiauto.com\/wp-content\/uploads\/2025\/06\/H8a196846f335480a9a541983a732c176L-1-300x225.jpg\" alt=\"\" width=\"300\" height=\"225\" srcset=\"https:\/\/www.tairuiauto.com\/wp-content\/uploads\/2025\/06\/H8a196846f335480a9a541983a732c176L-1-300x225.jpg 300w, https:\/\/www.tairuiauto.com\/wp-content\/uploads\/2025\/06\/H8a196846f335480a9a541983a732c176L-1-768x576.jpg 768w, https:\/\/www.tairuiauto.com\/wp-content\/uploads\/2025\/06\/H8a196846f335480a9a541983a732c176L-1-16x12.jpg 16w, https:\/\/www.tairuiauto.com\/wp-content\/uploads\/2025\/06\/H8a196846f335480a9a541983a732c176L-1-600x450.jpg 600w, https:\/\/www.tairuiauto.com\/wp-content\/uploads\/2025\/06\/H8a196846f335480a9a541983a732c176L-1.jpg 888w\" sizes=\"(max-width: 300px) 100vw, 300px\" \/><\/p>\n<hr \/>\n<\/div>\n<\/div>\n<\/div>\n<p>&nbsp;<\/p>\n<div class=\"kche-wrap-width\">\n<div class=\"kche-t154\">\n<div class=\"kche-t154-img\">\n<h3 data-start=\"4697\" data-end=\"4710\"><strong data-start=\"4701\" data-end=\"4708\">FAQ<\/strong><\/h3>\n<p data-start=\"4711\" data-end=\"4889\"><strong data-start=\"4711\" data-end=\"4782\">Q1: Quanto tempo dura a bateria Triciclo de Transporte Expresso de 1,6 m?<\/strong><br data-start=\"4782\" data-end=\"4785\" \/>A1: A bateria 60V 52A fornece at\u00e9 <strong data-start=\"4824\" data-end=\"4851\">45km de quil\u00f4metro por carga<\/strong> com um ciclo de carga de 6-8 horas.<\/p>\n<p data-start=\"4891\" data-end=\"5039\"><strong data-start=\"4891\" data-end=\"4937\">Q2: Este tricicleta pode lidar com estradas em cima?<\/strong><br data-start=\"4937\" data-end=\"4940\" \/>A2: Sim, com um <strong data-start=\"4956\" data-end=\"4978\">\u00e2ngulo de subida de 15\u00b0<\/strong> e um motor forte de 800W, ele maneja facilmente estradas inclinadas.<\/p>\n<p data-start=\"5041\" data-end=\"5184\"><strong data-start=\"5041\" data-end=\"5080\">Q3: A personaliza\u00e7\u00e3o do OEM est\u00e1 dispon\u00edvel?<\/strong><br data-start=\"5080\" data-end=\"5083\" \/>A3: Sim, motor, controlador, eixo traseiro e porta traseira podem ser personalizados para satisfazer suas necessidades de entrega.<\/p>\n<p data-start=\"5186\" data-end=\"5331\"><strong data-start=\"5186\" data-end=\"5236\">Q4: Que certifica\u00e7\u00f5es tem o produto?<\/strong><br data-start=\"5236\" data-end=\"5239\" \/>A4: Ela vem com <strong data-start=\"5257\" data-end=\"5278\">Certifica\u00e7\u00e3o COC<\/strong> e qualifica\u00e7\u00e3o nacional de produ\u00e7\u00e3o de primeiro n\u00edvel.<\/p>\n<p data-start=\"5333\" data-end=\"5495\"><strong data-start=\"5333\" data-end=\"5384\">Q5: Quais ind\u00fastrias utilizam mais este triciclo?<\/strong><br data-start=\"5384\" data-end=\"5387\" \/>A5: \u00c9 amplamente usado em <strong data-start=\"5412\" data-end=\"5492\">servi\u00e7os de corredor, entrega de alimentos, log\u00edstica do com\u00e9rcio electr\u00f3nico e transporte expresso<\/strong>.<\/p>\n<p data-start=\"5333\" data-end=\"5495\">\n<hr \/>\n<blockquote>\n<p class=\"ds-markdown-paragraph\"><strong>O Dominador da \u00faltima milha: Isto n\u00e3o \u00e9 apenas um trigo \u2013 \u00e9 um motor de entrega provado de congesti\u00e3o. Com acesso ao beco, tecnologia log\u00edstica inteligente e energia actualizada, ele fornece 30% mais paradas por hora do que furgonetas em cidades cheias. Para corredores que medim sucesso em parcelas por watt, o Triciclo de Transporte Expresso de 1,6 m \u00e9 a ferramenta m\u00e1xima.<\/strong><\/p>\n<\/blockquote>\n<\/div>\n<\/div>\n<\/div>","protected":false},"excerpt":{"rendered":"<p>O <strong data-start=\"400\" data-end=\"435\">Triciclo de Transporte Expresso de 1,6 m<\/strong> \u00e9 uma solu\u00e7\u00e3o poderosa, ecol\u00f3gica e vers\u00e1til para a log\u00edstica urbana e a entrega da \u00faltima milha. Engineering with a 60V 800W motor and advanced hydraulic shock absorption, this electric cargo tricycle ensures high efficiency, stability, and comfort. Designado para carregar cargas pesadas, mantendo baixos custos operacionais, o trigo \u00e9 ideal para servi\u00e7os de corredores, entregas de com\u00e9rcio electr\u00f3nico, distribui\u00e7\u00e3o de alimentos e log\u00edstica em pequena escala. Seu design compacto permite navegar ruas estreitas e estradas congestionadas com facilidade, tornando-a uma alternativa perfeita \u00e0s furgonetas convencionais de entrega.<\/p>","protected":false},"featured_media":3897,"comment_status":"open","ping_status":"closed","template":"","meta":[],"product_brand":[],"product_cat":[78],"product_tag":[],"class_list":{"0":"post-2859","1":"product","2":"type-product","3":"status-publish","4":"has-post-thumbnail","6":"product_cat-electric-tricycle","8":"first","9":"instock","10":"shipping-taxable","11":"purchasable","12":"product-type-simple"},"_links":{"self":[{"href":"https:\/\/www.tairuiauto.com\/pt\/wp-json\/wp\/v2\/product\/2859","targetHints":{"allow":["GET"]}}],"collection":[{"href":"https:\/\/www.tairuiauto.com\/pt\/wp-json\/wp\/v2\/product"}],"about":[{"href":"https:\/\/www.tairuiauto.com\/pt\/wp-json\/wp\/v2\/types\/product"}],"replies":[{"embeddable":true,"href":"https:\/\/www.tairuiauto.com\/pt\/wp-json\/wp\/v2\/comments?post=2859"}],"wp:featuredmedia":[{"embeddable":true,"href":"https:\/\/www.tairuiauto.com\/pt\/wp-json\/wp\/v2\/media\/3897"}],"wp:attachment":[{"href":"https:\/\/www.tairuiauto.com\/pt\/wp-json\/wp\/v2\/media?parent=2859"}],"wp:term":[{"taxonomy":"product_brand","embeddable":true,"href":"https:\/\/www.tairuiauto.com\/pt\/wp-json\/wp\/v2\/product_brand?post=2859"},{"taxonomy":"product_cat","embeddable":true,"href":"https:\/\/www.tairuiauto.com\/pt\/wp-json\/wp\/v2\/product_cat?post=2859"},{"taxonomy":"product_tag","embeddable":true,"href":"https:\/\/www.tairuiauto.com\/pt\/wp-json\/wp\/v2\/product_tag?post=2859"}],"curies":[{"name":"wp","href":"https:\/\/api.w.org\/{rel}","templated":true}]}}