{"id":2986,"date":"2025-06-20T09:55:48","date_gmt":"2025-06-20T01:55:48","guid":{"rendered":"https:\/\/www.tairuiauto.com\/?post_type=product&#038;p=2986"},"modified":"2025-07-24T10:33:22","modified_gmt":"2025-07-24T02:33:22","slug":"strong-power-electric-tricycle","status":"publish","type":"product","link":"https:\/\/www.tairuiauto.com\/pt\/product\/strong-power-electric-tricycle\/","title":{"rendered":"Strong Power Electric Tricycle"},"content":{"rendered":"<table style=\"width: 91.2119%;\" width=\"421\">\n<tbody>\n<tr>\n<td style=\"width: 42.7948%;\" width=\"158\"><b>Modelo\u00a0\u00a0\u00a0<\/b><\/td>\n<td style=\"width: 150%;\" width=\"263\"><b>Forte Triciclo el\u00e9trico de energia<\/b><\/td>\n<\/tr>\n<tr>\n<td style=\"width: 42.7948%;\" width=\"158\">Carga<\/td>\n<td style=\"width: 150%;\" width=\"263\">2*1,3m<\/td>\n<\/tr>\n<tr>\n<td style=\"width: 42.7948%;\" width=\"158\">Bateria<\/td>\n<td style=\"width: 150%;\" width=\"263\">60\/72V<\/td>\n<\/tr>\n<tr>\n<td style=\"width: 42.7948%;\" width=\"158\">Motor<\/td>\n<td style=\"width: 150%;\" width=\"263\">1800W<\/td>\n<\/tr>\n<tr>\n<td style=\"width: 42.7948%;\" width=\"158\">Controlador<\/td>\n<td style=\"width: 150%;\" width=\"263\">36[UNK]Tube<\/td>\n<\/tr>\n<tr>\n<td style=\"width: 42.7948%;\" width=\"158\">Absorp\u00e7\u00e3o hidr\u00e1ulica de choque<\/td>\n<td style=\"width: 150%;\" width=\"263\">43#<\/td>\n<\/tr>\n<tr>\n<td style=\"width: 42.7948%;\" width=\"158\">Tiro<\/td>\n<td style=\"width: 150%;\" width=\"263\">Fronte: 4.00-12; Atr\u00e1s: 4,50-12<\/td>\n<\/tr>\n<tr>\n<td style=\"width: 42.7948%;\" width=\"158\">Axle atr\u00e1s<\/td>\n<td style=\"width: 150%;\" width=\"263\">Axo integrado de origem posterior<\/td>\n<\/tr>\n<tr>\n<td style=\"width: 42.7948%;\" width=\"158\">CKD<\/td>\n<td style=\"width: 150%;\" width=\"263\">35[UNK]Unidades\/40&#8217; HQ<\/td>\n<\/tr>\n<tr>\n<td style=\"width: 42.7948%;\" width=\"158\">Caracter\u00edsticas<\/td>\n<td style=\"width: 150%;\" width=\"263\">Unico<\/td>\n<\/tr>\n<\/tbody>\n<\/table>\n<h2 class=\"ds-markdown-paragraph\"><strong>Disposi\u00e7\u00e3o de espa\u00e7o razo\u00e1vel<\/strong>:<\/h2>\n<p class=\"ds-markdown-paragraph\">A grande caixa de carga (2*1,3m) fornece amplo espa\u00e7o para mercadorias ou bagagem.<\/p>\n<p>&nbsp;<\/p>\n<p><img decoding=\"async\" class=\"alignnone wp-image-2988\" src=\"https:\/\/www.tairuiauto.com\/wp-content\/uploads\/2025\/06\/bc87c6abf1b7b189d5a5f2e4eb2c10a-300x239.png\" alt=\"\" width=\"246\" height=\"196\" srcset=\"\" sizes=\"(max-width: 246px) 100vw, 246px\" data-srcset=\"\" \/><\/p>\n<h2 class=\"ds-markdown-paragraph\"><strong>Sa\u00edda est\u00e1vel de energia<\/strong><\/h2>\n<p class=\"ds-markdown-paragraph\">Equipado com um motor de 1800W e uma bateria de 6072V, assegurando desempenho consistente.<\/p>\n<p><img fetchpriority=\"high\" decoding=\"async\" class=\"alignnone size-medium wp-image-2987\" src=\"https:\/\/www.tairuiauto.com\/wp-content\/uploads\/2025\/06\/d6846598ac8467453bed37c51af64c3-300x300.png\" alt=\"\" width=\"300\" height=\"300\" srcset=\"\" sizes=\"(max-width: 300px) 100vw, 300px\" data-srcset=\"\" \/><\/p>\n<h2 class=\"ds-markdown-paragraph\"><strong>Experi\u00eancia de condu\u00e7\u00e3o confort\u00e1vel<\/strong><\/h2>\n<p class=\"ds-markdown-paragraph\">Tem uma cadeira de primeira classe e absor\u00e7\u00e3o de choque hidr\u00e1ulico para uma viagem suave.<\/p>\n<p><img decoding=\"async\" class=\"alignnone wp-image-2989\" src=\"https:\/\/www.tairuiauto.com\/wp-content\/uploads\/2025\/06\/WEIBA-4_\u526f\u672c-300x200.png\" alt=\"\" width=\"308\" height=\"205\" srcset=\"\" sizes=\"(max-width: 308px) 100vw, 308px\" data-srcset=\"\" \/><\/p>\n<h2 class=\"ds-markdown-paragraph\"><strong>pneus anti-deslizantes e resistentes ao uso<\/strong><\/h2>\n<p class=\"ds-markdown-paragraph\">Os pneus 4.00-12 (frente) e 4.50-12 (traseiro) aumentam a seguran\u00e7a e a durabilidade.<\/p>\n<p>&nbsp;<\/p>\n<h2 class=\"ds-markdown-paragraph\"><strong>Escen\u00e1rios de Utiliza\u00e7\u00e3o<\/strong><\/h2>\n<ul>\n<li>\n<p class=\"ds-markdown-paragraph\"><strong>Uso comercial<\/strong>: Ideal para pequenos neg\u00f3cios, agricultores, ou servi\u00e7os de entrega para transportar mercadorias eficientemente.<\/p>\n<\/li>\n<li>\n<p class=\"ds-markdown-paragraph\"><strong>Uso pessoal<\/strong>Perfeito para viagens di\u00e1rias, compras de alimentos ou sa\u00eddas familiares.<\/p>\n<\/li>\n<li>\n<p class=\"ds-markdown-paragraph\"><strong>Uso industrial<\/strong>: Adequado para f\u00e1bricas ou armaz\u00e9ns para mover cargas pesadas com facilidade.<\/p>\n<h2 class=\"ds-markdown-paragraph\"><strong>FAQ<\/strong><\/h2>\n<ol start=\"1\">\n<li>\n<p class=\"ds-markdown-paragraph\"><strong>Qual \u00e9 a capacidade de bateria do Triciclo el\u00e9trico de pot\u00eancia forte?<\/strong><br \/>\nO triciclo \u00e9 alimentado por uma bateria de 6072V, assegurando desempenho de long a dura\u00e7\u00e3o.<\/p>\n<\/li>\n<li>\n<p class=\"ds-markdown-paragraph\"><strong>Quantas unidades podem encaixar em um 40&#8217; Contenedor do QQ?<\/strong><br \/>\nVoc\u00ea pode carregar 35 unidades\u00a0<strong>Triciclo el\u00e9trico de pot\u00eancia forte duradouro<\/strong>\u00a0em um 40&#8217; Contenedor do QQ.<\/p>\n<\/li>\n<li>\n<p class=\"ds-markdown-paragraph\"><strong>O triciclo \u00e9 adequado para terras rugosas?<\/strong><br \/>\nSim, o\u00a0<strong>Strong Power Electric Tricycle<\/strong>\u00a0apresenta pneus anti-deslizante e absor\u00e7\u00e3o de choque hidr\u00e1ulico para estabilidade em estradas desiguais.<\/p>\n<\/li>\n<li>\n<p class=\"ds-markdown-paragraph\"><strong>O que faz esse triciclo \u00fanico?<\/strong><br \/>\nSua combina\u00e7\u00e3o de uma espa\u00e7osa caixa de carga, um motor poderoso e um assento confort\u00e1vel a separa de outros.<\/p>\n<\/li>\n<\/ol>\n<\/li>\n<\/ul>","protected":false},"excerpt":{"rendered":"<p>O Triciclo el\u00e9trico de Energia For\u00e7a (Power Electric Tricycle) \u00e9 um ve\u00edculo robusto e vers\u00e1til projetado para uso comercial e pessoal. Com sua espa\u00e7osa caixa de carga, bateria poderosa e caracter\u00edsticas avan\u00e7adas como absor\u00e7\u00e3o de choque hidr\u00e1ulico, este triciclo oferece uma experi\u00eancia de condu\u00e7\u00e3o confort\u00e1vel e eficiente. Se voc\u00ea precisa dela para transportar mercadorias ou viajar diariamente, o triciclo el\u00e9trico el\u00e9trico de alto rendimento proporciona confiabilidade e conveni\u00eancia.<\/p>","protected":false},"featured_media":3048,"comment_status":"open","ping_status":"closed","template":"","meta":[],"product_brand":[],"product_cat":[78],"product_tag":[],"class_list":{"0":"post-2986","1":"product","2":"type-product","3":"status-publish","4":"has-post-thumbnail","6":"product_cat-electric-tricycle","8":"first","9":"instock","10":"shipping-taxable","11":"purchasable","12":"product-type-simple"},"_links":{"self":[{"href":"https:\/\/www.tairuiauto.com\/pt\/wp-json\/wp\/v2\/product\/2986","targetHints":{"allow":["GET"]}}],"collection":[{"href":"https:\/\/www.tairuiauto.com\/pt\/wp-json\/wp\/v2\/product"}],"about":[{"href":"https:\/\/www.tairuiauto.com\/pt\/wp-json\/wp\/v2\/types\/product"}],"replies":[{"embeddable":true,"href":"https:\/\/www.tairuiauto.com\/pt\/wp-json\/wp\/v2\/comments?post=2986"}],"wp:featuredmedia":[{"embeddable":true,"href":"https:\/\/www.tairuiauto.com\/pt\/wp-json\/wp\/v2\/media\/3048"}],"wp:attachment":[{"href":"https:\/\/www.tairuiauto.com\/pt\/wp-json\/wp\/v2\/media?parent=2986"}],"wp:term":[{"taxonomy":"product_brand","embeddable":true,"href":"https:\/\/www.tairuiauto.com\/pt\/wp-json\/wp\/v2\/product_brand?post=2986"},{"taxonomy":"product_cat","embeddable":true,"href":"https:\/\/www.tairuiauto.com\/pt\/wp-json\/wp\/v2\/product_cat?post=2986"},{"taxonomy":"product_tag","embeddable":true,"href":"https:\/\/www.tairuiauto.com\/pt\/wp-json\/wp\/v2\/product_tag?post=2986"}],"curies":[{"name":"wp","href":"https:\/\/api.w.org\/{rel}","templated":true}]}}