{"id":2991,"date":"2025-06-20T10:13:00","date_gmt":"2025-06-20T02:13:00","guid":{"rendered":"https:\/\/www.tairuiauto.com\/?post_type=product&#038;p=2991"},"modified":"2025-07-24T10:36:47","modified_gmt":"2025-07-24T02:36:47","slug":"farm-electric-lifting-trike","status":"publish","type":"product","link":"https:\/\/www.tairuiauto.com\/pt\/product\/farm-electric-lifting-trike\/","title":{"rendered":"Trigo de Lifting Electric Farm"},"content":{"rendered":"<table style=\"width: 89.2952%;\" width=\"421\">\n<tbody>\n<tr>\n<td style=\"width: 46.778%;\" width=\"158\"><b>Modelo\u00a0\u00a0\u00a0<\/b><\/td>\n<td style=\"width: 160.382%;\" width=\"263\"><b>Trigo de Lifting Electric Farm<\/b><\/td>\n<\/tr>\n<tr>\n<td style=\"width: 46.778%;\" width=\"158\">Carga<\/td>\n<td style=\"width: 160.382%;\" width=\"263\">1,6*1,1m<\/td>\n<\/tr>\n<tr>\n<td style=\"width: 46.778%;\" width=\"158\">Bateria<\/td>\n<td style=\"width: 160.382%;\" width=\"263\">60\/72V<\/td>\n<\/tr>\n<tr>\n<td style=\"width: 46.778%;\" width=\"158\">Motor<\/td>\n<td style=\"width: 160.382%;\" width=\"263\">1000W<\/td>\n<\/tr>\n<tr>\n<td style=\"width: 46.778%;\" width=\"158\">Controlador<\/td>\n<td style=\"width: 160.382%;\" width=\"263\">18[UNK]Tube<\/td>\n<\/tr>\n<tr>\n<td style=\"width: 46.778%;\" width=\"158\">Absorp\u00e7\u00e3o hidr\u00e1ulica de choque<\/td>\n<td style=\"width: 160.382%;\" width=\"263\">37#<\/td>\n<\/tr>\n<tr>\n<td style=\"width: 46.778%;\" width=\"158\">Tiro<\/td>\n<td style=\"width: 160.382%;\" width=\"263\">Fronte: 3,75-12; Atr\u00e1s: 4,00-12<\/td>\n<\/tr>\n<tr>\n<td style=\"width: 46.778%;\" width=\"158\">Cargo<\/td>\n<td style=\"width: 160.382%;\" width=\"263\">Aceiro<\/td>\n<\/tr>\n<\/tbody>\n<\/table>\n<hr \/>\n<h3><strong>Perfeito para essas tarefas<\/strong><\/h3>\n<ul>\n<li>\n<p class=\"ds-markdown-paragraph\"><strong>Coleta de Orchards<\/strong>: Transporte r\u00e1pido as latas de fruta sem esfor\u00e7ar as costas.<\/p>\n<\/li>\n<li><img fetchpriority=\"high\" decoding=\"async\" class=\"alignnone wp-image-2992\" src=\"https:\/\/www.tairuiauto.com\/wp-content\/uploads\/2025\/06\/Orchard-Lifting-Electric-Tricycle-6_\u526f\u672c-300x300.png\" alt=\"\" width=\"279\" height=\"279\" srcset=\"\" sizes=\"(max-width: 279px) 100vw, 279px\" data-srcset=\"\" \/><\/li>\n<li>\n<p class=\"ds-markdown-paragraph\"><strong>Atra\u00e7\u00e3o de alimentos e suprimentos<\/strong>: Mova bolsas pesadas de alimentos ou ferramentas com facilidade.<\/p>\n<\/li>\n<li>\u00a0 \u00a0 \u00a0 \u00a0<img decoding=\"async\" class=\"alignnone wp-image-2993\" src=\"https:\/\/www.tairuiauto.com\/wp-content\/uploads\/2025\/06\/Orchard-Lifting-Electric-Tricycle-1-300x300.png\" alt=\"\" width=\"224\" height=\"224\" srcset=\"\" sizes=\"(max-width: 224px) 100vw, 224px\" data-srcset=\"\" \/><\/li>\n<li>\n<p class=\"ds-markdown-paragraph\"><strong>Mantenimento da agricultura<\/strong>: Usa a caixa de carga para equipamento ou limpeza de res\u00edduos.<\/p>\n<\/li>\n<li><img decoding=\"async\" class=\"alignnone wp-image-2994\" src=\"https:\/\/www.tairuiauto.com\/wp-content\/uploads\/2025\/06\/Orchard-Lifting-Electric-Tricycle-5-300x300.png\" alt=\"\" width=\"229\" height=\"229\" srcset=\"\" sizes=\"(max-width: 229px) 100vw, 229px\" data-srcset=\"\" \/><\/li>\n<li>\n<p class=\"ds-markdown-paragraph\"><strong>Ajudante de Sitio de Trabalho Vers\u00e1til<\/strong>: Ideal para crian\u00e7as, vinheiros ou agricultura de pequena escala.<\/p>\n<\/li>\n<li><img loading=\"lazy\" decoding=\"async\" class=\"alignnone wp-image-2995\" src=\"https:\/\/www.tairuiauto.com\/wp-content\/uploads\/2025\/06\/Orchard-Lifting-Electric-Tricycle-2-300x300.png\" alt=\"\" width=\"227\" height=\"227\" srcset=\"\" sizes=\"(max-width: 227px) 100vw, 227px\" data-srcset=\"\" \/><\/li>\n<\/ul>\n<h3><strong>Por que escolher esse trigo de eleva\u00e7\u00e3o el\u00e9trica?<\/strong><\/h3>\n<ul>\n<li>\n<p class=\"ds-markdown-paragraph\"><strong>Tratamento de carga sem esfor\u00e7o<\/strong>: O mecanismo de levantamento hidr\u00e1ulico faz com que a carga seja levantada e baixada, economizando tempo e trabalho.<\/p>\n<\/li>\n<li>\n<p class=\"ds-markdown-paragraph\"><strong>Compact Yet Spacious<\/strong>: Com uma caixa de carga de a \u00e7o de 1,6*1,1 m, esta\u00a0<strong>Heavy-Duty Farm Electric Lifting Trike<\/strong>\u00a0maximiza o armazenamento sem sacrificar a maneuverabilidade.<\/p>\n<\/li>\n<li>\n<p class=\"ds-markdown-paragraph\"><strong>Soft Ride, Hard Build<\/strong>: A absor\u00e7\u00e3o hidr\u00e1ulica de choque 37# e pneus s\u00f3lidos (Fronte 3.75-12; Rear 4.00-12) asseguram estabilidade em terreno bruto.<\/p>\n<\/li>\n<li>\n<p class=\"ds-markdown-paragraph\"><strong>Dormir e funcional<\/strong>: Quem diz que o equipamento agr\u00edcola n\u00e3o pode parecer bem? Seu design moderno destaca-se no campo enquanto fornece uma utilidade n\u00e3o correspondente.<\/p>\n<\/li>\n<\/ul>\n<h3><strong>FAQ<\/strong><\/h3>\n<ol start=\"1\">\n<li>\n<p class=\"ds-markdown-paragraph\"><strong>Quanto poderoso \u00e9 o motor?<\/strong><br \/>\nO\u00a0<strong>Trigo de eleva\u00e7\u00e3o el\u00e9trica de alta efici\u00eancia da agricultura<\/strong>\u00a0embala um motor de 1000W com suporte de bateria de 60\/72V, assegurando desempenho confi\u00e1vel para tarefas di\u00e1rias.<\/p>\n<\/li>\n<li>\n<p class=\"ds-markdown-paragraph\"><strong>Pode lidar com terrenos desiguais?<\/strong><br \/>\nAbsolutamente! Os pneus refor\u00e7ados e a absor\u00e7\u00e3o de choque fazem isso\u00a0<strong>Trigo de eleva\u00e7\u00e3o el\u00e9trica duradoura da agricultura<\/strong>\u00a0um profissional em lidar com campos de lama ou caminhos de grava.<\/p>\n<\/li>\n<li>\n<p class=\"ds-markdown-paragraph\"><strong>A montagem \u00e9 necess\u00e1ria?<\/strong><br \/>\nEla vem parcialmente montada \u2013 apenas segue o manual, e voc\u00ea estar\u00e1 pronto para rolar em pouco tempo.<\/p>\n<\/li>\n<li>\n<p class=\"ds-markdown-paragraph\"><strong>Qual \u00e9 a capacidade de peso?<\/strong><br \/>\nA caixa de carga de a \u00e7o e o controlador de 18 tubos s\u00e3o constru\u00eddos para lidar com cargas pesadas sem quebrar um suor.<\/p>\n<\/li>\n<\/ol>","protected":false},"excerpt":{"rendered":"<p>Quando a efici\u00eancia encontra a inova\u00e7\u00e3o, voc\u00ea obt\u00e9m o \"Farm Electric Lifting Trike\" - um mudador de jogo para trabalho agr\u00edcola e hort\u00edcola. Dese\u00f1ado para simplificar o elevamento pesado e o transporte, este trique combina desempenho rugged com caracter\u00edsticas inteligentes, tornando-o o parceiro perfeito para os agricultores que exigem confiabilidade sem compromisso.<\/p>","protected":false},"featured_media":2996,"comment_status":"open","ping_status":"closed","template":"","meta":[],"product_brand":[],"product_cat":[78],"product_tag":[],"class_list":{"0":"post-2991","1":"product","2":"type-product","3":"status-publish","4":"has-post-thumbnail","6":"product_cat-electric-tricycle","8":"first","9":"instock","10":"shipping-taxable","11":"purchasable","12":"product-type-simple"},"_links":{"self":[{"href":"https:\/\/www.tairuiauto.com\/pt\/wp-json\/wp\/v2\/product\/2991","targetHints":{"allow":["GET"]}}],"collection":[{"href":"https:\/\/www.tairuiauto.com\/pt\/wp-json\/wp\/v2\/product"}],"about":[{"href":"https:\/\/www.tairuiauto.com\/pt\/wp-json\/wp\/v2\/types\/product"}],"replies":[{"embeddable":true,"href":"https:\/\/www.tairuiauto.com\/pt\/wp-json\/wp\/v2\/comments?post=2991"}],"wp:featuredmedia":[{"embeddable":true,"href":"https:\/\/www.tairuiauto.com\/pt\/wp-json\/wp\/v2\/media\/2996"}],"wp:attachment":[{"href":"https:\/\/www.tairuiauto.com\/pt\/wp-json\/wp\/v2\/media?parent=2991"}],"wp:term":[{"taxonomy":"product_brand","embeddable":true,"href":"https:\/\/www.tairuiauto.com\/pt\/wp-json\/wp\/v2\/product_brand?post=2991"},{"taxonomy":"product_cat","embeddable":true,"href":"https:\/\/www.tairuiauto.com\/pt\/wp-json\/wp\/v2\/product_cat?post=2991"},{"taxonomy":"product_tag","embeddable":true,"href":"https:\/\/www.tairuiauto.com\/pt\/wp-json\/wp\/v2\/product_tag?post=2991"}],"curies":[{"name":"wp","href":"https:\/\/api.w.org\/{rel}","templated":true}]}}