{"id":3328,"date":"2025-08-20T14:26:36","date_gmt":"2025-08-20T06:26:36","guid":{"rendered":"https:\/\/www.tairuiauto.com\/?post_type=product&#038;p=3328"},"modified":"2026-01-03T16:58:11","modified_gmt":"2026-01-03T08:58:11","slug":"smart-tip-electric-cargo-trike","status":"publish","type":"product","link":"https:\/\/www.tairuiauto.com\/pt\/product\/smart-tip-electric-cargo-trike\/","title":{"rendered":"Trike de Cargo Eletrico"},"content":{"rendered":"<p data-start=\"464\" data-end=\"759\">\n<h2 data-start=\"766\" data-end=\"806\">Vista geral dos produtos<\/h2>\n<p data-start=\"808\" data-end=\"1154\">O <strong data-start=\"812\" data-end=\"843\">ve\u00edculo el\u00e9trico de carga C113<\/strong> \u00e9 um peso ligeiro <strong data-start=\"861\" data-end=\"918\">tricicleta el\u00e9trica \/ ve\u00edculo comercial ligeiro el\u00e9trico<\/strong> projetado para transporte eficiente de mercadorias em ambientes urbanos e semiurbanos. Foca na maneuverabilidade, capacidade de carga e durabilidade, tornando-a ideal para a entrega de milha passada, log\u00edstica de pequenos neg\u00f3cios e servi\u00e7os comunit\u00e1rios.<\/p>\n<table style=\"border-collapse: collapse; width: 92.4948%; height: 557px;\" border=\"0\" width=\"720\" cellspacing=\"0\" cellpadding=\"0\">\n<tbody>\n<tr style=\"height: 20.00pt;\">\n<td class=\"et5\" style=\"height: 20.00pt; width: 432.45pt;\" colspan=\"2\" width=\"720\" height=\"33\">Configura\u00e7\u00e3o padr\u00e3o<\/td>\n<\/tr>\n<tr style=\"height: 20.00pt;\">\n<td class=\"et5\" style=\"height: 20.00pt;\" height=\"33\">Modelo<\/td>\n<td class=\"et7\"><a href=\"#\u76ee\u5f55!A1\">C113<\/a><\/td>\n<\/tr>\n<tr style=\"height: 20.00pt;\">\n<td class=\"et6\" style=\"height: 20.00pt; width: 159.05pt;\" width=\"265\" height=\"33\">Cores opcionais<\/td>\n<td class=\"et6\" style=\"width: 273.40pt;\" width=\"455\">vermelho, azul, verde, amarelo, gris, branco<\/td>\n<\/tr>\n<tr style=\"height: 20.00pt;\">\n<td class=\"et6\" style=\"height: 20.00pt; width: 159.05pt;\" width=\"265\" height=\"33\">L*W*H(mm)<\/td>\n<td class=\"et6\" style=\"width: 273.40pt;\" width=\"455\">3085*1180*1400<\/td>\n<\/tr>\n<tr style=\"height: 20.00pt;\">\n<td class=\"et6\" style=\"height: 20.00pt; width: 159.05pt;\" width=\"265\" height=\"33\">Tamanho da caixa de carga (mm)<\/td>\n<td class=\"et6\" style=\"width: 273.40pt;\" width=\"455\">1600*1100<\/td>\n<\/tr>\n<tr style=\"height: 20.00pt;\">\n<td class=\"et6\" style=\"height: 20.00pt; width: 159.05pt;\" width=\"265\" height=\"33\">Base da roda (mm)<\/td>\n<td class=\"et6\" style=\"width: 273.40pt;\" width=\"455\">2055<\/td>\n<\/tr>\n<tr style=\"height: 20.00pt;\">\n<td class=\"et6\" style=\"height: 20.00pt; width: 159.05pt;\" width=\"265\" height=\"33\">Rota(mm)<\/td>\n<td class=\"et6\" style=\"width: 273.40pt;\" width=\"455\">960<\/td>\n<\/tr>\n<tr style=\"height: 20.00pt;\">\n<td class=\"et6\" style=\"height: 20.00pt; width: 159.05pt;\" width=\"265\" height=\"33\">Atra\u00e7\u00e3o m\u00ednima do solo (mm)<\/td>\n<td class=\"et6\" style=\"width: 273.40pt;\" width=\"455\">\u2265150<\/td>\n<\/tr>\n<tr style=\"height: 20.00pt;\">\n<td class=\"et6\" style=\"height: 20.00pt; width: 159.05pt;\" width=\"265\" height=\"33\">R\u00e1dio m \u00ednimo de giro (m)<\/td>\n<td class=\"et6\" style=\"width: 273.40pt;\" width=\"455\">\u22644<\/td>\n<\/tr>\n<tr style=\"height: 20.00pt;\">\n<td class=\"et6\" style=\"height: 20.00pt; width: 159.05pt;\" width=\"265\" height=\"33\">Peso curvo (kg)<\/td>\n<td class=\"et6\" style=\"width: 273.40pt;\" width=\"455\">262Kg<\/td>\n<\/tr>\n<tr style=\"height: 20.00pt;\">\n<td class=\"et6\" style=\"height: 20.00pt; width: 159.05pt;\" width=\"265\" height=\"33\">Carga estimada (kg)<\/td>\n<td class=\"et6\" style=\"width: 273.40pt;\" width=\"455\">500<\/td>\n<\/tr>\n<tr style=\"height: 20.00pt;\">\n<td class=\"et6\" style=\"height: 20.00pt; width: 159.05pt;\" width=\"265\" height=\"33\">Velocidade m\u00e1xima (km\/h)<\/td>\n<td class=\"et6\" style=\"width: 273.40pt;\" width=\"455\">45<\/td>\n<\/tr>\n<tr style=\"height: 20.00pt;\">\n<td class=\"et6\" style=\"height: 20.00pt; width: 159.05pt;\" width=\"265\" height=\"33\">Capacidade de grau (%)<\/td>\n<td class=\"et6\" style=\"width: 273.40pt;\" width=\"455\">\u226415<\/td>\n<\/tr>\n<tr style=\"height: 20.00pt;\">\n<td class=\"et6\" style=\"height: 20.00pt; width: 159.05pt;\" width=\"265\" height=\"33\">Bateria<\/td>\n<td class=\"et6\" style=\"width: 273.40pt;\" width=\"455\">60V45AH-58AH<\/td>\n<\/tr>\n<tr style=\"height: 20.00pt;\">\n<td class=\"et6\" style=\"height: 20.00pt; width: 159.05pt;\" width=\"265\" height=\"33\">Motor, Controller(w)<\/td>\n<td class=\"et6\" style=\"width: 273.40pt;\" width=\"455\">60V1000W<\/td>\n<\/tr>\n<tr style=\"height: 20.00pt;\">\n<td class=\"et6\" style=\"height: 20.00pt; width: 159.05pt;\" width=\"265\" height=\"33\">Range per charging(km)<\/td>\n<td class=\"et6\" style=\"width: 273.40pt;\" width=\"455\">50-60<\/td>\n<\/tr>\n<tr style=\"height: 20.00pt;\">\n<td class=\"et6\" style=\"height: 20.00pt; width: 159.05pt;\" width=\"265\" height=\"33\">Tempo de carga(h)<\/td>\n<td class=\"et6\" style=\"width: 273.40pt;\" width=\"455\">6~8h<\/td>\n<\/tr>\n<tr style=\"height: 20.00pt;\">\n<td class=\"et6\" style=\"height: 20.00pt; width: 159.05pt;\" width=\"265\" height=\"33\">pneu anterior\/posterior<\/td>\n<td class=\"et6\" style=\"width: 273.40pt;\" width=\"455\">3.75-12\/4.00-12<\/td>\n<\/tr>\n<tr style=\"height: 20.00pt;\">\n<td class=\"et6\" style=\"height: 20.00pt; width: 159.05pt;\" width=\"265\" height=\"33\">Tipo de freno frontal\/posterior<\/td>\n<td class=\"et6\" style=\"width: 273.40pt;\" width=\"455\">Anterior\/Atr\u00e1s:Drum<\/td>\n<\/tr>\n<tr style=\"height: 20.00pt;\">\n<td class=\"et6\" style=\"height: 20.00pt; width: 159.05pt;\" width=\"265\" height=\"33\">Frego de estacionamento<\/td>\n<td class=\"et6\" style=\"width: 273.40pt;\" width=\"455\">Mano Brake<\/td>\n<\/tr>\n<\/tbody>\n<\/table>\n<hr data-start=\"1156\" data-end=\"1159\" \/>\n<h2 data-start=\"1161\" data-end=\"1183\">Descri\u00e7\u00e3o do produto<\/h2>\n<p data-start=\"1308\" data-end=\"1680\">O <strong data-start=\"1312\" data-end=\"1343\">ve\u00edculo el\u00e9trico de carga C113<\/strong> apresenta uma estrutura corporal compact a otimizada para ruas estreitas e cen\u00e1rios de entrega de alta frequ\u00eancia. Com dimens\u00f5es gerais de <strong data-start=\"1473\" data-end=\"1498\">3085 \u00d7 1180 \u00d7 1400 mm<\/strong> e um <strong data-start=\"1505\" data-end=\"1529\">base de rodas de 2055 mm<\/strong>, o ve\u00edculo mant\u00e9m excelente estabilidade ao mesmo tempo que permite acesso f\u00e1cil a aleias, mercados e \u00e1reas residenciais onde ve\u00edculos maiores s\u00e3o impr\u00e1ticos.<\/p>\n<p data-start=\"1682\" data-end=\"2039\">Designado para efici\u00eancia de carga, o ve\u00edculo est\u00e1 equipado com um <strong data-start=\"1744\" data-end=\"1772\">caixa de carga 1600 \u00d7 1100 mm<\/strong>fornecendo espa\u00e7o suficiente para bens di\u00e1rios, parcelas e ferramentas. Com um <strong data-start=\"1845\" data-end=\"1878\">capacidade de carga nominal de 500 kg<\/strong> e um <strong data-start=\"1885\" data-end=\"1915\">peso curvo de apenas 262 kg<\/strong>, o C113 atinge uma raz\u00e3o de carga-peso excelente, melhorando a efici\u00eancia energ\u00e9tica e reduzindo os custos operacionais para os usu\u00e1rios.<\/p>\n<p data-start=\"2041\" data-end=\"2402\">Fornecida por um <strong data-start=\"2054\" data-end=\"2088\">sistema de bateria 60V (45Ah\u201358Ah)<\/strong> e um <strong data-start=\"2095\" data-end=\"2138\">Motor 60V 1000W com controlador combinado<\/strong>o ve\u00edculo fornece desempenho est\u00e1vel e confi\u00e1vel para opera\u00e7\u00f5es log\u00edsticas di\u00e1rias. O <strong data-start=\"2229\" data-end=\"2261\">intervalo por carga de 50-60 km<\/strong> \u00e9 bem adaptada para rotas de entrega urbana de curta dist\u00e2ncia, distribui\u00e7\u00e3o comunit\u00e1ria e log\u00edstica interna dentro de parques industriais ou campus.<\/p>\n<p data-start=\"2404\" data-end=\"2774\">O C113 \u00e9 projetado para facilitar o funcionamento e a seguran\u00e7a. A <strong data-start=\"2463\" data-end=\"2502\">raio m\u00ednimo de giro de \u22644 metros<\/strong> permite manejar suavemente em espa\u00e7os confinados, enquanto <strong data-start=\"2558\" data-end=\"2597\">uma dist\u00e2ncia m\u00ednima de terra \u2265 150 mm<\/strong> permite ao ve\u00edculo lidar com estradas desiguais, velocidades e caminhos rurais com confian\u00e7a. O <strong data-start=\"2691\" data-end=\"2719\">velocidade m\u00e1xima de 45 km\/h<\/strong> equilibra efici\u00eancia e seguran\u00e7a para o uso da entrega urbana.<\/p>\n<p data-start=\"2776\" data-end=\"3110\">O sistema de chassis adota <strong data-start=\"2802\" data-end=\"2832\">frenos de tambor frontal e traseiro<\/strong>, fornecendo um desempenho de travagem confi\u00e1vel em condi\u00e7\u00f5es carregadas. A <strong data-start=\"2902\" data-end=\"2933\">freio de estacionamento manuais<\/strong> assegura estacionamento seguro durante as opera\u00e7\u00f5es de carga e descarga. O <strong data-start=\"3002\" data-end=\"3052\">tamanhos de pneus de frente e traseira de 3,75-12 \/ 4,00-12<\/strong> oferecem boa capacidade de carregamento e adaptabilidade rodovi\u00e1ria.<\/p>\n<p data-start=\"3112\" data-end=\"3390\">A carga \u00e9 simples e conveniente, com <strong data-start=\"3154\" data-end=\"3184\">tempo de carga de 6-8 horas<\/strong>permitindo carga durante a noite e opera\u00e7\u00e3o di\u00e1ria sem interrup\u00e7\u00e3o. Multiple <strong data-start=\"3258\" data-end=\"3282\">cores corporais opcionais<\/strong>\u2014incluindo o vermelho, azul, verde, amarelo, gris e branco\u2014suportam requisitos de marca e identifica\u00e7\u00e3o da frota.<\/p>\n<p data-start=\"3392\" data-end=\"3593\">Como pr\u00e1tica <strong data-start=\"3407\" data-end=\"3438\">plataforma de ve\u00edculos personalizada<\/strong>, o C113 pode ser adaptado para diferentes configura\u00e7\u00f5es de carga e aplica\u00e7\u00f5es de ve\u00edculos especiais, tornando-o adequado para uma ampla gama de cen\u00e1rios comerciais.<\/p>\n<hr data-start=\"3595\" data-end=\"3598\" \/>\n<h2 data-start=\"3600\" data-end=\"3642\">Caracter\u00edsticas-chave e - Avantagens<\/h2>\n<h3 data-start=\"3644\" data-end=\"3658\">Caracter\u00edsticas<\/h3>\n<ul data-start=\"3659\" data-end=\"3843\">\n<li data-start=\"3659\" data-end=\"3700\">\n<p data-start=\"3661\" data-end=\"3700\">Design compacto de ve\u00edculos de carga el\u00e9trica<\/p>\n<\/li>\n<li data-start=\"3701\" data-end=\"3734\">\n<p data-start=\"3703\" data-end=\"3734\">capacidade nominal de carga de 500 kg<\/p>\n<\/li>\n<li data-start=\"3735\" data-end=\"3774\">\n<p data-start=\"3737\" data-end=\"3774\">sistema de bateria de 60V com motor de 1000W<\/p>\n<\/li>\n<li data-start=\"3775\" data-end=\"3811\">\n<p data-start=\"3777\" data-end=\"3811\">Grande caixa de carga (1600 \u00d7 1100 mm)<\/p>\n<\/li>\n<li data-start=\"3812\" data-end=\"3843\">\n<p data-start=\"3814\" data-end=\"3843\">R\u00e1dio de viragem pequeno (\u22644 m)<\/p>\n<\/li>\n<\/ul>\n<h3 data-start=\"3845\" data-end=\"3861\">Avantagens<\/h3>\n<ul data-start=\"3862\" data-end=\"4069\">\n<li data-start=\"3862\" data-end=\"3917\">\n<p data-start=\"3864\" data-end=\"3917\">Acesso f\u00e1cil a ruas estreitas e \u00e1reas urbanas densas<\/p>\n<\/li>\n<li data-start=\"3918\" data-end=\"3966\">\n<p data-start=\"3920\" data-end=\"3966\">Alta efici\u00eancia de carga com baixo peso do ve\u00edculo<\/p>\n<\/li>\n<li data-start=\"3967\" data-end=\"4015\">\n<p data-start=\"3969\" data-end=\"4015\">Baixos custos de consumo de energia e manuten\u00e7\u00e3o<\/p>\n<\/li>\n<li data-start=\"4016\" data-end=\"4069\">\n<p data-start=\"4018\" data-end=\"4069\">Opera\u00e7\u00e3o simples e desempenho de travagem confi\u00e1vel<\/p>\n<\/li>\n<\/ul>\n<h3 data-start=\"4071\" data-end=\"4091\">Benef\u00edcios do comprador<\/h3>\n<ul data-start=\"4092\" data-end=\"4275\">\n<li data-start=\"4092\" data-end=\"4128\">\n<p data-start=\"4094\" data-end=\"4128\">Redu\u00e7\u00e3o dos custos de entrega da \u00faltima milha<\/p>\n<\/li>\n<li data-start=\"4129\" data-end=\"4180\">\n<p data-start=\"4131\" data-end=\"4180\">Melhor efici\u00eancia de entrega em \u00e1reas congestionadas<\/p>\n<\/li>\n<li data-start=\"4181\" data-end=\"4220\">\n<p data-start=\"4183\" data-end=\"4220\">Baixo custo total de propriedade (TCO)<\/p>\n<\/li>\n<li data-start=\"4221\" data-end=\"4275\">\n<p data-start=\"4223\" data-end=\"4275\">Adequado para pequenos neg\u00f3cios e opera\u00e7\u00f5es da frota<\/p>\n<\/li>\n<\/ul>\n<h3 data-start=\"4277\" data-end=\"4291\">Provas<\/h3>\n<ul data-start=\"4292\" data-end=\"4454\">\n<li data-start=\"4292\" data-end=\"4344\">\n<p data-start=\"4294\" data-end=\"4344\">Arquitetura de treino el\u00e9trico comprovada<\/p>\n<\/li>\n<li data-start=\"4345\" data-end=\"4399\">\n<p data-start=\"4347\" data-end=\"4399\">Sistema de travagem de tambor amplamente utilizado para ve\u00edculos de carga<\/p>\n<\/li>\n<li data-start=\"4400\" data-end=\"4454\">\n<p data-start=\"4402\" data-end=\"4454\">Design pr\u00e1tico otimizado para uso da log\u00edstica urbana<\/p>\n<\/li>\n<\/ul>\n<hr data-start=\"4456\" data-end=\"4459\" \/>\n<h2 data-start=\"4461\" data-end=\"4485\">Escen\u00e1rios de aplica\u00e7\u00f5es<\/h2>\n<ul data-start=\"4487\" data-end=\"4674\">\n<li data-start=\"4487\" data-end=\"4515\">\n<p data-start=\"4489\" data-end=\"4515\">Entrega urbana de \u00faltima milha<\/p>\n<\/li>\n<li data-start=\"4516\" data-end=\"4555\">\n<p data-start=\"4518\" data-end=\"4555\">Log\u00edstica comunit\u00e1ria e residencial<\/p>\n<\/li>\n<li data-start=\"4556\" data-end=\"4595\">\n<p data-start=\"4558\" data-end=\"4595\">Transporte de bens de pequenos neg\u00f3cios<\/p>\n<\/li>\n<li data-start=\"4596\" data-end=\"4630\">\n<p data-start=\"4598\" data-end=\"4630\">Mercado e distribui\u00e7\u00e3o ao retalho<\/p>\n<\/li>\n<li data-start=\"4631\" data-end=\"4674\">\n<p data-start=\"4633\" data-end=\"4674\">Aplica\u00e7\u00f5es personalizadas de ve\u00edculos especiais<\/p>\n<\/li>\n<\/ul>\n<hr data-start=\"4676\" data-end=\"4679\" \/>\n<h2 data-start=\"4681\" data-end=\"4711\">Por que escolher C113 de Tairui<\/h2>\n<p data-start=\"4713\" data-end=\"5059\">Com fortes capacidades no desenvolvimento e fabrico de ve\u00edculos el\u00e9tricos, <strong data-start=\"4789\" data-end=\"4843\">Shandong Tairui Automobile &amp; Electronics Co., Ltd.<\/strong> fornece confi\u00e1vel <strong data-start=\"4862\" data-end=\"4894\">solu\u00e7\u00f5es de log\u00edstica el\u00e9trica<\/strong> para mercados globais. Desde design de produtos para personaliza\u00e7\u00e3o de OEM e suporte ap\u00f3s vendas, ajudamos os clientes a melhorar a efici\u00eancia operacional e reduzir os riscos de aquisi\u00e7\u00e3o.<\/p>\n<hr data-start=\"5061\" data-end=\"5064\" \/>\n<h2 data-start=\"5066\" data-end=\"5089\">Chamada \u00e0 Ac\u00e7\u00e3o (CTA)<\/h2>\n<p data-start=\"5091\" data-end=\"5358\">Procurando um custo-eficaz <strong data-start=\"5120\" data-end=\"5146\">ve\u00edculo el\u00e9trico de carga<\/strong> ou <strong data-start=\"5152\" data-end=\"5193\">solu\u00e7\u00e3o de tricicletas el\u00e9tricas personalizada<\/strong> para suas necessidades log\u00edsticas?<br data-start=\"5219\" data-end=\"5222\" \/><strong data-start=\"5222\" data-end=\"5242\">Contacte-nos hoje<\/strong> receber especifica\u00e7\u00f5es detalhadas, op\u00e7\u00f5es de personaliza\u00e7\u00e3o, informa\u00e7\u00e3o de pre\u00e7os e suporte t\u00e9cnico profissional.<\/p>\n<hr data-start=\"5360\" data-end=\"5363\" \/>\n<h2 data-start=\"5365\" data-end=\"5371\">FAQ<\/h2>\n<p data-start=\"5373\" data-end=\"5512\"><strong data-start=\"5373\" data-end=\"5430\">Q1: Qual \u00e9 a capacidade m\u00e1xima de carga \u00fatil do C113?<\/strong><br data-start=\"5430\" data-end=\"5433\" \/>A capacidade de carga nominal \u00e9 <strong data-start=\"5460\" data-end=\"5470\">500 kg<\/strong>, adequados para tarefas de entrega urbana di\u00e1ria.<\/p>\n<p data-start=\"5514\" data-end=\"5655\"><strong data-start=\"5514\" data-end=\"5559\">Q2: Qual \u00e9 o intervalo de condu\u00e7\u00e3o por carga?<\/strong><br data-start=\"5559\" data-end=\"5562\" \/>O ve\u00edculo oferece uma gama de <strong data-start=\"5592\" data-end=\"5604\">50-60 km<\/strong> por carga, dependendo de carga e condi\u00e7\u00f5es rodovi\u00e1rias.<\/p>\n<p data-start=\"5657\" data-end=\"5799\"><strong data-start=\"5657\" data-end=\"5709\">Q3: O C113 \u00e9 f\u00e1cil de operar em \u00e1reas estreitas?<\/strong><br data-start=\"5709\" data-end=\"5712\" \/>Sim. Seu tamanho compacto e <strong data-start=\"5738\" data-end=\"5761\">\u22644 m de raio de giro<\/strong> faz\u00ea-lo ideal para espa\u00e7os urbanos estreitos.<\/p>\n<p data-start=\"5801\" data-end=\"5944\"><strong data-start=\"5801\" data-end=\"5859\">Q4: Quanto tempo demora para carregar completamente a bateria?<\/strong><br data-start=\"5859\" data-end=\"5862\" \/>O tempo de carga \u00e9 aproximadamente <strong data-start=\"5897\" data-end=\"5910\">6-8 horas<\/strong>, adequado para carregar durante a noite.<\/p>\n<p data-start=\"5946\" data-end=\"6076\"><strong data-start=\"5946\" data-end=\"5984\">Q5: O ve\u00edculo pode ser personalizado?<\/strong><br data-start=\"5984\" data-end=\"5987\" \/>Sim. A personaliza\u00e7\u00e3o OEM est\u00e1 dispon\u00edvel, incluindo a configura\u00e7\u00e3o das caixas de carga e as op\u00e7\u00f5es de cor.<\/p>","protected":false},"excerpt":{"rendered":"<p>O modelo C113 de ve\u00edculo el\u00e9trico de carga \u00e9 um ve\u00edculo compacto de carga el\u00e9trica projetado para log\u00edstica de curta dist\u00e2ncia e entrega urban a. Com uma alta capacidade de carga \u00fatil, um raio de giro estreito e baixos custos de funcionamento, ele fornece uma solu\u00e7\u00e3o el\u00e9trica pr\u00e1tica e confi\u00e1vel para o transporte de \u00faltima milha e uso comercial ligeiro.<\/p>","protected":false},"featured_media":3670,"comment_status":"open","ping_status":"closed","template":"","meta":[],"product_brand":[],"product_cat":[78],"product_tag":[],"class_list":{"0":"post-3328","1":"product","2":"type-product","3":"status-publish","4":"has-post-thumbnail","6":"product_cat-electric-tricycle","8":"first","9":"instock","10":"shipping-taxable","11":"purchasable","12":"product-type-simple"},"_links":{"self":[{"href":"https:\/\/www.tairuiauto.com\/pt\/wp-json\/wp\/v2\/product\/3328","targetHints":{"allow":["GET"]}}],"collection":[{"href":"https:\/\/www.tairuiauto.com\/pt\/wp-json\/wp\/v2\/product"}],"about":[{"href":"https:\/\/www.tairuiauto.com\/pt\/wp-json\/wp\/v2\/types\/product"}],"replies":[{"embeddable":true,"href":"https:\/\/www.tairuiauto.com\/pt\/wp-json\/wp\/v2\/comments?post=3328"}],"wp:featuredmedia":[{"embeddable":true,"href":"https:\/\/www.tairuiauto.com\/pt\/wp-json\/wp\/v2\/media\/3670"}],"wp:attachment":[{"href":"https:\/\/www.tairuiauto.com\/pt\/wp-json\/wp\/v2\/media?parent=3328"}],"wp:term":[{"taxonomy":"product_brand","embeddable":true,"href":"https:\/\/www.tairuiauto.com\/pt\/wp-json\/wp\/v2\/product_brand?post=3328"},{"taxonomy":"product_cat","embeddable":true,"href":"https:\/\/www.tairuiauto.com\/pt\/wp-json\/wp\/v2\/product_cat?post=3328"},{"taxonomy":"product_tag","embeddable":true,"href":"https:\/\/www.tairuiauto.com\/pt\/wp-json\/wp\/v2\/product_tag?post=3328"}],"curies":[{"name":"wp","href":"https:\/\/api.w.org\/{rel}","templated":true}]}}