{"id":3330,"date":"2025-08-20T14:13:18","date_gmt":"2025-08-20T06:13:18","guid":{"rendered":"https:\/\/www.tairuiauto.com\/?post_type=product&#038;p=3330"},"modified":"2025-08-27T11:09:54","modified_gmt":"2025-08-27T03:09:54","slug":"cargo-electric-tricycle-letu-2","status":"publish","type":"product","link":"https:\/\/www.tairuiauto.com\/pt\/product\/cargo-electric-tricycle-letu-2\/","title":{"rendered":"Motor el\u00e9trico magn\u00e9tico Triciclo"},"content":{"rendered":"<p><strong>\u200b Lista de par\u00e2metros<\/strong><\/p>\n<table style=\"border-collapse: collapse; width: 72.8101%; height: 610px;\" border=\"0\" width=\"720\" cellspacing=\"0\" cellpadding=\"0\">\n<tbody>\n<tr style=\"height: 20.00pt;\">\n<td class=\"et4\" style=\"height: 20px; width: 159.05pt;\" width=\"265\" height=\"33\">Modelo<\/td>\n<td class=\"et4\" style=\"width: 273.4pt; height: 20px;\" width=\"455\">Ano 2<\/td>\n<\/tr>\n<tr style=\"height: 20.00pt;\">\n<td class=\"et5\" style=\"height: 20px; width: 159.05pt;\" width=\"265\" height=\"33\">L\u00d7W\u00d7H(mm)<\/td>\n<td class=\"et5\" style=\"width: 273.4pt; height: 20px;\" width=\"455\">2980\u00d71080\u00d71340<\/td>\n<\/tr>\n<tr style=\"height: 20.00pt;\">\n<td class=\"et5\" style=\"height: 20px; width: 159.05pt;\" width=\"265\" height=\"33\">Tamanho da caixa de carga (mm)<\/td>\n<td class=\"et5\" style=\"width: 273.4pt; height: 20px;\" width=\"455\">1300x950<\/td>\n<\/tr>\n<tr style=\"height: 20.00pt;\">\n<td class=\"et5\" style=\"height: 20px; width: 159.05pt;\" width=\"265\" height=\"33\">Base da roda (mm)<\/td>\n<td class=\"et5\" style=\"width: 273.4pt; height: 20px;\" width=\"455\">2040<\/td>\n<\/tr>\n<tr style=\"height: 20.00pt;\">\n<td class=\"et5\" style=\"height: 20px; width: 159.05pt;\" width=\"265\" height=\"33\">Rota(mm)<\/td>\n<td class=\"et5\" style=\"width: 273.4pt; height: 20px;\" width=\"455\">880<\/td>\n<\/tr>\n<tr style=\"height: 20.00pt;\">\n<td class=\"et5\" style=\"height: 20px; width: 159.05pt;\" width=\"265\" height=\"33\">Atra\u00e7\u00e3o m\u00ednima do solo (mm)<\/td>\n<td class=\"et5\" style=\"width: 273.4pt; height: 20px;\" width=\"455\">\u2265150<\/td>\n<\/tr>\n<tr style=\"height: 20.00pt;\">\n<td class=\"et5\" style=\"height: 20px; width: 159.05pt;\" width=\"265\" height=\"33\">R\u00e1dio m \u00ednimo de giro (m)<\/td>\n<td class=\"et5\" style=\"width: 273.4pt; height: 20px;\" width=\"455\">\u22644<\/td>\n<\/tr>\n<tr style=\"height: 20.00pt;\">\n<td class=\"et5\" style=\"height: 20px; width: 159.05pt;\" width=\"265\" height=\"33\">Peso curvo (kg)<\/td>\n<td class=\"et5\" style=\"width: 273.4pt; height: 20px;\" width=\"455\">196<\/td>\n<\/tr>\n<tr style=\"height: 20.00pt;\">\n<td class=\"et5\" style=\"height: 20px; width: 159.05pt;\" width=\"265\" height=\"33\">Velocidade m\u00e1xima (km\/h)<\/td>\n<td class=\"et5\" style=\"width: 273.4pt; height: 20px;\" width=\"455\">35-45<\/td>\n<\/tr>\n<tr style=\"height: 20.00pt;\">\n<td class=\"et5\" style=\"height: 20px; width: 159.05pt;\" width=\"265\" height=\"33\">Capacidade de grau (%)<\/td>\n<td class=\"et5\" style=\"width: 273.4pt; height: 20px;\" width=\"455\">\u226415<\/td>\n<\/tr>\n<tr style=\"height: 20.00pt;\">\n<td class=\"et5\" style=\"height: 20px; width: 159.05pt;\" width=\"265\" height=\"33\">Bateria<\/td>\n<td class=\"et5\" style=\"width: 273.4pt; height: 20px;\" width=\"455\">48\/60V45AH-58AH<\/td>\n<\/tr>\n<tr style=\"height: 20.00pt;\">\n<td class=\"et5\" style=\"height: 20px; width: 159.05pt;\" width=\"265\" height=\"33\">Motor, Controller(w)<\/td>\n<td class=\"et5\" style=\"width: 273.4pt; height: 20px;\" width=\"455\">Im\u00e3 permanente 48\/60V1000W<\/td>\n<\/tr>\n<tr style=\"height: 20.00pt;\">\n<td class=\"et5\" style=\"height: 20px; width: 159.05pt;\" width=\"265\" height=\"33\">Range per charging(km)<\/td>\n<td class=\"et5\" style=\"width: 273.4pt; height: 20px;\" width=\"455\">50-70<\/td>\n<\/tr>\n<tr style=\"height: 20.00pt;\">\n<td class=\"et5\" style=\"height: 20px; width: 159.05pt;\" width=\"265\" height=\"33\">Tempo de carga(h)<\/td>\n<td class=\"et5\" style=\"width: 273.4pt; height: 20px;\" width=\"455\">6~8h<\/td>\n<\/tr>\n<tr style=\"height: 20.00pt;\">\n<td class=\"et5\" style=\"height: 20px; width: 159.05pt;\" width=\"265\" height=\"33\">absortor de choque frontal<\/td>\n<td class=\"et5\" style=\"width: 273.4pt; height: 20px;\" width=\"455\">\u03c631 Outer spring Drum shock absorver<\/td>\n<\/tr>\n<tr style=\"height: 20.00pt;\">\n<td class=\"et5\" style=\"height: 20px; width: 159.05pt;\" width=\"265\" height=\"33\">Absorbidor de choque posterior<\/td>\n<td class=\"et5\" style=\"width: 273.4pt; height: 20px;\" width=\"455\">espiragem de folhas<\/td>\n<\/tr>\n<tr style=\"height: 20.00pt;\">\n<td class=\"et5\" style=\"height: 20px; width: 159.05pt;\" width=\"265\" height=\"33\">pneu anterior\/posterior<\/td>\n<td class=\"et5\" style=\"width: 273.4pt; height: 20px;\" width=\"455\">3.00-12\/3.50-12<\/td>\n<\/tr>\n<tr style=\"height: 20.00pt;\">\n<td class=\"et5\" style=\"height: 20px; width: 159.05pt;\" width=\"265\" height=\"33\">Tipo de rim<\/td>\n<td class=\"et5\" style=\"width: 273.4pt; height: 20px;\" width=\"455\">a\u00e7o<\/td>\n<\/tr>\n<tr style=\"height: 20.00pt;\">\n<td class=\"et5\" style=\"height: 20px; width: 159.05pt;\" width=\"265\" height=\"33\">Tipo de freno frontal\/posterior<\/td>\n<td class=\"et5\" style=\"width: 273.4pt; height: 20px;\" width=\"455\">Um arrasto tr\u00eas trav\u00f5es de tambor<\/td>\n<\/tr>\n<tr style=\"height: 20.00pt;\">\n<td class=\"et5\" style=\"height: 20px; width: 159.05pt;\" width=\"265\" height=\"33\">Frego de estacionamento<\/td>\n<td class=\"et5\" style=\"width: 273.4pt; height: 20px;\" width=\"455\">Mano Brake<\/td>\n<\/tr>\n<tr style=\"height: 20.00pt;\">\n<td class=\"et5\" style=\"height: 20px; width: 159.05pt;\" width=\"265\" height=\"33\">Estrutura de eixo traseiro<\/td>\n<td class=\"et5\" style=\"width: 273.4pt; height: 20px;\" width=\"455\">Axo Inferior Integrado<\/td>\n<\/tr>\n<\/tbody>\n<\/table>\n<div class=\"kche-wrap-width\">\n<div class=\"kche-t154\">\n<div class=\"kche-t154-contant\">\n<div class=\"kche-t154-list\">\n<div class=\"kche-t154-item\">\n<div class=\"kche-t154-img\">\n<h3 class=\"header-vfC6AV auto-hide-last-sibling-br\">Introdu\u00e7\u00e3o de Produtos<\/h3>\n<div class=\"auto-hide-last-sibling-br paragraph-JOTKXA paragraph-element br-paragraph-space\">Fornecido por um motor magn\u00e9tico permanent e 48\/60V1000W e parejado com baterias 48\/60V45AH-58AH, este trique eletr\u00f4nico fornece um intervalo confi\u00e1vel de 50-70 km numa \u00fanica carga, com um tempo de carga conveniente de 6-8 horas que se encaixa sem problemas em rotinas di\u00e1rias. Sua base de rodas de 2040 mm e sua rota de 880 mm asseguram viagens est\u00e1veis, enquanto um raio m\u00ednimo de viragem de \u22644 m e uma dist\u00e2ncia de terra de \u2265150 mm permitem navega\u00e7\u00e3o f\u00e1cil atrav\u00e9s de ruas estreitas e estradas rurais desiguais. Equipado com absortores de choque de tambor de primavera exterior frontal \u03c631 e fontes de folhas traseiras, o LETU 2 Electric Tricycle garante uma viagem confort\u00e1vel mesmo em terreno chocante, solidificando seu papel como um ve\u00edculo pr\u00e1tico de utilidade el\u00e9trica para necessidades variadas.<\/div>\n<div><img fetchpriority=\"high\" decoding=\"async\" class=\"size-medium wp-image-3352 aligncenter\" src=\"https:\/\/www.tairuiauto.com\/wp-content\/uploads\/2025\/08\/1-300x300.jpg\" alt=\"\" width=\"300\" height=\"300\" srcset=\"\" sizes=\"(max-width: 300px) 100vw, 300px\" data-srcset=\"\" \/><\/div>\n<h3 class=\"header-vfC6AV auto-hide-last-sibling-br\">Key Selling Points<\/h3>\n<ol class=\"auto-hide-last-sibling-br\">\n<li>\n<div class=\"auto-hide-last-sibling-br paragraph-JOTKXA paragraph-element br-paragraph-space\"><strong>Capacidade espacial de carga para arrasto vers\u00e1til<\/strong><br class=\"container-utlnW2 wrapper-d0Cc1k undefined\" \/>O LETU 2 Electric Tricycle destaca-se com sua caixa de carga de 1300 \u00d7 950 mm, uma caracter\u00edstica definidora que faz esse trique el\u00e9trico de carga ideal para agricultores transportando colheitas frescas, pequenos neg\u00f3cios entregando mercadorias ou fam\u00edlias movendo pertences. Contrariamente \u00e0s alternativas compactas, minimiza viagens carregando mais de uma vez, aumentando a efici\u00eancia. Seja carregado com itens grandes ou m\u00faltiplos pacotes, o generoso espa\u00e7o de carga do Triciclo el\u00e9trico LETU 2 assegura que nenhuma tarefa \u00e9 grande demais para esse trigo e-trabalho duro.<\/div>\n<\/li>\n<li>\n<div class=\"auto-hide-last-sibling-br paragraph-JOTKXA paragraph-element br-paragraph-space\"><strong>Stable Yet Agile for All Terrains<\/strong><br class=\"container-utlnW2 wrapper-d0Cc1k undefined\" \/>A estabilidade encontra a maneuverabilidade no triciclo el\u00e9trico LETU 2, gra\u00e7as a sua base de rodas de 2040 mm e a rota de 880 mm que mant\u00e9m-a est\u00e1vel tanto nas estradas asfaltas como sujas. Esse tr\u00eas rodas el\u00e9trico brilha em pontos apertados, com um raio de volta de \u22644m que o permite navegar em mercados cheios ou cal\u00e7ados estreitos sem esfor\u00e7o. Sua dist\u00e2ncia de terra \u2265150 mm garantia ainda mais que ela desliza sobre bobinas de velocidade e superf\u00edcies desiguais, tornando o LETU 2 Triciclo el\u00e9trico um companheiro confi\u00e1vel para condi\u00e7\u00f5es de estrada diversas.<\/div>\n<\/li>\n<li>\n<div class=\"auto-hide-last-sibling-br paragraph-JOTKXA paragraph-element br-paragraph-space\"><strong>Performa\u00e7\u00e3o poderosa e eficiente<\/strong><br class=\"container-utlnW2 wrapper-d0Cc1k undefined\" \/>O motor LETU 2 Electric Tricycle 48\/60V1000W fornece energia robusta, alcan\u00e7ando velocidades de 35-45 km\/h para manter-se com o tr\u00e1fego urbano ou necessidades de transporte rural. Parecido com baterias de alta capacidade, este trigo eletr\u00f4nico oferece 50-70 km de dist\u00e2ncia - o suficiente para um dia inteiro de corridas. Com um tempo de carga de 6 a 8 horas, os usu\u00e1rios podem rechargar durante a noite, assegurando que o LETU 2 Triciclo el\u00e9trico est\u00e1 sempre pronto para trabalhar ou viajar, superando os ve\u00edculos de utilidade el\u00e9trica menos eficientes.<\/div>\n<\/li>\n<li>\n<div class=\"auto-hide-last-sibling-br paragraph-JOTKXA paragraph-element br-paragraph-space\"><strong>Design focado no conforto para longas viagens<\/strong><br class=\"container-utlnW2 wrapper-d0Cc1k undefined\" \/>O conforto de condu\u00e7\u00e3o \u00e9 uma prioridade para o LETU 2 Electric Tricycle, com absortores de choque de tambor de primavera exterior frontal \u03c631 e fontes de folhas de tr\u00e1s que reduzem choques em estradas brutas. O espa\u00e7oso interior deste trique el\u00e9trico de carga adiciona ao conforto, tornando-o ideal para o pessoal de entrega ou fam\u00edlias em viagens mais longas. Seja abordar viagens di\u00e1rias ou entregas transurbanas, o Triciclo el\u00e9trico LETU 2 assegura que motoristas e passageiros (quando aplic\u00e1vel) gozem de uma viagem suave, separando-a de alternativas menos refinadas.<\/div>\n<\/li>\n<\/ol>\n<h3 class=\"header-vfC6AV auto-hide-last-sibling-br\">Diferenciar Avan\u00e7os<\/h3>\n<ol class=\"auto-hide-last-sibling-br\">\n<li>\n<div class=\"auto-hide-last-sibling-br paragraph-JOTKXA paragraph-element br-paragraph-space\"><strong>Versatilidade Incompatida em Escen\u00e1rios<\/strong><br class=\"container-utlnW2 wrapper-d0Cc1k undefined\" \/>Ao contr\u00e1rio dos triques el\u00e9tricos de um \u00fanico prop\u00f3sito, o LETU 2 Triciclo el\u00e9trico se adapta aos viagens familiares, entregas de neg\u00f3cios e transportes agr\u00edcolas, tornando-o um verdadeiro ve\u00edculo de utilidade el\u00e9trica de v\u00e1rios usos. \u00c9 uma transi\u00e7\u00e3o inesperada de carregar crian\u00e7as para ferramentas de carregamento, provando seu valor em ambientes urbanos e rurais onde a flexibilidade \u00e9 chave.<\/div>\n<\/li>\n<li>\n<div class=\"auto-hide-last-sibling-br paragraph-JOTKXA paragraph-element br-paragraph-space\"><strong>Estabilidade Superior e Maneuverabilidade<\/strong><br class=\"container-utlnW2 wrapper-d0Cc1k undefined\" \/>O LETU 2 Electric Tricycle equilibra uma base de rodas long a e uma pista de rodas largas para estabilidade com um raio de giro estreito para agilidade - uma combina\u00e7\u00e3o rara em tr\u00eas rodas el\u00e9tricas. Isso torna mais seguro nas pendientes (manejando \u226415% de notas) e mais f\u00e1cil estacionar, superando modelos que sacrificam um tra\u00e7o para o outro.<\/div>\n<\/li>\n<li>\n<div class=\"auto-hide-last-sibling-br paragraph-JOTKXA paragraph-element br-paragraph-space\"><strong>Constru\u00e7\u00e3o duradoura para a confiabilidade a longo prazo<\/strong><br class=\"container-utlnW2 wrapper-d0Cc1k undefined\" \/>Embarcado com um eixo traseiro integrado, bordas de a\u00e7o e trav\u00f5es de tambor de um arrasto-tr\u00eas, o LETU 2 Triciclo el\u00e9trico \u00e9 constru\u00eddo para resistir ao uso di\u00e1rio \u2013 de paradas freq\u00fcentes no tr\u00e2nsito da cidade para estradas rurais brutas. Essa durabilidade reduz as necessidades de manuten\u00e7\u00e3o, tornando-a um investimento rentavelmente eficaz em compara\u00e7\u00e3o com triques el\u00e9tricos de carga menos robustos.<\/div>\n<\/li>\n<li>\n<div class=\"auto-hide-last-sibling-br paragraph-JOTKXA paragraph-element br-paragraph-space\"><strong>Comforte refor\u00e7ado para uso alargado<\/strong><br class=\"container-utlnW2 wrapper-d0Cc1k undefined\" \/>Seu sistema avan\u00e7ado de absor\u00e7\u00e3o de choque (tambor de frente e fontes de folhas traseiras) supera as configura\u00e7\u00f5es b\u00e1sicas na maioria dos e-triques, assegurando conforto durante longas horas na estrada. Para usu\u00e1rios que passam horas conduzindo \u2013 como trabalhadores de entrega \u2013 o LETU 2 Triciclo el\u00e9trico prioriza o bem-estar, uma caracter\u00edstica muitas vezes ignorada no produto cong\u00ean\u00e9rico.<\/div>\n<\/li>\n<\/ol>\n<h3 class=\"header-vfC6AV auto-hide-last-sibling-br\">FAQ<\/h3>\n<div class=\"auto-hide-last-sibling-br paragraph-JOTKXA paragraph-element br-paragraph-space\"><strong>Q1: O LETU 2 Triciclo el\u00e9trico \u00e9 seguro para o transporte de passageiros?<\/strong><br class=\"container-utlnW2 wrapper-d0Cc1k undefined\" \/>A: Sim, o LETU 2 Triciclo el\u00e9trico \u00e9 projetado para transportar os passageiros com seguran\u00e7a em condi\u00e7\u00f5es adequadas. Ela apresenta uma espa\u00e7osa \u00e1rea sentada e uma estrutura est\u00e1vel, com um trav\u00e3o de tambor de um arrasto-tr\u00eas e um trav\u00e3o de m\u00e3o fornecendo uma pot\u00eancia de parada confi\u00e1vel. No entanto, os usu\u00e1rios devem respeitar as leis locais de tr\u00e2nsito para o transporte de passageiros e assegurar que o peso total (passageiros - carga) n\u00e3o exceda a capacidade de carga do ve\u00edculo.<\/div>\n<p>&nbsp;<\/p>\n<div class=\"auto-hide-last-sibling-br paragraph-JOTKXA paragraph-element br-paragraph-space\"><strong>Q2: Como o desempenho da bateria varia com as condi\u00e7\u00f5es de uso?<\/strong><br class=\"container-utlnW2 wrapper-d0Cc1k undefined\" \/>A: O desempenho da bateria do LETU 2 Electric Tricycle \u00e9 influenciado por v\u00e1rios fatores. Em tempo frio, a faixa pode cair de 20-30%. A acelera\u00e7\u00e3o frequente ou a alta velocidade tamb\u00e9m aumenta o consumo de energia, reduzindo a gama. Conversemente, velocidades constantes e evitar sobrecargas maximizam o intervalo. Para manter o desempenho, carregar regularmente (evitar sobrecarga ou descarga profunda) e armazenar o e-trike em um ambiente adequado quando n\u00e3o usado.<\/div>\n<p>&nbsp;<\/p>\n<div class=\"auto-hide-last-sibling-br paragraph-JOTKXA paragraph-element br-paragraph-space\"><strong>Q3: Qual \u00e9 a dura\u00e7\u00e3o de vida esperada do motor?<\/strong><br class=\"container-utlnW2 wrapper-d0Cc1k undefined\" \/>A: O motor magn\u00e9tico permanente do triciclo el\u00e9trico LETU 2, 48\/60V1000W, normalmente dura 3-5 anos com uso normal e manuten\u00e7\u00e3o adequada. A manuten\u00e7\u00e3o inclui manter o motor limpo, verificar conex\u00f5es el\u00e9tricas e evitar sobrecargas prolongadas. Frequente acelera\u00e7\u00e3o s\u00fabita ou opera\u00e7\u00e3o de alta velocidade curta a dura\u00e7\u00e3o de vida. Se ocorrerem ru\u00eddos ou quedas de desempenho incomuns, consulte um profissional para inspec\u00e7\u00e3o.<\/div>\n<p>&nbsp;<\/p>\n<div class=\"auto-hide-last-sibling-br paragraph-JOTKXA paragraph-element br-paragraph-space\"><strong>Q4: Como manter os absortores de choque?<\/strong><br class=\"container-utlnW2 wrapper-d0Cc1k undefined\" \/>A: Os absortores de choque da frente do triciclo el\u00e9trico LETU 2 (tambor de primavera exterior \u03c631) e posterior (primavera de folhas) requerem cuidado regular. Para a frente, verifique os vazamentos de petr\u00f3leo, ru\u00eddos anormais ou redu\u00e7\u00e3o da umidade; - limpar ao redor do absorvente para evitar a constru\u00e7\u00e3o de terra. Para as fontes de folhas traseiras, inspeccionar para quebrar ou deformar, e assegurar que os boltos s\u00e3o apertados. Inspec\u00e7\u00f5es profissionais, pelo menos uma vez por ano, s\u00e3o recomendadas para manter a seguran\u00e7a e o desempenho.<\/div>\n<\/div>\n<\/div>\n<\/div>\n<\/div>\n<\/div>\n<\/div>","protected":false},"excerpt":{"rendered":"<p>LETU 2 Electric Tricycle \u00e9 um triciclo el\u00e9trico de tr\u00eas rodas altamente vers\u00e1til projetado para lidar com diversas demandas de transporte, abrangendo-se de viagem familiar para entrega de carga em pequena escala em ambientes urbanos e rurais. Com uma dimens\u00e3o global de 2980\u00d71080\u00d71340 mm, oferece amplo espa\u00e7o interior e capacidades impressionantes de carregamento de carga, com uma caixa de carga de tamanho 1300\u00d7950 mm \u2013 perfeito para carregar produtos agr\u00edcolas, produtos dom\u00e9sticos ou suprimentos de neg\u00f3cios.<\/p>","protected":false},"featured_media":3352,"comment_status":"open","ping_status":"closed","template":"","meta":[],"product_brand":[],"product_cat":[78],"product_tag":[],"class_list":{"0":"post-3330","1":"product","2":"type-product","3":"status-publish","4":"has-post-thumbnail","6":"product_cat-electric-tricycle","8":"first","9":"instock","10":"shipping-taxable","11":"purchasable","12":"product-type-simple"},"_links":{"self":[{"href":"https:\/\/www.tairuiauto.com\/pt\/wp-json\/wp\/v2\/product\/3330","targetHints":{"allow":["GET"]}}],"collection":[{"href":"https:\/\/www.tairuiauto.com\/pt\/wp-json\/wp\/v2\/product"}],"about":[{"href":"https:\/\/www.tairuiauto.com\/pt\/wp-json\/wp\/v2\/types\/product"}],"replies":[{"embeddable":true,"href":"https:\/\/www.tairuiauto.com\/pt\/wp-json\/wp\/v2\/comments?post=3330"}],"wp:featuredmedia":[{"embeddable":true,"href":"https:\/\/www.tairuiauto.com\/pt\/wp-json\/wp\/v2\/media\/3352"}],"wp:attachment":[{"href":"https:\/\/www.tairuiauto.com\/pt\/wp-json\/wp\/v2\/media?parent=3330"}],"wp:term":[{"taxonomy":"product_brand","embeddable":true,"href":"https:\/\/www.tairuiauto.com\/pt\/wp-json\/wp\/v2\/product_brand?post=3330"},{"taxonomy":"product_cat","embeddable":true,"href":"https:\/\/www.tairuiauto.com\/pt\/wp-json\/wp\/v2\/product_cat?post=3330"},{"taxonomy":"product_tag","embeddable":true,"href":"https:\/\/www.tairuiauto.com\/pt\/wp-json\/wp\/v2\/product_tag?post=3330"}],"curies":[{"name":"wp","href":"https:\/\/api.w.org\/{rel}","templated":true}]}}