{"id":3357,"date":"2025-08-20T14:52:55","date_gmt":"2025-08-20T06:52:55","guid":{"rendered":"https:\/\/www.tairuiauto.com\/?post_type=product&#038;p=3357"},"modified":"2025-09-12T13:43:59","modified_gmt":"2025-09-12T05:43:59","slug":"self-dumping-electric-cargo-trike","status":"publish","type":"product","link":"https:\/\/www.tairuiauto.com\/pt\/product\/self-dumping-electric-cargo-trike\/","title":{"rendered":"Auto-Dumping Electric Cargo Trike"},"content":{"rendered":"<h2 class=\"header-vfC6AV auto-hide-last-sibling-br\">Selling Points<\/h2>\n<h3 class=\"header-vfC6AV auto-hide-last-sibling-br\">1. Eu sem esfor\u00e7o &#8211; - Abandonamento<\/h3>\n<div class=\"auto-hide-last-sibling-br paragraph-JOTKXA paragraph-element br-paragraph-space\">O\u00a0<strong>Auto &#8211; - Abandonar o Trike de Cargo Eletrico<\/strong>A fun\u00e7\u00e3o de inclina\u00e7\u00e3o n\u00e3o \u00e9 nada menos que um maravilho, permitindo o r\u00e1pido descargo de materiais soltos em quest\u00e3o de segundos. Que seja uma carga de cavo em um local de constru\u00e7\u00e3o ou um monte de culturas colhidas em uma fazenda, esta caracter\u00edstica elimina a necessidade de volta &#8211; - quebrar o trabalho manual. No contexto da constru\u00e7\u00e3o, onde o tempo \u00e9 dinheiro e efici\u00eancia reina supremo, cimenta o status do trigo como\u00a0<em>autoconstru\u00e7\u00e3o &#8211; o jogo de carga el\u00e9trica<\/em>\u00a0\u2013 uma solu\u00e7\u00e3o de destaque para equipes que procuram acelerar as linhas de tempo do projeto. A a\u00e7\u00e3o de descarga sem problemas assegura que os materiais s\u00e3o depositados exatamente quando necess\u00e1rio, minimizando os res\u00edduos e maximizando a continuidade do fluxo de trabalho.<\/div>\n<h3 class=\"header-vfC6AV auto-hide-last-sibling-br\">2. Flexibilidade de duas voltagens<\/h3>\n<div class=\"auto-hide-last-sibling-br paragraph-JOTKXA paragraph-element br-paragraph-space\">Equipados com op\u00e7\u00f5es de pot\u00eancia 48\/60V, os\u00a0<strong>Auto &#8211; - Abandonar o Trike de Cargo Eletrico<\/strong>\u00a0mostra adaptabilidade n\u00e3o comparada. Este duplo a capacidade de tens\u00e3o permite integrar-se de forma cont\u00ednua em diversas configura\u00e7\u00f5es operacionais, a partir da pot\u00eancia &#8211; - ambientes restritos das fazendas remotas \u00e0s infraestruturas el\u00e9tricas mais robustas de grandes - escalar os locais de trabalho. Para agricultores que navegam frequentemente o fornecimento de energia imprevis\u00edvel de \u00e1reas rurais, funciona como\u00a0<em>eu agr\u00edcola &#8211; o jogo de carga el\u00e9trica<\/em>, de maneira confi\u00e1vel atrav\u00e9s de tarefas di\u00e1rias como transportar fertilizantes e transportar produtos. Enquanto isso, em locais de constru\u00e7\u00e3o quebrados, ele se aproxima de mais alto - fontes de tens\u00e3o para manter o pico de desempenho, assegurando que\u00a0<em>eu vers\u00e1til &#8211; o jogo de carga el\u00e9trica<\/em>\u00a0vive at\u00e9 seu nome atendendo todas as necessidades de energia.<\/div>\n<h3 class=\"header-vfC6AV auto-hide-last-sibling-br\">3. Desenho Dur\u00e1vel<\/h3>\n<div class=\"auto-hide-last-sibling-br paragraph-JOTKXA paragraph-element br-paragraph-space\">Trabalhado com durabilidade na mente,\u00a0<strong>Auto &#8211; - Abandonar o Trike de Cargo Eletrico<\/strong>\u00a0apresenta rodas de a\u00e7o e pesadas - absortores de choque de dever que o permitem resistir aos rigores de terreno bruto. Que esteja atravessando os caminhos desiguais e rochosos de uma pedra ou navegando com o bot\u00e3o estradas escondidas de uma fazenda rural, esse trigo permanece constante. Os rebanhos de a\u00e7o resistem a danos causados por res\u00edduos e superf\u00edcies desiguais, enquanto os absortores de choque cushionam o carro, protegendo tanto o ve\u00edculo quanto sua carga. Esta constru\u00e7\u00e3o r\u00edgida assegura a longevidade, mesmo nos ambientes mais exigentes, tornando-a um custo &#8211; - investimento eficaz para empresas que n\u00e3o podem pagar substitui\u00e7\u00f5es frequentes de equipamento. Para opera\u00e7\u00f5es que empurram m\u00e1quinas at\u00e9 seus limites,\u00a0<strong>Auto &#8211; - Abandonar o Trike de Cargo Eletrico<\/strong>\u00a0\u00e9 um testemunho de resili\u00eancia, provando que pode lidar com os desafios mais duros dia a dia.<\/div>\n<h2>especifica\u00e7\u00e3o<\/h2>\n<table style=\"border-collapse: collapse; width: 91.5729%; height: 618px;\" border=\"0\" width=\"720\" cellspacing=\"0\" cellpadding=\"0\">\n<tbody>\n<tr style=\"height: 20.00pt;\">\n<td class=\"et5\" style=\"height: 20.00pt; width: 432.45pt;\" colspan=\"2\" width=\"720\" height=\"33\">Configura\u00e7\u00e3o padr\u00e3o<\/td>\n<\/tr>\n<tr style=\"height: 20.00pt;\">\n<td class=\"et6\" style=\"height: 20.00pt;\" height=\"33\">Modelo<\/td>\n<td class=\"et8\"><a href=\"#\u76ee\u5f55!A1\">C111<\/a><\/td>\n<\/tr>\n<tr style=\"height: 20.00pt;\">\n<td class=\"et7\" style=\"height: 20.00pt; width: 159.05pt;\" width=\"265\" height=\"33\">L\u00d7W\u00d7H(mm)<\/td>\n<td class=\"et7\" style=\"width: 273.40pt;\" width=\"455\">2980\u00d71080\u00d71340<\/td>\n<\/tr>\n<tr style=\"height: 20.00pt;\">\n<td class=\"et7\" style=\"height: 20.00pt; width: 159.05pt;\" width=\"265\" height=\"33\">Tamanho da caixa de carga (mm)<\/td>\n<td class=\"et7\" style=\"width: 273.40pt;\" width=\"455\">1300x950<\/td>\n<\/tr>\n<tr style=\"height: 20.00pt;\">\n<td class=\"et7\" style=\"height: 20.00pt; width: 159.05pt;\" width=\"265\" height=\"33\">Base da roda (mm)<\/td>\n<td class=\"et7\" style=\"width: 273.40pt;\" width=\"455\">2040<\/td>\n<\/tr>\n<tr style=\"height: 20.00pt;\">\n<td class=\"et7\" style=\"height: 20.00pt; width: 159.05pt;\" width=\"265\" height=\"33\">Rota(mm)<\/td>\n<td class=\"et7\" style=\"width: 273.40pt;\" width=\"455\">880<\/td>\n<\/tr>\n<tr style=\"height: 20.00pt;\">\n<td class=\"et7\" style=\"height: 20.00pt; width: 159.05pt;\" width=\"265\" height=\"33\">Atra\u00e7\u00e3o m\u00ednima do solo (mm)<\/td>\n<td class=\"et7\" style=\"width: 273.40pt;\" width=\"455\">\u2265150<\/td>\n<\/tr>\n<tr style=\"height: 20.00pt;\">\n<td class=\"et7\" style=\"height: 20.00pt; width: 159.05pt;\" width=\"265\" height=\"33\">R\u00e1dio m \u00ednimo de giro (m)<\/td>\n<td class=\"et7\" style=\"width: 273.40pt;\" width=\"455\">\u22644<\/td>\n<\/tr>\n<tr style=\"height: 20.00pt;\">\n<td class=\"et7\" style=\"height: 20.00pt; width: 159.05pt;\" width=\"265\" height=\"33\">Peso curvo (kg)<\/td>\n<td class=\"et7\" style=\"width: 273.40pt;\" width=\"455\">196<\/td>\n<\/tr>\n<tr style=\"height: 20.00pt;\">\n<td class=\"et7\" style=\"height: 20.00pt; width: 159.05pt;\" width=\"265\" height=\"33\">Velocidade m\u00e1xima (km\/h)<\/td>\n<td class=\"et7\" style=\"width: 273.40pt;\" width=\"455\">35-45<\/td>\n<\/tr>\n<tr style=\"height: 20.00pt;\">\n<td class=\"et7\" style=\"height: 20.00pt; width: 159.05pt;\" width=\"265\" height=\"33\">Capacidade de grau (%)<\/td>\n<td class=\"et7\" style=\"width: 273.40pt;\" width=\"455\">\u226415<\/td>\n<\/tr>\n<tr style=\"height: 20.00pt;\">\n<td class=\"et7\" style=\"height: 20.00pt; width: 159.05pt;\" width=\"265\" height=\"33\">Bateria<\/td>\n<td class=\"et7\" style=\"width: 273.40pt;\" width=\"455\">48\/60V45AH-58AH<\/td>\n<\/tr>\n<tr style=\"height: 20.00pt;\">\n<td class=\"et7\" style=\"height: 20.00pt; width: 159.05pt;\" width=\"265\" height=\"33\">Motor, Controller(w)<\/td>\n<td class=\"et7\" style=\"width: 273.40pt;\" width=\"455\">Im\u00e3 permanente 48\/60V1000W<\/td>\n<\/tr>\n<tr style=\"height: 20.00pt;\">\n<td class=\"et7\" style=\"height: 20.00pt; width: 159.05pt;\" width=\"265\" height=\"33\">Range per charging(km)<\/td>\n<td class=\"et7\" style=\"width: 273.40pt;\" width=\"455\">50-70<\/td>\n<\/tr>\n<tr style=\"height: 20.00pt;\">\n<td class=\"et7\" style=\"height: 20.00pt; width: 159.05pt;\" width=\"265\" height=\"33\">Tempo de carga(h)<\/td>\n<td class=\"et7\" style=\"width: 273.40pt;\" width=\"455\">6~8h<\/td>\n<\/tr>\n<tr style=\"height: 20.00pt;\">\n<td class=\"et7\" style=\"height: 20.00pt; width: 159.05pt;\" width=\"265\" height=\"33\">absortor de choque frontal<\/td>\n<td class=\"et7\" style=\"width: 273.40pt;\" width=\"455\">\u03c631 Outer spring Drum shock absorver<\/td>\n<\/tr>\n<tr style=\"height: 20.00pt;\">\n<td class=\"et7\" style=\"height: 20.00pt; width: 159.05pt;\" width=\"265\" height=\"33\">Absorbidor de choque posterior<\/td>\n<td class=\"et7\" style=\"width: 273.40pt;\" width=\"455\">espiragem de folhas<\/td>\n<\/tr>\n<tr style=\"height: 20.00pt;\">\n<td class=\"et7\" style=\"height: 20.00pt; width: 159.05pt;\" width=\"265\" height=\"33\">pneu anterior\/posterior<\/td>\n<td class=\"et7\" style=\"width: 273.40pt;\" width=\"455\">3.00-12\/3.50-12<\/td>\n<\/tr>\n<tr style=\"height: 20.00pt;\">\n<td class=\"et7\" style=\"height: 20.00pt; width: 159.05pt;\" width=\"265\" height=\"33\">Tipo de rim<\/td>\n<td class=\"et7\" style=\"width: 273.40pt;\" width=\"455\">a\u00e7o<\/td>\n<\/tr>\n<tr style=\"height: 20.00pt;\">\n<td class=\"et7\" style=\"height: 20.00pt; width: 159.05pt;\" width=\"265\" height=\"33\">Tipo de freno frontal\/posterior<\/td>\n<td class=\"et7\" style=\"width: 273.40pt;\" width=\"455\">Um arrasto tr\u00eas trav\u00f5es de tambor<\/td>\n<\/tr>\n<tr style=\"height: 20.00pt;\">\n<td class=\"et7\" style=\"height: 20.00pt; width: 159.05pt;\" width=\"265\" height=\"33\">Frego de estacionamento<\/td>\n<td class=\"et7\" style=\"width: 273.40pt;\" width=\"455\">Mano Brake<\/td>\n<\/tr>\n<tr style=\"height: 20.00pt;\">\n<td class=\"et7\" style=\"height: 20.00pt; width: 159.05pt;\" width=\"265\" height=\"33\">Estrutura de eixo traseiro<\/td>\n<td class=\"et7\" style=\"width: 273.40pt;\" width=\"455\">Axo Inferior Integrado<\/td>\n<\/tr>\n<\/tbody>\n<\/table>\n<h2 class=\"header-vfC6AV auto-hide-last-sibling-br\">Escen\u00e1rios de Utiliza\u00e7\u00e3o<\/h2>\n<h3 class=\"header-vfC6AV auto-hide-last-sibling-br\">1. Sitios de constru\u00e7\u00e3o<\/h3>\n<div class=\"auto-hide-last-sibling-br paragraph-JOTKXA paragraph-element br-paragraph-space\">Nos locais de constru\u00e7\u00e3o,\u00a0<strong>Auto &#8211; - Abandonar o Trike de Cargo Eletrico<\/strong>\u00a0toma o est\u00e1gio central como uma ferramenta vital para o transporte material. Ela traz sem esfor\u00e7o areia, grava e res\u00edduos de constru\u00e7\u00e3o, aproveitando seu pr\u00f3prio eu &#8211; o elemento de descarga para depositar cargas diretamente no ponto de necessidade \u2013 seja ao lado de uma funda\u00e7\u00e3o sendo colocada ou uma parede em constru\u00e7\u00e3o. Isso elimina a necessidade de equipamentos adicionais como cavadores ou cargadores para lidar com o desembarque, reduzindo tanto os custos quanto os hor\u00e1rios do projeto. - No r\u00e1pido &#8211; O mundo de constru\u00e7\u00e3o passou rapidamente, onde cada minuto conta, a efici\u00eancia do trigo assegura que as tripula\u00e7\u00f5es podem continuar avan\u00e7ando sem ficar abaixo de obst\u00e1culos log\u00edsticos.<\/div>\n<h3 class=\"header-vfC6AV auto-hide-last-sibling-br\">2. Agr\u00edcolas<\/h3>\n<div class=\"auto-hide-last-sibling-br paragraph-JOTKXA paragraph-element br-paragraph-space\">As explora\u00e7\u00f5es dependem fortemente\u00a0<strong>Auto &#8211; - Abandonar o Trike de Cargo Eletrico<\/strong>\u00a0para racionalizar suas opera\u00e7\u00f5es di\u00e1rias. Como\u00a0<em>eu agr\u00edcola &#8211; o jogo de carga el\u00e9trica<\/em>\u00e9 inestim\u00e1vel para transportar tudo de culturas frescamente colhidas para sacos de fertilizantes. A habilidade de jogar materiais rapidamente significa que os agricultores podem descarregar eficientemente produtos em instala\u00e7\u00f5es de armazenamento ou distribuir fertilizantes em campos sem demora. Seu design rugged tamb\u00e9m lhe permite navegar no terreno desigual comum em ambientes agr\u00edcolas, seja um pasto de lama ap\u00f3s uma tempestade de chuva ou uma grava &#8211; - caminho de acesso cheio que leva a um campo remoto. Para pequenos - fazendeiros de escala e grandes empresas agr\u00edcolas, \u00e9 um cavalo de trabalho confi\u00e1vel que aumenta a produtividade durante a planta\u00e7\u00e3o, colheita e tudo entre elas.<\/div>\n<h3 class=\"header-vfC6AV auto-hide-last-sibling-br\">3. Opera\u00e7\u00f5es de Quarry<\/h3>\n<div class=\"auto-hide-last-sibling-br paragraph-JOTKXA paragraph-element br-paragraph-space\">Em ambientes de quarry, onde o terreno \u00e9 duro e as cargas s\u00e3o pesadas, o\u00a0<strong>Auto &#8211; - Abandonar o Trike de Cargo Eletrico<\/strong>\u00a0prova sua confus\u00e3o. - Tem a tarefa de se mover pequeno &#8211; Materiales de escala como rocha esmagada e mineral, navegando por caminhos rochosos e desiguais com facilidade gra\u00e7as \u00e0 sua constru\u00e7\u00e3o duradoura. O eu O elemento de dumping simplifica o processo de descarga, permitindo aos operadores depositar rapidamente materiais em \u00e1reas de processamento ou zonas de carga. Ao contr\u00e1rio de ve\u00edculos maiores e mais dif\u00edceis que podem lutar para manobrar nos espa\u00e7os estreitos de uma pedra, o tamanho compacto do trigo e o manejo \u00e1gil fazem com que seja uma escolha ideal para transportar materiais em dist\u00e2ncias curtas a m\u00e9dias. \u00c9 um testemunho de como\u00a0<strong>Auto &#8211; - Abandonar o Trike de Cargo Eletrico<\/strong>\u00a0podem se adaptar at\u00e9 aos ambientes industriais mais desafiadores.<\/div>\n<h2 class=\"header-vfC6AV auto-hide-last-sibling-br\">FAQ<\/h2>\n<h3 class=\"header-vfC6AV auto-hide-last-sibling-br\">1. Q: Que tipo de sistema de travagem faz o Eu &#8211; - Abandonar o uso do trigo de carga el\u00e9trica?<\/h3>\n<div class=\"auto-hide-last-sibling-br paragraph-JOTKXA paragraph-element br-paragraph-space\"><strong>A<\/strong>: A\u00a0<strong>Auto &#8211; - Abandonar o Trike de Cargo Eletrico<\/strong>\u00a0est\u00e1 equipado com um arrasto tr\u00eas trav\u00f5es de tambor. Esse robusto sistema de travagem assegura paragens seguras e confi\u00e1veis, mesmo quando o trique \u00e9 completamente carregado de materiais pesados. Que esteja navegando numa pendiente abrupta para baixo em uma pedra ou chegando a uma parada em uma zona de constru\u00e7\u00e3o cheia, os freios fornecem o poder de parada necess\u00e1rio para manter os operadores e os vizinhos seguros.<\/div>\n<h3 class=\"header-vfC6AV auto-hide-last-sibling-br\">2. Q: Quanto longe pode o Eu &#8211; - Deitar o caminho el\u00e9trico de carga viajar numa \u00fanica carga?<\/h3>\n<div class=\"auto-hide-last-sibling-br paragraph-JOTKXA paragraph-element br-paragraph-space\"><strong>A<\/strong>: Com uma carga completa, o\u00a0<strong>Auto &#8211; - Abandonar o Trike de Cargo Eletrico<\/strong>\u00a0oferece uma gama impressionante de 50 &#8211; 70 km. Isso o torna perfeitamente adequado para todos - opera\u00e7\u00f5es di\u00e1rias, seja um dia de corridas cont\u00ednuas atrav\u00e9s de uma grande fazenda ou turnos prolongados em um local de constru\u00e7\u00e3o ocupado. O\u00a0<em>48\/60V eu &#8211; o jogo de carga el\u00e9trica<\/em>\u00a0(nossa varia\u00e7\u00e3o de palavras chave) alavanca sua efici\u00eancia de bateria para assegurar que ela pode manter-se com as demandas de dias de trabalho intensivos sem interrup\u00e7\u00f5es freq\u00fcentes de recharge.<\/div>\n<h3 class=\"header-vfC6AV auto-hide-last-sibling-br\">3. Q: Como usu\u00e1rio &#8211; \u00e9 amig\u00e1vel o mecanismo de dumping?<\/h3>\n<div class=\"auto-hide-last-sibling-br paragraph-JOTKXA paragraph-element br-paragraph-space\"><strong>A<\/strong>: O mecanismo de dumping do\u00a0<strong>Auto &#8211; - Abandonar o Trike de Cargo Eletrico<\/strong>\u00a0\u00e9 projetado com simplicidade e facilidade de uso na mente. Os operadores podem ativar a fun\u00e7\u00e3o de inclina\u00e7\u00e3o atrav\u00e9s de controles simples, exigindo esfor\u00e7o m\u00ednimo para iniciar o processo de descarga. Este usu\u00e1rio o design amig\u00e1vel significa que mesmo usu\u00e1rios novos podem rapidamente dominar a caracter\u00edstica, economizando tempo valioso para equipes no trabalho. Se voc\u00ea \u00e9 um trabalhador de constru\u00e7\u00e3o com um calend\u00e1rio estreito ou um agricultor jogando m\u00faltiplas tarefas, o mecanismo de dumping intuitivo do trigo assegura que descargar \u00e9 uma brisa.<\/div>","protected":false},"excerpt":{"rendered":"<p>Encontre o\u00a0<strong>Auto &#8211; - Abandonar o Trike de Cargo Eletrico<\/strong>\u00a0\u2013 uma for\u00e7a revolucion\u00e1ria em tratamento eficiente de materiais que est\u00e1 preparada para redefinir como a s ind\u00fastrias gerem o transporte em massa. Dimens\u00f5es de borracha de 2980 \u00d7 1080 \u00d7 1340 mm e uma caixa de carga generosa de 1300 \u00d7 950 mm, este trigo \u00e9 prop\u00f3sito &#8211; - constru\u00eddo para rugged, high &#8211; - exigir ambientes. No seu n\u00facleo est\u00e1 um motor din\u00e2mico 48\/60V1000W, parejado com um vers\u00e1til 48\/60V45AH &#8211; 58 AH bateria, todos alojados dentro de um quadro robusto de 196 Kg. Capazes de alcan\u00e7ar velocidades variando de 35 &#8211; 45 km\/h e conquistar inclina\u00e7\u00f5es com um gradiente de \u226415%, prospera em terrenos desafiantes. O que realmente o separa, no entanto, \u00e9 sua caracter\u00edstica de descarga automatizada \u2013 um jogo &#8211; - mudar a inova\u00e7\u00e3o que racionaliza o fluxo de trabalho atrav\u00e9s dos locais de constru\u00e7\u00e3o, das fazendas e das quarreas. Para empresas buscando aumentar a produtividade,\u00a0<em>eu industrial &#8211; o jogo de carga el\u00e9trica<\/em>\u00a0(uma varia\u00e7\u00e3o chave da nossa palavra chave principal) surge como um ativo indispens\u00e1vel, poder de mistura, adaptabilidade e conveni\u00eancia em um pacote formid\u00e1vel.<\/p>","protected":false},"featured_media":3683,"comment_status":"open","ping_status":"closed","template":"","meta":[],"product_brand":[],"product_cat":[78],"product_tag":[],"class_list":{"0":"post-3357","1":"product","2":"type-product","3":"status-publish","4":"has-post-thumbnail","6":"product_cat-electric-tricycle","8":"first","9":"instock","10":"shipping-taxable","11":"purchasable","12":"product-type-simple"},"_links":{"self":[{"href":"https:\/\/www.tairuiauto.com\/pt\/wp-json\/wp\/v2\/product\/3357","targetHints":{"allow":["GET"]}}],"collection":[{"href":"https:\/\/www.tairuiauto.com\/pt\/wp-json\/wp\/v2\/product"}],"about":[{"href":"https:\/\/www.tairuiauto.com\/pt\/wp-json\/wp\/v2\/types\/product"}],"replies":[{"embeddable":true,"href":"https:\/\/www.tairuiauto.com\/pt\/wp-json\/wp\/v2\/comments?post=3357"}],"wp:featuredmedia":[{"embeddable":true,"href":"https:\/\/www.tairuiauto.com\/pt\/wp-json\/wp\/v2\/media\/3683"}],"wp:attachment":[{"href":"https:\/\/www.tairuiauto.com\/pt\/wp-json\/wp\/v2\/media?parent=3357"}],"wp:term":[{"taxonomy":"product_brand","embeddable":true,"href":"https:\/\/www.tairuiauto.com\/pt\/wp-json\/wp\/v2\/product_brand?post=3357"},{"taxonomy":"product_cat","embeddable":true,"href":"https:\/\/www.tairuiauto.com\/pt\/wp-json\/wp\/v2\/product_cat?post=3357"},{"taxonomy":"product_tag","embeddable":true,"href":"https:\/\/www.tairuiauto.com\/pt\/wp-json\/wp\/v2\/product_tag?post=3357"}],"curies":[{"name":"wp","href":"https:\/\/api.w.org\/{rel}","templated":true}]}}