{"id":3392,"date":"2025-08-21T15:10:49","date_gmt":"2025-08-21T07:10:49","guid":{"rendered":"https:\/\/www.tairuiauto.com\/?post_type=product&#038;p=3392"},"modified":"2025-11-25T08:39:57","modified_gmt":"2025-11-25T00:39:57","slug":"slab-cargo-tricycle","status":"publish","type":"product","link":"https:\/\/www.tairuiauto.com\/pt\/product\/slab-cargo-tricycle\/","title":{"rendered":"tricicleta motora de alto torque"},"content":{"rendered":"<p><strong>\u200b Lista de par\u00e2metros<\/strong><\/p>\n<table style=\"border-collapse: collapse; width: 62.7586%; height: 498px;\" border=\"0\" width=\"720\" cellspacing=\"0\" cellpadding=\"0\">\n<tbody>\n<tr style=\"height: 20.00pt;\">\n<td class=\"et4\" style=\"height: 20px; width: 159.05pt;\" width=\"265\" height=\"33\">Modelo<\/td>\n<td class=\"et4\" style=\"width: 273.4pt; height: 20px;\" width=\"455\">tricicleta de carga<\/td>\n<\/tr>\n<tr style=\"height: 20.00pt;\">\n<td class=\"et5\" style=\"height: 20px; width: 159.05pt;\" width=\"265\" height=\"33\">Dimens\u00e3o global<\/td>\n<td class=\"et5\" style=\"width: 273.4pt; height: 20px;\" width=\"455\">1800MM*1300MM<\/td>\n<\/tr>\n<tr style=\"height: 20.00pt;\">\n<td class=\"et5\" style=\"height: 20px; width: 159.05pt;\" width=\"265\" height=\"33\">Cargando Capacidade<\/td>\n<td class=\"et5\" style=\"width: 273.4pt; height: 20px;\" width=\"455\">600KG<\/td>\n<\/tr>\n<tr style=\"height: 20.00pt;\">\n<td class=\"et5\" style=\"height: 20px; width: 159.05pt;\" width=\"265\" height=\"33\">Pot\u00eancia motora hidr\u00e1ulica<\/td>\n<td class=\"et5\" style=\"width: 273.4pt; height: 20px;\" width=\"455\">800W<\/td>\n<\/tr>\n<tr style=\"height: 20.00pt;\">\n<td class=\"et5\" style=\"height: 20px; width: 159.05pt;\" width=\"265\" height=\"33\">Tens\u00e3o padr\u00e3o<\/td>\n<td class=\"et5\" style=\"width: 273.4pt; height: 20px;\" width=\"455\">60V<\/td>\n<\/tr>\n<tr style=\"height: 20.00pt;\">\n<td class=\"et5\" style=\"height: 20px; width: 159.05pt;\" width=\"265\" height=\"33\">Controlador<\/td>\n<td class=\"et5\" style=\"width: 273.4pt; height: 20px;\" width=\"455\">24 Tubos<\/td>\n<\/tr>\n<tr style=\"height: 20.00pt;\">\n<td class=\"et5\" style=\"height: 20px; width: 159.05pt;\" width=\"265\" height=\"33\">Modo de travagem<\/td>\n<td class=\"et5\" style=\"width: 273.4pt; height: 20px;\" width=\"455\">Foto em tambor mec\u00e2nico, estacionamento manual<\/td>\n<\/tr>\n<tr style=\"height: 20.00pt;\">\n<td class=\"et5\" style=\"height: 20px; width: 159.05pt;\" width=\"265\" height=\"33\">Minimum ground clearance<\/td>\n<td class=\"et5\" style=\"width: 273.4pt; height: 20px;\" width=\"455\">135<\/td>\n<\/tr>\n<tr style=\"height: 20.00pt;\">\n<td class=\"et5\" style=\"height: 20px; width: 159.05pt;\" width=\"265\" height=\"33\">Capacidade de Produ\u00e7\u00e3o<\/td>\n<td class=\"et5\" style=\"width: 273.4pt; height: 20px;\" width=\"455\">100000 conjuntos\/ano<\/td>\n<\/tr>\n<tr style=\"height: 20.00pt;\">\n<td class=\"et5\" style=\"height: 20px; width: 159.05pt;\" width=\"265\" height=\"33\">Tempo de carga<\/td>\n<td class=\"et5\" style=\"width: 273.4pt; height: 20px;\" width=\"455\">8h<\/td>\n<\/tr>\n<tr style=\"height: 20.00pt;\">\n<td class=\"et5\" style=\"height: 20px; width: 159.05pt;\" width=\"265\" height=\"33\">Tiro Tt Front\/Rear<\/td>\n<td class=\"et5\" style=\"width: 273.4pt; height: 20px;\" width=\"455\">3,75-12 rodas de frente 4,00-12 rodas de tr\u00e1s<\/td>\n<\/tr>\n<tr style=\"height: 20.00pt;\">\n<td class=\"et5\" style=\"height: 20px; width: 159.05pt;\" width=\"265\" height=\"33\">Escolha de Cores<\/td>\n<td class=\"et5\" style=\"width: 273.4pt; height: 20px;\" width=\"455\">Personalizado<\/td>\n<\/tr>\n<tr style=\"height: 20.00pt;\">\n<td class=\"et5\" style=\"height: 20px; width: 159.05pt;\" width=\"265\" height=\"33\">Origem<\/td>\n<td class=\"et5\" style=\"width: 273.4pt; height: 20px;\" width=\"455\">China<\/td>\n<\/tr>\n<tr style=\"height: 20.00pt;\">\n<td class=\"et5\" style=\"height: 20px; width: 159.05pt;\" width=\"265\" height=\"33\">Range Per Charge\/Km<\/td>\n<td class=\"et5\" style=\"width: 273.4pt; height: 20px;\" width=\"455\">40 km<\/td>\n<\/tr>\n<tr style=\"height: 20.00pt;\">\n<td class=\"et5\" style=\"height: 20px; width: 159.05pt;\" width=\"265\" height=\"33\">Velocidade m\u00e1xima Km\/H<\/td>\n<td class=\"et5\" style=\"width: 273.4pt; height: 20px;\" width=\"455\">30-40 km\/H<\/td>\n<\/tr>\n<tr style=\"height: 20.00pt;\">\n<td class=\"et5\" style=\"height: 20px; width: 159.05pt;\" width=\"265\" height=\"33\">Capacidade Climbing<\/td>\n<td class=\"et5\" style=\"width: 273.4pt; height: 20px;\" width=\"455\">\u226430\u00b0<\/td>\n<\/tr>\n<\/tbody>\n<\/table>\n<div class=\"kche-wrap-width\">\n<div class=\"kche-t154\">\n<div class=\"kche-t154-contant\">\n<div class=\"kche-t154-list\">\n<div class=\"kche-t154-item\">\n<div class=\"kche-t154-img\">\n<h3 class=\"header-vfC6AV auto-hide-last-sibling-br\">Introdu\u00e7\u00e3o de Produtos<\/h3>\n<div class=\"auto-hide-last-sibling-br paragraph-JOTKXA paragraph-element br-paragraph-space\">Fornecida por um motor de alto torque de 60V1000W e parejada com baterias de grande capacidade de 60V58AH-72AH, este trique de carga em camada plana fornece desempenho excepcional: uma velocidade m\u00e1xima de 35-40 km\/h, uma gama de carga \u00fanica de 60-80 km, e uma capacidade de carga not\u00e1vel que excede triciclos de carga padr\u00e3o. O tempo de carga 7-9 horas assegura que est\u00e1 pronto para dias de trabalho prolongados, enquanto seu quadro de a\u00e7o refor\u00e7ado, 3,75-12 pneus pesados, e design de dois eixos traseiros garantem estabilidade mesmo quando carregado. Seja navegar nas ruas ocupadas da cidade ou nas estradas rurais dif\u00edceis, Cargo Tricycle Slab se destaca como um cavalo de trabalho confi\u00e1vel, energia de mistura, durabilidade e versatilidade para satisfazer as exig\u00eancias do transporte de carga pesada.<\/div>\n<div><img fetchpriority=\"high\" decoding=\"async\" class=\"size-medium wp-image-3394 aligncenter\" src=\"https:\/\/www.tairuiauto.com\/wp-content\/uploads\/2025\/08\/2-2-300x300.jpg\" alt=\"\" width=\"300\" height=\"300\" srcset=\"\" sizes=\"(max-width: 300px) 100vw, 300px\" data-srcset=\"\" \/><\/div>\n<h3 class=\"header-vfC6AV auto-hide-last-sibling-br\">Key Selling Points<\/h3>\n<ol class=\"auto-hide-last-sibling-br\">\n<li>\n<div class=\"auto-hide-last-sibling-br paragraph-JOTKXA paragraph-element br-paragraph-space\"><strong>Reinforced Flatbed for Heavy and Bulky Loads<\/strong><br class=\"container-utlnW2 wrapper-d0Cc1k undefined\" \/>Cargo Tricycle Slab excele no manejo de objetos ultrapassados, gra\u00e7as ao seu projeto aberto e refor\u00e7ado de placas planas \u2013 muito mais pr\u00e1tico que caixas de carga fechadas para mercadorias como tubos de a\u00e7o, placas de madeira ou grandes aparelhos. A estrutura s \u00f3lida deste trique de carga em camadas planas suporta cargas mais pesadas sem comprometer o equil\u00edbrio, tornando-a ideal para locais de constru\u00e7\u00e3o ou servi\u00e7os de entrega de mobili\u00e1rio. Contrariamente aos triques tradicionais, Cargo Tricycle Slab elimina a dificuldade de montar itens de forma irregular, assegurando um transporte eficiente, de uma viagem que economiza tempo e esfor\u00e7o.<\/div>\n<\/li>\n<li>\n<div class=\"auto-hide-last-sibling-br paragraph-JOTKXA paragraph-element br-paragraph-space\"><strong>Motor de Alto Torque para Performance Potencial<\/strong><br class=\"container-utlnW2 wrapper-d0Cc1k undefined\" \/>Equipado com um motor de alto torque de 60V1000W, Cargo Tricycle Slab fornece a for\u00e7a necess\u00e1ria para lidar com inclina\u00e7\u00f5es fortes (at\u00e9 18% gradeabilidade) e acelerar suavemente mesmo com cargas completas. Esse trigo el\u00e9trico de carga mant\u00e9m velocidade consistente tanto nas estradas planas como nas linhas, assegurando entregas oportunas independentemente do terreno. Se levar materiais de constru\u00e7\u00e3o para cima ou navegar rotas urbanas ocupadas, o motor do Cargo Tricycle Slab fornece energia confi\u00e1vel, superando modelos mais fracos que lutam com cargas pesadas.<\/div>\n<\/li>\n<li>\n<div class=\"auto-hide-last-sibling-br paragraph-JOTKXA paragraph-element br-paragraph-space\"><strong>Rango alargado para Opera\u00e7\u00f5es Todo o Dia<\/strong><br class=\"container-utlnW2 wrapper-d0Cc1k undefined\" \/>As baterias 60V58AH-72AH do Cargo Tricycle Slab oferecem um intervalo impressionante de 60-80 km numa \u00fanica carga \u2013 mais do que o suficiente para um dia inteiro de entregas ou execu\u00e7\u00f5es log\u00edsticas. Com um tempo de carga de 7-9 horas, os usu\u00e1rios podem rechargar durante a noite, assegurando que a entrega de tr\u00eas rodas est\u00e1 pronta todas as manh\u00e3s. Este intervalo alargado reduz o tempo de descenso da carga de meio dia, tornando Cargo Tricycle Slab uma escolha m\u00e1xima para empresas que dependem de opera\u00e7\u00f5es cotidianas cont\u00ednuas.<\/div>\n<\/li>\n<li>\n<div class=\"auto-hide-last-sibling-br paragraph-JOTKXA paragraph-element br-paragraph-space\"><strong>Constru\u00e7\u00e3o duradoura para a confiabilidade a longo prazo<\/strong><br class=\"container-utlnW2 wrapper-d0Cc1k undefined\" \/>Armada com um quadro de a \u00e7o refor\u00e7ado, 3,75-12 pneus pesados, e um eixo duplo traseiro, Cargo Tricycle Slab \u00e9 constru\u00eddo para resistir a roupa e l\u00e1grima di\u00e1rias. Os pneus resistem a pun\u00e7\u00f5es em estradas brutas, enquanto o quadro absorve choques de superf\u00edcies desiguais, protegendo tanto o ve\u00edculo quanto sua carga. Essa durabilidade minimiza a s necessidades de manuten\u00e7\u00e3o e amplia a vida do ve\u00edculo, tornando o Cargo Tricycle Slab um investimento rentavelmente eficaz para uso a longo prazo.<\/div>\n<\/li>\n<\/ol>\n<h3 class=\"header-vfC6AV auto-hide-last-sibling-br\">Diferenciar Avan\u00e7os<\/h3>\n<ol class=\"auto-hide-last-sibling-br\">\n<li>\n<div class=\"auto-hide-last-sibling-br paragraph-JOTKXA paragraph-element br-paragraph-space\"><strong>Specializado para Cargas Supergrandes<\/strong><br class=\"container-utlnW2 wrapper-d0Cc1k undefined\" \/>Ao contr\u00e1rio de tricicletas de carga padr\u00e3o com caixas fechadas, o Cargo Tricycle Slab \u00e9 projetado para objetos de formato irregular e excessivo, um nicho que domina. Seu design de cama plana elimina restri\u00e7\u00f5es de tamanho, fazendo com que esta carga plana trique a escolha para ind\u00fastrias como constru\u00e7\u00e3o, mobili\u00e1rio e agricultura, onde ve\u00edculos tradicionais faltam.<\/div>\n<\/li>\n<li>\n<div class=\"auto-hide-last-sibling-br paragraph-JOTKXA paragraph-element br-paragraph-space\"><strong>Capacidade Superior de Carga e Estabilidade<\/strong><br class=\"container-utlnW2 wrapper-d0Cc1k undefined\" \/>Cargo Tricycle Slab's dual rear axle e frame reinforced support heavier loads than most electric freight trikes, while its wide wheelbase and heavy-duty tires ensure stability even when fully loaded. Essa combina\u00e7\u00e3o de for \u00e7a e equil\u00edbrio reduz o risco de pico, uma vantagem cr\u00edtica para o transporte de mercadorias pesadas em terrenos desiguais.<\/div>\n<\/li>\n<li>\n<div class=\"auto-hide-last-sibling-br paragraph-JOTKXA paragraph-element br-paragraph-space\"><strong>Adaptabilidade \u00e0s Condi\u00e7\u00f5es Extremas<\/strong><br class=\"container-utlnW2 wrapper-d0Cc1k undefined\" \/>Com 18% de gradeabilidade e pneus resistentes \u00e0 pun\u00e7\u00e3o, Cargo Tricycle Slab atua de forma confi\u00e1vel em ambientes desafiantes \u2013 de caminhos rurais mudidos a colinas urbanas. Essa adaptabilidade a torna mais vers\u00e1til do que triques projetados exclusivamente para estradas urbanas lissas, atendendo \u00e0s necessidades log\u00edsticas urbanas e rurais.<\/div>\n<\/li>\n<li>\n<div class=\"auto-hide-last-sibling-br paragraph-JOTKXA paragraph-element br-paragraph-space\"><strong>Costo-Efeitivo para o Utiliza\u00e7\u00e3o de Dados pesados<\/strong><br class=\"container-utlnW2 wrapper-d0Cc1k undefined\" \/>Embora o investimento inicial possa ser maior que os modelos b\u00e1sicos, a durabilidade e efici\u00eancia da Cargo Tricycle Slab diminuem custos a longo prazo. Suas necessidades reduzidas de manuten\u00e7\u00e3o, vida prolongada da bateria e capacidade de lidar com mais carga por viagem significam menos substitui\u00e7\u00f5es e maior produtividade \u2013 tornando essa entrega tr\u00eas rodas uma escolha financeira mais inteligente para empresas com demandas pesadas de transporte.<\/div>\n<\/li>\n<\/ol>\n<h3 class=\"header-vfC6AV auto-hide-last-sibling-br\">FAQ<\/h3>\n<div class=\"auto-hide-last-sibling-br paragraph-JOTKXA paragraph-element br-paragraph-space\"><strong>Q1: Qual \u00e9 a capacidade m\u00e1xima de carga do Cargo Tricycle Slab?<\/strong><br class=\"container-utlnW2 wrapper-d0Cc1k undefined\" \/>A: Cargo Tricycle Slab \u00e9 projetado para lidar com cargas pesadas, com uma capacidade m\u00e1xima de aproximadamente 500-600kg, dependendo das condi\u00e7\u00f5es rodovi\u00e1rias e distribui\u00e7\u00e3o de peso. Para a seguran\u00e7a e o desempenho \u00f3ptimo, recomenda-se distribuir o peso de forma equilibrada atrav\u00e9s da cama plana e evitar ultrapassar esse limite, pois sobrecarga pode empurrar o motor, a bateria e o quadro.<\/div>\n<h3 class=\"header-vfC6AV auto-hide-last-sibling-br\"><\/h3>\n<div class=\"auto-hide-last-sibling-br paragraph-JOTKXA paragraph-element br-paragraph-space\"><strong>Q2: Como o design da camada plana afeta a seguran\u00e7a da carga?<\/strong><br class=\"container-utlnW2 wrapper-d0Cc1k undefined\" \/>A: Enquanto o espa\u00e7o aberto de Cargo Tricycle Slab oferece flexibilidade para grandes itens, os usu\u00e1rios podem segurar a carga usando cordas, cintas ou redes de carga (muitas vezes vendidas como acess\u00f3rios). - As caracter\u00edsticas de ancragem integradas para ligar essas ferramentas de seguran\u00e7a, assegurando que os itens permanecem est\u00e1veis durante o transporte. Para mercadorias particularmente fr\u00e1geis, adicionar um tapete n\u00e3o-deslizante pode evitar ainda mais o deslocamento, tornando o trique de carga com bando plano seguro para a maioria dos tipos de carga.<\/div>\n<h3 class=\"header-vfC6AV auto-hide-last-sibling-br\"><\/h3>\n<div class=\"auto-hide-last-sibling-br paragraph-JOTKXA paragraph-element br-paragraph-space\"><strong>Q3: Que manuten\u00e7\u00e3o \u00e9 necess\u00e1ria para o motor de alto torque?<\/strong><br class=\"container-utlnW2 wrapper-d0Cc1k undefined\" \/>A: O motor de 60V1000W na Cargo Tricycle Slab requer controles regulares para assegurar a longevidade. A cada 3-6 meses, inspeccionam conex\u00f5es el\u00e9tricas para corros\u00e3o ou soltid\u00e3o, e mant\u00eam a casa motora limpa para evitar a constru\u00e7\u00e3o de poeira. Evitar a opera\u00e7\u00e3o prolongada \u00e0 velocidade m\u00e1xima quando carregada completamente, pois isso pode sobrecargar o motor. Se ocorrerem ru\u00eddos incomuns ou energia reduzida, consulte um t\u00e9cnico profissional para prevenir mais danos.<\/div>\n<h3 class=\"header-vfC6AV auto-hide-last-sibling-br\"><\/h3>\n<div class=\"auto-hide-last-sibling-br paragraph-JOTKXA paragraph-element br-paragraph-space\"><strong>Q4: A bateria pode ser substitu\u00edda por uma op\u00e7\u00e3o de maior capacidade?<\/strong><br class=\"container-utlnW2 wrapper-d0Cc1k undefined\" \/>A: Sim, a bateria do Cargo Tricycle Slab \u00e9 substitu\u00edvel, e os usu\u00e1rios podem atualizar para baterias de maior capacidade (dentro da gama de 60V) para intervalo alargado. No entanto, \u00e9 importante usar baterias recomendadas pelo fabricante para garantir a compatibilidade com o motor e o sistema de carga. A moderniza\u00e7\u00e3o para uma bateria de 72AH, por exemplo, pode aumentar a gama de 10-15%, mas pode ligeiramente prolongar o tempo de carga. Consulte sempre o manual de usu\u00e1rio ou um traficante certificado antes de fazer modifica\u00e7\u00f5es.<\/div>\n<\/div>\n<\/div>\n<\/div>\n<\/div>\n<\/div>\n<\/div>","protected":false},"excerpt":{"rendered":"<p>Cargo Tricycle Slab \u00e9 um robusto motorista el\u00e9trico de tr\u00eas rodas projetado especificamente para o transporte de mercadorias pesadas, tornando-o um trique el\u00e9trico indispens\u00e1vel para a log\u00edstica urbana, entrega de material de constru\u00e7\u00e3o e transporte de produtos agr\u00edcolas rurais. Sua caracter\u00edstica definidora \u00e9 a \u00e1rea de carga com camadas planas refor\u00e7adas \u2013 espacial, aberto e constru\u00eddo para acomodar itens grandes como m\u00f3veis, materiais de constru\u00e7\u00e3o ou grandes caixas agr\u00edcolas, eliminando as restri\u00e7\u00f5es das caixas de carga fechadas.<\/p>","protected":false},"featured_media":3393,"comment_status":"open","ping_status":"closed","template":"","meta":[],"product_brand":[],"product_cat":[78],"product_tag":[],"class_list":{"0":"post-3392","1":"product","2":"type-product","3":"status-publish","4":"has-post-thumbnail","6":"product_cat-electric-tricycle","8":"first","9":"instock","10":"shipping-taxable","11":"purchasable","12":"product-type-simple"},"_links":{"self":[{"href":"https:\/\/www.tairuiauto.com\/pt\/wp-json\/wp\/v2\/product\/3392","targetHints":{"allow":["GET"]}}],"collection":[{"href":"https:\/\/www.tairuiauto.com\/pt\/wp-json\/wp\/v2\/product"}],"about":[{"href":"https:\/\/www.tairuiauto.com\/pt\/wp-json\/wp\/v2\/types\/product"}],"replies":[{"embeddable":true,"href":"https:\/\/www.tairuiauto.com\/pt\/wp-json\/wp\/v2\/comments?post=3392"}],"wp:featuredmedia":[{"embeddable":true,"href":"https:\/\/www.tairuiauto.com\/pt\/wp-json\/wp\/v2\/media\/3393"}],"wp:attachment":[{"href":"https:\/\/www.tairuiauto.com\/pt\/wp-json\/wp\/v2\/media?parent=3392"}],"wp:term":[{"taxonomy":"product_brand","embeddable":true,"href":"https:\/\/www.tairuiauto.com\/pt\/wp-json\/wp\/v2\/product_brand?post=3392"},{"taxonomy":"product_cat","embeddable":true,"href":"https:\/\/www.tairuiauto.com\/pt\/wp-json\/wp\/v2\/product_cat?post=3392"},{"taxonomy":"product_tag","embeddable":true,"href":"https:\/\/www.tairuiauto.com\/pt\/wp-json\/wp\/v2\/product_tag?post=3392"}],"curies":[{"name":"wp","href":"https:\/\/api.w.org\/{rel}","templated":true}]}}