{"id":3404,"date":"2025-08-23T14:06:34","date_gmt":"2025-08-23T06:06:34","guid":{"rendered":"https:\/\/www.tairuiauto.com\/?post_type=product&#038;p=3404"},"modified":"2025-09-12T10:56:49","modified_gmt":"2025-09-12T02:56:49","slug":"core-advantages-of-premium-freight-e-tricycles","status":"publish","type":"product","link":"https:\/\/www.tairuiauto.com\/pt\/product\/core-advantages-of-premium-freight-e-tricycles\/","title":{"rendered":"Triciclo el\u00e9trico de longa dist\u00e2ncia"},"content":{"rendered":"<h2 class=\"header-vfC6AV auto-hide-last-sibling-br\">Propuls\u00e3o robusta e Performan\u00e7a de Rango Extendido<\/h2>\n<div class=\"auto-hide-last-sibling-br paragraph-JOTKXA paragraph-element br-paragraph-space\">O sistema de motor deste triciclo el\u00e9trico de longa dist\u00e2ncia \u00e9 destacado na ind\u00fastria, com um motor hidrodin\u00e2mico de 1000W. Comparado com os motores principais de 800W no mercado, seu momento de escalada em colinas \u00e9 aumentado em aproximadamente 20%. Essa vantagem assegura que ao navegar por inclina\u00e7\u00f5es comuns em zonas urbanas e rurais, mesmo em condi\u00e7\u00f5es de carga completa, o ve\u00edculo funciona de forma suave e eficaz, resolvendo defici\u00eancias de energia que muitas vezes dificultam o transporte.<\/div>\n<p>&nbsp;<\/p>\n<div class=\"auto-hide-last-sibling-br paragraph-JOTKXA paragraph-element br-paragraph-space\">Em termos de intervalo, o e-triciclo suporta configura\u00e7\u00f5es de bateria de 60\/72V, fornecendo uma dist\u00e2ncia de viagem de uma carga \u00fanica de 50-100 km. Isso cobre plenamente as necessidades de tr\u00e2nsito inter-urbano\/rural e log\u00edstica de curta dist\u00e2ncia, eliminando a ansiedade da gama de cen\u00e1rios como a entrega de bens de centros de grosso a vendas de retalho ou o transporte de suprimentos agr\u00edcolas em \u00e1reas rurais.<\/div>\n<p>&nbsp;<\/p>\n<div class=\"auto-hide-last-sibling-br paragraph-JOTKXA paragraph-element br-paragraph-space\">A efici\u00eancia de carga \u00e9 outra destaque fundamental: uma carga completa leva apenas cerca de 8 horas. Os usu\u00e1rios podem cobrar durante a noite e se envolver em opera\u00e7\u00f5es sem parar, de alta efici\u00eancia durante o dia, minimizando o tempo de descanso causado pelo recharge.<\/div>\n<p>&nbsp;<\/p>\n<div class=\"auto-hide-last-sibling-br paragraph-JOTKXA paragraph-element br-paragraph-space\">Al\u00e9m disso, o ve\u00edculo atinge uma velocidade m\u00e1xima de 35-40 km\/h, equilibrar a efici\u00eancia de transporte com a seguran\u00e7a de condu\u00e7\u00e3o para garantir um processo de tr\u00e2nsito seguro.<\/div>\n<table style=\"width: 93.0139%; height: 496px;\" width=\"720\">\n<tbody>\n<tr>\n<td colspan=\"2\" width=\"720\">Configura\u00e7\u00e3o padr\u00e3o<\/td>\n<\/tr>\n<tr>\n<td>Modelo<\/td>\n<td><a href=\"#\u76ee\u5f55!A1\">C114<\/a><\/td>\n<\/tr>\n<tr>\n<td width=\"265\">Dimens\u00e3o global<\/td>\n<td width=\"455\">2350*1160*1670mm<\/td>\n<\/tr>\n<tr>\n<td width=\"265\">Estilo do ve\u00edculo<\/td>\n<td width=\"455\">Abrir<\/td>\n<\/tr>\n<tr>\n<td width=\"265\">Pot\u00eancia motora hidr\u00e1ulica<\/td>\n<td width=\"455\">1000W<\/td>\n<\/tr>\n<tr>\n<td width=\"265\">Tens\u00e3o padr\u00e3o<\/td>\n<td width=\"455\">60\/72V<\/td>\n<\/tr>\n<tr>\n<td width=\"265\">Controlador<\/td>\n<td width=\"455\">18Tubo<\/td>\n<\/tr>\n<tr>\n<td width=\"265\">Modo de travagem<\/td>\n<td width=\"455\">Bateria do disco frontal\/traseiro<\/td>\n<\/tr>\n<tr>\n<td width=\"265\">Minimum ground clearance<\/td>\n<td width=\"455\">135<\/td>\n<\/tr>\n<tr>\n<td width=\"265\">Capacidade de Produ\u00e7\u00e3o<\/td>\n<td width=\"455\">300.000 conjuntos\/ano<\/td>\n<\/tr>\n<tr>\n<td width=\"265\">Tempo de carga<\/td>\n<td width=\"455\">Cerca das 8 horas<\/td>\n<\/tr>\n<tr>\n<td width=\"265\">Tiro Tt Front\/Rear<\/td>\n<td width=\"455\">Fronte 375-12[UNK] Atr\u00e1s 400-12<\/td>\n<\/tr>\n<tr>\n<td width=\"265\">Escolha de Cores<\/td>\n<td width=\"455\">Personalizado<\/td>\n<\/tr>\n<tr>\n<td width=\"265\">Origem<\/td>\n<td width=\"455\">China<\/td>\n<\/tr>\n<tr>\n<td width=\"265\">Range Per Charge\/Km<\/td>\n<td width=\"455\">50-100km<\/td>\n<\/tr>\n<tr>\n<td width=\"265\">Velocidade m\u00e1xima Km\/H<\/td>\n<td width=\"455\">35-40 km\/h<\/td>\n<\/tr>\n<tr>\n<td width=\"265\">Glass<\/td>\n<td width=\"455\">vidro de m\u00e3o<\/td>\n<\/tr>\n<\/tbody>\n<\/table>\n<h2 class=\"header-vfC6AV auto-hide-last-sibling-br\">Engenharia estrutural segura e est\u00e1vel<\/h2>\n<div class=\"auto-hide-last-sibling-br paragraph-JOTKXA paragraph-element br-paragraph-space\">A seguran\u00e7a \u00e9 primordial nas opera\u00e7\u00f5es de transporte de mercadorias, e esse pr\u00e9mio Triciclo el\u00e9trico de longa dist\u00e2ncia a prioriza em design estrutural. Seu sistema de travagem adota uma combina\u00e7\u00e3o de disco de frente e tambor de tr\u00e1s: os freios da roda de frente oferecem uma pot\u00eancia de parada responsiva para situa\u00e7\u00f5es de emerg\u00eancia, enquanto os freios da roda de tr\u00e1s boam de durabilidade, mantendo desempenho est\u00e1vel mesmo ap\u00f3s uso a longo prazo, de alta intensidade \u2013 cr\u00edtico para o travagem seguro quando completamente carregado.<\/div>\n<p>&nbsp;<\/p>\n<div class=\"auto-hide-last-sibling-br paragraph-JOTKXA paragraph-element br-paragraph-space\">A configura\u00e7\u00e3o dos pneus refor\u00e7a ainda mais a estabilidade: pneus espessados na frente 375-12 e retro 400-12 refor\u00e7am significativamente a captura. Seja em estradas molhadas na margem urbano-rural ou caminhos brutos de terra em \u00e1reas rurais, o ve\u00edculo mant\u00e9m uma opera\u00e7\u00e3o constante, facilmente adaptando-se a condi\u00e7\u00f5es complexas de estrada.<\/div>\n<p>&nbsp;<\/p>\n<div class=\"auto-hide-last-sibling-br paragraph-JOTKXA paragraph-element br-paragraph-space\">Com uma altura do chassis de 135 mm, a dist\u00e2ncia do solo do ve\u00edculo \u00e9 aumentada, melhorando a passabilidade. Quando atravessa terrenos desiguais, reduz os res\u00edduos do chassis, prolongando a vida de servi\u00e7o do ve\u00edculo.<\/div>\n<p>&nbsp;<\/p>\n<div class=\"auto-hide-last-sibling-br paragraph-JOTKXA paragraph-element br-paragraph-space\">O quadro \u00e9 suado usando a \u00e7o espessado, criando uma estrutura ultra s\u00f3lida capaz de resistir \u00e0 press\u00e3o pesada de carga, colocando uma base s\u00f3lida para uma opera\u00e7\u00e3o segura e est\u00e1vel.<\/div>\n<h2 class=\"header-vfC6AV auto-hide-last-sibling-br\">Seguran\u00e7a de qualidade e conformidade com certifica\u00e7\u00e3o<\/h2>\n<div class=\"auto-hide-last-sibling-br paragraph-JOTKXA paragraph-element br-paragraph-space\">A capacidade de produ\u00e7\u00e3o em grande escala \u00e9 essencial para um abastecimento est\u00e1vel. Este pr\u00e9mio Long Range Electric Tricycle alcan\u00e7a uma produ\u00e7\u00e3o anual de 300.000 unidades, facilmente lidando com encomendas em massa, assegurando invent\u00e1rio coerente para os clientes, e eliminando preocupa\u00e7\u00f5es sobre a falta de produ\u00e7\u00e3o que perturba as opera\u00e7\u00f5es de neg\u00f3cios.<\/div>\n<p>&nbsp;<\/p>\n<div class=\"auto-hide-last-sibling-br paragraph-JOTKXA paragraph-element br-paragraph-space\">Em termos de certifica\u00e7\u00e3o de qualidade, o ve\u00edculo obteve certifica\u00e7\u00e3o do sistema ISO9001 de gest\u00e3o de qualidade e cumpre os padr\u00f5es nacionais obrigat\u00f3rios da CCC. Para as necessidades de exporta\u00e7\u00e3o, tamb\u00e9m fornece certifica\u00e7\u00f5es como CE e ROHS, plenamente em conformidade com os requisitos de acesso para mercados internos e internacionais.<\/div>\n<p>&nbsp;<\/p>\n<div class=\"auto-hide-last-sibling-br paragraph-JOTKXA paragraph-element br-paragraph-space\">Cada ve\u00edculo passa por testes de alta temperatura e carga de 48 horas antes de sair da f\u00e1brica. Este rigoroso processo de teste assegura a qualidade do produto, com uma taxa de passagem ex-f\u00e1brica superior a 99%, dando aos clientes paz em uso.<\/div>\n<h2 class=\"header-vfC6AV auto-hide-last-sibling-br\">Solu\u00e7\u00f5es por grosso e personaliza\u00e7\u00e3o adaptada<\/h2>\n<div class=\"auto-hide-last-sibling-br paragraph-JOTKXA paragraph-element br-paragraph-space\">Para atender \u00e0s diversas necessidades dos clientes, este pr\u00e9mio Long Range Electric Tricycle oferece servi\u00e7os de personaliza\u00e7\u00e3o abrangentes. Em termos de cor, m\u00faltiplas op\u00e7\u00f5es est\u00e3o dispon\u00edveis, e a personaliza\u00e7\u00e3o do logotipo de marca do cliente \u00e9 apoiada - melhorando o reconhecimento de ve\u00edculos e ajudando clientes na promo\u00e7\u00e3o da marca.<\/div>\n<p>&nbsp;<\/p>\n<div class=\"auto-hide-last-sibling-br paragraph-JOTKXA paragraph-element br-paragraph-space\">A flexibilidade de configura\u00e7\u00e3o \u00e9 outra for\u00e7a: capacidade de bateria, dimens\u00f5es de caixa de carga e design exterior podem ser ajustados com base nas demandas do mercado. Se os clientes precisam de baterias de maior capacidade para extens\u00e3o ou caixas de carga especializadas para transportar mercadorias \u00fanicas, essas necessidades s\u00e3o completamente atendidas.<\/div>\n<p>&nbsp;<\/p>\n<div class=\"auto-hide-last-sibling-br paragraph-JOTKXA paragraph-element br-paragraph-space\">Al\u00e9m disso, os servi\u00e7os OEM\/ODM s\u00e3o fornecidos para ajudar os clientes grossistas a estabelecer rapidamente suas pr\u00f3prias marcas, facilitando a expans\u00e3o do mercado local e aumentando a competitividade do mercado.<\/div>\n<p>&nbsp;<\/p>\n<div class=\"auto-hide-last-sibling-br paragraph-JOTKXA paragraph-element br-paragraph-space\">Quantidades m\u00ednimas de encomenda tamb\u00e9m s\u00e3o flex\u00edveis: as encomendas de pequenos lotes s\u00e3o apoiadas, permitindo aos clientes realizar testes de mercado primeiro, com entrega r\u00e1pida. - Clientes cooperativos a longo prazo podem desfrutar de pre\u00e7os mais favor\u00e1veis, alcan\u00e7ando uma parceria de ganho-ganho.<\/div>\n<h2 class=\"header-vfC6AV auto-hide-last-sibling-br\">Campos de Aplica\u00e7\u00e3o Pr\u00e1tica<\/h2>\n<h3 class=\"header-vfC6AV auto-hide-last-sibling-br\">Entrega de Log\u00edstica Interurbana e Rural<\/h3>\n<div class=\"auto-hide-last-sibling-br paragraph-JOTKXA paragraph-element br-paragraph-space\">Na ind\u00fastria expressa e no mercado de grosso, este pr\u00e9mio Long Range Electric Tricycle excele. Ela navega flexivelmente atrav\u00e9s de ruas urbanas e estradas rurais, entregando mercadorias rapidamente e precisamente para destinos, e aumentando a efici\u00eancia log\u00edstica.<\/div>\n<h3 class=\"header-vfC6AV auto-hide-last-sibling-br\">Transito de Produtos Agr\u00edcolas<\/h3>\n<div class=\"auto-hide-last-sibling-br paragraph-JOTKXA paragraph-element br-paragraph-space\">Para o transporte a curta dist\u00e2ncia de produtos agr\u00edcolas (como frutas, verduras, gr\u00e3os) e suprimentos agr\u00edcolas, este e-triciclo \u00e9 uma escolha ideal. Seu desempenho est\u00e1vel e capacidade adequada de carga asseguram a fresca e integridade dos produtos agr\u00edcolas durante o tr\u00e2nsito.<\/div>\n<h3 class=\"header-vfC6AV auto-hide-last-sibling-br\">Site de constru\u00e7\u00e3o Haulage<\/h3>\n<div class=\"auto-hide-last-sibling-br paragraph-JOTKXA paragraph-element br-paragraph-space\">Os locais de constru\u00e7\u00e3o requerem um transporte freq\u00fcente a curta dist\u00e2ncia de materiais como tijolos, cimento e a\u00e7o. Com sua robusta propuls\u00e3o e estrutura s\u00f3lida, o triciclo el\u00e9trico de longa dist\u00e2ncia premium completa facilmente essas tarefas, proporcionando um forte apoio \u00e0s opera\u00e7\u00f5es de constru\u00e7\u00e3o.<\/div>\n<h3 class=\"header-vfC6AV auto-hide-last-sibling-br\">Uso de pequenos vendedores<\/h3>\n<div class=\"auto-hide-last-sibling-br paragraph-JOTKXA paragraph-element br-paragraph-space\">Os retalhistas e vendedores nos mercados dos agricultores tamb\u00e9m beneficiam desta e-tricicleta. \u00c9 conveniente transportar mercadorias entre os pontos de aquisi\u00e7\u00e3o e venda, racionalizando as opera\u00e7\u00f5es de neg\u00f3cios.<\/div>\n<p>&nbsp;<\/p>\n<div class=\"auto-hide-last-sibling-br paragraph-JOTKXA paragraph-element br-paragraph-space\">(Nota: Aqui \u00e9 recomendado combinar com fotos de vida real ou imagens de casos de clientes para aumentar a persuasividade.)<\/div>\n<h2 class=\"header-vfC6AV auto-hide-last-sibling-br\">Por que Partner With Us?<\/h2>\n<ul class=\"auto-hide-last-sibling-br\">\n<li><strong>Propuls\u00e3o robusta e - excelente carga<\/strong>: O motor de 1000W supera os 800 W, tornando o transporte de carga pesada sem esfor\u00e7o.<\/li>\n<li><strong>Rango alargado e Opera\u00e7\u00e3o eficiente<\/strong>: 50-100 km de dist\u00e2ncia atende \u00e0s necessidades de entrega inter-urbana\/rural, reduzindo a frequ\u00eancia de carga e aumentando a efici\u00eancia do trabalho.<\/li>\n<li><strong>Seguro e seguro - confi\u00e1vel<\/strong>: Freado de bateria posterior do disco frontal \u00b7 quadro de a\u00e7o espessado garante plenamente a seguran\u00e7a do transporte sob carga completa.<\/li>\n<li><strong>Capacidade suficiente e - fornecimento est\u00e1vel<\/strong>: 300.000 unidades de produ\u00e7\u00e3o anual sustentam constantemente ordens em massa, eliminando preocupa\u00e7\u00f5es com o invent\u00e1rio.<\/li>\n<li><strong>Adapta\u00e7\u00e3o flex\u00edvel<\/strong>: Externo, configura\u00e7\u00e3o e logos podem ser ajustados para satisfazer necessidades personalizadas.<\/li>\n<li><strong>Depois de vendas sem preocupa\u00e7\u00e3o<\/strong>: Componentes essenciais v\u00eam com uma garantia de um ano, e acess\u00f3rios s\u00e3o fornecidos rapidamente para uso sem problemas.<\/li>\n<li><strong>Alta efic\u00e1cia custo<\/strong>: Perfeito est\u00e1vel, custo menor do que alternativas importadas, e margens de lucro substanciais para os clientes.<\/li>\n<\/ul>\n<h2 class=\"header-vfC6AV auto-hide-last-sibling-br\">Benef\u00edcios de Coopera\u00e7\u00e3o por Grosso<\/h2>\n<ul class=\"auto-hide-last-sibling-br\">\n<li><strong>Pre\u00e7os diretos \u00e0 f\u00e1brica<\/strong>: Eliminar liga\u00e7\u00f5es intermedi\u00e1rias assegura pre\u00e7os competitivos e maiores margens de lucro para os clientes.<\/li>\n<li><strong>Curtos ciclos de entrega<\/strong>: At\u00e9 as encomendas em massa s\u00e3o entregadas rapidamente, ajudando os clientes a atender rapidamente \u00e0 demanda do mercado.<\/li>\n<li><strong>Esper\u00eancia de exporta\u00e7\u00e3o rica<\/strong>: Os produtos s\u00e3o vendidos a mais de 30 pa\u00edses\/regi\u00f5es no Sudeste da \u00c1sia, Oriente M\u00e9dio e \u00c1frica, ganhando confian\u00e7a no cliente com excelente qualidade \u2013 tornando-o uma fonte de grande parte confi\u00e1vel para os Triciclos el\u00e9tricos de longa dist\u00e2ncia.<\/li>\n<li><strong>Garantias s\u00f3lidas de coopera\u00e7\u00e3o a longo prazo<\/strong>: Fornecimento est\u00e1vel e suporte profissional ap\u00f3s vendas ajudam os clientes a expandir rapidamente os mercados e alcan\u00e7ar crescimento sustent\u00e1vel de neg\u00f3cios.<\/li>\n<\/ul>","protected":false},"excerpt":{"rendered":"<p>Esse e-triciclo de transporte de mercadorias premium, com seu desempenho excelente, qualidade confi\u00e1vel e servi\u00e7os abrangentes, se tornou uma ferramenta poderosa para a log\u00edstica eficiente e opera\u00e7\u00f5es de transporte de mercadorias. Se voc\u00ea est\u00e1 buscando um e-triciclo de transporte de mercadorias de alto desempenho, este produto \u00e9 sem d\u00favida sua escolha \u00f3ptima.<\/p>","protected":false},"featured_media":3405,"comment_status":"open","ping_status":"closed","template":"","meta":[],"product_brand":[],"product_cat":[78],"product_tag":[],"class_list":{"0":"post-3404","1":"product","2":"type-product","3":"status-publish","4":"has-post-thumbnail","6":"product_cat-electric-tricycle","8":"first","9":"instock","10":"shipping-taxable","11":"purchasable","12":"product-type-simple"},"_links":{"self":[{"href":"https:\/\/www.tairuiauto.com\/pt\/wp-json\/wp\/v2\/product\/3404","targetHints":{"allow":["GET"]}}],"collection":[{"href":"https:\/\/www.tairuiauto.com\/pt\/wp-json\/wp\/v2\/product"}],"about":[{"href":"https:\/\/www.tairuiauto.com\/pt\/wp-json\/wp\/v2\/types\/product"}],"replies":[{"embeddable":true,"href":"https:\/\/www.tairuiauto.com\/pt\/wp-json\/wp\/v2\/comments?post=3404"}],"wp:featuredmedia":[{"embeddable":true,"href":"https:\/\/www.tairuiauto.com\/pt\/wp-json\/wp\/v2\/media\/3405"}],"wp:attachment":[{"href":"https:\/\/www.tairuiauto.com\/pt\/wp-json\/wp\/v2\/media?parent=3404"}],"wp:term":[{"taxonomy":"product_brand","embeddable":true,"href":"https:\/\/www.tairuiauto.com\/pt\/wp-json\/wp\/v2\/product_brand?post=3404"},{"taxonomy":"product_cat","embeddable":true,"href":"https:\/\/www.tairuiauto.com\/pt\/wp-json\/wp\/v2\/product_cat?post=3404"},{"taxonomy":"product_tag","embeddable":true,"href":"https:\/\/www.tairuiauto.com\/pt\/wp-json\/wp\/v2\/product_tag?post=3404"}],"curies":[{"name":"wp","href":"https:\/\/api.w.org\/{rel}","templated":true}]}}