{"id":3411,"date":"2025-08-24T10:28:17","date_gmt":"2025-08-24T02:28:17","guid":{"rendered":"https:\/\/www.tairuiauto.com\/?post_type=product&#038;p=3411"},"modified":"2025-09-12T10:54:29","modified_gmt":"2025-09-12T02:54:29","slug":"electric-tricycle-an-efficient-transportation-choice","status":"publish","type":"product","link":"https:\/\/www.tairuiauto.com\/pt\/product\/electric-tricycle-an-efficient-transportation-choice\/","title":{"rendered":"Triciclo el\u00e9trico da agricultura"},"content":{"rendered":"<h1 class=\"ace-line heading-h2\" dir=\"auto\" data-node=\"true\"><span data-leaf=\"true\"><span class=\"lb\">Performa\u00e7\u00e3o poderosa para exig\u00eancias de carga pesada<\/span><\/span><span data-string=\"true\" data-enter=\"true\" data-leaf=\"true\">\"<\/span><\/h1>\n<div class=\"ace-line\" dir=\"auto\" data-node=\"true\"><span data-leaf=\"true\"><span class=\"lb\">O sistema de energia central da fazenda \u00e9 equipado com um <\/span><\/span><span data-leaf=\"true\"><span class=\"lb\">motor hidr\u00e1ulico de 1200W<\/span><\/span><span data-leaf=\"true\"><span class=\"lb\">e a tens\u00e3o est\u00e1ndar de funcionamento \u00e9 estabelecida <\/span><\/span><span data-leaf=\"true\"><span class=\"lb\">48\/60V<\/span><\/span><span data-leaf=\"true\"><span class=\"lb\">Essa configura\u00e7\u00e3o pode produzir um momento suficiente para lidar facilmente com v\u00e1rias tarefas de transporte de alta carga, seja alta frequ\u00eancia <\/span><\/span><span data-leaf=\"true\"><span class=\"lb\">volume de neg\u00f3cios de bens<\/span><\/span><span data-leaf=\"true\"><span class=\"lb\"> em distritos urbanos de neg\u00f3cios ou de curta dist\u00e2ncia <\/span><\/span><span data-leaf=\"true\"><span class=\"lb\">distribui\u00e7\u00e3o material<\/span><\/span><span data-leaf=\"true\"><span class=\"lb\"> em \u00e1reas rurais, pode manter um estado operacional est\u00e1vel e eficiente. Em termos de desempenho de condu\u00e7\u00e3o, a velocidade m\u00e1xima deste modelo pode alcan\u00e7ar <\/span><\/span><span data-leaf=\"true\"><span class=\"lb\">30-40 km\/h<\/span><\/span><span data-leaf=\"true\"><span class=\"lb\">, que n\u00e3o s\u00f3 pode satisfazer os requisitos b\u00e1sicos para a velocidade de condu\u00e7\u00e3o nas estradas urbanas, mas tamb\u00e9m se adaptar ao ambiente de tr\u00e2nsito das estradas rurais; o <\/span><\/span><span data-leaf=\"true\"><span class=\"lb\">intervalo por carga<\/span><\/span><span data-leaf=\"true\"><span class=\"lb\"> est\u00e1 entre <\/span><\/span><span data-leaf=\"true\"><span class=\"lb\">50-100 km<\/span><\/span><span data-leaf=\"true\"><span class=\"lb\">, e o valor espec\u00edfico flutuar\u00e1 de acordo com as condi\u00e7\u00f5es de condu\u00e7\u00e3o da estrada (como as rodovias suaves ou as estradas de terra deslizadas) e o peso da carga. Para compradores em massa, esse design equilibrado de velocidade e intervalo significa que o equipamento pode reduzir o tempo de espera de carga em opera\u00e7\u00f5es di\u00e1rias, melhorar a efici\u00eancia de transporte por unidade de tempo, e \u00e9 uma escolha com tanto pr\u00e1tica como valor de investimento.<\/span><\/span><\/div>\n<h1 class=\"ace-line\" dir=\"auto\" data-node=\"true\"><span data-string=\"true\" data-enter=\"true\" data-leaf=\"true\">Par\u00e2metro \u200b<\/span><\/h1>\n<table style=\"border-collapse: collapse; width: 93.8264%; height: 474px;\" border=\"0\" width=\"720\" cellspacing=\"0\" cellpadding=\"0\">\n<tbody>\n<tr style=\"height: 20.00pt;\">\n<td class=\"et5\" style=\"height: 20.00pt; width: 432.45pt;\" colspan=\"2\" width=\"720\" height=\"33\">Configura\u00e7\u00e3o padr\u00e3o<\/td>\n<\/tr>\n<tr style=\"height: 20.00pt;\">\n<td class=\"et5\" style=\"height: 20.00pt;\" height=\"33\">Modelo<\/td>\n<td class=\"et7\"><a href=\"#\u76ee\u5f55!A1\">C117<\/a><\/td>\n<\/tr>\n<tr style=\"height: 20.00pt;\">\n<td class=\"et6\" style=\"height: 20.00pt; width: 159.05pt;\" width=\"265\" height=\"33\">Dimens\u00e3o global<\/td>\n<td class=\"et6\" style=\"width: 273.40pt;\" width=\"455\">2350*1160*1670mm<\/td>\n<\/tr>\n<tr style=\"height: 20.00pt;\">\n<td class=\"et6\" style=\"height: 20.00pt; width: 159.05pt;\" width=\"265\" height=\"33\">Sedes<\/td>\n<td class=\"et6\" style=\"width: 273.40pt;\" width=\"455\">5<\/td>\n<\/tr>\n<tr style=\"height: 20.00pt;\">\n<td class=\"et6\" style=\"height: 20.00pt; width: 159.05pt;\" width=\"265\" height=\"33\">Pot\u00eancia motora hidr\u00e1ulica<\/td>\n<td class=\"et6\" style=\"width: 273.40pt;\" width=\"455\">1200W<\/td>\n<\/tr>\n<tr style=\"height: 20.00pt;\">\n<td class=\"et6\" style=\"height: 20.00pt; width: 159.05pt;\" width=\"265\" height=\"33\">Tens\u00e3o padr\u00e3o<\/td>\n<td class=\"et6\" style=\"width: 273.40pt;\" width=\"455\">48\/60V<\/td>\n<\/tr>\n<tr style=\"height: 20.00pt;\">\n<td class=\"et6\" style=\"height: 20.00pt; width: 159.05pt;\" width=\"265\" height=\"33\">Controlador<\/td>\n<td class=\"et6\" style=\"width: 273.40pt;\" width=\"455\">36Tubo<\/td>\n<\/tr>\n<tr style=\"height: 20.00pt;\">\n<td class=\"et6\" style=\"height: 20.00pt; width: 159.05pt;\" width=\"265\" height=\"33\">Modo de travagem<\/td>\n<td class=\"et6\" style=\"width: 273.40pt;\" width=\"455\">Anterior:tambor  Atr\u00e1s:Disco<\/td>\n<\/tr>\n<tr style=\"height: 20.00pt;\">\n<td class=\"et6\" style=\"height: 20.00pt; width: 159.05pt;\" width=\"265\" height=\"33\">Minimum ground clearance<\/td>\n<td class=\"et6\" style=\"width: 273.40pt;\" width=\"455\">135<\/td>\n<\/tr>\n<tr style=\"height: 20.00pt;\">\n<td class=\"et6\" style=\"height: 20.00pt; width: 159.05pt;\" width=\"265\" height=\"33\">Capacidade de Produ\u00e7\u00e3o<\/td>\n<td class=\"et6\" style=\"width: 273.40pt;\" width=\"455\">300.000 conjuntos\/ano<\/td>\n<\/tr>\n<tr style=\"height: 20.00pt;\">\n<td class=\"et6\" style=\"height: 20.00pt; width: 159.05pt;\" width=\"265\" height=\"33\">Tempo de carga<\/td>\n<td class=\"et6\" style=\"width: 273.40pt;\" width=\"455\">8h<\/td>\n<\/tr>\n<tr style=\"height: 20.00pt;\">\n<td class=\"et6\" style=\"height: 20.00pt; width: 159.05pt;\" width=\"265\" height=\"33\">Tiro Tt Front\/Rear<\/td>\n<td class=\"et6\" style=\"width: 273.40pt;\" width=\"455\">4.00-10<\/td>\n<\/tr>\n<tr style=\"height: 20.00pt;\">\n<td class=\"et6\" style=\"height: 20.00pt; width: 159.05pt;\" width=\"265\" height=\"33\">Escolha de Cores<\/td>\n<td class=\"et6\" style=\"width: 273.40pt;\" width=\"455\">Personalizado<\/td>\n<\/tr>\n<tr style=\"height: 20.00pt;\">\n<td class=\"et6\" style=\"height: 20.00pt; width: 159.05pt;\" width=\"265\" height=\"33\">Origem<\/td>\n<td class=\"et6\" style=\"width: 273.40pt;\" width=\"455\">China<\/td>\n<\/tr>\n<tr style=\"height: 20.00pt;\">\n<td class=\"et6\" style=\"height: 20.00pt; width: 159.05pt;\" width=\"265\" height=\"33\">Range Per Charge\/Km<\/td>\n<td class=\"et6\" style=\"width: 273.40pt;\" width=\"455\">50-100km<\/td>\n<\/tr>\n<tr style=\"height: 20.00pt;\">\n<td class=\"et6\" style=\"height: 20.00pt; width: 159.05pt;\" width=\"265\" height=\"33\">Velocidade m\u00e1xima Km\/H<\/td>\n<td class=\"et6\" style=\"width: 273.40pt;\" width=\"455\">30-40 km\/H<\/td>\n<\/tr>\n<tr style=\"height: 20.00pt;\">\n<td class=\"et6\" style=\"height: 20.00pt; width: 159.05pt;\" width=\"265\" height=\"33\">Glass<\/td>\n<td class=\"et6\" style=\"width: 273.40pt;\" width=\"455\">vidro de m\u00e3o<\/td>\n<\/tr>\n<\/tbody>\n<\/table>\n<h1 class=\"ace-line heading-h2\" dir=\"auto\" data-node=\"true\"><span data-leaf=\"true\"><span class=\"lb\">Design estrutural seguro e confi\u00e1vel<\/span><\/span><span data-string=\"true\" data-enter=\"true\" data-leaf=\"true\">\"<\/span><\/h1>\n<div class=\"ace-line\" dir=\"auto\" data-node=\"true\"><span data-leaf=\"true\"><span class=\"lb\">O desempenho de seguran\u00e7a sempre foi uma considera\u00e7\u00e3o m\u00e1xima para os compradores quando escolheram equipamento de transporte, e o triciclo el\u00e9trico da fazenda foi completamente otimizado nessa dimens\u00e3o. O ve\u00edculo est\u00e1 equipado com um <\/span><\/span><span data-leaf=\"true\"><span class=\"lb\">controlador de 36 tubos<\/span><\/span><span data-leaf=\"true\"><span class=\"lb\">, que pode ajustar a produ\u00e7\u00e3o de energia em tempo real para garantir estabilidade de desempenho durante a condu\u00e7\u00e3o e evitar riscos operacionais causados por flutua\u00e7\u00f5es de energia; o <\/span><\/span><span data-leaf=\"true\"><span class=\"lb\">sistema de travagem<\/span><\/span><span data-leaf=\"true\"><span class=\"lb\"> adota um projeto combinado de trav\u00f5es de tambor frontal e disco traseiro. Essa combina\u00e7\u00e3o pode efetivamente reduzir a dist\u00e2ncia de travagem, proporcionando ao condutor tempo de rea\u00e7\u00e3o suficiente mesmo em situa\u00e7\u00f5es de emerg\u00eancia e reduzindo grandemente a probabilidade de acidentes. Al\u00e9m disso, o <\/span><\/span><span data-leaf=\"true\"><span class=\"lb\">desloca\u00e7\u00e3o de terra<\/span><\/span><span data-leaf=\"true\"><span class=\"lb\"> do modelo alcan\u00e7a <\/span><\/span><span data-leaf=\"true\"><span class=\"lb\">135 mm<\/span><\/span><span data-leaf=\"true\"><span class=\"lb\">Esse par\u00e2metro assegura que quando conduzir por estradas rurais sem salvo ou por estradas urbanas foradas, n\u00e3o \u00e9 f\u00e1cil ter problemas de arranque de chassis, assegurando o tr\u00e1fego suave em condi\u00e7\u00f5es de estrada complexas. A estrutura corporal tem sido submetida a tratamento refor\u00e7ado, e pode manter excelente estabilidade seja transportando passageiros ou transportando mercadorias, reduzindo danos de mercadorias ou desconforto de passageiros causado pelo tremor corporal.<\/span><\/span><span data-string=\"true\" data-enter=\"true\" data-leaf=\"true\">\"<\/span><\/div>\n<h1 class=\"ace-line heading-h2\" dir=\"auto\" data-node=\"true\"><span data-leaf=\"true\"><span class=\"lb\">Produ\u00e7\u00e3o em grande escala assegura um abastecimento est\u00e1vel<\/span><\/span><span data-string=\"true\" data-enter=\"true\" data-leaf=\"true\">\"<\/span><\/h1>\n<div class=\"ace-line\" dir=\"auto\" data-node=\"true\"><span data-leaf=\"true\"><span class=\"lb\">Para compradores em massa, o fornecedor a capacidade de produ\u00e7\u00e3o e a estabilidade do abastecimento afetam diretamente seus pr\u00f3prios planos de opera\u00e7\u00e3o, que tamb\u00e9m \u00e9 uma das compet\u00eancias essenciais do triciclo el\u00e9trico da fazenda. Nossa base de produ\u00e7\u00e3o tem a capacidade de produzir <\/span><\/span><span data-leaf=\"true\"><span class=\"lb\">300.000 tricicletas el\u00e9tricas por ano<\/span><\/span><span data-leaf=\"true\"><span class=\"lb\">Este sistema de produ\u00e7\u00e3o em grande escala n\u00e3o s\u00f3 pode atender \u00e0s necessidades concentradas de aquisi\u00e7\u00e3o durante as \u00e9pocas m\u00e1ximas e assegurar a entrega em tempo de encomendas, mas tamb\u00e9m reflete o processo de produ\u00e7\u00e3o maduro e estritos padr\u00f5es de controle da qualidade. De compras de pe\u00e7as para montagem de ve\u00edculos, cada liga\u00e7\u00e3o \u00e9 gerida sistematicamente, o que n\u00e3o s\u00f3 pode garantir a coer\u00eancia de qualidade de cada ve\u00edculo deixando a f\u00e1brica, mas tamb\u00e9m reduzir os custos de produ\u00e7\u00e3o atrav\u00e9s de economias de escala. Finalmente, proporciona aos compradores em massa pre\u00e7os mais competitivos no mercado e realiza a dupla garantia de &#8220; suprimento est\u00e1vel \u00bf otimiza\u00e7\u00e3o do custo&#8221;.<\/span><\/span><span data-string=\"true\" data-enter=\"true\" data-leaf=\"true\">\"<\/span><\/div>\n<h1 class=\"ace-line heading-h2\" dir=\"auto\" data-node=\"true\"><span data-leaf=\"true\"><span class=\"lb\">Avantagens de custo real\u00e7am a competitividade do mercado<\/span><\/span><span data-string=\"true\" data-enter=\"true\" data-leaf=\"true\">\"<\/span><\/h1>\n<div class=\"ace-line\" dir=\"auto\" data-node=\"true\"><span data-leaf=\"true\"><span class=\"lb\">Em termos de custos de funcionamento, o triciclo el\u00e9trico da fazenda mostra vantagens incompar\u00e1veis em rela\u00e7\u00e3o aos ve\u00edculos tradicionais alimentados com combust\u00edvel. O <\/span><\/span><span data-leaf=\"true\"><span class=\"lb\">tempo completo de carga<\/span><\/span><span data-leaf=\"true\"><span class=\"lb\"> deste modelo \u00e9 sobre <\/span><\/span><span data-leaf=\"true\"><span class=\"lb\">8 horas<\/span><\/span><span data-leaf=\"true\"><span class=\"lb\">Comparado com a freq\u00fcente opera\u00e7\u00e3o de combust\u00edvel de ve\u00edculos alimentados com combust\u00edvel, n\u00e3o s\u00f3 reduz custos de trabalho e tempo, mas tamb\u00e9m obt\u00e9m economias significativas em custos de consumo de energia. De acordo com dados de testes da ind\u00fastria, os custos de funcionamento (incluindo energia, manuten\u00e7\u00e3o, etc.) dos tricicletas el\u00e9tricos podem ser reduzidos at\u00e9 <\/span><\/span><span data-leaf=\"true\"><span class=\"lb\">60%<\/span><\/span><span data-leaf=\"true\"><span class=\"lb\"> em compara\u00e7\u00e3o com ve\u00edculos alimentados com combust\u00edvel em um ciclo de servi\u00e7o de cinco anos. Essa vantagem de custo \u00e9 particularmente importante para ind\u00fastrias que dependem de neg\u00f3cios de transporte, como <\/span><\/span><span data-leaf=\"true\"><span class=\"lb\">transfer \u00eancia de produtos agr\u00edcolas<\/span><\/span><span data-leaf=\"true\"><span class=\"lb\"> no campo agr\u00edcola, <\/span><\/span><span data-leaf=\"true\"><span class=\"lb\">armazenar renova\u00e7\u00e3o<\/span><\/span><span data-leaf=\"true\"><span class=\"lb\"> na ind\u00fastria de retalho, e &#8220; entrega de \u00faltima milha na ind\u00fastria log\u00edstica. Pode ajudar diretamente as empresas a reduzir as despesas de funcionamento, aumentar as margens de lucro gerais e se tornar uma for \u00e7a-chave para que elas se destaquem na concorr\u00eancia de mercado.<\/span><\/span><span data-string=\"true\" data-enter=\"true\" data-leaf=\"true\">\"<\/span><\/div>\n<h1 class=\"ace-line heading-h2\" dir=\"auto\" data-node=\"true\"><span data-leaf=\"true\"><span class=\"lb\">Servi\u00e7os personalizados atendem \u00e0s necessidades diversas<\/span><\/span><span data-string=\"true\" data-enter=\"true\" data-leaf=\"true\">\"<\/span><\/h1>\n<div class=\"ace-line\" dir=\"auto\" data-node=\"true\"><span data-leaf=\"true\"><span class=\"lb\">Estamos bem cientes de que os cen\u00e1rios de mercado servidos por compradores em massa s\u00e3o diferentes, e uma \u00fanica configura\u00e7\u00e3o de produtos n\u00e3o pode satisfazer todas as necessidades. Portanto, o triciclo el\u00e9trico da fazenda fornece flex\u00edvel <\/span><\/span><span data-leaf=\"true\"><span class=\"lb\">solu\u00e7\u00f5es de personaliza\u00e7\u00e3o<\/span><\/span><span data-leaf=\"true\"><span class=\"lb\">. Os compradores podem escolher diferentes cores corporais e configura\u00e7\u00f5es funcionais de acordo com as caracter\u00edsticas do mercado alvo: por exemplo, para cen\u00e1rios urbanos de transporte de passageiros a curta dist\u00e2ncia, podem ser adicionadas configura\u00e7\u00f5es de conforto de assentos; Para as necessidades de transporte de mercadorias rurais, a capacidade de carga da caixa de carga pode ser refor\u00e7ada; para pequenas empresas log\u00edsticas, o design do espa\u00e7o de armazenamento pode ser otimizado. Seja servir os operadores de t\u00e1xi urbanos, os agricultores rurais, ou as pequenas e m\u00e9dias empresas comerciais e comerciais, as especifica\u00e7\u00f5es de produtos personalizadas podem permitir que o JIEBAO3 se adapte melhor \u00e0s necessidades do mercado local e ajudar os compradores em massa a melhorar a aceita\u00e7\u00e3o e a rendibilidade dos produtos no mercado terminal.<\/span><\/span><span data-string=\"true\" data-enter=\"true\" data-leaf=\"true\">\"<\/span><\/div>\n<div class=\"ace-line heading-h2\" dir=\"auto\" data-node=\"true\"><span data-leaf=\"true\"><span class=\"lb\">Atributos Verdes Alinham com as tend\u00eancias futuras<\/span><\/span><span data-string=\"true\" data-enter=\"true\" data-leaf=\"true\">\"<\/span><\/div>\n<div class=\"ace-line\" dir=\"auto\" data-node=\"true\"><span data-leaf=\"true\"><span class=\"lb\">Atualmente, governos em todo o mundo est\u00e3o activamente promovendo <\/span><\/span><span data-leaf=\"true\"><span class=\"lb\">transi\u00e7\u00e3o de energia limpa<\/span><\/span><span data-leaf=\"true\"><span class=\"lb\"> e introduzir uma s\u00e9rie de pol\u00edticas para incentivar o uso <\/span><\/span><span data-leaf=\"true\"><span class=\"lb\">ve\u00edculos de baixa emiss\u00e3o<\/span><\/span><span data-leaf=\"true\"><span class=\"lb\">A escolha de comprar em massa triciclos el\u00e9tricos da fazenda n\u00e3o s\u00f3 pode ajudar as empresas a reduzir as emiss\u00f5es de carbono durante a opera\u00e7\u00e3o e praticar o conceito de <\/span><\/span><span data-leaf=\"true\"><span class=\"lb\">desenvolvimento verde<\/span><\/span><span data-leaf=\"true\"><span class=\"lb\"> mas tamb\u00e9m permitir que elas se adaptem aos futuros requisitos regulamentares de prote\u00e7\u00e3o ambiental em anteced\u00eancia e evitam riscos operacionais causados por mudan\u00e7as pol\u00edticas. Com a melhoria cont\u00ednua dos padr\u00f5es urbanos de prote\u00e7\u00e3o ambiental e o aprofundamento da aten\u00e7\u00e3o \u00e0 prote\u00e7\u00e3o ecol\u00f3gica nas zonas rurais, a demanda de tricicletas el\u00e9tricas com atributos tanto de pr\u00e1tica como de prote\u00e7\u00e3o ambiental continuar\u00e1 definitivamente a crescer. A implementa\u00e7\u00e3o neste dom\u00ednio neste momento ir\u00e1 sem d\u00favida colocar a base para as empresas aproveitarem oportunidades futuras de mercado.<\/span><\/span><span data-string=\"true\" data-enter=\"true\" data-leaf=\"true\">\"<\/span><\/div>\n<h1 class=\"ace-line heading-h2\" dir=\"auto\" data-node=\"true\"><span data-leaf=\"true\"><span class=\"lb\">Conclus\u00e3o<\/span><\/span><span data-string=\"true\" data-enter=\"true\" data-leaf=\"true\">\"<\/span><\/h1>\n<div class=\"ace-line\" dir=\"auto\" data-node=\"true\"><span data-leaf=\"true\"><span class=\"lb\">O triciclo el\u00e9trico da fazenda n\u00e3o \u00e9 apenas uma ferramenta de transporte simples, mas um parceiro confi\u00e1vel para compradores em massa no processo de busca de durabilidade do equipamento, otimiza\u00e7\u00e3o de custos e competitividade do mercado. - Desde o desempenho de energia praticamente verificado at\u00e9 a produ\u00e7\u00e3o em grande escala que assegura um abastecimento est\u00e1vel; - dos servi\u00e7os personalizados que se adaptam \u00e0s diversas necessidades aos atributos verdes que se alinham com tend\u00eancias futuras, todas as vantagens s\u00e3o projetadas para criar valor a longo prazo para os compradores. Para empresas que planejam expandir suas frotas de transporte, escolher o triciclo el\u00e9trico da fazenda significa combinar efici\u00eancia operacional com o conceito de desenvolvimento sustent\u00e1vel \u2013 e esses dois elementos s\u00e3o o n\u00facleo da defini\u00e7\u00e3o da dire\u00e7\u00e3o de desenvolvimento do futuro campo de transporte a curta dist\u00e2ncia. Seja para melhorar a rentabilidade das empresas existentes ou explorar novas \u00e1reas de mercado, o JIEBAO3 pode se tornar um forte apoio \u00e0s empresas para alcan\u00e7ar seus objetivos e ajud\u00e1-las a construir vantagens a longo prazo na concorr\u00eancia da ind\u00fastria.<\/span><\/span><\/div>","protected":false},"excerpt":{"rendered":"<p><span data-leaf=\"true\"><span class=\"lb\">No contexto do crescimento cont\u00ednuo da demanda global de <\/span><\/span><span data-leaf=\"true\"><span class=\"lb\">ve\u00edculos de energia limpa<\/span><\/span><span data-leaf=\"true\"><span class=\"lb\">, tricicletas el\u00e9tricas, com suas caracter\u00edsticas flex\u00edveis e pr\u00e1ticas, gradualmente se tornaram uma solu\u00e7\u00e3o principal nos campos de <\/span><\/span><span data-leaf=\"true\"><span class=\"lb\">entrega de bens<\/span><\/span><span data-leaf=\"true\"><span class=\"lb\"> e a dist\u00e2ncia curta <\/span><\/span><span data-leaf=\"true\"><span class=\"lb\">transporte de passageiros<\/span><\/span><span data-leaf=\"true\"><span class=\"lb\">Para <\/span><\/span><span data-leaf=\"true\"><span class=\"lb\">compradores em massa<\/span><\/span><span data-leaf=\"true\"><span class=\"lb\"> que se concentram no valor operacional a longo prazo, perseguem a estabilidade do equipamento e benef\u00edcios econ\u00f4micos, o triciclo el\u00e9trico JIEBAO3 que lan\u00e7amos, confiando em sua posi\u00e7\u00e3o precisa de produtos e vantagens abrangentes outstanding, proporciona uma <\/span><\/span><span data-leaf=\"true\"><span class=\"lb\">orientada para o desenvolvimento sustent\u00e1vel<\/span><\/span><span data-leaf=\"true\"><span class=\"lb\"> nova op\u00e7\u00e3o para modernos <\/span><\/span><span data-leaf=\"true\"><span class=\"lb\">distribui\u00e7\u00e3o log\u00edstica<\/span><\/span><span data-leaf=\"true\"><span class=\"lb\"> e cen\u00e1rios de viagem di\u00e1ria comparados com os tradicionais <\/span><\/span><span data-leaf=\"true\"><span class=\"lb\">ve\u00edculos alimentados com combust\u00edvel<\/span><\/span><span data-leaf=\"true\"><span class=\"lb\">.<\/span><\/span><\/p>","protected":false},"featured_media":3412,"comment_status":"open","ping_status":"closed","template":"","meta":[],"product_brand":[],"product_cat":[78],"product_tag":[],"class_list":{"0":"post-3411","1":"product","2":"type-product","3":"status-publish","4":"has-post-thumbnail","6":"product_cat-electric-tricycle","8":"first","9":"instock","10":"shipping-taxable","11":"product-type-simple"},"_links":{"self":[{"href":"https:\/\/www.tairuiauto.com\/pt\/wp-json\/wp\/v2\/product\/3411","targetHints":{"allow":["GET"]}}],"collection":[{"href":"https:\/\/www.tairuiauto.com\/pt\/wp-json\/wp\/v2\/product"}],"about":[{"href":"https:\/\/www.tairuiauto.com\/pt\/wp-json\/wp\/v2\/types\/product"}],"replies":[{"embeddable":true,"href":"https:\/\/www.tairuiauto.com\/pt\/wp-json\/wp\/v2\/comments?post=3411"}],"wp:featuredmedia":[{"embeddable":true,"href":"https:\/\/www.tairuiauto.com\/pt\/wp-json\/wp\/v2\/media\/3412"}],"wp:attachment":[{"href":"https:\/\/www.tairuiauto.com\/pt\/wp-json\/wp\/v2\/media?parent=3411"}],"wp:term":[{"taxonomy":"product_brand","embeddable":true,"href":"https:\/\/www.tairuiauto.com\/pt\/wp-json\/wp\/v2\/product_brand?post=3411"},{"taxonomy":"product_cat","embeddable":true,"href":"https:\/\/www.tairuiauto.com\/pt\/wp-json\/wp\/v2\/product_cat?post=3411"},{"taxonomy":"product_tag","embeddable":true,"href":"https:\/\/www.tairuiauto.com\/pt\/wp-json\/wp\/v2\/product_tag?post=3411"}],"curies":[{"name":"wp","href":"https:\/\/api.w.org\/{rel}","templated":true}]}}