{"id":3419,"date":"2025-08-25T10:00:28","date_gmt":"2025-08-25T02:00:28","guid":{"rendered":"https:\/\/www.tairuiauto.com\/?post_type=product&#038;p=3419"},"modified":"2025-08-27T11:02:28","modified_gmt":"2025-08-27T03:02:28","slug":"jieda-electric-3-wheel-tricycle","status":"publish","type":"product","link":"https:\/\/www.tairuiauto.com\/pt\/product\/jieda-electric-3-wheel-tricycle\/","title":{"rendered":"Triciclo el\u00e9trico de 3 rodas"},"content":{"rendered":"<h3 class=\"header-vfC6AV auto-hide-last-sibling-br\">Introdu\u00e7\u00e3o de Produtos<\/h3>\n<div class=\"auto-hide-last-sibling-br paragraph-JOTKXA paragraph-element br-paragraph-space\">Activado por um motor sem pincel 48V\/60V 800W e parejado com baterias de \u00e1cido chumbo 48V\/60V 45AH-60AH, Electric 3-Wheel Tricycle Jieda fornece um desempenho equilibrado: uma velocidade m\u00e1xima de 30-40 km\/h, uma gama de carga \u00fanica de 40-60 km e um tempo de carga de 6-8 horas, perfeitamente adequado para viagens di\u00e1rias de curta dist\u00e2ncia. Suas dimens\u00f5es compactas (aproximadamente 2700 \u00d7 1100 \u00d7 1400 mm) asseguram manevrabilidade f\u00e1cil em ruas cheias, enquanto uma capacidade de carga de at\u00e9 200kg \u2013 dividida entre a \u00e1rea de carga posterior e o armazenamento de baixo-assento \u2013 acrescenta sua funcionalidade. Equipado com freios de tambor de frente e de tr\u00e1s, absortores de choque de primavera e pneus anti-deslizante, este trique de utilidade el\u00e9trica prioriza seguran\u00e7a e conforto, consolidando seu papel como solu\u00e7\u00e3o de transporte di\u00e1rio confi\u00e1vel.<\/div>\n<div><img fetchpriority=\"high\" decoding=\"async\" class=\"alignnone size-medium wp-image-3420\" src=\"https:\/\/www.tairuiauto.com\/wp-content\/uploads\/2025\/08\/1-7-300x300.jpg\" alt=\"JIEDA Electric 3 Wheel\" width=\"300\" height=\"300\" srcset=\"\" sizes=\"(max-width: 300px) 100vw, 300px\" data-srcset=\"\" \/> <img decoding=\"async\" class=\"alignnone size-medium wp-image-3422\" src=\"https:\/\/www.tairuiauto.com\/wp-content\/uploads\/2025\/08\/3-5-300x300.jpg\" alt=\"\" width=\"300\" height=\"300\" srcset=\"\" sizes=\"(max-width: 300px) 100vw, 300px\" data-srcset=\"\" \/><img decoding=\"async\" class=\"alignnone size-medium wp-image-3421\" src=\"https:\/\/www.tairuiauto.com\/wp-content\/uploads\/2025\/08\/2-5-300x300.jpg\" alt=\"\" width=\"300\" height=\"300\" srcset=\"\" sizes=\"(max-width: 300px) 100vw, 300px\" data-srcset=\"\" \/><\/div>\n<h3><strong>\u200b Lista de par\u00e2metros<\/strong><\/h3>\n<div class=\"kche-wrap-width\">\n<div class=\"kche-t154\">\n<div class=\"kche-t154-contant\">\n<div class=\"kche-t154-list\">\n<div class=\"kche-t154-item\">\n<div class=\"kche-t154-img\">\n<div class=\"auto-hide-last-sibling-br paragraph-JOTKXA paragraph-element br-paragraph-space\">\n<table style=\"border-collapse: collapse; width: 68.7969%; height: 625px;\" border=\"0\" width=\"720\" cellspacing=\"0\" cellpadding=\"0\">\n<tbody>\n<tr style=\"height: 20.00pt;\">\n<td class=\"et4\" style=\"height: 20.00pt; width: 159.05pt;\" width=\"265\" height=\"33\">Modelo<\/td>\n<td class=\"et6\" style=\"width: 273.40pt;\" width=\"455\">JIEDA Electric 3 Wheel Tricycle<\/td>\n<\/tr>\n<tr style=\"height: 20.00pt;\">\n<td class=\"et5\" style=\"height: 20.00pt; width: 159.05pt;\" width=\"265\" height=\"33\">L\u00d7W\u00d7H(mm)<\/td>\n<td class=\"et5\" style=\"width: 273.40pt;\" width=\"455\">2980\u00d71080\u00d71340<\/td>\n<\/tr>\n<tr style=\"height: 20.00pt;\">\n<td class=\"et5\" style=\"height: 20.00pt; width: 159.05pt;\" width=\"265\" height=\"33\">Tamanho da caixa de carga (mm)<\/td>\n<td class=\"et5\" style=\"width: 273.40pt;\" width=\"455\">1500\u00d71000<\/td>\n<\/tr>\n<tr style=\"height: 20.00pt;\">\n<td class=\"et5\" style=\"height: 20.00pt; width: 159.05pt;\" width=\"265\" height=\"33\">Base da roda (mm)<\/td>\n<td class=\"et5\" style=\"width: 273.40pt;\" width=\"455\">2040<\/td>\n<\/tr>\n<tr style=\"height: 20.00pt;\">\n<td class=\"et5\" style=\"height: 20.00pt; width: 159.05pt;\" width=\"265\" height=\"33\">Rota(mm)<\/td>\n<td class=\"et5\" style=\"width: 273.40pt;\" width=\"455\">880<\/td>\n<\/tr>\n<tr style=\"height: 20.00pt;\">\n<td class=\"et5\" style=\"height: 20.00pt; width: 159.05pt;\" width=\"265\" height=\"33\">Atra\u00e7\u00e3o m\u00ednima do solo (mm)<\/td>\n<td class=\"et5\" style=\"width: 273.40pt;\" width=\"455\">\u2265150<\/td>\n<\/tr>\n<tr style=\"height: 20.00pt;\">\n<td class=\"et5\" style=\"height: 20.00pt; width: 159.05pt;\" width=\"265\" height=\"33\">R\u00e1dio m \u00ednimo de giro (m)<\/td>\n<td class=\"et5\" style=\"width: 273.40pt;\" width=\"455\">\u22644<\/td>\n<\/tr>\n<tr style=\"height: 20.00pt;\">\n<td class=\"et5\" style=\"height: 20.00pt; width: 159.05pt;\" width=\"265\" height=\"33\">Peso curvo (kg)<\/td>\n<td class=\"et5\" style=\"width: 273.40pt;\" width=\"455\">196<\/td>\n<\/tr>\n<tr style=\"height: 20.00pt;\">\n<td class=\"et5\" style=\"height: 20.00pt; width: 159.05pt;\" width=\"265\" height=\"33\">Velocidade m\u00e1xima (km\/h)<\/td>\n<td class=\"et5\" style=\"width: 273.40pt;\" width=\"455\">35-45<\/td>\n<\/tr>\n<tr style=\"height: 20.00pt;\">\n<td class=\"et5\" style=\"height: 20.00pt; width: 159.05pt;\" width=\"265\" height=\"33\">Capacidade de grau (%)<\/td>\n<td class=\"et5\" style=\"width: 273.40pt;\" width=\"455\">\u226415<\/td>\n<\/tr>\n<tr style=\"height: 20.00pt;\">\n<td class=\"et5\" style=\"height: 20.00pt; width: 159.05pt;\" width=\"265\" height=\"33\">Bateria<\/td>\n<td class=\"et5\" style=\"width: 273.40pt;\" width=\"455\">48\/60V45AH-58AH<\/td>\n<\/tr>\n<tr style=\"height: 20.00pt;\">\n<td class=\"et5\" style=\"height: 20.00pt; width: 159.05pt;\" width=\"265\" height=\"33\">Motor, Controller(w)<\/td>\n<td class=\"et5\" style=\"width: 273.40pt;\" width=\"455\">Im\u00e3 permanente 48\/60V800W<\/td>\n<\/tr>\n<tr style=\"height: 20.00pt;\">\n<td class=\"et5\" style=\"height: 20.00pt; width: 159.05pt;\" width=\"265\" height=\"33\">Range per charging(km)<\/td>\n<td class=\"et5\" style=\"width: 273.40pt;\" width=\"455\">50-70<\/td>\n<\/tr>\n<tr style=\"height: 20.00pt;\">\n<td class=\"et5\" style=\"height: 20.00pt; width: 159.05pt;\" width=\"265\" height=\"33\">Tempo de carga(h)<\/td>\n<td class=\"et5\" style=\"width: 273.40pt;\" width=\"455\">6~8h<\/td>\n<\/tr>\n<tr style=\"height: 20.00pt;\">\n<td class=\"et5\" style=\"height: 20.00pt; width: 159.05pt;\" width=\"265\" height=\"33\">absortor de choque frontal<\/td>\n<td class=\"et5\" style=\"width: 273.40pt;\" width=\"455\">\u03c637 Outer spring Drum shock absorver<\/td>\n<\/tr>\n<tr style=\"height: 20.00pt;\">\n<td class=\"et5\" style=\"height: 20.00pt; width: 159.05pt;\" width=\"265\" height=\"33\">Absorbidor de choque posterior<\/td>\n<td class=\"et5\" style=\"width: 273.40pt;\" width=\"455\">espiragem de folhas<\/td>\n<\/tr>\n<tr style=\"height: 20.00pt;\">\n<td class=\"et5\" style=\"height: 20.00pt; width: 159.05pt;\" width=\"265\" height=\"33\">pneu anterior\/posterior<\/td>\n<td class=\"et5\" style=\"width: 273.40pt;\" width=\"455\">3.50-12\/3.75-12<\/td>\n<\/tr>\n<tr style=\"height: 20.00pt;\">\n<td class=\"et5\" style=\"height: 20.00pt; width: 159.05pt;\" width=\"265\" height=\"33\">Tipo de rim<\/td>\n<td class=\"et5\" style=\"width: 273.40pt;\" width=\"455\">a\u00e7o<\/td>\n<\/tr>\n<tr style=\"height: 20.00pt;\">\n<td class=\"et5\" style=\"height: 20.00pt; width: 159.05pt;\" width=\"265\" height=\"33\">Tipo de freno frontal\/posterior<\/td>\n<td class=\"et5\" style=\"width: 273.40pt;\" width=\"455\">Um arrasto tr\u00eas trav\u00f5es de tambor<\/td>\n<\/tr>\n<tr style=\"height: 20.00pt;\">\n<td class=\"et5\" style=\"height: 20.00pt; width: 159.05pt;\" width=\"265\" height=\"33\">Frego de estacionamento<\/td>\n<td class=\"et5\" style=\"width: 273.40pt;\" width=\"455\">Mano Brake<\/td>\n<\/tr>\n<tr style=\"height: 20.00pt;\">\n<td class=\"et5\" style=\"height: 20.00pt; width: 159.05pt;\" width=\"265\" height=\"33\">Estrutura de eixo traseiro<\/td>\n<td class=\"et5\" style=\"width: 273.40pt;\" width=\"455\">Axo Inferior Integrado<\/td>\n<\/tr>\n<\/tbody>\n<\/table>\n<\/div>\n<h3 class=\"header-vfC6AV auto-hide-last-sibling-br\">Key Selling Points<\/h3>\n<ol class=\"auto-hide-last-sibling-br\">\n<li>\n<div class=\"auto-hide-last-sibling-br paragraph-JOTKXA paragraph-element br-paragraph-space\"><strong>Design de Dois Objectivos para Comutar e Retirar Luz<\/strong><br class=\"container-utlnW2 wrapper-d0Cc1k undefined\" \/>Triciclo el\u00e9trico de 3 rodas Jieda brilha como um multitarefa, transitando de um viajante familiar para um carregador de carga ligeiro. Sua espacial \u00e1rea de carga posterior (800 \u00d7 600 mm) lida com alimentos, pequenos pacotes ou ferramentas, enquanto o assento frontal confort\u00e1vel acomoda 1-2 passageiros \u2013 eliminando a necessidade de ve\u00edculos separados. Seja executar miss\u00f5es na cidade ou entregar pequenos itens para um neg\u00f3cio local, o Electric 3-Wheel Tricycle Jieda se prova como um e-trique flex\u00edvel de Jieda que se adapta \u00e0s demandas di\u00e1rias sem compromisso.<\/div>\n<\/li>\n<li>\n<div class=\"auto-hide-last-sibling-br paragraph-JOTKXA paragraph-element br-paragraph-space\"><strong>Experi\u00eancia de viagem suave e confort\u00e1vel<\/strong><br class=\"container-utlnW2 wrapper-d0Cc1k undefined\" \/>O conforto em conduzir \u00e9 uma caracter\u00edstica destacada do Triciclo Electric 3-Wheel Jieda, gra\u00e7as a seus absortores de choque de primavera e assento empurrado que cushion bate em estradas desiguais. O motor sem pincel funciona em sil\u00eancio, reduzindo a polui\u00e7\u00e3o de ru\u00eddo \u2013 ideal para \u00e1reas residenciais \u2013 enquanto o design ergon\u00f4mico da barra de manejo minimiza a fadiga do condutor durante longas viagens. Ao contr\u00e1rio das alternativas cruzadas, o Electric 3-Wheel Tricycle Jieda assegura que o motorista e os passageiros gozam de uma jornada suave, tornando-a uma escolha superior para aqueles que priorizam o conforto em um ve\u00edculo el\u00e9trico de tr\u00eas rodas.<\/div>\n<\/li>\n<li>\n<div class=\"auto-hide-last-sibling-br paragraph-JOTKXA paragraph-element br-paragraph-space\"><strong>Performa\u00e7\u00e3o de bateria confi\u00e1vel para uso di\u00e1rio<\/strong><br class=\"container-utlnW2 wrapper-d0Cc1k undefined\" \/>Com baterias 48V\/60V 45AH-60AH, Electric 3-Wheel Tricycle Jieda oferece uma dist\u00e2ncia de 40-60 km \u2013 mais do que o suficiente para um dia inteiro de viagens, encomendas ou entregas de luz. O tempo de carregamento de 6-8 horas se encaixa facilmente em rotinas de noite, ent\u00e3o o trique de utilidade el\u00e9trica est\u00e1 sempre pronto de manh\u00e3. Mesmo com cargas parciais, a bateria mant\u00e9m desempenho consistente, evitando quedas s\u00fabitas de energia que podem perturbar planos. Para usu\u00e1rios que precisam de confiabilidade di\u00e1ria, o Electric 3-Wheel Tricycle Jieda fornece sem fracasso.<\/div>\n<\/li>\n<li>\n<div class=\"auto-hide-last-sibling-br paragraph-JOTKXA paragraph-element br-paragraph-space\"><strong>Compact and Agile for Urban Navigation<\/strong><br class=\"container-utlnW2 wrapper-d0Cc1k undefined\" \/>O tamanho compacto do triciclo el\u00e9trico Jieda (2700 \u00d7 1100 \u00d7 1400 mm) e o raio de viragem estreito fazem dele um mestre de manobras urban a s. Ela glide por corredores estreitos, aperta em pequenos estacionamentos e navega por ruas ocupadas de mercado onde ve\u00edculos maiores lutam. Essa agilidade reduz o tempo de viagem e o estresse, seja arrogante entre blocos urbanos ou tecendo por caminhos rurais. Para habitantes urbanos cansados de transporte em massa, Electric 3-Wheel Tricycle Jieda oferece o equil\u00edbrio perfeito de tamanho e funcionalidade.<\/div>\n<\/li>\n<\/ol>\n<h3 class=\"header-vfC6AV auto-hide-last-sibling-br\">Diferenciar Avan\u00e7os<\/h3>\n<ol class=\"auto-hide-last-sibling-br\">\n<li>\n<div class=\"auto-hide-last-sibling-br paragraph-JOTKXA paragraph-element br-paragraph-space\"><strong>Verdadeira Versatilidade de Dois Objectivos<\/strong><br class=\"container-utlnW2 wrapper-d0Cc1k undefined\" \/>Ao contr\u00e1rio de triques projetados exclusivamente para uso de carga ou passageiros, o Electric 3-Wheel Tricycle Jieda excele em ambos, com uma \u00e1rea de carga que n\u00e3o sacrifica o conforto dos passageiros. Isso torna o e-trique de Jieda ideal para usu\u00e1rios que precisam de um ve\u00edculo para m\u00faltiplos pap\u00e9is \u2013 como pais que compram ap\u00f3s a escola correm ou propriet\u00e1rios de pequenos neg\u00f3cios que viajam e entregam.<\/div>\n<\/li>\n<li>\n<div class=\"auto-hide-last-sibling-br paragraph-JOTKXA paragraph-element br-paragraph-space\"><strong>Opera\u00e7\u00e3o silenciosa para uso de vizinhan\u00e7a<\/strong><br class=\"container-utlnW2 wrapper-d0Cc1k undefined\" \/>Seu motor sem pincel coloca o Electric 3-Wheel Tricycle Jieda a parte de triques ruidosos e tradicionais. Esse desempenho tranquilo \u00e9 um benef\u00edcio para viagens de manh\u00e3 cedo ou tarde \u00e0 noite, evitando perturba\u00e7\u00f5es em \u00e1reas residenciais - uma caracter\u00edstica raramente priorizada em outros ve\u00edculos el\u00e9tricos de tr\u00eas rodas.<\/div>\n<\/li>\n<li>\n<div class=\"auto-hide-last-sibling-br paragraph-JOTKXA paragraph-element br-paragraph-space\"><strong>Pot\u00eancia e efici\u00eancia equilibradas<\/strong><br class=\"container-utlnW2 wrapper-d0Cc1k undefined\" \/>O motor el\u00e9trico de 3 rodas Jieda de 800W atinge um equil\u00edbrio perfeito: energia suficiente para lidar com inclina\u00e7\u00f5es (\u226415% gradeabilidade) e cargas ligeiras, sem consumo excessivo de energia que reduz o intervalo. Essa efici\u00eancia supera modelos insuficientes que lutam com inclina\u00e7\u00f5es e excessivas que desperdi\u00e7am bateria.<\/div>\n<\/li>\n<li>\n<div class=\"auto-hide-last-sibling-br paragraph-JOTKXA paragraph-element br-paragraph-space\"><strong>Ergonomia Central-Utilizador<\/strong><br class=\"container-utlnW2 wrapper-d0Cc1k undefined\" \/>Desde seu assento cheio at\u00e9 seus controles de f\u00e1cil alcance e armazenamento de baixo assento, Electric 3-Wheel Tricycle Jieda prioriza o conforto do usu\u00e1rio em todos os detalhes. Contrariamente aos triques utilit\u00e1rios com design r\u00edgido, ele assegura que os motoristas permanecem relaxados mesmo ap\u00f3s horas de uso \u2013 fazendo com que a utilidade el\u00e9trica trique uma alegria de operar diariamente.<\/div>\n<\/li>\n<\/ol>\n<h3 class=\"header-vfC6AV auto-hide-last-sibling-br\">FAQ<\/h3>\n<div class=\"auto-hide-last-sibling-br paragraph-JOTKXA paragraph-element br-paragraph-space\"><strong>Q1: Qual \u00e9 o n\u00famero m\u00e1ximo de passageiros Electric 3-Wheel Tricycle Jieda pode carregar?<\/strong><br class=\"container-utlnW2 wrapper-d0Cc1k undefined\" \/>A: O banco prim\u00e1rio \u00e9 projetado para um motorista adulto, com um banco secund\u00e1rio que pode acomodar confort\u00e1velmente uma crian\u00e7a ou um adulto pequeno, fazendo um total de 2 passageiros. Para a seguran\u00e7a, evita sobrecargar a \u00e1rea de assento, pois isso pode afetar o equil\u00edbrio e o desempenho de travagem. A \u00e1rea de carga posterior \u00e9 estritamente para mercadorias, n\u00e3o passageiros.<\/div>\n<h3 class=\"header-vfC6AV auto-hide-last-sibling-br\"><\/h3>\n<div class=\"auto-hide-last-sibling-br paragraph-JOTKXA paragraph-element br-paragraph-space\"><strong>Q2: Como a temperatura afeta a vida da bateria do trigo eletr\u00f4nico Jieda?<\/strong><br class=\"container-utlnW2 wrapper-d0Cc1k undefined\" \/>A: O desempenho da bateria \u00e9 sens\u00edvel a temperaturas extremas. Em tempo frio (abaixo de 5\u00b0C), o intervalo pode diminuir 15-25% devido \u00e0 redu\u00e7\u00e3o da atividade qu\u00edmica nas baterias. Em tempo quente (acima de 35\u00b0C), deve ser evitada sobrecarga, uma vez que altas temperaturas podem degradar as c\u00e9lulas de bateria. Para manter o desempenho \u00f3ptimo, armazenar o ve\u00edculo el\u00e9trico de tr\u00eas rodas numa \u00e1rea sombriada e controlada pela temperatura quando n\u00e3o est\u00e1 em uso, e carregar em condi\u00e7\u00f5es moderadas.<\/div>\n<h3 class=\"header-vfC6AV auto-hide-last-sibling-br\"><\/h3>\n<div class=\"auto-hide-last-sibling-br paragraph-JOTKXA paragraph-element br-paragraph-space\"><strong>Q3: Quantas vezes os trav\u00f5es e os absortores de choque devem ser mantidos?<\/strong><br class=\"container-utlnW2 wrapper-d0Cc1k undefined\" \/>A: Para freios: Inspei\u00e7\u00e3o dos freios de tambor a cada 3 meses ou 500 km. Clean brake pads of dust and adjust tension if braking feels loose. - Substituir as placas usadas imediatamente para garantir a seguran\u00e7a. Para absortores de choque: Verifique se h\u00e1 vazamentos ou reduzir a humidade a cada 6 meses. Lubricar pe\u00e7as em movimento anualmente para manter uma opera\u00e7\u00e3o suave. A manuten\u00e7\u00e3o regular assegura que a Jieda Triciclo el\u00e9trico de 3 rodas permanece segura e confort\u00e1vel.<\/div>\n<h3 class=\"header-vfC6AV auto-hide-last-sibling-br\"><\/h3>\n<div class=\"auto-hide-last-sibling-br paragraph-JOTKXA paragraph-element br-paragraph-space\"><strong>Q4: A bateria pode ser actualizada para uma capacidade maior?<\/strong><br class=\"container-utlnW2 wrapper-d0Cc1k undefined\" \/>A: Sim, a bateria pode ser actualizada para um modelo 60V 60AH (da base 45AH) para ampliar o intervalo em aproximadamente 20-25%. No entanto, sempre usam baterias aprovadas pelo fabricante para garantir a compatibilidade com o motor e o sistema de carga. A actualiza\u00e7\u00e3o pode aumentar ligeiramente o tempo de carga (em 1-2 horas) mas \u00e9 uma op\u00e7\u00e3o vi\u00e1vel para os usu\u00e1rios que precisam de intervalo di\u00e1rio mais longo. Consulte um traficante certificado para instala\u00e7\u00e3o para evitar a nulidade da garantia.<\/div>\n<\/div>\n<\/div>\n<\/div>\n<\/div>\n<\/div>\n<\/div>","protected":false},"excerpt":{"rendered":"<p>A electric 3-Wheel Tricycle Jieda \u00e9 uma vers\u00e1til electric three-wheeler engenhada para atender tanto as necessidades di\u00e1rias de viagem como de carga ligeira, tornando-a um e-trique ideal para residentes urbanos, propriet\u00e1rios de pequenos neg\u00f3cios e usu\u00e1rios rurais. Combinando a pr\u00e1tica com um design amig\u00e1vel ao usu\u00e1rio, este ve\u00edculo el\u00e9trico de tr\u00eas rodas apresenta um arranjo ergon\u00f4mico de assentos, amplo espa\u00e7o de armazenamento e desempenho confi\u00e1vel para lidar com diversos cen\u00e1rios \u2013 desde transferir membros da fam\u00edlia para transportar pequenos bens como mercadorias ou provis\u00f5es de lojas.<\/p>","protected":false},"featured_media":3420,"comment_status":"open","ping_status":"closed","template":"","meta":[],"product_brand":[],"product_cat":[78],"product_tag":[],"class_list":{"0":"post-3419","1":"product","2":"type-product","3":"status-publish","4":"has-post-thumbnail","6":"product_cat-electric-tricycle","8":"first","9":"instock","10":"shipping-taxable","11":"purchasable","12":"product-type-simple"},"_links":{"self":[{"href":"https:\/\/www.tairuiauto.com\/pt\/wp-json\/wp\/v2\/product\/3419","targetHints":{"allow":["GET"]}}],"collection":[{"href":"https:\/\/www.tairuiauto.com\/pt\/wp-json\/wp\/v2\/product"}],"about":[{"href":"https:\/\/www.tairuiauto.com\/pt\/wp-json\/wp\/v2\/types\/product"}],"replies":[{"embeddable":true,"href":"https:\/\/www.tairuiauto.com\/pt\/wp-json\/wp\/v2\/comments?post=3419"}],"wp:featuredmedia":[{"embeddable":true,"href":"https:\/\/www.tairuiauto.com\/pt\/wp-json\/wp\/v2\/media\/3420"}],"wp:attachment":[{"href":"https:\/\/www.tairuiauto.com\/pt\/wp-json\/wp\/v2\/media?parent=3419"}],"wp:term":[{"taxonomy":"product_brand","embeddable":true,"href":"https:\/\/www.tairuiauto.com\/pt\/wp-json\/wp\/v2\/product_brand?post=3419"},{"taxonomy":"product_cat","embeddable":true,"href":"https:\/\/www.tairuiauto.com\/pt\/wp-json\/wp\/v2\/product_cat?post=3419"},{"taxonomy":"product_tag","embeddable":true,"href":"https:\/\/www.tairuiauto.com\/pt\/wp-json\/wp\/v2\/product_tag?post=3419"}],"curies":[{"name":"wp","href":"https:\/\/api.w.org\/{rel}","templated":true}]}}