{"id":3427,"date":"2025-08-26T10:10:55","date_gmt":"2025-08-26T02:10:55","guid":{"rendered":"https:\/\/www.tairuiauto.com\/?post_type=product&#038;p=3427"},"modified":"2025-09-12T13:35:01","modified_gmt":"2025-09-12T05:35:01","slug":"durable-three-wheel-electric-vehicle-for-cargo-and-business-use","status":"publish","type":"product","link":"https:\/\/www.tairuiauto.com\/pt\/product\/durable-three-wheel-electric-vehicle-for-cargo-and-business-use\/","title":{"rendered":"Triciclo el\u00e9trico industrial"},"content":{"rendered":"<h1 data-start=\"670\" data-end=\"973\"><strong data-start=\"670\" data-end=\"690\">Vista geral<\/strong><\/h1>\n<p data-start=\"670\" data-end=\"973\">O Triciclo Electrico Industrial \u00e9 um <strong data-start=\"710\" data-end=\"742\">ve\u00edculo el\u00e9trico de tr\u00eas rodas<\/strong> desenvolvido para transporte em massa e uso profissional. Combinando resist\u00eancia, seguran\u00e7a e baixos custos de manuten\u00e7\u00e3o, este modelo \u00e9 adaptado para compradores grossistas que precisam de confiabilidade em log\u00edstica, agricultura e distribui\u00e7\u00e3o de retalho.<\/p>\n<h2 data-start=\"975\" data-end=\"1263\"><strong data-start=\"975\" data-end=\"995\">Categoria de produtos<\/strong><\/h2>\n<p data-start=\"975\" data-end=\"1263\">Esta s\u00e9rie pertence <strong data-start=\"1021\" data-end=\"1051\">carga de ve\u00edculos de tr\u00eas rodas<\/strong>especificamente projetado para carregar cargas em vez de passageiros. Oferece um excelente equil\u00edbrio entre capacidade de transporte, efici\u00eancia e seguran\u00e7a operacional, tornando-o ideal para transporte m\u00e9dio e pesado.<\/p>\n<h2 data-start=\"1265\" data-end=\"1623\"><strong data-start=\"1265\" data-end=\"1289\">Descri\u00e7\u00e3o detalhada<\/strong><\/h2>\n<p data-start=\"1265\" data-end=\"1623\">O Triciclo Electrical Industrial vem com dimens\u00f5es gerais de 2980\u00d71080\u00d71340 mm e um tamanho de cama de carga de 1500\u00d71000 mm, assegurando espa\u00e7o generoso para mercadorias. Com um motor magn\u00e9tico permanente de 800W alimentado por uma bateria de 48\/60V 45\u201358AH, ele fornece uma faixa de viagem de 50\u201370 km por carga. Um tempo de carga de 6\u20138 horas o torna altamente pr\u00e1tico para uso di\u00e1rio.<\/p>\n<h1 data-start=\"1625\" data-end=\"1644\"><strong data-start=\"1625\" data-end=\"1642\">Benef\u00edcios Principais<\/strong><\/h1>\n<ul data-start=\"1645\" data-end=\"2271\">\n<li data-start=\"1645\" data-end=\"1760\">\n<p data-start=\"1647\" data-end=\"1760\"><strong data-start=\"1647\" data-end=\"1669\">Alta For\u00e7a de Carga<\/strong>: Caixa de carga de estrutura de a\u00e7o e chassis refor\u00e7ado garantem o transporte seguro de mercadorias em massa.<\/p>\n<\/li>\n<li data-start=\"1761\" data-end=\"1908\">\n<p data-start=\"1763\" data-end=\"1908\"><strong data-start=\"1763\" data-end=\"1781\">Condu\u00e7\u00e3o suave<\/strong>: Equipado com uma suspens\u00e3o posterior de molha de folha e absortores de choque de tambor de molha externa \u00d831, reduz vibra\u00e7\u00e3o em estradas colisivas.<\/p>\n<\/li>\n<li data-start=\"1909\" data-end=\"2024\">\n<p data-start=\"1911\" data-end=\"2024\"><strong data-start=\"1911\" data-end=\"1930\">Seguran\u00e7a confi\u00e1vel<\/strong>: Funciona um sistema de travagem de um tiro-tr\u00eas tambor combinado com um freio de estacionamento manual.<\/p>\n<\/li>\n<li data-start=\"2025\" data-end=\"2151\">\n<p data-start=\"2027\" data-end=\"2151\"><strong data-start=\"2027\" data-end=\"2046\">Velocidade Optimizada<\/strong>: Com uma velocidade m\u00e1xima de 35-45 km\/h, ela garante uma opera\u00e7\u00e3o de poupan\u00e7a de energia sem comprometer a produtividade.<\/p>\n<\/li>\n<li data-start=\"2152\" data-end=\"2271\">\n<p data-start=\"2154\" data-end=\"2271\"><strong data-start=\"2154\" data-end=\"2175\">Uso multiprop\u00f3sito<\/strong>: Perfeito para fazendas, log\u00edstica da cidade, projetos de constru\u00e7\u00e3o e distribui\u00e7\u00e3o ao retalho da \u00faltima milha.<\/p>\n<\/li>\n<\/ul>\n<h2 data-start=\"2273\" data-end=\"2303\"><strong data-start=\"2273\" data-end=\"2301\">Especifica\u00e7\u00f5es T\u00e9cnicas<\/strong><\/h2>\n<table style=\"border-collapse: collapse; width: 93.6215%; height: 609px;\" border=\"0\" width=\"720\" cellspacing=\"0\" cellpadding=\"0\">\n<tbody>\n<tr style=\"height: 20.00pt;\">\n<td class=\"et5\" style=\"height: 20.00pt; width: 432.45pt;\" colspan=\"2\" width=\"720\" height=\"33\">Configura\u00e7\u00e3o padr\u00e3o<\/td>\n<\/tr>\n<tr style=\"height: 20.00pt;\">\n<td class=\"et5\" style=\"height: 20.00pt;\" height=\"33\">Modelo<\/td>\n<td class=\"et7\"><a href=\"#\u76ee\u5f55!A1\">C107<\/a><\/td>\n<\/tr>\n<tr style=\"height: 20.00pt;\">\n<td class=\"et6\" style=\"height: 20.00pt; width: 159.05pt;\" width=\"265\" height=\"33\">L\u00d7W\u00d7H(mm)<\/td>\n<td class=\"et6\" style=\"width: 273.40pt;\" width=\"455\">2980\u00d71080\u00d71340<\/td>\n<\/tr>\n<tr style=\"height: 20.00pt;\">\n<td class=\"et6\" style=\"height: 20.00pt; width: 159.05pt;\" width=\"265\" height=\"33\">Tamanho da caixa de carga (mm)<\/td>\n<td class=\"et6\" style=\"width: 273.40pt;\" width=\"455\">1500\u00d71000<\/td>\n<\/tr>\n<tr style=\"height: 20.00pt;\">\n<td class=\"et6\" style=\"height: 20.00pt; width: 159.05pt;\" width=\"265\" height=\"33\">Base da roda (mm)<\/td>\n<td class=\"et6\" style=\"width: 273.40pt;\" width=\"455\">2040<\/td>\n<\/tr>\n<tr style=\"height: 20.00pt;\">\n<td class=\"et6\" style=\"height: 20.00pt; width: 159.05pt;\" width=\"265\" height=\"33\">Rota(mm)<\/td>\n<td class=\"et6\" style=\"width: 273.40pt;\" width=\"455\">880<\/td>\n<\/tr>\n<tr style=\"height: 20.00pt;\">\n<td class=\"et6\" style=\"height: 20.00pt; width: 159.05pt;\" width=\"265\" height=\"33\">Atra\u00e7\u00e3o m\u00ednima do solo (mm)<\/td>\n<td class=\"et6\" style=\"width: 273.40pt;\" width=\"455\">\u2265150<\/td>\n<\/tr>\n<tr style=\"height: 20.00pt;\">\n<td class=\"et6\" style=\"height: 20.00pt; width: 159.05pt;\" width=\"265\" height=\"33\">R\u00e1dio m \u00ednimo de giro (m)<\/td>\n<td class=\"et6\" style=\"width: 273.40pt;\" width=\"455\">\u22644<\/td>\n<\/tr>\n<tr style=\"height: 20.00pt;\">\n<td class=\"et6\" style=\"height: 20.00pt; width: 159.05pt;\" width=\"265\" height=\"33\">Peso curvo (kg)<\/td>\n<td class=\"et6\" style=\"width: 273.40pt;\" width=\"455\">196<\/td>\n<\/tr>\n<tr style=\"height: 20.00pt;\">\n<td class=\"et6\" style=\"height: 20.00pt; width: 159.05pt;\" width=\"265\" height=\"33\">Velocidade m\u00e1xima (km\/h)<\/td>\n<td class=\"et6\" style=\"width: 273.40pt;\" width=\"455\">35-45<\/td>\n<\/tr>\n<tr style=\"height: 20.00pt;\">\n<td class=\"et6\" style=\"height: 20.00pt; width: 159.05pt;\" width=\"265\" height=\"33\">Capacidade de grau (%)<\/td>\n<td class=\"et6\" style=\"width: 273.40pt;\" width=\"455\">\u226415<\/td>\n<\/tr>\n<tr style=\"height: 20.00pt;\">\n<td class=\"et6\" style=\"height: 20.00pt; width: 159.05pt;\" width=\"265\" height=\"33\">Bateria<\/td>\n<td class=\"et6\" style=\"width: 273.40pt;\" width=\"455\">48\/60V45AH-58AH<\/td>\n<\/tr>\n<tr style=\"height: 20.00pt;\">\n<td class=\"et6\" style=\"height: 20.00pt; width: 159.05pt;\" width=\"265\" height=\"33\">Motor, Controller(w)<\/td>\n<td class=\"et6\" style=\"width: 273.40pt;\" width=\"455\">Im\u00e3 permanente 48\/60V800W<\/td>\n<\/tr>\n<tr style=\"height: 20.00pt;\">\n<td class=\"et6\" style=\"height: 20.00pt; width: 159.05pt;\" width=\"265\" height=\"33\">Range per charging(km)<\/td>\n<td class=\"et6\" style=\"width: 273.40pt;\" width=\"455\">50-70<\/td>\n<\/tr>\n<tr style=\"height: 20.00pt;\">\n<td class=\"et6\" style=\"height: 20.00pt; width: 159.05pt;\" width=\"265\" height=\"33\">Tempo de carga(h)<\/td>\n<td class=\"et6\" style=\"width: 273.40pt;\" width=\"455\">6~8h<\/td>\n<\/tr>\n<tr style=\"height: 20.00pt;\">\n<td class=\"et6\" style=\"height: 20.00pt; width: 159.05pt;\" width=\"265\" height=\"33\">absortor de choque frontal<\/td>\n<td class=\"et6\" style=\"width: 273.40pt;\" width=\"455\">\u03c631 Outer spring Drum shock absorver<\/td>\n<\/tr>\n<tr style=\"height: 20.00pt;\">\n<td class=\"et6\" style=\"height: 20.00pt; width: 159.05pt;\" width=\"265\" height=\"33\">Absorbidor de choque posterior<\/td>\n<td class=\"et6\" style=\"width: 273.40pt;\" width=\"455\">espiragem de folhas<\/td>\n<\/tr>\n<tr style=\"height: 20.00pt;\">\n<td class=\"et6\" style=\"height: 20.00pt; width: 159.05pt;\" width=\"265\" height=\"33\">pneu anterior\/posterior<\/td>\n<td class=\"et6\" style=\"width: 273.40pt;\" width=\"455\">3.00-12\/3.50-12<\/td>\n<\/tr>\n<tr style=\"height: 20.00pt;\">\n<td class=\"et6\" style=\"height: 20.00pt; width: 159.05pt;\" width=\"265\" height=\"33\">Tipo de rim<\/td>\n<td class=\"et6\" style=\"width: 273.40pt;\" width=\"455\">a\u00e7o<\/td>\n<\/tr>\n<tr style=\"height: 20.00pt;\">\n<td class=\"et6\" style=\"height: 20.00pt; width: 159.05pt;\" width=\"265\" height=\"33\">Tipo de freno frontal\/posterior<\/td>\n<td class=\"et6\" style=\"width: 273.40pt;\" width=\"455\">Um arrasto tr\u00eas trav\u00f5es de tambor<\/td>\n<\/tr>\n<tr style=\"height: 20.00pt;\">\n<td class=\"et6\" style=\"height: 20.00pt; width: 159.05pt;\" width=\"265\" height=\"33\">Frego de estacionamento<\/td>\n<td class=\"et6\" style=\"width: 273.40pt;\" width=\"455\">Mano Brake<\/td>\n<\/tr>\n<tr style=\"height: 20.00pt;\">\n<td class=\"et6\" style=\"height: 20.00pt; width: 159.05pt;\" width=\"265\" height=\"33\">Estrutura de eixo traseiro<\/td>\n<td class=\"et6\" style=\"width: 273.40pt;\" width=\"455\">Axo Inferior Integrado<\/td>\n<\/tr>\n<\/tbody>\n<\/table>\n<h2 data-start=\"2711\" data-end=\"2991\"><strong data-start=\"2711\" data-end=\"2735\">Design e Materiales<\/strong><\/h2>\n<p data-start=\"2711\" data-end=\"2991\">Constru\u00eddo com quadros de a\u00e7o fortes e reboques de a\u00e7o duradouros, isso <strong data-start=\"2804\" data-end=\"2837\">tr\u00eas rodas motorizadas pela bateria<\/strong> fornece uma longa vida de servi\u00e7o. O design ergon\u00f4mico do assento garante conforto para os motoristas, enquanto a caixa de carga aberta permite carga e descarga eficientes.<\/p>\n<h2 data-start=\"2993\" data-end=\"3075\"><strong data-start=\"2993\" data-end=\"3019\">Op\u00e7\u00f5es OEM e Aduaneira<\/strong><\/h2>\n<p data-start=\"2993\" data-end=\"3075\">N\u00f3s fornecemos servi\u00e7os extensos de OEM para distribuidores:<\/p>\n<ul data-start=\"3076\" data-end=\"3256\">\n<li data-start=\"3076\" data-end=\"3106\">\n<p data-start=\"3078\" data-end=\"3106\">Tamanhos de cama de carga ajustados<\/p>\n<\/li>\n<li data-start=\"3107\" data-end=\"3161\">\n<p data-start=\"3109\" data-end=\"3161\">Escolha da espessura de material e tratamento de superf\u00edcie<\/p>\n<\/li>\n<li data-start=\"3162\" data-end=\"3209\">\n<p data-start=\"3164\" data-end=\"3209\">Op\u00e7\u00f5es de bateria alargadas para quil\u00f4metros mais longos<\/p>\n<\/li>\n<li data-start=\"3210\" data-end=\"3256\">\n<p data-start=\"3212\" data-end=\"3256\">A personaliza\u00e7\u00e3o da marca com logos do cliente<\/p>\n<\/li>\n<\/ul>\n<h2 data-start=\"3258\" data-end=\"3363\"><strong data-start=\"3258\" data-end=\"3279\">Assuran\u00e7a de Qualidade<\/strong><\/h2>\n<p data-start=\"3258\" data-end=\"3363\">Cada <strong data-start=\"3287\" data-end=\"3317\">ve\u00edculo comercial de tr\u00eas rodas<\/strong> passa por testes e inspec\u00e7\u00f5es estritos:<\/p>\n<ul data-start=\"3364\" data-end=\"3554\">\n<li data-start=\"3364\" data-end=\"3414\">\n<p data-start=\"3366\" data-end=\"3414\">Sueldagem e pintura autom\u00e1ticas para a coer\u00eancia<\/p>\n<\/li>\n<li data-start=\"3415\" data-end=\"3462\">\n<p data-start=\"3417\" data-end=\"3462\">Testes de descarga de bateria e resist\u00eancia motora<\/p>\n<\/li>\n<li data-start=\"3463\" data-end=\"3513\">\n<p data-start=\"3465\" data-end=\"3513\">Testes de carga e travagem antes da entrega<\/p>\n<\/li>\n<li data-start=\"3514\" data-end=\"3554\">\n<p data-start=\"3516\" data-end=\"3554\">Certificado nos padr\u00f5es CE e ISO<\/p>\n<\/li>\n<\/ul>\n<h2 data-start=\"3556\" data-end=\"3581\"><strong data-start=\"3556\" data-end=\"3579\">Apoio ap\u00f3s vendas<\/strong><\/h2>\n<ul data-start=\"3582\" data-end=\"3888\">\n<li data-start=\"3582\" data-end=\"3649\">\n<p data-start=\"3584\" data-end=\"3649\"><strong data-start=\"3584\" data-end=\"3608\">embalagem e - Enviar<\/strong>: Embalagem segura para o transporte global<\/p>\n<\/li>\n<li data-start=\"3650\" data-end=\"3731\">\n<p data-start=\"3652\" data-end=\"3731\"><strong data-start=\"3652\" data-end=\"3675\">Assembleia e Treinamento<\/strong>: Guias f\u00e1ceis de seguir com suporte de treinamento facultativo<\/p>\n<\/li>\n<li data-start=\"3732\" data-end=\"3804\">\n<p data-start=\"3734\" data-end=\"3804\"><strong data-start=\"3734\" data-end=\"3749\">Partes de emerg\u00eancia<\/strong>: Disponibilidade de pe\u00e7as a longo prazo com servi\u00e7o t\u00e9cnico<\/p>\n<\/li>\n<li data-start=\"3805\" data-end=\"3888\">\n<p data-start=\"3807\" data-end=\"3888\"><strong data-start=\"3807\" data-end=\"3819\">Garantia<\/strong>: Uma cobertura de um ano para componentes principais incluindo motor e bateria<\/p>\n<\/li>\n<\/ul>\n<h1 data-start=\"3890\" data-end=\"3973\"><strong data-start=\"3890\" data-end=\"3906\">Aplica\u00e7\u00f5es<\/strong><\/h1>\n<p data-start=\"3890\" data-end=\"3973\">Isto <strong data-start=\"3914\" data-end=\"3948\">ve\u00edculo pesado de tr\u00eas rodas<\/strong> \u00e9 amplamente adotada para:<\/p>\n<ul data-start=\"3974\" data-end=\"4130\">\n<li data-start=\"3974\" data-end=\"4019\">\n<p data-start=\"3976\" data-end=\"4019\">Transportes agr\u00edcolas e de abastecimento agr\u00edcola<\/p>\n<\/li>\n<li data-start=\"4020\" data-end=\"4054\">\n<p data-start=\"4022\" data-end=\"4054\">Entrega de material de constru\u00e7\u00e3o<\/p>\n<\/li>\n<li data-start=\"4055\" data-end=\"4090\">\n<p data-start=\"4057\" data-end=\"4090\">Distribui\u00e7\u00e3o de retalho e mercadorias<\/p>\n<\/li>\n<li data-start=\"4091\" data-end=\"4130\">\n<p data-start=\"4093\" data-end=\"4130\">Servi\u00e7os urbanos e coleta de res\u00edduos<\/p>\n<\/li>\n<\/ul>\n<h1 data-start=\"4132\" data-end=\"4258\"><strong data-start=\"4132\" data-end=\"4154\">Exemplares para compradores<\/strong><\/h1>\n<p data-start=\"4132\" data-end=\"4258\">As unidades de amostra est\u00e3o dispon\u00edveis para os grossistas para verificar o desempenho antes de se comprometer com grandes encomendas.<\/p>","protected":false},"excerpt":{"rendered":"<p>O JIEBAO2 \u00e9 um <strong data-start=\"710\" data-end=\"742\">ve\u00edculo el\u00e9trico de tr\u00eas rodas<\/strong> desenvolvido para transporte em massa e uso profissional. Combinando resist\u00eancia, seguran\u00e7a e baixos custos de manuten\u00e7\u00e3o, este modelo \u00e9 adaptado para compradores grossistas que precisam de confiabilidade em log\u00edstica, agricultura e distribui\u00e7\u00e3o ao retalho<\/p>","protected":false},"featured_media":3671,"comment_status":"open","ping_status":"closed","template":"","meta":[],"product_brand":[],"product_cat":[78],"product_tag":[],"class_list":{"0":"post-3427","1":"product","2":"type-product","3":"status-publish","4":"has-post-thumbnail","6":"product_cat-electric-tricycle","8":"first","9":"instock","10":"shipping-taxable","11":"purchasable","12":"product-type-simple"},"_links":{"self":[{"href":"https:\/\/www.tairuiauto.com\/pt\/wp-json\/wp\/v2\/product\/3427","targetHints":{"allow":["GET"]}}],"collection":[{"href":"https:\/\/www.tairuiauto.com\/pt\/wp-json\/wp\/v2\/product"}],"about":[{"href":"https:\/\/www.tairuiauto.com\/pt\/wp-json\/wp\/v2\/types\/product"}],"replies":[{"embeddable":true,"href":"https:\/\/www.tairuiauto.com\/pt\/wp-json\/wp\/v2\/comments?post=3427"}],"wp:featuredmedia":[{"embeddable":true,"href":"https:\/\/www.tairuiauto.com\/pt\/wp-json\/wp\/v2\/media\/3671"}],"wp:attachment":[{"href":"https:\/\/www.tairuiauto.com\/pt\/wp-json\/wp\/v2\/media?parent=3427"}],"wp:term":[{"taxonomy":"product_brand","embeddable":true,"href":"https:\/\/www.tairuiauto.com\/pt\/wp-json\/wp\/v2\/product_brand?post=3427"},{"taxonomy":"product_cat","embeddable":true,"href":"https:\/\/www.tairuiauto.com\/pt\/wp-json\/wp\/v2\/product_cat?post=3427"},{"taxonomy":"product_tag","embeddable":true,"href":"https:\/\/www.tairuiauto.com\/pt\/wp-json\/wp\/v2\/product_tag?post=3427"}],"curies":[{"name":"wp","href":"https:\/\/api.w.org\/{rel}","templated":true}]}}