{"id":3428,"date":"2026-01-15T09:59:09","date_gmt":"2026-01-15T01:59:09","guid":{"rendered":"https:\/\/www.tairuiauto.com\/?post_type=product&#038;p=3428"},"modified":"2026-01-27T10:38:23","modified_gmt":"2026-01-27T02:38:23","slug":"cargo-electric-tricycle-1-3m","status":"publish","type":"product","link":"https:\/\/www.tairuiauto.com\/pt\/product\/cargo-electric-tricycle-1-3m\/","title":{"rendered":"Ve\u00edculo el\u00e9trico de carga para transporte de curta dist\u00e2ncia"},"content":{"rendered":"<h2 data-start=\"487\" data-end=\"506\">Vista geral dos produtos<\/h2>\n<div class=\"kche-wrap-width\">\n<div class=\"kche-t154\">\n<div class=\"kche-t154-contant\">\n<div class=\"kche-t154-list\">\n<div class=\"kche-t154-item\">\n<div class=\"kche-t154-img\">\n<div class=\"auto-hide-last-sibling-br paragraph-JOTKXA paragraph-element br-paragraph-space\">\n<div class=\"auto-hide-last-sibling-br paragraph-JOTKXA paragraph-element br-paragraph-space\">\n<p data-start=\"508\" data-end=\"814\">O <strong data-start=\"512\" data-end=\"567\">Ve\u00edculo el\u00e9trico de carga para transporte de curta dist\u00e2ncia<\/strong> \u00e9 um ve\u00edculo de utilidade el\u00e9trica compacto projetado para movimento di\u00e1rio de carga em ambientes urbanos e semiurbanos. Sua estrutura ligeira, raio de giro estreito e capacidade pr\u00e1tica de carga tornam-na ideal para opera\u00e7\u00f5es de alta frequ\u00eancia a curta dist\u00e2ncia.<\/p>\n<table style=\"border-collapse: collapse; width: 74.5993%; height: 676px;\" border=\"0\" width=\"720\" cellspacing=\"0\" cellpadding=\"0\">\n<tbody>\n<tr style=\"height: 20.00pt;\">\n<td class=\"et4\" style=\"height: 20.00pt; width: 159.05pt;\" width=\"265\" height=\"33\">Modelo<\/td>\n<td class=\"et6\" style=\"width: 273.40pt;\" width=\"455\">Ve\u00edculo el\u00e9trico de carga para transporte de curta dist\u00e2ncia<\/td>\n<\/tr>\n<tr style=\"height: 20.00pt;\">\n<td class=\"et5\" style=\"height: 20.00pt; width: 159.05pt;\" width=\"265\" height=\"33\">L\u00d7W\u00d7H(mm)<\/td>\n<td class=\"et5\" style=\"width: 273.40pt;\" width=\"455\">2980\u00d71080\u00d71340<\/td>\n<\/tr>\n<tr style=\"height: 20.00pt;\">\n<td class=\"et5\" style=\"height: 20.00pt; width: 159.05pt;\" width=\"265\" height=\"33\">Tamanho da caixa de carga (mm)<\/td>\n<td class=\"et5\" style=\"width: 273.40pt;\" width=\"455\">1300x950<\/td>\n<\/tr>\n<tr style=\"height: 20.00pt;\">\n<td class=\"et5\" style=\"height: 20.00pt; width: 159.05pt;\" width=\"265\" height=\"33\">Base da roda (mm)<\/td>\n<td class=\"et5\" style=\"width: 273.40pt;\" width=\"455\">2040<\/td>\n<\/tr>\n<tr style=\"height: 20.00pt;\">\n<td class=\"et5\" style=\"height: 20.00pt; width: 159.05pt;\" width=\"265\" height=\"33\">Rota(mm)<\/td>\n<td class=\"et5\" style=\"width: 273.40pt;\" width=\"455\">880<\/td>\n<\/tr>\n<tr style=\"height: 20.00pt;\">\n<td class=\"et5\" style=\"height: 20.00pt; width: 159.05pt;\" width=\"265\" height=\"33\">Atra\u00e7\u00e3o m\u00ednima do solo (mm)<\/td>\n<td class=\"et5\" style=\"width: 273.40pt;\" width=\"455\">\u2265150<\/td>\n<\/tr>\n<tr style=\"height: 20.00pt;\">\n<td class=\"et5\" style=\"height: 20.00pt; width: 159.05pt;\" width=\"265\" height=\"33\">R\u00e1dio m \u00ednimo de giro (m)<\/td>\n<td class=\"et5\" style=\"width: 273.40pt;\" width=\"455\">\u22644<\/td>\n<\/tr>\n<tr style=\"height: 20.00pt;\">\n<td class=\"et5\" style=\"height: 20.00pt; width: 159.05pt;\" width=\"265\" height=\"33\">Peso curvo (kg)<\/td>\n<td class=\"et5\" style=\"width: 273.40pt;\" width=\"455\">196<\/td>\n<\/tr>\n<tr style=\"height: 20.00pt;\">\n<td class=\"et5\" style=\"height: 20.00pt; width: 159.05pt;\" width=\"265\" height=\"33\">Velocidade m\u00e1xima (km\/h)<\/td>\n<td class=\"et5\" style=\"width: 273.40pt;\" width=\"455\">35-45<\/td>\n<\/tr>\n<tr style=\"height: 20.00pt;\">\n<td class=\"et5\" style=\"height: 20.00pt; width: 159.05pt;\" width=\"265\" height=\"33\">Capacidade de grau (%)<\/td>\n<td class=\"et5\" style=\"width: 273.40pt;\" width=\"455\">\u226415<\/td>\n<\/tr>\n<tr style=\"height: 20.00pt;\">\n<td class=\"et5\" style=\"height: 20.00pt; width: 159.05pt;\" width=\"265\" height=\"33\">Bateria<\/td>\n<td class=\"et5\" style=\"width: 273.40pt;\" width=\"455\">48\/60V45AH-58AH<\/td>\n<\/tr>\n<tr style=\"height: 20.00pt;\">\n<td class=\"et5\" style=\"height: 20.00pt; width: 159.05pt;\" width=\"265\" height=\"33\">Motor, Controller(w)<\/td>\n<td class=\"et5\" style=\"width: 273.40pt;\" width=\"455\">Im\u00e3 permanente 48\/60V 800W\/1000W<\/td>\n<\/tr>\n<tr style=\"height: 20.00pt;\">\n<td class=\"et5\" style=\"height: 20.00pt; width: 159.05pt;\" width=\"265\" height=\"33\">Range per charging(km)<\/td>\n<td class=\"et5\" style=\"width: 273.40pt;\" width=\"455\">50-70<\/td>\n<\/tr>\n<tr style=\"height: 20.00pt;\">\n<td class=\"et5\" style=\"height: 20.00pt; width: 159.05pt;\" width=\"265\" height=\"33\">Tempo de carga(h)<\/td>\n<td class=\"et5\" style=\"width: 273.40pt;\" width=\"455\">6~8h<\/td>\n<\/tr>\n<tr style=\"height: 20.00pt;\">\n<td class=\"et5\" style=\"height: 20.00pt; width: 159.05pt;\" width=\"265\" height=\"33\">absortor de choque frontal<\/td>\n<td class=\"et5\" style=\"width: 273.40pt;\" width=\"455\">\u03c631 Outer spring Drum shock absorver<\/td>\n<\/tr>\n<tr style=\"height: 20.00pt;\">\n<td class=\"et5\" style=\"height: 20.00pt; width: 159.05pt;\" width=\"265\" height=\"33\">Absorbidor de choque posterior<\/td>\n<td class=\"et5\" style=\"width: 273.40pt;\" width=\"455\">espiragem de folhas<\/td>\n<\/tr>\n<tr style=\"height: 20.00pt;\">\n<td class=\"et5\" style=\"height: 20.00pt; width: 159.05pt;\" width=\"265\" height=\"33\">pneu anterior\/posterior<\/td>\n<td class=\"et5\" style=\"width: 273.40pt;\" width=\"455\">3.00-12\/3.50-12<\/td>\n<\/tr>\n<tr style=\"height: 20.00pt;\">\n<td class=\"et5\" style=\"height: 20.00pt; width: 159.05pt;\" width=\"265\" height=\"33\">Tipo de rim<\/td>\n<td class=\"et5\" style=\"width: 273.40pt;\" width=\"455\">a\u00e7o<\/td>\n<\/tr>\n<tr style=\"height: 20.00pt;\">\n<td class=\"et5\" style=\"height: 20.00pt; width: 159.05pt;\" width=\"265\" height=\"33\">Tipo de freno frontal\/posterior<\/td>\n<td class=\"et5\" style=\"width: 273.40pt;\" width=\"455\">Um arrasto tr\u00eas trav\u00f5es de tambor<\/td>\n<\/tr>\n<tr style=\"height: 20.00pt;\">\n<td class=\"et5\" style=\"height: 20.00pt; width: 159.05pt;\" width=\"265\" height=\"33\">Frego de estacionamento<\/td>\n<td class=\"et5\" style=\"width: 273.40pt;\" width=\"455\">Mano Brake<\/td>\n<\/tr>\n<tr style=\"height: 20.00pt;\">\n<td class=\"et5\" style=\"height: 20.00pt; width: 159.05pt;\" width=\"265\" height=\"33\">Estrutura de eixo traseiro<\/td>\n<td class=\"et5\" style=\"width: 273.40pt;\" width=\"455\">Axo Inferior Integrado<\/td>\n<\/tr>\n<\/tbody>\n<\/table>\n<hr data-start=\"816\" data-end=\"819\" \/>\n<h2 data-start=\"821\" data-end=\"843\">Descri\u00e7\u00e3o do produto<\/h2>\n<h3 data-start=\"845\" data-end=\"867\">Categoria de produtos<\/h3>\n<p data-start=\"868\" data-end=\"961\">Ve\u00edculo el\u00e9trico de carga \/ Ve\u00edculo comercial el\u00e9trico de luz \/ Ve\u00edculo de transporte de curta dist\u00e2ncia<\/p>\n<h3 data-start=\"963\" data-end=\"988\">Descri\u00e7\u00e3o do produto<\/h3>\n<p data-start=\"990\" data-end=\"1284\">O <strong data-start=\"994\" data-end=\"1049\">Ve\u00edculo el\u00e9trico de carga para transporte de curta dist\u00e2ncia<\/strong> \u00e9 desenvolvida para atender \u00e0s necessidades de log\u00edstica urbana eficiente e econ\u00f4mica. Com dimens\u00f5es gerais de <strong data-start=\"1153\" data-end=\"1178\">2980 \u00d7 1080 \u00d7 1340 mm<\/strong>o ve\u00edculo oferece uma excelente maneuverabilidade em ruas estreitas, parques industriais e \u00e1reas residenciais.<\/p>\n<p data-start=\"1286\" data-end=\"1588\">O ve\u00edculo apresenta um <strong data-start=\"1309\" data-end=\"1344\">tamanho de caixa de carga de 1300 \u00d7 950 mm<\/strong>fornecendo espa\u00e7o suficiente para o transporte di\u00e1rio de mercadorias, entrega de parcelas e fornecimento de servi\u00e7os. A <strong data-start=\"1446\" data-end=\"1470\">base de rodas de 2040 mm<\/strong> combinados com um <strong data-start=\"1487\" data-end=\"1526\">raio m\u00ednimo de giro de \u22644 metros<\/strong> assegura manejo \u00e1gil e funcionamento f\u00e1cil em espa\u00e7os confinados.<\/p>\n<p data-start=\"1590\" data-end=\"2054\">Fornecida por um <strong data-start=\"1603\" data-end=\"1637\">Motor magn\u00e9tico permanente 48V\/60V<\/strong> com <strong data-start=\"1643\" data-end=\"1664\">Sa\u00edda de 800W-1000W<\/strong>, parejado com um controlador correspondente, o ve\u00edculo fornece energia est\u00e1vel e eficiente para tarefas de transporte a curta dist\u00e2ncia. O sistema de bateria oferece m\u00faltiplas configura\u00e7\u00f5es (<strong data-start=\"1836\" data-end=\"1861\">48V ou 60V, 45Ah\u201358Ah<\/strong>), permitindo uma <strong data-start=\"1875\" data-end=\"1915\">dist\u00e2ncia de condu\u00e7\u00e3o de 50-70 km por carga<\/strong>, adequados para ciclos frequentes de entrega urbana. O tempo de carga \u00e9 aproximadamente <strong data-start=\"1993\" data-end=\"2006\">6-8 horas<\/strong>apoiando a carga durante a noite e a reutiliza\u00e7\u00e3o di\u00e1ria.<\/p>\n<p data-start=\"2056\" data-end=\"2316\">O design ligeiro do ve\u00edculo, com um <strong data-start=\"2097\" data-end=\"2127\">peso curvo de apenas 196 kg<\/strong>reduz o consumo de energia e melhora a efici\u00eancia operacional. A <strong data-start=\"2195\" data-end=\"2234\">uma dist\u00e2ncia m\u00ednima de terra \u2265 150 mm<\/strong> permite lidar com estradas desiguais, velocidades e terrenos rurais ligeiros com facilidade.<\/p>\n<p data-start=\"2318\" data-end=\"2618\">Para o conforto e a durabilidade da viagem, a suspens\u00e3o frontal usa um <strong data-start=\"2379\" data-end=\"2419\">\u03c631 absorvente de choque de tambor de primavera externa<\/strong>enquanto a suspens\u00e3o posterior adota uma <strong data-start=\"2456\" data-end=\"2481\">estrutura da molha de folhas<\/strong>, assegurando suporte est\u00e1vel de carga. O <strong data-start=\"2517\" data-end=\"2541\">eixo traseiro integrado<\/strong> melhora a for\u00e7a estrutural e a confiabilidade a longo prazo sob uso cont\u00ednuo.<\/p>\n<p data-start=\"2620\" data-end=\"3018\">A seguran\u00e7a do freio \u00e9 garantida atrav\u00e9s de um <strong data-start=\"2656\" data-end=\"2692\">um arrasto de tr\u00eas trav\u00f5es de tambor<\/strong>combinado com um <strong data-start=\"2710\" data-end=\"2731\">freno manual \u00e0 m\u00e3o<\/strong> para a seguran\u00e7a de estacionamento. O ve\u00edculo funciona <strong data-start=\"2774\" data-end=\"2814\">3,00-12 pneus de frente e 3,50-12 pneus de tr\u00e1s<\/strong>, montado <strong data-start=\"2827\" data-end=\"2841\">rims de a\u00e7o<\/strong>, priorizando durabilidade e desempenho carregador. Com um <strong data-start=\"2904\" data-end=\"2935\">velocidade m\u00e1xima de 35-45 km\/h<\/strong> e um <strong data-start=\"2942\" data-end=\"2966\">gradabilidade de \u226415%<\/strong>\u00e9 bem adequado para estradas da cidade e pendientes ligeiras.<\/p>\n<hr data-start=\"3020\" data-end=\"3023\" \/>\n<h2 data-start=\"3025\" data-end=\"3053\">Caracter\u00edsticas-chave e - Avantagens<\/h2>\n<h3 data-start=\"3055\" data-end=\"3069\">Caracter\u00edsticas<\/h3>\n<ul data-start=\"3070\" data-end=\"3293\">\n<li data-start=\"3070\" data-end=\"3111\">\n<p data-start=\"3072\" data-end=\"3111\">Design compacto de ve\u00edculos de carga el\u00e9trica<\/p>\n<\/li>\n<li data-start=\"3112\" data-end=\"3157\">\n<p data-start=\"3114\" data-end=\"3157\">Configura\u00e7\u00f5es flex\u00edveis de bateria e motores<\/p>\n<\/li>\n<li data-start=\"3158\" data-end=\"3202\">\n<p data-start=\"3160\" data-end=\"3202\">R\u00e1dio de rota\u00e7\u00e3o rigoroso para opera\u00e7\u00e3o urbana<\/p>\n<\/li>\n<li data-start=\"3203\" data-end=\"3249\">\n<p data-start=\"3205\" data-end=\"3249\">Suspens\u00e3o duradoura e estrutura de eixo traseiro<\/p>\n<\/li>\n<li data-start=\"3250\" data-end=\"3293\">\n<p data-start=\"3252\" data-end=\"3293\">Caixa pr\u00e1tica de carga para transporte di\u00e1rio<\/p>\n<\/li>\n<\/ul>\n<h3 data-start=\"3295\" data-end=\"3311\">Avantagens<\/h3>\n<ul data-start=\"3312\" data-end=\"3490\">\n<li data-start=\"3312\" data-end=\"3353\">\n<p data-start=\"3314\" data-end=\"3353\">Manovabilidade f\u00e1cil em espa\u00e7os estreitos<\/p>\n<\/li>\n<li data-start=\"3354\" data-end=\"3401\">\n<p data-start=\"3356\" data-end=\"3401\">Baixo custo de consumo de energia e manuten\u00e7\u00e3o<\/p>\n<\/li>\n<li data-start=\"3402\" data-end=\"3438\">\n<p data-start=\"3404\" data-end=\"3438\">Presta\u00e7\u00e3o est\u00e1vel de carregamento de carga<\/p>\n<\/li>\n<li data-start=\"3439\" data-end=\"3490\">\n<p data-start=\"3441\" data-end=\"3490\">Opera\u00e7\u00e3o simples com treinamento m\u00ednimo necess\u00e1rio<\/p>\n<\/li>\n<\/ul>\n<h3 data-start=\"3492\" data-end=\"3512\">Benef\u00edcios do comprador<\/h3>\n<ul data-start=\"3513\" data-end=\"3713\">\n<li data-start=\"3513\" data-end=\"3553\">\n<p data-start=\"3515\" data-end=\"3553\">Redu\u00e7\u00e3o dos custos de log\u00edstica e entrega<\/p>\n<\/li>\n<li data-start=\"3554\" data-end=\"3606\">\n<p data-start=\"3556\" data-end=\"3606\">Melhor efici\u00eancia para o transporte a curta dist\u00e2ncia<\/p>\n<\/li>\n<li data-start=\"3607\" data-end=\"3656\">\n<p data-start=\"3609\" data-end=\"3656\">Representa\u00e7\u00e3o confi\u00e1vel para uso di\u00e1rio comercial<\/p>\n<\/li>\n<li data-start=\"3657\" data-end=\"3713\">\n<p data-start=\"3659\" data-end=\"3713\">Adequado para m\u00faltiplos cen\u00e1rios urbanos e semiurbanos<\/p>\n<\/li>\n<\/ul>\n<h3 data-start=\"3715\" data-end=\"3729\">Provas<\/h3>\n<ul data-start=\"3730\" data-end=\"3863\">\n<li data-start=\"3730\" data-end=\"3774\">\n<p data-start=\"3732\" data-end=\"3774\">Tecnologia de motor magn\u00e9tico permanente provada<\/p>\n<\/li>\n<li data-start=\"3775\" data-end=\"3816\">\n<p data-start=\"3777\" data-end=\"3816\">Suspens\u00e3o refor\u00e7ada e design de eixo<\/p>\n<\/li>\n<li data-start=\"3817\" data-end=\"3863\">\n<p data-start=\"3819\" data-end=\"3863\">Configura\u00e7\u00e3o de freio mec\u00e2nico amplamente utilizada<\/p>\n<\/li>\n<\/ul>\n<hr data-start=\"3865\" data-end=\"3868\" \/>\n<h2 data-start=\"3870\" data-end=\"3894\">Escen\u00e1rios de aplica\u00e7\u00f5es<\/h2>\n<ul data-start=\"3896\" data-end=\"4082\">\n<li data-start=\"3896\" data-end=\"3924\">\n<p data-start=\"3898\" data-end=\"3924\">Entrega urbana no \u00faltimo quil\u00f4metro<\/p>\n<\/li>\n<li data-start=\"3925\" data-end=\"3965\">\n<p data-start=\"3927\" data-end=\"3965\">Parque industrial e log\u00edstica do campus<\/p>\n<\/li>\n<li data-start=\"3966\" data-end=\"4011\">\n<p data-start=\"3968\" data-end=\"4011\">Transporte de mercadorias comunit\u00e1rias e residenciais<\/p>\n<\/li>\n<li data-start=\"4012\" data-end=\"4042\">\n<p data-start=\"4014\" data-end=\"4042\">Distribui\u00e7\u00e3o de fornecimento de retalho<\/p>\n<\/li>\n<li data-start=\"4043\" data-end=\"4082\">\n<p data-start=\"4045\" data-end=\"4082\">Transporte rural de curta dist\u00e2ncia<\/p>\n<\/li>\n<\/ul>\n<hr data-start=\"4084\" data-end=\"4087\" \/>\n<h2 data-start=\"4089\" data-end=\"4130\">Por que escolher este ve\u00edculo el\u00e9trico de carga<\/h2>\n<p data-start=\"4132\" data-end=\"4456\">O <strong data-start=\"4136\" data-end=\"4191\">Ve\u00edculo el\u00e9trico de carga para transporte de curta dist\u00e2ncia<\/strong> combina tamanho compacto, flexibilidade operacional e baixo custo de propriedade. Seu comboio el\u00e9trico eficiente, capacidade pr\u00e1tica de carga e estrutura duradoura tornam-no uma solu\u00e7\u00e3o confi\u00e1vel para empresas buscando log\u00edstica de curta dist\u00e2ncia sustent\u00e1vel e rentavelmente eficaz.<\/p>\n<hr data-start=\"4458\" data-end=\"4461\" \/>\n<h2 data-start=\"4463\" data-end=\"4492\">embalagem e Transporte<\/h2>\n<ul data-start=\"4494\" data-end=\"4649\">\n<li data-start=\"4494\" data-end=\"4537\">\n<p data-start=\"4496\" data-end=\"4537\"><strong data-start=\"4496\" data-end=\"4515\">Tipo de embalagem:<\/strong> SKD \/ CKD dispon\u00edvel<\/p>\n<\/li>\n<li data-start=\"4538\" data-end=\"4592\">\n<p data-start=\"4540\" data-end=\"4592\"><strong data-start=\"4540\" data-end=\"4562\">Carga de Contenedor:<\/strong> Optimizado para o env\u00edo em massa<\/p>\n<\/li>\n<li data-start=\"4593\" data-end=\"4649\">\n<p data-start=\"4595\" data-end=\"4649\"><strong data-start=\"4595\" data-end=\"4614\">Transporte:<\/strong> Transporte mar\u00edtimo e terrestre apoiado<\/p>\n<\/li>\n<\/ul>\n<hr data-start=\"4651\" data-end=\"4654\" \/>\n<h2 data-start=\"4656\" data-end=\"4662\">FAQ<\/h2>\n<p data-start=\"4664\" data-end=\"4826\"><strong data-start=\"4664\" data-end=\"4717\">Q1: Qual \u00e9 o intervalo m\u00e1ximo de condu\u00e7\u00e3o por carga?<\/strong><br data-start=\"4717\" data-end=\"4720\" \/>O ve\u00edculo oferece uma gama de <strong data-start=\"4750\" data-end=\"4762\">50-70 km<\/strong>dependendo da configura\u00e7\u00e3o da bateria, carga e condi\u00e7\u00f5es de estrada.<\/p>\n<p data-start=\"4828\" data-end=\"4950\"><strong data-start=\"4828\" data-end=\"4868\">Q2: Quanto tempo demora para encarregar?<\/strong><br data-start=\"4868\" data-end=\"4871\" \/>O tempo de carga \u00e9 aproximadamente <strong data-start=\"4902\" data-end=\"4915\">6-8 horas<\/strong> usando equipamento de carga padr\u00e3o.<\/p>\n<p data-start=\"4952\" data-end=\"5110\"><strong data-start=\"4952\" data-end=\"5008\">Q3: Este ve\u00edculo \u00e9 adequado para uso di\u00e1rio frequente?<\/strong><br data-start=\"5008\" data-end=\"5011\" \/>Sim. \u00c9 projetado para opera\u00e7\u00f5es de alta frequ\u00eancia a dist\u00e2ncia curta com baixos requisitos de manuten\u00e7\u00e3o.<\/p>\n<p data-start=\"5112\" data-end=\"5250\"><strong data-start=\"5112\" data-end=\"5152\">Q4: Que sistema de travagem usa?<\/strong><br data-start=\"5152\" data-end=\"5155\" \/>Ela usa um <strong data-start=\"5165\" data-end=\"5201\">um arrasto de tr\u00eas trav\u00f5es de tambor<\/strong> com um <strong data-start=\"5209\" data-end=\"5230\">freno manual \u00e0 m\u00e3o<\/strong> para a seguran\u00e7a de estacionamento.<\/p>\n<p data-start=\"5252\" data-end=\"5400\"><strong data-start=\"5252\" data-end=\"5311\">Q5: Podem as configura\u00e7\u00f5es de bateria e motor ser personalizadas?<\/strong><br data-start=\"5311\" data-end=\"5314\" \/>Sim. A tens\u00e3o da bateria e a pot\u00eancia motora podem ser personalizadas de acordo com as necessidades operacionais.<\/p>\n<\/div>\n<\/div>\n<\/div>\n<\/div>\n<\/div>\n<\/div>\n<\/div>\n<\/div>","protected":false},"excerpt":{"rendered":"<p>Este ve\u00edculo el\u00e9trico de carga \u00e9 projetado para transporte eficiente de curta dist\u00e2ncia e log\u00edstica urbana. Com uma estrutura compact a, caixa de carga flex\u00edvel e baixo custo de funcionamento, proporciona uma solu\u00e7\u00e3o pr\u00e1tica e ecol\u00f3gica para a entrega de milha passada, distribui\u00e7\u00e3o de parques e transporte comercial ligeiro.<\/p>","protected":false},"featured_media":5334,"comment_status":"open","ping_status":"closed","template":"","meta":[],"product_brand":[],"product_cat":[78],"product_tag":[],"class_list":{"0":"post-3428","1":"product","2":"type-product","3":"status-publish","4":"has-post-thumbnail","6":"product_cat-electric-tricycle","8":"first","9":"instock","10":"shipping-taxable","11":"purchasable","12":"product-type-simple"},"_links":{"self":[{"href":"https:\/\/www.tairuiauto.com\/pt\/wp-json\/wp\/v2\/product\/3428","targetHints":{"allow":["GET"]}}],"collection":[{"href":"https:\/\/www.tairuiauto.com\/pt\/wp-json\/wp\/v2\/product"}],"about":[{"href":"https:\/\/www.tairuiauto.com\/pt\/wp-json\/wp\/v2\/types\/product"}],"replies":[{"embeddable":true,"href":"https:\/\/www.tairuiauto.com\/pt\/wp-json\/wp\/v2\/comments?post=3428"}],"wp:featuredmedia":[{"embeddable":true,"href":"https:\/\/www.tairuiauto.com\/pt\/wp-json\/wp\/v2\/media\/5334"}],"wp:attachment":[{"href":"https:\/\/www.tairuiauto.com\/pt\/wp-json\/wp\/v2\/media?parent=3428"}],"wp:term":[{"taxonomy":"product_brand","embeddable":true,"href":"https:\/\/www.tairuiauto.com\/pt\/wp-json\/wp\/v2\/product_brand?post=3428"},{"taxonomy":"product_cat","embeddable":true,"href":"https:\/\/www.tairuiauto.com\/pt\/wp-json\/wp\/v2\/product_cat?post=3428"},{"taxonomy":"product_tag","embeddable":true,"href":"https:\/\/www.tairuiauto.com\/pt\/wp-json\/wp\/v2\/product_tag?post=3428"}],"curies":[{"name":"wp","href":"https:\/\/api.w.org\/{rel}","templated":true}]}}