{"id":3455,"date":"2025-08-27T13:33:17","date_gmt":"2025-08-27T05:33:17","guid":{"rendered":"https:\/\/www.tairuiauto.com\/?post_type=product&#038;p=3455"},"modified":"2025-09-12T10:48:45","modified_gmt":"2025-09-12T02:48:45","slug":"reliable-electric-tricycle-for-cargo-and-wholesale-distribution","status":"publish","type":"product","link":"https:\/\/www.tairuiauto.com\/pt\/product\/reliable-electric-tricycle-for-cargo-and-wholesale-distribution\/","title":{"rendered":"Triciclo el\u00e9trico de carga"},"content":{"rendered":"<p data-start=\"1001\" data-end=\"1284\"><strong data-start=\"1001\" data-end=\"1027\">Classifica\u00e7\u00e3o dos produtos<\/strong><br data-start=\"1027\" data-end=\"1030\" \/>Ao contr\u00e1rio dos ve\u00edculos de lazer ou triques de passageiros, o Weilong pertence <strong data-start=\"1102\" data-end=\"1134\">tricicleta el\u00e9trica pesada<\/strong> categoria. \u00c9 constru\u00edda para transporte de bens, assegurando uma forte integridade estrutural e uma opera\u00e7\u00e3o confi\u00e1vel em ambientes urbanos e rurais.<\/p>\n<p data-start=\"1286\" data-end=\"1706\"><strong data-start=\"1286\" data-end=\"1309\">Descri\u00e7\u00e3o do produto<\/strong><br data-start=\"1309\" data-end=\"1312\" \/>O modelo Weilong \u00e9 alimentado por um motor de 1000W, com op\u00e7\u00f5es de tens\u00e3o de 60V\/72V e um controlador de 18 tubos para desempenho est\u00e1vel. Suporta uma capacidade de carga de 500-600 kg, com uma velocidade m\u00e1xima de 30-35 km\/h e uma faixa de 50-100 km por carga. As dimens\u00f5es do ve\u00edculo (3080\u00d71180\u00d71430 mm) e uma plataforma de carga refor\u00e7ada tornam-a ideal para ind\u00fastrias como agricultura, venda ao retalho e constru\u00e7\u00e3o.<\/p>\n<p data-start=\"1708\" data-end=\"1737\"><strong data-start=\"1708\" data-end=\"1735\">Caracter\u00edsticas e Avan\u00e7as<\/strong><\/p>\n<ul data-start=\"1738\" data-end=\"2291\">\n<li data-start=\"1738\" data-end=\"1844\">\n<p data-start=\"1740\" data-end=\"1844\"><strong data-start=\"1740\" data-end=\"1764\">Capacidade de carga forte<\/strong>: Designado para carregar at\u00e9 600 kg, assegurando o transporte suave de materiais em massa.<\/p>\n<\/li>\n<li data-start=\"1845\" data-end=\"1965\">\n<p data-start=\"1847\" data-end=\"1965\"><strong data-start=\"1847\" data-end=\"1875\">Sistema eficiente de travagem<\/strong>: Equipado com trav\u00f5es de tambor de frente e de tambor de tr\u00e1s, garantindo a seguran\u00e7a durante cargas pesadas.<\/p>\n<\/li>\n<li data-start=\"1966\" data-end=\"2087\">\n<p data-start=\"1968\" data-end=\"2087\"><strong data-start=\"1968\" data-end=\"1991\">Energia de poupan\u00e7a<\/strong>: Design motorizado pela bateria com um tempo de carga de 8 horas proporciona uma opera\u00e7\u00e3o di\u00e1ria de custo eficaz.<\/p>\n<\/li>\n<li data-start=\"2088\" data-end=\"2195\">\n<p data-start=\"2090\" data-end=\"2195\"><strong data-start=\"2090\" data-end=\"2107\">pneus duradouros<\/strong>: Os pneus frontais 3.75-12 e posteriores 4.00-12 oferecem estabilidade em diferentes superf\u00edcies rodovi\u00e1rias.<\/p>\n<\/li>\n<li data-start=\"2196\" data-end=\"2291\">\n<p data-start=\"2198\" data-end=\"2291\"><strong data-start=\"2198\" data-end=\"2224\">R\u00e1dio Tornado Compacto<\/strong>: A maneuverabilidade flex\u00edvel aumenta a utilizabilidade em \u00e1reas congestionadas.<\/p>\n<\/li>\n<\/ul>\n<p data-start=\"2293\" data-end=\"2323\"><strong data-start=\"2293\" data-end=\"2321\">Especifica\u00e7\u00f5es T\u00e9cnicas<\/strong><\/p>\n<ul data-start=\"2324\" data-end=\"2705\">\n<li data-start=\"2324\" data-end=\"2364\">\n<table style=\"width: 90.2611%; height: 498px;\" width=\"720\">\n<tbody>\n<tr>\n<td colspan=\"2\" width=\"720\">Configura\u00e7\u00e3o padr\u00e3o<\/td>\n<\/tr>\n<tr>\n<td>Modelo<\/td>\n<td width=\"455\"><a href=\"#\u76ee\u5f55!A1\">C115<\/a><\/td>\n<\/tr>\n<tr>\n<td width=\"265\">Dimens\u00e3o global<\/td>\n<td width=\"455\">3080X1180X1430MM<\/td>\n<\/tr>\n<tr>\n<td width=\"265\">Cargando Capacidade<\/td>\n<td width=\"455\">500-600KG<\/td>\n<\/tr>\n<tr>\n<td width=\"265\">Pot\u00eancia motora hidr\u00e1ulica<\/td>\n<td width=\"455\">1000W<\/td>\n<\/tr>\n<tr>\n<td width=\"265\">Tens\u00e3o padr\u00e3o<\/td>\n<td width=\"455\">60V\/72V<\/td>\n<\/tr>\n<tr>\n<td width=\"265\">Controlador<\/td>\n<td width=\"455\">Tubo 18<\/td>\n<\/tr>\n<tr>\n<td width=\"265\">Modo de travagem<\/td>\n<td width=\"455\">Bateria anterior \u00b7 Bateria posterior<\/td>\n<\/tr>\n<tr>\n<td width=\"265\">Minimum ground clearance<\/td>\n<td width=\"455\">135<\/td>\n<\/tr>\n<tr>\n<td width=\"265\">Capacidade de Produ\u00e7\u00e3o<\/td>\n<td width=\"455\">100000 conjuntos\/ano<\/td>\n<\/tr>\n<tr>\n<td width=\"265\">Tempo de carga<\/td>\n<td width=\"455\">8h<\/td>\n<\/tr>\n<tr>\n<td width=\"265\">Tiro Tt Front\/Rear<\/td>\n<td width=\"455\">rodas frontais 3,75-12; - rodas traseiras[UNK]4,00-12<\/td>\n<\/tr>\n<tr>\n<td width=\"265\">Escolha de Cores<\/td>\n<td width=\"455\">Personalizado<\/td>\n<\/tr>\n<tr>\n<td width=\"265\">Origem<\/td>\n<td width=\"455\">China<\/td>\n<\/tr>\n<tr>\n<td width=\"265\">Range Per Charge\/Km<\/td>\n<td width=\"455\">50-100km<\/td>\n<\/tr>\n<tr>\n<td width=\"265\">Velocidade m\u00e1xima Km\/H<\/td>\n<td width=\"455\">30-35km\/H<\/td>\n<\/tr>\n<tr>\n<td width=\"265\">Capacidade Climbing<\/td>\n<td width=\"455\">\u226420\u00b0<\/td>\n<\/tr>\n<\/tbody>\n<\/table>\n<\/li>\n<\/ul>\n<p data-start=\"2707\" data-end=\"3006\"><strong data-start=\"2707\" data-end=\"2732\">Material e Externo<\/strong><br data-start=\"2732\" data-end=\"2735\" \/>O <strong data-start=\"2739\" data-end=\"2764\">trigo de transporte de carga<\/strong> \u00e9 feita com a\u00e7o de alta qualidade, fornecendo excelente durabilidade e resist\u00eancia \u00e0 ra\u00edz. O design enfatiza tanto a pr\u00e1tica quanto a apar\u00eancia, oferecendo personaliza\u00e7\u00e3o de cores (vermelho, azul, verde, gris, branco) para se adaptar a diferentes prefer\u00eancias do mercado.<\/p>\n<p data-start=\"3008\" data-end=\"3335\"><strong data-start=\"3008\" data-end=\"3040\">Design and OEM Customization<\/strong><br data-start=\"3040\" data-end=\"3043\" \/>N\u00f3s fornecemos op\u00e7\u00f5es completas de OEM e personaliza\u00e7\u00e3o. Os clientes podem escolher o tamanho da caixa de carga, energia motora, capacidade de bateria, cores de pintura e solu\u00e7\u00f5es de marca. O <strong data-start=\"3200\" data-end=\"3237\">tr\u00eas rodas el\u00e9tricas comerciais<\/strong> pode tamb\u00e9m ser adaptada \u00e0s necessidades espec\u00edficas da ind\u00fastria, tornando-a uma escolha vers\u00e1til para os distribuidores.<\/p>\n<p data-start=\"3337\" data-end=\"3669\"><strong data-start=\"3337\" data-end=\"3371\">Controlo de Qualidade e Produ\u00e7\u00e3o<\/strong><br data-start=\"3371\" data-end=\"3374\" \/>Cada unidade passa por testes estritos, incluindo avalia\u00e7\u00e3o do desempenho motor, testes de ciclo de bateria e inspec\u00e7\u00f5es de freio. Nossa f\u00e1brica tem uma capacidade de produ\u00e7\u00e3o anual de 100.000 unidades, garantindo qualidade e abastecimento oportuno. Seguimos padr\u00f5es certificados pela ISO para garantir a confiabilidade do produto.<\/p>\n<p data-start=\"3671\" data-end=\"3984\"><strong data-start=\"3671\" data-end=\"3711\">Certifica\u00e7\u00e3o e compromisso de qualidade<\/strong><br data-start=\"3711\" data-end=\"3714\" \/>O modelo Weilong \u00e9 conforme com certifica\u00e7\u00f5es internacionais de seguran\u00e7a e desempenho, refor\u00e7ando nosso compromisso com a oferta de solu\u00e7\u00f5es confi\u00e1veis. Cada <strong data-start=\"3867\" data-end=\"3901\">tricicleta de carga alimentada por bateria<\/strong> \u00e9 apoiada por uma garantia que cobre grandes componentes como o motor e a bateria.<\/p>\n<p data-start=\"3986\" data-end=\"4037\"><strong data-start=\"3986\" data-end=\"4035\">Servi\u00e7o de embalagem, Log\u00edstica e Depois de Venda<\/strong><\/p>\n<ul data-start=\"4038\" data-end=\"4408\">\n<li data-start=\"4038\" data-end=\"4131\">\n<p data-start=\"4040\" data-end=\"4131\"><strong data-start=\"4040\" data-end=\"4053\">embalagem<\/strong>: Empaquetamento padr\u00e3o de exporta\u00e7\u00e3o e resistente ao choque assegura uma entrega internacional segura.<\/p>\n<\/li>\n<li data-start=\"4132\" data-end=\"4212\">\n<p data-start=\"4134\" data-end=\"4212\"><strong data-start=\"4134\" data-end=\"4150\">Instala\u00e7\u00e3o<\/strong>: Instru\u00e7\u00f5es simples de montagem s\u00e3o fornecidas para uma configura\u00e7\u00e3o r\u00e1pida.<\/p>\n<\/li>\n<li data-start=\"4213\" data-end=\"4294\">\n<p data-start=\"4215\" data-end=\"4294\"><strong data-start=\"4215\" data-end=\"4237\">Treinamento e Utiliza\u00e7\u00e3o<\/strong>: A orienta\u00e7\u00e3o t\u00e9cnica est\u00e1 dispon\u00edvel para compradores de grosso.<\/p>\n<\/li>\n<li data-start=\"4295\" data-end=\"4408\">\n<p data-start=\"4297\" data-end=\"4408\"><strong data-start=\"4297\" data-end=\"4320\">Servi\u00e7o de Depois de Venda<\/strong>: Garantia de um ano, fornecimento de pe\u00e7as de repouso e suporte de manuten\u00e7\u00e3o asseguram a paz mental.<\/p>\n<\/li>\n<\/ul>\n<p data-start=\"4410\" data-end=\"4536\"><strong data-start=\"4410\" data-end=\"4433\">Disponibilidade de amostras<\/strong><br data-start=\"4433\" data-end=\"4436\" \/>As amostras podem ser organizadas para que os compradores de grosso avaliem o desempenho antes de colocar encomendas maiores.<\/p>\n<p data-start=\"4538\" data-end=\"4609\"><strong data-start=\"4538\" data-end=\"4554\">Aplica\u00e7\u00f5es<\/strong><br data-start=\"4554\" data-end=\"4557\" \/>O Weilong <strong data-start=\"4569\" data-end=\"4590\">tricicleta el\u00e9trica<\/strong> \u00e9 adequado para:<\/p>\n<ul data-start=\"4610\" data-end=\"4791\">\n<li data-start=\"4610\" data-end=\"4669\">\n<p data-start=\"4612\" data-end=\"4669\">Transporte de bens agr\u00edcolas (fertilizantes, culturas, ferramentas)<\/p>\n<\/li>\n<li data-start=\"4670\" data-end=\"4712\">\n<p data-start=\"4672\" data-end=\"4712\">Servi\u00e7os de entrega de retalho e grossista<\/p>\n<\/li>\n<li data-start=\"4713\" data-end=\"4747\">\n<p data-start=\"4715\" data-end=\"4747\">Tratamento de material de constru\u00e7\u00e3o<\/p>\n<\/li>\n<li data-start=\"4748\" data-end=\"4791\">\n<p data-start=\"4750\" data-end=\"4791\">Servi\u00e7os municipais de limpeza e servi\u00e7os de utilidade<\/p>\n<\/li>\n<\/ul>","protected":false},"excerpt":{"rendered":"<p>A ind\u00fastria log\u00edstica est\u00e1 constantemente buscando solu\u00e7\u00f5es eficientes e ecol\u00f3gicas para o transporte a curta e m\u00e9dia dist\u00e2ncia. O <strong data-start=\"721\" data-end=\"742\">tricicleta el\u00e9trica<\/strong> destaca-se como um ve\u00edculo pr\u00e1tico que combina alta capacidade de carga \u00fatil com energia sustent\u00e1vel. Designed for wholesalers and distributors, our Weilong model offers a balanced mix of durability, performance, and customization to meet various market demands.<\/p>","protected":false},"featured_media":3456,"comment_status":"open","ping_status":"closed","template":"","meta":[],"product_brand":[],"product_cat":[78],"product_tag":[],"class_list":{"0":"post-3455","1":"product","2":"type-product","3":"status-publish","4":"has-post-thumbnail","6":"product_cat-electric-tricycle","8":"first","9":"instock","10":"shipping-taxable","11":"purchasable","12":"product-type-simple"},"_links":{"self":[{"href":"https:\/\/www.tairuiauto.com\/pt\/wp-json\/wp\/v2\/product\/3455","targetHints":{"allow":["GET"]}}],"collection":[{"href":"https:\/\/www.tairuiauto.com\/pt\/wp-json\/wp\/v2\/product"}],"about":[{"href":"https:\/\/www.tairuiauto.com\/pt\/wp-json\/wp\/v2\/types\/product"}],"replies":[{"embeddable":true,"href":"https:\/\/www.tairuiauto.com\/pt\/wp-json\/wp\/v2\/comments?post=3455"}],"wp:featuredmedia":[{"embeddable":true,"href":"https:\/\/www.tairuiauto.com\/pt\/wp-json\/wp\/v2\/media\/3456"}],"wp:attachment":[{"href":"https:\/\/www.tairuiauto.com\/pt\/wp-json\/wp\/v2\/media?parent=3455"}],"wp:term":[{"taxonomy":"product_brand","embeddable":true,"href":"https:\/\/www.tairuiauto.com\/pt\/wp-json\/wp\/v2\/product_brand?post=3455"},{"taxonomy":"product_cat","embeddable":true,"href":"https:\/\/www.tairuiauto.com\/pt\/wp-json\/wp\/v2\/product_cat?post=3455"},{"taxonomy":"product_tag","embeddable":true,"href":"https:\/\/www.tairuiauto.com\/pt\/wp-json\/wp\/v2\/product_tag?post=3455"}],"curies":[{"name":"wp","href":"https:\/\/api.w.org\/{rel}","templated":true}]}}