{"id":3486,"date":"2025-08-29T11:25:08","date_gmt":"2025-08-29T03:25:08","guid":{"rendered":"https:\/\/www.tairuiauto.com\/?post_type=product&#038;p=3486"},"modified":"2025-08-29T11:43:11","modified_gmt":"2025-08-29T03:43:11","slug":"electric-tricycle-versatile","status":"publish","type":"product","link":"https:\/\/www.tairuiauto.com\/pt\/product\/electric-tricycle-versatile\/","title":{"rendered":"Triciclo el\u00e9trico Vers\u00e1til"},"content":{"rendered":"<h3><strong>\u200b Lista de par\u00e2metros<\/strong><\/h3>\n<table style=\"width: 74.1333%; height: 534px;\" width=\"720\">\n<tbody>\n<tr>\n<td width=\"265\">Modelo<\/td>\n<td width=\"455\">Weiba3<\/td>\n<\/tr>\n<tr>\n<td width=\"265\">Dimens\u00e3o global<\/td>\n<td width=\"455\">3360X1380X1425MM<\/td>\n<\/tr>\n<tr>\n<td width=\"265\">Cargando Capacidade<\/td>\n<td width=\"455\">2000KG<\/td>\n<\/tr>\n<tr>\n<td width=\"265\">Pot\u00eancia motora hidr\u00e1ulica<\/td>\n<td width=\"455\">1500W<\/td>\n<\/tr>\n<tr>\n<td width=\"265\">Tens\u00e3o padr\u00e3o<\/td>\n<td width=\"455\">60V\/72V<\/td>\n<\/tr>\n<tr>\n<td width=\"265\">Controlador<\/td>\n<td width=\"455\">24 Tubos<\/td>\n<\/tr>\n<tr>\n<td width=\"265\">Modo de travagem<\/td>\n<td width=\"455\">Bateria anterior \u00b7 Bateria posterior<\/td>\n<\/tr>\n<tr>\n<td width=\"265\">Minimum ground clearance<\/td>\n<td width=\"455\">135<\/td>\n<\/tr>\n<tr>\n<td width=\"265\">Capacidade de Produ\u00e7\u00e3o<\/td>\n<td width=\"455\">100000 conjuntos\/ano<\/td>\n<\/tr>\n<tr>\n<td width=\"265\">Tempo de carga<\/td>\n<td width=\"455\">8h<\/td>\n<\/tr>\n<tr>\n<td width=\"265\">Tiro Tt Front\/Rear<\/td>\n<td width=\"455\">rodas frontais 4.00-12; - rodas traseiras[UNK]4,50-12<\/td>\n<\/tr>\n<tr>\n<td width=\"265\">Escolha de Cores<\/td>\n<td width=\"455\">Personalizado<\/td>\n<\/tr>\n<tr>\n<td width=\"265\">Origem<\/td>\n<td width=\"455\">China<\/td>\n<\/tr>\n<tr>\n<td width=\"265\">Range Per Charge\/Km<\/td>\n<td width=\"455\">50km<\/td>\n<\/tr>\n<tr>\n<td width=\"265\">Velocidade m\u00e1xima Km\/H<\/td>\n<td width=\"455\">35-45km\/H<\/td>\n<\/tr>\n<tr>\n<td width=\"265\">Capacidade Climbing<\/td>\n<td width=\"455\">\u226430\u00b0<\/td>\n<\/tr>\n<\/tbody>\n<\/table>\n<h3 class=\"header-vfC6AV auto-hide-last-sibling-br\">Introdu\u00e7\u00e3o de Produtos<\/h3>\n<div class=\"auto-hide-last-sibling-br paragraph-JOTKXA paragraph-element br-paragraph-space\">\n<div class=\"auto-hide-last-sibling-br paragraph-JOTKXA paragraph-element br-paragraph-space\">Fornecido por um motor hidr\u00e1ulico de 1500W parejado com op\u00e7\u00f5es flex\u00edveis de tens\u00e3o 60V\/72V e um controlador de 24 tubos, o Triciclo el\u00e9trico Vers\u00e1til fornece um momento excepcional, permitindo-lhe subir inclina\u00e7\u00f5es de \u226430\u00b0 \u2013 uma capacidade cr\u00edtica para fazendas rurais montanhas ou locais de constru\u00e7\u00e3o. Ela equilibra energia com pr\u00e1tica: uma faixa de 50 km por carga completa (alcan\u00e7ada em 8 horas de carga) e uma velocidade m\u00e1xima de 35-45 km\/h, tornando-a uma \u201csolu\u00e7\u00e3o confi\u00e1vel de carga pesada\u201d tanto para carregamentos di\u00e1rios est\u00e1veis como para tarefas sens\u00edveis ao tempo. Seguran\u00e7a e estabilidade tamb\u00e9m s\u00e3o priorizadas: freios de tambor frontal e posterior asseguram uma pot\u00eancia de paragem confi\u00e1vel mesmo sob carga completa, 4,00-12 pneus de frente\/4,50-12 pneus de tr\u00e1s proporcionam uma tra\u00e7\u00e3o forte em superf\u00edcies rugosas ou deslizantes, e uma dist\u00e2ncia m\u00ednima do solo de 135 mm naviga pequenos obst\u00e1culos como rochas ou buracos com facilidade. Originando da China com uma capacidade de produ\u00e7\u00e3o de 100000 conjuntos por ano, este tricicleta \u00e9 um cavalo de trabalho confi\u00e1vel para empresas buscando flexibilidade sem comprometer o desempenho pesado.<\/div>\n<h3 class=\"header-vfC6AV auto-hide-last-sibling-br\">Key Selling Points<\/h3>\n<ol class=\"auto-hide-last-sibling-br\">\n<li>\n<div class=\"auto-hide-last-sibling-br paragraph-JOTKXA paragraph-element br-paragraph-space\"><strong>2000 KG Capacidade Versat\u00edvel de Carga para Uso Interindustrial<\/strong><br class=\"container-utlnW2 wrapper-d0Cc1k undefined\" \/>A capacidade de 2000 KG do Triciclo el\u00e9trico vers\u00e1til faz com que seja um verdadeiro \u201ctransportador vers\u00e1til\u201d, adaptando-se sem problemas a ind\u00fastrias diversas. Para empresas de constru\u00e7\u00e3o, carrega barras de a\u00e7o ou sacos de cimento; para os agricultores, transporta culturas colhidas ou alimentos para animais; para os retalhistas, ele movimenta invent\u00e1rios em massa como caixas de bebidas ou bens dom\u00e9sticos. Ao contr\u00e1rio de tricicletas de \u00fanico prop\u00f3sito limitadas a um tipo de carga, o Triciclo el\u00e9trico Vers\u00e1til elimina a necessidade de investir em v\u00e1rios ve\u00edculos, tornando-a uma escolha custo-eficaz para empresas com necessidades variadas de carga. Sua espa\u00e7osa cama de carga tamb\u00e9m acomoda itens de forma irregular, aumentando ainda mais sua versatilidade.<\/div>\n<\/li>\n<li>\n<div class=\"auto-hide-last-sibling-br paragraph-JOTKXA paragraph-element br-paragraph-space\"><strong>Velocidade e Pot\u00eancia equilibradas para o desempenho est\u00e1vel<\/strong><br class=\"container-utlnW2 wrapper-d0Cc1k undefined\" \/>Com uma velocidade m\u00e1xima de 35-45 km\/h e um motor hidr\u00e1ulico de 1500W, o Versatile Electric Tricycle atinge o equil\u00edbrio perfeito entre efici\u00eancia e seguran\u00e7a, ganhando o t\u00edtulo de \u201cferramenta de transporte de mercadorias de desempenho equilibrado\u201d. A velocidade \u00e9 r\u00e1pida o suficiente para cumprir os prazos de entrega di\u00e1ria (por exemplo, transporte de produtos agr\u00edcolas para o mercado antes das horas m\u00e1ximas) mas lenta o suficiente para assegurar o controle ao carregar as O forte momento do motor manipula inclina\u00e7\u00f5es de \u226430\u00b0 sem esfor\u00e7o, seja escalando colinas rurais com suprimentos agr\u00edcolas ou navegando rampas no local de constru\u00e7\u00e3o com materiais de constru\u00e7\u00e3o \u2013 assegurando desempenho consistente em todos os terrenos.<\/div>\n<\/li>\n<li>\n<div class=\"auto-hide-last-sibling-br paragraph-JOTKXA paragraph-element br-paragraph-space\"><strong>Design personalizado para marca e fun\u00e7\u00e3o<\/strong><br class=\"container-utlnW2 wrapper-d0Cc1k undefined\" \/>Versatile Electric Tricycle oferece personaliza\u00e7\u00e3o de cores, transformando-a em um \u201cativo de transporte marcado\u201d para empresas que procuram aumentar a visibilidade. Uma fazenda local poderia escolher verde para se alinhar com sua identidade agr\u00edcola, enquanto uma empresa de entrega poderia escolher a cor da marca para se destacar nas ruas da cidade. Al\u00e9m da est\u00e9tica, Tairui tamb\u00e9m oferece personaliza\u00e7\u00f5es funcionais (por exemplo, ferros laterais para carga solta, planos n\u00e3o deslizantes para produtos h\u00famidos), tornando o Triciclo el\u00e9trico Vers\u00e1til adapt\u00e1vel a necessidades operacionais espec\u00edficas. Essa mistura de marca e funcionalidade a separa de tricicletas gen\u00e9ricas com designs fixos.<\/div>\n<\/li>\n<li>\n<div class=\"auto-hide-last-sibling-br paragraph-JOTKXA paragraph-element br-paragraph-space\"><strong>Constru\u00e7\u00e3o duradoura para uso pesado a longo prazo<\/strong><br class=\"container-utlnW2 wrapper-d0Cc1k undefined\" \/>Triciclo el\u00e9trico vers\u00e1til \u00e9 projetado para resistir aos rigores do uso di\u00e1rio de carga pesada, tornando-o um \u201cinvestimento duradouro em carga\u201d. Sua estrutura de a \u00e7o s\u00f3lida resiste a dobrar sob cargas de 2000 KG, pneus refor\u00e7ados 4,00-12\/4,50-12 resistem a pun\u00e7\u00f5es em estradas rurais brutas ou locais de constru\u00e7\u00e3o de grava, e freios de tambor frontal\/traseiro mant\u00eam efic\u00e1cia mesmo com uso frequente. A dist\u00e2ncia do solo de 135 mm tamb\u00e9m evita danos causados por obst\u00e1culos, reduzindo os custos de manuten\u00e7\u00e3o ao longo do tempo. Para os neg\u00f3cios que dependem de transport e coerente (por exemplo, uma empresa de constru\u00e7\u00e3o a utiliza diariamente para execu\u00e7\u00f5es de material), essa durabilidade assegura o m\u00ednimo de tempo de descanso e valor a longo prazo.<\/div>\n<\/li>\n<\/ol>\n<h3 class=\"header-vfC6AV auto-hide-last-sibling-br\">Diferenciar Avan\u00e7os<\/h3>\n<ol class=\"auto-hide-last-sibling-br\">\n<li>\n<div class=\"auto-hide-last-sibling-br paragraph-JOTKXA paragraph-element br-paragraph-space\"><strong>Adaptabilidade transindustrial<\/strong><br class=\"container-utlnW2 wrapper-d0Cc1k undefined\" \/>Ao contr\u00e1rio de tricicletas concebidas para um \u00fanico setor (por exemplo, apenas constru\u00e7\u00e3o ou apenas agricultura), o Versatile Electric Tricycle serve como um \u201ctransportador interind\u00fastria\u201d, adaptado sem problemas em diversos fluxos de trabalho. Pode passar do transporte de res\u00edduos de constru\u00e7\u00e3o de manh\u00e3 para a entrega de bens de retalho na tarde - n\u00e3o precisam de modifica\u00e7\u00f5es. Essa flexibilidade \u00e9 uma mudan\u00e7a de jogo para pequenas e m\u00e9dias empresas que lidam com m\u00faltiplos tipos de transporte de mercadorias, eliminando as despesas de propriedade de ve\u00edculos especializados.<\/div>\n<\/li>\n<li>\n<div class=\"auto-hide-last-sibling-br paragraph-JOTKXA paragraph-element br-paragraph-space\"><strong>O equil\u00edbrio \u00f3ptimo de velocidade-pot\u00eancia<\/strong><br class=\"container-utlnW2 wrapper-d0Cc1k undefined\" \/>Muitos tricicletas pesados sacrificam velocidade pelo poder (resultando em entregas lentas) ou poder pela velocidade (lutando com cargas pesadas). Triciclo el\u00e9trico vers\u00e1til evita esse compromisso: sua velocidade de 35-45 km\/h assegura efici\u00eancia, enquanto o motor de 1500W fornece um torque suficiente para cargas de 2000KG e pendientes fortes. Esse \"desempenho equilibrado\" significa que os neg\u00f3cios n\u00e3o precisam escolher entre entregas oportunas e capacidade confi\u00e1vel de transporte pesado.<\/div>\n<\/li>\n<li>\n<div class=\"auto-hide-last-sibling-br paragraph-JOTKXA paragraph-element br-paragraph-space\"><strong>Oportunidades de marca\u00e7\u00e3o favor\u00e1veis ao or\u00e7amento<\/strong><br class=\"container-utlnW2 wrapper-d0Cc1k undefined\" \/>A personaliza\u00e7\u00e3o de cores para o Versatile Electric Tricycle \u00e9 acess\u00edvel, tornando-o um \"transporte de marca favor\u00e1vel ao or\u00e7amento\" para pequenas empresas. Ao contr\u00e1rio de ferramentas de marketing caros (por exemplo, placas de bilhetes ou embalagens de ve\u00edculos), personalizar a cor do triciclo permite que as empresas promovam sua marca durante opera\u00e7\u00f5e s di\u00e1rias \u2013 seja conduzindo por ruas urbanas ou cidades rurais. Este benef\u00edcio de marketing de baixo custo \u00e9 raro em equipamentos de transporte pesado, dando aos usu\u00e1rios uma vantagem no reconhecimento de marcas.<\/div>\n<\/li>\n<li>\n<div class=\"auto-hide-last-sibling-br paragraph-JOTKXA paragraph-element br-paragraph-space\"><strong>Versatilidade Operacional em Todas as \u00c1reas<\/strong><br class=\"container-utlnW2 wrapper-d0Cc1k undefined\" \/>O tamanho e o desempenho do Triciclo Eletrico Versat\u00edveis tornam-no uma \u201csolu\u00e7\u00e3o de transporte de mercadorias em toda \u00e1rea\u201d, funcionando suavemente em ruas urbanas, caminhos rurais e zonas industriais. Suas dimens\u00f5es compactas (3360\u00d71380\u00d71425MM) navegam por baixos estreitos da cidade ou por corredores de dep\u00f3sitos cheios, enquanto seus 135 mm de espa\u00e7o terrestre e pneus focados em tra\u00e7\u00e3o lidam com estradas rurais n\u00e3o protegidas. Isso significa que os neg\u00f3cios podem usar o mesmo triciclo tanto para as entregas urbanas como para o transporte rural, reduzindo a complexidade da frota e economizando dinheiro.<\/div>\n<\/li>\n<\/ol>\n<h3 class=\"header-vfC6AV auto-hide-last-sibling-br\">FAQ<\/h3>\n<div class=\"auto-hide-last-sibling-br paragraph-JOTKXA paragraph-element br-paragraph-space\"><strong>Q1: Como pode o Triciclo Eletrico Versat\u00edvel ser adaptado para uso agr\u00edcola?<\/strong><br class=\"container-utlnW2 wrapper-d0Cc1k undefined\" \/>A: Tairui oferece modifica\u00e7\u00f5es adaptadas para transformar o Triciclo el\u00e9trico Vers\u00e1til em um \u201ctransportador amig\u00e1vel da agricultura\u201d para necessidades agr\u00edcolas. As adapta\u00e7\u00f5es comuns incluem adicionar ferros laterais para segurar culturas soltas (por exemplo, trigo ou milho), pisos de carga sem deslizar para evitar que a produ\u00e7\u00e3o desliza durante o transport e, e montagens de ferramentas para carregar equipamentos agr\u00edcolas como palas ou cortes. Para opera\u00e7\u00f5es de gado, parti\u00e7\u00f5es opcionais podem ser instaladas para transportar alimentos sem derramamento. Simplesmente discutem suas necessidades espec\u00edficas (por exemplo, tipo de colheita, tamanho de carga) com o fornecedor, e eles v\u00e3o personalizar o tricicleta para se ajustar ao fluxo de trabalho da sua fazenda.<\/div>\n<p><br class=\"container-utlnW2 wrapper-d0Cc1k undefined\" \/><\/p>\n<div class=\"auto-hide-last-sibling-br paragraph-JOTKXA paragraph-element br-paragraph-space\"><strong>Q2: A dist\u00e2ncia de 50 km \u00e9 suficiente para viagens rurais di\u00e1rias?<\/strong><br class=\"container-utlnW2 wrapper-d0Cc1k undefined\" \/>A: Sim, a faixa de 50 km do Tr\u00edciclo el\u00e9trico Vers\u00e1til atende \u00e0s necessidades da maioria das viagens cotidianas rurais \u2013 por exemplo, transportar culturas de uma fazenda para um mercado local (geralmente viagem redonda de 10 a 30 km) ou transportar alimentos de uma instala\u00e7\u00e3o de armazenamento para canetas de gado. Para rotas mais longas (por exemplo, 40 km de uma dire\u00e7\u00e3o), voc\u00ea pode carregar o tr\u00edciclo no meio do dia durante uma pausa ou manter uma bateria de reserva \u00e0 m\u00e3o para trocas r\u00e1pidas. O planejamento de rotas antecipadas (por exemplo, evitando desvios desnecess\u00e1rios) tamb\u00e9m ajuda a maximizar a gama, assegurando que o Triciclo el\u00e9trico Vers\u00e1til permanece confi\u00e1vel ao longo do dia.<\/div>\n<p><br class=\"container-utlnW2 wrapper-d0Cc1k undefined\" \/><\/p>\n<div class=\"auto-hide-last-sibling-br paragraph-JOTKXA paragraph-element br-paragraph-space\"><strong>Q3: O Triciclo el\u00e9trico Versat\u00edvel pode ser usado para o transporte de mercadorias internas, como a log\u00edstica do armaz\u00e9m?<\/strong><br class=\"container-utlnW2 wrapper-d0Cc1k undefined\" \/>A: Absolutamente \u2013 seu tamanho compacto e sua maneuverabilidade tornam o Triciclo el\u00e9trico Vers\u00e1til um \u201ctransportador amig\u00e1vel do armaz\u00e9m\u201d para uso interno. Ao operar no interior, mudar para uma velocidade mais baixa (20-25 km\/h) para garantir a seguran\u00e7a em torno dos trabalhadores e equipamentos. Tairui tamb\u00e9m pode modificar a caixa de carga com andares planos e rampas de acesso f\u00e1cil para simplificar a carga\/descarga de paletas ou caixas. O motor el\u00e9trico do triciclo funciona em sil\u00eancio, tornando-o adequado para ambientes interiores onde o ru\u00eddo \u00e9 uma preocupa\u00e7\u00e3o (por exemplo, armaz\u00e9ns de retalho ligados \u00e0s lojas).<\/div>\n<p><br class=\"container-utlnW2 wrapper-d0Cc1k undefined\" \/><\/p>\n<div class=\"auto-hide-last-sibling-br paragraph-JOTKXA paragraph-element br-paragraph-space\"><strong>Q4: Qual garantia cobre os componentes pesados do Triciclo el\u00e9trico Vers\u00e1til?<\/strong><br class=\"container-utlnW2 wrapper-d0Cc1k undefined\" \/>A: Tairui fornece uma garantia padr\u00e3o (termos variam por regi\u00e3o, mas geralmente 1-2 anos) cobrindo componentes cr\u00edticos de carga pesada, incluindo o motor hidr\u00e1ulico de 1500W, a bateria de 60V\/72V e o quadro de a \u00e7o. Essa garantia cobre defeitos de fabrica\u00e7\u00e3o (por exemplo, defeitos motores ou quebra de quadro) mas n\u00e3o inclui danos decorrentes de sobrecarga ou uso errado. Para empresas que utilizam o Triciclo Eletrico Vers\u00e1til para cargas pesadas di\u00e1rias, Tairui tamb\u00e9m oferece garantias extensas facultativas para uma taxa adicional, proporcionando prote\u00e7\u00e3o adicional. Para reclamar servi\u00e7o de garantia, simplesmente contacte o traficante local Tairui com prova de compra e uma descri\u00e7\u00e3o da quest\u00e3o \u2013 eles ir\u00e3o arranjar repara\u00e7\u00f5es ou substitui\u00e7\u00f5es de componentes para minimizar o tempo de descanso.<\/div>\n<p><br class=\"container-utlnW2 wrapper-d0Cc1k undefined\" \/><\/p>\n<div class=\"auto-hide-last-sibling-br paragraph-JOTKXA paragraph-element br-paragraph-space\"><strong>Q5: Como o eixo traseiro integrado (mencionado em modelos Tairui relacionados) aumenta o desempenho do Triciclo el\u00e9trico Vers\u00e1til?<\/strong><br class=\"container-utlnW2 wrapper-d0Cc1k undefined\" \/>A: Embora n\u00e3o esteja explicitamente listado em seus par\u00e2metros, o design integrado de eixo traseiro (uma caracter\u00edstica comum nos tricicletas pesados de Tairui como Weiba3) refor\u00e7a a estabilidade e durabilidade do Triciclo el\u00e9trico Vers\u00e1til. Distribui o peso de 2000 KG de cargas uniformemente atrav\u00e9s das rodas traseiras, reduzindo a \"burbulla\" durante o transporte e evitando o uso desigual de pneus. A estrutura r\u00edgida de eixo tamb\u00e9m refor\u00e7a o quadro do triciclo, tornando-o mais resistente a danos causados por estradas brutas ou impactos pesados \u2013 cr\u00edticos para uso a longo prazo em constru\u00e7\u00e3o ou ambientes rurais. Esse design, finalmente, torna o Triciclo el\u00e9trico Vers\u00e1til mais seguro e mais confi\u00e1vel, refor\u00e7ando seu papel como um \u201ctransportador de mercadorias flex\u00edvel\u201d para tarefas pesadas.<\/div>\n<\/div>","protected":false},"excerpt":{"rendered":"<p>Triciclo el\u00e9trico vers\u00e1til (tamb\u00e9m conhecido como Weiba3 de Tairui) \u00e9 um carregador el\u00e9trico de tr\u00eas rodas de alto desempenho multifuncional, projetado para atender \u00e0s diversas necessidades de carga pesada em diferentes ind\u00fastrias, destacando-se como um \"carregador de carga de v\u00e1rios usos\" e \"carregador de carga flex\u00edvel\" para log\u00edstica urban a, agricultura rural, constru\u00e7\u00e3o e retalho. Enfermando uma impressionante capacidade de carga de 2000 KG \u2013 muito superior aos triciclos el\u00e9tricos padr\u00e3o \u2013 e dimens\u00f5es gerais de 3360\u00d71380\u00d71425MM, ela lida sem esfor\u00e7o com carga enorme como materiais de constru\u00e7\u00e3o, produtos agr\u00edcolas ou mercadorias em massa de retalho, eliminando a necessidade de ve\u00edculos m\u00faltiplos e reduzindo os custos operacionais.<\/p>","protected":false},"featured_media":3488,"comment_status":"open","ping_status":"closed","template":"","meta":[],"product_brand":[],"product_cat":[78],"product_tag":[],"class_list":{"0":"post-3486","1":"product","2":"type-product","3":"status-publish","4":"has-post-thumbnail","6":"product_cat-electric-tricycle","8":"first","9":"instock","10":"shipping-taxable","11":"purchasable","12":"product-type-simple"},"_links":{"self":[{"href":"https:\/\/www.tairuiauto.com\/pt\/wp-json\/wp\/v2\/product\/3486","targetHints":{"allow":["GET"]}}],"collection":[{"href":"https:\/\/www.tairuiauto.com\/pt\/wp-json\/wp\/v2\/product"}],"about":[{"href":"https:\/\/www.tairuiauto.com\/pt\/wp-json\/wp\/v2\/types\/product"}],"replies":[{"embeddable":true,"href":"https:\/\/www.tairuiauto.com\/pt\/wp-json\/wp\/v2\/comments?post=3486"}],"wp:featuredmedia":[{"embeddable":true,"href":"https:\/\/www.tairuiauto.com\/pt\/wp-json\/wp\/v2\/media\/3488"}],"wp:attachment":[{"href":"https:\/\/www.tairuiauto.com\/pt\/wp-json\/wp\/v2\/media?parent=3486"}],"wp:term":[{"taxonomy":"product_brand","embeddable":true,"href":"https:\/\/www.tairuiauto.com\/pt\/wp-json\/wp\/v2\/product_brand?post=3486"},{"taxonomy":"product_cat","embeddable":true,"href":"https:\/\/www.tairuiauto.com\/pt\/wp-json\/wp\/v2\/product_cat?post=3486"},{"taxonomy":"product_tag","embeddable":true,"href":"https:\/\/www.tairuiauto.com\/pt\/wp-json\/wp\/v2\/product_tag?post=3486"}],"curies":[{"name":"wp","href":"https:\/\/api.w.org\/{rel}","templated":true}]}}