{"id":3510,"date":"2025-09-01T13:46:00","date_gmt":"2025-09-01T05:46:00","guid":{"rendered":"https:\/\/www.tairuiauto.com\/?post_type=product&#038;p=3510"},"modified":"2025-09-12T10:25:57","modified_gmt":"2025-09-12T02:25:57","slug":"3510","status":"publish","type":"product","link":"https:\/\/www.tairuiauto.com\/pt\/product\/3510\/","title":{"rendered":"Triciclo de carga 1500W"},"content":{"rendered":"<p data-start=\"511\" data-end=\"1029\">Na ind\u00fastria de transporte comercial em crescimento r\u00e1pido, escolher o ve\u00edculo certo \u00e9 crucial para efici\u00eancia, confiabilidade e rentabilidade a longo prazo. Nossa \u00faltima <strong data-start=\"669\" data-end=\"690\">tricicleta el\u00e9trica<\/strong> \u00e9 especificamente projetada para encomendas em massa, atendendo \u00e0s necessidades pr\u00e1ticas dos compradores de grosso e donos de neg\u00f3cios que requerem ve\u00edculos confi\u00e1veis para opera\u00e7\u00f5es di\u00e1rias. Constru\u00eddo com materiais de alto grau, desempenho poderoso e caracter\u00edsticas personalizadas, este modelo oferece uma solu\u00e7\u00e3o ideal para o transporte de mercadorias por \u00e1reas urbanas e rurais.<\/p>\n<hr data-start=\"1031\" data-end=\"1034\" \/>\n<h2 data-start=\"1036\" data-end=\"1061\"><strong data-start=\"1039\" data-end=\"1061\">Especifica\u00e7\u00f5es chave<\/strong><\/h2>\n<ul data-start=\"1063\" data-end=\"1532\">\n<li data-start=\"1063\" data-end=\"1104\">\n<table style=\"width: 95.0736%; height: 494px;\" width=\"720\">\n<tbody>\n<tr>\n<td colspan=\"2\" width=\"720\">Configura\u00e7\u00e3o padr\u00e3o<\/td>\n<\/tr>\n<tr>\n<td>Modelo<\/td>\n<td><a href=\"#\u76ee\u5f55!A1\">C122<\/a><\/td>\n<\/tr>\n<tr>\n<td width=\"265\">Dimens\u00e3o global<\/td>\n<td width=\"455\">3345*1390*1490 mm<\/td>\n<\/tr>\n<tr>\n<td width=\"265\">Cargando Capacidade<\/td>\n<td width=\"455\">900-1000KG<\/td>\n<\/tr>\n<tr>\n<td width=\"265\">Pot\u00eancia motora hidr\u00e1ulica<\/td>\n<td width=\"455\">1500W<\/td>\n<\/tr>\n<tr>\n<td width=\"265\">Tens\u00e3o padr\u00e3o<\/td>\n<td width=\"455\">60V\/72V<\/td>\n<\/tr>\n<tr>\n<td width=\"265\">Controlador<\/td>\n<td width=\"455\">24 Tubos<\/td>\n<\/tr>\n<tr>\n<td width=\"265\">Modo de travagem<\/td>\n<td width=\"455\">Bateria anterior \u00b7 Bateria posterior<\/td>\n<\/tr>\n<tr>\n<td width=\"265\">Minimum ground clearance<\/td>\n<td width=\"455\">125<\/td>\n<\/tr>\n<tr>\n<td width=\"265\">Capacidade de Produ\u00e7\u00e3o<\/td>\n<td width=\"455\">200000set\/ano<\/td>\n<\/tr>\n<tr>\n<td width=\"265\">Tempo de carga<\/td>\n<td width=\"455\">8h<\/td>\n<\/tr>\n<tr>\n<td width=\"265\">Tiro Tt Front\/Rear<\/td>\n<td width=\"455\">rodas frontais 4.00-12; - rodas traseiras[UNK]4,50-12<\/td>\n<\/tr>\n<tr>\n<td width=\"265\">Escolha de Cores<\/td>\n<td width=\"455\">Personalizado<\/td>\n<\/tr>\n<tr>\n<td width=\"265\">Origem<\/td>\n<td width=\"455\">China<\/td>\n<\/tr>\n<tr>\n<td width=\"265\">Range Per Charge\/Km<\/td>\n<td width=\"455\">50km<\/td>\n<\/tr>\n<tr>\n<td width=\"265\">Velocidade m\u00e1xima Km\/H<\/td>\n<td width=\"455\">30-45km\/H<\/td>\n<\/tr>\n<tr>\n<td width=\"265\">Capacidade Climbing<\/td>\n<td width=\"455\">\u226420\u00b0<\/td>\n<\/tr>\n<\/tbody>\n<\/table>\n<\/li>\n<\/ul>\n<hr data-start=\"1534\" data-end=\"1537\" \/>\n<h2 data-start=\"1539\" data-end=\"1587\"><strong data-start=\"1542\" data-end=\"1587\">Por que os clientes de grosso escolhem este ve\u00edculo<\/strong><\/h2>\n<h3 data-start=\"1589\" data-end=\"1627\">1. <strong data-start=\"1596\" data-end=\"1625\">Capacidade de carga excelente<\/strong><\/h3>\n<p data-start=\"1628\" data-end=\"1904\">Isto <strong data-start=\"1633\" data-end=\"1660\">tricicleta el\u00e9trica de carga<\/strong> apoia at\u00e9 1000 kg de bens, fazendo com que seja uma escolha confi\u00e1vel para ind\u00fastrias como log\u00edstica, agricultura e distribui\u00e7\u00e3o ao retalho. A cama de carga de a\u00e7o refor\u00e7ada assegura que objetos pesados s\u00e3o transportados seguramente sem comprometer a durabilidade.<\/p>\n<h3 data-start=\"1906\" data-end=\"1936\">2. <strong data-start=\"1913\" data-end=\"1934\">Powertrain forte<\/strong><\/h3>\n<p data-start=\"1937\" data-end=\"2173\">Fornecido por um motor de 1500W e apoiado por um controlador de 24 tubos, o triciclo fornece um torque consistente, mesmo quando completamente carregado. Combinada com uma escolha de baterias de 60V ou 72V, proporciona flexibilidade para satisfazer diferentes necessidades de neg\u00f3cios.<\/p>\n<h3 data-start=\"2175\" data-end=\"2222\">3. <strong data-start=\"2182\" data-end=\"2220\">Efici\u00eancia energ\u00e9tica e poupan\u00e7a de custos<\/strong><\/h3>\n<p data-start=\"2223\" data-end=\"2491\">Comparado com ve\u00edculos alimentados com combust\u00edvel, isso <strong data-start=\"2265\" data-end=\"2297\">tricicleta el\u00e9trica comercial<\/strong> reduz os custos operacionais em mais de 50%. Com uma m\u00e9dia de 50 km por carga, ele \u00e9 projetado para entregas a curta e m\u00e9dia dist\u00e2ncia, oferecendo benef\u00edcios ambientais e financeiros.<\/p>\n<h3 data-start=\"2493\" data-end=\"2529\">4. <strong data-start=\"2500\" data-end=\"2527\">Design duradouro e seguro<\/strong><\/h3>\n<p data-start=\"2530\" data-end=\"2758\">O sistema de travagem de dois tambores assegura a seguran\u00e7a sob cargas pesadas, enquanto a dist\u00e2ncia m\u00ednima do solo de 125 mm ajuda a navegar no terreno desigual. Os pneus s\u00e3o projetados para lidar com superf\u00edcies brutas, assegurando viagens suaves mesmo em \u00e1reas rurais.<\/p>\n<h3 data-start=\"2760\" data-end=\"2794\">5. <strong data-start=\"2767\" data-end=\"2792\">Op\u00e7\u00f5es de personaliza\u00e7\u00e3o<\/strong><\/h3>\n<p data-start=\"2795\" data-end=\"3037\">N\u00f3s entendemos que os compradores grossistas muitas vezes precisam de solu\u00e7\u00f5es adaptadas. Isto <strong data-start=\"2862\" data-end=\"2893\">tricicleta el\u00e9trica por grosso<\/strong> pode ser personalizada em cor, tamanho da cama de carga e marca (impress\u00e3o do logotipo OEM), ajudando os distribuidores a atingir eficazmente seus mercados espec\u00edficos.<\/p>\n<hr data-start=\"3039\" data-end=\"3042\" \/>\n<h2 data-start=\"3044\" data-end=\"3083\"><strong data-start=\"3047\" data-end=\"3083\">Produ\u00e7\u00e3o e Garantia de Qualidade<\/strong><\/h2>\n<p data-start=\"3085\" data-end=\"3396\">Nossa f\u00e1brica tem uma capacidade de produ\u00e7\u00e3o anual de 200.000 conjuntos, apoiada por uma gest\u00e3o de qualidade estrita certificada pela ISO. Cada unidade passa por testes de carga, testes de freio e testes de resist\u00eancia antes da entrega. Essa produ\u00e7\u00e3o em grande escala n\u00e3o s\u00f3 garante coer\u00eancia, mas tamb\u00e9m garantia um abastecimento est\u00e1vel para encomendas em massa.<\/p>\n<hr data-start=\"3398\" data-end=\"3401\" \/>\n<h2 data-start=\"3403\" data-end=\"3422\"><strong data-start=\"3406\" data-end=\"3422\">Aplica\u00e7\u00f5es<\/strong><\/h2>\n<p data-start=\"3424\" data-end=\"3482\">Isto <strong data-start=\"3429\" data-end=\"3461\">tricicleta el\u00e9trica pesada<\/strong> \u00e9 amplamente usada em:<\/p>\n<ul data-start=\"3483\" data-end=\"3644\">\n<li data-start=\"3483\" data-end=\"3522\">\n<p data-start=\"3485\" data-end=\"3522\">Log\u00edstica local e entrega de parcelas<\/p>\n<\/li>\n<li data-start=\"3523\" data-end=\"3558\">\n<p data-start=\"3525\" data-end=\"3558\">Transporte de material de constru\u00e7\u00e3o<\/p>\n<\/li>\n<li data-start=\"3559\" data-end=\"3595\">\n<p data-start=\"3561\" data-end=\"3595\">Opera\u00e7\u00f5es agr\u00edcolas e agr\u00edcolas<\/p>\n<\/li>\n<li data-start=\"3596\" data-end=\"3644\">\n<p data-start=\"3598\" data-end=\"3644\">Distribui\u00e7\u00e3o de cadeia de abastecimento de pequena escala<\/p>\n<\/li>\n<\/ul>\n<hr data-start=\"3646\" data-end=\"3649\" \/>\n<h2 data-start=\"3651\" data-end=\"3668\"><strong data-start=\"3654\" data-end=\"3668\">Conclus\u00e3o<\/strong><\/h2>\n<p data-start=\"3670\" data-end=\"4022\">Para empresas que procuram expandir sua frota de transporte, isso <strong data-start=\"3731\" data-end=\"3752\">tricicleta el\u00e9trica<\/strong> oferece um excelente equil\u00edbrio de capacidade de carga, efici\u00eancia e custo-efici\u00eancia. Com caracter\u00edsticas personalizadas, design duradouro e qualidade garantida da f\u00e1brica, \u00e9 a escolha perfeita para clientes de grosso que valorizam tanto o desempenho como o rendimento de investimento a longo prazo.<\/p>","protected":false},"excerpt":{"rendered":"<p>Nosso \u00faltimo triciclo el\u00e9trico, projetado para encomendas em massa com materiais de alto grau, performances poderosos e caracter\u00edsticas personalizadas, \u00e9 uma solu\u00e7\u00e3o ideal para compradores de grosso e propriet\u00e1rios de neg\u00f3cios na ind\u00fastria do transporte comercial buscando efici\u00eancia, confiabilidade e rendibilidade para o transporte di\u00e1rio de mercadorias urbanas e rurais.<\/p>","protected":false},"featured_media":3513,"comment_status":"open","ping_status":"closed","template":"","meta":[],"product_brand":[],"product_cat":[78],"product_tag":[],"class_list":{"0":"post-3510","1":"product","2":"type-product","3":"status-publish","4":"has-post-thumbnail","6":"product_cat-electric-tricycle","8":"first","9":"instock","10":"shipping-taxable","11":"purchasable","12":"product-type-simple"},"_links":{"self":[{"href":"https:\/\/www.tairuiauto.com\/pt\/wp-json\/wp\/v2\/product\/3510","targetHints":{"allow":["GET"]}}],"collection":[{"href":"https:\/\/www.tairuiauto.com\/pt\/wp-json\/wp\/v2\/product"}],"about":[{"href":"https:\/\/www.tairuiauto.com\/pt\/wp-json\/wp\/v2\/types\/product"}],"replies":[{"embeddable":true,"href":"https:\/\/www.tairuiauto.com\/pt\/wp-json\/wp\/v2\/comments?post=3510"}],"wp:featuredmedia":[{"embeddable":true,"href":"https:\/\/www.tairuiauto.com\/pt\/wp-json\/wp\/v2\/media\/3513"}],"wp:attachment":[{"href":"https:\/\/www.tairuiauto.com\/pt\/wp-json\/wp\/v2\/media?parent=3510"}],"wp:term":[{"taxonomy":"product_brand","embeddable":true,"href":"https:\/\/www.tairuiauto.com\/pt\/wp-json\/wp\/v2\/product_brand?post=3510"},{"taxonomy":"product_cat","embeddable":true,"href":"https:\/\/www.tairuiauto.com\/pt\/wp-json\/wp\/v2\/product_cat?post=3510"},{"taxonomy":"product_tag","embeddable":true,"href":"https:\/\/www.tairuiauto.com\/pt\/wp-json\/wp\/v2\/product_tag?post=3510"}],"curies":[{"name":"wp","href":"https:\/\/api.w.org\/{rel}","templated":true}]}}