{"id":3512,"date":"2025-09-01T13:12:54","date_gmt":"2025-09-01T05:12:54","guid":{"rendered":"https:\/\/www.tairuiauto.com\/?post_type=product&#038;p=3512"},"modified":"2025-09-12T10:41:01","modified_gmt":"2025-09-12T02:41:01","slug":"electric-tricycle-large-scale-freight","status":"publish","type":"product","link":"https:\/\/www.tairuiauto.com\/pt\/product\/electric-tricycle-large-scale-freight\/","title":{"rendered":"Triciclo de transporte el\u00e9trico de mercadorias"},"content":{"rendered":"<h3 data-start=\"542\" data-end=\"567\">Descri\u00e7\u00e3o do produto<\/h3>\n<table width=\"720\">\n<tbody>\n<tr>\n<td colspan=\"2\" width=\"720\">Configura\u00e7\u00e3o padr\u00e3o<\/td>\n<\/tr>\n<tr>\n<td>Modelo<\/td>\n<td><a href=\"#\u76ee\u5f55!A1\">C304<\/a><\/td>\n<\/tr>\n<tr>\n<td width=\"265\">Dimens\u00e3o global<\/td>\n<td width=\"455\">3360X1380X1425MM<\/td>\n<\/tr>\n<tr>\n<td width=\"265\">Cargando Capacidade<\/td>\n<td width=\"455\">2000KG<\/td>\n<\/tr>\n<tr>\n<td width=\"265\">Pot\u00eancia motora hidr\u00e1ulica<\/td>\n<td width=\"455\">1500W\/1800W<\/td>\n<\/tr>\n<tr>\n<td width=\"265\">Tens\u00e3o padr\u00e3o<\/td>\n<td width=\"455\">60V\/72V<\/td>\n<\/tr>\n<tr>\n<td width=\"265\">Controlador<\/td>\n<td width=\"455\">24 Tubos<\/td>\n<\/tr>\n<tr>\n<td width=\"265\">Modo de travagem<\/td>\n<td width=\"455\">Bateria anterior \u00b7 Bateria posterior<\/td>\n<\/tr>\n<tr>\n<td width=\"265\">Minimum ground clearance<\/td>\n<td width=\"455\">135<\/td>\n<\/tr>\n<tr>\n<td width=\"265\">Capacidade de Produ\u00e7\u00e3o<\/td>\n<td width=\"455\">100000 conjuntos\/ano<\/td>\n<\/tr>\n<tr>\n<td width=\"265\">Tempo de carga<\/td>\n<td width=\"455\">8h<\/td>\n<\/tr>\n<tr>\n<td width=\"265\">Tiro Tt Front\/Rear<\/td>\n<td width=\"455\">rodas frontais 4.00-12; - rodas traseiras[UNK]4,50-12<\/td>\n<\/tr>\n<tr>\n<td width=\"265\">Escolha de Cores<\/td>\n<td width=\"455\">Personalizado<\/td>\n<\/tr>\n<tr>\n<td width=\"265\">Origem<\/td>\n<td width=\"455\">China<\/td>\n<\/tr>\n<tr>\n<td width=\"265\">Range Per Charge\/Km<\/td>\n<td width=\"455\">50km<\/td>\n<\/tr>\n<tr>\n<td width=\"265\">Velocidade m\u00e1xima Km\/H<\/td>\n<td width=\"455\">35-45km\/H<\/td>\n<\/tr>\n<tr>\n<td width=\"265\">Capacidade Climbing<\/td>\n<td width=\"455\">\u226430\u00b0<\/td>\n<\/tr>\n<\/tbody>\n<\/table>\n<hr data-start=\"1062\" data-end=\"1065\" \/>\n<h3 data-start=\"1067\" data-end=\"1111\">Caracter\u00edsticas e - Avantagens (pontos de venda)<\/h3>\n<ol data-start=\"1113\" data-end=\"1976\">\n<li data-start=\"1113\" data-end=\"1339\">\n<p data-start=\"1116\" data-end=\"1339\"><strong data-start=\"1116\" data-end=\"1142\">Capacidade de Cargo Massivo<\/strong><br data-start=\"1142\" data-end=\"1145\" \/>Isto <strong data-start=\"1150\" data-end=\"1188\">tricicleta de carga el\u00e9trica pesada<\/strong> oferece uma carga m\u00e1xima de <strong data-start=\"1217\" data-end=\"1228\">2000 kg<\/strong>, assegurando um transporte confi\u00e1vel em massa para ind\u00fastrias que v\u00e3o de materiais de constru\u00e7\u00e3o a bens agr\u00edcolas.<\/p>\n<\/li>\n<li data-start=\"1341\" data-end=\"1556\">\n<p data-start=\"1344\" data-end=\"1556\"><strong data-start=\"1344\" data-end=\"1367\">Sistema de Pot\u00eancia Forte<\/strong><br data-start=\"1367\" data-end=\"1370\" \/>Equipado com um <strong data-start=\"1386\" data-end=\"1420\">Motor hidr\u00e1ulico 1500W ou 1800W<\/strong> e o sistema 60V\/72V, o Triciclo el\u00e9trico de carga de grande escala fornece desempenho suave e maneja inclina\u00e7\u00f5es at\u00e9 <strong data-start=\"1536\" data-end=\"1543\">30\u00b0<\/strong> com facilidade.<\/p>\n<\/li>\n<li data-start=\"1558\" data-end=\"1768\">\n<p data-start=\"1561\" data-end=\"1768\"><strong data-start=\"1561\" data-end=\"1590\">Range Efficiente e Velocidade<\/strong><br data-start=\"1590\" data-end=\"1593\" \/>O trigo proporciona uma <strong data-start=\"1614\" data-end=\"1629\">50 km de dist\u00e2ncia<\/strong> por carga e uma velocidade m\u00e1xima de <strong data-start=\"1660\" data-end=\"1674\">35-45 km\/h<\/strong>tornando-a adequada tanto para entregas urbanas a curta dist\u00e2ncia quanto para transporte industrial de mercadorias.<\/p>\n<\/li>\n<li data-start=\"1770\" data-end=\"1976\">\n<p data-start=\"1773\" data-end=\"1976\"><strong data-start=\"1773\" data-end=\"1799\">Design de seguran\u00e7a confi\u00e1vel<\/strong><br data-start=\"1799\" data-end=\"1802\" \/>Com freios de tambor de frente e de tr\u00e1s, <strong data-start=\"1835\" data-end=\"1862\">135 mm de dist\u00e2ncia do solo<\/strong>e pneus duradouros, isso <strong data-start=\"1888\" data-end=\"1914\">trigo el\u00e9trico de carga<\/strong> garante uma opera\u00e7\u00e3o est\u00e1vel e segura em v\u00e1rios terrenos.<\/p>\n<\/li>\n<\/ol>\n<hr data-start=\"1978\" data-end=\"1981\" \/>\n<h3 data-start=\"1983\" data-end=\"2014\">Avan\u00e7os Diferenciados<\/h3>\n<ol data-start=\"2016\" data-end=\"3041\">\n<li data-start=\"2016\" data-end=\"2285\">\n<p data-start=\"2019\" data-end=\"2285\"><strong data-start=\"2019\" data-end=\"2048\">Fabrica\u00e7\u00e3o de alto volume<\/strong><br data-start=\"2048\" data-end=\"2051\" \/>Com uma produ\u00e7\u00e3o anual superior <strong data-start=\"2083\" data-end=\"2100\">100.000 unidades<\/strong>nossa f\u00e1brica assegura uma capacidade de abastecimento em grande escala, tornando-nos um parceiro confi\u00e1vel para grandes e distribuidores buscando compras consistentes de tricicletas de carga el\u00e9trica pesada.<\/p>\n<\/li>\n<li data-start=\"2287\" data-end=\"2514\">\n<p data-start=\"2290\" data-end=\"2514\"><strong data-start=\"2290\" data-end=\"2318\">Op\u00e7\u00f5es personalizadas de OEM<\/strong><br data-start=\"2318\" data-end=\"2321\" \/>N\u00f3s fornecemos <strong data-start=\"2332\" data-end=\"2353\">Adapta\u00e7\u00e3o OEM<\/strong> incluindo op\u00e7\u00f5es de tamanho, material e marca. Os clientes podem personalizar suas tr\u00eas rodas el\u00e9tricas industriais para adaptar a identidade da empresa e necessidades operacionais.<\/p>\n<\/li>\n<li data-start=\"2516\" data-end=\"2814\">\n<p data-start=\"2519\" data-end=\"2814\"><strong data-start=\"2519\" data-end=\"2550\">Aplica\u00e7\u00f5es transindustriais<\/strong><br data-start=\"2550\" data-end=\"2553\" \/>Ao contr\u00e1rio de modelos convencionais, o Triciclo el\u00e9trico de Grande Escala de Freight Electric Tricycle mostrou-se eficaz em m\u00faltiplas ind\u00fastrias: <strong data-start=\"2668\" data-end=\"2732\">log\u00edstica, agricultura, constru\u00e7\u00e3o e distribui\u00e7\u00e3o urbana<\/strong>Essa versatilidade refor\u00e7a sua posi\u00e7\u00e3o como um trigo l\u00edder de transporte el\u00e9trico de mercadorias.<\/p>\n<\/li>\n<li data-start=\"2816\" data-end=\"3041\">\n<p data-start=\"2819\" data-end=\"3041\"><strong data-start=\"2819\" data-end=\"2849\">Economizar custos Sostenibilidade<\/strong><br data-start=\"2849\" data-end=\"2852\" \/>Mudando de ve\u00edculos de combust\u00edvel para isso <strong data-start=\"2889\" data-end=\"2916\">tricicleta de carga el\u00e9trica<\/strong> reduz tanto a imprensa de carbono como os custos operacionais a longo prazo, oferecendo aos compradores uma vantagem competitiva na log\u00edstica verde.<\/p>\n<\/li>\n<\/ol>\n<hr data-start=\"3043\" data-end=\"3046\" \/>\n<h3 data-start=\"3048\" data-end=\"3076\">Especifica\u00e7\u00f5es do produto<\/h3>\n<ul data-start=\"3077\" data-end=\"3458\">\n<li data-start=\"3077\" data-end=\"3118\">\n<p data-start=\"3079\" data-end=\"3118\"><strong data-start=\"3079\" data-end=\"3094\">Dimens\u00f5es:<\/strong> 3360 \u00d7 1380 \u00d7 1425 mm<\/p>\n<\/li>\n<li data-start=\"3119\" data-end=\"3169\">\n<p data-start=\"3121\" data-end=\"3169\"><strong data-start=\"3121\" data-end=\"3137\">Motor Power:<\/strong> Motor hidr\u00e1ulico 1500W \/ 1800W<\/p>\n<\/li>\n<li data-start=\"3170\" data-end=\"3204\">\n<p data-start=\"3172\" data-end=\"3204\"><strong data-start=\"3172\" data-end=\"3192\">Op\u00e7\u00f5es de Volta\u00e7\u00e3o:<\/strong> 60V \/ 72V<\/p>\n<\/li>\n<li data-start=\"3205\" data-end=\"3235\">\n<p data-start=\"3207\" data-end=\"3235\"><strong data-start=\"3207\" data-end=\"3225\">Capacidade de Carga:<\/strong> 2000 kg<\/p>\n<\/li>\n<li data-start=\"3236\" data-end=\"3265\">\n<p data-start=\"3238\" data-end=\"3265\"><strong data-start=\"3238\" data-end=\"3252\">Velocidade m\u00e1xima:<\/strong> 35-45 km\/h<\/p>\n<\/li>\n<li data-start=\"3266\" data-end=\"3297\">\n<p data-start=\"3268\" data-end=\"3297\"><strong data-start=\"3268\" data-end=\"3289\">Range per Charge:<\/strong> 50 km<\/p>\n<\/li>\n<li data-start=\"3298\" data-end=\"3328\">\n<p data-start=\"3300\" data-end=\"3328\"><strong data-start=\"3300\" data-end=\"3321\">Capacidade Climbing:<\/strong> \u226430\u00b0<\/p>\n<\/li>\n<li data-start=\"3329\" data-end=\"3361\">\n<p data-start=\"3331\" data-end=\"3361\"><strong data-start=\"3331\" data-end=\"3352\">Clearance terrestre:<\/strong> 135 mm<\/p>\n<\/li>\n<li data-start=\"3362\" data-end=\"3409\">\n<p data-start=\"3364\" data-end=\"3409\"><strong data-start=\"3364\" data-end=\"3378\">Tamanho do pneu:<\/strong> Anterior 4.00-12 \/ Atr\u00e1s 4.50-12<\/p>\n<\/li>\n<li data-start=\"3410\" data-end=\"3458\">\n<p data-start=\"3412\" data-end=\"3458\"><strong data-start=\"3412\" data-end=\"3431\">Sistema de travagem:<\/strong> Front &amp; - freios de tambor traseiros<\/p>\n<\/li>\n<\/ul>\n<hr data-start=\"3460\" data-end=\"3463\" \/>\n<h3 data-start=\"3465\" data-end=\"3479\">Material<\/h3>\n<p data-start=\"3480\" data-end=\"3532\">Quadro de a\u00e7o de alta for\u00e7a com chasse refor\u00e7ado.<\/p>\n<hr data-start=\"3534\" data-end=\"3537\" \/>\n<h3 data-start=\"3539\" data-end=\"3564\">Apar\u00eancia e Design<\/h3>\n<p data-start=\"3565\" data-end=\"3654\">Pr\u00e1tica, robusta e personalizada em m\u00faltiplas cores para se alinhar com a marca do cliente.<\/p>\n<hr data-start=\"3656\" data-end=\"3659\" \/>\n<h3 data-start=\"3661\" data-end=\"3686\">OEM \/ Adapta\u00e7\u00e3o<\/h3>\n<p data-start=\"3687\" data-end=\"3785\">As op\u00e7\u00f5es incluem: <strong data-start=\"3704\" data-end=\"3782\">design, dimens\u00f5es, materiais, cores de pintura, logotipos de marca e embalagem<\/strong>.<\/p>\n<hr data-start=\"3787\" data-end=\"3790\" \/>\n<h3 data-start=\"3792\" data-end=\"3813\">Controlo da qualidade<\/h3>\n<ul data-start=\"3814\" data-end=\"3969\">\n<li data-start=\"3814\" data-end=\"3848\">\n<p data-start=\"3816\" data-end=\"3848\">Testes estritos de linha de produ\u00e7\u00e3o<\/p>\n<\/li>\n<li data-start=\"3849\" data-end=\"3925\">\n<p data-start=\"3851\" data-end=\"3925\">compromisso de qualidade: cada unidade passa por inspec\u00e7\u00e3o completa antes da expedi\u00e7\u00e3o<\/p>\n<\/li>\n<li data-start=\"3926\" data-end=\"3969\">\n<p data-start=\"3928\" data-end=\"3969\">Complian\u00e7a com padr\u00f5es internacionais<\/p>\n<\/li>\n<\/ul>\n<hr data-start=\"3971\" data-end=\"3974\" \/>\n<h3 data-start=\"3976\" data-end=\"4003\">embalagem e Log\u00edstica<\/h3>\n<ul data-start=\"4004\" data-end=\"4126\">\n<li data-start=\"4004\" data-end=\"4033\">\n<p data-start=\"4006\" data-end=\"4033\">Embalagem de exporta\u00e7\u00e3o padr\u00e3o<\/p>\n<\/li>\n<li data-start=\"4034\" data-end=\"4074\">\n<p data-start=\"4036\" data-end=\"4074\">Transporte mar\u00edtimo\/terrestre<\/p>\n<\/li>\n<li data-start=\"4075\" data-end=\"4126\">\n<p data-start=\"4077\" data-end=\"4126\">Entrega r\u00e1pida apoiada por capacidade de alto volume<\/p>\n<\/li>\n<\/ul>\n<hr data-start=\"4128\" data-end=\"4131\" \/>\n<h3 data-start=\"4133\" data-end=\"4158\">Servi\u00e7o de Depois de Venda<\/h3>\n<ul data-start=\"4159\" data-end=\"4304\">\n<li data-start=\"4159\" data-end=\"4197\">\n<p data-start=\"4161\" data-end=\"4197\">Instala\u00e7\u00e3o e - orienta\u00e7\u00e3o de ajuste<\/p>\n<\/li>\n<li data-start=\"4198\" data-end=\"4215\">\n<p data-start=\"4200\" data-end=\"4215\">Treinamento de usu\u00e1rio<\/p>\n<\/li>\n<li data-start=\"4216\" data-end=\"4253\">\n<p data-start=\"4218\" data-end=\"4253\">Suporte global de p\u00f3s-vendas<\/p>\n<\/li>\n<li data-start=\"4254\" data-end=\"4304\">\n<p data-start=\"4256\" data-end=\"4304\">Servi\u00e7o de manuten\u00e7\u00e3o &amp; - disponibilidade de pe\u00e7as de reserva<\/p>\n<\/li>\n<\/ul>\n<hr data-start=\"4306\" data-end=\"4309\" \/>\n<h3 data-start=\"4311\" data-end=\"4329\">Aplica\u00e7\u00f5es<\/h3>\n<ul data-start=\"4330\" data-end=\"4455\">\n<li data-start=\"4330\" data-end=\"4360\">\n<p data-start=\"4332\" data-end=\"4360\">Log\u00edstica e - entrega urbana<\/p>\n<\/li>\n<li data-start=\"4361\" data-end=\"4387\">\n<p data-start=\"4363\" data-end=\"4387\">Transporte agr\u00edcola<\/p>\n<\/li>\n<li data-start=\"4388\" data-end=\"4419\">\n<p data-start=\"4390\" data-end=\"4419\">Movimento industrial de mercadorias<\/p>\n<\/li>\n<li data-start=\"4420\" data-end=\"4455\">\n<p data-start=\"4422\" data-end=\"4455\">Transporte de carga no local de constru\u00e7\u00e3o<\/p>\n<\/li>\n<\/ul>\n<hr data-start=\"4457\" data-end=\"4460\" \/>\n<h3 data-start=\"4462\" data-end=\"4483\">Op\u00e7\u00f5es de pagamento<\/h3>\n<p data-start=\"4484\" data-end=\"4552\">Condi\u00e7\u00f5es flex\u00edveis de pagamento dispon\u00edveis para compradores de grandes e projetos.<\/p>\n<hr data-start=\"4554\" data-end=\"4557\" \/>\n<h3 data-start=\"4559\" data-end=\"4568\">FAQ<\/h3>\n<p data-start=\"4570\" data-end=\"4707\"><strong data-start=\"4570\" data-end=\"4615\">Q1: Qual \u00e9 a capacidade m\u00e1xima de carga?<\/strong><br data-start=\"4615\" data-end=\"4618\" \/>A: At\u00e9 <strong data-start=\"4627\" data-end=\"4638\">2000 kg<\/strong>tornando-o um dos mais fortes triques de transporte el\u00e9trico de mercadorias dispon\u00edveis.<\/p>\n<p data-start=\"4709\" data-end=\"4825\"><strong data-start=\"4709\" data-end=\"4748\">Q2: A tricicleta pode ser personalizada?<\/strong><br data-start=\"4748\" data-end=\"4751\" \/>A: Sim, os servi\u00e7os OEM incluem design, dimens\u00f5es, material e marca.<\/p>\n<p data-start=\"4827\" data-end=\"4955\"><strong data-start=\"4827\" data-end=\"4864\">Q3: Qual \u00e9 o intervalo por carga?<\/strong><br data-start=\"4864\" data-end=\"4867\" \/>A: Aproximadamente <strong data-start=\"4884\" data-end=\"4893\">50 km<\/strong>, adequado para a maioria das opera\u00e7\u00f5es de transporte de mercadorias industriais e urbanas.<\/p>\n<p data-start=\"4957\" data-end=\"5073\"><strong data-start=\"4957\" data-end=\"5000\">Q4: Quanto confi\u00e1vel \u00e9 o sistema de travagem?<\/strong><br data-start=\"5000\" data-end=\"5003\" \/>A: Tanto os freios de tambor de frente como de tr\u00e1s asseguram uma opera\u00e7\u00e3o segura e est\u00e1vel.<\/p>\n<p data-start=\"5075\" data-end=\"5257\"><strong data-start=\"5075\" data-end=\"5133\">Q5: Para que ind\u00fastrias \u00e9 esse produto mais adequado?<\/strong><br data-start=\"5133\" data-end=\"5136\" \/>A: \u00c9 ideal para <strong data-start=\"5155\" data-end=\"5254\">empresas log\u00edsticas, neg\u00f3cios agr\u00edcolas, projetos de constru\u00e7\u00e3o e distribuidores por grosso<\/strong>.<\/p>","protected":false},"excerpt":{"rendered":"<p>O <strong data-start=\"572\" data-end=\"613\">Triciclo el\u00e9trico de transporte de mercadorias em grande escala<\/strong> \u00e9 projetada para empresas que requerem transporte de carga confi\u00e1vel, de alta capacidade e sustent\u00e1vel. Com um corpo de a \u00e7o refor\u00e7ado, poderosas op\u00e7\u00f5es de motor hidr\u00e1ulico (1500W\/1800W), e uma carga m\u00e1xima de <strong data-start=\"819\" data-end=\"830\">2000 kg<\/strong>este ve\u00edculo assegura opera\u00e7\u00f5es eficientes na log\u00edstica, constru\u00e7\u00e3o e agricultura. Seu design equilibra for\u00e7a, resist\u00eancia e desempenho ecol\u00f3gico, tornando-a uma escolha l\u00edder entre tr\u00eas rodas el\u00e9tricas industriais.<\/p>","protected":false},"featured_media":3514,"comment_status":"open","ping_status":"closed","template":"","meta":[],"product_brand":[],"product_cat":[78],"product_tag":[],"class_list":{"0":"post-3512","1":"product","2":"type-product","3":"status-publish","4":"has-post-thumbnail","6":"product_cat-electric-tricycle","8":"first","9":"instock","10":"shipping-taxable","11":"purchasable","12":"product-type-simple"},"_links":{"self":[{"href":"https:\/\/www.tairuiauto.com\/pt\/wp-json\/wp\/v2\/product\/3512","targetHints":{"allow":["GET"]}}],"collection":[{"href":"https:\/\/www.tairuiauto.com\/pt\/wp-json\/wp\/v2\/product"}],"about":[{"href":"https:\/\/www.tairuiauto.com\/pt\/wp-json\/wp\/v2\/types\/product"}],"replies":[{"embeddable":true,"href":"https:\/\/www.tairuiauto.com\/pt\/wp-json\/wp\/v2\/comments?post=3512"}],"wp:featuredmedia":[{"embeddable":true,"href":"https:\/\/www.tairuiauto.com\/pt\/wp-json\/wp\/v2\/media\/3514"}],"wp:attachment":[{"href":"https:\/\/www.tairuiauto.com\/pt\/wp-json\/wp\/v2\/media?parent=3512"}],"wp:term":[{"taxonomy":"product_brand","embeddable":true,"href":"https:\/\/www.tairuiauto.com\/pt\/wp-json\/wp\/v2\/product_brand?post=3512"},{"taxonomy":"product_cat","embeddable":true,"href":"https:\/\/www.tairuiauto.com\/pt\/wp-json\/wp\/v2\/product_cat?post=3512"},{"taxonomy":"product_tag","embeddable":true,"href":"https:\/\/www.tairuiauto.com\/pt\/wp-json\/wp\/v2\/product_tag?post=3512"}],"curies":[{"name":"wp","href":"https:\/\/api.w.org\/{rel}","templated":true}]}}