{"id":3523,"date":"2026-01-17T09:41:16","date_gmt":"2026-01-17T01:41:16","guid":{"rendered":"https:\/\/www.tairuiauto.com\/?post_type=product&#038;p=3523"},"modified":"2026-01-27T10:41:52","modified_gmt":"2026-01-27T02:41:52","slug":"electric-lift-tricycle","status":"publish","type":"product","link":"https:\/\/www.tairuiauto.com\/pt\/product\/electric-lift-tricycle\/","title":{"rendered":"Triciclo el\u00e9trico de eleva\u00e7\u00e3o para uso de orquestras"},"content":{"rendered":"<h2 style=\"padding-left: 40px;\" data-start=\"618\" data-end=\"642\">Vista geral dos produtos<\/h2>\n<p style=\"padding-left: 40px;\" data-start=\"643\" data-end=\"1321\">O <strong data-start=\"507\" data-end=\"549\">Triciclo el\u00e9trico de eleva\u00e7\u00e3o para uso de orquestras<\/strong> \u00e9 um ve\u00edculo de carga el\u00e9trica pesado projetado especificamente para o jardim e ambientes agr\u00edcolas. Combina uma caixa de carga refor\u00e7ada, um mecanismo de levantamento hidr\u00e1ulico e um comboio el\u00e9trico est\u00e1vel para melhorar a efici\u00eancia de carga e reduzir o trabalho manual.<\/p>\n<h2 style=\"padding-left: 40px;\"><strong><b>Par\u00e2metros<\/b><\/strong><\/h2>\n<table style=\"margin-left: 40px;\">\n<tbody style=\"padding-left: 40px;\">\n<tr style=\"padding-left: 40px;\">\n<td style=\"padding-left: 40px;\" width=\"265\">Modelo<\/td>\n<td style=\"padding-left: 40px;\" width=\"455\">Triciclo el\u00e9trico de eleva\u00e7\u00e3o para uso de orquestras<\/td>\n<\/tr>\n<tr style=\"padding-left: 40px;\">\n<td style=\"padding-left: 40px;\" width=\"265\">Tamanho da caixa de carga<\/td>\n<td style=\"padding-left: 40px;\" width=\"455\">1600MM*1000MM<\/td>\n<\/tr>\n<tr style=\"padding-left: 40px;\">\n<td style=\"padding-left: 40px;\" width=\"265\">Cargando Capacidade<\/td>\n<td style=\"padding-left: 40px;\" width=\"455\">600KG<\/td>\n<\/tr>\n<tr style=\"padding-left: 40px;\">\n<td style=\"padding-left: 40px;\" width=\"265\">Pot\u00eancia motora hidr\u00e1ulica<\/td>\n<td style=\"padding-left: 40px;\" width=\"455\">1000W<\/td>\n<\/tr>\n<tr style=\"padding-left: 40px;\">\n<td style=\"padding-left: 40px;\" width=\"265\">Tens\u00e3o padr\u00e3o<\/td>\n<td style=\"padding-left: 40px;\" width=\"455\">60\/72V<\/td>\n<\/tr>\n<tr style=\"padding-left: 40px;\">\n<td style=\"padding-left: 40px;\" width=\"265\">Controlador<\/td>\n<td style=\"padding-left: 40px;\" width=\"455\">Tubo 18<\/td>\n<\/tr>\n<tr style=\"padding-left: 40px;\">\n<td style=\"padding-left: 40px;\" width=\"265\">Modo de travagem<\/td>\n<td style=\"padding-left: 40px;\" width=\"455\">Foto em tambor mec\u00e2nico, estacionamento manual<\/td>\n<\/tr>\n<tr style=\"padding-left: 40px;\">\n<td style=\"padding-left: 40px;\" width=\"265\">Minimum ground clearance<\/td>\n<td style=\"padding-left: 40px;\" width=\"455\">135<\/td>\n<\/tr>\n<tr style=\"padding-left: 40px;\">\n<td style=\"padding-left: 40px;\" width=\"265\">Capacidade de Produ\u00e7\u00e3o<\/td>\n<td style=\"padding-left: 40px;\" width=\"455\">100000 conjuntos\/ano<\/td>\n<\/tr>\n<tr style=\"padding-left: 40px;\">\n<td style=\"padding-left: 40px;\" width=\"265\">Tempo de carga<\/td>\n<td style=\"padding-left: 40px;\" width=\"455\">8h<\/td>\n<\/tr>\n<tr style=\"padding-left: 40px;\">\n<td style=\"padding-left: 40px;\" width=\"265\">Tiro Tt Front\/Rear<\/td>\n<td style=\"padding-left: 40px;\" width=\"455\">3,75-12 rodas de frente 4,00-12 rodas de tr\u00e1s<\/td>\n<\/tr>\n<tr style=\"padding-left: 40px;\">\n<td style=\"padding-left: 40px;\" width=\"265\">Escolha de Cores<\/td>\n<td style=\"padding-left: 40px;\" width=\"455\">Personalizado<\/td>\n<\/tr>\n<tr style=\"padding-left: 40px;\">\n<td style=\"padding-left: 40px;\" width=\"265\">Origem<\/td>\n<td style=\"padding-left: 40px;\" width=\"455\">China<\/td>\n<\/tr>\n<tr style=\"padding-left: 40px;\">\n<td style=\"padding-left: 40px;\" width=\"265\">Range Per Charge\/Km<\/td>\n<td style=\"padding-left: 40px;\" width=\"455\">40 km<\/td>\n<\/tr>\n<tr style=\"padding-left: 40px;\">\n<td style=\"padding-left: 40px;\" width=\"265\">Velocidade m\u00e1xima Km\/H<\/td>\n<td style=\"padding-left: 40px;\" width=\"455\">30-40 km\/H<\/td>\n<\/tr>\n<tr style=\"padding-left: 40px;\">\n<td style=\"padding-left: 40px;\" width=\"265\">Capacidade Climbing<\/td>\n<td style=\"padding-left: 40px;\" width=\"455\">\u226430\u00b0<\/td>\n<\/tr>\n<\/tbody>\n<\/table>\n<hr style=\"padding-left: 40px;\" data-start=\"808\" data-end=\"811\" \/>\n<h2 style=\"padding-left: 40px;\" data-start=\"813\" data-end=\"835\">Descri\u00e7\u00e3o do produto<\/h2>\n<h3 style=\"padding-left: 40px;\" data-start=\"837\" data-end=\"859\">Categoria de produtos<\/h3>\n<p style=\"padding-left: 40px;\" data-start=\"860\" data-end=\"944\">Triciclo de carga el\u00e9trica\/Ve\u00edculo el\u00e9trico agr\u00edcola\/Triciclo de Transporte de Orchardes<\/p>\n<h3 style=\"padding-left: 40px;\" data-start=\"946\" data-end=\"971\">Descri\u00e7\u00e3o do produto<\/h3>\n<p style=\"padding-left: 40px;\" data-start=\"973\" data-end=\"1301\">O <strong data-start=\"977\" data-end=\"1019\">Triciclo el\u00e9trico de eleva\u00e7\u00e3o para uso de orquestras<\/strong> \u00e9 constru\u00edda para atender \u00e0s exigentes necessidades de transporte de jardins, fazendas e \u00e1reas rurais de produ\u00e7\u00e3o. Equipado com um <strong data-start=\"1136\" data-end=\"1167\">caixa de carga 1600 mm \u00d7 1000 mm<\/strong>o ve\u00edculo fornece amplo espa\u00e7o para caixas de frutas, ferramentas e materiais agr\u00edcolas, com <strong data-start=\"1262\" data-end=\"1300\">capacidade m\u00e1xima de carga de 600 kg<\/strong>.<\/p>\n<p style=\"padding-left: 40px;\" data-start=\"1303\" data-end=\"1739\">Uma caracter\u00edstica chave deste modelo \u00e9 seu <strong data-start=\"1338\" data-end=\"1401\">sistema de eleva\u00e7\u00e3o hidr\u00e1ulica alimentado por um motor hidr\u00e1ulico de 1000W<\/strong>permitindo aos operadores carregar e descarregar mercadorias eficientemente, especialmente em terrenos de jardim desiguais. O sistema el\u00e9trico suporta <strong data-start=\"1527\" data-end=\"1574\">configura\u00e7\u00f5es padr\u00e3o de tens\u00e3o 60V e 72V<\/strong>oferecendo flexibilidade para diferentes requisitos de desempenho e custo. - Um <strong data-start=\"1649\" data-end=\"1671\">controlador de 18 tubos<\/strong> assegura sa\u00edda est\u00e1vel de energia e funcionamento suave sob cargas pesadas.<\/p>\n<p style=\"padding-left: 40px;\"><img fetchpriority=\"high\" decoding=\"async\" class=\"size-medium wp-image-3531 alignleft\" src=\"https:\/\/www.tairuiauto.com\/wp-content\/uploads\/2025\/09\/3-2-300x226.jpg\" alt=\"\" width=\"300\" height=\"226\" srcset=\"\" sizes=\"(max-width: 300px) 100vw, 300px\" data-srcset=\"\" \/><img decoding=\"async\" class=\"size-medium wp-image-3530 alignright\" src=\"https:\/\/www.tairuiauto.com\/wp-content\/uploads\/2025\/09\/2-1-300x225.jpg\" alt=\"\" width=\"300\" height=\"225\" srcset=\"\" sizes=\"(max-width: 300px) 100vw, 300px\" data-srcset=\"\" \/><img decoding=\"async\" class=\"size-medium wp-image-3532 aligncenter\" src=\"https:\/\/www.tairuiauto.com\/wp-content\/uploads\/2025\/09\/4-2-300x225.jpg\" alt=\"\" width=\"300\" height=\"225\" srcset=\"\" sizes=\"(max-width: 300px) 100vw, 300px\" data-srcset=\"\" \/><\/p>\n<hr style=\"padding-left: 40px;\" data-start=\"2501\" data-end=\"2504\" \/>\n<p style=\"padding-left: 40px;\" data-start=\"1741\" data-end=\"2077\">O triciclo \u00e9 projetado para durabilidade e seguran\u00e7a, com uma <strong data-start=\"1805\" data-end=\"1857\">sistema mec\u00e2nico de travagem de tambor com controle de p\u00e9<\/strong>combinado com um <strong data-start=\"1875\" data-end=\"1899\">freio de estacionamento manual<\/strong> para assegurar uma parada segura nas pendientes e durante a carga. Com um <strong data-start=\"1963\" data-end=\"2001\">uma dist\u00e2ncia m\u00ednima de 135 mm<\/strong>o ve\u00edculo pode facilmente lidar com caminhos brutos, caminhos de solo e caminhos de jardim.<\/p>\n<p style=\"padding-left: 40px;\" data-start=\"2079\" data-end=\"2459\">A configura\u00e7\u00e3o da roda inclui <strong data-start=\"2112\" data-end=\"2135\">3,75-12 pneus da frente<\/strong> e <strong data-start=\"2140\" data-end=\"2162\">4.00-12 pneus traseiros<\/strong>, proporcionando uma forte tra\u00e7\u00e3o e estabilidade quando carregada. O ve\u00edculo fornece um <strong data-start=\"2246\" data-end=\"2277\">velocidade m\u00e1xima de 30-40 km\/h<\/strong> e um <strong data-start=\"2284\" data-end=\"2327\">dist\u00e2ncia de condu\u00e7\u00e3o de at\u00e9 40 km por carga<\/strong>tornando-o adequado para opera\u00e7\u00f5es di\u00e1rias de jardim. O tempo de carga \u00e9 aproximadamente <strong data-start=\"2409\" data-end=\"2420\">8 horas<\/strong>apoiando ciclos de carregamento durante a noite.<\/p>\n<p style=\"padding-left: 40px;\" data-start=\"2461\" data-end=\"2818\">Com um <strong data-start=\"2468\" data-end=\"2501\">capacidade de subir at\u00e9 30\u00b0<\/strong>o tricicleta funciona de maneira confi\u00e1vel nas pendientes geralmente encontradas em jardins colinosos e terras agr\u00edcolas. Op\u00e7\u00f5es de cor podem ser <strong data-start=\"2612\" data-end=\"2626\">personalizado<\/strong> para encontrar marcas ou prefer\u00eancias operacionais. Fabricado em <strong data-start=\"2688\" data-end=\"2697\">China<\/strong>este modelo \u00e9 apoiado por um <strong data-start=\"2728\" data-end=\"2777\">capacidade de produ\u00e7\u00e3o de 100.000 unidades por ano<\/strong>, assegurando suprimento est\u00e1vel para encomendas em massa.<\/p>\n<hr style=\"padding-left: 40px;\" data-start=\"2820\" data-end=\"2823\" \/>\n<h2 style=\"padding-left: 40px;\" data-start=\"2825\" data-end=\"2853\">Caracter\u00edsticas-chave e - Avantagens<\/h2>\n<h3 style=\"padding-left: 40px;\" data-start=\"2855\" data-end=\"2869\">Caracter\u00edsticas<\/h3>\n<ul>\n<li style=\"list-style-type: none;\">\n<ul data-start=\"2870\" data-end=\"3073\">\n<li data-start=\"2870\" data-end=\"2912\">\n<p data-start=\"2872\" data-end=\"2912\">Sistema de eleva\u00e7\u00e3o hidr\u00e1ulica com motor de 1000W<\/p>\n<\/li>\n<li data-start=\"2913\" data-end=\"2948\">\n<p data-start=\"2915\" data-end=\"2948\">Alta capacidade de carga at\u00e9 600 kg<\/p>\n<\/li>\n<li data-start=\"2949\" data-end=\"2994\">\n<p data-start=\"2951\" data-end=\"2994\">Caixa de carga refor\u00e7ada para uso agr\u00edcola<\/p>\n<\/li>\n<li data-start=\"2995\" data-end=\"3030\">\n<p data-start=\"2997\" data-end=\"3030\">Op\u00e7\u00f5es de duas voltagens: 60V \/ 72V<\/p>\n<\/li>\n<li data-start=\"3031\" data-end=\"3073\">\n<p data-start=\"3033\" data-end=\"3073\">Freado est\u00e1vel de tambor com freno de estacionamento<\/p>\n<\/li>\n<\/ul>\n<\/li>\n<\/ul>\n<h3 style=\"padding-left: 40px;\" data-start=\"3075\" data-end=\"3091\">Avantagens<\/h3>\n<ul>\n<li style=\"list-style-type: none;\">\n<ul data-start=\"3092\" data-end=\"3295\">\n<li data-start=\"3092\" data-end=\"3139\">\n<p data-start=\"3094\" data-end=\"3139\">Reduz o manejo manual e a intensidade laboral<\/p>\n<\/li>\n<li data-start=\"3140\" data-end=\"3190\">\n<p data-start=\"3142\" data-end=\"3190\">Carga e descarga eficientes de mercadorias pesadas<\/p>\n<\/li>\n<li data-start=\"3191\" data-end=\"3241\">\n<p data-start=\"3193\" data-end=\"3241\">Representa\u00e7\u00e3o confi\u00e1vel em terreno de jardim desigual<\/p>\n<\/li>\n<li data-start=\"3242\" data-end=\"3295\">\n<p data-start=\"3244\" data-end=\"3295\">Configura\u00e7\u00e3o flex\u00edvel para diferentes necessidades do mercado<\/p>\n<\/li>\n<\/ul>\n<\/li>\n<\/ul>\n<h3 style=\"padding-left: 40px;\" data-start=\"3297\" data-end=\"3317\">Benef\u00edcios do comprador<\/h3>\n<ul>\n<li style=\"list-style-type: none;\">\n<ul data-start=\"3318\" data-end=\"3488\">\n<li data-start=\"3318\" data-end=\"3359\">\n<p data-start=\"3320\" data-end=\"3359\">Melhoria da efici\u00eancia do transporte do jardim<\/p>\n<\/li>\n<li data-start=\"3360\" data-end=\"3403\">\n<p data-start=\"3362\" data-end=\"3403\">Baixos custos operacionais e de manuten\u00e7\u00e3o<\/p>\n<\/li>\n<li data-start=\"3404\" data-end=\"3447\">\n<p data-start=\"3406\" data-end=\"3447\">Adequado para uso agr\u00edcola a longo prazo<\/p>\n<\/li>\n<li data-start=\"3448\" data-end=\"3488\">\n<p data-start=\"3450\" data-end=\"3488\">Apar\u00eancia personalizada para marca<\/p>\n<\/li>\n<\/ul>\n<\/li>\n<\/ul>\n<h3 style=\"padding-left: 40px;\" data-start=\"3490\" data-end=\"3504\">Provas<\/h3>\n<ul>\n<li style=\"list-style-type: none;\">\n<ul data-start=\"3505\" data-end=\"3624\">\n<li data-start=\"3505\" data-end=\"3543\">\n<p data-start=\"3507\" data-end=\"3543\">Estrutura de eleva\u00e7\u00e3o hidr\u00e1ulica provada<\/p>\n<\/li>\n<li data-start=\"3544\" data-end=\"3589\">\n<p data-start=\"3546\" data-end=\"3589\">Configura\u00e7\u00e3o de pneus pesados e chassis<\/p>\n<\/li>\n<li data-start=\"3590\" data-end=\"3624\">\n<p data-start=\"3592\" data-end=\"3624\">Sistema est\u00e1vel de controle el\u00e9trico<\/p>\n<\/li>\n<\/ul>\n<\/li>\n<\/ul>\n<hr style=\"padding-left: 40px;\" data-start=\"3626\" data-end=\"3629\" \/>\n<h2 style=\"padding-left: 40px;\" data-start=\"3631\" data-end=\"3655\">Escen\u00e1rios de aplica\u00e7\u00f5es<\/h2>\n<ul>\n<li style=\"list-style-type: none;\">\n<ul data-start=\"3657\" data-end=\"3856\">\n<li data-start=\"3657\" data-end=\"3704\">\n<p data-start=\"3659\" data-end=\"3704\">Colheita e transporte de jardins de frutas<\/p>\n<\/li>\n<li data-start=\"3705\" data-end=\"3731\">\n<p data-start=\"3707\" data-end=\"3731\">A agricultura produz log\u00edstica<\/p>\n<\/li>\n<li data-start=\"3732\" data-end=\"3773\">\n<p data-start=\"3734\" data-end=\"3773\">Transporte de materiais agr\u00edcolas rurais<\/p>\n<\/li>\n<li data-start=\"3774\" data-end=\"3814\">\n<p data-start=\"3776\" data-end=\"3814\">Opera\u00e7\u00f5es de estufa e planta\u00e7\u00e3o<\/p>\n<\/li>\n<li data-start=\"3815\" data-end=\"3856\">\n<p data-start=\"3817\" data-end=\"3856\">Distribui\u00e7\u00e3o agr\u00edcola em pequena escala<\/p>\n<\/li>\n<\/ul>\n<\/li>\n<\/ul>\n<hr style=\"padding-left: 40px;\" data-start=\"3858\" data-end=\"3861\" \/>\n<h2 style=\"padding-left: 40px;\" data-start=\"3863\" data-end=\"3904\">Por que escolher esse triciclo de eleva\u00e7\u00e3o el\u00e9trica<\/h2>\n<p style=\"padding-left: 40px;\" data-start=\"3906\" data-end=\"4183\">O <strong data-start=\"3910\" data-end=\"3952\">Triciclo el\u00e9trico de eleva\u00e7\u00e3o para uso de orquestras<\/strong> \u00e9 projetado com pr\u00e1tica e durabilidade na mente. Sua fun\u00e7\u00e3o de levantamento hidr\u00e1ulico, forte desempenho de escalada e alta capacidade de carga fazem dela uma solu\u00e7\u00e3o ideal de transporte el\u00e9trico para opera\u00e7\u00f5es modernas de jardim e agr\u00edcola.<\/p>\n<hr style=\"padding-left: 40px;\" data-start=\"4185\" data-end=\"4188\" \/>\n<h2 style=\"padding-left: 40px;\" data-start=\"4190\" data-end=\"4213\">embalagem e - Entrega<\/h2>\n<ul>\n<li style=\"list-style-type: none;\">\n<ul data-start=\"4215\" data-end=\"4383\">\n<li data-start=\"4215\" data-end=\"4248\">\n<p data-start=\"4217\" data-end=\"4248\"><strong data-start=\"4217\" data-end=\"4235\">Op\u00e7\u00f5es de Cor:<\/strong> Personalizado<\/p>\n<\/li>\n<li data-start=\"4249\" data-end=\"4270\">\n<p data-start=\"4251\" data-end=\"4270\"><strong data-start=\"4251\" data-end=\"4262\">Origem:<\/strong> China<\/p>\n<\/li>\n<li data-start=\"4271\" data-end=\"4321\">\n<p data-start=\"4273\" data-end=\"4321\"><strong data-start=\"4273\" data-end=\"4297\">Capacidade de Produ\u00e7\u00e3o:<\/strong> 100.000 conjuntos por ano<\/p>\n<\/li>\n<li data-start=\"4322\" data-end=\"4383\">\n<p data-start=\"4324\" data-end=\"4383\"><strong data-start=\"4324\" data-end=\"4342\">Formula\u00e7\u00e3o de entrega:<\/strong> CKD \/ SKD \/ Fully Assembled (opcional)<\/p>\n<\/li>\n<\/ul>\n<\/li>\n<\/ul>\n<hr style=\"padding-left: 40px;\" data-start=\"4385\" data-end=\"4388\" \/>\n<h2 style=\"padding-left: 40px;\" data-start=\"4390\" data-end=\"4396\">FAQ<\/h2>\n<p style=\"padding-left: 40px;\" data-start=\"4398\" data-end=\"4545\"><strong data-start=\"4398\" data-end=\"4460\">Q1: Qual \u00e9 a capacidade m\u00e1xima de carga deste tricicleta?<\/strong><br data-start=\"4460\" data-end=\"4463\" \/>A capacidade m\u00e1xima de carga \u00e9 <strong data-start=\"4495\" data-end=\"4505\">600 kg<\/strong>, adequados para mercadorias agr\u00edcolas pesadas.<\/p>\n<p style=\"padding-left: 40px;\" data-start=\"4547\" data-end=\"4687\"><strong data-start=\"4547\" data-end=\"4598\">Q2: O ve\u00edculo suporta o levantamento hidr\u00e1ulico?<\/strong><br data-start=\"4598\" data-end=\"4601\" \/>Sim. Ela est\u00e1 equipada com um <strong data-start=\"4628\" data-end=\"4653\">motor hidr\u00e1ulico de 1000W<\/strong> para opera\u00e7\u00f5es eficientes de levantamento.<\/p>\n<p style=\"padding-left: 40px;\" data-start=\"4689\" data-end=\"4789\"><strong data-start=\"4689\" data-end=\"4732\">Q3: Quais op\u00e7\u00f5es de tens\u00e3o est\u00e3o dispon\u00edveis?<\/strong><br data-start=\"4732\" data-end=\"4735\" \/>O ve\u00edculo suporta <strong data-start=\"4756\" data-end=\"4771\">60V e 72V<\/strong> sistemas el\u00e9tricos.<\/p>\n<p style=\"padding-left: 40px;\" data-start=\"4791\" data-end=\"4943\"><strong data-start=\"4791\" data-end=\"4840\">Q4: \u00c9 adequado para terreno de jardim montanhoso?<\/strong><br data-start=\"4840\" data-end=\"4843\" \/>Sim. Com um <strong data-start=\"4855\" data-end=\"4888\">capacidade de subir at\u00e9 30\u00b0<\/strong> e alta dist\u00e2ncia no ch\u00e3o, ela funciona bem nas pendientes.<\/p>\n<p style=\"padding-left: 40px;\" data-start=\"4945\" data-end=\"5057\"><strong data-start=\"4945\" data-end=\"4981\">Q5: A cor pode ser personalizada?<\/strong><br data-start=\"4981\" data-end=\"4984\" \/>Sim. A personaliza\u00e7\u00e3o de cores est\u00e1 dispon\u00edvel de acordo com os requisitos do cliente.<\/p>","protected":false},"excerpt":{"rendered":"<p>O Triciclo de Lift el\u00e9trico para Uso de Orchardes \u00e9 projetado para um transporte agr\u00edcola eficiente. Com um sistema de levantamento hidr\u00e1ulico, alta capacidade de carga e forte capacidade de escalada, ele fornece uma solu\u00e7\u00e3o pr\u00e1tica e confi\u00e1vel para os jardins de frutas, fazendas e opera\u00e7\u00f5es log\u00edsticas rurais.<\/p>","protected":false},"featured_media":5336,"comment_status":"open","ping_status":"closed","template":"","meta":[],"product_brand":[],"product_cat":[78],"product_tag":[],"class_list":{"0":"post-3523","1":"product","2":"type-product","3":"status-publish","4":"has-post-thumbnail","6":"product_cat-electric-tricycle","8":"first","9":"instock","10":"shipping-taxable","11":"purchasable","12":"product-type-simple"},"_links":{"self":[{"href":"https:\/\/www.tairuiauto.com\/pt\/wp-json\/wp\/v2\/product\/3523","targetHints":{"allow":["GET"]}}],"collection":[{"href":"https:\/\/www.tairuiauto.com\/pt\/wp-json\/wp\/v2\/product"}],"about":[{"href":"https:\/\/www.tairuiauto.com\/pt\/wp-json\/wp\/v2\/types\/product"}],"replies":[{"embeddable":true,"href":"https:\/\/www.tairuiauto.com\/pt\/wp-json\/wp\/v2\/comments?post=3523"}],"wp:featuredmedia":[{"embeddable":true,"href":"https:\/\/www.tairuiauto.com\/pt\/wp-json\/wp\/v2\/media\/5336"}],"wp:attachment":[{"href":"https:\/\/www.tairuiauto.com\/pt\/wp-json\/wp\/v2\/media?parent=3523"}],"wp:term":[{"taxonomy":"product_brand","embeddable":true,"href":"https:\/\/www.tairuiauto.com\/pt\/wp-json\/wp\/v2\/product_brand?post=3523"},{"taxonomy":"product_cat","embeddable":true,"href":"https:\/\/www.tairuiauto.com\/pt\/wp-json\/wp\/v2\/product_cat?post=3523"},{"taxonomy":"product_tag","embeddable":true,"href":"https:\/\/www.tairuiauto.com\/pt\/wp-json\/wp\/v2\/product_tag?post=3523"}],"curies":[{"name":"wp","href":"https:\/\/api.w.org\/{rel}","templated":true}]}}