{"id":3534,"date":"2025-09-04T11:37:13","date_gmt":"2025-09-04T03:37:13","guid":{"rendered":"https:\/\/www.tairuiauto.com\/?post_type=product&#038;p=3534"},"modified":"2025-09-12T10:24:37","modified_gmt":"2025-09-12T02:24:37","slug":"commercial-electric-tricycle-for-reliable-cargo-transport","status":"publish","type":"product","link":"https:\/\/www.tairuiauto.com\/pt\/product\/commercial-electric-tricycle-for-reliable-cargo-transport\/","title":{"rendered":"Triciclo el\u00e9trico comercial"},"content":{"rendered":"<p data-start=\"378\" data-end=\"849\">O <strong data-start=\"382\" data-end=\"403\">tricicleta el\u00e9trica<\/strong> cresceu rapidamente na popularidade como uma alternativa sustent\u00e1vel e pr\u00e1tica aos ve\u00edculos tradicionais baseados em combust\u00edvel. Designed with bulk transport in mind, the C126 is a commercial-grade solution for wholesale customers who require strength, durability, and cost efficiency in daily operations. Sua constru\u00e7\u00e3o refor\u00e7ada e sistema de energia otimizado fazem com que seja uma excelente escolha para os neg\u00f3cios em log\u00edstica, agricultura, retalho e constru\u00e7\u00e3o.<\/p>\n<h2 data-start=\"851\" data-end=\"871\">Resumo do produto<\/h2>\n<p data-start=\"873\" data-end=\"1333\">Constru\u00eddo para exigir aplica\u00e7\u00f5es de carga, o C126 apresenta um <strong data-start=\"933\" data-end=\"967\">grande cama de carga de 1800\u00d71300 mm<\/strong>, tornando-a adequada para cargas pesadas e excessivas. Com uma velocidade m\u00e1xima de <strong data-start=\"1043\" data-end=\"1054\">45 km\/h<\/strong> e uma gama de condu\u00e7\u00e3o de <strong data-start=\"1078\" data-end=\"1101\">50-60 km por carga<\/strong>\u00e9 ideal para o transporte de curta e m\u00e9dia dist\u00e2ncia. O ve\u00edculo \u00e9 alimentado por um <strong data-start=\"1182\" data-end=\"1201\">Motor 60V 1800W<\/strong> parejado com uma op\u00e7\u00e3o de bateria de long a dura\u00e7\u00e3o variando de <strong data-start=\"1257\" data-end=\"1274\">45Ah a 100Ah<\/strong>, assegurando uma produ\u00e7\u00e3o coerente mesmo em condi\u00e7\u00f5es dif\u00edceis.<\/p>\n<h2 data-start=\"1335\" data-end=\"1377\">Por que os clientes de grosso escolhem o C126<\/h2>\n<h3 data-start=\"1379\" data-end=\"1413\">1. <strong data-start=\"1386\" data-end=\"1411\">Tratamento robusto de carga<\/strong><\/h3>\n<p data-start=\"1414\" data-end=\"1664\">Esse triciclo el\u00e9trico comercial \u00e9 projetado com a\u00e7o de alta for\u00e7a, proporcionando resist\u00eancia superior \u00e0 deforma\u00e7\u00e3o e uso. A estrutura duradoura sustenta uma variedade de tipos de carga, assegurando entrega segura mesmo em ambientes desafiantes.<\/p>\n<h3 data-start=\"1666\" data-end=\"1708\">2. <strong data-start=\"1673\" data-end=\"1706\">Pot\u00eancia e Efici\u00eancia Combinada<\/strong><\/h3>\n<p data-start=\"1709\" data-end=\"1979\">O <strong data-start=\"1713\" data-end=\"1750\">Motor 60V e controlador avan\u00e7ado<\/strong> fornecer um torque confi\u00e1vel, tornando o triciclo capaz de manipular <strong data-start=\"1816\" data-end=\"1836\">desce at\u00e9 15%<\/strong>Seu sistema eficiente em energia reduz os custos operacionais ao mesmo tempo que maximiza o desempenho, um fator cr\u00edtico para empresas que gerem grandes frotas.<\/p>\n<h3 data-start=\"1981\" data-end=\"2016\">3. <strong data-start=\"1988\" data-end=\"2014\">Design Orientado para a Seguran\u00e7a<\/strong><\/h3>\n<p data-start=\"2017\" data-end=\"2264\">O ve\u00edculo vem equipado com <strong data-start=\"2049\" data-end=\"2079\">frenos de tambor frontal e traseiro<\/strong> juntamente com um freio de estacionamento manuais, oferecendo estabilidade e dist\u00e2ncias de parada mais curtas. Isso o torna altamente adequado para ruas ocupadas e zonas de trabalho onde a seguran\u00e7a \u00e9 uma prioridade.<\/p>\n<h3 data-start=\"2266\" data-end=\"2301\">4. <strong data-start=\"2273\" data-end=\"2299\">Opera\u00e7\u00f5es de poupan\u00e7a de tempo<\/strong><\/h3>\n<p data-start=\"2302\" data-end=\"2528\">Com um ciclo de carga de apenas <strong data-start=\"2332\" data-end=\"2345\">6-8 horas<\/strong>o triciclo est\u00e1 pronto para viagens m\u00faltiplas dentro de um dia. Seu sistema el\u00e9trico simples requer manuten\u00e7\u00e3o m\u00ednima, reduzindo o tempo de descanso e aumentando a produtividade para clientes de grosso.<\/p>\n<h2 data-start=\"2530\" data-end=\"2555\">Resalta\u00e7\u00f5es t\u00e9cnicas<\/h2>\n<ul data-start=\"2557\" data-end=\"2959\">\n<li data-start=\"2557\" data-end=\"2576\">\n<table style=\"border-collapse: collapse; width: 96.2292%; height: 393px;\" border=\"0\" width=\"720\" cellspacing=\"0\" cellpadding=\"0\">\n<tbody>\n<tr style=\"height: 20.00pt;\">\n<td class=\"et5\" style=\"height: 20.00pt; width: 432.45pt;\" colspan=\"2\" width=\"720\" height=\"33\">Configura\u00e7\u00e3o padr\u00e3o<\/td>\n<\/tr>\n<tr style=\"height: 20.00pt;\">\n<td class=\"et5\" style=\"height: 20.00pt;\" height=\"33\">Modelo<\/td>\n<td class=\"et7\"><a href=\"#\u76ee\u5f55!A1\">C126<\/a><\/td>\n<\/tr>\n<tr style=\"height: 20.00pt;\">\n<td class=\"et6\" style=\"height: 20.00pt; width: 159.05pt;\" width=\"265\" height=\"33\">Cores opcionais<\/td>\n<td class=\"et6\" style=\"width: 273.40pt;\" width=\"455\">vermelho, azul, verde, amarelo, gris, branco<\/td>\n<\/tr>\n<tr style=\"height: 20.00pt;\">\n<td class=\"et6\" style=\"height: 20.00pt; width: 159.05pt;\" width=\"265\" height=\"33\">Modelo<\/td>\n<td class=\"et6\" style=\"width: 273.40pt;\" width=\"455\">Zhihuiguan-180<\/td>\n<\/tr>\n<tr style=\"height: 20.00pt;\">\n<td class=\"et6\" style=\"height: 20.00pt; width: 159.05pt;\" width=\"265\" height=\"33\">Tamanho da caixa de carga (mm)<\/td>\n<td class=\"et6\" style=\"width: 273.40pt;\" width=\"455\">1800*1300mm<\/td>\n<\/tr>\n<tr style=\"height: 20.00pt;\">\n<td class=\"et6\" style=\"height: 20.00pt; width: 159.05pt;\" width=\"265\" height=\"33\">Velocidade m\u00e1xima (km\/h)<\/td>\n<td class=\"et6\" style=\"width: 273.40pt;\" width=\"455\">45<\/td>\n<\/tr>\n<tr style=\"height: 20.00pt;\">\n<td class=\"et6\" style=\"height: 20.00pt; width: 159.05pt;\" width=\"265\" height=\"33\">Capacidade de grau (%)<\/td>\n<td class=\"et6\" style=\"width: 273.40pt;\" width=\"455\">\u226415<\/td>\n<\/tr>\n<tr style=\"height: 20.00pt;\">\n<td class=\"et6\" style=\"height: 20.00pt; width: 159.05pt;\" width=\"265\" height=\"33\">Bateria<\/td>\n<td class=\"et6\" style=\"width: 273.40pt;\" width=\"455\">60V45AH-100AH<\/td>\n<\/tr>\n<tr style=\"height: 20.00pt;\">\n<td class=\"et6\" style=\"height: 20.00pt; width: 159.05pt;\" width=\"265\" height=\"33\">Motor, Controller(w)<\/td>\n<td class=\"et6\" style=\"width: 273.40pt;\" width=\"455\">60V1800W<\/td>\n<\/tr>\n<tr style=\"height: 20.00pt;\">\n<td class=\"et6\" style=\"height: 20.00pt; width: 159.05pt;\" width=\"265\" height=\"33\">Range per charging(km)<\/td>\n<td class=\"et6\" style=\"width: 273.40pt;\" width=\"455\">50-60<\/td>\n<\/tr>\n<tr style=\"height: 20.00pt;\">\n<td class=\"et6\" style=\"height: 20.00pt; width: 159.05pt;\" width=\"265\" height=\"33\">Tempo de carga(h)<\/td>\n<td class=\"et6\" style=\"width: 273.40pt;\" width=\"455\">6~8h<\/td>\n<\/tr>\n<tr style=\"height: 20.00pt;\">\n<td class=\"et6\" style=\"height: 20.00pt; width: 159.05pt;\" width=\"265\" height=\"33\">pneu anterior\/posterior<\/td>\n<td class=\"et6\" style=\"width: 273.40pt;\" width=\"455\">4.00-12\/4.50-12<\/td>\n<\/tr>\n<tr style=\"height: 20.00pt;\">\n<td class=\"et6\" style=\"height: 20.00pt; width: 159.05pt;\" width=\"265\" height=\"33\">Tipo de freno frontal\/posterior<\/td>\n<td class=\"et6\" style=\"width: 273.40pt;\" width=\"455\">Anterior\/Atr\u00e1s:Drum<\/td>\n<\/tr>\n<tr style=\"height: 20.00pt;\">\n<td class=\"et6\" style=\"height: 20.00pt; width: 159.05pt;\" width=\"265\" height=\"33\">Frego de estacionamento<\/td>\n<td class=\"et6\" style=\"width: 273.40pt;\" width=\"455\">Mano Brake<\/td>\n<\/tr>\n<\/tbody>\n<\/table>\n<\/li>\n<\/ul>\n<h2 data-start=\"2961\" data-end=\"2996\">Servi\u00e7os de personaliza\u00e7\u00e3o e OEM<\/h2>\n<p data-start=\"2998\" data-end=\"3335\">Entendendo as necessidades \u00fanicas dos clientes de grosso, o C126 apoia uma vasta gama de op\u00e7\u00f5es de personaliza\u00e7\u00e3o. Os compradores podem escolher dimens\u00f5es preferidas de cama de carga, cores espec\u00edficas de marca e coloca\u00e7\u00e3o de logotipo. Solu\u00e7\u00f5es OEM se estendem a ajustes de desempenho como baterias de maior capacidade ou materiais refor\u00e7ados para opera\u00e7\u00f5es pesadas.<\/p>\n<h2 data-start=\"3337\" data-end=\"3363\">Campos de Aplica\u00e7\u00e3o<\/h2>\n<p data-start=\"3365\" data-end=\"3429\">O <strong data-start=\"3369\" data-end=\"3386\">e-trique de carga<\/strong> \u00e9 vers\u00e1til em m\u00faltiplas ind\u00fastrias:<\/p>\n<ul data-start=\"3431\" data-end=\"3744\">\n<li data-start=\"3431\" data-end=\"3514\">\n<p data-start=\"3433\" data-end=\"3514\"><strong data-start=\"3433\" data-end=\"3452\">Log\u00edstica Urbana<\/strong>: Transporte suave de bens de retalho e entregas de \u00faltima milha.<\/p>\n<\/li>\n<li data-start=\"3515\" data-end=\"3590\">\n<p data-start=\"3517\" data-end=\"3590\"><strong data-start=\"3517\" data-end=\"3532\">Agricultura<\/strong>: Carregando produtos, ferramentas e fertilizantes atrav\u00e9s de fazendas.<\/p>\n<\/li>\n<li data-start=\"3591\" data-end=\"3667\">\n<p data-start=\"3593\" data-end=\"3667\"><strong data-start=\"3593\" data-end=\"3609\">Constru\u00e7\u00e3o<\/strong>: Movendo mat\u00e9rias-primas como cimento, areia e tijolos.<\/p>\n<\/li>\n<li data-start=\"3668\" data-end=\"3744\">\n<p data-start=\"3670\" data-end=\"3744\"><strong data-start=\"3670\" data-end=\"3692\">Servi\u00e7os Municipal<\/strong>: Cole\u00e7\u00e3o de res\u00edduos e transporte de fornecimento comunit\u00e1rio.<\/p>\n<\/li>\n<\/ul>\n<h2 data-start=\"3746\" data-end=\"3778\">Um investimento cost-effective<\/h2>\n<p data-start=\"3780\" data-end=\"4053\">Para empresas que compram em massa, o ve\u00edculo el\u00e9trico de grosso C126 representa n\u00e3o apenas um produto, mas uma solu\u00e7\u00e3o a longo prazo. Baixas despesas de combust\u00edvel, reduzidas necessidades de manuten\u00e7\u00e3o e desempenho ecol\u00f3gico contribuem para economias mensur\u00e1veis ao longo do tempo.<\/p>\n<p data-start=\"4055\" data-end=\"4337\">Ao escolher o C126, os clientes grossistas ganham um parceiro confi\u00e1vel para tarefas log\u00edsticas enquanto atendem \u00e0s crescentes demandas de transporte sustent\u00e1vel. Sua durabilidade provada e sua capacidade de produ\u00e7\u00e3o escal\u00e1vel asseguram que cada ordem \u00e9 entregue com qualidade e desempenho consistentes.<\/p>","protected":false},"excerpt":{"rendered":"<p>O popular triciclo el\u00e9trico sustent\u00e1vel C126, projetado para transporte em massa com constru\u00e7\u00e3o refor\u00e7ada e energia otimizada, oferece for \u00e7a comercial, durabilidade e efici\u00eancia de custo para clientes de grosso em log\u00edstica, agricultura, retalho e constru\u00e7\u00e3o.<\/p>","protected":false},"featured_media":3535,"comment_status":"open","ping_status":"closed","template":"","meta":[],"product_brand":[],"product_cat":[78],"product_tag":[],"class_list":{"0":"post-3534","1":"product","2":"type-product","3":"status-publish","4":"has-post-thumbnail","6":"product_cat-electric-tricycle","8":"first","9":"instock","10":"shipping-taxable","11":"purchasable","12":"product-type-simple"},"_links":{"self":[{"href":"https:\/\/www.tairuiauto.com\/pt\/wp-json\/wp\/v2\/product\/3534","targetHints":{"allow":["GET"]}}],"collection":[{"href":"https:\/\/www.tairuiauto.com\/pt\/wp-json\/wp\/v2\/product"}],"about":[{"href":"https:\/\/www.tairuiauto.com\/pt\/wp-json\/wp\/v2\/types\/product"}],"replies":[{"embeddable":true,"href":"https:\/\/www.tairuiauto.com\/pt\/wp-json\/wp\/v2\/comments?post=3534"}],"wp:featuredmedia":[{"embeddable":true,"href":"https:\/\/www.tairuiauto.com\/pt\/wp-json\/wp\/v2\/media\/3535"}],"wp:attachment":[{"href":"https:\/\/www.tairuiauto.com\/pt\/wp-json\/wp\/v2\/media?parent=3534"}],"wp:term":[{"taxonomy":"product_brand","embeddable":true,"href":"https:\/\/www.tairuiauto.com\/pt\/wp-json\/wp\/v2\/product_brand?post=3534"},{"taxonomy":"product_cat","embeddable":true,"href":"https:\/\/www.tairuiauto.com\/pt\/wp-json\/wp\/v2\/product_cat?post=3534"},{"taxonomy":"product_tag","embeddable":true,"href":"https:\/\/www.tairuiauto.com\/pt\/wp-json\/wp\/v2\/product_tag?post=3534"}],"curies":[{"name":"wp","href":"https:\/\/api.w.org\/{rel}","templated":true}]}}