{"id":3543,"date":"2025-09-05T13:40:11","date_gmt":"2025-09-05T05:40:11","guid":{"rendered":"https:\/\/www.tairuiauto.com\/?post_type=product&#038;p=3543"},"modified":"2025-09-12T10:23:06","modified_gmt":"2025-09-12T02:23:06","slug":"high-performance-electric-tricycle-for-wholesale-transport","status":"publish","type":"product","link":"https:\/\/www.tairuiauto.com\/pt\/product\/high-performance-electric-tricycle-for-wholesale-transport\/","title":{"rendered":"Triciclo el\u00e9trico de carga fechado"},"content":{"rendered":"<h2 data-start=\"167\" data-end=\"188\">Vista geral dos produtos<\/h2>\n<p data-start=\"189\" data-end=\"643\">O triciclo el\u00e9trico rapidamente se tornou uma solu\u00e7\u00e3o preferida para o transporte a curta dist\u00e2ncia gra\u00e7as \u00e0 sua acessibilidade, efici\u00eancia e natureza ecol\u00f3gica. Nossa <strong data-start=\"350\" data-end=\"376\">C502 Triciclo el\u00e9trico<\/strong> \u00e9 desenvolvida com os compradores grossistas em mente, oferecendo um quadro duradouro, grande capacidade de carga e disposi\u00e7\u00e3o confort\u00e1vel de cabana. Com seu sistema motor avan\u00e7ado e suspens\u00e3o refor\u00e7ada, este modelo \u00e9 constru\u00eddo para lidar com a log\u00edstica di\u00e1ria e opera\u00e7\u00f5es comerciais com facilidade.<\/p>\n<h2 data-start=\"645\" data-end=\"666\">Categoria de produtos<\/h2>\n<p data-start=\"667\" data-end=\"923\">O C502 entra na categoria de <strong data-start=\"703\" data-end=\"731\">tricicletas el\u00e9tricas de carga<\/strong>tornando-o ideal para servi\u00e7os de entrega, opera\u00e7\u00f5es agr\u00edcolas e tarefas de transporte em massa. Ao contr\u00e1rio de vers\u00f5es de lazer menores, esta unidade comercial \u00e9 otimizada para for \u00e7a, equil\u00edbrio e confiabilidade.<\/p>\n<h2 data-start=\"925\" data-end=\"942\">Caracter\u00edsticas chave<\/h2>\n<ul data-start=\"944\" data-end=\"2165\">\n<li data-start=\"944\" data-end=\"1132\">\n<p data-start=\"946\" data-end=\"1132\"><strong data-start=\"946\" data-end=\"979\">Powerful Motor e Controller<\/strong><br data-start=\"979\" data-end=\"982\" \/>Equipado com um motor 72V1500W e um controlador de 24 tubos, este ve\u00edculo fornece acelera\u00e7\u00e3o suave e desempenho est\u00e1vel, mesmo sob cargas pesadas.<\/p>\n<\/li>\n<li data-start=\"1134\" data-end=\"1331\">\n<p data-start=\"1136\" data-end=\"1331\"><strong data-start=\"1136\" data-end=\"1162\">Grande Capacidade de Carga de Pagamento<\/strong><br data-start=\"1162\" data-end=\"1165\" \/>Constru\u00eddo para carregar at\u00e9 450kg, o triciclo apresenta um forte quadro de a \u00e7o e estrutura refor\u00e7ada, assegurando durabilidade a longo prazo para a log\u00edstica industrial ou de retalho.<\/p>\n<\/li>\n<li data-start=\"1333\" data-end=\"1509\">\n<p data-start=\"1335\" data-end=\"1509\"><strong data-start=\"1335\" data-end=\"1363\">Sistema de Bateria Efficiente<\/strong><br data-start=\"1363\" data-end=\"1366\" \/>Um pacote de bateria 72V58Ah oferece uma dist\u00e2ncia de viagem de at\u00e9 60 km por carga, perfeitamente adequada para a entrega de \u00faltima milha ou necessidades de transporte rural.<\/p>\n<\/li>\n<li data-start=\"1511\" data-end=\"1675\">\n<p data-start=\"1513\" data-end=\"1675\"><strong data-start=\"1513\" data-end=\"1534\">Suspens\u00e3o robusta<\/strong><br data-start=\"1534\" data-end=\"1537\" \/>A suspens\u00e3o frontal utiliza um garfo hidr\u00e1ulico \u03c643, enquanto o traseiro integra um sistema de eixo s\u00f3lido, mantendo as viagens constantes em terreno desigual.<\/p>\n<\/li>\n<li data-start=\"1677\" data-end=\"1850\">\n<p data-start=\"1679\" data-end=\"1850\"><strong data-start=\"1679\" data-end=\"1711\">Performa\u00e7\u00e3o de freio confi\u00e1vel<\/strong><br data-start=\"1711\" data-end=\"1714\" \/>A seguran\u00e7a \u00e9 garantida com um sistema de travagem duplo: o disco frontal e os freios de tambor traseiros fornecem uma excelente pot\u00eancia de parada em todas as condi\u00e7\u00f5es.<\/p>\n<\/li>\n<li data-start=\"1852\" data-end=\"2006\">\n<p data-start=\"1854\" data-end=\"2006\"><strong data-start=\"1854\" data-end=\"1881\">Forte capacidade clim\u00e1tica<\/strong><br data-start=\"1881\" data-end=\"1884\" \/>Isto <strong data-start=\"1891\" data-end=\"1919\">tricicleta alimentada por bateria<\/strong> pode lidar com inclina\u00e7\u00f5es de at\u00e9 20%, permitindo conduzir sem esfor\u00e7o nas estradas colinas ou rurais.<\/p>\n<\/li>\n<li data-start=\"2008\" data-end=\"2165\">\n<p data-start=\"2010\" data-end=\"2165\"><strong data-start=\"2010\" data-end=\"2036\">Design Amigo do Condutor<\/strong><br data-start=\"2036\" data-end=\"2039\" \/>Com 2 lugares, luzes LED e uma c\u00e2mera inversa, a cabana \u00e9 projetada para conveni\u00eancia, seguran\u00e7a e melhor visibilidade.<\/p>\n<\/li>\n<\/ul>\n<h2 data-start=\"2167\" data-end=\"2196\">Especifica\u00e7\u00f5es T\u00e9cnicas<\/h2>\n<ul data-start=\"2198\" data-end=\"2743\">\n<li data-start=\"2198\" data-end=\"2238\">\n<table style=\"border-collapse: collapse; width: 93.6458%; height: 629px;\" border=\"0\" width=\"720\" cellspacing=\"0\" cellpadding=\"0\">\n<tbody>\n<tr style=\"height: 20.00pt;\">\n<td class=\"et5\" style=\"height: 20.00pt; width: 432.45pt;\" colspan=\"2\" width=\"720\" height=\"33\">Configura\u00e7\u00e3o padr\u00e3o<\/td>\n<\/tr>\n<tr style=\"height: 20.00pt;\">\n<td class=\"et5\" style=\"height: 20.00pt;\" height=\"33\">Modelo<\/td>\n<td class=\"et7\"><a href=\"#\u76ee\u5f55!A1\">C502<\/a><\/td>\n<\/tr>\n<tr style=\"height: 20.00pt;\">\n<td class=\"et6\" style=\"height: 20.00pt; width: 159.05pt;\" width=\"265\" height=\"33\">Dimens\u00f5es (mm)<\/td>\n<td class=\"et6\" style=\"width: 273.40pt;\" width=\"455\">3000*1330*1650<\/td>\n<\/tr>\n<tr style=\"height: 20.00pt;\">\n<td class=\"et6\" style=\"height: 20.00pt; width: 159.05pt;\" width=\"265\" height=\"33\">Tipo de corpo<\/td>\n<td class=\"et6\" style=\"width: 273.40pt;\" width=\"455\">corpo semi integral<\/td>\n<\/tr>\n<tr style=\"height: 20.00pt;\">\n<td class=\"et6\" style=\"height: 20.00pt; width: 159.05pt;\" width=\"265\" height=\"33\">Estrutura corporal<\/td>\n<td class=\"et6\" style=\"width: 273.40pt;\" width=\"455\">2 portas e 2 lugares<\/td>\n<\/tr>\n<tr style=\"height: 20.00pt;\">\n<td class=\"et6\" style=\"height: 20.00pt; width: 159.05pt;\" width=\"265\" height=\"33\">Motor<\/td>\n<td class=\"et6\" style=\"width: 273.40pt;\" width=\"455\">72V1500W<\/td>\n<\/tr>\n<tr style=\"height: 20.00pt;\">\n<td class=\"et6\" style=\"height: 20.00pt; width: 159.05pt;\" width=\"265\" height=\"33\">Controlador<\/td>\n<td class=\"et6\" style=\"width: 273.40pt;\" width=\"455\">72V24tubos<\/td>\n<\/tr>\n<tr style=\"height: 20.00pt;\">\n<td class=\"et6\" style=\"height: 20.00pt; width: 159.05pt;\" width=\"265\" height=\"33\">Bateria<\/td>\n<td class=\"et6\" style=\"width: 273.40pt;\" width=\"455\">72V58Ah<\/td>\n<\/tr>\n<tr style=\"height: 20.00pt;\">\n<td class=\"et6\" style=\"height: 20.00pt; width: 159.05pt;\" width=\"265\" height=\"33\">Tempo de carga(H)<\/td>\n<td class=\"et6\" style=\"width: 273.40pt;\" width=\"455\">6-8<\/td>\n<\/tr>\n<tr style=\"height: 20.00pt;\">\n<td class=\"et6\" style=\"height: 20.00pt; width: 159.05pt;\" width=\"265\" height=\"33\">Rango por carga\/km<\/td>\n<td class=\"et6\" style=\"width: 273.40pt;\" width=\"455\">60 km<\/td>\n<\/tr>\n<tr style=\"height: 20.00pt;\">\n<td class=\"et6\" style=\"height: 20.00pt; width: 159.05pt;\" width=\"265\" height=\"33\">Capacidade de carga\/kg<\/td>\n<td class=\"et6\" style=\"width: 273.40pt;\" width=\"455\">450kg<\/td>\n<\/tr>\n<tr style=\"height: 20.00pt;\">\n<td class=\"et6\" style=\"height: 20.00pt; width: 159.05pt;\" width=\"265\" height=\"33\">Suspens\u00e3o frontal<\/td>\n<td class=\"et6\" style=\"width: 273.40pt;\" width=\"455\">f43 garfo hidr\u00e1ulico<\/td>\n<\/tr>\n<tr style=\"height: 20.00pt;\">\n<td class=\"et6\" style=\"height: 20.00pt; width: 159.05pt;\" width=\"265\" height=\"33\">Suspens\u00e3o posterior<\/td>\n<td class=\"et6\" style=\"width: 273.40pt;\" width=\"455\">Eixo traseiro integrado<\/td>\n<\/tr>\n<tr style=\"height: 20.00pt;\">\n<td class=\"et6\" style=\"height: 20.00pt; width: 159.05pt;\" width=\"265\" height=\"33\">pneu anterior\/posterior<\/td>\n<td class=\"et6\" style=\"width: 273.40pt;\" width=\"455\">4.0-12\/4.0-12<\/td>\n<\/tr>\n<tr style=\"height: 20.00pt;\">\n<td class=\"et6\" style=\"height: 20.00pt; width: 159.05pt;\" width=\"265\" height=\"33\">Rim<\/td>\n<td class=\"et6\" style=\"width: 273.40pt;\" width=\"455\">Hub de liga de alum\u00ednio<\/td>\n<\/tr>\n<tr style=\"height: 20.00pt;\">\n<td class=\"et6\" style=\"height: 20.00pt; width: 159.05pt;\" width=\"265\" height=\"33\">Sistema de trav\u00e3o<\/td>\n<td class=\"et6\" style=\"width: 273.40pt;\" width=\"455\">frente: disco \/ traseiro:tambor<\/td>\n<\/tr>\n<tr style=\"height: 20.00pt;\">\n<td class=\"et6\" style=\"height: 20.00pt; width: 159.05pt;\" width=\"265\" height=\"33\">Grau de subida (%)<\/td>\n<td class=\"et6\" style=\"width: 273.40pt;\" width=\"455\">\u226520<\/td>\n<\/tr>\n<tr style=\"height: 20.00pt;\">\n<td class=\"et6\" style=\"height: 20.00pt; width: 159.05pt;\" width=\"265\" height=\"33\">Velocidade m\u00e1xima (km\/h)<\/td>\n<td class=\"et6\" style=\"width: 273.40pt;\" width=\"455\">40 km\/h<\/td>\n<\/tr>\n<tr style=\"height: 20.00pt;\">\n<td class=\"et6\" style=\"height: 20.00pt; width: 159.05pt;\" width=\"265\" height=\"33\">Modo de dire\u00e7\u00e3o<\/td>\n<td class=\"et6\" style=\"width: 273.40pt;\" width=\"455\">barra de manejo<\/td>\n<\/tr>\n<tr style=\"height: 20.00pt;\">\n<td class=\"et6\" style=\"height: 20.00pt; width: 159.05pt;\" width=\"265\" height=\"33\">Certificado<\/td>\n<td class=\"et6\" style=\"width: 273.40pt;\" width=\"455\">CCC<\/td>\n<\/tr>\n<tr style=\"height: 20.00pt;\">\n<td class=\"et6\" style=\"height: 20.00pt; width: 159.05pt;\" width=\"265\" height=\"33\">Capacidade de contentor<\/td>\n<td class=\"et6\" style=\"width: 273.40pt;\" width=\"455\">4 PCS SKD\/40&#8217; HQ<\/td>\n<\/tr>\n<tr style=\"height: 20.00pt;\">\n<td class=\"et6\" style=\"height: 40.00pt; width: 159.05pt;\" rowspan=\"2\" width=\"265\" height=\"66\">Dispositivo de Fun\u00e7\u00e3o<\/td>\n<td class=\"et6\" style=\"width: 273.40pt;\" width=\"455\">Luzes LED<\/td>\n<\/tr>\n<tr style=\"height: 20.00pt;\">\n<td class=\"et6\" style=\"width: 273.40pt;\" width=\"455\">C\u00e1mara Reversa<\/td>\n<\/tr>\n<\/tbody>\n<\/table>\n<\/li>\n<\/ul>\n<h2 data-start=\"2745\" data-end=\"2770\">Avantagens de grosso<\/h2>\n<p data-start=\"2772\" data-end=\"2841\">Como fornecedor de f\u00e1brica, entendemos as prioridades dos compradores em massa:<\/p>\n<ul data-start=\"2843\" data-end=\"3235\">\n<li data-start=\"2843\" data-end=\"2917\">\n<p data-start=\"2845\" data-end=\"2917\"><strong data-start=\"2845\" data-end=\"2862\">Personaliza\u00e7\u00e3o<\/strong> \u2013 cores corporais, decais e marca podem ser adaptadas.<\/p>\n<\/li>\n<li data-start=\"2918\" data-end=\"3004\">\n<p data-start=\"2920\" data-end=\"3004\"><strong data-start=\"2920\" data-end=\"2946\">Configura\u00e7\u00e3o Flex\u00edvel<\/strong> \u2013 espa\u00e7o de carga ajustado e diferentes op\u00e7\u00f5es de bateria.<\/p>\n<\/li>\n<li data-start=\"3005\" data-end=\"3088\">\n<p data-start=\"3007\" data-end=\"3088\"><strong data-start=\"3007\" data-end=\"3026\">Efici\u00eancia de custos<\/strong> \u2013 as ordens em massa asseguram pre\u00e7os competitivos e r\u00e1pido entrega.<\/p>\n<\/li>\n<li data-start=\"3089\" data-end=\"3235\">\n<p data-start=\"3091\" data-end=\"3235\"><strong data-start=\"3091\" data-end=\"3113\">Qualidade dependente<\/strong> \u2013 fabricado sob padr\u00f5es de qualidade estritos, cada unidade passa por testes de desempenho e durabilidade antes da expedi\u00e7\u00e3o.<\/p>\n<\/li>\n<\/ul>\n<h2 data-start=\"3237\" data-end=\"3263\">Escen\u00e1rios de aplica\u00e7\u00f5es<\/h2>\n<p data-start=\"3265\" data-end=\"3318\">O C502 <strong data-start=\"3274\" data-end=\"3297\">tricicleta comercial<\/strong> \u00e9 amplamente usada em:<\/p>\n<ul data-start=\"3320\" data-end=\"3480\">\n<li data-start=\"3320\" data-end=\"3366\">\n<p data-start=\"3322\" data-end=\"3366\">Empresas log\u00edsticas de pequena e m\u00e9dia dimens\u00e3o<\/p>\n<\/li>\n<li data-start=\"3367\" data-end=\"3403\">\n<p data-start=\"3369\" data-end=\"3403\">Transportes rurais e agr\u00edcolas<\/p>\n<\/li>\n<li data-start=\"3404\" data-end=\"3434\">\n<p data-start=\"3406\" data-end=\"3434\">Construir entrega de material<\/p>\n<\/li>\n<li data-start=\"3435\" data-end=\"3480\">\n<p data-start=\"3437\" data-end=\"3480\">Supermercado e distribui\u00e7\u00e3o de bens de retalho<\/p>\n<\/li>\n<\/ul>\n<h2 data-start=\"3482\" data-end=\"3513\">Por que escolher o Modelo C502?<\/h2>\n<p data-start=\"3515\" data-end=\"3867\">Para os grossistas, o C502 \u00e9 um s\u00f3lido investimento. Ela proporciona um equil\u00edbrio de acessibilidade, pr\u00e1tica e caracter\u00edsticas avan\u00e7adas projetadas para uso a longo prazo. Sua habilidade de carregar cargas pesadas, manter desempenho est\u00e1vel em terrenos diversos, e oferecer caracter\u00edsticas favor\u00e1veis ao condutor torna-a uma das mais confi\u00e1veis <strong data-start=\"3821\" data-end=\"3843\">tricicletas el\u00e9tricas<\/strong> para uso profissional.<\/p>\n<p data-start=\"3869\" data-end=\"4026\">Ao escolher este modelo, os neg\u00f3cios beneficiam de baixa manuten\u00e7\u00e3o, transporte ecol\u00f3gico e um ve\u00edculo que pode se adaptar a diferentes aplica\u00e7\u00f5es comerciais.<\/p>","protected":false},"excerpt":{"rendered":"<p>Nosso triciclo el\u00e9trico C502, ideal para grandes vendedores, \u00e9 uma op\u00e7\u00e3o de transporte de curta dist\u00e2ncia preferida com acess\u00edvel, efici\u00eancia, eco-amizade, um quadro duradouro, grande capacidade, cabin a confort\u00e1vel, motor avan\u00e7ado e suspens\u00e3o, facilmente manejando log\u00edstica di\u00e1ria e com\u00e9rcio.<\/p>","protected":false},"featured_media":3544,"comment_status":"open","ping_status":"closed","template":"","meta":[],"product_brand":[],"product_cat":[78],"product_tag":[],"class_list":{"0":"post-3543","1":"product","2":"type-product","3":"status-publish","4":"has-post-thumbnail","6":"product_cat-electric-tricycle","8":"first","9":"instock","10":"shipping-taxable","11":"purchasable","12":"product-type-simple"},"_links":{"self":[{"href":"https:\/\/www.tairuiauto.com\/pt\/wp-json\/wp\/v2\/product\/3543","targetHints":{"allow":["GET"]}}],"collection":[{"href":"https:\/\/www.tairuiauto.com\/pt\/wp-json\/wp\/v2\/product"}],"about":[{"href":"https:\/\/www.tairuiauto.com\/pt\/wp-json\/wp\/v2\/types\/product"}],"replies":[{"embeddable":true,"href":"https:\/\/www.tairuiauto.com\/pt\/wp-json\/wp\/v2\/comments?post=3543"}],"wp:featuredmedia":[{"embeddable":true,"href":"https:\/\/www.tairuiauto.com\/pt\/wp-json\/wp\/v2\/media\/3544"}],"wp:attachment":[{"href":"https:\/\/www.tairuiauto.com\/pt\/wp-json\/wp\/v2\/media?parent=3543"}],"wp:term":[{"taxonomy":"product_brand","embeddable":true,"href":"https:\/\/www.tairuiauto.com\/pt\/wp-json\/wp\/v2\/product_brand?post=3543"},{"taxonomy":"product_cat","embeddable":true,"href":"https:\/\/www.tairuiauto.com\/pt\/wp-json\/wp\/v2\/product_cat?post=3543"},{"taxonomy":"product_tag","embeddable":true,"href":"https:\/\/www.tairuiauto.com\/pt\/wp-json\/wp\/v2\/product_tag?post=3543"}],"curies":[{"name":"wp","href":"https:\/\/api.w.org\/{rel}","templated":true}]}}