{"id":3549,"date":"2026-01-23T13:47:07","date_gmt":"2026-01-23T05:47:07","guid":{"rendered":"https:\/\/www.tairuiauto.com\/?post_type=product&#038;p=3549"},"modified":"2026-01-27T11:04:02","modified_gmt":"2026-01-27T03:04:02","slug":"compact-three-wheel-electric-car","status":"publish","type":"product","link":"https:\/\/www.tairuiauto.com\/pt\/product\/compact-three-wheel-electric-car\/","title":{"rendered":"Ve\u00edculo el\u00e9trico de baixa velocidade ecol\u00f3gica"},"content":{"rendered":"<h2 style=\"padding-left: 40px;\" data-start=\"463\" data-end=\"482\">Vista geral dos produtos<\/h2>\n<p style=\"padding-left: 40px;\" data-start=\"484\" data-end=\"782\">Este modelo combina dimens\u00f5es compactas com desempenho est\u00e1vel, tornando-o adequado para estradas urbanas, \u00e1reas residenciais e ambientes de tr\u00e2nsito de velocidade controlada. Seu baixo custo de funcionamento, longa dist\u00e2ncia de condu\u00e7\u00e3o e configura\u00e7\u00e3o amig\u00e1vel do usu\u00e1rio tornam-no ideal para aplica\u00e7\u00f5es pessoais e comerciais.<\/p>\n<table style=\"border-collapse: collapse; width: 69.9827%; height: 458px; margin-left: 40px;\" border=\"0\" width=\"720\" cellspacing=\"0\" cellpadding=\"0\">\n<tbody style=\"padding-left: 40px;\">\n<tr style=\"height: 20pt; padding-left: 40px;\">\n<td class=\"et4\" style=\"height: 20px; width: 36.7213%; padding-left: 40px;\" width=\"265\" height=\"33\">Modelo<\/td>\n<td class=\"et4\" style=\"width: 91.2865%; height: 20px; padding-left: 40px;\" width=\"455\">Ve\u00edculo el\u00e9trico de baixa velocidade ecol\u00f3gica<\/td>\n<\/tr>\n<tr style=\"height: 20pt; padding-left: 40px;\">\n<td class=\"et5\" style=\"height: 20px; width: 36.7213%; padding-left: 40px;\" width=\"265\" height=\"33\">Dimens\u00f5es (mm)<\/td>\n<td class=\"et5\" style=\"width: 91.2865%; height: 20px; padding-left: 40px;\" width=\"455\">2400*1245*1619<\/td>\n<\/tr>\n<tr style=\"height: 20pt; padding-left: 40px;\">\n<td class=\"et5\" style=\"height: 20px; width: 36.7213%; padding-left: 40px;\" width=\"265\" height=\"33\">Tipo de corpo<\/td>\n<td class=\"et5\" style=\"width: 91.2865%; height: 20px; padding-left: 40px;\" width=\"455\">corpo integral<\/td>\n<\/tr>\n<tr style=\"height: 20pt; padding-left: 40px;\">\n<td class=\"et5\" style=\"height: 20px; width: 36.7213%; padding-left: 40px;\" width=\"265\" height=\"33\">Estrutura corporal<\/td>\n<td class=\"et5\" style=\"width: 91.2865%; height: 20px; padding-left: 40px;\" width=\"455\">2 portas e 2 lugares<\/td>\n<\/tr>\n<tr style=\"height: 20pt; padding-left: 40px;\">\n<td class=\"et5\" style=\"height: 20px; width: 36.7213%; padding-left: 40px;\" width=\"265\" height=\"33\">Motor<\/td>\n<td class=\"et5\" style=\"width: 91.2865%; height: 20px; padding-left: 40px;\" width=\"455\">60V1500W AC<\/td>\n<\/tr>\n<tr style=\"height: 20pt; padding-left: 40px;\">\n<td class=\"et5\" style=\"height: 20px; width: 36.7213%; padding-left: 40px;\" width=\"265\" height=\"33\">Controlador<\/td>\n<td class=\"et5\" style=\"width: 91.2865%; height: 20px; padding-left: 40px;\" width=\"455\">60V 24tubos<\/td>\n<\/tr>\n<tr style=\"height: 20pt; padding-left: 40px;\">\n<td class=\"et5\" style=\"height: 20px; width: 36.7213%; padding-left: 40px;\" width=\"265\" height=\"33\">Bateria(kwh)<\/td>\n<td class=\"et5\" style=\"width: 91.2865%; height: 20px; padding-left: 40px;\" width=\"455\">60V80AH<\/td>\n<\/tr>\n<tr style=\"height: 20pt; padding-left: 40px;\">\n<td class=\"et5\" style=\"height: 20px; width: 36.7213%; padding-left: 40px;\" width=\"265\" height=\"33\">Tempo de carga(H)<\/td>\n<td class=\"et5\" style=\"width: 91.2865%; height: 20px; padding-left: 40px;\" width=\"455\">6-8<\/td>\n<\/tr>\n<tr style=\"height: 20pt; padding-left: 40px;\">\n<td class=\"et5\" style=\"height: 20px; width: 36.7213%; padding-left: 40px;\" width=\"265\" height=\"33\">Rango por carga\/km<\/td>\n<td class=\"et5\" style=\"width: 91.2865%; height: 20px; padding-left: 40px;\" width=\"455\">\u226590<\/td>\n<\/tr>\n<tr style=\"height: 20pt; padding-left: 40px;\">\n<td class=\"et5\" style=\"height: 20px; width: 36.7213%; padding-left: 40px;\" width=\"265\" height=\"33\">Suspens\u00e3o frontal<\/td>\n<td class=\"et5\" style=\"width: 91.2865%; height: 20px; padding-left: 40px;\" width=\"455\">chocante hidr\u00e1ulico<\/td>\n<\/tr>\n<tr style=\"height: 20pt; padding-left: 40px;\">\n<td class=\"et5\" style=\"height: 20px; width: 36.7213%; padding-left: 40px;\" width=\"265\" height=\"33\">Suspens\u00e3o posterior<\/td>\n<td class=\"et5\" style=\"width: 91.2865%; height: 20px; padding-left: 40px;\" width=\"455\">Suspens\u00e3o do bra\u00e7o de arrasto<\/td>\n<\/tr>\n<tr style=\"height: 20pt; padding-left: 40px;\">\n<td class=\"et5\" style=\"height: 20px; width: 36.7213%; padding-left: 40px;\" width=\"265\" height=\"33\">pneu anterior\/posterior<\/td>\n<td class=\"et5\" style=\"width: 91.2865%; height: 20px; padding-left: 40px;\" width=\"455\">Fronte 120\/70R12<br \/>\nRear 135\/70R12<\/td>\n<\/tr>\n<tr style=\"height: 20pt; padding-left: 40px;\">\n<td class=\"et5\" style=\"height: 20px; width: 36.7213%; padding-left: 40px;\" width=\"265\" height=\"33\">Rim<\/td>\n<td class=\"et5\" style=\"width: 91.2865%; height: 20px; padding-left: 40px;\" width=\"455\">Hub de liga de alum\u00ednio<\/td>\n<\/tr>\n<tr style=\"height: 20pt; padding-left: 40px;\">\n<td class=\"et5\" style=\"height: 20px; width: 36.7213%; padding-left: 40px;\" width=\"265\" height=\"33\">Sistema de trav\u00e3o<\/td>\n<td class=\"et5\" style=\"width: 91.2865%; height: 20px; padding-left: 40px;\" width=\"455\">frente\/traseiro:disco<\/td>\n<\/tr>\n<tr style=\"height: 20pt; padding-left: 40px;\">\n<td class=\"et5\" style=\"height: 20px; width: 36.7213%; padding-left: 40px;\" width=\"265\" height=\"33\">Grau de subida (%)<\/td>\n<td class=\"et5\" style=\"width: 91.2865%; height: 20px; padding-left: 40px;\" width=\"455\">\u226525<\/td>\n<\/tr>\n<tr style=\"height: 20pt; padding-left: 40px;\">\n<td class=\"et5\" style=\"height: 20px; width: 36.7213%; padding-left: 40px;\" width=\"265\" height=\"33\">Velocidade m\u00e1xima (km\/h)<\/td>\n<td class=\"et5\" style=\"width: 91.2865%; height: 20px; padding-left: 40px;\" width=\"455\">45km\/h<\/td>\n<\/tr>\n<tr style=\"height: 20pt; padding-left: 40px;\">\n<td class=\"et5\" style=\"height: 20px; width: 36.7213%; padding-left: 40px;\" width=\"265\" height=\"33\">Modo de dire\u00e7\u00e3o<\/td>\n<td class=\"et5\" style=\"width: 91.2865%; height: 20px; padding-left: 40px;\" width=\"455\">Barra de Mano M\u00e9dio<\/td>\n<\/tr>\n<tr style=\"height: 20pt; padding-left: 40px;\">\n<td class=\"et5\" style=\"height: 20px; width: 36.7213%; padding-left: 40px;\" width=\"265\" height=\"33\">Capacidade de contentor<\/td>\n<td class=\"et5\" style=\"width: 91.2865%; height: 20px; padding-left: 40px;\" width=\"455\">9 PCS SKD\/40&#8217; HQ<\/td>\n<\/tr>\n<tr style=\"height: 20pt; padding-left: 40px;\">\n<td class=\"et5\" style=\"height: 20px; width: 36.7213%; padding-left: 40px;\" width=\"265\" height=\"33\">Certificado<\/td>\n<td class=\"et5\" style=\"width: 91.2865%; height: 20px; padding-left: 40px;\" width=\"455\">CEE \/ COC \/ L2e-P<\/td>\n<\/tr>\n<tr style=\"height: 20pt; padding-left: 40px;\">\n<td class=\"et5\" style=\"height: 78px; width: 36.7213%; padding-left: 40px;\" rowspan=\"3\" width=\"265\" height=\"100\">Dispositivo de Fun\u00e7\u00e3o<\/td>\n<td class=\"et5\" style=\"width: 91.2865%; height: 26px; padding-left: 40px;\" width=\"455\">Um bot\u00e3o Iniciar<\/td>\n<\/tr>\n<tr style=\"height: 20pt; padding-left: 40px;\">\n<td class=\"et5\" style=\"width: 91.2865%; height: 26px; padding-left: 40px;\" width=\"455\">Luzes LED<\/td>\n<\/tr>\n<tr style=\"height: 20pt; padding-left: 40px;\">\n<td class=\"et5\" style=\"width: 91.2865%; height: 26px; padding-left: 40px;\" width=\"455\">C\u00e2mara\/ Calor\/ janela el\u00e9trica inversa<\/td>\n<\/tr>\n<\/tbody>\n<\/table>\n<hr style=\"padding-left: 40px;\" data-start=\"784\" data-end=\"787\" \/>\n<h2 style=\"padding-left: 40px;\" data-start=\"789\" data-end=\"811\">Descri\u00e7\u00e3o do produto<\/h2>\n<h3 style=\"padding-left: 40px;\" data-start=\"813\" data-end=\"835\">Categoria de produtos<\/h3>\n<p style=\"padding-left: 40px;\" data-start=\"836\" data-end=\"919\">Ve\u00edculo el\u00e9trico de baixa velocidade \/ Ve\u00edculo el\u00e9trico urbano \/ Ve\u00edculo de mobilidade el\u00e9trica compacta<\/p>\n<h3 style=\"padding-left: 40px;\" data-start=\"921\" data-end=\"946\">Descri\u00e7\u00e3o do produto<\/h3>\n<p style=\"padding-left: 40px;\" data-start=\"948\" data-end=\"1275\">O <strong data-start=\"952\" data-end=\"995\">Ve\u00edculo el\u00e9trico de baixa velocidade ecol\u00f3gica<\/strong> apresenta uma dimens\u00e3o geral de <strong data-start=\"1029\" data-end=\"1054\">2400 \u00d7 1245 \u00d7 1619 mm<\/strong>, fornecendo uma pegada compact a ao mesmo tempo que mant\u00e9m um assento confort\u00e1vel para <strong data-start=\"1128\" data-end=\"1144\">2 passageiros<\/strong>O ve\u00edculo adota um <strong data-start=\"1168\" data-end=\"1195\">estrutura corporal integral<\/strong> com <strong data-start=\"1201\" data-end=\"1224\">2 portas e 2 lugares<\/strong>oferecendo maior rigidez e estabilidade de condu\u00e7\u00e3o.<\/p>\n<p style=\"padding-left: 40px;\" data-start=\"1277\" data-end=\"1658\">\u00c9 alimentado por um <strong data-start=\"1296\" data-end=\"1318\">Motor AC 60V 1500W<\/strong> parejado com um <strong data-start=\"1333\" data-end=\"1359\">Controlador de 24 tubos 60V<\/strong>, assegurando uma distribui\u00e7\u00e3o de energia suave e uma utiliza\u00e7\u00e3o eficiente da energia. O ve\u00edculo est\u00e1 equipado com um <strong data-start=\"1457\" data-end=\"1477\">bateria 60V 80Ah<\/strong>, fornecendo uma gama de condu\u00e7\u00e3o de <strong data-start=\"1509\" data-end=\"1530\">\u226590 km por carga<\/strong>, adequado para viagens di\u00e1rias prolongadas. O tempo de carga \u00e9 aproximadamente <strong data-start=\"1602\" data-end=\"1615\">6-8 horas<\/strong>apoiando a cobran\u00e7a conveniente durante a noite.<\/p>\n<p style=\"padding-left: 40px;\" data-start=\"1277\" data-end=\"1658\"><img fetchpriority=\"high\" decoding=\"async\" class=\"aligncenter wp-image-3561 size-medium\" src=\"https:\/\/www.tairuiauto.com\/wp-content\/uploads\/2025\/09\/IMG_1605_\u526f\u672c-300x180.jpg\" alt=\"\" width=\"300\" height=\"180\" srcset=\"\" sizes=\"(max-width: 300px) 100vw, 300px\" data-srcset=\"\" \/><\/p>\n<p style=\"padding-left: 40px;\" data-start=\"1660\" data-end=\"1995\">O sistema de suspens\u00e3o consiste em um <strong data-start=\"1696\" data-end=\"1730\">absortor de choque hidr\u00e1ulico frontal<\/strong> e um <strong data-start=\"1737\" data-end=\"1765\">suspens\u00e3o de bra\u00e7o de arrasto traseiro<\/strong>, melhorando eficazmente o conforto de viagem e a adaptabilidade rodovi\u00e1ria. A configura\u00e7\u00e3o dos pneus inclui <strong data-start=\"1853\" data-end=\"1878\">120\/70R12 pneus frontais<\/strong> e <strong data-start=\"1883\" data-end=\"1907\">pneus de tr\u00e1s 135\/70R12<\/strong>, combinado com <strong data-start=\"1923\" data-end=\"1946\">centros de liga de alum\u00ednio<\/strong> para aumentar a durabilidade e reduzir o peso global.<\/p>\n<p style=\"padding-left: 40px;\" data-start=\"1997\" data-end=\"2273\">Para a seguran\u00e7a, o ve\u00edculo adota um <strong data-start=\"2030\" data-end=\"2066\">sistema de freno de disco frontal e posterior<\/strong>fornecendo um desempenho de travagem confi\u00e1vel em condi\u00e7\u00f5es de condu\u00e7\u00e3o urbana. Com um <strong data-start=\"2146\" data-end=\"2174\">capacidade de subir \u2265 25%<\/strong> e um <strong data-start=\"2181\" data-end=\"2205\">velocidade m\u00e1xima de 45 km\/h<\/strong>, satisfaz os requisitos das regulamenta\u00e7\u00f5es de mobilidade urbana de baixa velocidade.<\/p>\n<p style=\"padding-left: 40px;\" data-start=\"2275\" data-end=\"2621\">A dire\u00e7\u00e3o \u00e9 operada atrav\u00e9s de um <strong data-start=\"2306\" data-end=\"2340\">modo de dire\u00e7\u00e3o da barra de m\u00e3o m\u00e9dia<\/strong>oferecendo manejo f\u00e1cil e controle preciso. O ve\u00edculo sustenta <strong data-start=\"2407\" data-end=\"2423\">Env\u00edo SKD<\/strong>com uma capacidade de recipiente de <strong data-start=\"2454\" data-end=\"2484\">9 unidades por recipiente de 40HQ<\/strong>, otimizando a efici\u00eancia do transporte internacional. \u00c9 certificado sob <strong data-start=\"2560\" data-end=\"2581\">CEE \/ COC \/ L2e-P<\/strong>, cumprindo padr\u00f5es regulamentares europeus.<\/p>\n<hr style=\"padding-left: 40px;\" data-start=\"2623\" data-end=\"2626\" \/>\n<h2 style=\"padding-left: 40px;\" data-start=\"2628\" data-end=\"2656\">Caracter\u00edsticas-chave e - Avantagens<\/h2>\n<h3 style=\"padding-left: 40px;\" data-start=\"2658\" data-end=\"2672\">Caracter\u00edsticas<\/h3>\n<ul>\n<li style=\"list-style-type: none;\">\n<ul data-start=\"2673\" data-end=\"2878\">\n<li data-start=\"2673\" data-end=\"2721\">\n<p data-start=\"2675\" data-end=\"2721\">Design corporal integral com dimens\u00f5es compactas<\/p>\n<\/li>\n<li data-start=\"2722\" data-end=\"2768\">\n<p data-start=\"2724\" data-end=\"2768\">Motor AC 60V 1500W com controlador de 24 tubos<\/p>\n<\/li>\n<li data-start=\"2769\" data-end=\"2809\">\n<p data-start=\"2771\" data-end=\"2809\">Longa dist\u00e2ncia de condu\u00e7\u00e3o \u2265 90 km por carga<\/p>\n<\/li>\n<li data-start=\"2810\" data-end=\"2848\">\n<p data-start=\"2812\" data-end=\"2848\">Sistema de travagem de discos frontal e posterior<\/p>\n<\/li>\n<li data-start=\"2849\" data-end=\"2878\">\n<p data-start=\"2851\" data-end=\"2878\">Centros de rodas de liga de alum\u00ednio<\/p>\n<\/li>\n<\/ul>\n<\/li>\n<\/ul>\n<h3 style=\"padding-left: 40px;\" data-start=\"2880\" data-end=\"2896\">Avantagens<\/h3>\n<ul>\n<li style=\"list-style-type: none;\">\n<ul data-start=\"2897\" data-end=\"3086\">\n<li data-start=\"2897\" data-end=\"2944\">\n<p data-start=\"2899\" data-end=\"2944\">Opera\u00e7\u00e3o ecol\u00f3gica e eficiente em energia<\/p>\n<\/li>\n<li data-start=\"2945\" data-end=\"2993\">\n<p data-start=\"2947\" data-end=\"2993\">Presta\u00e7\u00e3o est\u00e1vel para condi\u00e7\u00f5es urbanas de estrada<\/p>\n<\/li>\n<li data-start=\"2994\" data-end=\"3041\">\n<p data-start=\"2996\" data-end=\"3041\">Suspens\u00e3o confort\u00e1vel e travagem confi\u00e1vel<\/p>\n<\/li>\n<li data-start=\"3042\" data-end=\"3086\">\n<p data-start=\"3044\" data-end=\"3086\">Certificado para a conformidade com o mercado europeu<\/p>\n<\/li>\n<\/ul>\n<\/li>\n<\/ul>\n<h3 style=\"padding-left: 40px;\" data-start=\"3088\" data-end=\"3108\">Benef\u00edcios do comprador<\/h3>\n<ul>\n<li style=\"list-style-type: none;\">\n<ul data-start=\"3109\" data-end=\"3297\">\n<li data-start=\"3109\" data-end=\"3152\">\n<p data-start=\"3111\" data-end=\"3152\">Baixos custos operacionais e de manuten\u00e7\u00e3o<\/p>\n<\/li>\n<li data-start=\"3153\" data-end=\"3192\">\n<p data-start=\"3155\" data-end=\"3192\">Complian\u00e7a com os padr\u00f5es CEE\/COC<\/p>\n<\/li>\n<li data-start=\"3193\" data-end=\"3240\">\n<p data-start=\"3195\" data-end=\"3240\">Carga eficiente de recipientes para exporta\u00e7\u00e3o em massa<\/p>\n<\/li>\n<li data-start=\"3241\" data-end=\"3297\">\n<p data-start=\"3243\" data-end=\"3297\">Ideal para mobilidade urbana e viagem a curta dist\u00e2ncia<\/p>\n<\/li>\n<\/ul>\n<\/li>\n<\/ul>\n<h3 style=\"padding-left: 40px;\" data-start=\"3299\" data-end=\"3313\">Provas<\/h3>\n<ul>\n<li style=\"list-style-type: none;\">\n<ul data-start=\"3314\" data-end=\"3441\">\n<li data-start=\"3314\" data-end=\"3355\">\n<p data-start=\"3316\" data-end=\"3355\">Configura\u00e7\u00e3o do motor e controlador AC<\/p>\n<\/li>\n<li data-start=\"3356\" data-end=\"3401\">\n<p data-start=\"3358\" data-end=\"3401\">Disposi\u00e7\u00e3o provada do sistema de suspens\u00e3o e freio<\/p>\n<\/li>\n<li data-start=\"3402\" data-end=\"3441\">\n<p data-start=\"3404\" data-end=\"3441\">Suporte internacional de certifica\u00e7\u00e3o<\/p>\n<\/li>\n<\/ul>\n<\/li>\n<\/ul>\n<hr style=\"padding-left: 40px;\" data-start=\"3443\" data-end=\"3446\" \/>\n<h2 style=\"padding-left: 40px;\" data-start=\"3448\" data-end=\"3472\">Escen\u00e1rios de aplica\u00e7\u00f5es<\/h2>\n<ul>\n<li style=\"list-style-type: none;\">\n<ul data-start=\"3474\" data-end=\"3658\">\n<li data-start=\"3474\" data-end=\"3508\">\n<p data-start=\"3476\" data-end=\"3508\">Viagens urbanas de curta dist\u00e2ncia<\/p>\n<\/li>\n<li data-start=\"3509\" data-end=\"3549\">\n<p data-start=\"3511\" data-end=\"3549\">Transporte comunit\u00e1rio residencial<\/p>\n<\/li>\n<li data-start=\"3550\" data-end=\"3573\">\n<p data-start=\"3552\" data-end=\"3573\">Mobilidade quotidiana da cidade<\/p>\n<\/li>\n<li data-start=\"3574\" data-end=\"3610\">\n<p data-start=\"3576\" data-end=\"3610\">Uso comercial e de servi\u00e7o ligeiro<\/p>\n<\/li>\n<li data-start=\"3611\" data-end=\"3658\">\n<p data-start=\"3613\" data-end=\"3658\">Projetos de transporte ecol\u00f3gicamente amig\u00e1veis<\/p>\n<\/li>\n<\/ul>\n<\/li>\n<\/ul>\n<hr style=\"padding-left: 40px;\" data-start=\"3660\" data-end=\"3663\" \/>\n<h2 style=\"padding-left: 40px;\" data-start=\"3665\" data-end=\"3723\">Por que escolher este ve\u00edculo el\u00e9trico de baixa velocidade ecol\u00f3gica<\/h2>\n<p style=\"padding-left: 40px;\" data-start=\"3725\" data-end=\"3974\">Este modelo oferece um excelente equil\u00edbrio de tamanho compacto, longa dist\u00e2ncia e configura\u00e7\u00e3o pronta para a conformidade. Seu corpo integrado, sistema el\u00e9trico eficiente e design focado na seguran\u00e7a tornam-no uma solu\u00e7\u00e3o confi\u00e1vel para mercados urbanos de transporte de baixa velocidade.<\/p>\n<hr style=\"padding-left: 40px;\" data-start=\"3976\" data-end=\"3979\" \/>\n<h2 style=\"padding-left: 40px;\" data-start=\"3981\" data-end=\"4004\">embalagem e - Entrega<\/h2>\n<ul>\n<li style=\"list-style-type: none;\">\n<ul data-start=\"4006\" data-end=\"4166\">\n<li data-start=\"4006\" data-end=\"4046\">\n<p data-start=\"4008\" data-end=\"4046\"><strong data-start=\"4008\" data-end=\"4026\">Certifica\u00e7\u00e3o:<\/strong> CEE \/ COC \/ L2e-P<\/p>\n<\/li>\n<li data-start=\"4047\" data-end=\"4091\">\n<p data-start=\"4049\" data-end=\"4091\"><strong data-start=\"4049\" data-end=\"4072\">Capacidade de Contenedor:<\/strong> 9 PCS SKD \/ 40HQ<\/p>\n<\/li>\n<li data-start=\"4092\" data-end=\"4139\">\n<p data-start=\"4094\" data-end=\"4139\"><strong data-start=\"4094\" data-end=\"4113\">M\u00e9todo de embalagem:<\/strong> Embalagem de exporta\u00e7\u00e3o padr\u00e3o<\/p>\n<\/li>\n<li data-start=\"4140\" data-end=\"4166\">\n<p data-start=\"4142\" data-end=\"4166\"><strong data-start=\"4142\" data-end=\"4160\">Formula\u00e7\u00e3o de entrega:<\/strong> SKD<\/p>\n<\/li>\n<\/ul>\n<\/li>\n<\/ul>\n<hr style=\"padding-left: 40px;\" data-start=\"4168\" data-end=\"4171\" \/>\n<h2 style=\"padding-left: 40px;\" data-start=\"4173\" data-end=\"4179\">FAQ<\/h2>\n<p style=\"padding-left: 40px;\" data-start=\"4181\" data-end=\"4328\"><strong data-start=\"4181\" data-end=\"4234\">Q1: Qual \u00e9 o intervalo m\u00e1ximo de condu\u00e7\u00e3o por carga?<\/strong><br data-start=\"4234\" data-end=\"4237\" \/>O ve\u00edculo oferece uma gama de condu\u00e7\u00e3o de <strong data-start=\"4275\" data-end=\"4285\">\u226590 km<\/strong>dependendo da carga e condi\u00e7\u00f5es de condu\u00e7\u00e3o.<\/p>\n<p style=\"padding-left: 40px;\" data-start=\"4330\" data-end=\"4462\"><strong data-start=\"4330\" data-end=\"4377\">Q2: Que tipo de motor este modelo usa?<\/strong><br data-start=\"4377\" data-end=\"4380\" \/>Est\u00e1 equipado com um <strong data-start=\"4402\" data-end=\"4424\">Motor AC 60V 1500W<\/strong> para desempenho est\u00e1vel e eficiente.<\/p>\n<p style=\"padding-left: 40px;\" data-start=\"4464\" data-end=\"4611\"><strong data-start=\"4464\" data-end=\"4518\">Q3: Este ve\u00edculo \u00e9 adequado para mercados europeus?<\/strong><br data-start=\"4518\" data-end=\"4521\" \/>Sim. \u00c9 certificado com <strong data-start=\"4547\" data-end=\"4568\">CEE \/ COC \/ L2e-P<\/strong>, cumprindo os requisitos regulamentares europeus.<\/p>\n<p style=\"padding-left: 40px;\" data-start=\"4613\" data-end=\"4766\"><strong data-start=\"4613\" data-end=\"4655\">Q4: Que caracter\u00edsticas de seguran\u00e7a est\u00e3o inclu\u00eddas?<\/strong><br data-start=\"4655\" data-end=\"4658\" \/>As caracter\u00edsticas do ve\u00edculo <strong data-start=\"4679\" data-end=\"4709\">frenos de disco frontal e posterior<\/strong>suspens\u00e3o hidr\u00e1ulica, luzes LED e uma c\u00e2mera inversa.<\/p>\n<p style=\"padding-left: 40px;\" data-start=\"4768\" data-end=\"4873\"><strong data-start=\"4768\" data-end=\"4803\">Q5: Como o ve\u00edculo \u00e9 enviado?<\/strong><br data-start=\"4803\" data-end=\"4806\" \/>\u00c9 enviado <strong data-start=\"4823\" data-end=\"4835\">Forma SKD<\/strong>, com <strong data-start=\"4842\" data-end=\"4872\">9 unidades por recipiente de 40HQ<\/strong>.<\/p>","protected":false},"excerpt":{"rendered":"<p>O <strong data-start=\"123\" data-end=\"166\">Ve\u00edculo el\u00e9trico de baixa velocidade ecol\u00f3gica<\/strong> \u00e9 um ve\u00edculo el\u00e9trico compacto e eficiente em energia projetado para transporte urbano de curta dist\u00e2ncia. Com uma estrutura corporal completamente integrada, um sistema de energia el\u00e9trica confi\u00e1vel e uma configura\u00e7\u00e3o de seguran\u00e7a melhorada, ele fornece uma solu\u00e7\u00e3o pr\u00e1tica de mobilidade para viagem urbana e uso di\u00e1rio de luz.<\/p>","protected":false},"featured_media":5377,"comment_status":"open","ping_status":"closed","template":"","meta":[],"product_brand":[],"product_cat":[78],"product_tag":[],"class_list":{"0":"post-3549","1":"product","2":"type-product","3":"status-publish","4":"has-post-thumbnail","6":"product_cat-electric-tricycle","8":"first","9":"instock","10":"shipping-taxable","11":"purchasable","12":"product-type-simple"},"_links":{"self":[{"href":"https:\/\/www.tairuiauto.com\/pt\/wp-json\/wp\/v2\/product\/3549","targetHints":{"allow":["GET"]}}],"collection":[{"href":"https:\/\/www.tairuiauto.com\/pt\/wp-json\/wp\/v2\/product"}],"about":[{"href":"https:\/\/www.tairuiauto.com\/pt\/wp-json\/wp\/v2\/types\/product"}],"replies":[{"embeddable":true,"href":"https:\/\/www.tairuiauto.com\/pt\/wp-json\/wp\/v2\/comments?post=3549"}],"wp:featuredmedia":[{"embeddable":true,"href":"https:\/\/www.tairuiauto.com\/pt\/wp-json\/wp\/v2\/media\/5377"}],"wp:attachment":[{"href":"https:\/\/www.tairuiauto.com\/pt\/wp-json\/wp\/v2\/media?parent=3549"}],"wp:term":[{"taxonomy":"product_brand","embeddable":true,"href":"https:\/\/www.tairuiauto.com\/pt\/wp-json\/wp\/v2\/product_brand?post=3549"},{"taxonomy":"product_cat","embeddable":true,"href":"https:\/\/www.tairuiauto.com\/pt\/wp-json\/wp\/v2\/product_cat?post=3549"},{"taxonomy":"product_tag","embeddable":true,"href":"https:\/\/www.tairuiauto.com\/pt\/wp-json\/wp\/v2\/product_tag?post=3549"}],"curies":[{"name":"wp","href":"https:\/\/api.w.org\/{rel}","templated":true}]}}