{"id":3565,"date":"2025-09-06T08:22:06","date_gmt":"2025-09-06T00:22:06","guid":{"rendered":"https:\/\/www.tairuiauto.com\/?post_type=product&#038;p=3565"},"modified":"2025-09-06T08:39:58","modified_gmt":"2025-09-06T00:39:58","slug":"electric-passenger-trike","status":"publish","type":"product","link":"https:\/\/www.tairuiauto.com\/pt\/product\/electric-passenger-trike\/","title":{"rendered":"trigo el\u00e9trico de passageiros"},"content":{"rendered":"<h2 data-start=\"256\" data-end=\"280\">Descri\u00e7\u00e3o do produto<\/h2>\n<p data-start=\"843\" data-end=\"1249\">Isto <strong data-start=\"848\" data-end=\"876\">trigo el\u00e9trico de passageiros<\/strong> enfatiza a estabilidade com <strong data-start=\"903\" data-end=\"933\">frenos de disco frontal e posterior<\/strong>absor\u00e7\u00e3o de choque hidr\u00e1ulico e centros de liga de alum\u00ednio. Caracter\u00edsticas inteligentes modernas como <strong data-start=\"1018\" data-end=\"1096\">um bot\u00e3o de arranque, luzes LED, c\u00e2mera inversa, aquecedor e janelas el\u00e9tricas<\/strong> refor\u00e7ar a conveni\u00eancia, assegurando que o A801 seja mais do que apenas um simples <strong data-start=\"1168\" data-end=\"1193\">ve\u00edculo el\u00e9trico da cidade<\/strong>- \u00e9 uma solu\u00e7\u00e3o de mobilidade confort\u00e1vel e confi\u00e1vel.<\/p>\n<table style=\"border-collapse: collapse; width: 82.7865%; height: 634px;\" border=\"0\" width=\"720\" cellspacing=\"0\" cellpadding=\"0\">\n<tbody>\n<tr style=\"height: 20.00pt;\">\n<td class=\"et4\" style=\"height: 20.00pt; width: 159.05pt;\" width=\"265\" height=\"33\">Modelo<\/td>\n<td class=\"et4\" style=\"width: 273.40pt;\" width=\"455\">A801<\/td>\n<\/tr>\n<tr style=\"height: 20.00pt;\">\n<td class=\"et5\" style=\"height: 20.00pt; width: 159.05pt;\" width=\"265\" height=\"33\">Dimens\u00f5es (mm)<\/td>\n<td class=\"et5\" style=\"width: 273.40pt;\" width=\"455\">2400*1245*1619<\/td>\n<\/tr>\n<tr style=\"height: 20.00pt;\">\n<td class=\"et5\" style=\"height: 20.00pt; width: 159.05pt;\" width=\"265\" height=\"33\">Tipo de corpo<\/td>\n<td class=\"et5\" style=\"width: 273.40pt;\" width=\"455\">corpo integral<\/td>\n<\/tr>\n<tr style=\"height: 20.00pt;\">\n<td class=\"et5\" style=\"height: 20.00pt; width: 159.05pt;\" width=\"265\" height=\"33\">Estrutura corporal<\/td>\n<td class=\"et5\" style=\"width: 273.40pt;\" width=\"455\">2 portas e 2 lugares<\/td>\n<\/tr>\n<tr style=\"height: 20.00pt;\">\n<td class=\"et5\" style=\"height: 20.00pt; width: 159.05pt;\" width=\"265\" height=\"33\">Motor<\/td>\n<td class=\"et5\" style=\"width: 273.40pt;\" width=\"455\">60V1500W DC<\/td>\n<\/tr>\n<tr style=\"height: 20.00pt;\">\n<td class=\"et5\" style=\"height: 20.00pt; width: 159.05pt;\" width=\"265\" height=\"33\">Controlador<\/td>\n<td class=\"et5\" style=\"width: 273.40pt;\" width=\"455\">60V 24tubos<\/td>\n<\/tr>\n<tr style=\"height: 20.00pt;\">\n<td class=\"et5\" style=\"height: 20.00pt; width: 159.05pt;\" width=\"265\" height=\"33\">Bateria(kwh)<\/td>\n<td class=\"et5\" style=\"width: 273.40pt;\" width=\"455\">60V80AH<\/td>\n<\/tr>\n<tr style=\"height: 20.00pt;\">\n<td class=\"et5\" style=\"height: 20.00pt; width: 159.05pt;\" width=\"265\" height=\"33\">Tempo de carga(H)<\/td>\n<td class=\"et5\" style=\"width: 273.40pt;\" width=\"455\">6-8<\/td>\n<\/tr>\n<tr style=\"height: 20.00pt;\">\n<td class=\"et5\" style=\"height: 20.00pt; width: 159.05pt;\" width=\"265\" height=\"33\">Rango por carga\/km<\/td>\n<td class=\"et5\" style=\"width: 273.40pt;\" width=\"455\">\u226590<\/td>\n<\/tr>\n<tr style=\"height: 20.00pt;\">\n<td class=\"et5\" style=\"height: 20.00pt; width: 159.05pt;\" width=\"265\" height=\"33\">Suspens\u00e3o frontal<\/td>\n<td class=\"et5\" style=\"width: 273.40pt;\" width=\"455\">chocante hidr\u00e1ulico<\/td>\n<\/tr>\n<tr style=\"height: 20.00pt;\">\n<td class=\"et5\" style=\"height: 20.00pt; width: 159.05pt;\" width=\"265\" height=\"33\">Suspens\u00e3o posterior<\/td>\n<td class=\"et5\" style=\"width: 273.40pt;\" width=\"455\">Suspens\u00e3o do bra\u00e7o de arrasto<\/td>\n<\/tr>\n<tr style=\"height: 20.00pt;\">\n<td class=\"et5\" style=\"height: 20.00pt; width: 159.05pt;\" width=\"265\" height=\"33\">pneu anterior\/posterior<\/td>\n<td class=\"et5\" style=\"width: 273.40pt;\" width=\"455\">Fronte 120\/70R12<br \/>\nRear 135\/70R12<\/td>\n<\/tr>\n<tr style=\"height: 20.00pt;\">\n<td class=\"et5\" style=\"height: 20.00pt; width: 159.05pt;\" width=\"265\" height=\"33\">Rim<\/td>\n<td class=\"et5\" style=\"width: 273.40pt;\" width=\"455\">Hub de liga de alum\u00ednio<\/td>\n<\/tr>\n<tr style=\"height: 20.00pt;\">\n<td class=\"et5\" style=\"height: 20.00pt; width: 159.05pt;\" width=\"265\" height=\"33\">Sistema de trav\u00e3o<\/td>\n<td class=\"et5\" style=\"width: 273.40pt;\" width=\"455\">frente\/traseiro:disco<\/td>\n<\/tr>\n<tr style=\"height: 20.00pt;\">\n<td class=\"et5\" style=\"height: 20.00pt; width: 159.05pt;\" width=\"265\" height=\"33\">Grau de subida (%)<\/td>\n<td class=\"et5\" style=\"width: 273.40pt;\" width=\"455\">\u226425<\/td>\n<\/tr>\n<tr style=\"height: 20.00pt;\">\n<td class=\"et5\" style=\"height: 20.00pt; width: 159.05pt;\" width=\"265\" height=\"33\">Velocidade m\u00e1xima (km\/h)<\/td>\n<td class=\"et5\" style=\"width: 273.40pt;\" width=\"455\">25 km\/h<\/td>\n<\/tr>\n<tr style=\"height: 20.00pt;\">\n<td class=\"et5\" style=\"height: 20.00pt; width: 159.05pt;\" width=\"265\" height=\"33\">Modo de dire\u00e7\u00e3o<\/td>\n<td class=\"et5\" style=\"width: 273.40pt;\" width=\"455\">Barra de Mano M\u00e9dio<\/td>\n<\/tr>\n<tr style=\"height: 20.00pt;\">\n<td class=\"et5\" style=\"height: 20.00pt; width: 159.05pt;\" width=\"265\" height=\"33\">Capacidade de contentor<\/td>\n<td class=\"et5\" style=\"width: 273.40pt;\" width=\"455\">9 PCS SKD\/40&#8217; HQ<\/td>\n<\/tr>\n<tr style=\"height: 20.00pt;\">\n<td class=\"et5\" style=\"height: 20.00pt; width: 159.05pt;\" width=\"265\" height=\"33\">Certificado<\/td>\n<td class=\"et5\" style=\"width: 273.40pt;\" width=\"455\">CEE \/ COC \/ L2e-P<\/td>\n<\/tr>\n<tr style=\"height: 20.00pt;\">\n<td class=\"et5\" style=\"height: 60.00pt; width: 159.05pt;\" rowspan=\"3\" width=\"265\" height=\"100\">Dispositivo de Fun\u00e7\u00e3o<\/td>\n<td class=\"et5\" style=\"width: 273.40pt;\" width=\"455\">Um bot\u00e3o Iniciar<\/td>\n<\/tr>\n<tr style=\"height: 20.00pt;\">\n<td class=\"et5\" style=\"width: 273.40pt;\" width=\"455\">Luzes LED<\/td>\n<\/tr>\n<tr style=\"height: 20.00pt;\">\n<td class=\"et5\" style=\"width: 273.40pt;\" width=\"455\">C\u00e2mara\/ Calor\/ janela el\u00e9trica inversa<\/td>\n<\/tr>\n<\/tbody>\n<\/table>\n<hr data-start=\"1251\" data-end=\"1254\" \/>\n<h2 data-start=\"1256\" data-end=\"1299\">Caracter\u00edsticas e - Avantagens (pontos de venda)<\/h2>\n<ol data-start=\"1301\" data-end=\"2234\">\n<li data-start=\"1301\" data-end=\"1505\">\n<p data-start=\"1304\" data-end=\"1505\"><strong data-start=\"1304\" data-end=\"1328\">Reliable Daily Range<\/strong><br data-start=\"1328\" data-end=\"1331\" \/>O triciclo el\u00e9trico A801 atinge um <strong data-start=\"1369\" data-end=\"1396\">\u226590 km por carga<\/strong>tornando-a depend\u00edvel <strong data-start=\"1421\" data-end=\"1442\">viajante urbano EV<\/strong> para viagens de compras, pedidos de fam\u00edlia e viagens de bairro.<\/p>\n<\/li>\n<li data-start=\"1507\" data-end=\"1755\">\n<p data-start=\"1510\" data-end=\"1755\"><strong data-start=\"1510\" data-end=\"1543\">Pot\u00eancia e efici\u00eancia equilibradas<\/strong><br data-start=\"1543\" data-end=\"1546\" \/>Fornecida por um <strong data-start=\"1559\" data-end=\"1577\">Motor DC 1500W<\/strong> com um <strong data-start=\"1585\" data-end=\"1611\">Controlador de 24 tubos 60V<\/strong>o A801 fornece acelera\u00e7\u00e3o constante e efici\u00eancia energ\u00e9tica, posicionando-a como uma duradoura <strong data-start=\"1702\" data-end=\"1730\">carro el\u00e9trico de tr\u00eas rodas<\/strong> para conduzir a cidade segura.<\/p>\n<\/li>\n<li data-start=\"1757\" data-end=\"1993\">\n<p data-start=\"1760\" data-end=\"1993\"><strong data-start=\"1760\" data-end=\"1787\">Design Orientado para o Comfort<\/strong><br data-start=\"1787\" data-end=\"1790\" \/>O <strong data-start=\"1794\" data-end=\"1845\">aquecedor, janelas el\u00e9tricas e assentos ergon\u00f4micos<\/strong> fornecer uma viagem confort\u00e1vel, tornando o A801 n\u00e3o s\u00f3 funcional, mas tamb\u00e9m <strong data-start=\"1921\" data-end=\"1958\">trique el\u00e9trico amig\u00e1vel aos passageiros<\/strong> adequados para idosos e fam\u00edlias.<\/p>\n<\/li>\n<li data-start=\"1995\" data-end=\"2234\">\n<p data-start=\"1998\" data-end=\"2234\"><strong data-start=\"1998\" data-end=\"2026\">Caracter\u00edsticas de seguran\u00e7a refor\u00e7adas<\/strong><br data-start=\"2026\" data-end=\"2029\" \/>Com <strong data-start=\"2034\" data-end=\"2116\">frenos de disco frontal e posterior, suspens\u00e3o hidr\u00e1ulica e suspens\u00e3o traseira de bra\u00e7o arrastado<\/strong>o Triciclo el\u00e9trico A801 assegura manejo seguro e estabilidade, tornando-o confi\u00e1vel <strong data-start=\"2206\" data-end=\"2231\">ve\u00edculo el\u00e9trico da cidade<\/strong>.<\/p>\n<\/li>\n<\/ol>\n<hr data-start=\"2236\" data-end=\"2239\" \/>\n<h2 data-start=\"2241\" data-end=\"2271\">Avan\u00e7os Diferenciados<\/h2>\n<ol data-start=\"2273\" data-end=\"3041\">\n<li data-start=\"2273\" data-end=\"2452\">\n<p data-start=\"2276\" data-end=\"2452\"><strong data-start=\"2276\" data-end=\"2305\">Compacto e Amigo do Utilizador<\/strong><br data-start=\"2305\" data-end=\"2308\" \/>Ao contr\u00e1rio de EVs maiores, o A801 \u00e9 projetado para ser <strong data-start=\"2354\" data-end=\"2380\">compacto mas funcional<\/strong>ideal para motoristas idosos e aqueles que navegam por ruas urbanas estreitas.<\/p>\n<\/li>\n<li data-start=\"2454\" data-end=\"2635\">\n<p data-start=\"2457\" data-end=\"2635\"><strong data-start=\"2457\" data-end=\"2479\">Seguran\u00e7a Priorizada<\/strong><br data-start=\"2479\" data-end=\"2482\" \/>Equipado com <strong data-start=\"2496\" data-end=\"2526\">travagem de disco em ambos os eixos<\/strong> e <strong data-start=\"2531\" data-end=\"2556\">centros refor\u00e7ados de liga<\/strong>o A801 supera muitos triques el\u00e9tricos de baixo custo em termos de seguran\u00e7a rodovi\u00e1ria.<\/p>\n<\/li>\n<li data-start=\"2637\" data-end=\"2831\">\n<p data-start=\"2640\" data-end=\"2831\"><strong data-start=\"2640\" data-end=\"2675\">Solu\u00e7\u00e3o de Transporte Amigo do Ambiente<\/strong><br data-start=\"2675\" data-end=\"2678\" \/>Como <strong data-start=\"2683\" data-end=\"2729\">ve\u00edculo el\u00e9trico de tr\u00eas rodas com emiss\u00e3o zero<\/strong>, o A801 contribui para o transporte sustent\u00e1vel ao mesmo tempo que baixa os custos de combust\u00edvel e manuten\u00e7\u00e3o a longo prazo.<\/p>\n<\/li>\n<li data-start=\"2833\" data-end=\"3041\">\n<p data-start=\"2836\" data-end=\"3041\"><strong data-start=\"2836\" data-end=\"2874\">Certificado Globalmente para a Fiabilidade<\/strong><br data-start=\"2874\" data-end=\"2877\" \/>Certificado com <strong data-start=\"2892\" data-end=\"2915\">CEE, COC e L2e-P<\/strong>o triciclo el\u00e9trico A801 cumpre padr\u00f5es internacionais de qualidade, tornando-o adequado tanto para os mercados internos como para as exporta\u00e7\u00f5es.<\/p>\n<\/li>\n<\/ol>\n<p><img fetchpriority=\"high\" decoding=\"async\" class=\"size-medium wp-image-3572 aligncenter\" src=\"https:\/\/www.tairuiauto.com\/wp-content\/uploads\/2025\/09\/8-1-300x225.jpg\" alt=\"\" width=\"300\" height=\"225\" srcset=\"\" sizes=\"(max-width: 300px) 100vw, 300px\" data-srcset=\"\" \/><\/p>\n<hr data-start=\"3043\" data-end=\"3046\" \/>\n<h2 data-start=\"3048\" data-end=\"3075\">Especifica\u00e7\u00f5es do produto<\/h2>\n<ul data-start=\"3077\" data-end=\"3862\">\n<li data-start=\"3077\" data-end=\"3096\">\n<p data-start=\"3079\" data-end=\"3096\"><strong data-start=\"3079\" data-end=\"3089\">Modelo:<\/strong> A801<\/p>\n<\/li>\n<li data-start=\"3097\" data-end=\"3138\">\n<p data-start=\"3099\" data-end=\"3138\"><strong data-start=\"3099\" data-end=\"3114\">Dimens\u00f5es:<\/strong> 2400 \u00d7 1245 \u00d7 1619 mm<\/p>\n<\/li>\n<li data-start=\"3139\" data-end=\"3171\">\n<p data-start=\"3141\" data-end=\"3171\"><strong data-start=\"3141\" data-end=\"3155\">Tipo de corpo:<\/strong> Corpo integral<\/p>\n<\/li>\n<li data-start=\"3172\" data-end=\"3212\">\n<p data-start=\"3174\" data-end=\"3212\"><strong data-start=\"3174\" data-end=\"3193\">Estrutura corporal:<\/strong> 2 portas, 2 lugares<\/p>\n<\/li>\n<li data-start=\"3213\" data-end=\"3240\">\n<p data-start=\"3215\" data-end=\"3240\"><strong data-start=\"3215\" data-end=\"3225\">Motor:<\/strong> 60V 1500W DC<\/p>\n<\/li>\n<li data-start=\"3241\" data-end=\"3273\">\n<p data-start=\"3243\" data-end=\"3273\"><strong data-start=\"3243\" data-end=\"3258\">Controlador:<\/strong> 60V 24 tubos<\/p>\n<\/li>\n<li data-start=\"3274\" data-end=\"3299\">\n<p data-start=\"3276\" data-end=\"3299\"><strong data-start=\"3276\" data-end=\"3288\">Bateria:<\/strong> 60V 80Ah<\/p>\n<\/li>\n<li data-start=\"3300\" data-end=\"3332\">\n<p data-start=\"3302\" data-end=\"3332\"><strong data-start=\"3302\" data-end=\"3320\">Tempo de carga:<\/strong> 6-8 horas<\/p>\n<\/li>\n<li data-start=\"3333\" data-end=\"3365\">\n<p data-start=\"3335\" data-end=\"3365\"><strong data-start=\"3335\" data-end=\"3356\">Range per Charge:<\/strong> \u226590 km<\/p>\n<\/li>\n<li data-start=\"3366\" data-end=\"3392\">\n<p data-start=\"3368\" data-end=\"3392\"><strong data-start=\"3368\" data-end=\"3382\">Velocidade m\u00e1xima:<\/strong> 25 km\/h<\/p>\n<\/li>\n<li data-start=\"3393\" data-end=\"3423\">\n<p data-start=\"3395\" data-end=\"3423\"><strong data-start=\"3395\" data-end=\"3416\">Capacidade Climbing:<\/strong> \u226525%<\/p>\n<\/li>\n<li data-start=\"3424\" data-end=\"3467\">\n<p data-start=\"3426\" data-end=\"3467\"><strong data-start=\"3426\" data-end=\"3447\">Suspens\u00e3o Fronte:<\/strong> Chocante hidr\u00e1ulico<\/p>\n<\/li>\n<li data-start=\"3468\" data-end=\"3512\">\n<p data-start=\"3470\" data-end=\"3512\"><strong data-start=\"3470\" data-end=\"3490\">Suspens\u00e3o posterior:<\/strong> Suspens\u00e3o do bra\u00e7o de arrasto<\/p>\n<\/li>\n<li data-start=\"3513\" data-end=\"3571\">\n<p data-start=\"3515\" data-end=\"3571\"><strong data-start=\"3515\" data-end=\"3536\">pneus de frente\/traseiro:<\/strong> Fronte 120\/70R12 \/ Rear 135\/70R12<\/p>\n<\/li>\n<li data-start=\"3572\" data-end=\"3603\">\n<p data-start=\"3574\" data-end=\"3603\"><strong data-start=\"3574\" data-end=\"3582\">Rim:<\/strong> Centro de liga de alum\u00ednio<\/p>\n<\/li>\n<li data-start=\"3604\" data-end=\"3643\">\n<p data-start=\"3606\" data-end=\"3643\"><strong data-start=\"3606\" data-end=\"3623\">Sistema de trav\u00e3o:<\/strong> Front &amp; - disco traseiro<\/p>\n<\/li>\n<li data-start=\"3644\" data-end=\"3683\">\n<p data-start=\"3646\" data-end=\"3683\"><strong data-start=\"3646\" data-end=\"3664\">Modo de dire\u00e7\u00e3o:<\/strong> Barra de manejo m\u00e9dia<\/p>\n<\/li>\n<li data-start=\"3684\" data-end=\"3727\">\n<p data-start=\"3686\" data-end=\"3727\"><strong data-start=\"3686\" data-end=\"3709\">Capacidade de Contenedor:<\/strong> 9 PCS SKD\/40&#8217; HQ<\/p>\n<\/li>\n<li data-start=\"3728\" data-end=\"3766\">\n<p data-start=\"3730\" data-end=\"3766\"><strong data-start=\"3730\" data-end=\"3746\">Certificado:<\/strong> CEE \/ COC \/ L2e-P<\/p>\n<\/li>\n<li data-start=\"3767\" data-end=\"3862\">\n<p data-start=\"3769\" data-end=\"3862\"><strong data-start=\"3769\" data-end=\"3790\">Dispositivos de Fun\u00e7\u00e3o:<\/strong> Come\u00e7o com um bot\u00e3o, luzes LED, c\u00e2mera inversa, aquecedor, janela el\u00e9trica<\/p>\n<\/li>\n<\/ul>\n<hr data-start=\"3864\" data-end=\"3867\" \/>\n<h2 data-start=\"3869\" data-end=\"3883\">Materiales<\/h2>\n<ul data-start=\"3884\" data-end=\"4013\">\n<li data-start=\"3884\" data-end=\"3921\">\n<p data-start=\"3886\" data-end=\"3921\">Corpo integral de a\u00e7o de alta for\u00e7a<\/p>\n<\/li>\n<li data-start=\"3922\" data-end=\"3961\">\n<p data-start=\"3924\" data-end=\"3961\">Liga\u00e7\u00f5es ligeiras de alum\u00ednio<\/p>\n<\/li>\n<li data-start=\"3962\" data-end=\"4013\">\n<p data-start=\"3964\" data-end=\"4013\">Vejo de grado autom\u00f3vel e corte pl\u00e1stico duradouro<\/p>\n<\/li>\n<\/ul>\n<hr data-start=\"4015\" data-end=\"4018\" \/>\n<h2 data-start=\"4020\" data-end=\"4035\">Apar\u00eancia<\/h2>\n<p data-start=\"4036\" data-end=\"4157\">Compacta, bonita e moderna com op\u00e7\u00f5es de pintura externa personalizadas para satisfazer requisitos pessoais ou comerciais de marca.<\/p>\n<hr data-start=\"4159\" data-end=\"4162\" \/>\n<h2 data-start=\"4164\" data-end=\"4175\">Design<\/h2>\n<p data-start=\"4176\" data-end=\"4314\">Minimalist a e ergon\u00f4mica com uma disposi\u00e7\u00e3o interior de 2 lugares, portas f\u00e1ceis de entrada, e um sistema de controle amig\u00e1vel para os motoristas urbanos.<\/p>\n<hr data-start=\"4316\" data-end=\"4319\" \/>\n<h2 data-start=\"4321\" data-end=\"4351\">Op\u00e7\u00f5es de Adapta\u00e7\u00e3o OEM<\/h2>\n<ul data-start=\"4352\" data-end=\"4526\">\n<li data-start=\"4352\" data-end=\"4391\">\n<p data-start=\"4354\" data-end=\"4391\">Cores externas e decais de marca<\/p>\n<\/li>\n<li data-start=\"4392\" data-end=\"4437\">\n<p data-start=\"4394\" data-end=\"4437\">Materiales de assento e melhorias de corte interior<\/p>\n<\/li>\n<li data-start=\"4438\" data-end=\"4474\">\n<p data-start=\"4440\" data-end=\"4474\">Op\u00e7\u00f5es de embalagem e exporta\u00e7\u00e3o OEM<\/p>\n<\/li>\n<li data-start=\"4475\" data-end=\"4526\">\n<p data-start=\"4477\" data-end=\"4526\">Adapta\u00e7\u00e3o da flota com logos para distribuidores<\/p>\n<\/li>\n<\/ul>\n<hr data-start=\"4528\" data-end=\"4531\" \/>\n<h2 data-start=\"4533\" data-end=\"4553\">Controlo da qualidade<\/h2>\n<h3 data-start=\"4555\" data-end=\"4579\">Processo de Produ\u00e7\u00e3o<\/h3>\n<p data-start=\"4580\" data-end=\"4713\">Cada triciclo el\u00e9trico A801 \u00e9 inspeccionado durante a montagem, testado para o desempenho da bateria, e sujeito a ensaios de travagem e carga.<\/p>\n<h3 data-start=\"4715\" data-end=\"4739\">compromisso de qualidade<\/h3>\n<p data-start=\"4740\" data-end=\"4834\">N\u00f3s asseguramos qualidade coerente do produto, com cada unidade testada para a conformidade antes da entrega.<\/p>\n<h3 data-start=\"4836\" data-end=\"4863\">Certifica\u00e7\u00e3o de Produtos<\/h3>\n<p data-start=\"4864\" data-end=\"4949\">Certificado com <strong data-start=\"4879\" data-end=\"4902\">CEE, COC e L2e-P<\/strong>tornando-a adequada para a distribui\u00e7\u00e3o global.<\/p>\n<hr data-start=\"4951\" data-end=\"4954\" \/>\n<h2 data-start=\"4956\" data-end=\"4980\">Apoio ap\u00f3s vendas<\/h2>\n<ul data-start=\"4982\" data-end=\"5264\">\n<li data-start=\"4982\" data-end=\"5047\">\n<p data-start=\"4984\" data-end=\"5047\"><strong data-start=\"4984\" data-end=\"5014\">Instala\u00e7\u00e3o e - Ajustamento:<\/strong> Manuais instrucionais fornecidos<\/p>\n<\/li>\n<li data-start=\"5048\" data-end=\"5106\">\n<p data-start=\"5050\" data-end=\"5106\"><strong data-start=\"5050\" data-end=\"5063\">Treinamento:<\/strong> Oferta para compradores de grandes e projetos<\/p>\n<\/li>\n<li data-start=\"5107\" data-end=\"5180\">\n<p data-start=\"5109\" data-end=\"5180\"><strong data-start=\"5109\" data-end=\"5133\">Servi\u00e7o de Depois de Venda:<\/strong> Rede de suporte t\u00e9cnico para clientes globais<\/p>\n<\/li>\n<li data-start=\"5181\" data-end=\"5264\">\n<p data-start=\"5183\" data-end=\"5264\"><strong data-start=\"5183\" data-end=\"5213\">Mantenimento e - Partes de emerg\u00eancia:<\/strong> Cadeia de abastecimento a longo prazo para reservas e componentes<\/p>\n<\/li>\n<\/ul>\n<hr data-start=\"5266\" data-end=\"5269\" \/>\n<h2 data-start=\"5271\" data-end=\"5288\">Aplica\u00e7\u00f5es<\/h2>\n<ul data-start=\"5289\" data-end=\"5460\">\n<li data-start=\"5289\" data-end=\"5329\">\n<p data-start=\"5291\" data-end=\"5329\">Transporte de mobilidade de idosos ou de idosos<\/p>\n<\/li>\n<li data-start=\"5330\" data-end=\"5365\">\n<p data-start=\"5332\" data-end=\"5365\">Caminhos de curta dist\u00e2ncia da fam\u00edlia<\/p>\n<\/li>\n<li data-start=\"5366\" data-end=\"5417\">\n<p data-start=\"5368\" data-end=\"5417\">Ve\u00edculo de navega\u00e7\u00e3o tur\u00edstica em comunidades ou parques<\/p>\n<\/li>\n<li data-start=\"5418\" data-end=\"5460\">\n<p data-start=\"5420\" data-end=\"5460\">Servi\u00e7o ecol\u00f3gico de t\u00e1xi de vizinhan\u00e7a<\/p>\n<\/li>\n<\/ul>\n<hr data-start=\"5462\" data-end=\"5465\" \/>\n<h2 data-start=\"5467\" data-end=\"5487\">Op\u00e7\u00f5es de pagamento<\/h2>\n<ul data-start=\"5488\" data-end=\"5583\">\n<li data-start=\"5488\" data-end=\"5540\">\n<p data-start=\"5490\" data-end=\"5540\">Condi\u00e7\u00f5es flex\u00edveis de pagamento por grosso e distribuidor<\/p>\n<\/li>\n<li data-start=\"5541\" data-end=\"5583\">\n<p data-start=\"5543\" data-end=\"5583\">Descontos dispon\u00edveis para compras em massa<\/p>\n<\/li>\n<\/ul>\n<hr data-start=\"5585\" data-end=\"5588\" \/>\n<h2 data-start=\"5590\" data-end=\"5598\">FAQ<\/h2>\n<p data-start=\"5600\" data-end=\"5743\"><strong data-start=\"5600\" data-end=\"5646\">Q1: Qual \u00e9 a velocidade m\u00e1xima do A801?<\/strong><br data-start=\"5646\" data-end=\"5649\" \/>A: O triciclo el\u00e9trico A801 alcan\u00e7a <strong data-start=\"5687\" data-end=\"5698\">25 km\/h<\/strong>, assegurando seguran\u00e7a e controle para o uso da cidade.<\/p>\n<p data-start=\"5745\" data-end=\"5856\"><strong data-start=\"5745\" data-end=\"5786\">Q2: Quantos passageiros pode carregar?<\/strong><br data-start=\"5786\" data-end=\"5789\" \/>A: Ele tem <strong data-start=\"5799\" data-end=\"5810\">2 lugares<\/strong>, adequado para transporte pessoal ou compartilhado.<\/p>\n<p data-start=\"5858\" data-end=\"5982\"><strong data-start=\"5858\" data-end=\"5895\">Q3: Qual \u00e9 o intervalo por carga?<\/strong><br data-start=\"5895\" data-end=\"5898\" \/>A: O A801 fornece <strong data-start=\"5919\" data-end=\"5940\">\u226590 km por carga<\/strong>dependendo das condi\u00e7\u00f5es de estrada e carga.<\/p>\n<p data-start=\"5984\" data-end=\"6130\"><strong data-start=\"5984\" data-end=\"6027\">Q4: Tem certifica\u00e7\u00f5es de seguran\u00e7a?<\/strong><br data-start=\"6027\" data-end=\"6030\" \/>A: Sim, \u00e9 certificado com <strong data-start=\"6059\" data-end=\"6082\">CEE, COC e L2e-P<\/strong>, assegurando a conformidade com as vendas internacionais.<\/p>\n<p data-start=\"6132\" data-end=\"6277\"><strong data-start=\"6132\" data-end=\"6175\">Q5: Pode ser personalizado para uso da frota?<\/strong><br data-start=\"6175\" data-end=\"6178\" \/>A: Sim, <strong data-start=\"6186\" data-end=\"6207\">Adapta\u00e7\u00e3o OEM<\/strong> est\u00e1 dispon\u00edvel para flotas, incluindo op\u00e7\u00f5es de cor e marca de logotipo.<\/p>","protected":false},"excerpt":{"rendered":"<p>O <strong data-start=\"285\" data-end=\"311\">A801 Triciclo el\u00e9trico<\/strong> \u00e9 um ve\u00edculo el\u00e9trico de tr\u00eas rodas compacto e pr\u00e1tico adaptado para viagens cotidianas, mobilidade dos idosos e viagens urbanas de curta dist\u00e2ncia. Com uma <strong data-start=\"465\" data-end=\"489\">design integral do corpo<\/strong> com <strong data-start=\"495\" data-end=\"522\">duas portas e dois lugares<\/strong>, equilibra conforto e acessibilidade ao mesmo tempo que oferece desempenho confi\u00e1vel. Equipado com um <strong data-start=\"615\" data-end=\"637\">Motor DC 60V 1500W<\/strong> e um <strong data-start=\"644\" data-end=\"664\">bateria 60V 80Ah<\/strong>o triciclo el\u00e9trico A801 fornece uma gama de condu\u00e7\u00e3o de <strong data-start=\"721\" data-end=\"742\">\u226590 km por carga<\/strong> e uma velocidade m\u00e1xima de <strong data-start=\"766\" data-end=\"777\">25 km\/h<\/strong>fazendo com que seja uma escolha ecol\u00f3gica para viagens seguras e constantes.<\/p>","protected":false},"featured_media":3566,"comment_status":"open","ping_status":"closed","template":"","meta":[],"product_brand":[],"product_cat":[78],"product_tag":[],"class_list":{"0":"post-3565","1":"product","2":"type-product","3":"status-publish","4":"has-post-thumbnail","6":"product_cat-electric-tricycle","8":"first","9":"instock","10":"shipping-taxable","11":"purchasable","12":"product-type-simple"},"_links":{"self":[{"href":"https:\/\/www.tairuiauto.com\/pt\/wp-json\/wp\/v2\/product\/3565","targetHints":{"allow":["GET"]}}],"collection":[{"href":"https:\/\/www.tairuiauto.com\/pt\/wp-json\/wp\/v2\/product"}],"about":[{"href":"https:\/\/www.tairuiauto.com\/pt\/wp-json\/wp\/v2\/types\/product"}],"replies":[{"embeddable":true,"href":"https:\/\/www.tairuiauto.com\/pt\/wp-json\/wp\/v2\/comments?post=3565"}],"wp:featuredmedia":[{"embeddable":true,"href":"https:\/\/www.tairuiauto.com\/pt\/wp-json\/wp\/v2\/media\/3566"}],"wp:attachment":[{"href":"https:\/\/www.tairuiauto.com\/pt\/wp-json\/wp\/v2\/media?parent=3565"}],"wp:term":[{"taxonomy":"product_brand","embeddable":true,"href":"https:\/\/www.tairuiauto.com\/pt\/wp-json\/wp\/v2\/product_brand?post=3565"},{"taxonomy":"product_cat","embeddable":true,"href":"https:\/\/www.tairuiauto.com\/pt\/wp-json\/wp\/v2\/product_cat?post=3565"},{"taxonomy":"product_tag","embeddable":true,"href":"https:\/\/www.tairuiauto.com\/pt\/wp-json\/wp\/v2\/product_tag?post=3565"}],"curies":[{"name":"wp","href":"https:\/\/api.w.org\/{rel}","templated":true}]}}