{"id":3600,"date":"2025-09-10T11:23:33","date_gmt":"2025-09-10T03:23:33","guid":{"rendered":"https:\/\/www.tairuiauto.com\/?post_type=product&#038;p=3600"},"modified":"2025-11-04T09:11:17","modified_gmt":"2025-11-04T01:11:17","slug":"urban-passenger-vehicle","status":"publish","type":"product","link":"https:\/\/www.tairuiauto.com\/pt\/product\/urban-passenger-vehicle\/","title":{"rendered":"Ve\u00edculo de passageiros urbanos"},"content":{"rendered":"<h3 data-start=\"4099\" data-end=\"4124\">Descri\u00e7\u00e3o do produto<\/h3>\n<p data-start=\"4125\" data-end=\"4577\">O <strong data-start=\"4129\" data-end=\"4155\">Ve\u00edculo de passageiros urbanos<\/strong> \u00e9 um avan\u00e7ado <strong data-start=\"4171\" data-end=\"4213\">ve\u00edculo el\u00e9trico de passageiros de quatro rodas<\/strong> projetado para uso privado e comercial.<\/p>\n<table style=\"border-collapse: collapse; width: 78.4479%; height: 620px;\" border=\"0\" width=\"720\" cellspacing=\"0\" cellpadding=\"0\">\n<tbody>\n<tr style=\"height: 20.00pt;\">\n<td class=\"et4\" style=\"height: 20.00pt; width: 159.05pt;\" width=\"265\" height=\"33\">Modelo<\/td>\n<td class=\"et4\" style=\"width: 273.40pt;\" width=\"455\">Ve\u00edculo de passageiros urbanos<\/td>\n<\/tr>\n<tr style=\"height: 20.00pt;\">\n<td class=\"et5\" style=\"height: 20.00pt; width: 159.05pt;\" width=\"265\" height=\"33\">Dimens\u00f5es (mm)<\/td>\n<td class=\"et5\" style=\"width: 273.40pt;\" width=\"455\">2810*1316*1509<\/td>\n<\/tr>\n<tr style=\"height: 20.00pt;\">\n<td class=\"et5\" style=\"height: 20.00pt; width: 159.05pt;\" width=\"265\" height=\"33\">Tipo de corpo<\/td>\n<td class=\"et5\" style=\"width: 273.40pt;\" width=\"455\">corpo integral<\/td>\n<\/tr>\n<tr style=\"height: 20.00pt;\">\n<td class=\"et5\" style=\"height: 20.00pt; width: 159.05pt;\" width=\"265\" height=\"33\">Estrutura corporal<\/td>\n<td class=\"et5\" style=\"width: 273.40pt;\" width=\"455\">4 portas e 4 lugares<\/td>\n<\/tr>\n<tr style=\"height: 20.00pt;\">\n<td class=\"et5\" style=\"height: 20.00pt; width: 159.05pt;\" width=\"265\" height=\"33\">Motor<\/td>\n<td class=\"et5\" style=\"width: 273.40pt;\" width=\"455\">72V3000W AC<\/td>\n<\/tr>\n<tr style=\"height: 20.00pt;\">\n<td class=\"et5\" style=\"height: 20.00pt; width: 159.05pt;\" width=\"265\" height=\"33\">Controlador<\/td>\n<td class=\"et5\" style=\"width: 273.40pt;\" width=\"455\">72V 24tubos<\/td>\n<\/tr>\n<tr style=\"height: 20.00pt;\">\n<td class=\"et5\" style=\"height: 20.00pt; width: 159.05pt;\" width=\"265\" height=\"33\">Bateria(kwh)<\/td>\n<td class=\"et5\" style=\"width: 273.40pt;\" width=\"455\">72V100AH<\/td>\n<\/tr>\n<tr style=\"height: 20.00pt;\">\n<td class=\"et5\" style=\"height: 20.00pt; width: 159.05pt;\" width=\"265\" height=\"33\">Tempo de carga(H)<\/td>\n<td class=\"et5\" style=\"width: 273.40pt;\" width=\"455\">6-8<\/td>\n<\/tr>\n<tr style=\"height: 20.00pt;\">\n<td class=\"et5\" style=\"height: 20.00pt; width: 159.05pt;\" width=\"265\" height=\"33\">Rango por carga\/km<\/td>\n<td class=\"et5\" style=\"width: 273.40pt;\" width=\"455\">\u226590<\/td>\n<\/tr>\n<tr style=\"height: 20.00pt;\">\n<td class=\"et5\" style=\"height: 20.00pt; width: 159.05pt;\" width=\"265\" height=\"33\">Suspens\u00e3o frontal<\/td>\n<td class=\"et5\" style=\"width: 273.40pt;\" width=\"455\">Suspens\u00e3o McPherson<\/td>\n<\/tr>\n<tr style=\"height: 20.00pt;\">\n<td class=\"et5\" style=\"height: 20.00pt; width: 159.05pt;\" width=\"265\" height=\"33\">Suspens\u00e3o posterior<\/td>\n<td class=\"et5\" style=\"width: 273.40pt;\" width=\"455\">Suspens\u00e3o do bra\u00e7o de arrasto<\/td>\n<\/tr>\n<tr style=\"height: 20.00pt;\">\n<td class=\"et5\" style=\"height: 20.00pt; width: 159.05pt;\" width=\"265\" height=\"33\">pneu anterior\/posterior<\/td>\n<td class=\"et5\" style=\"width: 273.40pt;\" width=\"455\">135\/70R12<\/td>\n<\/tr>\n<tr style=\"height: 20.00pt;\">\n<td class=\"et5\" style=\"height: 20.00pt; width: 159.05pt;\" width=\"265\" height=\"33\">Rim<\/td>\n<td class=\"et5\" style=\"width: 273.40pt;\" width=\"455\">Hub de liga de alum\u00ednio<\/td>\n<\/tr>\n<tr style=\"height: 20.00pt;\">\n<td class=\"et5\" style=\"height: 20.00pt; width: 159.05pt;\" width=\"265\" height=\"33\">Sistema de trav\u00e3o<\/td>\n<td class=\"et5\" style=\"width: 273.40pt;\" width=\"455\">frente\/traseiro:disco<\/td>\n<\/tr>\n<tr style=\"height: 20.00pt;\">\n<td class=\"et5\" style=\"height: 20.00pt; width: 159.05pt;\" width=\"265\" height=\"33\">Grau de subida (%)<\/td>\n<td class=\"et5\" style=\"width: 273.40pt;\" width=\"455\">\u226425<\/td>\n<\/tr>\n<tr style=\"height: 20.00pt;\">\n<td class=\"et5\" style=\"height: 20.00pt; width: 159.05pt;\" width=\"265\" height=\"33\">Velocidade m\u00e1xima (km\/h)<\/td>\n<td class=\"et5\" style=\"width: 273.40pt;\" width=\"455\">45km\/h<\/td>\n<\/tr>\n<tr style=\"height: 20.00pt;\">\n<td class=\"et5\" style=\"height: 20.00pt; width: 159.05pt;\" width=\"265\" height=\"33\">Modo de dire\u00e7\u00e3o<\/td>\n<td class=\"et5\" style=\"width: 273.40pt;\" width=\"455\">Direc\u00e7\u00e3o<\/td>\n<\/tr>\n<tr style=\"height: 20.00pt;\">\n<td class=\"et5\" style=\"height: 20.00pt; width: 159.05pt;\" width=\"265\" height=\"33\">Capacidade de contentor<\/td>\n<td class=\"et5\" style=\"width: 273.40pt;\" width=\"455\">5 PCS SKD\/40&#8217; HQ<\/td>\n<\/tr>\n<tr style=\"height: 20.00pt;\">\n<td class=\"et5\" style=\"height: 20.00pt; width: 159.05pt;\" width=\"265\" height=\"33\">Certificado<\/td>\n<td class=\"et5\" style=\"width: 273.40pt;\" width=\"455\">CEE \/ COC \/ L7e-CP<\/td>\n<\/tr>\n<tr style=\"height: 20.00pt;\">\n<td class=\"et5\" style=\"height: 60.00pt; width: 159.05pt;\" rowspan=\"3\" width=\"265\" height=\"100\">Dispositivo de Fun\u00e7\u00e3o<\/td>\n<td class=\"et5\" style=\"width: 273.40pt;\" width=\"455\">Um bot\u00e3o Iniciar<\/td>\n<\/tr>\n<tr style=\"height: 20.00pt;\">\n<td class=\"et5\" style=\"width: 273.40pt;\" width=\"455\">Luzes LED<\/td>\n<\/tr>\n<tr style=\"height: 20.00pt;\">\n<td class=\"et5\" style=\"width: 273.40pt;\" width=\"455\">C\u00e2mara\/ Calor\/ janela el\u00e9trica inversa<\/td>\n<\/tr>\n<\/tbody>\n<\/table>\n<h3 data-start=\"4579\" data-end=\"4603\"><\/h3>\n<hr \/>\n<h3 data-start=\"4579\" data-end=\"4603\"><\/h3>\n<h3 data-start=\"4579\" data-end=\"4603\">Key Selling Points<\/h3>\n<ol data-start=\"4604\" data-end=\"5159\">\n<li data-start=\"4604\" data-end=\"4757\">\n<p data-start=\"4607\" data-end=\"4757\"><strong data-start=\"4607\" data-end=\"4641\">Solu\u00e7\u00e3o ecol\u00f3gica de neg\u00f3cios<\/strong> \u2013 O ve\u00edculo de passageiros urbanos reduz as emiss\u00f5es de carbono, perfeito para empresas com consci\u00eancia verde e operadores da frota.<\/p>\n<\/li>\n<li data-start=\"4758\" data-end=\"4899\">\n<p data-start=\"4761\" data-end=\"4899\"><strong data-start=\"4761\" data-end=\"4794\">Transporte de passageiros vers\u00e1til<\/strong> \u2013 Com <strong data-start=\"4802\" data-end=\"4825\">4 portas e 4 lugares<\/strong>sustenta servi\u00e7os como t\u00e1xi, compartilhamento de viagens e viagens empresariais.<\/p>\n<\/li>\n<li data-start=\"4900\" data-end=\"5040\">\n<p data-start=\"4903\" data-end=\"5040\"><strong data-start=\"4903\" data-end=\"4924\">Powertrain forte<\/strong> \u2013 A <strong data-start=\"4929\" data-end=\"4951\">Motor AC 72V\/3000W<\/strong> assegura acelera\u00e7\u00e3o confi\u00e1vel e desempenho consistente mesmo em condi\u00e7\u00f5es ocupadas da cidade.<\/p>\n<\/li>\n<li data-start=\"5041\" data-end=\"5159\">\n<p data-start=\"5044\" data-end=\"5159\"><strong data-start=\"5044\" data-end=\"5060\">poupan\u00e7as de custos<\/strong> \u2013 Baixos custos operacionais comparados aos ve\u00edculos de combust\u00edvel fazem com que seja um investimento inteligente para empresas urbanas.<\/p>\n<\/li>\n<\/ol>\n<h3 data-start=\"5161\" data-end=\"5192\"><\/h3>\n<hr \/>\n<h3 data-start=\"5161\" data-end=\"5192\"><\/h3>\n<h3 data-start=\"5161\" data-end=\"5192\">Avan\u00e7os Diferenciados<\/h3>\n<ol data-start=\"5193\" data-end=\"5657\">\n<li data-start=\"5193\" data-end=\"5295\">\n<p data-start=\"5196\" data-end=\"5295\"><strong data-start=\"5196\" data-end=\"5217\">Constru\u00e7\u00e3o Pronta para a Flota<\/strong> \u2013 Designado tanto para fam\u00edlias privadas como para operadores comerciais de compartilhamento de viagens.<\/p>\n<\/li>\n<li data-start=\"5296\" data-end=\"5422\">\n<p data-start=\"5299\" data-end=\"5422\"><strong data-start=\"5299\" data-end=\"5328\">Certificado Internacionalmente<\/strong> \u2013 Com <strong data-start=\"5336\" data-end=\"5372\">Certifica\u00e7\u00e3o CEE \/ COC \/ L7e-CP<\/strong>\u00e9 conforme com padr\u00f5es globais de seguran\u00e7a rodovi\u00e1ria.<\/p>\n<\/li>\n<li data-start=\"5423\" data-end=\"5538\">\n<p data-start=\"5426\" data-end=\"5538\"><strong data-start=\"5426\" data-end=\"5454\">Tecnologia de condu\u00e7\u00e3o inteligente<\/strong> \u2013 Equipado com c\u00e2mera inversa, luzes LED, um bot\u00e3o de arranque e sistema de aquecimento.<\/p>\n<\/li>\n<li data-start=\"5539\" data-end=\"5657\">\n<p data-start=\"5542\" data-end=\"5657\"><strong data-start=\"5542\" data-end=\"5564\">Alto Valor de Utilidade<\/strong> \u2013 Combina as fun\u00e7\u00f5es de um carro compacto e um EV de quatro rodas com maior acessibilidade.<\/p>\n<\/li>\n<\/ol>\n<p data-start=\"5688\" data-end=\"5741\"><img fetchpriority=\"high\" decoding=\"async\" class=\"alignnone size-medium wp-image-3610\" src=\"https:\/\/www.tairuiauto.com\/wp-content\/uploads\/2025\/09\/13-1-300x200.jpg\" alt=\"\" width=\"300\" height=\"200\" srcset=\"\" sizes=\"(max-width: 300px) 100vw, 300px\" data-srcset=\"\" \/> <img decoding=\"async\" class=\"alignnone size-medium wp-image-3612\" src=\"https:\/\/www.tairuiauto.com\/wp-content\/uploads\/2025\/09\/IMG_9982-300x200.jpg\" alt=\"\" width=\"300\" height=\"200\" srcset=\"\" sizes=\"(max-width: 300px) 100vw, 300px\" data-srcset=\"\" \/> <img decoding=\"async\" class=\"alignnone size-medium wp-image-3616\" src=\"https:\/\/www.tairuiauto.com\/wp-content\/uploads\/2025\/09\/IMG_9990-300x200.jpg\" alt=\"\" width=\"300\" height=\"200\" srcset=\"\" sizes=\"(max-width: 300px) 100vw, 300px\" data-srcset=\"\" \/><\/p>\n<hr \/>\n<h3 data-start=\"5743\" data-end=\"5757\">Material<\/h3>\n<p data-start=\"5758\" data-end=\"5854\">Estrutura de a\u00e7o refor\u00e7ada, bordas de liga de alum\u00ednio e pain\u00e9is corporais protetores resistentes ao tempo.<\/p>\n<h3 data-start=\"5856\" data-end=\"5872\">Apar\u00eancia<\/h3>\n<p data-start=\"5873\" data-end=\"5961\">Estilo compacto inspirado no carro com design aerodin\u00e2mico, l\u00e2mpadas LED e termina\u00e7\u00e3o de corpo completo.<\/p>\n<h3 data-start=\"5963\" data-end=\"5975\">Design<\/h3>\n<p data-start=\"5976\" data-end=\"6070\">Ve\u00edculo urbano pr\u00e1tico com assentos ergon\u00f4micos, controles digitais e uma cabin a pronta para o clima.<\/p>\n<h3 data-start=\"6072\" data-end=\"6095\">Adapta\u00e7\u00e3o OEM<\/h3>\n<p data-start=\"6096\" data-end=\"6182\">Customiza\u00e7\u00e3o de cores, marca para flotas de neg\u00f3cios, e interiores adaptados dispon\u00edveis.<\/p>\n<h3 data-start=\"6184\" data-end=\"6205\">Controlo da qualidade<\/h3>\n<p data-start=\"6206\" data-end=\"6294\">Inspec\u00e7\u00f5es estritas para seguran\u00e7a, durabilidade e desempenho el\u00e9trico antes da entrega.<\/p>\n<h3 data-start=\"6296\" data-end=\"6321\">Servi\u00e7o de Depois de Venda<\/h3>\n<ul data-start=\"6322\" data-end=\"6443\">\n<li data-start=\"6322\" data-end=\"6343\">\n<p data-start=\"6324\" data-end=\"6343\">Garantia de 12 meses<\/p>\n<\/li>\n<li data-start=\"6344\" data-end=\"6372\">\n<p data-start=\"6346\" data-end=\"6372\">Cadena de abastecimento de pe\u00e7as de subst\u00e2ncia<\/p>\n<\/li>\n<li data-start=\"6373\" data-end=\"6402\">\n<p data-start=\"6375\" data-end=\"6402\">assist\u00eancia t\u00e9cnica 24\/7<\/p>\n<\/li>\n<li data-start=\"6403\" data-end=\"6443\">\n<p data-start=\"6405\" data-end=\"6443\">Apoio de treinamento para flotas de neg\u00f3cios<\/p>\n<\/li>\n<\/ul>\n<h3 data-start=\"6445\" data-end=\"6469\">Campos de Aplica\u00e7\u00e3o<\/h3>\n<ul data-start=\"6470\" data-end=\"6591\">\n<li data-start=\"6470\" data-end=\"6510\">\n<p data-start=\"6472\" data-end=\"6510\">Servi\u00e7os de compartilhamento de viagens e taxis urbanos<\/p>\n<\/li>\n<li data-start=\"6511\" data-end=\"6540\">\n<p data-start=\"6513\" data-end=\"6540\">Opera\u00e7\u00f5es de nave do campus<\/p>\n<\/li>\n<li data-start=\"6541\" data-end=\"6567\">\n<p data-start=\"6543\" data-end=\"6567\">Viagem urbana familiar<\/p>\n<\/li>\n<li data-start=\"6568\" data-end=\"6591\">\n<p data-start=\"6570\" data-end=\"6591\">Transporte corporativo<\/p>\n<\/li>\n<\/ul>\n<h3 data-start=\"6593\" data-end=\"6614\">M\u00e9todos de Pagamento<\/h3>\n<p data-start=\"6615\" data-end=\"6662\">Apoia <strong data-start=\"6624\" data-end=\"6659\">T\/T, L\/C, PayPal, Western Union<\/strong>.<\/p>\n<h3 data-start=\"6664\" data-end=\"6673\"><\/h3>\n<hr \/>\n<h3 data-start=\"6664\" data-end=\"6673\">FAQ<\/h3>\n<p data-start=\"6674\" data-end=\"6801\"><strong data-start=\"6674\" data-end=\"6729\">Q1: O A900 pode ser usado para servi\u00e7os de compartilhamento de viagens?<\/strong><br data-start=\"6729\" data-end=\"6732\" \/>A: Sim, \u00e9 ideal para <strong data-start=\"6756\" data-end=\"6798\">t\u00e1xi urbano e opera\u00e7\u00f5es de acompanhamento<\/strong>.<\/p>\n<p data-start=\"6803\" data-end=\"6886\"><strong data-start=\"6803\" data-end=\"6836\">Q2: Qual \u00e9 a velocidade m\u00e1xima?<\/strong><br data-start=\"6836\" data-end=\"6839\" \/>A: At\u00e9 <strong data-start=\"6848\" data-end=\"6858\">45km\/h<\/strong>, adequados para estradas urbanas.<\/p>\n<p data-start=\"6888\" data-end=\"6970\"><strong data-start=\"6888\" data-end=\"6941\">Q3: Quantos quil\u00f4metros pode correr com uma carga?<\/strong><br data-start=\"6941\" data-end=\"6944\" \/>A: <strong data-start=\"6947\" data-end=\"6967\">\u226590 km por carga<\/strong>.<\/p>\n<p data-start=\"6972\" data-end=\"7079\"><strong data-start=\"6972\" data-end=\"7006\">Q4: \u00c9 adequado para exporta\u00e7\u00e3o?<\/strong><br data-start=\"7006\" data-end=\"7009\" \/>A: Sim, com <strong data-start=\"7022\" data-end=\"7047\">Certifica\u00e7\u00e3o CEE\/COC<\/strong>ela cumpre os padr\u00f5es europeus.<\/p>","protected":false},"excerpt":{"rendered":"<p>O <strong data-start=\"4129\" data-end=\"4155\">A900 Quadriciclos el\u00e9tricos<\/strong> \u00e9 um avan\u00e7ado <strong data-start=\"4171\" data-end=\"4213\">ve\u00edculo el\u00e9trico de passageiros de quatro rodas<\/strong> projetado para uso privado e comercial. Com <strong data-start=\"4265\" data-end=\"4276\">4 lugares<\/strong>, a <strong data-start=\"4280\" data-end=\"4299\">Motor 72V\/3000W<\/strong>e um <strong data-start=\"4307\" data-end=\"4322\">\u226590 km de dist\u00e2ncia<\/strong>oferece uma solu\u00e7\u00e3o de mobilidade confi\u00e1vel e ecol\u00f3gica para viajantes urbanos e servi\u00e7os de transporte compartilhados. Este ve\u00edculo el\u00e9trico da cidade \u00e9 perfeito para empresas que querem abra\u00e7ar energia verde ao mesmo tempo oferecendo transporte pr\u00e1tico e acess\u00edvel aos clientes.<\/p>","protected":false},"featured_media":3604,"comment_status":"open","ping_status":"closed","template":"","meta":[],"product_brand":[],"product_cat":[77],"product_tag":[],"class_list":{"0":"post-3600","1":"product","2":"type-product","3":"status-publish","4":"has-post-thumbnail","6":"product_cat-electric-micro-vehicle","8":"first","9":"instock","10":"shipping-taxable","11":"purchasable","12":"product-type-simple"},"_links":{"self":[{"href":"https:\/\/www.tairuiauto.com\/pt\/wp-json\/wp\/v2\/product\/3600","targetHints":{"allow":["GET"]}}],"collection":[{"href":"https:\/\/www.tairuiauto.com\/pt\/wp-json\/wp\/v2\/product"}],"about":[{"href":"https:\/\/www.tairuiauto.com\/pt\/wp-json\/wp\/v2\/types\/product"}],"replies":[{"embeddable":true,"href":"https:\/\/www.tairuiauto.com\/pt\/wp-json\/wp\/v2\/comments?post=3600"}],"wp:featuredmedia":[{"embeddable":true,"href":"https:\/\/www.tairuiauto.com\/pt\/wp-json\/wp\/v2\/media\/3604"}],"wp:attachment":[{"href":"https:\/\/www.tairuiauto.com\/pt\/wp-json\/wp\/v2\/media?parent=3600"}],"wp:term":[{"taxonomy":"product_brand","embeddable":true,"href":"https:\/\/www.tairuiauto.com\/pt\/wp-json\/wp\/v2\/product_brand?post=3600"},{"taxonomy":"product_cat","embeddable":true,"href":"https:\/\/www.tairuiauto.com\/pt\/wp-json\/wp\/v2\/product_cat?post=3600"},{"taxonomy":"product_tag","embeddable":true,"href":"https:\/\/www.tairuiauto.com\/pt\/wp-json\/wp\/v2\/product_tag?post=3600"}],"curies":[{"name":"wp","href":"https:\/\/api.w.org\/{rel}","templated":true}]}}