{"id":3648,"date":"2025-09-12T10:21:25","date_gmt":"2025-09-12T02:21:25","guid":{"rendered":"https:\/\/www.tairuiauto.com\/?post_type=product&#038;p=3648"},"modified":"2025-09-12T11:24:47","modified_gmt":"2025-09-12T03:24:47","slug":"electric-tuk-tuk","status":"publish","type":"product","link":"https:\/\/www.tairuiauto.com\/pt\/product\/electric-tuk-tuk\/","title":{"rendered":"Electric Tuk Tuk"},"content":{"rendered":"<h3 data-start=\"4538\" data-end=\"4563\">Descri\u00e7\u00e3o do produto<\/h3>\n<p data-start=\"4564\" data-end=\"5078\">O <strong data-start=\"4568\" data-end=\"4592\">Electric Tuk Tuk<\/strong> \u00e9 uma alta capacidade <strong data-start=\"4612\" data-end=\"4645\">rickshaw el\u00e9trico de tr\u00eas rodas<\/strong> constru\u00eddos para servi\u00e7os comerciais de passageiros e transporte ecol\u00f3gico da cidade.<\/p>\n<table style=\"border-collapse: collapse; width: 72.6307%;\" border=\"0\" width=\"720\" cellspacing=\"0\" cellpadding=\"0\">\n<tbody>\n<tr style=\"height: 20.00pt;\">\n<td class=\"et4\" style=\"height: 20pt; width: 38.4083%;\" width=\"265\" height=\"33\">Modelo<\/td>\n<td class=\"et4\" style=\"width: 103.287%;\" width=\"455\">Electric Tuk Tuk<\/td>\n<\/tr>\n<tr style=\"height: 20.00pt;\">\n<td class=\"et5\" style=\"height: 20pt; width: 38.4083%;\" width=\"265\" height=\"33\">Dim(mm) global<\/td>\n<td class=\"et5\" style=\"width: 103.287%;\" width=\"455\">2800*1250*1780<\/td>\n<\/tr>\n<tr style=\"height: 20.00pt;\">\n<td class=\"et5\" style=\"height: 20pt; width: 38.4083%;\" width=\"265\" height=\"33\">Peso curbWeight(sem bateria\/kg)<\/td>\n<td class=\"et5\" style=\"width: 103.287%;\" width=\"455\">310kg<\/td>\n<\/tr>\n<tr style=\"height: 20.00pt;\">\n<td class=\"et5\" style=\"height: 20pt; width: 38.4083%;\" width=\"265\" height=\"33\">Passageiro<\/td>\n<td class=\"et5\" style=\"width: 103.287%;\" width=\"455\">1 motorista, 5 passageiros<\/td>\n<\/tr>\n<tr style=\"height: 20.00pt;\">\n<td class=\"et5\" style=\"height: 20pt; width: 38.4083%;\" width=\"265\" height=\"33\">Motor<\/td>\n<td class=\"et5\" style=\"width: 103.287%;\" width=\"455\">60V2400W<\/td>\n<\/tr>\n<tr style=\"height: 20.00pt;\">\n<td class=\"et5\" style=\"height: 20pt; width: 38.4083%;\" width=\"265\" height=\"33\">Controlador<\/td>\n<td class=\"et5\" style=\"width: 103.287%;\" width=\"455\">60V2400W<\/td>\n<\/tr>\n<tr style=\"height: 20.00pt;\">\n<td class=\"et5\" style=\"height: 20pt; width: 38.4083%;\" width=\"265\" height=\"33\">Velocidade m\u00e1xima (km\/h)<\/td>\n<td class=\"et5\" style=\"width: 103.287%;\" width=\"455\">45km\/h<\/td>\n<\/tr>\n<tr style=\"height: 20.00pt;\">\n<td class=\"et5\" style=\"height: 20pt; width: 38.4083%;\" width=\"265\" height=\"33\">absortor frontal<\/td>\n<td class=\"et5\" style=\"width: 103.287%;\" width=\"455\">absortor hidr\u00e1ulico frontal 43<\/td>\n<\/tr>\n<tr style=\"height: 20.00pt;\">\n<td class=\"et5\" style=\"height: 20pt; width: 38.4083%;\" width=\"265\" height=\"33\">Absorbidor posterior<\/td>\n<td class=\"et5\" style=\"width: 103.287%;\" width=\"455\">suspens\u00e3o semiindependente<\/td>\n<\/tr>\n<tr style=\"height: 20.00pt;\">\n<td class=\"et5\" style=\"height: 20pt; width: 38.4083%;\" width=\"265\" height=\"33\">Braque<\/td>\n<td class=\"et5\" style=\"width: 103.287%;\" width=\"455\">frente: disco \/ traseiro:tambor<\/td>\n<\/tr>\n<tr style=\"height: 20.00pt;\">\n<td class=\"et5\" style=\"height: 20pt; width: 38.4083%;\" width=\"265\" height=\"33\">Tiro<\/td>\n<td class=\"et5\" style=\"width: 103.287%;\" width=\"455\">Anterior 3.75-12 atr\u00e1s 4.00-12<\/td>\n<\/tr>\n<tr style=\"height: 20.00pt;\">\n<td class=\"et5\" style=\"height: 20pt; width: 38.4083%;\" width=\"265\" height=\"33\">Metro<\/td>\n<td class=\"et5\" style=\"width: 103.287%;\" width=\"455\">M\u00e9ter LCD<\/td>\n<\/tr>\n<tr style=\"height: 20.00pt;\">\n<td class=\"et5\" style=\"height: 20pt; width: 38.4083%;\" width=\"265\" height=\"33\">Rango por carga\/km<\/td>\n<td class=\"et5\" style=\"width: 103.287%;\" width=\"455\">90<\/td>\n<\/tr>\n<tr style=\"height: 20.00pt;\">\n<td class=\"et5\" style=\"height: 20pt; width: 38.4083%;\" width=\"265\" height=\"33\">Grau de subida (%)<\/td>\n<td class=\"et5\" style=\"width: 103.287%;\" width=\"455\">\u226425<\/td>\n<\/tr>\n<tr style=\"height: 20.00pt;\">\n<td class=\"et5\" style=\"height: 20pt; width: 38.4083%;\" width=\"265\" height=\"33\">Bateria<\/td>\n<td class=\"et5\" style=\"width: 103.287%;\" width=\"455\">bateria de \u00e1cido de chumbo 60V100AH<\/td>\n<\/tr>\n<tr style=\"height: 20.00pt;\">\n<td class=\"et5\" style=\"height: 20pt; width: 38.4083%;\" width=\"265\" height=\"33\">V\u00eddeo atr\u00e1s<\/td>\n<td class=\"et5\" style=\"width: 103.287%;\" width=\"455\">sim<\/td>\n<\/tr>\n<tr style=\"height: 20.00pt;\">\n<td class=\"et5\" style=\"height: 20pt; width: 38.4083%;\" width=\"265\" height=\"33\">Cargador USB<\/td>\n<td class=\"et5\" style=\"width: 103.287%;\" width=\"455\">sim<\/td>\n<\/tr>\n<tr style=\"height: 20.00pt;\">\n<td class=\"et5\" style=\"height: 20pt; width: 38.4083%;\" width=\"265\" height=\"33\">Alarma<\/td>\n<td class=\"et5\" style=\"width: 103.287%;\" width=\"455\">sim<\/td>\n<\/tr>\n<tr style=\"height: 20.00pt;\">\n<td class=\"et5\" style=\"height: 20pt; width: 38.4083%;\" width=\"265\" height=\"33\">Cortina da Chuva<\/td>\n<td class=\"et5\" style=\"width: 103.287%;\" width=\"455\">sim<\/td>\n<\/tr>\n<tr style=\"height: 20.00pt;\">\n<td class=\"et5\" style=\"height: 20pt; width: 38.4083%;\" width=\"265\" height=\"33\">Capacidade de contentor<\/td>\n<td class=\"et5\" style=\"width: 103.287%;\" width=\"455\">40PCS CKD\/40&#8217; HQ<\/td>\n<\/tr>\n<\/tbody>\n<\/table>\n<hr \/>\n<h3 data-start=\"5080\" data-end=\"5104\">Key Selling Points<\/h3>\n<ol data-start=\"5105\" data-end=\"5653\">\n<li data-start=\"5105\" data-end=\"5236\">\n<p data-start=\"5108\" data-end=\"5236\"><strong data-start=\"5108\" data-end=\"5143\">Solu\u00e7\u00e3o de Transporte Amigo do Ambiente<\/strong> \u2013 Ao contr\u00e1rio dos tuks de combust\u00edvel, o E5 produz <strong data-start=\"5184\" data-end=\"5202\">emiss\u00f5es zero<\/strong>reduzindo impacto ambiental.<\/p>\n<\/li>\n<li data-start=\"5237\" data-end=\"5362\">\n<p data-start=\"5240\" data-end=\"5362\"><strong data-start=\"5240\" data-end=\"5266\">Grande capacidade de assentamento<\/strong> \u2013 Com espa\u00e7o para <strong data-start=\"5284\" data-end=\"5311\">1 motorista, 5 passageiros<\/strong>\u00e9 uma op\u00e7\u00e3o eficiente para viajar p\u00fablico.<\/p>\n<\/li>\n<li data-start=\"5363\" data-end=\"5486\">\n<p data-start=\"5366\" data-end=\"5486\"><strong data-start=\"5366\" data-end=\"5389\">Baixos custos operacionais<\/strong> \u2013 A <strong data-start=\"5396\" data-end=\"5417\">bateria 60V\/100AH<\/strong> reduz a depend\u00eancia do combust\u00edvel, tornando-o lucrativo para os operadores da frota.<\/p>\n<\/li>\n<li data-start=\"5487\" data-end=\"5653\">\n<p data-start=\"5490\" data-end=\"5653\"><strong data-start=\"5490\" data-end=\"5521\">Suspens\u00e3o Dur\u00e1vel &amp; - Seguran\u00e7a<\/strong> \u2013 Equipado com <strong data-start=\"5538\" data-end=\"5566\">absortor hidr\u00e1ulico frontal<\/strong> e <strong data-start=\"5571\" data-end=\"5602\">suspens\u00e3o semiindependente<\/strong>, assegurando o conforto dos passageiros mesmo em estradas brutas.<\/p>\n<\/li>\n<\/ol>\n<hr \/>\n<h3 data-start=\"5655\" data-end=\"5686\">Avan\u00e7os Diferenciados<\/h3>\n<ol data-start=\"5687\" data-end=\"6148\">\n<li data-start=\"5687\" data-end=\"5807\">\n<p data-start=\"5690\" data-end=\"5807\"><strong data-start=\"5690\" data-end=\"5718\">Utilidade de grau comercial<\/strong> \u2013 Especificamente constru\u00eddo para o alto volume de neg\u00f3cios de passageiros, tornando-o ideal para os neg\u00f3cios de t\u00e1xi.<\/p>\n<\/li>\n<li data-start=\"5808\" data-end=\"5924\">\n<p data-start=\"5811\" data-end=\"5924\"><strong data-start=\"5811\" data-end=\"5838\">Personaliz\u00e1vel para as Frotas<\/strong> \u2013 Ofere op\u00e7\u00f5es de marca OEM, facilitando a adapta\u00e7\u00e3o para cooperativas locais de t\u00e1xi.<\/p>\n<\/li>\n<li data-start=\"5925\" data-end=\"6035\">\n<p data-start=\"5928\" data-end=\"6035\"><strong data-start=\"5928\" data-end=\"5949\">Utiliza\u00e7\u00e3o Global Provada<\/strong> \u2013 J\u00e1 adotada em v\u00e1rios pa\u00edses para sua confiabilidade e opera\u00e7\u00e3o econ\u00f4mica.<\/p>\n<\/li>\n<li data-start=\"6036\" data-end=\"6148\">\n<p data-start=\"6039\" data-end=\"6148\"><strong data-start=\"6039\" data-end=\"6063\">Caracter\u00edsticas Inteligentes Adicionadas<\/strong> \u2013 Vem com <strong data-start=\"6077\" data-end=\"6122\">v\u00eddeo traseiro, carregador USB e sistema de alarme<\/strong> para aumentar a conveni\u00eancia.<\/p>\n<\/li>\n<\/ol>\n<p><img fetchpriority=\"high\" decoding=\"async\" class=\"alignnone size-medium wp-image-3664\" src=\"https:\/\/www.tairuiauto.com\/wp-content\/uploads\/2025\/09\/\u5fae\u4fe1\u56fe\u7247_20241010145910_\u526f\u672c-300x200.jpg\" alt=\"\" width=\"300\" height=\"200\" srcset=\"\" sizes=\"(max-width: 300px) 100vw, 300px\" data-srcset=\"\" \/> <img decoding=\"async\" class=\"alignnone size-medium wp-image-3663\" src=\"https:\/\/www.tairuiauto.com\/wp-content\/uploads\/2025\/09\/\u5fae\u4fe1\u56fe\u7247_20241010145908_\u526f\u672c-300x200.jpg\" alt=\"\" width=\"300\" height=\"200\" srcset=\"\" sizes=\"(max-width: 300px) 100vw, 300px\" data-srcset=\"\" \/> <img decoding=\"async\" class=\"alignnone size-medium wp-image-3668\" src=\"https:\/\/www.tairuiauto.com\/wp-content\/uploads\/2025\/09\/\u5fae\u4fe1\u56fe\u7247_20241010150005_\u526f\u672c-300x200.jpg\" alt=\"\" width=\"300\" height=\"200\" srcset=\"\" sizes=\"(max-width: 300px) 100vw, 300px\" data-srcset=\"\" \/><\/p>\n<hr \/>\n<h3 data-start=\"6236\" data-end=\"6250\">Material<\/h3>\n<p data-start=\"6251\" data-end=\"6340\">Quadro de a\u00e7o com finais resistentes \u00e0 corros\u00e3o, assentos duradouros e cobertura resistente ao tempo.<\/p>\n<h3 data-start=\"6342\" data-end=\"6358\">Apar\u00eancia<\/h3>\n<p data-start=\"6359\" data-end=\"6425\">corpo brilhante e atraente com telhado de cobertura e sentado em ar aberto.<\/p>\n<h3 data-start=\"6427\" data-end=\"6439\">Design<\/h3>\n<p data-start=\"6440\" data-end=\"6548\">Disposi\u00e7\u00e3o funcional de rickshaw com display LCD, assento ergon\u00f4mico de condutor e acesso lateral f\u00e1cil para passageiros.<\/p>\n<h3 data-start=\"6550\" data-end=\"6573\">Adapta\u00e7\u00e3o OEM<\/h3>\n<p data-start=\"6574\" data-end=\"6646\">Copia personalizada, pintura corporal e marca dispon\u00edvel para flotas de neg\u00f3cios.<\/p>\n<h3 data-start=\"6648\" data-end=\"6669\">Controlo da qualidade<\/h3>\n<p data-start=\"6670\" data-end=\"6770\">Cada triciclo \u00e9 testado para o desempenho motor, seguran\u00e7a da bateria e durabilidade em condi\u00e7\u00f5es urbanas.<\/p>\n<h3 data-start=\"6772\" data-end=\"6797\">Servi\u00e7o de Depois de Venda<\/h3>\n<ul data-start=\"6798\" data-end=\"6915\">\n<li data-start=\"6798\" data-end=\"6819\">\n<p data-start=\"6800\" data-end=\"6819\">Garantia de um ano<\/p>\n<\/li>\n<li data-start=\"6820\" data-end=\"6848\">\n<p data-start=\"6822\" data-end=\"6848\">Cadena de abastecimento de pe\u00e7as de subst\u00e2ncia<\/p>\n<\/li>\n<li data-start=\"6849\" data-end=\"6888\">\n<p data-start=\"6851\" data-end=\"6888\">Apoio t\u00e9cnico para traficantes locais<\/p>\n<\/li>\n<li data-start=\"6889\" data-end=\"6915\">\n<p data-start=\"6891\" data-end=\"6915\">Forma\u00e7\u00e3o para operadores<\/p>\n<\/li>\n<\/ul>\n<h3 data-start=\"6917\" data-end=\"6941\">Campos de Aplica\u00e7\u00e3o<\/h3>\n<ul data-start=\"6942\" data-end=\"7088\">\n<li data-start=\"6942\" data-end=\"6977\">\n<p data-start=\"6944\" data-end=\"6977\">Viajando e compartilhando viagens na cidade<\/p>\n<\/li>\n<li data-start=\"6978\" data-end=\"7020\">\n<p data-start=\"6980\" data-end=\"7020\">Transporte p\u00fablico em regi\u00f5es em desenvolvimento<\/p>\n<\/li>\n<li data-start=\"7021\" data-end=\"7054\">\n<p data-start=\"7023\" data-end=\"7054\">Turismo e viagens de vis\u00e3o<\/p>\n<\/li>\n<li data-start=\"7055\" data-end=\"7088\">\n<p data-start=\"7057\" data-end=\"7088\">Servi\u00e7os locais de t\u00e1xi e flota<\/p>\n<\/li>\n<\/ul>\n<h3 data-start=\"7090\" data-end=\"7111\">M\u00e9todos de Pagamento<\/h3>\n<p data-start=\"7112\" data-end=\"7159\">Apoia <strong data-start=\"7121\" data-end=\"7156\">T\/T, L\/C, Western Union, PayPal<\/strong>.<\/p>\n<hr \/>\n<h3 data-start=\"7161\" data-end=\"7170\">FAQ<\/h3>\n<p data-start=\"7171\" data-end=\"7270\"><strong data-start=\"7171\" data-end=\"7232\">Q1: Qual \u00e9 a velocidade m\u00e1xima do Tuk Electric?<\/strong><br data-start=\"7232\" data-end=\"7235\" \/>A: Ele pode alcan\u00e7ar <strong data-start=\"7257\" data-end=\"7267\">45km\/h<\/strong>.<\/p>\n<p data-start=\"7272\" data-end=\"7354\"><strong data-start=\"7272\" data-end=\"7313\">Q2: Quantos passageiros sentam?<\/strong><br data-start=\"7313\" data-end=\"7316\" \/>A: <strong data-start=\"7319\" data-end=\"7351\">5 passageiros mais o motorista<\/strong>.<\/p>\n<p data-start=\"7356\" data-end=\"7453\"><strong data-start=\"7356\" data-end=\"7392\">Q3: Qual \u00e9 o intervalo por carga?<\/strong><br data-start=\"7392\" data-end=\"7395\" \/>A: At\u00e9 <strong data-start=\"7404\" data-end=\"7412\">90 km<\/strong> dependendo das condi\u00e7\u00f5es de estrada e carga.<\/p>\n<p data-start=\"7455\" data-end=\"7551\"><strong data-start=\"7455\" data-end=\"7492\">Q4: A cobertura pode ser personalizada?<\/strong><br data-start=\"7492\" data-end=\"7495\" \/>A: Sim, a cobertura OEM e as op\u00e7\u00f5es de marca est\u00e3o dispon\u00edveis.<\/p>","protected":false},"excerpt":{"rendered":"<p>O <strong data-start=\"4568\" data-end=\"4592\">Electric Tuk Tuk<\/strong> \u00e9 uma alta capacidade <strong data-start=\"4612\" data-end=\"4645\">rickshaw el\u00e9trico de tr\u00eas rodas<\/strong> constru\u00eddos para servi\u00e7os comerciais de passageiros e transporte ecol\u00f3gico da cidade. Com espa\u00e7o para <strong data-start=\"4738\" data-end=\"4771\">6 pessoas incluindo o motorista<\/strong>, isto <strong data-start=\"4778\" data-end=\"4798\">tuk el\u00e9trico tuk<\/strong> \u00e9 amplamente adotada na \u00c1sia, \u00c1frica e Am\u00e9rica Latina por seu baixo custo operacional e tecnologia verde. Fornecida por um <strong data-start=\"4914\" data-end=\"4933\">Motor 60V\/2400W<\/strong>o E5 atinge um <strong data-start=\"4952\" data-end=\"4975\">velocidade m\u00e1xima de 45km\/h<\/strong> e fornece um <strong data-start=\"4991\" data-end=\"5005\">intervalo de 90 km<\/strong>tornando-o um ve\u00edculo perfeito para neg\u00f3cios di\u00e1rios de transporte de passageiros.<\/p>","protected":false},"featured_media":3658,"comment_status":"open","ping_status":"closed","template":"","meta":[],"product_brand":[],"product_cat":[78],"product_tag":[],"class_list":{"0":"post-3648","1":"product","2":"type-product","3":"status-publish","4":"has-post-thumbnail","6":"product_cat-electric-tricycle","8":"first","9":"instock","10":"shipping-taxable","11":"purchasable","12":"product-type-simple"},"_links":{"self":[{"href":"https:\/\/www.tairuiauto.com\/pt\/wp-json\/wp\/v2\/product\/3648","targetHints":{"allow":["GET"]}}],"collection":[{"href":"https:\/\/www.tairuiauto.com\/pt\/wp-json\/wp\/v2\/product"}],"about":[{"href":"https:\/\/www.tairuiauto.com\/pt\/wp-json\/wp\/v2\/types\/product"}],"replies":[{"embeddable":true,"href":"https:\/\/www.tairuiauto.com\/pt\/wp-json\/wp\/v2\/comments?post=3648"}],"wp:featuredmedia":[{"embeddable":true,"href":"https:\/\/www.tairuiauto.com\/pt\/wp-json\/wp\/v2\/media\/3658"}],"wp:attachment":[{"href":"https:\/\/www.tairuiauto.com\/pt\/wp-json\/wp\/v2\/media?parent=3648"}],"wp:term":[{"taxonomy":"product_brand","embeddable":true,"href":"https:\/\/www.tairuiauto.com\/pt\/wp-json\/wp\/v2\/product_brand?post=3648"},{"taxonomy":"product_cat","embeddable":true,"href":"https:\/\/www.tairuiauto.com\/pt\/wp-json\/wp\/v2\/product_cat?post=3648"},{"taxonomy":"product_tag","embeddable":true,"href":"https:\/\/www.tairuiauto.com\/pt\/wp-json\/wp\/v2\/product_tag?post=3648"}],"curies":[{"name":"wp","href":"https:\/\/api.w.org\/{rel}","templated":true}]}}