{"id":3672,"date":"2026-01-19T10:35:14","date_gmt":"2026-01-19T02:35:14","guid":{"rendered":"https:\/\/www.tairuiauto.com\/?post_type=product&#038;p=3672"},"modified":"2026-01-27T10:47:27","modified_gmt":"2026-01-27T02:47:27","slug":"three-wheel-electric-cargo-trike","status":"publish","type":"product","link":"https:\/\/www.tairuiauto.com\/pt\/product\/three-wheel-electric-cargo-trike\/","title":{"rendered":"Mini Cargo Electric Vehicle for City Use"},"content":{"rendered":"<h2 style=\"padding-left: 40px;\" data-start=\"451\" data-end=\"470\">Vista geral dos produtos<\/h2>\n<p style=\"padding-left: 40px;\" data-start=\"472\" data-end=\"788\">O <strong data-start=\"476\" data-end=\"520\">Mini Cargo Electric Vehicle for City Use<\/strong> \u00e9 projetado para ambientes urbanos onde flexibilidade, baixo consumo de energia e manevrabilidade s\u00e3o essenciais. Com um tamanho compacto do corpo, uma disposi\u00e7\u00e3o de duas portas e um comboio el\u00e9trico confi\u00e1vel, ele atende \u00e0s necessidades de pequeno transporte de carga e log\u00edstica urbana.<\/p>\n<table style=\"border-collapse: collapse; width: 72.6042%; height: 618px; margin-left: 40px;\" border=\"0\" width=\"720\" cellspacing=\"0\" cellpadding=\"0\">\n<tbody style=\"padding-left: 40px;\">\n<tr style=\"height: 20pt; padding-left: 40px;\">\n<td class=\"et4\" style=\"height: 20pt; width: 159.05pt; padding-left: 40px;\" width=\"265\" height=\"33\">Modelo<\/td>\n<td class=\"et4\" style=\"width: 273.4pt; padding-left: 40px;\" width=\"455\">Mini Cargo Electric Vehicle for City Use<\/td>\n<\/tr>\n<tr style=\"height: 20pt; padding-left: 40px;\">\n<td class=\"et5\" style=\"height: 20pt; width: 159.05pt; padding-left: 40px;\" width=\"265\" height=\"33\">Dimens\u00f5es (mm)<\/td>\n<td class=\"et5\" style=\"width: 273.4pt; padding-left: 40px;\" width=\"455\">2770*1180*1615<\/td>\n<\/tr>\n<tr style=\"height: 20pt; padding-left: 40px;\">\n<td class=\"et5\" style=\"height: 20pt; width: 159.05pt; padding-left: 40px;\" width=\"265\" height=\"33\">Tipo de corpo<\/td>\n<td class=\"et5\" style=\"width: 273.4pt; padding-left: 40px;\" width=\"455\">corpo semi integral<\/td>\n<\/tr>\n<tr style=\"height: 20pt; padding-left: 40px;\">\n<td class=\"et5\" style=\"height: 20pt; width: 159.05pt; padding-left: 40px;\" width=\"265\" height=\"33\">Estrutura corporal<\/td>\n<td class=\"et5\" style=\"width: 273.4pt; padding-left: 40px;\" width=\"455\">2 portas e 2 lugares<\/td>\n<\/tr>\n<tr style=\"height: 20pt; padding-left: 40px;\">\n<td class=\"et5\" style=\"height: 20pt; width: 159.05pt; padding-left: 40px;\" width=\"265\" height=\"33\">Motor<\/td>\n<td class=\"et5\" style=\"width: 273.4pt; padding-left: 40px;\" width=\"455\">60V1000W<\/td>\n<\/tr>\n<tr style=\"height: 20pt; padding-left: 40px;\">\n<td class=\"et5\" style=\"height: 20pt; width: 159.05pt; padding-left: 40px;\" width=\"265\" height=\"33\">Controlador<\/td>\n<td class=\"et5\" style=\"width: 273.4pt; padding-left: 40px;\" width=\"455\">60V24tubos<\/td>\n<\/tr>\n<tr style=\"height: 20pt; padding-left: 40px;\">\n<td class=\"et5\" style=\"height: 20pt; width: 159.05pt; padding-left: 40px;\" width=\"265\" height=\"33\">Bateria<\/td>\n<td class=\"et5\" style=\"width: 273.4pt; padding-left: 40px;\" width=\"455\">60V45Ah<\/td>\n<\/tr>\n<tr style=\"height: 20pt; padding-left: 40px;\">\n<td class=\"et5\" style=\"height: 20pt; width: 159.05pt; padding-left: 40px;\" width=\"265\" height=\"33\">Tempo de carga(H)<\/td>\n<td class=\"et5\" style=\"width: 273.4pt; padding-left: 40px;\" width=\"455\">6-8<\/td>\n<\/tr>\n<tr style=\"height: 20pt; padding-left: 40px;\">\n<td class=\"et5\" style=\"height: 20pt; width: 159.05pt; padding-left: 40px;\" width=\"265\" height=\"33\">Rango por carga\/km<\/td>\n<td class=\"et5\" style=\"width: 273.4pt; padding-left: 40px;\" width=\"455\">50km<\/td>\n<\/tr>\n<tr style=\"height: 20pt; padding-left: 40px;\">\n<td class=\"et5\" style=\"height: 20pt; width: 159.05pt; padding-left: 40px;\" width=\"265\" height=\"33\">Capacidade de carga\/kg<\/td>\n<td class=\"et5\" style=\"width: 273.4pt; padding-left: 40px;\" width=\"455\">400 kg<\/td>\n<\/tr>\n<tr style=\"height: 20pt; padding-left: 40px;\">\n<td class=\"et5\" style=\"height: 20pt; width: 159.05pt; padding-left: 40px;\" width=\"265\" height=\"33\">Suspens\u00e3o frontal<\/td>\n<td class=\"et5\" style=\"width: 273.4pt; padding-left: 40px;\" width=\"455\">f37 garfo hidr\u00e1ulico<\/td>\n<\/tr>\n<tr style=\"height: 20pt; padding-left: 40px;\">\n<td class=\"et5\" style=\"height: 20pt; width: 159.05pt; padding-left: 40px;\" width=\"265\" height=\"33\">Suspens\u00e3o posterior<\/td>\n<td class=\"et5\" style=\"width: 273.4pt; padding-left: 40px;\" width=\"455\">Eixo traseiro integrado<\/td>\n<\/tr>\n<tr style=\"height: 20pt; padding-left: 40px;\">\n<td class=\"et5\" style=\"height: 20pt; width: 159.05pt; padding-left: 40px;\" width=\"265\" height=\"33\">pneu anterior\/posterior<\/td>\n<td class=\"et5\" style=\"width: 273.4pt; padding-left: 40px;\" width=\"455\">4.0-10\/4.0-10<\/td>\n<\/tr>\n<tr style=\"height: 20pt; padding-left: 40px;\">\n<td class=\"et5\" style=\"height: 20pt; width: 159.05pt; padding-left: 40px;\" width=\"265\" height=\"33\">Rim<\/td>\n<td class=\"et5\" style=\"width: 273.4pt; padding-left: 40px;\" width=\"455\">Hub de liga de alum\u00ednio<\/td>\n<\/tr>\n<tr style=\"height: 20pt; padding-left: 40px;\">\n<td class=\"et5\" style=\"height: 20pt; width: 159.05pt; padding-left: 40px;\" width=\"265\" height=\"33\">Sistema de trav\u00e3o<\/td>\n<td class=\"et5\" style=\"width: 273.4pt; padding-left: 40px;\" width=\"455\">frente: disco \/ traseiro:tambor<\/td>\n<\/tr>\n<tr style=\"height: 20pt; padding-left: 40px;\">\n<td class=\"et5\" style=\"height: 20pt; width: 159.05pt; padding-left: 40px;\" width=\"265\" height=\"33\">Grau de subida (%)<\/td>\n<td class=\"et5\" style=\"width: 273.4pt; padding-left: 40px;\" width=\"455\">\u226420<\/td>\n<\/tr>\n<tr style=\"height: 20pt; padding-left: 40px;\">\n<td class=\"et5\" style=\"height: 20pt; width: 159.05pt; padding-left: 40px;\" width=\"265\" height=\"33\">Velocidade m\u00e1xima (km\/h)<\/td>\n<td class=\"et5\" style=\"width: 273.4pt; padding-left: 40px;\" width=\"455\">30 km\/h<\/td>\n<\/tr>\n<tr style=\"height: 20pt; padding-left: 40px;\">\n<td class=\"et5\" style=\"height: 20pt; width: 159.05pt; padding-left: 40px;\" width=\"265\" height=\"33\">Modo de dire\u00e7\u00e3o<\/td>\n<td class=\"et5\" style=\"width: 273.4pt; padding-left: 40px;\" width=\"455\">barra de manejo<\/td>\n<\/tr>\n<tr style=\"height: 20pt; padding-left: 40px;\">\n<td class=\"et5\" style=\"height: 20pt; width: 159.05pt; padding-left: 40px;\" width=\"265\" height=\"33\">Certificado<\/td>\n<td class=\"et5\" style=\"width: 273.4pt; padding-left: 40px;\" width=\"455\">CCC<\/td>\n<\/tr>\n<tr style=\"height: 20pt; padding-left: 40px;\">\n<td class=\"et5\" style=\"height: 20pt; width: 159.05pt; padding-left: 40px;\" width=\"265\" height=\"33\">Capacidade de contentor<\/td>\n<td class=\"et5\" style=\"width: 273.4pt; padding-left: 40px;\" width=\"455\">10 PCS SKD\/40&#8217; HQ<\/td>\n<\/tr>\n<tr style=\"height: 20pt; padding-left: 40px;\">\n<td class=\"et5\" style=\"height: 40pt; width: 159.05pt; padding-left: 40px;\" rowspan=\"2\" width=\"265\" height=\"66\">Dispositivo de Fun\u00e7\u00e3o<\/td>\n<td class=\"et5\" style=\"width: 273.4pt; padding-left: 40px;\" width=\"455\">Luzes LED<\/td>\n<\/tr>\n<tr style=\"height: 20pt; padding-left: 40px;\">\n<td class=\"et5\" style=\"width: 273.4pt; padding-left: 40px;\" width=\"455\">C\u00e1mara Reversa<\/td>\n<\/tr>\n<\/tbody>\n<\/table>\n<hr style=\"padding-left: 40px;\" \/>\n<h2 style=\"padding-left: 40px;\" data-start=\"795\" data-end=\"817\">Descri\u00e7\u00e3o do produto<\/h2>\n<h3 style=\"padding-left: 40px;\" data-start=\"819\" data-end=\"841\">Categoria de produtos<\/h3>\n<p style=\"padding-left: 40px;\" data-start=\"842\" data-end=\"921\">Ve\u00edculo el\u00e9trico de pequeno cargo \/ Ve\u00edculo urbano de utilidade el\u00e9trica \/ Livro da cidade EV<\/p>\n<h3 style=\"padding-left: 40px;\" data-start=\"923\" data-end=\"948\">Descri\u00e7\u00e3o do produto<\/h3>\n<p style=\"padding-left: 40px;\" data-start=\"950\" data-end=\"1277\">O <strong data-start=\"954\" data-end=\"998\">Mini Cargo Electric Vehicle for City Use<\/strong> adota um <strong data-start=\"1008\" data-end=\"1040\">estrutura corporal semi integral<\/strong> com uma dimens\u00e3o compact a de <strong data-start=\"1069\" data-end=\"1094\">2770 \u00d7 1180 \u00d7 1615 mm<\/strong>permitindo maneuverar facilmente atrav\u00e9s de ruas estreitas e \u00e1reas residenciais. O <strong data-start=\"1177\" data-end=\"1195\">2 portas, 2 lugares<\/strong> design oferece conforto pr\u00e1tico de condu\u00e7\u00e3o, mantendo espa\u00e7o suficiente de carga.<\/p>\n<p style=\"padding-left: 40px;\" data-start=\"1279\" data-end=\"1667\">Fornecida por um <strong data-start=\"1292\" data-end=\"1320\">Motor el\u00e9trico 60V 1000W<\/strong> e controlado por um <strong data-start=\"1341\" data-end=\"1367\">Controlador de 24 tubos 60V<\/strong>o ve\u00edculo fornece sa\u00edda est\u00e1vel e acelera\u00e7\u00e3o suave para opera\u00e7\u00f5es urbanas di\u00e1rias. O <strong data-start=\"1460\" data-end=\"1480\">Bateria 60V 45Ah<\/strong> fornece um <strong data-start=\"1492\" data-end=\"1535\">dist\u00e2ncia de condu\u00e7\u00e3o de at\u00e9 50 km por carga<\/strong>tornando-a adequada para tarefas de entrega a curta dist\u00e2ncia. O tempo de carga \u00e9 aproximadamente <strong data-start=\"1622\" data-end=\"1635\">6-8 horas<\/strong>apoiando a carga durante a noite.<\/p>\n<p style=\"padding-left: 40px;\">\n<hr style=\"padding-left: 40px;\" \/>\n<p style=\"padding-left: 40px;\" data-start=\"1669\" data-end=\"2065\">Com um <strong data-start=\"1676\" data-end=\"1714\">capacidade m\u00e1xima de carga de 400 kg<\/strong>este pequeno ve\u00edculo de carga \u00e9 adequado para um transporte comercial ligeiro. O sistema de suspens\u00e3o inclui um <strong data-start=\"1820\" data-end=\"1848\">\u03c637 garfo de frente hidr\u00e1ulico<\/strong> e um <strong data-start=\"1856\" data-end=\"1880\">eixo traseiro integrado<\/strong>, assegurando estabilidade e conforto de condu\u00e7\u00e3o sob carga. O ve\u00edculo est\u00e1 equipado <strong data-start=\"1962\" data-end=\"1993\">4,0-10 pneus de frente e de tr\u00e1s<\/strong> e <strong data-start=\"1998\" data-end=\"2021\">centros de liga de alum\u00ednio<\/strong>oferecendo durabilidade e melhor manejo.<\/p>\n<p style=\"padding-left: 40px;\" data-start=\"2067\" data-end=\"2437\">Para a seguran\u00e7a, o sistema de travagem apresenta um <strong data-start=\"2109\" data-end=\"2149\">freno de disco frente e freno de tambor traseiro<\/strong>, fornecendo um desempenho de paragem confi\u00e1vel. O ve\u00edculo sustenta um <strong data-start=\"2215\" data-end=\"2248\">capacidade de subir at\u00e9 20%<\/strong> e atinge um <strong data-start=\"2263\" data-end=\"2287\">a velocidade m\u00e1xima de 30 km\/h<\/strong>, equilibrar a seguran\u00e7a e efici\u00eancia nas condi\u00e7\u00f5es de tr\u00e2nsito urbano. A dire\u00e7\u00e3o \u00e9 operada atrav\u00e9s de um <strong data-start=\"2377\" data-end=\"2398\">controle da barra de manejo<\/strong>tornando f\u00e1cil conduzir e manter.<\/p>\n<p style=\"padding-left: 40px;\" data-start=\"2439\" data-end=\"2753\">O ve\u00edculo est\u00e1 equipado com dispositivos funcionais essenciais incluindo <strong data-start=\"2507\" data-end=\"2521\">Luzes LED<\/strong> para melhorar a visibilidade e <strong data-start=\"2552\" data-end=\"2570\">c\u00e2mera inversa<\/strong> para melhorar a seguran\u00e7a de condu\u00e7\u00e3o durante estacionamento e invers\u00e3o. Ele se encontra <strong data-start=\"2636\" data-end=\"2657\">Certifica\u00e7\u00e3o CCC<\/strong> exig\u00eancias e suportes <strong data-start=\"2684\" data-end=\"2700\">Env\u00edo SKD<\/strong>com uma capacidade de recipiente de <strong data-start=\"2731\" data-end=\"2752\">10 unidades por 40HQ<\/strong>.<\/p>\n<hr style=\"padding-left: 40px;\" data-start=\"2755\" data-end=\"2758\" \/>\n<h2 style=\"padding-left: 40px;\" data-start=\"2760\" data-end=\"2788\">Caracter\u00edsticas-chave e - Avantagens<\/h2>\n<h3 style=\"padding-left: 40px;\" data-start=\"2790\" data-end=\"2804\">Caracter\u00edsticas<\/h3>\n<ul>\n<li style=\"list-style-type: none;\">\n<ul data-start=\"2805\" data-end=\"3015\">\n<li data-start=\"2805\" data-end=\"2840\">\n<p data-start=\"2807\" data-end=\"2840\">Tamanho corporal compacto para uso urbano<\/p>\n<\/li>\n<li data-start=\"2841\" data-end=\"2892\">\n<p data-start=\"2843\" data-end=\"2892\">Motor el\u00e9trico 60V 1000W com controlador est\u00e1vel<\/p>\n<\/li>\n<li data-start=\"2893\" data-end=\"2935\">\n<p data-start=\"2895\" data-end=\"2935\">Configura\u00e7\u00e3o pr\u00e1tica de duas portas e duas cadeiras<\/p>\n<\/li>\n<li data-start=\"2936\" data-end=\"2979\">\n<p data-start=\"2938\" data-end=\"2979\">Disco anterior e sistema de travagem de tambor posterior<\/p>\n<\/li>\n<li data-start=\"2980\" data-end=\"3015\">\n<p data-start=\"2982\" data-end=\"3015\">ilumina\u00e7\u00e3o LED e c\u00e2mera inversa<\/p>\n<\/li>\n<\/ul>\n<\/li>\n<\/ul>\n<h3 style=\"padding-left: 40px;\" data-start=\"3017\" data-end=\"3033\">Avantagens<\/h3>\n<ul>\n<li style=\"list-style-type: none;\">\n<ul data-start=\"3034\" data-end=\"3200\">\n<li data-start=\"3034\" data-end=\"3075\">\n<p data-start=\"3036\" data-end=\"3075\">Opera\u00e7\u00e3o f\u00e1cil em ruas estreitas da cidade<\/p>\n<\/li>\n<li data-start=\"3076\" data-end=\"3114\">\n<p data-start=\"3078\" data-end=\"3114\">Baixo custo de funcionamento e manuten\u00e7\u00e3o<\/p>\n<\/li>\n<li data-start=\"3115\" data-end=\"3157\">\n<p data-start=\"3117\" data-end=\"3157\">Performa\u00e7\u00e3o est\u00e1vel para a log\u00edstica di\u00e1ria<\/p>\n<\/li>\n<li data-start=\"3158\" data-end=\"3200\">\n<p data-start=\"3160\" data-end=\"3200\">Sistema de motor el\u00e9trico eficiente em energia<\/p>\n<\/li>\n<\/ul>\n<\/li>\n<\/ul>\n<h3 style=\"padding-left: 40px;\" data-start=\"3202\" data-end=\"3222\">Benef\u00edcios do comprador<\/h3>\n<ul>\n<li style=\"list-style-type: none;\">\n<ul data-start=\"3223\" data-end=\"3394\">\n<li data-start=\"3223\" data-end=\"3261\">\n<p data-start=\"3225\" data-end=\"3261\">Ideal para a entrega urbana de milha passada<\/p>\n<\/li>\n<li data-start=\"3262\" data-end=\"3303\">\n<p data-start=\"3264\" data-end=\"3303\">Redu\u00e7\u00e3o das despesas de combust\u00edvel e manuten\u00e7\u00e3o<\/p>\n<\/li>\n<li data-start=\"3304\" data-end=\"3343\">\n<p data-start=\"3306\" data-end=\"3343\">Estrutura simples para servi\u00e7os f\u00e1ceis<\/p>\n<\/li>\n<li data-start=\"3344\" data-end=\"3394\">\n<p data-start=\"3346\" data-end=\"3394\">Compreende com padr\u00f5es locais de ve\u00edculos el\u00e9tricos<\/p>\n<\/li>\n<\/ul>\n<\/li>\n<\/ul>\n<h3 style=\"padding-left: 40px;\" data-start=\"3396\" data-end=\"3410\">Provas<\/h3>\n<ul>\n<li style=\"list-style-type: none;\">\n<ul data-start=\"3411\" data-end=\"3534\">\n<li data-start=\"3411\" data-end=\"3455\">\n<p data-start=\"3413\" data-end=\"3455\">Configura\u00e7\u00e3o de comboio el\u00e9trico comprovada<\/p>\n<\/li>\n<li data-start=\"3456\" data-end=\"3500\">\n<p data-start=\"3458\" data-end=\"3500\">Chassis refor\u00e7ado e sistema de suspens\u00e3o<\/p>\n<\/li>\n<li data-start=\"3501\" data-end=\"3534\">\n<p data-start=\"3503\" data-end=\"3534\">Certificado nos padr\u00f5es CCC<\/p>\n<\/li>\n<\/ul>\n<\/li>\n<\/ul>\n<hr style=\"padding-left: 40px;\" data-start=\"3536\" data-end=\"3539\" \/>\n<h2 style=\"padding-left: 40px;\" data-start=\"3541\" data-end=\"3565\">Escen\u00e1rios de aplica\u00e7\u00f5es<\/h2>\n<ul>\n<li style=\"list-style-type: none;\">\n<ul data-start=\"3567\" data-end=\"3763\">\n<li data-start=\"3567\" data-end=\"3595\">\n<p data-start=\"3569\" data-end=\"3595\">Entrega urbana no \u00faltimo quil\u00f4metro<\/p>\n<\/li>\n<li data-start=\"3596\" data-end=\"3640\">\n<p data-start=\"3598\" data-end=\"3640\">Log\u00edstica comunit\u00e1ria e servi\u00e7os de express \u00e3o<\/p>\n<\/li>\n<li data-start=\"3641\" data-end=\"3680\">\n<p data-start=\"3643\" data-end=\"3680\">Transporte de carga de pequenos neg\u00f3cios<\/p>\n<\/li>\n<li data-start=\"3681\" data-end=\"3730\">\n<p data-start=\"3683\" data-end=\"3730\">Gest\u00e3o de propriedades e transporte de manuten\u00e7\u00e3o<\/p>\n<\/li>\n<li data-start=\"3731\" data-end=\"3763\">\n<p data-start=\"3733\" data-end=\"3763\">Distribui\u00e7\u00e3o comercial da cidade<\/p>\n<\/li>\n<\/ul>\n<\/li>\n<\/ul>\n<hr style=\"padding-left: 40px;\" data-start=\"3765\" data-end=\"3768\" \/>\n<h2 style=\"padding-left: 40px;\" data-start=\"3770\" data-end=\"3816\">Por que escolher este ve\u00edculo el\u00e9trico de pequeno cargo<\/h2>\n<p style=\"padding-left: 40px;\" data-start=\"3818\" data-end=\"4096\">O <strong data-start=\"3822\" data-end=\"3866\">Mini Cargo Electric Vehicle for City Use<\/strong> combina dimens\u00f5es compactas, desempenho el\u00e9trico confi\u00e1vel e capacidade pr\u00e1tica de carga. \u00c9 uma escolha ideal para empresas buscando uma solu\u00e7\u00e3o ecol\u00f3gica e rentable para o transporte urbano e a log\u00edstica a curta dist\u00e2ncia.<\/p>\n<hr style=\"padding-left: 40px;\" data-start=\"4098\" data-end=\"4101\" \/>\n<h2 style=\"padding-left: 40px;\" data-start=\"4103\" data-end=\"4126\">embalagem e - Entrega<\/h2>\n<ul>\n<li style=\"list-style-type: none;\">\n<ul data-start=\"4128\" data-end=\"4287\">\n<li data-start=\"4128\" data-end=\"4154\">\n<p data-start=\"4130\" data-end=\"4154\"><strong data-start=\"4130\" data-end=\"4148\">Certifica\u00e7\u00e3o:<\/strong> CCC<\/p>\n<\/li>\n<li data-start=\"4155\" data-end=\"4200\">\n<p data-start=\"4157\" data-end=\"4200\"><strong data-start=\"4157\" data-end=\"4180\">Capacidade de Contenedor:<\/strong> 10 PCS SKD \/ 40HQ<\/p>\n<\/li>\n<li data-start=\"4201\" data-end=\"4246\">\n<p data-start=\"4203\" data-end=\"4246\"><strong data-start=\"4203\" data-end=\"4223\">M\u00e9todo de entrega:<\/strong> SKD \/ CKD (opcional)<\/p>\n<\/li>\n<li data-start=\"4247\" data-end=\"4287\">\n<p data-start=\"4249\" data-end=\"4287\"><strong data-start=\"4249\" data-end=\"4261\">embalagem:<\/strong> Embalagem de exporta\u00e7\u00e3o padr\u00e3o<\/p>\n<\/li>\n<\/ul>\n<\/li>\n<\/ul>\n<hr style=\"padding-left: 40px;\" data-start=\"4289\" data-end=\"4292\" \/>\n<h2 style=\"padding-left: 40px;\" data-start=\"4294\" data-end=\"4300\">FAQ<\/h2>\n<p style=\"padding-left: 40px;\" data-start=\"4302\" data-end=\"4409\"><strong data-start=\"4302\" data-end=\"4363\">Q1: Qual \u00e9 a capacidade m\u00e1xima de carga deste ve\u00edculo?<\/strong><br data-start=\"4363\" data-end=\"4366\" \/>A capacidade m\u00e1xima de carga \u00e9 <strong data-start=\"4398\" data-end=\"4408\">400 kg<\/strong>.<\/p>\n<p style=\"padding-left: 40px;\" data-start=\"4411\" data-end=\"4553\"><strong data-start=\"4411\" data-end=\"4456\">Q2: Qual \u00e9 o intervalo de condu\u00e7\u00e3o por carga?<\/strong><br data-start=\"4456\" data-end=\"4459\" \/>O ve\u00edculo pode viajar at\u00e9 <strong data-start=\"4488\" data-end=\"4513\">50 km por carga completa<\/strong>dependendo da carga e das condi\u00e7\u00f5es rodovi\u00e1rias.<\/p>\n<p style=\"padding-left: 40px;\" data-start=\"4555\" data-end=\"4694\"><strong data-start=\"4555\" data-end=\"4597\">Q3: Que caracter\u00edsticas de seguran\u00e7a est\u00e3o inclu\u00eddas?<\/strong><br data-start=\"4597\" data-end=\"4600\" \/>Ela est\u00e1 equipada com <strong data-start=\"4620\" data-end=\"4693\">frenos de disco frontal, frenos de tambor traseiro, luzes LED e uma c\u00e2mera inversa<\/strong>.<\/p>\n<p style=\"padding-left: 40px;\" data-start=\"4696\" data-end=\"4838\"><strong data-start=\"4696\" data-end=\"4744\">Q4: Este ve\u00edculo \u00e9 adequado para estradas urbanas?<\/strong><br data-start=\"4744\" data-end=\"4747\" \/>Sim. Seu tamanho compacto e dire\u00e7\u00e3o das barras de manejo fazem dele ideal para \u00e1reas urbanas e residenciais.<\/p>\n<p style=\"padding-left: 40px;\" data-start=\"4840\" data-end=\"4946\"><strong data-start=\"4840\" data-end=\"4875\">Q5: Como o ve\u00edculo \u00e9 enviado?<\/strong><br data-start=\"4875\" data-end=\"4878\" \/>\u00c9 enviado <strong data-start=\"4895\" data-end=\"4907\">Forma SKD<\/strong>, com <strong data-start=\"4914\" data-end=\"4945\">10 unidades por recipiente de 40HQ<\/strong>.<\/p>","protected":false},"excerpt":{"rendered":"<p>O Mini Cargo Electric Vehicle for City Use \u00e9 uma solu\u00e7\u00e3o compact a e eficiente de transporte el\u00e9trico projetada para log\u00edstica urbana e entrega a curta dist\u00e2ncia. Com um corpo semi integral, um sistema el\u00e9trico est\u00e1vel e uma capacidade pr\u00e1tica de carga, \u00e9 ideal para distribui\u00e7\u00e3o da cidade e uso di\u00e1rio comercial.<\/p>","protected":false},"featured_media":5337,"comment_status":"open","ping_status":"closed","template":"","meta":[],"product_brand":[],"product_cat":[78],"product_tag":[],"class_list":{"0":"post-3672","1":"product","2":"type-product","3":"status-publish","4":"has-post-thumbnail","6":"product_cat-electric-tricycle","8":"first","9":"instock","10":"shipping-taxable","11":"purchasable","12":"product-type-simple"},"_links":{"self":[{"href":"https:\/\/www.tairuiauto.com\/pt\/wp-json\/wp\/v2\/product\/3672","targetHints":{"allow":["GET"]}}],"collection":[{"href":"https:\/\/www.tairuiauto.com\/pt\/wp-json\/wp\/v2\/product"}],"about":[{"href":"https:\/\/www.tairuiauto.com\/pt\/wp-json\/wp\/v2\/types\/product"}],"replies":[{"embeddable":true,"href":"https:\/\/www.tairuiauto.com\/pt\/wp-json\/wp\/v2\/comments?post=3672"}],"wp:featuredmedia":[{"embeddable":true,"href":"https:\/\/www.tairuiauto.com\/pt\/wp-json\/wp\/v2\/media\/5337"}],"wp:attachment":[{"href":"https:\/\/www.tairuiauto.com\/pt\/wp-json\/wp\/v2\/media?parent=3672"}],"wp:term":[{"taxonomy":"product_brand","embeddable":true,"href":"https:\/\/www.tairuiauto.com\/pt\/wp-json\/wp\/v2\/product_brand?post=3672"},{"taxonomy":"product_cat","embeddable":true,"href":"https:\/\/www.tairuiauto.com\/pt\/wp-json\/wp\/v2\/product_cat?post=3672"},{"taxonomy":"product_tag","embeddable":true,"href":"https:\/\/www.tairuiauto.com\/pt\/wp-json\/wp\/v2\/product_tag?post=3672"}],"curies":[{"name":"wp","href":"https:\/\/api.w.org\/{rel}","templated":true}]}}